{"id":16758,"date":"2025-01-21T05:52:12","date_gmt":"2025-01-21T05:52:12","guid":{"rendered":"https:\/\/www.hydraulic-cylinders.net\/product\/arm-cylinder-for-nante-nt45\/"},"modified":"2025-01-21T05:52:17","modified_gmt":"2025-01-21T05:52:17","slug":"arm-cylinder-for-nante-nt45","status":"publish","type":"product","link":"https:\/\/www.hydraulic-cylinders.net\/tr\/urun\/arm-cylinder-for-nante-nt45\/","title":{"rendered":"Nante NT45 i\u00e7in Kol Silindiri"},"content":{"rendered":"<h1>Nante NT45 i\u00e7in Kol Silindiri<\/h1>\n<h2>girii\u015f<\/h2>\n<p>Nante NT45 Kol Silindiri, ekskavat\u00f6rler, vin\u00e7ler ve robotik kollar gibi \u00e7e\u015fitli makine kollar\u0131na do\u011frusal hareket ve g\u00fc\u00e7 sa\u011flamak \u00fczere tasarlanm\u0131\u015f \u00f6zel bir hidrolik silindirdir. Kol silindiri, hidrolik sistemlerde \u00f6nemli bir rol oynar ve ba\u011fl\u0131 aletlerin veya ata\u015fmanlar\u0131n verimli bir \u015fekilde hareket etmesini ve kontrol edilmesini sa\u011flar. Bu silindirler sadece d\u00fczg\u00fcn hareket sa\u011flamakla kalmaz, ayn\u0131 zamanda a\u011f\u0131r y\u00fcklere de dayanarak \u00e7e\u015fitli \u00e7al\u0131\u015fma ko\u015fullar\u0131nda makinelerin y\u00fcksek operasyonel verimlili\u011fini ve g\u00fcvenilirli\u011fini sa\u011flar.<\/p>\n<p><img decoding=\"async\" src=\"https:\/\/www.hydraulic-cylinders.net\/wp-content\/uploads\/2025\/01\/songte-company-2.webp\" alt=\"Kol Silindiri G\u00f6r\u00fcnt\u00fcs\u00fc\"><\/p>\n<h2>\u00d6zellikler<\/h2>\n<ul>\n<li><strong>Verimli G\u00fc\u00e7 Aktar\u0131m\u0131<\/strong>: Kol silindiri g\u00fc\u00e7l\u00fc do\u011frusal hareket ve kuvvet sa\u011flayarak, makine kolunun \u00e7e\u015fitli operasyonlarda y\u00fcksek performans g\u00f6stermesini sa\u011flar.<\/li>\n<li><strong>Hassas Kontrol<\/strong>: Hidrolik sistem sayesinde kol silindiri hassas hareket kontrol\u00fc sa\u011flayarak, ba\u011fl\u0131 tak\u0131mlar\u0131n daha esnek ve hassas \u00e7al\u0131\u015fmas\u0131n\u0131 sa\u011flar.<\/li>\n<li><strong>Dayan\u0131kl\u0131l\u0131k<\/strong>: Kol silindirleri genellikle y\u00fcksek mukavemetli malzemelerden \u00fcretilir, m\u00fckemmel a\u015f\u0131nma ve korozyon direnci sunar ve bu da onlar\u0131 zorlu ortamlarda uzun s\u00fcreli kullan\u0131ma uygun hale getirir.<\/li>\n<li><strong>\u00c7ok Y\u00f6nl\u00fc Uyarlanabilirlik<\/strong>:Bu silindirler ekskavat\u00f6rler, vin\u00e7ler ve robotik kollar gibi \u00e7e\u015fitli makine ekipmanlar\u0131na yayg\u0131n olarak uygulanabilir ve farkl\u0131 i\u015f gereksinimlerini kar\u015f\u0131lar.<\/li>\n<li><strong>Kolay Bak\u0131m<\/strong>:Kolay bak\u0131m ve de\u011fi\u015ftirme d\u00fc\u015f\u00fcn\u00fclerek tasarlanan kol silindirleri, d\u00fczenli muayene ve bak\u0131m\u0131 kolayla\u015ft\u0131rarak ekipman ar\u0131za s\u00fcresini azalt\u0131r.<\/li>\n<\/ul>\n<p><img decoding=\"async\" src=\"https:\/\/www.hydraulic-cylinders.net\/wp-content\/uploads\/2025\/01\/songte-oil-pipes-and-spare-parts.webp\" alt=\"Kol Silindiri Yedek Par\u00e7alar\u0131\"><\/p>\n<h2>Uygulamalar<\/h2>\n<p>Nante NT45 i\u00e7in Kol Silindiri \u00e7e\u015fitli end\u00fcstrilerde uygulama alan\u0131 bulmaktad\u0131r:<\/p>\n<ol>\n<li><strong>\u0130n\u015faat M\u00fchendisli\u011fi<\/strong>: Ekskavat\u00f6rlerde ve vin\u00e7lerde kol silindiri, toprak i\u015fleri, malzeme ta\u015f\u0131ma ve yap\u0131sal montaj i\u00e7in kovalar\u0131n veya bomlar\u0131n hareketini kontrol eder.<\/li>\n<li><strong>\u00dcretme<\/strong>:Otomasyonlu \u00fcretim hatlar\u0131nda kol silindiri, montaj, kaynak ve malzeme ta\u015f\u0131ma s\u00fcre\u00e7lerinde robot kollar\u0131n\u0131n hareketini kolayla\u015ft\u0131rarak \u00fcretim verimlili\u011fini ve hassasiyetini art\u0131r\u0131r.<\/li>\n<li><strong>Tar\u0131m Makinalar\u0131<\/strong>:Haz\u0131rdama ve ekim makineleri gibi tar\u0131msal ekipmanlarda kol silindiri, ekim, g\u00fcbreleme ve hasat gibi g\u00f6revler i\u00e7in operasyonel kollar\u0131n hareketini kontrol eder.<\/li>\n<li><strong>Madencilik<\/strong>: Madencilik ekipmanlar\u0131nda kol silindiri, madencilik ve malzeme ta\u015f\u0131ma ama\u00e7lar\u0131 i\u00e7in kol hareketini kontrol eder.<\/li>\n<li><strong>Lojistik ve Ta\u015f\u0131mac\u0131l\u0131k<\/strong>: Forkliftlerde ve ta\u015f\u0131ma robotlar\u0131nda kol silindiri \u00e7atallar\u0131n kald\u0131r\u0131lmas\u0131n\u0131 ve hareketini kontrol ederek malzeme ta\u015f\u0131ma ve istiflemeyi sa\u011flar.<\/li>\n<\/ol>\n<h2>Tasar\u0131m Hususlar\u0131 ve Se\u00e7im Kriterleri<\/h2>\n<p>Kol silindiri tasarlan\u0131rken birka\u00e7 temel fakt\u00f6r ve se\u00e7im kriteri dikkate al\u0131n\u0131r:<\/p>\n<ul>\n<li><strong>Y\u00fck Ta\u015f\u0131ma Kapasitesi<\/strong>: Kol silindiri, makinenin \u00f6zel y\u00fck gereksinimlerine dayanacak \u015fekilde tasarlanm\u0131\u015ft\u0131r ve g\u00fcvenli ve verimli bir \u00e7al\u0131\u015fma sa\u011flar.<\/li>\n<li><strong>S\u0131zd\u0131rmazl\u0131k Yetene\u011fi<\/strong>: Etkili s\u0131zd\u0131rmazl\u0131k sa\u011flamak i\u00e7in piston contalar\u0131 ve piston kolu contalar\u0131 gibi \u00e7e\u015fitli s\u0131zd\u0131rmazl\u0131k bile\u015fenleri kullan\u0131l\u0131r. Bu contalar, poli\u00fcretan ve nitril kau\u00e7uk gibi a\u015f\u0131nmaya dayan\u0131kl\u0131 malzemelerden \u00fcretilmi\u015ftir.<\/li>\n<li><strong>Dayan\u0131kl\u0131l\u0131k<\/strong>:Silindir g\u00f6vdesi ve di\u015fli u\u00e7 y\u00fczeyleri a\u015f\u0131nma direncini art\u0131rmak i\u00e7in hassas bir \u015fekilde i\u015flenmi\u015ftir ve uzun s\u00fcreli dayan\u0131kl\u0131l\u0131k sa\u011flar.<\/li>\n<li><strong>Emniyet<\/strong>:\u00c7al\u0131\u015fma s\u0131ras\u0131nda kaza veya ar\u0131zalar\u0131n \u00f6nlenmesi i\u00e7in g\u00fcvenlik hususlar\u0131 tasar\u0131ma entegre edilmi\u015ftir.<\/li>\n<li><strong>Bak\u0131m kolayl\u0131\u011f\u0131<\/strong>: Kol silindiri kolay bak\u0131m ve uygun hidrolik ya\u011f ile d\u00fczenli ya\u011flama i\u00e7in tasarlanm\u0131\u015ft\u0131r.<\/li>\n<\/ul>\n<p><img decoding=\"async\" src=\"https:\/\/www.hydraulic-cylinders.net\/wp-content\/uploads\/2025\/01\/songte-cylinder-head-with-all-kinds-excavator-models.webp\" alt=\"Silindir Kapa\u011f\u0131 G\u00f6r\u00fcnt\u00fcs\u00fc\"><\/p>\n<h2>S\u0131zd\u0131rmazl\u0131k ve Ya\u011flama<\/h2>\n<p>Kol silindiri, poli\u00fcretan ve nitril kau\u00e7uk gibi a\u015f\u0131nmaya dayan\u0131kl\u0131 malzemelerden yap\u0131lm\u0131\u015f piston contalar\u0131 ve piston kolu contalar\u0131 gibi \u00e7e\u015fitli contalar kullan\u0131r. Ayr\u0131ca, silindir g\u00f6vdesi ve di\u015fli u\u00e7 y\u00fczeyleri a\u015f\u0131nma direncini art\u0131rmak i\u00e7in hassas bir i\u015flemden ge\u00e7irilir. Sorunsuz \u00e7al\u0131\u015fma sa\u011flamak i\u00e7in uygun miktarda hidrolik ya\u011f ile d\u00fczenli ya\u011flama gereklidir.<\/p>\n<h2>D\u00fczenli Muayene ve \u00d6nleyici Bak\u0131m<\/h2>\n<p>En iyi performans\u0131n s\u00fcrd\u00fcr\u00fclmesi i\u00e7in, a\u015fa\u011f\u0131dakiler de dahil olmak \u00fczere d\u00fczenli denetimler ve \u00f6nleyici bak\u0131m \u00f6nlemleri al\u0131nmal\u0131d\u0131r:<\/p>\n<ol>\n<li>Contalar\u0131n durumunun kontrol edilmesi ve gerekirse de\u011fi\u015ftirilmesi.<\/li>\n<li>Silindir g\u00f6vdesi ve u\u00e7 y\u00fczeylerinin a\u015f\u0131nma veya hasar a\u00e7\u0131s\u0131ndan incelenmesi.<\/li>\n<li>Hidrolik ya\u011f seviyesinin ve kalitesinin izlenmesi, gerekti\u011finde yenilenmesi veya de\u011fi\u015ftirilmesi.<\/li>\n<li>Kontrol vanalar\u0131n\u0131n ve di\u011fer hidrolik bile\u015fenlerin d\u00fczg\u00fcn \u00e7al\u0131\u015ft\u0131\u011f\u0131n\u0131n do\u011frulanmas\u0131.<\/li>\n<li>Gev\u015fek ba\u011flant\u0131 veya ba\u011flant\u0131 par\u00e7alar\u0131n\u0131n s\u0131k\u0131lmas\u0131.<\/li>\n<\/ol>\n<h2>\u00dcr\u00fcn Kurulum K\u0131lavuzu<\/h2>\n<p>Nante NT45 Kol Silindirinin do\u011fru montaj\u0131 i\u00e7in \u015fu ad\u0131mlar\u0131 izleyin:<\/p>\n<ol>\n<li>Montaj alan\u0131n\u0131 haz\u0131rlay\u0131n ve temiz ve kal\u0131nt\u0131lardan ar\u0131nd\u0131r\u0131lm\u0131\u015f oldu\u011fundan emin olun.<\/li>\n<li>Silindiri dikkatlice istenilen yere yerle\u015ftirin.<\/li>\n<li>Uygun montaj donan\u0131m\u0131n\u0131 kullanarak silindiri g\u00fcvenli bir \u015fekilde tak\u0131n.<\/li>\n<li>Hidrolik hortumlar\u0131 veya borular\u0131 uygun ba\u011flant\u0131 par\u00e7alar\u0131 kullanarak silindire ba\u011flay\u0131n.<\/li>\n<li>Silindirin d\u00fczg\u00fcn \u00e7al\u0131\u015ft\u0131\u011f\u0131ndan emin olmak i\u00e7in \u00e7al\u0131\u015fmas\u0131n\u0131 test edin.<\/li>\n<\/ol>\n<p><img decoding=\"async\" src=\"https:\/\/www.hydraulic-cylinders.net\/wp-content\/uploads\/2025\/01\/songte-bushings-with-all-kinds-of-excavator-models.webp\" alt=\"Bur\u00e7lar G\u00f6r\u00fcnt\u00fcs\u00fc\"><\/p>\n<h2>G\u00fcvenlik Hususlar\u0131 ve \u00c7evresel Fakt\u00f6rler<\/h2>\n<p>Nante NT45 i\u00e7in Kol Silindiri ile \u00e7al\u0131\u015f\u0131rken, kazalar\u0131 veya yaralanmalar\u0131 \u00f6nlemek i\u00e7in g\u00fcvenlik \u00f6nlemlerine \u00f6ncelik vermek \u00e7ok \u00f6nemlidir. Uygun ki\u015fisel koruyucu ekipman giymek ve kullan\u0131m talimatlar\u0131na uymak gibi yeterli g\u00fcvenlik \u00f6nlemleri al\u0131nmal\u0131d\u0131r.<\/p>\n<h2>Sorun Giderme ve Yayg\u0131n Sorunlar<\/h2>\n<p>Nante NT45 i\u00e7in Kol Silindiri ile ilgili baz\u0131 yayg\u0131n sorun giderme ve sorunlar \u015funlard\u0131r:<\/p>\n<ol>\n<li>Contalardan veya ba\u011flant\u0131lardan hidrolik s\u0131v\u0131s\u0131n\u0131n s\u0131zmas\u0131.<\/li>\n<li>\u00c7al\u0131\u015fma s\u0131ras\u0131nda anormal g\u00fcr\u00fclt\u00fc veya titre\u015fim.<\/li>\n<li>Kolun yetersiz veya dengesiz hareketi.<\/li>\n<li>Belirli bir pozisyonu elinde tutamama.<\/li>\n<li>Tutarl\u0131 olmayan veya sars\u0131nt\u0131l\u0131 hareket.<\/li>\n<\/ol>\n<p>\u0130\u015fte bu sorunlar\u0131n \u00e7\u00f6z\u00fcm\u00fcne y\u00f6nelik baz\u0131 ipu\u00e7lar\u0131 ve \u00e7\u00f6z\u00fcmler:<\/p>\n<ul>\n<li>Hasarl\u0131 contalar\u0131 veya ba\u011flant\u0131lar\u0131 kontrol edin ve de\u011fi\u015ftirin.<\/li>\n<li>Gev\u015fek veya a\u015f\u0131nm\u0131\u015f par\u00e7alar\u0131 kontrol edin ve gerekirse s\u0131k\u0131n veya de\u011fi\u015ftirin.<\/li>\n<li>Hidrolik s\u0131v\u0131 seviyesinin yeterli ve do\u011fru viskozitede oldu\u011fundan emin olun.<\/li>\n<li>Kontrol vanalar\u0131n\u0131n ve di\u011fer hidrolik bile\u015fenlerin d\u00fczg\u00fcn \u00e7al\u0131\u015ft\u0131\u011f\u0131n\u0131 do\u011frulay\u0131n.<\/li>\n<li>Silindiri ve ilgili par\u00e7alar\u0131 d\u00fczenli olarak temizleyin ve ya\u011flay\u0131n.<\/li>\n<\/ul>\n<p><img decoding=\"async\" src=\"https:\/\/www.hydraulic-cylinders.net\/wp-content\/uploads\/2025\/01\/songte-chushion-collar.webp\" alt=\"Chushion Yaka G\u00f6rseli\"><\/p>\n<p>Makaleyi mant\u0131ksal olarak d\u00fczenlemeyi ve kolay gezinme i\u00e7in alt ba\u015fl\u0131klar kullanmay\u0131 unutmay\u0131n. Anla\u015f\u0131l\u0131rl\u0131\u011f\u0131 art\u0131rmak i\u00e7in ilgili g\u00f6rseller veya grafikler ekleyin. \u0130\u00e7eri\u011fin a\u00e7\u0131k, \u00f6z ve farkl\u0131 teknik bilgi seviyelerine sahip okuyucular i\u00e7in uygun oldu\u011fundan emin olun.<\/p>\n<p>Yazar: lyl<\/p>\n<p><img decoding=\"async\" src=\"https:\/\/www.hydraulic-cylinders.net\/wp-content\/uploads\/2025\/01\/songte-company-4.webp\" alt=\"\u015eirket \u0130maj\u0131\"><br \/>\n<img decoding=\"async\" src=\"https:\/\/www.hydraulic-cylinders.net\/wp-content\/uploads\/2025\/01\/songte-company-3.webp\" alt=\"\u015eirket \u0130maj\u0131\"><\/p>","protected":false},"excerpt":{"rendered":"<p>Arm Cylinder For Nante NT45 Introduction The Arm Cylinder for Nante NT45 is a specialized hydraulic cylinder designed to provide linear motion and power for various types of machinery arms, such as excavators, cranes, and robotic arms. The arm cylinder plays a crucial role in hydraulic systems, allowing for efficient movement and control of attached [&hellip;]<\/p>","protected":false},"featured_media":14783,"comment_status":"open","ping_status":"closed","template":"","meta":{"_et_pb_use_builder":"","_et_pb_old_content":"","_et_gb_content_width":""},"product_brand":[],"product_cat":[1497],"product_tag":[1498,1496],"class_list":{"0":"post-16758","1":"product","2":"type-product","3":"status-publish","4":"has-post-thumbnail","6":"product_cat-arm-cylinders","7":"product_tag-arm-cylinders","8":"product_tag-hydraulic-cylinders","10":"first","11":"instock","12":"shipping-taxable","13":"product-type-simple"},"amp_enabled":true,"_links":{"self":[{"href":"https:\/\/www.hydraulic-cylinders.net\/tr\/wp-json\/wp\/v2\/product\/16758","targetHints":{"allow":["GET"]}}],"collection":[{"href":"https:\/\/www.hydraulic-cylinders.net\/tr\/wp-json\/wp\/v2\/product"}],"about":[{"href":"https:\/\/www.hydraulic-cylinders.net\/tr\/wp-json\/wp\/v2\/types\/product"}],"replies":[{"embeddable":true,"href":"https:\/\/www.hydraulic-cylinders.net\/tr\/wp-json\/wp\/v2\/comments?post=16758"}],"wp:featuredmedia":[{"embeddable":true,"href":"https:\/\/www.hydraulic-cylinders.net\/tr\/wp-json\/wp\/v2\/media\/14783"}],"wp:attachment":[{"href":"https:\/\/www.hydraulic-cylinders.net\/tr\/wp-json\/wp\/v2\/media?parent=16758"}],"wp:term":[{"taxonomy":"product_brand","embeddable":true,"href":"https:\/\/www.hydraulic-cylinders.net\/tr\/wp-json\/wp\/v2\/product_brand?post=16758"},{"taxonomy":"product_cat","embeddable":true,"href":"https:\/\/www.hydraulic-cylinders.net\/tr\/wp-json\/wp\/v2\/product_cat?post=16758"},{"taxonomy":"product_tag","embeddable":true,"href":"https:\/\/www.hydraulic-cylinders.net\/tr\/wp-json\/wp\/v2\/product_tag?post=16758"}],"curies":[{"name":"wp","href":"https:\/\/api.w.org\/{rel}","templated":true}]}}