{"id":16764,"date":"2025-01-21T05:52:42","date_gmt":"2025-01-21T05:52:42","guid":{"rendered":"https:\/\/www.hydraulic-cylinders.net\/product\/arm-cylinder-for-yanmar-vi35-6b\/"},"modified":"2025-01-21T05:52:43","modified_gmt":"2025-01-21T05:52:43","slug":"arm-cylinder-for-yanmar-vi35-6b","status":"publish","type":"product","link":"https:\/\/www.hydraulic-cylinders.net\/tr\/urun\/arm-cylinder-for-yanmar-vi35-6b\/","title":{"rendered":"Yanmar VI35-6B i\u00e7in Kol Silindiri"},"content":{"rendered":"<h2>Yanmar VI35-6B i\u00e7in Kol Silindiri<\/h2>\n<h3>\u00dcr\u00fcn Tan\u0131m\u0131 ve A\u00e7\u0131klamas\u0131<\/h3>\n<p>Kol silindiri, ekskavat\u00f6rler, vin\u00e7ler ve mekanik kollar gibi \u00e7e\u015fitli makinelerin koluna do\u011frusal hareket ve g\u00fc\u00e7 sa\u011flamak \u00fczere tasarlanm\u0131\u015f \u00f6zel bir hidrolik silindirdir. Kol silindiri, hidrolik sistemde kritik bir rol oynayarak ek aletlerin veya ata\u015fmanlar\u0131n hareketini ve kontrol\u00fcn\u00fc sa\u011flar. Bu silindirler sadece d\u00fczg\u00fcn hareket sa\u011flamakla kalmaz, ayn\u0131 zamanda a\u011f\u0131r y\u00fckleri de ta\u015f\u0131yarak \u00e7e\u015fitli \u00e7al\u0131\u015fma ko\u015fullar\u0131nda makinelerin verimli \u00e7al\u0131\u015fmas\u0131n\u0131 ve g\u00fcvenilirli\u011fini sa\u011flar.<\/p>\n<p><img decoding=\"async\" src=\"https:\/\/www.hydraulic-cylinders.net\/wp-content\/uploads\/2025\/01\/songte-company-2.webp\" alt=\"Kol Silindiri G\u00f6r\u00fcnt\u00fcs\u00fc\"><\/p>\n<h3>\u00dcr\u00fcn \u00d6zellikleri<\/h3>\n<ul>\n<li><strong>Verimli G\u00fc\u00e7 Aktar\u0131m\u0131:<\/strong> Kol silindiri, g\u00fc\u00e7l\u00fc do\u011frusal hareket ve kuvvet sa\u011flayarak mekanik kolun \u00e7e\u015fitli i\u015flemlerdeki y\u00fcksek performans verimlili\u011fini garanti eder.<\/li>\n<li><strong>Hassas Kontrol:<\/strong> Hidrolik sistem sayesinde, kol silindiri hassas hareket kontrol\u00fc sa\u011flayarak ek aletlerin kullan\u0131m\u0131n\u0131 daha esnek ve hassas hale getirir.<\/li>\n<li><strong>Y\u00fcksek Dayan\u0131kl\u0131l\u0131k:<\/strong> Kol silindirleri genellikle y\u00fcksek mukavemetli, a\u015f\u0131nmaya ve korozyona dayan\u0131kl\u0131 malzemelerden \u00fcretilir ve zorlu ortamlarda uzun s\u00fcreli kullan\u0131ma uygundur.<\/li>\n<li><strong>\u00c7ok Fonksiyonlu Uyarlanabilirlik:<\/strong> Bu silindirler, farkl\u0131 i\u015f gereksinimlerine uyum sa\u011flamak amac\u0131yla ekskavat\u00f6rler, vin\u00e7ler ve i\u015f kollar\u0131 gibi \u00e7e\u015fitli mekanik ekipmanlarda yayg\u0131n olarak kullan\u0131labilir.<\/li>\n<li><strong>Kolay Bak\u0131m:<\/strong> Tasar\u0131mda bak\u0131m ve de\u011fi\u015ftirme kolayl\u0131\u011f\u0131 g\u00f6z \u00f6n\u00fcnde bulundurularak d\u00fczenli muayene ve bak\u0131m daha rahat hale getirilir ve ekipman ar\u0131za s\u00fcreleri azalt\u0131l\u0131r.<\/li>\n<\/ul>\n<p>Biz bu \u00fcr\u00fcn\u00fc \u00fcretebiliyoruz ve \u00fcr\u00fcn\u00fcm\u00fcz bu hidrolik silindirlerin yerini m\u00fckemmel bir \u015fekilde alabiliyor.<\/p>\n<p><img decoding=\"async\" src=\"https:\/\/www.hydraulic-cylinders.net\/wp-content\/uploads\/2025\/01\/songte-oil-pipes-and-spare-parts.webp\" alt=\"Hidrolik Silindir G\u00f6r\u00fcnt\u00fcs\u00fc\"><\/p>\n<h3>\u00dcr\u00fcn Uygulamalar\u0131<\/h3>\n<p>Kol silindiri \u00e7e\u015fitli end\u00fcstrilerde ve uygulamalarda kullan\u0131lmaktad\u0131r:<\/p>\n<ul>\n<li><strong>Yap\u0131:<\/strong> Ekskavat\u00f6rlerde ve vin\u00e7lerde kol silindiri, toprak i\u015fleri, malzeme ta\u015f\u0131ma ve yap\u0131sal montaj i\u00e7in kova veya bomun hareketini kontrol eder.<\/li>\n<li><strong>\u00dcretme:<\/strong> Otomatik \u00fcretim hatlar\u0131nda, kol silindiri, montaj, kaynak ve ta\u015f\u0131ma i\u015flemlerinde mekanik kolun hareketini kontrol ederek \u00fcretim verimlili\u011fini ve do\u011frulu\u011funu art\u0131r\u0131r.<\/li>\n<li><strong>Tar\u0131m Makinalar\u0131:<\/strong> Bi\u00e7erd\u00f6ver ve ekim makinesi gibi tar\u0131m makinelerinde kol silindiri, ekim, g\u00fcbreleme ve hasat gibi g\u00f6revleri ger\u00e7ekle\u015ftiren \u00e7al\u0131\u015fma kolunun hareketini kontrol eder.<\/li>\n<li><strong>Madencilik:<\/strong> Madencilik ekipmanlar\u0131nda, kol silindiri, cevher \u00e7\u0131karma ve ta\u015f\u0131ma i\u015flemlerinde ekipman\u0131n kol hareketini kontrol eder.<\/li>\n<li><strong>Lojistik ve Ta\u015f\u0131mac\u0131l\u0131k:<\/strong> Forkliftlerde ve ta\u015f\u0131ma robotlar\u0131nda, kol silindiri \u00e7atal\u0131n kald\u0131rma ve hareketini kontrol ederek malzeme ta\u015f\u0131ma ve istifleme i\u015flemlerini ger\u00e7ekle\u015ftirir.<\/li>\n<\/ul>\n<h3>\u00dcr\u00fcn Tasar\u0131m Hususlar\u0131 ve Se\u00e7im Kriterleri<\/h3>\n<p>Tasar\u0131m a\u00e7\u0131s\u0131ndan bak\u0131ld\u0131\u011f\u0131nda, kol silindirinin ta\u015f\u0131ma kapasitesi, s\u0131zd\u0131rmazl\u0131\u011f\u0131, dayan\u0131kl\u0131l\u0131\u011f\u0131, g\u00fcvenli\u011fi ve bak\u0131m kolayl\u0131\u011f\u0131 temel hususlard\u0131r:<\/p>\n<ul>\n<li><strong>Ta\u015f\u0131ma Kapasitesi:<\/strong> Kol silindiri, gerekli y\u00fck kapasitesine dayanmal\u0131 ve istikrarl\u0131 ve g\u00fcvenilir bir \u00e7al\u0131\u015fma sa\u011flamal\u0131d\u0131r.<\/li>\n<li><strong>S\u0131zd\u0131rmazl\u0131k:<\/strong> Ya\u011f s\u0131z\u0131nt\u0131s\u0131n\u0131 \u00f6nlemek ve sistemin s\u0131zd\u0131rmazl\u0131k performans\u0131n\u0131 garanti alt\u0131na almak i\u00e7in piston contalar\u0131 ve mil contalar\u0131 gibi \u00e7e\u015fitli s\u0131zd\u0131rmazl\u0131k bile\u015fenleri kullan\u0131lmal\u0131d\u0131r.<\/li>\n<li><strong>Dayan\u0131kl\u0131l\u0131k:<\/strong> Kol silindirinin malzemeleri ve y\u00fczey i\u015flemi, zorlu ortamlarda uzun s\u00fcreli \u00e7al\u0131\u015fmay\u0131 sa\u011flamak i\u00e7in y\u00fcksek a\u015f\u0131nma ve korozyon direnci \u00f6zelliklerine sahip olmal\u0131d\u0131r.<\/li>\n<li><strong>Emniyet:<\/strong> Kol silindirinin tasar\u0131m\u0131, a\u015f\u0131r\u0131 y\u00fcklenmeyi \u00f6nleme, dengeyi sa\u011flama ve ya\u011f s\u0131z\u0131nt\u0131s\u0131n\u0131 engelleme gibi ilgili g\u00fcvenlik standartlar\u0131n\u0131 kar\u015f\u0131lamal\u0131d\u0131r.<\/li>\n<li><strong>Bak\u0131m kolayl\u0131\u011f\u0131:<\/strong> Kol silindirinin tasar\u0131m\u0131nda, bak\u0131m ve de\u011fi\u015ftirme kolayl\u0131\u011f\u0131 g\u00f6z \u00f6n\u00fcnde bulundurulmal\u0131, b\u00f6ylece ekipman ar\u0131za s\u00fcresi ve bak\u0131m maliyetleri azalt\u0131lmal\u0131d\u0131r.<\/li>\n<\/ul>\n<p><img decoding=\"async\" src=\"https:\/\/www.hydraulic-cylinders.net\/wp-content\/uploads\/2025\/01\/songte-cylinder-head-with-all-kinds-excavator-models.webp\" alt=\"Hidrolik Silindir G\u00f6r\u00fcnt\u00fcs\u00fc\"><\/p>\n<h3>\u00dcr\u00fcn S\u0131zd\u0131rmazl\u0131\u011f\u0131 ve Ya\u011flama<\/h3>\n<p>Piston contalar\u0131 ve mil contalar\u0131 gibi \u00e7e\u015fitli s\u0131zd\u0131rmazl\u0131k bile\u015fenleri, ya\u011f s\u0131z\u0131nt\u0131s\u0131n\u0131 \u00f6nlemek ve sistemin s\u0131zd\u0131rmazl\u0131k performans\u0131n\u0131 garanti etmek i\u00e7in kullan\u0131lmal\u0131d\u0131r. S\u0131zd\u0131rmazl\u0131k bile\u015fenleri, poli\u00fcretan ve nitril kau\u00e7uk gibi a\u015f\u0131nmaya dayan\u0131kl\u0131 malzemelerden yap\u0131labilir. Silindir g\u00f6vdesi ve di\u015fli u\u00e7 y\u00fczeyi, a\u015f\u0131nma direncini art\u0131rmak i\u00e7in ince i\u015fleme tabi tutulur. Sorunsuz ve g\u00fcvenilir \u00e7al\u0131\u015fma sa\u011flamak i\u00e7in uygun hidrolik ya\u011f ile d\u00fczenli ya\u011flama gereklidir.<\/p>\n<p><img decoding=\"async\" src=\"https:\/\/www.hydraulic-cylinders.net\/wp-content\/uploads\/2025\/01\/songte-chushion-collar.webp\" alt=\"Hidrolik Silindir G\u00f6r\u00fcnt\u00fcs\u00fc\"><\/p>\n<h3>\u00d6nleyici Bak\u0131m ve Sorun Giderme<\/h3>\n<p>Kol silindirinin g\u00fcvenilir \u00e7al\u0131\u015fmas\u0131n\u0131 sa\u011flamak ve olas\u0131 ar\u0131zalar\u0131 \u00f6nlemek i\u00e7in d\u00fczenli kontrol ve \u00f6nleyici bak\u0131m \u00e7ok \u00f6nemlidir. Yayg\u0131n sorun giderme ve bak\u0131m ipu\u00e7lar\u0131ndan baz\u0131lar\u0131 \u015funlard\u0131r:<\/p>\n<ul>\n<li>D\u00fczenli olarak ya\u011f s\u0131z\u0131nt\u0131s\u0131 olup olmad\u0131\u011f\u0131n\u0131 kontrol edin ve a\u015f\u0131nm\u0131\u015f veya hasar g\u00f6rm\u00fc\u015f contalar\u0131 ve par\u00e7alar\u0131 de\u011fi\u015ftirin.<\/li>\n<li>Kirlenmeyi ve a\u015f\u0131nmay\u0131 \u00f6nlemek i\u00e7in silindiri ve di\u015fli y\u00fczeyleri d\u00fczenli olarak temizleyin.<\/li>\n<li>A\u015f\u0131r\u0131 y\u00fcklenmeyi \u00f6nlemek i\u00e7in bas\u0131nc\u0131 d\u00fczenli olarak kontrol edin ve sistem gereksinimlerine g\u00f6re ayarlay\u0131n.<\/li>\n<li>Silindirin ba\u011flant\u0131 c\u0131vatalar\u0131n\u0131 kontrol edin ve gerekirse sa\u011flaml\u0131\u011f\u0131 sa\u011flamak i\u00e7in s\u0131k\u0131n.<\/li>\n<\/ul>\n<h3>Kurulum K\u0131lavuzu<\/h3>\n<p>Kol silindirinin montaj\u0131 i\u00e7in a\u015fa\u011f\u0131daki ad\u0131mlar izlenebilir:<\/p>\n<ol>\n<li>Hidrolik sistemin d\u00fczg\u00fcn bir \u015fekilde bo\u015falt\u0131ld\u0131\u011f\u0131ndan ve bas\u0131nc\u0131n\u0131n d\u00fc\u015f\u00fcr\u00fcld\u00fc\u011f\u00fcnden emin olun.<\/li>\n<li>Silindiri, uygun montaj donan\u0131m\u0131n\u0131 kullanarak kola veya di\u011fer montaj noktalar\u0131na tak\u0131n ve \u00fcreticinin belirtti\u011fi tork de\u011ferlerine g\u00f6re s\u0131k\u0131n.<\/li>\n<li>Hidrolik hortumlar\u0131 ve ba\u011flant\u0131 par\u00e7alar\u0131n\u0131 tak\u0131n ve do\u011fru \u015fekilde ba\u011flan\u0131p s\u0131k\u0131ld\u0131\u011f\u0131ndan emin olun.<\/li>\n<li>Hidrolik sisteme \u00f6nerilen hidrolik ya\u011f\u0131 doldurun ve sistemdeki havay\u0131 bo\u015falt\u0131n.<\/li>\n<li>Silindirin hareketini kontrol edin ve sistem gereksinimlerine g\u00f6re bas\u0131nc\u0131 ve ak\u0131\u015f h\u0131z\u0131n\u0131 ayarlay\u0131n.<\/li>\n<\/ol>\n<p><img decoding=\"async\" src=\"https:\/\/www.hydraulic-cylinders.net\/wp-content\/uploads\/2025\/01\/songte-bushings-with-all-kinds-of-excavator-models.webp\" alt=\"Hidrolik Silindir G\u00f6r\u00fcnt\u00fcs\u00fc\"><\/p>\n<h3>\u00dcr\u00fcn G\u00fcvenli\u011fi Hususlar\u0131 ve \u00c7evresel Fakt\u00f6rler<\/h3>\n<p>Kol silindirinin kullan\u0131m\u0131 ve \u00e7al\u0131\u015ft\u0131r\u0131lmas\u0131 s\u0131ras\u0131nda ki\u015fisel yaralanmalar\u0131 ve ekipman hasar\u0131n\u0131 \u00f6nlemek i\u00e7in uygun g\u00fcvenlik \u00f6nlemleri al\u0131nmal\u0131d\u0131r. Baz\u0131 \u00f6nemli g\u00fcvenlik \u00f6nlemleri \u015funlard\u0131r:<\/p>\n<ul>\n<li>A\u015f\u0131r\u0131 y\u00fcklenmeyi \u00f6nlemek i\u00e7in hidrolik sistem bas\u0131nc\u0131n\u0131n \u00f6nerilen aral\u0131kta oldu\u011fundan emin olun.<\/li>\n<li>Hidrolik silindiri kullan\u0131rken eldiven ve g\u00f6z koruyucu gibi uygun ki\u015fisel koruyucu ekipmanlar\u0131 kullan\u0131n.<\/li>\n<li>Ya\u011f s\u0131z\u0131nt\u0131s\u0131n\u0131 ve \u00e7evresel kirlenmeyi \u00f6nlemek i\u00e7in hidrolik sistemin contalar\u0131n\u0131n ve bile\u015fenlerinin sa\u011flam ve hasars\u0131z oldu\u011fundan emin olun.<\/li>\n<\/ul>\n<h3>Yayg\u0131n Sorunlar ve Sorun Giderme<\/h3>\n<p>Kol silindirinde ortaya \u00e7\u0131kabilecek baz\u0131 yayg\u0131n sorunlar aras\u0131nda ya\u011f s\u0131z\u0131nt\u0131s\u0131, yetersiz g\u00fc\u00e7 ve dengesiz hareket yer almaktad\u0131r. Bu sorunlar\u0131 gidermek i\u00e7in a\u015fa\u011f\u0131daki ad\u0131mlar izlenebilir:<\/p>\n<ul>\n<li>Silindirin contalar\u0131n\u0131 ve bile\u015fenlerini kontrol edin ve hasarl\u0131ysa de\u011fi\u015ftirin.<\/li>\n<li>Hidrolik sistemin bas\u0131nc\u0131n\u0131 kontrol edin ve gerekirse ayarlay\u0131n.<\/li>\n<li>Silindirin montaj donan\u0131m\u0131n\u0131 kontrol edin ve gerekirse s\u0131k\u0131n.<\/li>\n<li>Hidrolik hortumlar\u0131 ve ba\u011flant\u0131 par\u00e7alar\u0131n\u0131 s\u0131z\u0131nt\u0131 veya hasar a\u00e7\u0131s\u0131ndan kontrol edin.<\/li>\n<\/ul>\n<p>D\u00fczenli bak\u0131m ve denetim gibi \u00f6nleyici tedbirler, bu sorunlar\u0131n ortaya \u00e7\u0131kma olas\u0131l\u0131\u011f\u0131n\u0131 azaltmaya yard\u0131mc\u0131 olabilir.<\/p>\n<p><img decoding=\"async\" src=\"https:\/\/www.hydraulic-cylinders.net\/wp-content\/uploads\/2025\/01\/songte-company-4.webp\" alt=\"Hidrolik Silindir G\u00f6r\u00fcnt\u00fcs\u00fc\"><\/p>\n<h3>Hakk\u0131m\u0131zda<\/h3>\n<p>Geni\u015f \u00fcr\u00fcn yelpazesine sahip profesyonel bir hidrolik silindir yedek par\u00e7a \u00fcreticisiyiz ve hem yurt i\u00e7i hem de yurt d\u0131\u015f\u0131 pazarlarda \u00f6nde gelen hidrolik silindir \u00fcreticilerinden ve toptanc\u0131lar\u0131ndan biri haline geldik. Her zaman m\u00fckemmel kalite ilkesine ba\u011fl\u0131 kalarak, geli\u015fmi\u015f \u00fcretim at\u00f6lyesinin end\u00fcstriyel \u00fcretim y\u00f6netim stratejisine dayanarak, teknik seviyemizi ve \u00fcretim verimlili\u011fimizi s\u00fcrekli olarak geli\u015ftiriyoruz. Y\u00fcksek teknoloji \u00fcr\u00fcn\u00fc dijital \u00fcretim ekipmanlar\u0131 ve profesyonel denetim sistemleri kullanarak, \u00fcretim platformunu optimize ediyor, \u00fcr\u00fcn kalite kontrol s\u00fcrecini m\u00fckemmelle\u015ftiriyor ve g\u00fc\u00e7l\u00fc inovasyon yeteneklerine sahibiz. Amac\u0131m\u0131z, y\u00fcksek verimlilik, hassasiyet ve y\u00fcksek kalite ilkeleriyle m\u00fc\u015fterilerin \u00e7e\u015fitli ihtiya\u00e7lar\u0131n\u0131 kar\u015f\u0131lamakt\u0131r.<\/p>\n<h3>Hizmetlerimiz<\/h3>\n<ul>\n<li><strong>Profesyonellik:<\/strong> M\u00fc\u015fterilerimizin \u00f6zel ihtiya\u00e7lar\u0131na y\u00f6nelik teknik destek ve \u00e7\u00f6z\u00fcmler sunmak \u00fczere profesyonel ve deneyimli m\u00fchendislerden olu\u015fan bir ekibimiz var.<\/li>\n<li><strong>Uluslararas\u0131 Sertifikasyon:<\/strong> \u00dcr\u00fcn kalitesi ve g\u00fcvenli\u011fini sa\u011flamak amac\u0131yla ISO9001, CE ve SGS gibi \u00e7e\u015fitli uluslararas\u0131 sertifikalar ald\u0131k.<\/li>\n<li><strong>\u00d6zelle\u015ftirme:<\/strong> M\u00fc\u015fterilerimizin \u00f6zel gereksinimlerine g\u00f6re \u00fcr\u00fcnleri \u00f6zelle\u015ftirebilir ve \u00e7e\u015fitli ihtiya\u00e7lar\u0131n\u0131 kar\u015f\u0131layacak \u00f6zel \u00e7\u00f6z\u00fcmler sunabiliriz.<\/li>\n<li><strong>\u00dcretim Ekipmanlar\u0131:<\/strong> \u00dcr\u00fcnlerimizin y\u00fcksek hassasiyetini ve kalitesini sa\u011flamak i\u00e7in CNC i\u015fleme merkezleri, hassas ta\u015flama makineleri ve otomatik kaynak makineleri de dahil olmak \u00fczere geli\u015fmi\u015f \u00fcretim ekipmanlar\u0131na sahibiz.<\/li>\n<li><strong>Sat\u0131\u015f Sonras\u0131 Hizmet:<\/strong> \u00dcr\u00fcn kullan\u0131m\u0131 s\u0131ras\u0131nda kar\u015f\u0131la\u015f\u0131lan sorunlar\u0131n \u00e7\u00f6z\u00fclmesine yard\u0131mc\u0131 olmak i\u00e7in m\u00fc\u015fterilerimize zaman\u0131nda ve etkili sat\u0131\u015f sonras\u0131 hizmet sunuyoruz.<\/li>\n<\/ul>\n<p><img decoding=\"async\" src=\"https:\/\/www.hydraulic-cylinders.net\/wp-content\/uploads\/2025\/01\/songte-company-3.webp\" alt=\"Hidrolik Silindir G\u00f6r\u00fcnt\u00fcs\u00fc\"><\/p>\n<p>Yazar: lyl<\/p>","protected":false},"excerpt":{"rendered":"<p>Arm Cylinder For Yanmar VI35-6B Product Definition and Explanation The arm cylinder is a specialized hydraulic cylinder designed to provide linear motion and power for the arm of various machinery, such as excavators, cranes, and mechanical arms. The arm cylinder plays a critical role in the hydraulic system, enabling the movement and control of additional [&hellip;]<\/p>","protected":false},"featured_media":14766,"comment_status":"open","ping_status":"closed","template":"","meta":{"_et_pb_use_builder":"","_et_pb_old_content":"","_et_gb_content_width":""},"product_brand":[],"product_cat":[1497],"product_tag":[1498,1496],"class_list":{"0":"post-16764","1":"product","2":"type-product","3":"status-publish","4":"has-post-thumbnail","6":"product_cat-arm-cylinders","7":"product_tag-arm-cylinders","8":"product_tag-hydraulic-cylinders","10":"first","11":"instock","12":"shipping-taxable","13":"product-type-simple"},"amp_enabled":true,"_links":{"self":[{"href":"https:\/\/www.hydraulic-cylinders.net\/tr\/wp-json\/wp\/v2\/product\/16764","targetHints":{"allow":["GET"]}}],"collection":[{"href":"https:\/\/www.hydraulic-cylinders.net\/tr\/wp-json\/wp\/v2\/product"}],"about":[{"href":"https:\/\/www.hydraulic-cylinders.net\/tr\/wp-json\/wp\/v2\/types\/product"}],"replies":[{"embeddable":true,"href":"https:\/\/www.hydraulic-cylinders.net\/tr\/wp-json\/wp\/v2\/comments?post=16764"}],"wp:featuredmedia":[{"embeddable":true,"href":"https:\/\/www.hydraulic-cylinders.net\/tr\/wp-json\/wp\/v2\/media\/14766"}],"wp:attachment":[{"href":"https:\/\/www.hydraulic-cylinders.net\/tr\/wp-json\/wp\/v2\/media?parent=16764"}],"wp:term":[{"taxonomy":"product_brand","embeddable":true,"href":"https:\/\/www.hydraulic-cylinders.net\/tr\/wp-json\/wp\/v2\/product_brand?post=16764"},{"taxonomy":"product_cat","embeddable":true,"href":"https:\/\/www.hydraulic-cylinders.net\/tr\/wp-json\/wp\/v2\/product_cat?post=16764"},{"taxonomy":"product_tag","embeddable":true,"href":"https:\/\/www.hydraulic-cylinders.net\/tr\/wp-json\/wp\/v2\/product_tag?post=16764"}],"curies":[{"name":"wp","href":"https:\/\/api.w.org\/{rel}","templated":true}]}}