{"id":16768,"date":"2025-01-21T05:52:57","date_gmt":"2025-01-21T05:52:57","guid":{"rendered":"https:\/\/www.hydraulic-cylinders.net\/product\/arm-cylinder-for-yanmar-vi35-5b\/"},"modified":"2025-01-21T05:52:59","modified_gmt":"2025-01-21T05:52:59","slug":"arm-cylinder-for-yanmar-vi35-5b","status":"publish","type":"product","link":"https:\/\/www.hydraulic-cylinders.net\/tr\/urun\/arm-cylinder-for-yanmar-vi35-5b\/","title":{"rendered":"Yanmar VI35-5B i\u00e7in Kol Silindiri"},"content":{"rendered":"<h1>Yanmar VI35-5B i\u00e7in Kol Silindiri<\/h1>\n<h2>girii\u015f<\/h2>\n<p>Kol silindiri, ekskavat\u00f6rler, vin\u00e7ler ve robot kollar\u0131 gibi \u00e7e\u015fitli makinelerin koluna do\u011frusal hareket ve g\u00fc\u00e7 sa\u011flayan \u00f6zel olarak tasarlanm\u0131\u015f bir hidrolik silindirdir. Kol silindiri, hidrolik sistemlerde hayati bir rol oynayarak ek aletlerin veya ata\u015fmanlar\u0131n etkili hareketini ve kontrol\u00fcn\u00fc sa\u011flar. Bu silindirler sadece d\u00fczg\u00fcn hareket sa\u011flamakla kalmaz, ayn\u0131 zamanda a\u011f\u0131r y\u00fckleri de ta\u015f\u0131yarak \u00e7e\u015fitli \u00e7al\u0131\u015fma ko\u015fullar\u0131 alt\u0131nda makinelerin y\u00fcksek verimlili\u011fini ve g\u00fcvenilirli\u011fini garanti eder.<\/p>\n<p><img decoding=\"async\" src=\"https:\/\/www.hydraulic-cylinders.net\/wp-content\/uploads\/2025\/01\/songte-company-2.webp\" alt=\"Kol Silindiri G\u00f6r\u00fcnt\u00fcs\u00fc\"><\/p>\n<h2>\u00d6zellikler<\/h2>\n<ul>\n<li><strong>Y\u00fcksek Verimli \u015eanz\u0131man:<\/strong> Kol silindiri g\u00fc\u00e7l\u00fc do\u011frusal hareket ve kuvvet sa\u011flayarak mekanik kolun \u00e7e\u015fitli i\u015flemlerde verimli performans g\u00f6stermesini sa\u011flar.<\/li>\n<li><strong>Hassas Kontrol:<\/strong> Hidrolik sistem sayesinde, kol silindiri hassas hareket kontrol\u00fc sa\u011flayarak, tak\u0131l\u0131 aletlerin \u00e7al\u0131\u015fmas\u0131n\u0131 daha esnek ve do\u011fru hale getirir.<\/li>\n<li><strong>Dayan\u0131kl\u0131l\u0131k:<\/strong> Kol silindirleri genellikle y\u00fcksek mukavemetli malzemelerden yap\u0131l\u0131r, m\u00fckemmel a\u015f\u0131nma ve korozyon direnci sunar ve bu da onlar\u0131 zorlu ortamlarda uzun s\u00fcreli kullan\u0131ma uygun hale getirir.<\/li>\n<li><strong>\u00c7ok Fonksiyonlu Uyarlanabilirlik:<\/strong> Bu silindirler, ekskavat\u00f6rler, vin\u00e7ler ve robotik kollar gibi \u00e7e\u015fitli makinelerde yayg\u0131n olarak kullan\u0131labilir ve farkl\u0131 i\u015f gereksinimlerine uyum sa\u011flayabilir.<\/li>\n<li><strong>Kolay Bak\u0131m:<\/strong> Kol silindirinin tasar\u0131m\u0131, bak\u0131m ve de\u011fi\u015ftirme kolayl\u0131\u011f\u0131n\u0131 g\u00f6z \u00f6n\u00fcnde bulundurarak d\u00fczenli inceleme ve bak\u0131m\u0131 kolayla\u015ft\u0131r\u0131r ve ekipman ar\u0131za s\u00fcresini azalt\u0131r.<\/li>\n<\/ul>\n<p><img decoding=\"async\" src=\"https:\/\/www.hydraulic-cylinders.net\/wp-content\/uploads\/2025\/01\/songte-oil-pipes-and-spare-parts.webp\" alt=\"Kol Silindiri Yedek Par\u00e7a G\u00f6rseli\"><\/p>\n<h2>Uygulamalar<\/h2>\n<p>Kol silindiri \u00e7e\u015fitli end\u00fcstrilerde uygulama alan\u0131 bulmaktad\u0131r:<\/p>\n<ol>\n<li><strong>\u0130n\u015faat M\u00fchendisli\u011fi:<\/strong> Ekskavat\u00f6rlerde ve vin\u00e7lerde kol silindiri, kova veya bomun hareketini kontrol ederek toprak hareketlerini, malzeme ta\u015f\u0131may\u0131 ve yap\u0131sal montaj\u0131 kolayla\u015ft\u0131r\u0131r.<\/li>\n<li><strong>\u00dcretim Sanayi:<\/strong> Otomatik \u00fcretim hatlar\u0131nda, robot kollar\u0131n\u0131n hareketini sa\u011flamak i\u00e7in kol silindiri kullan\u0131l\u0131r; bu sayede montaj, kaynak ve malzeme ta\u015f\u0131ma i\u015flemleri ger\u00e7ekle\u015ftirilerek \u00fcretim verimlili\u011fi ve do\u011frulu\u011fu art\u0131r\u0131l\u0131r.<\/li>\n<li><strong>Tar\u0131m Makinalar\u0131:<\/strong> Bi\u00e7erd\u00f6ver ve tohum ekme makinesi gibi tar\u0131m ekipmanlar\u0131nda, kol silindiri, tohum ekme, g\u00fcbreleme ve hasat gibi g\u00f6revleri yerine getiren \u00e7al\u0131\u015fma kolunun hareketini kontrol eder.<\/li>\n<li><strong>Madencilik:<\/strong> Madencilik ekipmanlar\u0131nda kol silindiri, madencilik makinelerinin kol hareketini kontrol ederek cevherin \u00e7\u0131kar\u0131lmas\u0131n\u0131 ve ta\u015f\u0131nmas\u0131n\u0131 kolayla\u015ft\u0131r\u0131r.<\/li>\n<li><strong>Lojistik ve Ta\u015f\u0131mac\u0131l\u0131k:<\/strong> Forkliftlerde ve ta\u015f\u0131ma robotlar\u0131nda kol silindiri \u00e7atallar\u0131n kald\u0131r\u0131lmas\u0131n\u0131 ve hareketini kontrol ederek malzeme ta\u015f\u0131ma ve istiflemeyi sa\u011flar.<\/li>\n<\/ol>\n<h2>Tasar\u0131m Hususlar\u0131 ve Se\u00e7im Kriterleri<\/h2>\n<ul>\n<li><strong>Ta\u015f\u0131ma Kapasitesi:<\/strong> Kol silindirinin tasar\u0131m\u0131, a\u011f\u0131r y\u00fckleri ta\u015f\u0131ma kapasitesini dikkate almaktad\u0131r.<\/li>\n<li><strong>S\u0131zd\u0131rmazl\u0131k:<\/strong> Poli\u00fcretan ve nitril kau\u00e7uk gibi a\u015f\u0131nmaya dayan\u0131kl\u0131 malzemelerden \u00fcretilen piston contalar\u0131 ve mil contalar\u0131 gibi \u00e7e\u015fitli s\u0131zd\u0131rmazl\u0131k bile\u015fenleri, etkili bir s\u0131zd\u0131rmazl\u0131k performans\u0131 sa\u011flar.<\/li>\n<li><strong>Dayan\u0131kl\u0131l\u0131k:<\/strong> Silindir g\u00f6vdesi ve di\u015fli u\u00e7 y\u00fczeyleri, a\u015f\u0131nma direncini art\u0131rmak i\u00e7in hassas bir i\u015flemden ge\u00e7irilmektedir.<\/li>\n<li><strong>Emniyet:<\/strong> Tasar\u0131m s\u00fcrecine, anahtar kelimelerin g\u00fcvenli bir \u015fekilde kullan\u0131lmas\u0131n\u0131n \u00f6nemi g\u00f6z \u00f6n\u00fcnde bulundurularak g\u00fcvenlik \u00f6nlemleri dahil edilmi\u015ftir.<\/li>\n<li><strong>Bak\u0131m kolayl\u0131\u011f\u0131:<\/strong> En iyi performans i\u00e7in uygun hidrolik ya\u011f ile d\u00fczenli ya\u011flama gereklidir.<\/li>\n<\/ul>\n<p><img decoding=\"async\" src=\"https:\/\/www.hydraulic-cylinders.net\/wp-content\/uploads\/2025\/01\/songte-cylinder-head-with-all-kinds-excavator-models.webp\" alt=\"Silindir Kapa\u011f\u0131 G\u00f6r\u00fcnt\u00fcs\u00fc\"><\/p>\n<h2>D\u00fczenli Muayene ve \u00d6nleyici Bak\u0131m<\/h2>\n<ul>\n<li>A\u015f\u0131nma, s\u0131z\u0131nt\u0131 veya hasar belirtileri olup olmad\u0131\u011f\u0131n\u0131 kontrol etmek i\u00e7in d\u00fczenli incelemeler yap\u0131n.<\/li>\n<li>T\u00fcm hareketli par\u00e7alar\u0131n uygun \u015fekilde ya\u011fland\u0131\u011f\u0131ndan emin olun.<\/li>\n<li>Gev\u015fek ba\u011flant\u0131lar\u0131 s\u0131k\u0131n.<\/li>\n<li>A\u015f\u0131nm\u0131\u015f contalar\u0131 veya bile\u015fenleri derhal de\u011fi\u015ftirin.<\/li>\n<li>Bak\u0131m aral\u0131klar\u0131 ve prosed\u00fcrleri i\u00e7in \u00fcreticinin \u00f6nerilerine uyun.<\/li>\n<\/ul>\n<h2>\u00dcr\u00fcn Kurulum K\u0131lavuzu<\/h2>\n<p>Kol silindirinin do\u011fru \u015fekilde tak\u0131lmas\u0131 i\u00e7in \u015fu ad\u0131mlar\u0131 izleyin:<\/p>\n<ol>\n<li>Makinenin kapat\u0131ld\u0131\u011f\u0131ndan ve t\u00fcm hidrolik bas\u0131nc\u0131n bo\u015falt\u0131ld\u0131\u011f\u0131ndan emin olun.<\/li>\n<li>Kol silindirini belirlenen montaj yerine yerle\u015ftirin.<\/li>\n<li>Silindiri uygun c\u0131vata ve ba\u011flant\u0131 par\u00e7alar\u0131 kullanarak g\u00fcvenli bir \u015fekilde sabitleyin.<\/li>\n<li>Hidrolik hortumlar\u0131 ba\u011flay\u0131n ve do\u011fru hizalamay\u0131 sa\u011flay\u0131n.<\/li>\n<li>Silindirin i\u015flevselli\u011fini test edin ve herhangi bir s\u0131z\u0131nt\u0131 olup olmad\u0131\u011f\u0131n\u0131 kontrol edin.<\/li>\n<\/ol>\n<p><img decoding=\"async\" src=\"https:\/\/www.hydraulic-cylinders.net\/wp-content\/uploads\/2025\/01\/songte-bushings-with-all-kinds-of-excavator-models.webp\" alt=\"Bur\u00e7lar G\u00f6r\u00fcnt\u00fcs\u00fc\"><\/p>\n<h2>G\u00fcvenlik Hususlar\u0131 ve \u00c7evresel Fakt\u00f6rler<\/h2>\n<p>Anahtar kelimeler kullan\u0131l\u0131rken, kazalar\u0131 \u00f6nlemek ve g\u00fcvenli bir \u00e7al\u0131\u015fma ortam\u0131 sa\u011flamak i\u00e7in g\u00fcvenlik \u00f6nlemlerine \u00f6ncelik vermek \u00e7ok \u00f6nemlidir. Uygun e\u011fitim, g\u00fcvenlik y\u00f6nergelerine uyma ve ki\u015fisel koruyucu ekipman (KKD) kullan\u0131m\u0131 hayati \u00f6nem ta\u015f\u0131r.<\/p>\n<h2>Sorun Giderme ve Yayg\u0131n Sorunlar<\/h2>\n<p>Kol silindirinde s\u0131k kar\u015f\u0131la\u015f\u0131lan baz\u0131 sorunlar ve olas\u0131 \u00e7\u00f6z\u00fcmleri \u015funlard\u0131r:<\/p>\n<ul>\n<li><strong>S\u0131z\u0131nt\u0131:<\/strong> Hasarl\u0131 contalar\u0131 veya ba\u011flant\u0131lar\u0131 kontrol edin ve gerekirse de\u011fi\u015ftirin.<\/li>\n<li><strong>Yava\u015f veya Tutarl\u0131 Olmayan Hareket:<\/strong> T\u0131kan\u0131kl\u0131klar\u0131, yetersiz ya\u011flamay\u0131 veya a\u015f\u0131nm\u0131\u015f par\u00e7alar\u0131 kontrol edin ve buna g\u00f6re i\u015flem yap\u0131n.<\/li>\n<li><strong>G\u00fcr\u00fclt\u00fc veya Titre\u015fim:<\/strong> Gev\u015fek ba\u011flant\u0131lar\u0131 veya hizalama sorunlar\u0131n\u0131 kontrol edin ve gerekli ayarlamalar\u0131 veya s\u0131k\u0131\u015ft\u0131rmalar\u0131 yap\u0131n.<\/li>\n<\/ul>\n<p><img decoding=\"async\" src=\"https:\/\/www.hydraulic-cylinders.net\/wp-content\/uploads\/2025\/01\/songte-chushion-collar.webp\" alt=\"Chushion Yaka G\u00f6rseli\"><\/p>\n<p>Makaleyi mant\u0131kl\u0131 bir \u015fekilde d\u00fczenlemeyi, kolay gezinme i\u00e7in alt ba\u015fl\u0131klar kullanmay\u0131, daha iyi anla\u015f\u0131lmas\u0131 i\u00e7in ilgili g\u00f6rseller veya grafikler eklemeyi ve i\u00e7eri\u011fin a\u00e7\u0131k, \u00f6zl\u00fc ve farkl\u0131 teknik bilgi seviyelerine sahip okuyucular i\u00e7in uygun olmas\u0131n\u0131 sa\u011flamay\u0131 unutmay\u0131n.<\/p>\n<p>Yazar: lyl<\/p>\n<h2>\u015eirketimiz Hakk\u0131nda<\/h2>\n<p>Hidrolik silindir yedek par\u00e7alar\u0131 konusunda uzmanla\u015fm\u0131\u015f profesyonel bir \u00fcreticiyiz. Geni\u015f \u00fcr\u00fcn yelpazemizle, hem yurt i\u00e7i hem de uluslararas\u0131 pazarlarda \u00f6nde gelen \u00fcretici ve toptanc\u0131lardan biri haline geldik. M\u00fckemmellik ilkesini benimseyerek, teknik uzmanl\u0131\u011f\u0131m\u0131z\u0131 ve \u00fcretim verimlili\u011fimizi s\u00fcrekli olarak geli\u015ftiriyoruz.<\/p>\n<p><img decoding=\"async\" src=\"https:\/\/www.hydraulic-cylinders.net\/wp-content\/uploads\/2025\/01\/songte-company-4.webp\" alt=\"\u015eirket \u0130maj\u0131\"><br \/>\n<img decoding=\"async\" src=\"https:\/\/www.hydraulic-cylinders.net\/wp-content\/uploads\/2025\/01\/songte-company-3.webp\" alt=\"\u015eirket \u0130maj\u0131\"><\/p>\n<p>Biz \u015funlar\u0131 sa\u011fl\u0131yoruz:<\/p>\n<ul>\n<li><strong>Profesyonellik:<\/strong> Ekibimiz, hidrolik silindirler alan\u0131nda uzman ki\u015filerden olu\u015fmakta olup, y\u00fcksek kaliteli \u00fcr\u00fcn ve hizmetler sunmaktad\u0131r.<\/li>\n<li><strong>Uluslararas\u0131 Sertifikasyon:<\/strong> K\u00fcresel standartlara uyma konusundaki kararl\u0131l\u0131\u011f\u0131m\u0131z\u0131 g\u00f6steren \u00e7e\u015fitli uluslararas\u0131 sertifikalar ald\u0131k.<\/li>\n<li><strong>\u00d6zelle\u015ftirme Hizmetleri:<\/strong> M\u00fc\u015fterilerimizin \u00f6zel ihtiya\u00e7lar\u0131n\u0131 kar\u015f\u0131lamak i\u00e7in \u00f6zelle\u015ftirilmi\u015f \u00e7\u00f6z\u00fcmler sunuyoruz.<\/li>\n<li><strong>Geli\u015fmi\u015f \u00dcretim Ekipmanlar\u0131:<\/strong> En son teknolojiye sahip dijital \u00fcretim ekipmanlar\u0131 ve profesyonel test sistemleri kullan\u0131yoruz.<\/li>\n<li><strong>Sat\u0131\u015f Sonras\u0131 Hizmet:<\/strong> M\u00fc\u015fteri memnuniyetini sa\u011flamak i\u00e7in kapsaml\u0131 sat\u0131\u015f sonras\u0131 destek hizmeti sunuyoruz.<\/li>\n<\/ul>\n<p>Verimlilik, do\u011fruluk ve y\u00fcksek kalite ilkelerine ba\u011fl\u0131 kalarak, m\u00fc\u015fterilerimizin \u00e7e\u015fitli ihtiya\u00e7lar\u0131n\u0131 kar\u015f\u0131lamay\u0131 hedefliyoruz.<\/p>","protected":false},"excerpt":{"rendered":"<p>Arm Cylinder For Yanmar VI35-5B Introduction The arm cylinder is a specially designed hydraulic cylinder that provides linear motion and power to the arm of various types of machinery, such as excavators, cranes, and robotic arms. The arm cylinder plays a crucial role in hydraulic systems, enabling the effective movement and control of additional tools [&hellip;]<\/p>","protected":false},"featured_media":14783,"comment_status":"open","ping_status":"closed","template":"","meta":{"_et_pb_use_builder":"","_et_pb_old_content":"","_et_gb_content_width":""},"product_brand":[],"product_cat":[1497],"product_tag":[1498,1496],"class_list":{"0":"post-16768","1":"product","2":"type-product","3":"status-publish","4":"has-post-thumbnail","6":"product_cat-arm-cylinders","7":"product_tag-arm-cylinders","8":"product_tag-hydraulic-cylinders","10":"first","11":"instock","12":"shipping-taxable","13":"product-type-simple"},"amp_enabled":true,"_links":{"self":[{"href":"https:\/\/www.hydraulic-cylinders.net\/tr\/wp-json\/wp\/v2\/product\/16768","targetHints":{"allow":["GET"]}}],"collection":[{"href":"https:\/\/www.hydraulic-cylinders.net\/tr\/wp-json\/wp\/v2\/product"}],"about":[{"href":"https:\/\/www.hydraulic-cylinders.net\/tr\/wp-json\/wp\/v2\/types\/product"}],"replies":[{"embeddable":true,"href":"https:\/\/www.hydraulic-cylinders.net\/tr\/wp-json\/wp\/v2\/comments?post=16768"}],"wp:featuredmedia":[{"embeddable":true,"href":"https:\/\/www.hydraulic-cylinders.net\/tr\/wp-json\/wp\/v2\/media\/14783"}],"wp:attachment":[{"href":"https:\/\/www.hydraulic-cylinders.net\/tr\/wp-json\/wp\/v2\/media?parent=16768"}],"wp:term":[{"taxonomy":"product_brand","embeddable":true,"href":"https:\/\/www.hydraulic-cylinders.net\/tr\/wp-json\/wp\/v2\/product_brand?post=16768"},{"taxonomy":"product_cat","embeddable":true,"href":"https:\/\/www.hydraulic-cylinders.net\/tr\/wp-json\/wp\/v2\/product_cat?post=16768"},{"taxonomy":"product_tag","embeddable":true,"href":"https:\/\/www.hydraulic-cylinders.net\/tr\/wp-json\/wp\/v2\/product_tag?post=16768"}],"curies":[{"name":"wp","href":"https:\/\/api.w.org\/{rel}","templated":true}]}}