{"id":1677,"date":"2023-10-11T05:47:57","date_gmt":"2023-10-11T05:47:57","guid":{"rendered":"https:\/\/hydraulic-cylinders.net\/?post_type=product&#038;p=1677"},"modified":"2025-04-11T03:46:12","modified_gmt":"2025-04-11T03:46:12","slug":"press-front-side-shift-cylinder","status":"publish","type":"product","link":"https:\/\/www.hydraulic-cylinders.net\/tr\/urun\/press-front-side-shift-cylinder\/","title":{"rendered":"\u00d6n Yan Vites Silindirine Bas\u0131n"},"content":{"rendered":"<h1 style=\"text-align: center;\"><strong>\u00d6n Yan Vites Silindirine Bas\u0131n<\/strong><\/h1>\n<p><img loading=\"lazy\" decoding=\"async\" class=\"wp-image-1683 aligncenter\" src=\"https:\/\/hydraulic-cylinders.net\/wp-content\/uploads\/2023\/10\/front-side-shift-cylinder-1-2-300x300.webp\" alt=\"\" width=\"400\" height=\"400\" \/><\/p>\n<p>Pres \u00f6n taraf kayd\u0131rma silindiri, presleme i\u015flemlerinin hassasiyetini ve verimlili\u011fini art\u0131rmak i\u00e7in tasarlanm\u0131\u015f yenilik\u00e7i bir ara\u00e7t\u0131r. Bu geli\u015fmi\u015f silindir, presleme s\u0131ras\u0131nda i\u015f par\u00e7alar\u0131n\u0131n \u00f6n taraf\u0131n\u0131n kayd\u0131r\u0131lmas\u0131n\u0131 kolayla\u015ft\u0131rmak, do\u011fru hizalama sa\u011flamak ve kurulum s\u00fcresini k\u0131saltmak i\u00e7in \u00f6zel olarak tasarlanm\u0131\u015ft\u0131r.<\/p>\n<p>Pres \u00f6n taraf kayd\u0131rma silindiri, presleme operasyonlar\u0131nda \u00e7\u0131\u011f\u0131r a\u00e7an bir \u00fcr\u00fcnd\u00fcr. \u00d6n taraf kayd\u0131rma kabiliyeti, hassas hizalama, ayarlanabilir vites aral\u0131\u011f\u0131 ve h\u0131zl\u0131 tepki kabiliyetiyle bu silindir, operat\u00f6rlerin hassas ve verimli presleme sonu\u00e7lar\u0131 elde etmelerini sa\u011flar. \u00d6nerilen kullan\u0131m y\u00f6ntemlerini ve bak\u0131m uygulamalar\u0131n\u0131 izleyerek, presleme uygulamalar\u0131n\u0131zda pres \u00f6n taraf kayd\u0131rma silindirinin performans\u0131n\u0131, \u00f6mr\u00fcn\u00fc ve g\u00fcvenli\u011fini en \u00fcst d\u00fczeye \u00e7\u0131karabilirsiniz. Bu son teknoloji silindirle presleme yeteneklerinizi art\u0131r\u0131n ve \u00fcst\u00fcn hizalama ve verimlilik deneyimi ya\u015fay\u0131n.<\/p>\n<p>\u00d6n Yan Vites Silindirinin Temel \u00d6zellikleri:<\/p>\n<ol>\n<li>\u00d6n Taraf Kayd\u0131rma Kabiliyeti:\n<ul>\n<li>Pres \u00f6n taraf kayd\u0131rma silindiri, presleme i\u015flemleri s\u0131ras\u0131nda i\u015f par\u00e7alar\u0131n\u0131n \u00f6n tarafa hassas bir \u015fekilde kayd\u0131r\u0131lmas\u0131n\u0131 sa\u011flayacak \u015fekilde tasarlanm\u0131\u015ft\u0131r.<\/li>\n<li>Operat\u00f6rlerin i\u015f par\u00e7as\u0131n\u0131n konumunu kolayca ayarlamas\u0131na olanak tan\u0131r, optimum hizalama sa\u011flar ve manuel ayarlama ihtiyac\u0131n\u0131 azalt\u0131r.<\/li>\n<\/ul>\n<\/li>\n<li>Do\u011fru Hizalama:\n<ul>\n<li>Bu silindir, i\u015f par\u00e7as\u0131n\u0131n do\u011fru hizalanmas\u0131n\u0131 sa\u011flayarak, hizalama hatas\u0131 riskini en aza indirir ve genel hassasiyeti art\u0131r\u0131r.<\/li>\n<li>Presin \u00f6n taraf kayd\u0131rma silindiri ile sa\u011flanan hassas hizalama, \u00fcr\u00fcn kalitesinin artmas\u0131n\u0131 ve hurda oranlar\u0131n\u0131n azalmas\u0131n\u0131 sa\u011flar.<\/li>\n<\/ul>\n<\/li>\n<li>Ayarlanabilir Vites Aral\u0131\u011f\u0131:\n<ul>\n<li>Silindir, operat\u00f6rlerin her uygulaman\u0131n \u00f6zel gereksinimlerine g\u00f6re \u00f6n taraf kayd\u0131rmas\u0131n\u0131n kapsam\u0131n\u0131 \u00f6zelle\u015ftirmesine olanak tan\u0131yan ayarlanabilir bir vites de\u011fi\u015ftirme aral\u0131\u011f\u0131 sunar.<\/li>\n<li>Vites aral\u0131\u011f\u0131n\u0131 ayarlama esnekli\u011fi, farkl\u0131 i\u015f par\u00e7as\u0131 boyutlar\u0131, \u015fekilleri ve presleme ihtiya\u00e7lar\u0131yla uyumlulu\u011fu garanti eder.<\/li>\n<\/ul>\n<\/li>\n<li>H\u0131zl\u0131 ve Duyarl\u0131:\n<ul>\n<li>Pres \u00f6n taraf vites silindiri, presleme i\u015flemleri s\u0131ras\u0131nda h\u0131zl\u0131 ayarlamalar yap\u0131lmas\u0131n\u0131 sa\u011flayan h\u0131zl\u0131 ve duyarl\u0131 bir vites de\u011fi\u015ftirme mekanizmas\u0131na sahiptir.<\/li>\n<li>H\u0131zl\u0131 vites de\u011fi\u015ftirme hareketi genel \u00e7evrim s\u00fcresini azaltarak pres uygulamalar\u0131nda \u00fcretkenli\u011fi ve verimi en \u00fcst d\u00fczeye \u00e7\u0131kar\u0131r.<\/li>\n<\/ul>\n<\/li>\n<\/ol>\n<h2><strong>\u00d6n Yan Vites Silindiri Parametresi:<\/strong><\/h2>\n<table border=\"1\" cellspacing=\"0\" cellpadding=\"0\">\n<tbody>\n<tr>\n<td>\u00dcr\u00fcn Ad\u0131<\/td>\n<td>Hidrolik Pres \u00d6n Yan Kayd\u0131rma Silindiri<\/td>\n<\/tr>\n<tr>\n<td>\u00d6zellikler:<\/td>\n<td>Bo\u015flu\u011fu veya i\u015f par\u00e7as\u0131n\u0131 yatay olarak hareket ettirin<\/td>\n<\/tr>\n<tr>\n<td>Piston:<\/td>\n<td>80 mm\uff5e240 mm<br \/>\nStrok\u2264300 mm<\/td>\n<\/tr>\n<tr>\n<td>\u0130tme kuvveti:<\/td>\n<td>Maksimum 1130KN<br \/>\n(Plunger 240mm\/bas\u0131n\u00e7 25MPa)<\/td>\n<\/tr>\n<tr>\n<td>\u00d6n Yan Vites Silindiri Uygulamalar\u0131:<\/td>\n<td>Hidrolik Pres<\/td>\n<\/tr>\n<\/tbody>\n<\/table>\n<div><\/div>\n<div>\n<div class=\"txtboxL\">\n<div class=\"txtboxL\">\u00d6zellikler:<\/div>\n<div class=\"txtboxR\">Bo\u015flu\u011fu veya i\u015f par\u00e7as\u0131n\u0131 yatay olarak hareket ettirin<\/div>\n<div class=\"txtboxL\">\u00d6zellikler:<\/div>\n<div class=\"txtboxR\">Piston: 80mm\uff5e240mm<br \/>\nStrok\u2264300 mm<\/div>\n<div class=\"txtboxL\">\u0130tme kuvveti:<\/div>\n<div class=\"txtboxR\">Maksimum 1130KN<br \/>\n(Plunger 240mm\/bas\u0131n\u00e7 25MPa)<\/div>\n<\/div>\n<\/div>\n<h2><strong>Pres Silindir Fabrikas\u0131:<\/strong><\/h2>\n<p><img loading=\"lazy\" decoding=\"async\" class=\"alignnone wp-image-1619 size-full\" src=\"https:\/\/hydraulic-cylinders.net\/wp-content\/uploads\/2023\/10\/press-cylinder.webp\" alt=\"\" width=\"1418\" height=\"946\" srcset=\"https:\/\/hydraulic-cylinders.net\/wp-content\/uploads\/2023\/10\/press-cylinder.webp 1418w, https:\/\/hydraulic-cylinders.net\/wp-content\/uploads\/2023\/10\/press-cylinder-1280x854.webp 1280w, https:\/\/hydraulic-cylinders.net\/wp-content\/uploads\/2023\/10\/press-cylinder-980x654.webp 980w, https:\/\/hydraulic-cylinders.net\/wp-content\/uploads\/2023\/10\/press-cylinder-480x320.webp 480w\" sizes=\"(min-width: 0px) and (max-width: 480px) 480px, (min-width: 481px) and (max-width: 980px) 980px, (min-width: 981px) and (max-width: 1280px) 1280px, (min-width: 1281px) 1418px, 100vw\" \/><\/p>\n<h2><strong>Pres \u00d6n Yan Vites Silindirinin Kullan\u0131m Y\u00f6ntemi<\/strong><strong>:<\/strong><\/h2>\n<ol>\n<li><strong>Kurulum:<\/strong>\n<ul>\n<li>Pres \u00f6n taraf kayd\u0131rma silindirini pres ekipman\u0131yla do\u011fru hizalamay\u0131 sa\u011flayarak istenilen yere g\u00fcvenli bir \u015fekilde monte edin.<\/li>\n<li>Hidrolik hatlar\u0131n\u0131 \u00fcreticinin talimatlar\u0131na g\u00f6re ba\u011flay\u0131n, do\u011fru ak\u0131\u015fkan ak\u0131\u015f\u0131n\u0131 sa\u011flay\u0131n ve herhangi bir s\u0131z\u0131nt\u0131y\u0131 \u00f6nleyin.<\/li>\n<\/ul>\n<\/li>\n<li><strong>Vites Ayar\u0131:<\/strong>\n<ul>\n<li>Silindirle birlikte verilen vites de\u011fi\u015ftirme ayar mekanizmas\u0131n\u0131 tan\u0131y\u0131n.<\/li>\n<li>Ayarlamalar genellikle kontrol d\u00fc\u011fmeleri, el \u00e7arklar\u0131 veya dijital kontroller kullan\u0131larak yap\u0131labilir.<\/li>\n<li>\u0130\u015f par\u00e7as\u0131 boyutlar\u0131na ve hizalama gereksinimlerine g\u00f6re hassas \u00f6n taraf kayd\u0131rma ayarlamalar\u0131 yapmak i\u00e7in \u00fcreticinin talimatlar\u0131n\u0131 izleyin.<\/li>\n<\/ul>\n<\/li>\n<li><strong>\u0130\u015f Par\u00e7as\u0131n\u0131n Hizalanmas\u0131 ve Kayd\u0131r\u0131lmas\u0131:<\/strong>\n<ul>\n<li>\u0130\u015f par\u00e7as\u0131n\u0131 pres yata\u011f\u0131na yerle\u015ftirin ve silindirle ilk hizalamay\u0131 sa\u011flay\u0131n.<\/li>\n<li>Silindiri etkinle\u015ftirerek vites de\u011fi\u015ftirme mekanizmas\u0131n\u0131 devreye sokun ve i\u015f par\u00e7as\u0131n\u0131 istedi\u011finiz \u00f6n taraf pozisyonuna d\u00fczg\u00fcn bir \u015fekilde ayarlay\u0131n.<\/li>\n<li>Do\u011fru \u00f6n taraf kayd\u0131rmas\u0131n\u0131 sa\u011flamak i\u00e7in hizalamay\u0131 g\u00f6rsel olarak veya \u00f6l\u00e7\u00fcm ara\u00e7lar\u0131 kullanarak do\u011frulay\u0131n.<\/li>\n<\/ul>\n<\/li>\n<li><strong>Presleme \u0130\u015flemi:<\/strong>\n<ul>\n<li>\u0130\u015f par\u00e7as\u0131 d\u00fczg\u00fcn bir \u015fekilde hizalan\u0131p kayd\u0131r\u0131ld\u0131ktan sonra, standart prosed\u00fcrlerinize g\u00f6re presleme i\u015flemine devam edin.<\/li>\n<li>Pres \u00d6n Yan Kayd\u0131rma Silindiri, presleme i\u015flemi boyunca i\u015f par\u00e7as\u0131n\u0131n hizalanmas\u0131n\u0131 ve stabilitesini koruyarak tutarl\u0131 sonu\u00e7lar elde edilmesini sa\u011flar.<\/li>\n<\/ul>\n<\/li>\n<\/ol>\n<h2><strong>Hidrolik Silindir Nas\u0131l Yenilenir?<\/strong><\/h2>\n<p>Hidrolik silindir onar\u0131m\u0131, silindirin s\u00f6k\u00fclmesini, a\u015f\u0131nm\u0131\u015f veya hasarl\u0131 bile\u015fenlerin incelenip de\u011fi\u015ftirilmesini ve i\u015flevselli\u011fini geri kazand\u0131rmak i\u00e7in silindirin yeniden monte edilmesini i\u00e7erir. \u0130\u015fte bir hidrolik silindirin nas\u0131l onar\u0131laca\u011f\u0131na dair ad\u0131m ad\u0131m bir k\u0131lavuz:<\/p>\n<p>Not: Bir hidrolik silindirin onar\u0131m\u0131 karma\u015f\u0131k olabilir ve mekanik bilgi ve deneyim gerektirir. Emin de\u011filseniz veya gerekli uzmanl\u0131\u011fa sahip de\u011filseniz, profesyonel bir hidrolik teknisyeninden yard\u0131m alman\u0131z \u00f6nerilir.<\/p>\n<ol>\n<li><strong>G\u00fcvenlik \u00d6nlemleri:<\/strong>\n<ul>\n<li>G\u00fc\u00e7 kayna\u011f\u0131n\u0131 kapatarak ve depolanan bas\u0131nc\u0131 serbest b\u0131rakarak hidrolik sistemin bas\u0131nc\u0131n\u0131n d\u00fc\u015f\u00fcr\u00fcld\u00fc\u011f\u00fcnden emin olun.<\/li>\n<li>Potansiyel hidrolik s\u0131v\u0131 s\u0131z\u0131nt\u0131lar\u0131ndan veya s\u0131\u00e7ramalar\u0131ndan korunmak i\u00e7in eldiven ve g\u00fcvenlik g\u00f6zl\u00fc\u011f\u00fc gibi uygun g\u00fcvenlik donan\u0131mlar\u0131n\u0131 kullan\u0131n.<\/li>\n<\/ul>\n<\/li>\n<li><strong>Silindirin \u00c7\u0131kar\u0131lmas\u0131:<\/strong>\n<ul>\n<li>Hidrolik hatlar\u0131 silindirden ay\u0131r\u0131n. Ba\u011flant\u0131 par\u00e7alar\u0131n\u0131 gev\u015fetmek ve s\u00f6kmek i\u00e7in uygun anahtar veya aletler kullan\u0131n.<\/li>\n<li>Silindirin a\u011f\u0131rl\u0131\u011f\u0131n\u0131 bir vin\u00e7 veya uygun kald\u0131rma ekipman\u0131 kullanarak destekleyin.<\/li>\n<li>Silindiri ekipmana sabitleyen t\u00fcm montaj braketlerini veya donan\u0131mlar\u0131 \u00e7\u0131kar\u0131n.<\/li>\n<\/ul>\n<\/li>\n<li><strong>S\u00f6kme:<\/strong>\n<ul>\n<li>Silindiri temiz bir tezgaha veya y\u00fczeye yerle\u015ftirin.<\/li>\n<li>Silindirin u\u00e7 kapaklar\u0131n\u0131 anahtar veya lokma tak\u0131m\u0131 gibi uygun aletler kullanarak dikkatlice \u00e7\u0131kar\u0131n. Bu i\u015flem s\u0131ras\u0131nda silindire veya bile\u015fenlerine zarar vermemeye dikkat edin.<\/li>\n<li>U\u00e7 kapaklar\u0131 \u00e7\u0131kar\u0131ld\u0131ktan sonra piston ve \u00e7ubuk tertibat\u0131n\u0131 silindir g\u00f6vdesinden kayd\u0131rarak \u00e7\u0131kar\u0131n.<\/li>\n<li>Par\u00e7alar\u0131 s\u00f6kerken, par\u00e7alar\u0131n s\u0131ras\u0131n\u0131 ve y\u00f6n\u00fcn\u00fc inceleyin ve belgelendirin. Bu, yeniden montaj s\u0131ras\u0131nda yard\u0131mc\u0131 olacakt\u0131r.<\/li>\n<\/ul>\n<\/li>\n<li><strong>Bile\u015fen Denetimi:<\/strong>\n<ul>\n<li>T\u00fcm bile\u015fenleri a\u015f\u0131nma, hasar veya korozyon belirtileri a\u00e7\u0131s\u0131ndan dikkatlice inceleyin. Piston, biyel kolu, contalar, yataklar ve di\u011fer t\u00fcm i\u00e7 par\u00e7alara \u00f6zellikle dikkat edin.<\/li>\n<li>Piston \u00e7ap\u0131, rot \u00e7ap\u0131 ve conta yuvas\u0131 boyutlar\u0131 gibi kritik boyutlar\u0131 \u00f6l\u00e7\u00fcn. Bu \u00f6l\u00e7\u00fcmleri \u00fcretici spesifikasyonlar\u0131yla kar\u015f\u0131la\u015ft\u0131rarak herhangi bir bile\u015fenin de\u011fi\u015ftirilmesi gerekip gerekmedi\u011fini belirleyin.<\/li>\n<\/ul>\n<\/li>\n<li><strong>Bile\u015fen De\u011fi\u015fimi:<\/strong>\n<ul>\n<li>A\u015f\u0131nm\u0131\u015f, hasarl\u0131 veya teknik \u00f6zelliklere uymayan bile\u015fenleri de\u011fi\u015ftirin. Yedek par\u00e7alar\u0131n, hidrolik silindirin marka ve modeliyle uyumlu oldu\u011fundan emin olun.<\/li>\n<li>S\u0131k s\u0131k de\u011fi\u015ftirilmesi gereken ortak bile\u015fenler aras\u0131nda contalar, O-ringler, yataklar, piston segmanlar\u0131 ve a\u015f\u0131nma bantlar\u0131 bulunur.<\/li>\n<li>Yeni contalar\u0131 ve O-ringleri montajdan \u00f6nce hidrolik s\u0131v\u0131 veya uyumlu bir ya\u011flay\u0131c\u0131 ile ya\u011flay\u0131n.<\/li>\n<\/ul>\n<\/li>\n<li><strong>Yeniden montaj:<\/strong>\n<ul>\n<li>Yeniden montaj i\u015flemine, piston ve \u00e7ubuk tertibat\u0131n\u0131 dikkatlice silindir g\u00f6vdesine yerle\u015ftirerek ba\u015flay\u0131n.<\/li>\n<li>Yeni contalar\u0131 ve O-ringleri ilgili oluklara tak\u0131n, do\u011fru hizalama ve y\u00f6nlendirmeyi sa\u011flay\u0131n.<\/li>\n<li>Silindiri yeniden monte ederken contalara ve di\u011fer hareketli par\u00e7alara ince bir tabaka hidrolik s\u0131v\u0131 veya montaj ya\u011f\u0131 uygulay\u0131n.<\/li>\n<li>U\u00e7 kapaklar\u0131n\u0131 yeniden takmak i\u00e7in s\u00f6kme i\u015fleminin tersini izleyin ve t\u00fcm c\u0131vatalar\u0131n veya ba\u011flant\u0131 elemanlar\u0131n\u0131n \u00fcreticinin belirtti\u011fi \u00f6zelliklere uygun \u015fekilde s\u0131k\u0131ld\u0131\u011f\u0131ndan emin olun.<\/li>\n<\/ul>\n<\/li>\n<li><strong>Test ve Kurulum:<\/strong>\n<ul>\n<li>Silindir yeniden monte edildikten sonra, onu ekipmana yeniden takmadan \u00f6nce i\u015flevselli\u011fini test etmek \u00f6nemlidir.<\/li>\n<li>Hidrolik hatlar\u0131n\u0131 ba\u011flay\u0131n ve sistemi \u00fcreticinin talimatlar\u0131na g\u00f6re yeniden bas\u0131n\u00e7land\u0131r\u0131n.<\/li>\n<li>Silindirin d\u00fczg\u00fcn \u00e7al\u0131\u015ft\u0131\u011f\u0131n\u0131, s\u0131zd\u0131rmazl\u0131\u011f\u0131n d\u00fczg\u00fcn oldu\u011funu ve herhangi bir s\u0131z\u0131nt\u0131 olup olmad\u0131\u011f\u0131n\u0131 kontrol etmek i\u00e7in silindiri birka\u00e7 kez \u00e7al\u0131\u015ft\u0131r\u0131n.<\/li>\n<li>Test s\u0131ras\u0131nda silindir d\u00fczg\u00fcn \u00e7al\u0131\u015f\u0131yorsa, hidrolik hatlar\u0131n do\u011fru hizalanmas\u0131n\u0131 ve ba\u011flant\u0131s\u0131n\u0131 sa\u011flayarak silindiri ekipmana yeniden tak\u0131n.<\/li>\n<\/ul>\n<\/li>\n<\/ol>\n<h2><strong>Fabrikan\u0131n Kapasitesi ve Kapasitesi:<\/strong><\/h2>\n<h3>(1) Meclis<\/h3>\n<p>Birinci s\u0131n\u0131f ba\u011f\u0131ms\u0131z bir ara\u015ft\u0131rma ve geli\u015ftirme montaj platformumuz bulunmaktad\u0131r. Hidrolik silindir \u00fcretim at\u00f6lyemizde, y\u0131ll\u0131k 1 milyon adet \u00fcretim kapasitesine sahip d\u00f6rt adet yar\u0131 otomatik kald\u0131rma silindiri montaj hatt\u0131 ve bir adet otomatik devirme silindiri montaj hatt\u0131 bulunmaktad\u0131r. \u00d6zel silindir at\u00f6lyemiz, y\u0131ll\u0131k 200.000 adet \u00fcretim kapasitesine sahip \u00e7e\u015fitli \u00f6zelliklerde yar\u0131 otomatik temizleme montaj sistemiyle donat\u0131lm\u0131\u015ft\u0131r. Ayr\u0131ca, \u00fcnl\u00fc CNC i\u015fleme ekipmanlar\u0131, bir i\u015fleme merkezi, y\u00fcksek hassasiyetli silindir i\u015fleme \u00f6zel ekipmanlar\u0131, bir robot kaynak makinesi, bir otomatik temizleme makinesi, otomatik silindir montaj makinesi ve otomatik boyama \u00fcretim hatt\u0131 ile donat\u0131lm\u0131\u015ft\u0131r. 300'den fazla setten olu\u015fan kritik ekipmanlar mevcuttur. Ekipman kaynaklar\u0131n\u0131n optimum da\u011f\u0131l\u0131m\u0131 ve verimli kullan\u0131m\u0131, \u00fcr\u00fcnlerin hassasiyet gereksinimlerini kar\u015f\u0131lar ve \u00fcr\u00fcnlerin y\u00fcksek kalite ihtiya\u00e7lar\u0131n\u0131 kar\u015f\u0131lar.<\/p>\n<p><img loading=\"lazy\" decoding=\"async\" class=\"alignnone wp-image-626\" src=\"https:\/\/hydraulic-cylinders.net\/wp-content\/uploads\/2023\/08\/hydraulic-cylinder-product-1-300x158.webp\" alt=\"\" width=\"495\" height=\"260\" srcset=\"https:\/\/hydraulic-cylinders.net\/wp-content\/uploads\/2023\/08\/hydraulic-cylinder-product-1-300x158.webp 495w, https:\/\/hydraulic-cylinders.net\/wp-content\/uploads\/2023\/08\/hydraulic-cylinder-product-1-480x252.webp 480w\" sizes=\"(min-width: 0px) and (max-width: 480px) 480px, (min-width: 481px) 495px, 100vw\" \/> <img loading=\"lazy\" decoding=\"async\" class=\"alignnone wp-image-627\" src=\"https:\/\/hydraulic-cylinders.net\/wp-content\/uploads\/2023\/08\/hydraulic-cylinder-product-2-300x189.webp\" alt=\"\" width=\"413\" height=\"260\" \/><\/p>\n<h3>(2) \u0130\u015fleme<\/h3>\n<p>\u0130\u015fleme at\u00f6lyesi, maksimum 400 mm i\u00e7 \u00e7apa ve maksimum 6 metre uzunlu\u011fa sahip silindir borular\u0131n\u0131n i\u015flenmesini ger\u00e7ekle\u015ftirebilen \u00f6zel e\u011fimli ray torna merkezi, i\u015fleme merkezi, y\u00fcksek h\u0131zl\u0131 honlama makinesi, kaynak robotu ve di\u011fer ilgili ekipmanlarla donat\u0131lm\u0131\u015ft\u0131r.<\/p>\n<p><img loading=\"lazy\" decoding=\"async\" class=\"alignnone wp-image-628 size-large\" src=\"https:\/\/hydraulic-cylinders.net\/wp-content\/uploads\/2023\/08\/hydraulic-cylinder-product-3-1024x391.webp\" alt=\"\" width=\"1024\" height=\"391\" srcset=\"https:\/\/hydraulic-cylinders.net\/wp-content\/uploads\/2023\/08\/hydraulic-cylinder-product-3-980x374.webp 980w, https:\/\/hydraulic-cylinders.net\/wp-content\/uploads\/2023\/08\/hydraulic-cylinder-product-3-480x183.webp 480w\" sizes=\"(min-width: 0px) and (max-width: 480px) 480px, (min-width: 481px) and (max-width: 980px) 980px, (min-width: 981px) 1024px, 100vw\" \/><\/p>\n<h3>(3) Kaynak<\/h3>\n<p><img loading=\"lazy\" decoding=\"async\" class=\"alignnone wp-image-629 size-large\" src=\"https:\/\/hydraulic-cylinders.net\/wp-content\/uploads\/2023\/08\/hydraulic-cylinder-product-4-1024x510.webp\" alt=\"\" width=\"1024\" height=\"510\" srcset=\"https:\/\/hydraulic-cylinders.net\/wp-content\/uploads\/2023\/08\/hydraulic-cylinder-product-4-980x488.webp 980w, https:\/\/hydraulic-cylinders.net\/wp-content\/uploads\/2023\/08\/hydraulic-cylinder-product-4-480x239.webp 480w\" sizes=\"(min-width: 0px) and (max-width: 480px) 480px, (min-width: 481px) and (max-width: 980px) 980px, (min-width: 981px) 1024px, 100vw\" \/><\/p>\n<h3>(4) Boyama ve kaplama<\/h3>\n<p>K\u00fc\u00e7\u00fck ve orta \u00f6l\u00e7ekli silindirli otomatik su bazl\u0131 boya kaplama hatlar\u0131nda, otomatik robot y\u00fckleme-bo\u015faltma ve otomatik p\u00fcsk\u00fcrtmeyi ger\u00e7ekle\u015ftirmek i\u00e7in, vardiya ba\u015f\u0131na 4000 adet tasar\u0131m kapasitesi;<br \/>\nAyr\u0131ca, vardiya ba\u015f\u0131na 60 kasa kapasiteli, g\u00fc\u00e7 zinciriyle \u00e7al\u0131\u015fan b\u00fcy\u00fck silindirler i\u00e7in yar\u0131 otomatik boya \u00fcretim hatt\u0131m\u0131z da bulunmaktad\u0131r.<\/p>\n<p><img loading=\"lazy\" decoding=\"async\" class=\"alignnone wp-image-630\" src=\"https:\/\/hydraulic-cylinders.net\/wp-content\/uploads\/2023\/08\/hydraulic-cylinder-product-5-300x213.webp\" alt=\"\" width=\"366\" height=\"260\" \/> <img loading=\"lazy\" decoding=\"async\" class=\"alignnone wp-image-631\" src=\"https:\/\/hydraulic-cylinders.net\/wp-content\/uploads\/2023\/08\/hydraulic-cylinder-product-6-300x225.webp\" alt=\"\" width=\"347\" height=\"260\" \/><\/p>\n<h3>(5) Test etme<\/h3>\n<p>Silindirin performans\u0131n\u0131n gereklilikleri kar\u015f\u0131lad\u0131\u011f\u0131ndan emin olmak i\u00e7in birinci s\u0131n\u0131f muayene tesislerimiz ve test yataklar\u0131m\u0131z bulunmaktad\u0131r.<\/p>\n<p><img loading=\"lazy\" decoding=\"async\" class=\"alignnone wp-image-632\" src=\"https:\/\/hydraulic-cylinders.net\/wp-content\/uploads\/2023\/08\/hydraulic-cylinder-product-8-300x200.webp\" alt=\"\" width=\"389\" height=\"260\" \/><\/p>\n<p>&nbsp;<\/p>\n<p>&nbsp;<\/p>\n<p>En iyi hidrolik silindir \u00fcreticilerinden biriyiz. Kapsaml\u0131 hidrolik silindirler sunabiliyoruz. Ayr\u0131ca, ilgili hidrolik silindirleri de sa\u011fl\u0131yoruz. <a href=\"https:\/\/hzpt.com\/agricultural-pto-gearbox\/\" target=\"_blank\" rel=\"noopener\">tar\u0131msal di\u015fli kutular\u0131<\/a>\u00dcr\u00fcnlerimizi d\u00fcnya \u00e7ap\u0131ndaki m\u00fc\u015fterilerimize ihra\u00e7 ettik ve \u00fcst\u00fcn \u00fcr\u00fcn kalitemiz ve sat\u0131\u015f sonras\u0131 hizmetlerimiz sayesinde iyi bir itibar kazand\u0131k. Yurt i\u00e7i ve yurt d\u0131\u015f\u0131ndaki m\u00fc\u015fterilerimizi i\u015f g\u00f6r\u00fc\u015fmeleri yapmak, bilgi al\u0131\u015fveri\u015finde bulunmak ve <a href=\"https:\/\/www.hydraulic-cylinders.net\/tr\/contact-us\/\">bizimle i\u015fbirli\u011fi yap\u0131n<\/a>!<\/p>","protected":false},"excerpt":{"rendered":"<p>Press Front Side Shift Cylinder The press front side shift cylinder is an innovative tool designed to elevate the precision and efficiency of pressing operations. This advanced cylinder is specifically engineered to facilitate the front side shifting of workpieces during pressing, ensuring accurate alignment and reducing setup time. The press front side shift cylinder is [&hellip;]<\/p>","protected":false},"featured_media":1678,"comment_status":"open","ping_status":"closed","template":"","meta":{"_et_pb_use_builder":"","_et_pb_old_content":"","_et_gb_content_width":""},"product_brand":[],"product_cat":[1550,1522,1376],"product_tag":[1380],"class_list":{"0":"post-1677","1":"product","2":"type-product","3":"status-publish","4":"has-post-thumbnail","6":"product_cat-double-acting-hydraulic-cylinder","7":"product_cat-press-hydraulic-cylinders","8":"product_cat-hydraulic-cylinder","9":"product_tag-hydraulic-cylinder","11":"first","12":"instock","13":"shipping-taxable","14":"product-type-simple"},"amp_enabled":true,"_links":{"self":[{"href":"https:\/\/www.hydraulic-cylinders.net\/tr\/wp-json\/wp\/v2\/product\/1677","targetHints":{"allow":["GET"]}}],"collection":[{"href":"https:\/\/www.hydraulic-cylinders.net\/tr\/wp-json\/wp\/v2\/product"}],"about":[{"href":"https:\/\/www.hydraulic-cylinders.net\/tr\/wp-json\/wp\/v2\/types\/product"}],"replies":[{"embeddable":true,"href":"https:\/\/www.hydraulic-cylinders.net\/tr\/wp-json\/wp\/v2\/comments?post=1677"}],"wp:featuredmedia":[{"embeddable":true,"href":"https:\/\/www.hydraulic-cylinders.net\/tr\/wp-json\/wp\/v2\/media\/1678"}],"wp:attachment":[{"href":"https:\/\/www.hydraulic-cylinders.net\/tr\/wp-json\/wp\/v2\/media?parent=1677"}],"wp:term":[{"taxonomy":"product_brand","embeddable":true,"href":"https:\/\/www.hydraulic-cylinders.net\/tr\/wp-json\/wp\/v2\/product_brand?post=1677"},{"taxonomy":"product_cat","embeddable":true,"href":"https:\/\/www.hydraulic-cylinders.net\/tr\/wp-json\/wp\/v2\/product_cat?post=1677"},{"taxonomy":"product_tag","embeddable":true,"href":"https:\/\/www.hydraulic-cylinders.net\/tr\/wp-json\/wp\/v2\/product_tag?post=1677"}],"curies":[{"name":"wp","href":"https:\/\/api.w.org\/{rel}","templated":true}]}}