{"id":16770,"date":"2025-01-21T05:53:05","date_gmt":"2025-01-21T05:53:05","guid":{"rendered":"https:\/\/www.hydraulic-cylinders.net\/product\/arm-cylinder-for-yanmar-vi085\/"},"modified":"2025-01-21T05:53:07","modified_gmt":"2025-01-21T05:53:07","slug":"arm-cylinder-for-yanmar-vi085","status":"publish","type":"product","link":"https:\/\/www.hydraulic-cylinders.net\/tr\/urun\/arm-cylinder-for-yanmar-vi085\/","title":{"rendered":"Yanmar VI085 i\u00e7in Kol Silindiri"},"content":{"rendered":"<p>Yanmar VI085 i\u00e7in Kol Silindiri<\/p>\n<p>Girii\u015f:<br \/>\nKol silindiri, ekskavat\u00f6rler, vin\u00e7ler ve mekanik kollar gibi \u00e7e\u015fitli makinelerin koluna do\u011frusal hareket ve g\u00fc\u00e7 sa\u011flamak \u00fczere tasarlanm\u0131\u015f \u00f6zel bir hidrolik silindirdir. Kol silindiri, hidrolik sistemde hayati bir rol oynayarak ek aletlerin veya ata\u015fmanlar\u0131n verimli bir \u015fekilde hareket etmesini ve kontrol edilmesini sa\u011flar. Bu silindirler sadece d\u00fczg\u00fcn hareket sa\u011flamakla kalmaz, ayn\u0131 zamanda a\u011f\u0131r y\u00fckleri de kald\u0131rarak \u00e7e\u015fitli \u00e7al\u0131\u015fma ko\u015fullar\u0131nda makinelerin verimli \u00e7al\u0131\u015fmas\u0131n\u0131 ve g\u00fcvenilirli\u011fini sa\u011flar.<\/p>\n<p>\u00d6zellikler:<br \/>\n\u2013 Y\u00fcksek verimli aktar\u0131m: Kol silindiri g\u00fc\u00e7l\u00fc do\u011frusal hareket ve kuvvet sa\u011flayarak mekanik kolun \u00e7e\u015fitli i\u015flemlerde y\u00fcksek verimlilikte performans g\u00f6stermesini garanti eder.<br \/>\n\u2013 Hassas kontrol: Hidrolik sistem sayesinde, kol silindiri hassas hareket kontrol\u00fc sa\u011flayarak, tak\u0131l\u0131 aletlerin \u00e7al\u0131\u015fmas\u0131n\u0131 daha esnek ve do\u011fru hale getirir.<br \/>\n\u2013 Y\u00fcksek dayan\u0131kl\u0131l\u0131k: Kol silindirleri genellikle y\u00fcksek mukavemetli malzemelerden \u00fcretilir, a\u015f\u0131nma ve korozyona kar\u015f\u0131 iyi diren\u00e7 g\u00f6sterir ve zorlu ortamlarda uzun s\u00fcreli kullan\u0131m i\u00e7in uygundur.<br \/>\n\u2013 \u00c7ok fonksiyonlu uyarlanabilirlik: Bu silindirler, ekskavat\u00f6rler, vin\u00e7ler ve mekanik kollar gibi \u00e7e\u015fitli makine t\u00fcrlerinde yayg\u0131n olarak kullan\u0131labilir ve farkl\u0131 \u00e7al\u0131\u015fma gereksinimlerine uyum sa\u011flar.<br \/>\n\u2013 Kolay bak\u0131m: Kolay bak\u0131m ve de\u011fi\u015ftirme i\u00e7in tasarlanm\u0131\u015ft\u0131r, bu da d\u00fczenli inceleme ve bak\u0131m\u0131 daha kolay hale getirir ve ekipman ar\u0131za s\u00fcresini azalt\u0131r.<\/p>\n<p>\u00dcretme:<br \/>\n\u00dcr\u00fcn\u00fcm\u00fcz bu hidrolik silindirlerin yerini m\u00fckemmel bir \u015fekilde alabilir. Bu \u00fcr\u00fcn\u00fc \u00fcretebiliyoruz. Kol silindirimiz y\u00fcksek kalitededir ve farkl\u0131 m\u00fc\u015fterilerin \u00e7e\u015fitli ihtiya\u00e7lar\u0131n\u0131 kar\u015f\u0131layabilir.<\/p>\n<p>Uygulamalar:<br \/>\nKol silindirleri a\u015fa\u011f\u0131dakiler de dahil olmak \u00fczere \u00e7e\u015fitli end\u00fcstrilerde yayg\u0131n olarak kullan\u0131lmaktad\u0131r:<br \/>\n\u2013 \u0130n\u015faat m\u00fchendisli\u011fi: Kol silindirleri, toprak ta\u015f\u0131ma, malzeme ta\u015f\u0131ma ve yap\u0131sal kurulum i\u015flerinde ekskavat\u00f6r ve vin\u00e7lerdeki kep\u00e7e veya bomun hareketini kontrol etmek i\u00e7in kullan\u0131l\u0131r.<br \/>\n\u2013 \u0130malat sanayi: Kol silindirleri, otomatik \u00fcretim hatlar\u0131nda, montaj, kaynak ve ta\u015f\u0131ma i\u015flemlerinde mekanik kollar\u0131n hareket ettirilmesi i\u00e7in kullan\u0131l\u0131r ve \u00fcretim verimlili\u011fini ve do\u011frulu\u011funu art\u0131r\u0131r.<br \/>\n\u2013 Tar\u0131m makineleri: Kol silindirleri, ekim, g\u00fcbreleme ve hasat gibi i\u015flemler i\u00e7in bi\u00e7erd\u00f6ver ve tohum ekme makineleri gibi tar\u0131m makinelerinde \u00e7al\u0131\u015fma kolunun hareketini kontrol etmek i\u00e7in kullan\u0131l\u0131r.<br \/>\n\u2013 Madencilik: Kol silindirleri, cevher \u00e7\u0131karma ve ta\u015f\u0131ma i\u015flemlerinde madencilik ekipmanlar\u0131n\u0131n kol hareketini kontrol etmek i\u00e7in kullan\u0131l\u0131r.<br \/>\n\u2013 Lojistik ve ta\u015f\u0131mac\u0131l\u0131k: Kol silindirleri, malzeme ta\u015f\u0131ma ve istifleme i\u015flemlerinde forkliftlerde ve ta\u015f\u0131ma robotlar\u0131nda y\u00fck \u00e7atallar\u0131n\u0131n kald\u0131r\u0131lmas\u0131n\u0131 ve hareketini kontrol etmek i\u00e7in kullan\u0131l\u0131r.<\/p>\n<p>Tasar\u0131m hususlar\u0131 ve se\u00e7im standartlar\u0131:<br \/>\nKol silindirinin tasar\u0131m\u0131nda dikkate al\u0131nmas\u0131 gereken hususlar aras\u0131nda y\u00fck ta\u015f\u0131ma kapasitesi, s\u0131zd\u0131rmazl\u0131k, dayan\u0131kl\u0131l\u0131k, g\u00fcvenlik ve bak\u0131m yer al\u0131r. Se\u00e7im standartlar\u0131 aras\u0131nda malzeme ve \u00fcretim standartlar\u0131 bulunur. Kol silindirinin y\u00fck ta\u015f\u0131ma kapasitesi, kullan\u0131ld\u0131\u011f\u0131 makinenin \u00f6zelliklerine g\u00f6re belirlenir. S\u0131zd\u0131rmazl\u0131k, poli\u00fcretan ve nitril kau\u00e7uk gibi a\u015f\u0131nmaya dayan\u0131kl\u0131 malzemelerden yap\u0131lm\u0131\u015f piston contalar\u0131 ve mil contalar\u0131 gibi \u00e7e\u015fitli s\u0131zd\u0131rmazl\u0131k elemanlar\u0131 kullan\u0131larak sa\u011flan\u0131r. Silindir g\u00f6vdesi ve di\u015fli u\u00e7 y\u00fczeyi, a\u015f\u0131nma direncini art\u0131rmak i\u00e7in ince bir \u015fekilde i\u015flenir. D\u00fczenli ya\u011flama gereklidir.<\/p>\n<p>Periyodik inceleme ve \u00f6nleyici bak\u0131m \u00f6nlemleri:<br \/>\nKol silindirlerinin optimum performans g\u00f6stermesi, kullan\u0131m \u00f6mr\u00fcn\u00fc uzatmas\u0131 ve ar\u0131zay\u0131 \u00f6nlemesi i\u00e7in periyodik muayene ve \u00f6nleyici bak\u0131m gereklidir. Bu \u00f6nlemler aras\u0131nda silindirin durumunun d\u00fczenli olarak incelenmesi, a\u015f\u0131nm\u0131\u015f par\u00e7alar\u0131n de\u011fi\u015ftirilmesi ve silindirin i\u00e7 ve d\u0131\u015f y\u00fczeylerinin temizlenmesi yer al\u0131r.<\/p>\n<p>Kurulum k\u0131lavuzu:<br \/>\nMontajdan \u00f6nce, makinenin kapal\u0131 oldu\u011fundan ve hidrolik sistemin bas\u0131nc\u0131n\u0131n bo\u015falt\u0131ld\u0131\u011f\u0131ndan emin olun. Silindir ve makinenin temas y\u00fczeylerini temizleyin. Montajdan \u00f6nce ya\u011flama yap\u0131n. C\u0131vata ve somunlar\u0131n do\u011fru hizaland\u0131\u011f\u0131ndan ve s\u0131k\u0131ld\u0131\u011f\u0131ndan emin olun. Montajdan sonra, bas\u0131n\u00e7 testi yap\u0131n ve ya\u011f s\u0131z\u0131nt\u0131s\u0131 olup olmad\u0131\u011f\u0131n\u0131 kontrol edin.<\/p>\n<p>G\u00fcvenlik ve \u00e7evresel hususlar:<br \/>\nYaralanmalar\u0131, maddi hasar\u0131 ve \u00e7evre kirlili\u011fini \u00f6nlemek i\u00e7in do\u011fru kullan\u0131m ve bak\u0131m gibi uygun g\u00fcvenlik \u00f6nlemleri gereklidir.<\/p>\n<p>Sorun giderme ve s\u0131k kar\u015f\u0131la\u015f\u0131lan sorunlar:<br \/>\nS\u0131k kar\u015f\u0131la\u015f\u0131lan sorunlar aras\u0131nda s\u0131z\u0131nt\u0131, yetersiz bas\u0131n\u00e7 ve anormal ses bulunur. Sorun giderme ipu\u00e7lar\u0131 aras\u0131nda sorunun belirlenmesi, uygun ya\u011flaman\u0131n kontrol edilmesi, hasarl\u0131 contalar\u0131n temizlenmesi ve de\u011fi\u015ftirilmesi, bas\u0131n\u00e7 ve ak\u0131\u015f h\u0131z\u0131n\u0131n ayarlanmas\u0131 yer al\u0131r. \u00d6nleyici tedbirler aras\u0131nda d\u00fczenli inceleme ve bak\u0131m, a\u015f\u0131nm\u0131\u015f par\u00e7alar\u0131n zaman\u0131nda de\u011fi\u015ftirilmesi ve do\u011fru kullan\u0131m ve elle\u00e7leme bulunur.<\/p>\n<p>\u015eirket Tan\u0131t\u0131m\u0131:<br \/>\nGeni\u015f \u00fcr\u00fcn yelpazesiyle profesyonel bir hidrolik silindir \u00fcreticisiyiz ve bu da bizi yurt i\u00e7i ve yurt d\u0131\u015f\u0131 pazarlarda \u00f6nde gelen hidrolik silindir \u00fcreticileri ve toptanc\u0131lar\u0131 aras\u0131na sokmaktad\u0131r. Her zaman \u00fcst\u00fcn kalite ilkesine ba\u011fl\u0131 kalarak, ince i\u015f\u00e7ilik gerektiren \u00fcretim at\u00f6lyelerinin end\u00fcstriyel \u00fcretim y\u00f6netim stratejisine dayanarak teknik seviyemizi ve \u00fcretim verimlili\u011fimizi s\u00fcrekli olarak geli\u015ftiriyoruz. G\u00fc\u00e7l\u00fc bir inovasyon yetene\u011fine sahibiz ve amac\u0131m\u0131z, y\u00fcksek verimlilik, do\u011fruluk ve y\u00fcksek kalite ile m\u00fc\u015fterilerin \u00e7e\u015fitli ihtiya\u00e7lar\u0131n\u0131 kar\u015f\u0131lamakt\u0131r.<\/p>\n<p>\u015eirketimiz, uluslararas\u0131 sertifikasyonlar, \u00f6zelle\u015ftirilmi\u015f hizmetler, \u00fcretim ekipmanlar\u0131 ve sat\u0131\u015f sonras\u0131 hizmetler de dahil olmak \u00fczere profesyonel hizmetler sunmaktad\u0131r. Geli\u015fmi\u015f dijital \u00fcretim ekipmanlar\u0131na ve profesyonel test sistemlerine, optimize edilmi\u015f \u00fcretim platformlar\u0131na ve iyile\u015ftirilmi\u015f \u00fcr\u00fcn kalite kontrol s\u00fcre\u00e7lerine sahibiz.<\/p>\n<p>Yazar: lyl.<\/p>","protected":false},"excerpt":{"rendered":"<p>Arm Cylinder For Yanmar VI085 Introduction: Arm cylinder is a specialized hydraulic cylinder designed to provide linear motion and power to the arm of various types of machinery, such as excavators, cranes, and mechanical arms. The arm cylinder plays a crucial role in the hydraulic system, enabling additional tools or attachments to move and be [&hellip;]<\/p>","protected":false},"featured_media":14777,"comment_status":"open","ping_status":"closed","template":"","meta":{"_et_pb_use_builder":"","_et_pb_old_content":"","_et_gb_content_width":""},"product_brand":[],"product_cat":[1497],"product_tag":[1498,1496],"class_list":{"0":"post-16770","1":"product","2":"type-product","3":"status-publish","4":"has-post-thumbnail","6":"product_cat-arm-cylinders","7":"product_tag-arm-cylinders","8":"product_tag-hydraulic-cylinders","10":"first","11":"instock","12":"shipping-taxable","13":"product-type-simple"},"amp_enabled":true,"_links":{"self":[{"href":"https:\/\/www.hydraulic-cylinders.net\/tr\/wp-json\/wp\/v2\/product\/16770","targetHints":{"allow":["GET"]}}],"collection":[{"href":"https:\/\/www.hydraulic-cylinders.net\/tr\/wp-json\/wp\/v2\/product"}],"about":[{"href":"https:\/\/www.hydraulic-cylinders.net\/tr\/wp-json\/wp\/v2\/types\/product"}],"replies":[{"embeddable":true,"href":"https:\/\/www.hydraulic-cylinders.net\/tr\/wp-json\/wp\/v2\/comments?post=16770"}],"wp:featuredmedia":[{"embeddable":true,"href":"https:\/\/www.hydraulic-cylinders.net\/tr\/wp-json\/wp\/v2\/media\/14777"}],"wp:attachment":[{"href":"https:\/\/www.hydraulic-cylinders.net\/tr\/wp-json\/wp\/v2\/media?parent=16770"}],"wp:term":[{"taxonomy":"product_brand","embeddable":true,"href":"https:\/\/www.hydraulic-cylinders.net\/tr\/wp-json\/wp\/v2\/product_brand?post=16770"},{"taxonomy":"product_cat","embeddable":true,"href":"https:\/\/www.hydraulic-cylinders.net\/tr\/wp-json\/wp\/v2\/product_cat?post=16770"},{"taxonomy":"product_tag","embeddable":true,"href":"https:\/\/www.hydraulic-cylinders.net\/tr\/wp-json\/wp\/v2\/product_tag?post=16770"}],"curies":[{"name":"wp","href":"https:\/\/api.w.org\/{rel}","templated":true}]}}