{"id":16775,"date":"2025-01-21T05:53:28","date_gmt":"2025-01-21T05:53:28","guid":{"rendered":"https:\/\/www.hydraulic-cylinders.net\/product\/arm-cylinder-for-john-deere-e240lc\/"},"modified":"2025-01-21T05:53:31","modified_gmt":"2025-01-21T05:53:31","slug":"arm-cylinder-for-john-deere-e240lc","status":"publish","type":"product","link":"https:\/\/www.hydraulic-cylinders.net\/tr\/urun\/arm-cylinder-for-john-deere-e240lc\/","title":{"rendered":"John Deere E240LC i\u00e7in Kol Silindiri"},"content":{"rendered":"<h2>John Deere E240LC i\u00e7in Kol Silindiri<\/h2>\n<h3>girii\u015f<\/h3>\n<p>Kol silindiri, ekskavat\u00f6rler, vin\u00e7ler ve mekanik kollar gibi \u00e7e\u015fitli makine t\u00fcrlerinin kollar\u0131na do\u011frusal hareket ve g\u00fc\u00e7 sa\u011flayan \u00f6zel olarak tasarlanm\u0131\u015f bir hidrolik silindirdir. Kol silindiri, hidrolik sistemde \u00f6nemli bir rol oynar ve ek aletlerin veya ata\u015fmanlar\u0131n etkili bir \u015fekilde hareket etmesini ve kontrol edilmesini sa\u011flar. Bu silindirler, yaln\u0131zca d\u00fczg\u00fcn hareket sa\u011flamakla kalmaz, ayn\u0131 zamanda a\u011f\u0131r y\u00fcklere de dayanarak, farkl\u0131 \u00e7al\u0131\u015fma ko\u015fullar\u0131nda makinelerin verimli ve g\u00fcvenilir \u00e7al\u0131\u015fmas\u0131n\u0131 sa\u011flar.<\/p>\n<p><img decoding=\"async\" src=\"https:\/\/www.hydraulic-cylinders.net\/wp-content\/uploads\/2025\/01\/songte-company-2.webp\"\/><\/p>\n<h3>\u00d6zellikler<\/h3>\n<ul>\n<li>Y\u00fcksek verimli g\u00fc\u00e7 aktar\u0131m\u0131: Kol silindiri g\u00fc\u00e7l\u00fc do\u011frusal hareket ve kuvvet sa\u011flayarak, mekanik kolun \u00e7e\u015fitli i\u015flemlerde y\u00fcksek verimlilikte performans g\u00f6stermesini sa\u011flar.<\/li>\n<li>Hassas kontrol: Hidrolik sistem sayesinde kol silindiri hassas hareket kontrol\u00fc sa\u011flayabilir, bu sayede ek aletlerin \u00e7al\u0131\u015fmas\u0131 daha esnek ve hassas hale gelir.<\/li>\n<li>G\u00fc\u00e7l\u00fc dayan\u0131kl\u0131l\u0131k: Kol silindirleri genellikle iyi a\u015f\u0131nma direncine ve korozyon direncine sahip y\u00fcksek mukavemetli malzemelerden yap\u0131l\u0131r, zorlu ortamlarda uzun s\u00fcreli kullan\u0131ma uygundur.<\/li>\n<li>\u00c7ok i\u015flevli uyarlanabilirlik: Bu silindirler, ekskavat\u00f6rler, vin\u00e7ler ve mekanik kollar gibi \u00e7e\u015fitli mekanik ekipmanlarda, farkl\u0131 \u00e7al\u0131\u015fma gereksinimlerine uyum sa\u011flamak i\u00e7in yayg\u0131n olarak kullan\u0131labilir.<\/li>\n<li>Kolay bak\u0131m: Kolay bak\u0131m ve de\u011fi\u015ftirme i\u00e7in tasarlanm\u0131\u015ft\u0131r, d\u00fczenli muayene ve bak\u0131m\u0131 daha kolay hale getirir ve ekipman\u0131n ar\u0131za s\u00fcresini azalt\u0131r.<\/li>\n<\/ul>\n<p>Bu \u00fcr\u00fcn\u00fc \u00fcretebiliyoruz ve bu hidrolik silindirlerin yerine m\u00fckemmel bir \u015fekilde ge\u00e7ebiliyor.<\/p>\n<p><img decoding=\"async\" src=\"https:\/\/www.hydraulic-cylinders.net\/wp-content\/uploads\/2025\/01\/songte-oil-pipes-and-spare-parts.webp\"\/><\/p>\n<h3>Uygulamalar<\/h3>\n<p>Kol silindiri \u00e7e\u015fitli uygulamalarda kullan\u0131l\u0131r, \u00f6rne\u011fin:<\/p>\n<ul>\n<li>\u0130n\u015faat m\u00fchendisli\u011fi: Ekskavat\u00f6rlerde ve vin\u00e7lerde, kol silindirleri toprak i\u015fleri, malzeme ta\u015f\u0131ma ve yap\u0131sal montajlarda kova veya bomun hareketini kontrol etmek i\u00e7in kullan\u0131l\u0131r.<\/li>\n<li>\u00dcretim end\u00fcstrisi: Otomatik \u00fcretim hatlar\u0131nda, kol silindirleri, \u00fcretim verimlili\u011fini ve do\u011frulu\u011funu art\u0131rmak amac\u0131yla montaj, kaynak ve ta\u015f\u0131ma s\u00fcre\u00e7lerinde mekanik kollar\u0131n hareket ettirilmesi i\u00e7in kullan\u0131l\u0131r.<\/li>\n<li>Tar\u0131m makineleri: Bi\u00e7erd\u00f6ver ve ekim makinesi gibi tar\u0131m makinelerinde kol silindirleri, ekim, g\u00fcbreleme ve hasat gibi g\u00f6revleri ger\u00e7ekle\u015ftirmek i\u00e7in i\u015fletim kolunun hareketini kontrol eder.<\/li>\n<li>Madencilik: Madencilik ekipmanlar\u0131nda kol silindirleri, madencilik ve malzeme ta\u015f\u0131ma i\u00e7in madencilik ekipmanlar\u0131n\u0131n kollar\u0131n\u0131n hareketini kontrol etmek amac\u0131yla kullan\u0131l\u0131r.<\/li>\n<li>Lojistik ve ta\u015f\u0131mac\u0131l\u0131k: Forkliftlerde ve ta\u015f\u0131ma robotlar\u0131nda, kol silindirleri, malzemeleri ta\u015f\u0131mak ve istiflemek i\u00e7in \u00e7atallar\u0131n kald\u0131r\u0131lmas\u0131n\u0131 ve hareketini kontrol etmek amac\u0131yla kullan\u0131l\u0131r.<\/li>\n<\/ul>\n<h3>Tasar\u0131m ve Se\u00e7im Standartlar\u0131<\/h3>\n<p>Kol silindirlerinin tasar\u0131m\u0131nda ta\u015f\u0131ma kapasitesi, s\u0131zd\u0131rmazl\u0131k, dayan\u0131kl\u0131l\u0131k, g\u00fcvenlik ve bak\u0131m kolayl\u0131\u011f\u0131 dikkate al\u0131n\u0131r. Bu hususlar a\u015fa\u011f\u0131da tart\u0131\u015f\u0131lmaktad\u0131r:<\/p>\n<h4>Ta\u015f\u0131ma Kapasitesi<\/h4>\n<p>Makinenin g\u00fcvenli ve istikrarl\u0131 \u00e7al\u0131\u015fmas\u0131n\u0131 sa\u011flamak i\u00e7in kol silindiri maksimum y\u00fck ve bas\u0131nca dayan\u0131kl\u0131 olmal\u0131d\u0131r.<\/p>\n<h4>S\u0131zd\u0131rmazl\u0131k<\/h4>\n<p>Kol silindirinde, iyi s\u0131zd\u0131rmazl\u0131k performans\u0131 sa\u011flamak i\u00e7in poli\u00fcretan, nitril kau\u00e7uk vb. gibi a\u015f\u0131nmaya dayan\u0131kl\u0131 malzemelerden yap\u0131lm\u0131\u015f piston contalar\u0131, biyel contalar\u0131 vb. gibi \u00e7e\u015fitli s\u0131zd\u0131rmazl\u0131k elemanlar\u0131 kullan\u0131l\u0131r.<\/p>\n<h4>Dayan\u0131kl\u0131l\u0131k<\/h4>\n<p>Kol silindiri genellikle iyi a\u015f\u0131nma ve korozyon direncine sahip y\u00fcksek mukavemetli malzemelerden yap\u0131l\u0131r ve silindir g\u00f6vdesi ve di\u015fli u\u00e7 y\u00fczeyleri a\u015f\u0131nma direncini art\u0131rmak i\u00e7in ince i\u015flenir.<\/p>\n<h4>Emniyet<\/h4>\n<p>Kol silindirinde a\u015f\u0131r\u0131 y\u00fck veya di\u011fer kazalardan kaynaklanabilecek hasar\u0131 \u00f6nlemek i\u00e7in emniyet valfi gibi emniyet tertibatlar\u0131 bulunmal\u0131d\u0131r.<\/p>\n<h4>Bak\u0131m kolayl\u0131\u011f\u0131<\/h4>\n<p>Kol silindiri, s\u0131zd\u0131rmazl\u0131k elemanlar\u0131n\u0131n kolayca de\u011fi\u015ftirilebilmesi gibi kolay bak\u0131m i\u00e7in tasarlanm\u0131\u015ft\u0131r; bu da ekipman ar\u0131za s\u00fcresini ve bak\u0131m maliyetlerini azalt\u0131r.<\/p>\n<p><img decoding=\"async\" src=\"https:\/\/www.hydraulic-cylinders.net\/wp-content\/uploads\/2025\/01\/songte-cylinder-head-with-all-kinds-excavator-models.webp\"\/><\/p>\n<h3>S\u0131zd\u0131rmazl\u0131k ve Ya\u011flama<\/h3>\n<p>Kol silindiri, poli\u00fcretan, nitril kau\u00e7uk vb. gibi a\u015f\u0131nmaya dayan\u0131kl\u0131 malzemelerden yap\u0131lm\u0131\u015f piston contalar\u0131, piston kolu contalar\u0131 vb. gibi \u00e7e\u015fitli s\u0131zd\u0131rmazl\u0131k elemanlar\u0131 kullan\u0131r. Silindir g\u00f6vdesi ve di\u015fli u\u00e7 y\u00fczeyleri, a\u015f\u0131nma direncini art\u0131rmak i\u00e7in hassas bir \u015fekilde i\u015flenmi\u015ftir. Ya\u011flama i\u00e7in d\u00fczenli olarak uygun miktarda hidrolik ya\u011f eklenmesi gerekir.<\/p>\n<h3>Bak\u0131m ve \u00d6nlem Tedbirleri<\/h3>\n<p>Kol silindirinin normal ve g\u00fcvenilir bir \u015fekilde \u00e7al\u0131\u015fmas\u0131n\u0131 sa\u011flamak i\u00e7in d\u00fczenli muayene ve bak\u0131m gereklidir. A\u015fa\u011f\u0131daki \u00f6nlemler al\u0131nmal\u0131d\u0131r:<\/p>\n<ul>\n<li>Silindir g\u00f6vdesini \u00e7atlaklar, deformasyonlar ve di\u011fer hasarlar a\u00e7\u0131s\u0131ndan d\u00fczenli olarak kontrol edin.<\/li>\n<li>S\u0131zd\u0131rmazl\u0131k elemanlar\u0131n\u0131n a\u015f\u0131nmas\u0131n\u0131 kontrol edin ve zaman\u0131nda de\u011fi\u015ftirin.<\/li>\n<li>Ya\u011flama i\u00e7in d\u00fczenli olarak hidrolik ya\u011f ekleyin ve ya\u011f\u0131 d\u00fczenli olarak de\u011fi\u015ftirin.<\/li>\n<li>Emniyet valfinin normal \u00e7al\u0131\u015fmas\u0131n\u0131 sa\u011flamak i\u00e7in d\u00fczenli olarak kontrol edin.<\/li>\n<li>S\u0131zd\u0131rmazl\u0131k etkisini sa\u011flamak i\u00e7in silindir g\u00f6vdesini ve di\u015fli u\u00e7 y\u00fczeylerini d\u00fczenli olarak temizleyin.<\/li>\n<\/ul>\n<p><img decoding=\"async\" src=\"https:\/\/www.hydraulic-cylinders.net\/wp-content\/uploads\/2025\/01\/songte-chushion-collar.webp\"\/><\/p>\n<h3>\u00dcr\u00fcn Kurulum K\u0131lavuzu<\/h3>\n<p>Kol silindirini takmadan \u00f6nce, \u00f6zelliklerinin, parametrelerinin ve montaj boyutlar\u0131n\u0131n makineyle uyumlu olup olmad\u0131\u011f\u0131n\u0131 kontrol edin. Montaj ad\u0131mlar\u0131 a\u015fa\u011f\u0131daki gibidir:<\/p>\n<ol>\n<li>Montajdan \u00f6nce silindir g\u00f6vdesini, piston \u00e7ubu\u011funu ve conta halkas\u0131n\u0131 kontrol ederek temiz ve hasars\u0131z veya kusursuz olduklar\u0131ndan emin olun.<\/li>\n<li>Piston koluna ve conta halkas\u0131na ince bir tabaka hidrolik ya\u011f uygulay\u0131n.<\/li>\n<li>Piston kolunu silindir g\u00f6vdesine yerle\u015ftirin ve di\u015fli ucunu uygun aletle s\u0131k\u0131n.<\/li>\n<li>Hidrolik boru hatt\u0131n\u0131 ba\u011flay\u0131n ve sistemi hidrolik ya\u011f ile doldurun.<\/li>\n<li>Silindirde s\u0131z\u0131nt\u0131 olup olmad\u0131\u011f\u0131n\u0131 kontrol edin ve \u00e7al\u0131\u015fmas\u0131n\u0131 test edin.<\/li>\n<\/ol>\n<p><img decoding=\"async\" src=\"https:\/\/www.hydraulic-cylinders.net\/wp-content\/uploads\/2025\/01\/songte-bushings-with-all-kinds-of-excavator-models.webp\"\/><\/p>\n<h3>G\u00fcvenlik Hususlar\u0131 ve \u00c7evresel Fakt\u00f6rler<\/h3>\n<p>Hidrolik sistemlerle \u00e7al\u0131\u015f\u0131rken g\u00fcvenlik \u00f6nlemleri hayati \u00f6nem ta\u015f\u0131r. Operat\u00f6rler, y\u00fcksek bas\u0131n\u00e7l\u0131 s\u0131v\u0131larla ilgili tehlikelerin fark\u0131nda olmal\u0131 ve kazalar\u0131 \u00f6nlemek i\u00e7in uygun \u00f6nlemleri almal\u0131d\u0131r. Makineleri \u00e7al\u0131\u015ft\u0131r\u0131rken g\u00fcr\u00fclt\u00fc kirlili\u011fi ve at\u0131k bertaraf\u0131 gibi \u00e7evresel fakt\u00f6rler de dikkate al\u0131nmal\u0131d\u0131r.<\/p>\n<h3>Sorun Giderme ve Yayg\u0131n Sorunlar<\/h3>\n<p>Kol silindirinde olu\u015fabilecek yayg\u0131n sorunlar aras\u0131nda ya\u011f s\u0131z\u0131nt\u0131s\u0131, yetersiz bas\u0131n\u00e7 ve anormal ses bulunur. A\u015fa\u011f\u0131daki ipu\u00e7lar\u0131 bu sorunlar\u0131 te\u015fhis etmenize ve \u00e7\u00f6zmenize yard\u0131mc\u0131 olabilir:<\/p>\n<h4>Ya\u011f S\u0131z\u0131nt\u0131s\u0131<\/h4>\n<p>S\u0131zd\u0131rmazl\u0131k elemanlar\u0131n\u0131n hasarl\u0131 olup olmad\u0131\u011f\u0131n\u0131 veya d\u00fczg\u00fcn s\u0131k\u0131l\u0131p s\u0131k\u0131lmad\u0131\u011f\u0131n\u0131 kontrol edin.<\/p>\n<h4>Yetersiz Bas\u0131n\u00e7<\/h4>\n<p>Hidrolik boru hatt\u0131n\u0131n t\u0131kal\u0131 olup olmad\u0131\u011f\u0131n\u0131 veya pompan\u0131n d\u00fczg\u00fcn \u00e7al\u0131\u015f\u0131p \u00e7al\u0131\u015fmad\u0131\u011f\u0131n\u0131 kontrol edin.<\/p>\n<h4>Anormal G\u00fcr\u00fclt\u00fc<\/h4>\n<p>Silindir g\u00f6vdesinde deformasyon olup olmad\u0131\u011f\u0131n\u0131 veya piston kolunda a\u015f\u0131nma olup olmad\u0131\u011f\u0131n\u0131 kontrol edin.<\/p>\n<h3>\u00c7\u00f6z\u00fcm<\/h3>\n<p>Geni\u015f bir \u00fcr\u00fcn yelpazesine sahip profesyonel bir yedek hidrolik silindir \u00fcreticisiyiz ve yurt i\u00e7i ve yurt d\u0131\u015f\u0131 pazarlarda lider hidrolik silindir \u00fcreticilerinden ve toptan da\u011f\u0131t\u0131mc\u0131lar\u0131ndan biri haline geldik. Her zaman m\u00fckemmel kalite ilkesine ba\u011fl\u0131 kal\u0131yor ve teknolojimizi ve \u00fcretim verimlili\u011fimizi s\u00fcrekli geli\u015ftiriyoruz. Amac\u0131m\u0131z, y\u00fcksek verimlilik, hassasiyet ve y\u00fcksek kaliteli \u00fcr\u00fcnlerle m\u00fc\u015fterilerimizin \u00e7e\u015fitli ihtiya\u00e7lar\u0131n\u0131 kar\u015f\u0131lamakt\u0131r.<\/p>\n<p><img decoding=\"async\" src=\"https:\/\/www.hydraulic-cylinders.net\/wp-content\/uploads\/2025\/01\/songte-company-4.webp\"\/><br \/>\n<img decoding=\"async\" src=\"https:\/\/www.hydraulic-cylinders.net\/wp-content\/uploads\/2025\/01\/songte-company-3.webp\"\/><\/p>\n<p>Yazar: lyl<\/p>","protected":false},"excerpt":{"rendered":"<p>Arm Cylinder For John Deere E240LC Introduction The arm cylinder is a specially designed hydraulic cylinder that provides linear motion and power to the arm of various types of machinery, such as excavators, cranes, and mechanical arms. The arm cylinder plays a crucial role in the hydraulic system, allowing additional tools or attachments to move [&hellip;]<\/p>","protected":false},"featured_media":14763,"comment_status":"open","ping_status":"closed","template":"","meta":{"_et_pb_use_builder":"","_et_pb_old_content":"","_et_gb_content_width":""},"product_brand":[],"product_cat":[1497],"product_tag":[1498,1496],"class_list":{"0":"post-16775","1":"product","2":"type-product","3":"status-publish","4":"has-post-thumbnail","6":"product_cat-arm-cylinders","7":"product_tag-arm-cylinders","8":"product_tag-hydraulic-cylinders","10":"first","11":"instock","12":"shipping-taxable","13":"product-type-simple"},"amp_enabled":true,"_links":{"self":[{"href":"https:\/\/www.hydraulic-cylinders.net\/tr\/wp-json\/wp\/v2\/product\/16775","targetHints":{"allow":["GET"]}}],"collection":[{"href":"https:\/\/www.hydraulic-cylinders.net\/tr\/wp-json\/wp\/v2\/product"}],"about":[{"href":"https:\/\/www.hydraulic-cylinders.net\/tr\/wp-json\/wp\/v2\/types\/product"}],"replies":[{"embeddable":true,"href":"https:\/\/www.hydraulic-cylinders.net\/tr\/wp-json\/wp\/v2\/comments?post=16775"}],"wp:featuredmedia":[{"embeddable":true,"href":"https:\/\/www.hydraulic-cylinders.net\/tr\/wp-json\/wp\/v2\/media\/14763"}],"wp:attachment":[{"href":"https:\/\/www.hydraulic-cylinders.net\/tr\/wp-json\/wp\/v2\/media?parent=16775"}],"wp:term":[{"taxonomy":"product_brand","embeddable":true,"href":"https:\/\/www.hydraulic-cylinders.net\/tr\/wp-json\/wp\/v2\/product_brand?post=16775"},{"taxonomy":"product_cat","embeddable":true,"href":"https:\/\/www.hydraulic-cylinders.net\/tr\/wp-json\/wp\/v2\/product_cat?post=16775"},{"taxonomy":"product_tag","embeddable":true,"href":"https:\/\/www.hydraulic-cylinders.net\/tr\/wp-json\/wp\/v2\/product_tag?post=16775"}],"curies":[{"name":"wp","href":"https:\/\/api.w.org\/{rel}","templated":true}]}}