{"id":16794,"date":"2025-01-21T05:54:50","date_gmt":"2025-01-21T05:54:50","guid":{"rendered":"https:\/\/www.hydraulic-cylinders.net\/product\/arm-cylinder-for-yuchai-yc135-8\/"},"modified":"2025-01-21T05:54:52","modified_gmt":"2025-01-21T05:54:52","slug":"arm-cylinder-for-yuchai-yc135-8","status":"publish","type":"product","link":"https:\/\/www.hydraulic-cylinders.net\/tr\/urun\/arm-cylinder-for-yuchai-yc135-8\/","title":{"rendered":"Yuchai YC135-8 i\u00e7in Kol Silindiri"},"content":{"rendered":"<p>Yuchai YC135-8 i\u00e7in Kol Silindiri<\/p>\n<p>Kol silindiri, ekskavat\u00f6rler, vin\u00e7ler ve mekanik kollar gibi \u00e7e\u015fitli makinelerin kollar\u0131na do\u011frusal hareket ve g\u00fc\u00e7 sa\u011flamak i\u00e7in \u00f6zel olarak tasarlanm\u0131\u015f bir hidrolik silindirdir. Kol silindiri, hidrolik sistemlerde \u00e7ok \u00f6nemli bir rol oynayarak, ba\u011fl\u0131 aletlerin veya aksesuarlar\u0131n hareketini ve kontrol\u00fcn\u00fc sa\u011flar. Bu silindirler sadece d\u00fczg\u00fcn hareket sa\u011flamakla kalmaz, ayn\u0131 zamanda a\u011f\u0131r y\u00fckleri de ta\u015f\u0131yarak, \u00e7e\u015fitli \u00e7al\u0131\u015fma ko\u015fullar\u0131nda makinelerin verimli \u00e7al\u0131\u015fmas\u0131n\u0131 ve g\u00fcvenilirli\u011fini sa\u011flar.<\/p>\n<p>Kol Silindirinin \u00d6zellikleri<\/p>\n<p>1. Y\u00fcksek Verimlilikli Tahrik: Kol silindiri, g\u00fc\u00e7l\u00fc do\u011frusal hareket ve kuvvet sa\u011flayarak mekanik kolun \u00e7e\u015fitli i\u015flemlerde y\u00fcksek verimlilikte performans g\u00f6stermesini sa\u011flar.<\/p>\n<p>2. Hassas Kontrol: Hidrolik sistem sayesinde, kol silindiri hassas hareket kontrol\u00fc sa\u011flayarak, tak\u0131lan aletlerin \u00e7al\u0131\u015fmas\u0131n\u0131 daha esnek ve do\u011fru hale getirir.<\/p>\n<p>3. Y\u00fcksek Dayan\u0131kl\u0131l\u0131k: Kol silindiri genellikle y\u00fcksek mukavemetli malzemeden \u00fcretilir, iyi a\u015f\u0131nma ve korozyon direncine sahiptir ve zorlu ortamlarda uzun s\u00fcreli kullan\u0131m i\u00e7in uygundur.<\/p>\n<p>4. \u00c7ok Y\u00f6nl\u00fcl\u00fck: Bu silindirler, ekskavat\u00f6rler, vin\u00e7ler ve mekanik kollar gibi \u00e7e\u015fitli mekanik ekipmanlarda yayg\u0131n olarak kullan\u0131labilir ve farkl\u0131 \u00e7al\u0131\u015fma gereksinimlerine uyum sa\u011flar.<\/p>\n<p>5. Kolay Bak\u0131m: Kolay bak\u0131m ve de\u011fi\u015ftirme g\u00f6z \u00f6n\u00fcnde bulundurularak tasarlanan bu ekipman, d\u00fczenli inceleme ve bak\u0131m i\u015flemlerini daha kolay hale getirerek ar\u0131za s\u00fcrelerini azalt\u0131r.<\/p>\n<p>\u00dcretimimiz<\/p>\n<p>Yuchai YC135-8 i\u00e7in \u00fcretti\u011fimiz hidrolik silindir, bu hidrolik silindirlerin yerine m\u00fckemmel bir \u015fekilde ge\u00e7ebilir. \u00dcr\u00fcn\u00fcm\u00fcz\u00fcn kalitesini ve g\u00fcvenilirli\u011fini sa\u011flamak i\u00e7in y\u00fcksek kaliteli malzemeler ve geli\u015fmi\u015f teknoloji kullan\u0131yoruz. \u00dcr\u00fcnlerimiz kolay kurulum ve bak\u0131m i\u00e7in tasarlanm\u0131\u015ft\u0131r, bu da i\u015fletme maliyetlerini d\u00fc\u015f\u00fcr\u00fcr ve operasyonel verimlili\u011fi art\u0131r\u0131r.<\/p>\n<p>Kol Silindirinin Uygulanmas\u0131<\/p>\n<p>Kol silindiri, a\u015fa\u011f\u0131dakiler de dahil olmak \u00fczere \u00e7e\u015fitli end\u00fcstrilerde ve ekipmanlarda yayg\u0131n olarak kullan\u0131lmaktad\u0131r:<\/p>\n<p>1. \u0130n\u015faat: Kol silindiri, hafriyat, malzeme ta\u015f\u0131ma ve yap\u0131sal montaj i\u015flerinde ekskavat\u00f6r ve vin\u00e7lerdeki kep\u00e7e veya bomlar\u0131n hareketini kontrol etmek i\u00e7in kullan\u0131l\u0131r.<\/p>\n<p>2. \u0130malat: Kol silindiri, montaj, kaynak ve ta\u015f\u0131ma gibi otomatik \u00fcretim hatlar\u0131nda mekanik kolun hareket ettirilmesi i\u00e7in kullan\u0131l\u0131r ve \u00fcretim verimlili\u011fini ve hassasiyetini art\u0131r\u0131r.<\/p>\n<p>3. Tar\u0131m Makineleri: Kol silindiri, bi\u00e7erd\u00f6ver ve tohum ekme makineleri gibi tar\u0131m makinelerinde \u00e7al\u0131\u015fma kolunun hareketini kontrol ederek tohum ekme, g\u00fcbreleme ve hasat gibi g\u00f6revleri yerine getirir.<\/p>\n<p>4. Madencilik: Kol silindiri, madencilik ekipman\u0131n\u0131n kollar\u0131n\u0131n hareketini kontrol etmek, maden \u00e7\u0131karmak ve mineralleri ta\u015f\u0131mak i\u00e7in kullan\u0131l\u0131r.<\/p>\n<p>5. Lojistik ve Ta\u015f\u0131mac\u0131l\u0131k: Kol silindiri, forkliftlerde ve ta\u015f\u0131ma robotlar\u0131nda \u00e7atal\u0131n kald\u0131r\u0131lmas\u0131n\u0131 ve hareketini kontrol etmek, malzeme ta\u015f\u0131ma ve istifleme i\u015flemlerini ger\u00e7ekle\u015ftirmek i\u00e7in kullan\u0131l\u0131r.<\/p>\n<p>Tasar\u0131m Hususlar\u0131 ve Se\u00e7im Kriterleri<\/p>\n<p>Kol silindirinin tasar\u0131m\u0131nda a\u015fa\u011f\u0131daki fakt\u00f6rler dikkate al\u0131nmal\u0131d\u0131r:<\/p>\n<p>1. Ta\u015f\u0131ma kapasitesi: Kol silindiri, \u00f6zellikle a\u011f\u0131r i\u015f makinelerinde, maksimum y\u00fck\u00fc ta\u015f\u0131yabilecek kapasitede olmal\u0131d\u0131r.<\/p>\n<p>2. S\u0131zd\u0131rmazl\u0131k: Kol silindirinde, poli\u00fcretan veya nitril kau\u00e7uk gibi a\u015f\u0131nmaya dayan\u0131kl\u0131 malzemelerden yap\u0131lm\u0131\u015f piston contalar\u0131 ve mil contalar\u0131 gibi \u00e7e\u015fitli s\u0131zd\u0131rmazl\u0131k bile\u015fenleri kullan\u0131lmal\u0131d\u0131r. Silindir g\u00f6vdesi ve di\u015fli y\u00fczeyi, a\u015f\u0131nma direncini art\u0131rmak i\u00e7in geli\u015fmi\u015f bir i\u015flemden ge\u00e7irilmelidir.<\/p>\n<p>3. Dayan\u0131kl\u0131l\u0131k: Kol silindiri, iyi korozyon direnci, a\u015f\u0131nma direnci ve m\u00fckemmel yorulma direnci \u00f6zelliklerine sahip y\u00fcksek kaliteli malzemelerden \u00fcretilmelidir.<\/p>\n<p>4. G\u00fcvenlik: Kol silindiri g\u00fcvenlik standartlar\u0131na uygun olmal\u0131 ve a\u015f\u0131r\u0131 y\u00fck korumas\u0131 ve bas\u0131n\u00e7 tahliyesi gibi g\u00fcvenlik \u00f6nlemleri al\u0131nmal\u0131d\u0131r.<\/p>\n<p>5. Bak\u0131m Kolayl\u0131\u011f\u0131: Kol silindirinin bak\u0131m\u0131 kolay olmal\u0131, yedek ve onar\u0131m par\u00e7alar\u0131 kolayca bulunabilmelidir.<\/p>\n<p>Kol Silindirinin S\u0131zd\u0131rmazl\u0131\u011f\u0131 ve Ya\u011flanmas\u0131<\/p>\n<p>Kol silindirinin kullan\u0131m \u00f6mr\u00fcn\u00fc uzatmak i\u00e7in uygun s\u0131zd\u0131rmazl\u0131k ve ya\u011flama gereklidir. Poli\u00fcretan veya nitril kau\u00e7uk gibi a\u015f\u0131nmaya dayan\u0131kl\u0131 malzemelerden yap\u0131lm\u0131\u015f piston contalar\u0131 ve mil contalar\u0131 gibi \u00e7e\u015fitli s\u0131zd\u0131rmazl\u0131k bile\u015fenleri kullan\u0131lmal\u0131d\u0131r. Silindir g\u00f6vdesi ve di\u015fli y\u00fczeyi, a\u015f\u0131nma direncini art\u0131rmak i\u00e7in geli\u015fmi\u015f i\u015flemlerden ge\u00e7irilmelidir. Silindir, uygun ya\u011flamay\u0131 sa\u011flamak i\u00e7in uygun bir hidrolik ya\u011f kullanmal\u0131d\u0131r.<\/p>\n<p>\u00d6nleyici Bak\u0131m ve Sorun Giderme<\/p>\n<p>Kol silindirinin d\u00fczg\u00fcn \u00e7al\u0131\u015fmas\u0131n\u0131 sa\u011flamak i\u00e7in periyodik kontroller ve \u00f6nleyici bak\u0131m gereklidir. A\u015fa\u011f\u0131daki \u00f6nleyici tedbirler al\u0131nmal\u0131d\u0131r:<\/p>\n<p>1. Silindiri d\u00fczenli olarak s\u0131z\u0131nt\u0131, hasar veya a\u015f\u0131nma a\u00e7\u0131s\u0131ndan kontrol edin.<\/p>\n<p>2. Hidrolik ya\u011f seviyesini d\u00fczenli olarak kontrol edin ve ya\u011f\u0131 periyodik olarak de\u011fi\u015ftirin.<\/p>\n<p>3. Silindiri temizleyin ve uygun ya\u011flay\u0131c\u0131larla ya\u011flay\u0131n.<\/p>\n<p>4. Ar\u0131zal\u0131 veya a\u015f\u0131nm\u0131\u015f par\u00e7alar\u0131 derhal de\u011fi\u015ftirin.<\/p>\n<p>Herhangi bir ar\u0131za veya sorun durumunda, a\u015fa\u011f\u0131daki sorun giderme ad\u0131mlar\u0131 izlenebilir:<\/p>\n<p>1. Silindirde s\u0131z\u0131nt\u0131 veya hasar olup olmad\u0131\u011f\u0131n\u0131 kontrol edin.<\/p>\n<p>2. Hidrolik ya\u011f seviyesini ve kalitesini kontrol edin.<\/p>\n<p>3. Sistem bas\u0131nc\u0131n\u0131 ve ak\u0131\u015f h\u0131z\u0131n\u0131 kontrol edin.<\/p>\n<p>4. Kontrol vanas\u0131n\u0131 ve di\u011fer par\u00e7alar\u0131 ar\u0131za a\u00e7\u0131s\u0131ndan kontrol edin.<\/p>\n<p>5. Yard\u0131m i\u00e7in \u00fcreticiye veya profesyonel bir teknisyene dan\u0131\u015f\u0131n.<\/p>\n<p>Kurulum K\u0131lavuzu<\/p>\n<p>Yuchai YC135-8 i\u00e7in kol silindirini takmak i\u00e7in a\u015fa\u011f\u0131daki ad\u0131mlar\u0131 izleyin:<\/p>\n<p>1. Kolun ve silindirin montaj y\u00fczeylerini temizleyin.<\/p>\n<p>2. Silindiri kol montaj y\u00fczeyiyle hizalay\u0131n ve montaj pimlerini tak\u0131n.<\/p>\n<p>3. Montaj c\u0131vatalar\u0131n\u0131 ve somunlar\u0131n\u0131 iyice s\u0131k\u0131n.<\/p>\n<p>4. Hidrolik hortumlar\u0131 ve ba\u011flant\u0131 par\u00e7alar\u0131n\u0131 \u00fcreticinin talimatlar\u0131na g\u00f6re ba\u011flay\u0131n.<\/p>\n<p>5. Silindirin \u00e7al\u0131\u015fmas\u0131n\u0131 kontrol edin ve y\u00fck alt\u0131nda test edin.<\/p>\n<p>G\u00fcvenlik Hususlar\u0131 ve \u00c7evresel Fakt\u00f6rler<\/p>\n<p>Kol silindiri g\u00fcvenlik standartlar\u0131na uygun olmal\u0131 ve a\u015f\u0131r\u0131 y\u00fck korumas\u0131 ve bas\u0131n\u00e7 tahliyesi gibi g\u00fcvenlik \u00f6nlemleri al\u0131nmal\u0131d\u0131r. Silindir uygun \u00e7evre ko\u015fullar\u0131nda kullan\u0131lmal\u0131 ve kullan\u0131lan hidrolik ya\u011f, \u00e7evre y\u00f6netmeliklerine uyularak uygun \u015fekilde bertaraf edilmelidir.<\/p>\n<p>\u015eirketimiz<\/p>\n<p>Profesyonel bir hidrolik silindir yedek par\u00e7a \u00fcreticisiyiz ve geni\u015f bir \u00fcr\u00fcn ve hizmet yelpazesi sunuyoruz. \u00dcr\u00fcnlerimiz, g\u00fcvenilirlik ve dayan\u0131kl\u0131l\u0131k sa\u011flamak i\u00e7in y\u00fcksek kaliteli malzemeler ve ileri teknoloji ile \u00fcretilmektedir. M\u00fc\u015fterilerimizin \u00e7e\u015fitli ihtiya\u00e7lar\u0131n\u0131 kar\u015f\u0131lamaya ve m\u00fckemmel m\u00fc\u015fteri hizmeti sunmaya \u00e7al\u0131\u015f\u0131yoruz. \u015eirketimiz uluslararas\u0131 kurulu\u015flar taraf\u0131ndan sertifikaland\u0131r\u0131lm\u0131\u015ft\u0131r ve m\u00fc\u015fterilerimize \u00f6zel \u00e7\u00f6z\u00fcmler ve teknik destek sunuyoruz. \u00dcr\u00fcn kalitesini ve yenili\u011fini sa\u011flamak i\u00e7in geli\u015fmi\u015f \u00fcretim ekipmanlar\u0131 ve denetim sistemleri kullan\u0131yoruz.<\/p>\n<p>Yazar: lyl<\/p>","protected":false},"excerpt":{"rendered":"<p>Arm Cylinder For Yuchai YC135-8 Arm cylinder is a specially designed hydraulic cylinder that is primarily used to provide linear motion and power to the arms of various machinery, such as excavators, cranes, and mechanical arms. The arm cylinder plays a crucial role in hydraulic systems, enabling the movement and control of attached tools or [&hellip;]<\/p>","protected":false},"featured_media":14766,"comment_status":"open","ping_status":"closed","template":"","meta":{"_et_pb_use_builder":"","_et_pb_old_content":"","_et_gb_content_width":""},"product_brand":[],"product_cat":[1497],"product_tag":[1498,1496],"class_list":{"0":"post-16794","1":"product","2":"type-product","3":"status-publish","4":"has-post-thumbnail","6":"product_cat-arm-cylinders","7":"product_tag-arm-cylinders","8":"product_tag-hydraulic-cylinders","10":"first","11":"instock","12":"shipping-taxable","13":"product-type-simple"},"amp_enabled":true,"_links":{"self":[{"href":"https:\/\/www.hydraulic-cylinders.net\/tr\/wp-json\/wp\/v2\/product\/16794","targetHints":{"allow":["GET"]}}],"collection":[{"href":"https:\/\/www.hydraulic-cylinders.net\/tr\/wp-json\/wp\/v2\/product"}],"about":[{"href":"https:\/\/www.hydraulic-cylinders.net\/tr\/wp-json\/wp\/v2\/types\/product"}],"replies":[{"embeddable":true,"href":"https:\/\/www.hydraulic-cylinders.net\/tr\/wp-json\/wp\/v2\/comments?post=16794"}],"wp:featuredmedia":[{"embeddable":true,"href":"https:\/\/www.hydraulic-cylinders.net\/tr\/wp-json\/wp\/v2\/media\/14766"}],"wp:attachment":[{"href":"https:\/\/www.hydraulic-cylinders.net\/tr\/wp-json\/wp\/v2\/media?parent=16794"}],"wp:term":[{"taxonomy":"product_brand","embeddable":true,"href":"https:\/\/www.hydraulic-cylinders.net\/tr\/wp-json\/wp\/v2\/product_brand?post=16794"},{"taxonomy":"product_cat","embeddable":true,"href":"https:\/\/www.hydraulic-cylinders.net\/tr\/wp-json\/wp\/v2\/product_cat?post=16794"},{"taxonomy":"product_tag","embeddable":true,"href":"https:\/\/www.hydraulic-cylinders.net\/tr\/wp-json\/wp\/v2\/product_tag?post=16794"}],"curies":[{"name":"wp","href":"https:\/\/api.w.org\/{rel}","templated":true}]}}