{"id":16795,"date":"2025-01-21T05:54:54","date_gmt":"2025-01-21T05:54:54","guid":{"rendered":"https:\/\/www.hydraulic-cylinders.net\/product\/arm-cylinder-for-yuchai-yc230lc-8\/"},"modified":"2025-01-21T05:54:56","modified_gmt":"2025-01-21T05:54:56","slug":"arm-cylinder-for-yuchai-yc230lc-8","status":"publish","type":"product","link":"https:\/\/www.hydraulic-cylinders.net\/tr\/urun\/arm-cylinder-for-yuchai-yc230lc-8\/","title":{"rendered":"Yuchai YC230LC-8 i\u00e7in Kol Silindiri"},"content":{"rendered":"<h2>Yuchai YC230LC-8 i\u00e7in Kol Silindiri<\/h2>\n<h3>girii\u015f<\/h3>\n<p>Kol silindiri, ekskavat\u00f6rler, vin\u00e7ler ve mekanik kollar gibi \u00e7e\u015fitli makinelerin koluna do\u011frusal hareket ve g\u00fc\u00e7 sa\u011flamak i\u00e7in \u00f6zel olarak tasarlanm\u0131\u015f bir hidrolik silindirdir. Kol silindiri, hidrolik sistemlerde kritik bir rol oynayarak ata\u015fmanlar\u0131n veya aksesuarlar\u0131n etkili bir \u015fekilde hareket etmesini ve kontrol edilmesini sa\u011flar. Bu silindirler sadece d\u00fczg\u00fcn hareket sa\u011flamakla kalmaz, ayn\u0131 zamanda a\u011f\u0131r y\u00fckleri de ta\u015f\u0131yarak \u00e7e\u015fitli \u00e7al\u0131\u015fma ko\u015fullar\u0131nda makinelerin verimli \u00e7al\u0131\u015fmas\u0131n\u0131 ve g\u00fcvenilirli\u011fini garanti eder.<\/p>\n<p><img decoding=\"async\" src=\"https:\/\/www.hydraulic-cylinders.net\/wp-content\/uploads\/2025\/01\/songte-company-2.webp\"><\/p>\n<h3>\u00d6zellikler<\/h3>\n<ul>\n<li>Y\u00fcksek Verimli Aktar\u0131m \u2013 G\u00fc\u00e7l\u00fc do\u011frusal hareket ve kuvvet sa\u011flayarak, mekanik kollar\u0131n \u00e7e\u015fitli i\u015flemlerde y\u00fcksek performans g\u00f6stermesini garanti eder.<\/li>\n<li>Hassas Kontrol \u2013 Hidrolik sistemler sayesinde, kol silindiri hassas hareket kontrol\u00fc sa\u011flayarak ata\u015fmanlar\u0131n \u00e7al\u0131\u015fmas\u0131n\u0131 daha esnek ve do\u011fru hale getirir.<\/li>\n<li>Y\u00fcksek Dayan\u0131kl\u0131l\u0131k \u2013 Kol silindirleri genellikle y\u00fcksek mukavemetli malzemelerden \u00fcretilir, a\u015f\u0131nma ve korozyona kar\u015f\u0131 iyi diren\u00e7 g\u00f6sterir ve zorlu ortamlarda uzun s\u00fcreli kullan\u0131m i\u00e7in uygundur.<\/li>\n<li>\u00c7ok Fonksiyonlu Uyarlanabilirlik \u2013 Bu silindirler, farkl\u0131 \u00e7al\u0131\u015fma ihtiya\u00e7lar\u0131n\u0131 kar\u015f\u0131lamak \u00fczere ekskavat\u00f6rler, vin\u00e7ler ve i\u015f kollar\u0131 gibi \u00e7e\u015fitli mekanik ekipmanlarda yayg\u0131n olarak kullan\u0131labilir.<\/li>\n<li>Kolay Bak\u0131m \u2013 Kolay bak\u0131m ve de\u011fi\u015ftirme i\u00e7in tasarlanm\u0131\u015ft\u0131r, bu da d\u00fczenli inceleme ve bak\u0131m\u0131 daha kolay hale getirir ve ekipman ar\u0131za s\u00fcresini azalt\u0131r.<\/li>\n<\/ul>\n<p>\u00dcr\u00fcn\u00fcm\u00fcz bu hidrolik silindirlerin yerine m\u00fckemmel bir \u015fekilde ge\u00e7ebilmektedir.<\/p>\n<p><img decoding=\"async\" src=\"https:\/\/www.hydraulic-cylinders.net\/wp-content\/uploads\/2025\/01\/songte-oil-pipes-and-spare-parts.webp\"><\/p>\n<h3>Uygulamalar<\/h3>\n<ul>\n<li>\u0130n\u015faat \u2013 Kol silindirleri, hafriyat, malzeme ta\u015f\u0131ma ve yap\u0131 montaj\u0131 gibi i\u015flerde ekskavat\u00f6r ve vin\u00e7lerdeki kep\u00e7e veya bomlar\u0131n hareketini kontrol etmek i\u00e7in kullan\u0131l\u0131r.<\/li>\n<li>\u00dcretim \u2013 Otomatik \u00fcretim hatlar\u0131nda, montaj, kaynak ve ta\u015f\u0131ma i\u015flemlerinde mekanik kollar\u0131 hareket ettirmek i\u00e7in kol silindirleri kullan\u0131l\u0131r; bu da \u00fcretim verimlili\u011fini ve do\u011frulu\u011funu art\u0131r\u0131r.<\/li>\n<li>Tar\u0131m Makineleri \u2013 Bi\u00e7erd\u00f6ver ve tohum ekme makineleri gibi tar\u0131m makinelerinde, kol silindirleri, tohum ekme, g\u00fcbreleme ve hasat gibi g\u00f6revleri yerine getirmek i\u00e7in \u00e7al\u0131\u015fma kollar\u0131n\u0131n hareketini kontrol eder.<\/li>\n<li>Madencilik \u2013 Madencilik ekipmanlar\u0131nda, cevher \u00e7\u0131karma ve ta\u015f\u0131ma i\u015flemlerinde ekipmanlar\u0131n kol hareketini kontrol etmek i\u00e7in kol silindirleri kullan\u0131l\u0131r.<\/li>\n<li>Lojistik ve Ta\u015f\u0131mac\u0131l\u0131k \u2013 Forkliftlerde ve ta\u015f\u0131ma robotlar\u0131nda, malzeme ta\u015f\u0131ma ve istifleme i\u015flemlerini ger\u00e7ekle\u015ftirmek i\u00e7in \u00e7atallar\u0131n kald\u0131rma ve hareketini kontrol etmek amac\u0131yla kol silindirleri kullan\u0131l\u0131r.<\/li>\n<\/ul>\n<h3>Tasar\u0131m Hususlar\u0131 ve Se\u00e7im Kriterleri<\/h3>\n<ul>\n<li>Ta\u015f\u0131ma Kapasitesi \u2013 Silindir, kald\u0131r\u0131lan ve ta\u015f\u0131nan cismin a\u011f\u0131rl\u0131\u011f\u0131n\u0131 ta\u015f\u0131yabilecek kapasitede olmal\u0131d\u0131r.<\/li>\n<li>S\u0131zd\u0131rmazl\u0131k \u2013 Silindirin ya\u011f s\u0131z\u0131nt\u0131s\u0131n\u0131 \u00f6nlemek ve verimli \u00e7al\u0131\u015fmay\u0131 sa\u011flamak i\u00e7in iyi bir s\u0131zd\u0131rmazl\u0131k performans\u0131na sahip olmas\u0131 gerekir.<\/li>\n<li>Dayan\u0131kl\u0131l\u0131k \u2013 Silindir, zorlu \u00e7al\u0131\u015fma ko\u015fullar\u0131na dayanabilmesi ve uzun s\u00fcreli kullan\u0131m sa\u011flayabilmesi i\u00e7in y\u00fcksek mukavemetli, a\u015f\u0131nma ve korozyon direnci y\u00fcksek malzemelerden \u00fcretilmelidir.<\/li>\n<li>G\u00fcvenlik \u2013 Silindir, kazalar\u0131 \u00f6nlemek i\u00e7in bas\u0131n\u00e7 tahliye vanalar\u0131 gibi g\u00fcvenlik \u00f6zellikleriyle tasarlanmal\u0131d\u0131r.<\/li>\n<li>Bak\u0131m Kolayl\u0131\u011f\u0131 \u2013 Silindirin bak\u0131m\u0131 ve onar\u0131m\u0131 kolay olmal\u0131, par\u00e7alar\u0131 de\u011fi\u015ftirilebilir ve montaj tasar\u0131m\u0131 basit olmal\u0131d\u0131r.<\/li>\n<\/ul>\n<p><img decoding=\"async\" src=\"https:\/\/www.hydraulic-cylinders.net\/wp-content\/uploads\/2025\/01\/songte-cylinder-head-with-all-kinds-excavator-models.webp\"><\/p>\n<h3>S\u0131zd\u0131rmazl\u0131k ve Ya\u011flama<\/h3>\n<p>Kol silindiri, iyi bir s\u0131zd\u0131rmazl\u0131k performans\u0131 sa\u011flamak i\u00e7in poli\u00fcretan ve nitril kau\u00e7uk gibi a\u015f\u0131nmaya dayan\u0131kl\u0131 malzemelerden yap\u0131lm\u0131\u015f piston contalar\u0131 ve mil contalar\u0131 gibi \u00e7e\u015fitli s\u0131zd\u0131rmazl\u0131k bile\u015fenleri kullan\u0131r. Silindir g\u00f6vdesi ve di\u015fli u\u00e7 y\u00fczeyi, a\u015f\u0131nma direncini art\u0131rmak i\u00e7in ince bir \u015fekilde i\u015flenmi\u015ftir. Silindirin d\u00fczenli bak\u0131m\u0131, silindiri ya\u011flamak i\u00e7in uygun miktarda hidrolik ya\u011f eklemeyi i\u00e7erir.<\/p>\n<h3>\u00d6nleyici Bak\u0131m<\/h3>\n<ul>\n<li>A\u015f\u0131nma ve hasar\u0131 tespit etmek i\u00e7in contalar\u0131n, piston kollar\u0131n\u0131n ve silindir g\u00f6vdelerinin d\u00fczenli olarak incelenmesi.<\/li>\n<li>Ya\u011f s\u0131z\u0131nt\u0131s\u0131n\u0131 \u00f6nlemek ve verimli \u00e7al\u0131\u015fmay\u0131 sa\u011flamak i\u00e7in contalar\u0131n ve di\u011fer hasarl\u0131 par\u00e7alar\u0131n d\u00fczenli olarak de\u011fi\u015ftirilmesi gerekir.<\/li>\n<li>Silindirin d\u00fczenli olarak temizlenmesi, pas ve kal\u0131nt\u0131lar\u0131n giderilmesi ve paslanmay\u0131 ve korozyonu \u00f6nlemek i\u00e7in pas \u00f6nleyici ya\u011f uygulanmas\u0131.<\/li>\n<li>Silindirin uygun miktarda hidrolik ya\u011f ile d\u00fczenli olarak ya\u011flanmas\u0131.<\/li>\n<\/ul>\n<p><img decoding=\"async\" src=\"https:\/\/www.hydraulic-cylinders.net\/wp-content\/uploads\/2025\/01\/songte-chushion-collar.webp\"><\/p>\n<h3>Kurulum K\u0131lavuzu<\/h3>\n<ul>\n<li>Silindirin nakliye veya depolama s\u0131ras\u0131nda herhangi bir hasar g\u00f6r\u00fcp g\u00f6rmedi\u011fini kontrol edin.<\/li>\n<li>Montaj y\u00fczeyinin temiz ve d\u00fcz oldu\u011fundan emin olun.<\/li>\n<li>Silindire zarar vermemek i\u00e7in c\u0131vatalar\u0131 s\u0131karken a\u015f\u0131r\u0131 g\u00fc\u00e7 kullanmay\u0131n.<\/li>\n<li>Silindirin dikey olarak ve e\u011fik olmadan monte edildi\u011finden emin olun.<\/li>\n<li>Hidrolik borular\u0131 talimatlara g\u00f6re ba\u011flay\u0131n.<\/li>\n<li>Kullanmadan \u00f6nce silindirin d\u00fczg\u00fcn \u00e7al\u0131\u015f\u0131p \u00e7al\u0131\u015fmad\u0131\u011f\u0131n\u0131 test edin.<\/li>\n<\/ul>\n<h3>G\u00fcvenlik Hususlar\u0131 ve \u00c7evresel Fakt\u00f6rler<\/h3>\n<p>Hidrolik ekipman kullan\u0131rken g\u00fcvenlik son derece \u00f6nemlidir. Kazalar\u0131 \u00f6nlemek i\u00e7in uygun e\u011fitim ve g\u00fcvenlik prosed\u00fcrlerine uyulmal\u0131d\u0131r. Ayr\u0131ca, s\u0131cakl\u0131k, nem ve toz gibi \u00e7evresel fakt\u00f6rler silindirin performans\u0131n\u0131 ve \u00f6mr\u00fcn\u00fc etkileyebilir. Uygun bak\u0131m ve temizlik, silindirin \u00f6mr\u00fcn\u00fc uzatmaya ve g\u00fcvenli \u00e7al\u0131\u015fmay\u0131 sa\u011flamaya yard\u0131mc\u0131 olabilir.<\/p>\n<h3>Sorun Giderme ve Yayg\u0131n Sorunlar<\/h3>\n<p>Kol silindirlerinde s\u0131k kar\u015f\u0131la\u015f\u0131lan sorunlar aras\u0131nda ya\u011f ka\u00e7a\u011f\u0131, dengesiz \u00e7al\u0131\u015fma ve kald\u0131rma kapasitesinde azalma yer al\u0131r. Bu sorunlar a\u015f\u0131nm\u0131\u015f contalar, hasarl\u0131 piston kollar\u0131 veya silindir hizalama hatas\u0131 nedeniyle ortaya \u00e7\u0131kabilir. Bu sorunlar\u0131 te\u015fhis etmek ve \u00e7\u00f6zmek i\u00e7in hasarl\u0131 par\u00e7alar\u0131n incelenmesi ve de\u011fi\u015ftirilmesi ve silindirin do\u011fru \u015fekilde tak\u0131ld\u0131\u011f\u0131ndan emin olunmas\u0131 gerekir. D\u00fczenli bak\u0131m ve kontrol, bu sorunlar\u0131n olu\u015fmas\u0131n\u0131 \u00f6nlemeye yard\u0131mc\u0131 olabilir.<\/p>\n<p><img decoding=\"async\" src=\"https:\/\/www.hydraulic-cylinders.net\/wp-content\/uploads\/2025\/01\/songte-bushings-with-all-kinds-of-excavator-models.webp\"><\/p>\n<h3>Hakk\u0131m\u0131zda<\/h3>\n<p>Geni\u015f \u00fcr\u00fcn yelpazesiyle profesyonel bir yedek hidrolik silindir \u00fcreticisiyiz ve hem yurt i\u00e7i hem de uluslararas\u0131 pazarlarda hidrolik silindirlerin \u00f6nde gelen \u00fcreticilerinden ve toptanc\u0131lar\u0131ndan biriyiz. Her zaman m\u00fckemmel kalite ilkesine ba\u011fl\u0131 kalarak, geli\u015fmi\u015f \u00fcretim at\u00f6lyesinin end\u00fcstriyel \u00fcretim y\u00f6netim stratejisine dayanarak, teknik seviyeyi ve \u00fcretim verimlili\u011fini s\u00fcrekli olarak geli\u015ftiriyoruz. Geli\u015fmi\u015f dijital \u00fcretim ekipmanlar\u0131 ve profesyonel test sistemlerinin \ub3c4\uc785 edilmesiyle, \u00fcretim platformunu s\u00fcrekli olarak optimize ediyor, \u00fcr\u00fcnlerin kalite kontrol s\u00fcrecini iyile\u015ftiriyor ve g\u00fc\u00e7l\u00fc bir inovasyon yetene\u011fine sahibiz. Amac\u0131m\u0131z, y\u00fcksek verimlilik, hassasiyet ve y\u00fcksek kalite ile m\u00fc\u015fterilerin \u00e7e\u015fitlendirilmi\u015f ihtiya\u00e7lar\u0131n\u0131 kar\u015f\u0131lamakt\u0131r.<\/p>\n<h3>Uzmanl\u0131\u011f\u0131m\u0131z<\/h3>\n<ul>\n<li>ISO ve CE gibi uluslararas\u0131 sertifikalar, kalite ve g\u00fcvenli\u011fi garanti eder.<\/li>\n<li>M\u00fc\u015fterilerin \u00f6zel ihtiya\u00e7 ve gereksinimlerini kar\u015f\u0131lamak \u00fczere \u00f6zelle\u015ftirme hizmetleri.<\/li>\n<li>Y\u00fcksek kaliteli \u00fcr\u00fcnlerin \u00fcretimini sa\u011flamak i\u00e7in geli\u015fmi\u015f \u00fcretim ekipmanlar\u0131 ve test sistemleri kullan\u0131lmaktad\u0131r.<\/li>\n<li>M\u00fc\u015fteri memnuniyetini sa\u011flamak i\u00e7in profesyonel sat\u0131\u015f sonras\u0131 servis ve teknik destek.<\/li>\n<\/ul>\n<p><img decoding=\"async\" src=\"https:\/\/www.hydraulic-cylinders.net\/wp-content\/uploads\/2025\/01\/songte-company-4.webp\"><\/p>\n<p>M\u00fc\u015fterilerimize y\u00fcksek kaliteli \u00fcr\u00fcnler ve hizmetler sunmaya ve hidrolik silindir sekt\u00f6r\u00fcnde g\u00fcvenilir bir ortak olmaya kararl\u0131y\u0131z.<\/p>\n<p>Yazar: lyl<\/p>","protected":false},"excerpt":{"rendered":"<p>Arm Cylinder For Yuchai YC230LC-8 Introduction An arm cylinder is a specially designed hydraulic cylinder used primarily to provide linear motion and power for the arm of various types of machinery, such as excavators, cranes, and mechanical arms. The arm cylinder plays a critical role in hydraulic systems, allowing attachments or accessories to move and [&hellip;]<\/p>","protected":false},"featured_media":14763,"comment_status":"open","ping_status":"closed","template":"","meta":{"_et_pb_use_builder":"","_et_pb_old_content":"","_et_gb_content_width":""},"product_brand":[],"product_cat":[1497],"product_tag":[1498,1496],"class_list":{"0":"post-16795","1":"product","2":"type-product","3":"status-publish","4":"has-post-thumbnail","6":"product_cat-arm-cylinders","7":"product_tag-arm-cylinders","8":"product_tag-hydraulic-cylinders","10":"first","11":"instock","12":"shipping-taxable","13":"product-type-simple"},"amp_enabled":true,"_links":{"self":[{"href":"https:\/\/www.hydraulic-cylinders.net\/tr\/wp-json\/wp\/v2\/product\/16795","targetHints":{"allow":["GET"]}}],"collection":[{"href":"https:\/\/www.hydraulic-cylinders.net\/tr\/wp-json\/wp\/v2\/product"}],"about":[{"href":"https:\/\/www.hydraulic-cylinders.net\/tr\/wp-json\/wp\/v2\/types\/product"}],"replies":[{"embeddable":true,"href":"https:\/\/www.hydraulic-cylinders.net\/tr\/wp-json\/wp\/v2\/comments?post=16795"}],"wp:featuredmedia":[{"embeddable":true,"href":"https:\/\/www.hydraulic-cylinders.net\/tr\/wp-json\/wp\/v2\/media\/14763"}],"wp:attachment":[{"href":"https:\/\/www.hydraulic-cylinders.net\/tr\/wp-json\/wp\/v2\/media?parent=16795"}],"wp:term":[{"taxonomy":"product_brand","embeddable":true,"href":"https:\/\/www.hydraulic-cylinders.net\/tr\/wp-json\/wp\/v2\/product_brand?post=16795"},{"taxonomy":"product_cat","embeddable":true,"href":"https:\/\/www.hydraulic-cylinders.net\/tr\/wp-json\/wp\/v2\/product_cat?post=16795"},{"taxonomy":"product_tag","embeddable":true,"href":"https:\/\/www.hydraulic-cylinders.net\/tr\/wp-json\/wp\/v2\/product_tag?post=16795"}],"curies":[{"name":"wp","href":"https:\/\/api.w.org\/{rel}","templated":true}]}}