{"id":16797,"date":"2025-01-21T05:55:02","date_gmt":"2025-01-21T05:55:02","guid":{"rendered":"https:\/\/www.hydraulic-cylinders.net\/product\/arm-cylinder-for-yangong-yg70c\/"},"modified":"2025-01-21T05:55:04","modified_gmt":"2025-01-21T05:55:04","slug":"arm-cylinder-for-yangong-yg70c","status":"publish","type":"product","link":"https:\/\/www.hydraulic-cylinders.net\/tr\/urun\/arm-cylinder-for-yangong-yg70c\/","title":{"rendered":"Yangong YG70C i\u00e7in Kol Silindiri"},"content":{"rendered":"<h2>Yangong YG70C i\u00e7in Kol Silindiri<\/h2>\n<h3>girii\u015f<\/h3>\n<p>Yangong YG70C i\u00e7in tasarlanm\u0131\u015f hidrolik silindir, ekskavat\u00f6rler, vin\u00e7ler ve mekanik kollar da dahil olmak \u00fczere \u00e7e\u015fitli makinelerin kollar\u0131na do\u011frusal hareket ve g\u00fc\u00e7 sa\u011flamak \u00fczere \u00f6zel olarak tasarlanm\u0131\u015ft\u0131r. Hidrolik sistemlerde kritik bir rol oynayan bu silindir, ata\u015fmanlar\u0131n ve aksesuarlar\u0131n etkili hareketini ve kontrol\u00fcn\u00fc sa\u011flar. Bu silindirler sadece d\u00fczg\u00fcn hareket sa\u011flamakla kalmaz, ayn\u0131 zamanda a\u011f\u0131r y\u00fckleri de kald\u0131rarak \u00e7e\u015fitli \u00e7al\u0131\u015fma ko\u015fullar\u0131 alt\u0131nda makinelerin verimli \u00e7al\u0131\u015fmas\u0131n\u0131 ve g\u00fcvenilirli\u011fini garanti eder.<\/p>\n<p><img decoding=\"async\" src=\"https:\/\/www.hydraulic-cylinders.net\/wp-content\/uploads\/2025\/01\/songte-company-2.webp\" alt=\"Yangong YG70C i\u00e7in Kol Silindiri\"><\/p>\n<h3>\u00d6zellikler<\/h3>\n<ul>\n<li>Verimli G\u00fc\u00e7 Aktar\u0131m\u0131: Kol silindiri, \u00e7e\u015fitli i\u015flemler s\u0131ras\u0131nda mekanik kolun y\u00fcksek performans g\u00f6stermesini sa\u011flamak i\u00e7in g\u00fc\u00e7l\u00fc do\u011frusal hareket ve kuvvet sa\u011flar.<\/li>\n<li>Hassas Kontrol: Hidrolik sistem, Kol Silindirinin hassas hareket kontrol\u00fcne olanak tan\u0131yarak ata\u015fmanlar\u0131n \u00e7al\u0131\u015fmas\u0131n\u0131 daha esnek ve do\u011fru hale getirir.<\/li>\n<li>Y\u00fcksek Dayan\u0131kl\u0131l\u0131k: Kol silindiri genellikle y\u00fcksek mukavemetli malzemelerden \u00fcretilir, iyi a\u015f\u0131nma ve korozyon direncine sahiptir, bu da onu zorlu ortamlarda uzun s\u00fcreli kullan\u0131m i\u00e7in uygun hale getirir.<\/li>\n<li>\u00c7ok Fonksiyonlu Uyarlanabilirlik: Bu silindirler, farkl\u0131 \u00e7al\u0131\u015fma gereksinimlerine uyum sa\u011flamak i\u00e7in ekskavat\u00f6rler, vin\u00e7ler ve mekanik kollar gibi \u00e7e\u015fitli makine t\u00fcrlerinde yayg\u0131n olarak kullan\u0131labilir.<\/li>\n<li>Kolay Bak\u0131m: Tasar\u0131m, d\u00fczenli inceleme ve bak\u0131m i\u00e7in kolayl\u0131k ve yedek par\u00e7a teminini g\u00f6z \u00f6n\u00fcnde bulundurarak ekipman ar\u0131za s\u00fcresini azalt\u0131r.<\/li>\n<\/ul>\n<p>\u00dcr\u00fcn\u00fcm\u00fcz bu hidrolik silindirlerin yerine m\u00fckemmel bir \u015fekilde ge\u00e7ebilmektedir.<\/p>\n<p><img decoding=\"async\" src=\"https:\/\/www.hydraulic-cylinders.net\/wp-content\/uploads\/2025\/01\/songte-oil-pipes-and-spare-parts.webp\" alt=\"Hidrolik Silindir Par\u00e7alar\u0131\"><\/p>\n<h3>Uygulamalar<\/h3>\n<p>Yangong YG70C i\u00e7in \u00fcretilen kol silindiri, a\u015fa\u011f\u0131dakiler dahil olmak \u00fczere \u00e7e\u015fitli sekt\u00f6rlerde ve makinelerde kullan\u0131labilir:<\/p>\n<ul>\n<li>\u0130n\u015faat: Ekskavat\u00f6rlerde ve vin\u00e7lerde, kol silindiri, toprak ta\u015f\u0131ma, malzeme ta\u015f\u0131ma ve yap\u0131sal kurulum i\u00e7in kep\u00e7enin veya bomun hareketini kontrol eder.<\/li>\n<li>\u00dcretim: Otomatik \u00fcretim hatlar\u0131nda, Kol Silindiri, montaj, kaynak ve ta\u015f\u0131ma i\u015flemlerinde mekanik kollar\u0131n hareketini kontrol ederek \u00fcretim verimlili\u011fini ve do\u011frulu\u011funu art\u0131r\u0131r.<\/li>\n<li>Tar\u0131m: Bi\u00e7erd\u00f6ver ve tohum ekme makineleri gibi tar\u0131m makinelerinde, Kol Silindiri, tohum ekme, g\u00fcbreleme ve hasat i\u015flemleri i\u00e7in \u00e7al\u0131\u015fma kolunun hareketini kontrol eder.<\/li>\n<li>Madencilik: Madencilik ekipmanlar\u0131nda, Kol Silindiri, cevher \u00e7\u0131karma ve ta\u015f\u0131ma i\u015flemlerinde kolun hareketini kontrol eder.<\/li>\n<li>Lojistik ve Ta\u015f\u0131mac\u0131l\u0131k: Forkliftlerde ve ta\u015f\u0131ma robotlar\u0131nda, Kol Silindiri, malzemeleri ta\u015f\u0131mak ve istiflemek i\u00e7in \u00e7atal\u0131n kald\u0131r\u0131lmas\u0131n\u0131 ve hareket ettirilmesini kontrol eder.<\/li>\n<\/ul>\n<h3>Tasar\u0131m Hususlar\u0131 ve Se\u00e7im Standartlar\u0131<\/h3>\n<p>Kol silindiri tasar\u0131m\u0131nda y\u00fck ta\u015f\u0131ma kapasitesi, s\u0131zd\u0131rmazl\u0131k, dayan\u0131kl\u0131l\u0131k, g\u00fcvenlik ve bak\u0131m kolayl\u0131\u011f\u0131 gibi temel fakt\u00f6rler dikkate al\u0131nm\u0131\u015ft\u0131r. <\/p>\n<ul>\n<li>Ta\u015f\u0131ma Kapasitesi: Kol silindiri, sorunsuz \u00e7al\u0131\u015fmay\u0131 korurken a\u011f\u0131r y\u00fckleri destekleyecek \u015fekilde tasarlanm\u0131\u015ft\u0131r.<\/li>\n<li>S\u0131zd\u0131rmazl\u0131k: M\u00fckemmel s\u0131zd\u0131rmazl\u0131k performans\u0131 elde etmek i\u00e7in poli\u00fcretan ve nitril kau\u00e7uk gibi a\u015f\u0131nmaya dayan\u0131kl\u0131 malzemelerden yap\u0131lm\u0131\u015f piston contalar\u0131 ve mil contalar\u0131 gibi \u00e7e\u015fitli s\u0131zd\u0131rmazl\u0131k bile\u015fenleri kullan\u0131l\u0131r.<\/li>\n<li>Dayan\u0131kl\u0131l\u0131k: Silindir g\u00f6vdesi, zorlu ortamlarda m\u00fckemmel a\u015f\u0131nma ve korozyon direnci sa\u011flamak i\u00e7in y\u00fcksek mukavemetli malzemeler kullan\u0131larak \u00fcretilmi\u015ftir.<\/li>\n<li>G\u00fcvenlik: \u00c7al\u0131\u015fma s\u0131ras\u0131nda kazalar\u0131 \u00f6nlemek i\u00e7in g\u00fcvenilir bir g\u00fcvenlik sistemi uygulanmaktad\u0131r.<\/li>\n<li>Bak\u0131m Kolayl\u0131\u011f\u0131: Tasar\u0131m, par\u00e7alar\u0131n kolay ve pratik bir \u015fekilde bak\u0131m\u0131n\u0131 ve de\u011fi\u015ftirilmesini sa\u011flayarak ar\u0131za s\u00fcresini ve bak\u0131m maliyetlerini azalt\u0131r.<\/li>\n<\/ul>\n<p><img decoding=\"async\" src=\"https:\/\/www.hydraulic-cylinders.net\/wp-content\/uploads\/2025\/01\/songte-cylinder-head-with-all-kinds-excavator-models.webp\" alt=\"Silindir Kapa\u011f\u0131\"><\/p>\n<h3>S\u0131zd\u0131rmazl\u0131k ve Ya\u011flama<\/h3>\n<p>Kol silindiri, m\u00fckemmel s\u0131zd\u0131rmazl\u0131k performans\u0131 elde etmek i\u00e7in poli\u00fcretan ve nitril kau\u00e7uk gibi a\u015f\u0131nmaya dayan\u0131kl\u0131 malzemelerden yap\u0131lm\u0131\u015f \u00e7e\u015fitli s\u0131zd\u0131rmazl\u0131k bile\u015fenleri kullan\u0131r. Silindir g\u00f6vdesi ve di\u015fli u\u00e7 y\u00fczeyi, a\u015f\u0131nma direncini art\u0131rmak i\u00e7in ince bir \u015fekilde i\u015flenmi\u015ftir. Ya\u011flama i\u00e7in uygun hidrolik ya\u011f\u0131n d\u00fczenli olarak eklenmesi gereklidir.<\/p>\n<h3>Bak\u0131m ve \u00d6nleyici Tedbirler<\/h3>\n<p>Kol silindirinin verimli ve g\u00fcvenilir \u00e7al\u0131\u015fmas\u0131n\u0131 sa\u011flamak i\u00e7in d\u00fczenli kontroller ve \u00f6nleyici bak\u0131m \u00f6nlemleri gereklidir. Bu \u00f6nlemler \u015funlar\u0131 i\u00e7erir:<\/p>\n<ul>\n<li>Pistonu, silindiri ve di\u011fer par\u00e7alar\u0131 d\u00fczenli olarak a\u015f\u0131nma ve hasar a\u00e7\u0131s\u0131ndan kontrol edin.<\/li>\n<li>\u0130yi bir s\u0131zd\u0131rmazl\u0131k performans\u0131 sa\u011flamak i\u00e7in piston contas\u0131 ve mil contas\u0131 gibi s\u0131zd\u0131rmazl\u0131k bile\u015fenlerini d\u00fczenli olarak de\u011fi\u015ftirin.<\/li>\n<li>Silindirin d\u00fczg\u00fcn ya\u011flanmas\u0131n\u0131 sa\u011flamak i\u00e7in d\u00fczenli olarak uygun miktarda hidrolik ya\u011f ekleyin.<\/li>\n<li>Kol silindiri kullan\u0131lmad\u0131\u011f\u0131 zamanlarda nemden ve paslanmadan korunmas\u0131 i\u00e7in kuru ve temiz bir yerde saklanmal\u0131d\u0131r.<\/li>\n<\/ul>\n<p><img decoding=\"async\" src=\"https:\/\/www.hydraulic-cylinders.net\/wp-content\/uploads\/2025\/01\/songte-chushion-collar.webp\" alt=\"Yast\u0131k Yaka\"><\/p>\n<h3>Kurulum K\u0131lavuzu<\/h3>\n<p>Kol silindirini takarken \u015fu ad\u0131mlar\u0131 izleyin:<\/p>\n<ol>\n<li>Ekipman\u0131n ve silindirin montaj y\u00fczeylerini temizleyin ve kontrol edin.<\/li>\n<li>S\u0131zd\u0131rmazl\u0131k elemanlar\u0131na zarar vermemeye \u00f6zen g\u00f6stererek silindiri tak\u0131n.<\/li>\n<li>Hidrolik hortumlar\u0131 ba\u011flay\u0131n ve iyice sabitlendi\u011finden emin olun.<\/li>\n<li>Silindirin hareket ve s\u0131zd\u0131rmazl\u0131k performans\u0131 da dahil olmak \u00fczere do\u011fru \u00e7al\u0131\u015f\u0131p \u00e7al\u0131\u015fmad\u0131\u011f\u0131n\u0131 test edin.<\/li>\n<\/ol>\n<h3>G\u00fcvenlik ve \u00c7evresel Hususlar<\/h3>\n<p>Kol silindirinin montaj\u0131, \u00e7al\u0131\u015ft\u0131r\u0131lmas\u0131 ve bak\u0131m\u0131 s\u0131ras\u0131nda uygun g\u00fcvenlik \u00f6nlemleri al\u0131nmal\u0131d\u0131r. G\u00fcvenlik \u00f6nlemleri aras\u0131nda koruyucu ekipman giyilmesi, operat\u00f6rlerin uygun \u015fekilde e\u011fitilmesi ve sertifikaland\u0131r\u0131lmas\u0131 ile ilgili t\u00fcm g\u00fcvenlik y\u00f6netmeliklerine ve y\u00f6nergelerine uyulmas\u0131 yer almaktad\u0131r. \u00c7evresel hususlar aras\u0131nda hidrolik ya\u011f\u0131n ve di\u011fer tehlikeli maddelerin uygun \u015fekilde kullan\u0131m\u0131 ve bertaraf\u0131 bulunmaktad\u0131r.<\/p>\n<h3>Ar\u0131za Te\u015fhisi ve Yayg\u0131n Sorunlar<\/h3>\n<p>Kol silindirinde s\u0131k kar\u015f\u0131la\u015f\u0131lan sorunlar aras\u0131nda yetersiz hareket, s\u0131z\u0131nt\u0131 ve s\u0131zd\u0131rmazl\u0131k bile\u015fenlerinde hasar yer al\u0131r. Ar\u0131za te\u015fhis ve sorun giderme y\u00f6ntemleri \u015funlard\u0131r:<\/p>\n<ul>\n<li>Hidrolik ya\u011f seviyesinin ve kalitesinin kontrol edilmesi.<\/li>\n<li>S\u0131zd\u0131rmazl\u0131k elemanlar\u0131n\u0131n a\u015f\u0131nma ve hasar a\u00e7\u0131s\u0131ndan incelenmesi ve gerekirse de\u011fi\u015ftirilmesi.<\/li>\n<li>Silindirin do\u011fru \u015fekilde tak\u0131l\u0131p tak\u0131lmad\u0131\u011f\u0131n\u0131 ve hizalan\u0131p hizalanmad\u0131\u011f\u0131n\u0131 kontrol etmek.<\/li>\n<li>Piston, silindir veya di\u011fer bile\u015fenlerde hasar olup olmad\u0131\u011f\u0131n\u0131 kontrol etmek.<\/li>\n<\/ul>\n<p>Olas\u0131 sorunlar\u0131 \u00f6nlemek i\u00e7in al\u0131nacak \u00f6nleyici tedbirler aras\u0131nda d\u00fczenli kontroller, uygun bak\u0131m ve \u00fcreticinin \u00f6nerdi\u011fi i\u015fletim prosed\u00fcrlerine uyulmas\u0131 yer almaktad\u0131r.<\/p>\n<p><img decoding=\"async\" src=\"https:\/\/www.hydraulic-cylinders.net\/wp-content\/uploads\/2025\/01\/songte-bushings-with-all-kinds-of-excavator-models.webp\" alt=\"Bur\u00e7lar\"><\/p>\n<h3>Hakk\u0131m\u0131zda<\/h3>\n<p>Geni\u015f \u00fcr\u00fcn yelpazesine sahip profesyonel bir hidrolik silindir yedek par\u00e7a \u00fcreticisiyiz. Yurti\u00e7i ve yurtd\u0131\u015f\u0131 pazarlarda \u00f6nde gelen hidrolik silindir \u00fcreticilerinden ve toptanc\u0131lar\u0131ndan biri haline geldik. Her zaman m\u00fckemmel kalite ilkesine ba\u011fl\u0131 kal\u0131yoruz ve rafine edilmi\u015f \u00fcretim at\u00f6lyemizde end\u00fcstriyel \u00fcretim y\u00f6netim stratejilerine dayanarak teknik seviyemizi ve \u00fcretim verimlili\u011fimizi s\u00fcrekli olarak geli\u015ftiriyoruz. Geli\u015fmi\u015f dijital \u00fcretim ekipmanlar\u0131 ve profesyonel test sistemleri kullanarak, \u00fcretim platformunu s\u00fcrekli olarak optimize ediyor, \u00fcr\u00fcn kalite kontrol s\u00fcrecini iyile\u015ftiriyor ve g\u00fc\u00e7l\u00fc inovasyon yeteneklerine sahibiz. Amac\u0131m\u0131z, m\u00fc\u015fterilerimizin \u00e7e\u015fitli ihtiya\u00e7lar\u0131n\u0131 y\u00fcksek verimlilik, do\u011fruluk ve y\u00fcksek kalite ile kar\u015f\u0131lamakt\u0131r.<\/p>\n<h3>Hizmetlerimiz<\/h3>\n<p>\u015eirketimiz a\u015fa\u011f\u0131daki alanlarda profesyonel hizmetler sunmaktad\u0131r:<\/p>\n<ul>\n<li>Profesyonellik: Profesyonel teknik destek ve hizmetler sunmak i\u00e7in deneyimli m\u00fchendis ve teknisyenlerden olu\u015fan bir ekibimiz var.<\/li>\n<li>Uluslararas\u0131 Sertifikalar: \u00dcr\u00fcnlerimiz ISO9001:2015, CE ve SGS gibi \u00e7e\u015fitli uluslararas\u0131 sertifikalardan ge\u00e7mi\u015ftir.<\/li>\n<li>\u00d6zelle\u015ftirme: Hidrolik silindirler konusunda \u00f6zel gereksinimleri olan m\u00fc\u015fterilerimiz i\u00e7in \u00f6zelle\u015ftirilmi\u015f hizmetler sunuyoruz.<\/li>\n<li>\u00dcretim Ekipmanlar\u0131: Hidrolik silindir \u00fcretimi i\u00e7in geli\u015fmi\u015f CNC torna tezgahlar\u0131na, freze makinelerine ve di\u011fer profesyonel ekipmanlara sahibiz.<\/li>\n<li>Sat\u0131\u015f Sonras\u0131 Hizmet: M\u00fc\u015fterilerimizin kar\u015f\u0131la\u015ft\u0131\u011f\u0131 her t\u00fcrl\u00fc sorunu \u00e7\u00f6zmek i\u00e7in zaman\u0131nda ve etkili sat\u0131\u015f sonras\u0131 hizmet sunuyoruz.<\/li>\n<\/ul>\n<p><img decoding=\"async\" src=\"https:\/\/www.hydraulic-cylinders.net\/wp-content\/uploads\/2025\/01\/songte-company-4.webp\" alt=\"\u015eirket\"><\/p>\n<p><img decoding=\"async\" src=\"https:\/\/www.hydraulic-cylinders.net\/wp-content\/uploads\/2025\/01\/songte-company-3.webp\" alt=\"\u015eirket\"><\/p>\n<p>Yazar: lyl<\/p>","protected":false},"excerpt":{"rendered":"<p>Arm Cylinder For Yangong YG70C Introduction The Arm Cylinder for Yangong YG70C is a hydraulic cylinder designed specifically to provide linear motion and power to the arms of various types of machinery, including excavators, cranes, and mechanical arms. The Arm Cylinder plays a critical role in hydraulic systems, enabling the effective movement and control of [&hellip;]<\/p>","protected":false},"featured_media":14786,"comment_status":"open","ping_status":"closed","template":"","meta":{"_et_pb_use_builder":"","_et_pb_old_content":"","_et_gb_content_width":""},"product_brand":[],"product_cat":[1497],"product_tag":[1498,1496],"class_list":{"0":"post-16797","1":"product","2":"type-product","3":"status-publish","4":"has-post-thumbnail","6":"product_cat-arm-cylinders","7":"product_tag-arm-cylinders","8":"product_tag-hydraulic-cylinders","10":"first","11":"instock","12":"shipping-taxable","13":"product-type-simple"},"amp_enabled":true,"_links":{"self":[{"href":"https:\/\/www.hydraulic-cylinders.net\/tr\/wp-json\/wp\/v2\/product\/16797","targetHints":{"allow":["GET"]}}],"collection":[{"href":"https:\/\/www.hydraulic-cylinders.net\/tr\/wp-json\/wp\/v2\/product"}],"about":[{"href":"https:\/\/www.hydraulic-cylinders.net\/tr\/wp-json\/wp\/v2\/types\/product"}],"replies":[{"embeddable":true,"href":"https:\/\/www.hydraulic-cylinders.net\/tr\/wp-json\/wp\/v2\/comments?post=16797"}],"wp:featuredmedia":[{"embeddable":true,"href":"https:\/\/www.hydraulic-cylinders.net\/tr\/wp-json\/wp\/v2\/media\/14786"}],"wp:attachment":[{"href":"https:\/\/www.hydraulic-cylinders.net\/tr\/wp-json\/wp\/v2\/media?parent=16797"}],"wp:term":[{"taxonomy":"product_brand","embeddable":true,"href":"https:\/\/www.hydraulic-cylinders.net\/tr\/wp-json\/wp\/v2\/product_brand?post=16797"},{"taxonomy":"product_cat","embeddable":true,"href":"https:\/\/www.hydraulic-cylinders.net\/tr\/wp-json\/wp\/v2\/product_cat?post=16797"},{"taxonomy":"product_tag","embeddable":true,"href":"https:\/\/www.hydraulic-cylinders.net\/tr\/wp-json\/wp\/v2\/product_tag?post=16797"}],"curies":[{"name":"wp","href":"https:\/\/api.w.org\/{rel}","templated":true}]}}