{"id":16803,"date":"2025-01-21T05:55:31","date_gmt":"2025-01-21T05:55:31","guid":{"rendered":"https:\/\/www.hydraulic-cylinders.net\/product\/arm-cylinder-for-xinyuan-crawler-excavator-xy90\/"},"modified":"2025-01-21T05:55:34","modified_gmt":"2025-01-21T05:55:34","slug":"arm-cylinder-for-xinyuan-crawler-excavator-xy90","status":"publish","type":"product","link":"https:\/\/www.hydraulic-cylinders.net\/tr\/urun\/arm-cylinder-for-xinyuan-crawler-excavator-xy90\/","title":{"rendered":"Xinyuan Paletli Ekskavat\u00f6r XY90 i\u00e7in Kol Silindiri"},"content":{"rendered":"<h1>Xinyuan Paletli Ekskavat\u00f6r XY90 i\u00e7in Kol Silindiri<\/h1>\n<h2>girii\u015f<\/h2>\n<p>Xinyuan Paletli Ekskavat\u00f6r XY90 Kol Silindiri, ekskavat\u00f6rler, vin\u00e7ler ve robotik kollar gibi \u00e7e\u015fitli makinelerin kollar\u0131na do\u011frusal hareket ve g\u00fc\u00e7 sa\u011flamak \u00fczere tasarlanm\u0131\u015f \u00f6zel bir hidrolik silindirdir. Kol silindiri, hidrolik sistemlerde kritik bir rol oynar ve ek alet veya ata\u015fmanlar\u0131n verimli bir \u015fekilde hareket etmesini ve kontrol edilmesini sa\u011flar. Bu silindirler sadece d\u00fczg\u00fcn hareket sa\u011flamakla kalmaz, ayn\u0131 zamanda a\u011f\u0131r y\u00fcklere de dayanarak makinelerin \u00e7e\u015fitli \u00e7al\u0131\u015fma ko\u015fullar\u0131nda verimli ve g\u00fcvenilir \u00e7al\u0131\u015fmas\u0131n\u0131 sa\u011flar.<\/p>\n<p><img decoding=\"async\" src=\"https:\/\/www.hydraulic-cylinders.net\/wp-content\/uploads\/2025\/01\/songte-company-2.webp\" alt=\"Kol Silindiri G\u00f6r\u00fcnt\u00fcs\u00fc\"><\/p>\n<h2>\u00d6zellikler<\/h2>\n<ul>\n<li><strong>Y\u00fcksek Verimli \u015eanz\u0131man:<\/strong> Kol silindiri g\u00fc\u00e7l\u00fc do\u011frusal hareket ve kuvvet sa\u011flayarak, mekanik kolun \u00e7e\u015fitli operasyonlarda y\u00fcksek performans kapasitesine sahip olmas\u0131n\u0131 sa\u011flar.<\/li>\n<li><strong>Hassas Kontrol:<\/strong> Hidrolik sistem sayesinde kol silindiri hassas hareket kontrol\u00fc sa\u011flayarak, ek tak\u0131mlar\u0131n daha esnek ve hassas bir \u015fekilde \u00e7al\u0131\u015ft\u0131r\u0131lmas\u0131n\u0131 sa\u011flar.<\/li>\n<li><strong>Dayan\u0131kl\u0131l\u0131k:<\/strong> Kol silindirleri genellikle y\u00fcksek mukavemetli malzemeler kullan\u0131larak \u00fcretilir, iyi a\u015f\u0131nma ve korozyon direnci sunar ve bu da onlar\u0131 zorlu ortamlarda uzun s\u00fcreli kullan\u0131ma uygun hale getirir.<\/li>\n<li><strong>\u00c7ok Fonksiyonlu Uyarlanabilirlik:<\/strong> Bu silindirler, ekskavat\u00f6rler, vin\u00e7ler ve robotik kollar gibi \u00e7e\u015fitli mekanik ekipmanlara yayg\u0131n olarak uygulanabilir ve farkl\u0131 i\u015f gereksinimlerine uyum sa\u011flar.<\/li>\n<li><strong>Kolay Bak\u0131m:<\/strong> Tasar\u0131mda bak\u0131m ve de\u011fi\u015fim kolayl\u0131\u011f\u0131 g\u00f6z \u00f6n\u00fcnde bulundurularak d\u00fczenli kontrol ve bak\u0131m daha rahat hale getirilir ve ekipman ar\u0131za s\u00fcreleri azalt\u0131l\u0131r.<\/li>\n<\/ul>\n<p><img decoding=\"async\" src=\"https:\/\/www.hydraulic-cylinders.net\/wp-content\/uploads\/2025\/01\/songte-oil-pipes-and-spare-parts.webp\" alt=\"Hidrolik Silindir G\u00f6r\u00fcnt\u00fcs\u00fc\"><\/p>\n<h2>Uygulamalar<\/h2>\n<p>Xinyuan Paletli Ekskavat\u00f6r XY90 Kol Silindiri \u00e7e\u015fitli end\u00fcstrilerde uygulama alan\u0131 bulmaktad\u0131r:<\/p>\n<h3>1. \u0130n\u015faat M\u00fchendisli\u011fi<\/h3>\n<p>Ekskavat\u00f6rlerde ve vin\u00e7lerde kol silindiri, kovalar\u0131n veya bomlar\u0131n hareketini kontrol ederek toprak i\u015flerini, malzeme ta\u015f\u0131may\u0131 ve yap\u0131sal montaj\u0131 kolayla\u015ft\u0131r\u0131r.<\/p>\n<h3>2. \u00dcretim<\/h3>\n<p>Otomasyonlu \u00fcretim hatlar\u0131nda kol silindiri, robot kollar\u0131n\u0131n hareketini kolayla\u015ft\u0131rarak montaj, kaynak ve malzeme ta\u015f\u0131ma gibi i\u015flemlerin ger\u00e7ekle\u015ftirilmesini sa\u011flayarak \u00fcretim verimlili\u011fini ve hassasiyetini art\u0131r\u0131r.<\/p>\n<h3>3. Tar\u0131m Makinalar\u0131<\/h3>\n<p>Bi\u00e7erd\u00f6ver ve ekim makinesi gibi tar\u0131m makinelerinde kol silindiri, ekim, g\u00fcbreleme ve hasat gibi g\u00f6revleri ger\u00e7ekle\u015ftiren \u00e7al\u0131\u015fma kollar\u0131n\u0131n hareketini kontrol eder.<\/p>\n<h3>4. Madencilik<\/h3>\n<p>Madencilik ekipmanlar\u0131nda kol silindiri, madencilik makinelerinin kol hareketini kontrol ederek minerallerin \u00e7\u0131kar\u0131lmas\u0131n\u0131 ve ta\u015f\u0131nmas\u0131n\u0131 kolayla\u015ft\u0131r\u0131r.<\/p>\n<h3>5. Lojistik ve Ta\u015f\u0131mac\u0131l\u0131k<\/h3>\n<p>Forkliftlerde ve ta\u015f\u0131ma robotlar\u0131nda kol silindiri, \u00e7atallar\u0131n kald\u0131r\u0131lmas\u0131n\u0131 ve hareketini kontrol ederek malzemelerin ta\u015f\u0131nmas\u0131n\u0131 ve istiflenmesini sa\u011flar.<\/p>\n<p><img decoding=\"async\" src=\"https:\/\/www.hydraulic-cylinders.net\/wp-content\/uploads\/2025\/01\/songte-cylinder-head-with-all-kinds-excavator-models.webp\" alt=\"Hidrolik Silindir Bile\u015fenleri G\u00f6rseli\"><\/p>\n<h2>Tasar\u0131m Hususlar\u0131 ve Se\u00e7im Kriterleri<\/h2>\n<p>Kol silindirlerinin tasar\u0131m\u0131 ve se\u00e7imi s\u00f6z konusu oldu\u011funda, birka\u00e7 \u00f6nemli fakt\u00f6r\u00fcn dikkate al\u0131nmas\u0131 gerekir:<\/p>\n<h3>1. Y\u00fck Ta\u015f\u0131ma Kapasitesi<\/h3>\n<p>Kol silindiri, kullan\u0131laca\u011f\u0131 makinenin \u00f6zel y\u00fck gereksinimlerini kar\u015f\u0131layacak \u015fekilde tasarlanmal\u0131, g\u00fcvenli ve verimli bir \u00e7al\u0131\u015fma sa\u011flanmal\u0131d\u0131r.<\/p>\n<h3>2. S\u0131zd\u0131rmazl\u0131k<\/h3>\n<p>Etkili s\u0131zd\u0131rmazl\u0131k sa\u011flamak i\u00e7in poli\u00fcretan ve nitril kau\u00e7uk gibi a\u015f\u0131nmaya dayan\u0131kl\u0131 malzemelerden yap\u0131lm\u0131\u015f piston contalar\u0131 ve piston kolu contalar\u0131 gibi \u00e7e\u015fitli s\u0131zd\u0131rmazl\u0131k bile\u015fenleri kullan\u0131l\u0131r. Silindir g\u00f6vdesi ve di\u015fli u\u00e7lar, a\u015f\u0131nma direncini art\u0131rmak i\u00e7in titiz bir i\u015flemden ge\u00e7irilir. Sorunsuz \u00e7al\u0131\u015fma i\u00e7in uygun hidrolik ya\u011f ile d\u00fczenli ya\u011flama gereklidir.<\/p>\n<p><img decoding=\"async\" src=\"https:\/\/www.hydraulic-cylinders.net\/wp-content\/uploads\/2025\/01\/songte-chushion-collar.webp\" alt=\"Hidrolik Silindir S\u0131zd\u0131rmazl\u0131k G\u00f6r\u00fcnt\u00fcs\u00fc\"><\/p>\n<h3>3. Dayan\u0131kl\u0131l\u0131k<\/h3>\n<p>Kol silindirleri dayan\u0131kl\u0131l\u0131k d\u00fc\u015f\u00fcn\u00fclerek \u00fcretilmi\u015ftir ve zorlu \u00e7al\u0131\u015fma ortamlar\u0131nda uzun \u00f6m\u00fcr ve g\u00fcvenilirlik sa\u011flayan m\u00fckemmel a\u015f\u0131nma ve korozyon direnci sunan y\u00fcksek kaliteli malzemeler kullan\u0131larak \u00fcretilmi\u015ftir.<\/p>\n<h3>4. G\u00fcvenlik<\/h3>\n<p>Kol silindirlerinin tasar\u0131m\u0131nda g\u00fcvenlik hususlar\u0131 hayati \u00f6nem ta\u015f\u0131r. Kazalar\u0131 \u00f6nlemek ve operat\u00f6r g\u00fcvenli\u011fini sa\u011flamak i\u00e7in bas\u0131n\u00e7 tahliye valfleri ve emniyet kilitleri gibi \u00f6nlemler al\u0131nm\u0131\u015ft\u0131r.<\/p>\n<h3>5. S\u00fcrd\u00fcr\u00fclebilirlik<\/h3>\n<p>Kolay bak\u0131m ve onar\u0131m, kol silindirlerinin tasar\u0131m\u0131nda temel hususlard\u0131r. Eri\u015filebilir bile\u015fenler ve iyi tasarlanm\u0131\u015f bak\u0131m prosed\u00fcrleri, d\u00fczenli muayene, onar\u0131m ve de\u011fi\u015fimleri kolayla\u015ft\u0131rarak ar\u0131za s\u00fcrelerini azalt\u0131r ve \u00fcretkenli\u011fi art\u0131r\u0131r.<\/p>\n<p><img decoding=\"async\" src=\"https:\/\/www.hydraulic-cylinders.net\/wp-content\/uploads\/2025\/01\/songte-bushings-with-all-kinds-of-excavator-models.webp\" alt=\"Hidrolik Silindir Bur\u00e7lar\u0131 G\u00f6rseli\"><\/p>\n<h2>D\u00fczenli Muayene ve \u00d6nleyici Bak\u0131m<\/h2>\n<p>Kol silindirlerinin optimum performans ve uzun \u00f6m\u00fcrl\u00fc olmas\u0131n\u0131 sa\u011flamak i\u00e7in d\u00fczenli kontroller ve \u00f6nleyici bak\u0131mlar \u00e7ok \u00f6nemlidir. A\u015fa\u011f\u0131daki \u00f6nlemler al\u0131nmal\u0131d\u0131r:<\/p>\n<ul>\n<li>Silindir g\u00f6vdesini, pistonu ve \u00e7ubu\u011fu a\u015f\u0131nma, hasar veya s\u0131z\u0131nt\u0131 belirtileri a\u00e7\u0131s\u0131ndan inceleyin.<\/li>\n<li>Uygun hidrolik s\u0131v\u0131 seviyelerini ve temizli\u011fini kontrol edin ve koruyun.<\/li>\n<li>A\u015f\u0131nm\u0131\u015f veya hasarl\u0131 contalar\u0131 ve di\u011fer bile\u015fenleri inceleyin ve de\u011fi\u015ftirin.<\/li>\n<li>Hareketli par\u00e7alar\u0131n uygun \u015fekilde ya\u011fland\u0131\u011f\u0131ndan emin olun.<\/li>\n<li>Bak\u0131m aral\u0131klar\u0131 ve prosed\u00fcrleri i\u00e7in \u00fcreticinin y\u00f6nergelerini izleyin.<\/li>\n<\/ul>\n<h2>\u00dcr\u00fcn Kurulum K\u0131lavuzu<\/h2>\n<p>Kol silindirinin do\u011fru \u015fekilde tak\u0131lmas\u0131, optimum performans i\u00e7in \u00e7ok \u00f6nemlidir. A\u015fa\u011f\u0131daki ad\u0131mlar\u0131 izleyin:<\/p>\n<ol>\n<li>Makinenin kapal\u0131 ve sabit bir konumda oldu\u011fundan emin olun.<\/li>\n<li>Uygunsa eski silindiri \u00e7\u0131kar\u0131n.<\/li>\n<li>Attach the new arm cylinder securely, following the manufacturer&#8217;s instructions.<\/li>\n<li>T\u00fcm ba\u011flant\u0131lar\u0131n s\u0131k\u0131l\u0131\u011f\u0131n\u0131 kontrol edin.<\/li>\n<li>Test the arm cylinder&#8217;s movement to ensure smooth operation.<\/li>\n<\/ol>\n<p><img decoding=\"async\" src=\"https:\/\/www.hydraulic-cylinders.net\/wp-content\/uploads\/2025\/01\/songte-company-4.webp\" alt=\"\u015eirket \u0130maj\u0131\"><br \/>\n<img decoding=\"async\" src=\"https:\/\/www.hydraulic-cylinders.net\/wp-content\/uploads\/2025\/01\/songte-company-3.webp\" alt=\"\u015eirket \u0130maj\u0131\"><\/p>\n<h2>Hakk\u0131m\u0131zda<\/h2>\n<p>Yedek hidrolik silindirler alan\u0131nda profesyonel bir \u00fcreticiyiz ve yurt i\u00e7i ve yurt d\u0131\u015f\u0131 pazarlarda lider \u00fcretici ve toptan da\u011f\u0131t\u0131mc\u0131lardan biriyiz. Geni\u015f \u00fcr\u00fcn yelpazemizle, kalite konusunda m\u00fckemmellik ilkesine ba\u011fl\u0131 kal\u0131yoruz.<\/p>\n<p>Geli\u015fmi\u015f bir \u00fcretim at\u00f6lyesiyle desteklenen end\u00fcstriyel \u00fcretim y\u00f6netimi stratejimiz, teknik uzmanl\u0131\u011f\u0131m\u0131z\u0131 ve \u00fcretim verimlili\u011fimizi s\u00fcrekli olarak geli\u015ftiriyor. \u00dcst d\u00fczey dijital \u00fcretim ekipmanlar\u0131 ve profesyonel test sistemleri sunarak, \u00fcretim platformumuzu optimize ediyor ve \u00fcr\u00fcn kalite kontrol s\u00fcre\u00e7lerimizi geli\u015ftirerek g\u00fc\u00e7l\u00fc inovasyon yeteneklerimizi sergiliyoruz.<\/p>\n<p>Amac\u0131m\u0131z verimlilik, hassasiyet ve y\u00fcksek kalite prensiplerimizle m\u00fc\u015fterilerimizin farkl\u0131 ihtiya\u00e7lar\u0131n\u0131 kar\u015f\u0131lamakt\u0131r.<\/p>\n<p>Profesyonelli\u011fimiz, uluslararas\u0131 sertifikalar\u0131m\u0131z, \u00f6zelle\u015ftirilmi\u015f hizmetlerimiz, geli\u015fmi\u015f \u00fcretim ekipmanlar\u0131m\u0131z ve kapsaml\u0131 sat\u0131\u015f sonras\u0131 hizmetimizle gurur duyuyoruz.<\/p>\n<p>Yazar: lyl<\/p>","protected":false},"excerpt":{"rendered":"<p>Arm Cylinder For Xinyuan Crawler Excavator XY90 Introduction The Arm Cylinder for Xinyuan Crawler Excavator XY90 is a specialized hydraulic cylinder designed to provide linear motion and power to the arm of various kinds of machinery, such as excavators, cranes, and robotic arms. The arm cylinder plays a critical role in hydraulic systems, enabling the [&hellip;]<\/p>","protected":false},"featured_media":14770,"comment_status":"open","ping_status":"closed","template":"","meta":{"_et_pb_use_builder":"","_et_pb_old_content":"","_et_gb_content_width":""},"product_brand":[],"product_cat":[1497],"product_tag":[1498,1496],"class_list":{"0":"post-16803","1":"product","2":"type-product","3":"status-publish","4":"has-post-thumbnail","6":"product_cat-arm-cylinders","7":"product_tag-arm-cylinders","8":"product_tag-hydraulic-cylinders","10":"first","11":"instock","12":"shipping-taxable","13":"product-type-simple"},"amp_enabled":true,"_links":{"self":[{"href":"https:\/\/www.hydraulic-cylinders.net\/tr\/wp-json\/wp\/v2\/product\/16803","targetHints":{"allow":["GET"]}}],"collection":[{"href":"https:\/\/www.hydraulic-cylinders.net\/tr\/wp-json\/wp\/v2\/product"}],"about":[{"href":"https:\/\/www.hydraulic-cylinders.net\/tr\/wp-json\/wp\/v2\/types\/product"}],"replies":[{"embeddable":true,"href":"https:\/\/www.hydraulic-cylinders.net\/tr\/wp-json\/wp\/v2\/comments?post=16803"}],"wp:featuredmedia":[{"embeddable":true,"href":"https:\/\/www.hydraulic-cylinders.net\/tr\/wp-json\/wp\/v2\/media\/14770"}],"wp:attachment":[{"href":"https:\/\/www.hydraulic-cylinders.net\/tr\/wp-json\/wp\/v2\/media?parent=16803"}],"wp:term":[{"taxonomy":"product_brand","embeddable":true,"href":"https:\/\/www.hydraulic-cylinders.net\/tr\/wp-json\/wp\/v2\/product_brand?post=16803"},{"taxonomy":"product_cat","embeddable":true,"href":"https:\/\/www.hydraulic-cylinders.net\/tr\/wp-json\/wp\/v2\/product_cat?post=16803"},{"taxonomy":"product_tag","embeddable":true,"href":"https:\/\/www.hydraulic-cylinders.net\/tr\/wp-json\/wp\/v2\/product_tag?post=16803"}],"curies":[{"name":"wp","href":"https:\/\/api.w.org\/{rel}","templated":true}]}}