{"id":16805,"date":"2025-01-21T05:55:40","date_gmt":"2025-01-21T05:55:40","guid":{"rendered":"https:\/\/www.hydraulic-cylinders.net\/product\/arm-cylinder-for-xinyuan-wheel-excavator-xy75w-8-9\/"},"modified":"2025-01-21T05:55:42","modified_gmt":"2025-01-21T05:55:42","slug":"arm-cylinder-for-xinyuan-wheel-excavator-xy75w-8-9","status":"publish","type":"product","link":"https:\/\/www.hydraulic-cylinders.net\/tr\/urun\/arm-cylinder-for-xinyuan-wheel-excavator-xy75w-8-9\/","title":{"rendered":"Xinyuan XY75W-8-9 Tekerlekli Ekskavat\u00f6r i\u00e7in Kol Silindiri"},"content":{"rendered":"<h1>Xinyuan XY75W-8-9 Tekerlekli Ekskavat\u00f6r i\u00e7in Kol Silindiri<\/h1>\n<h2>girii\u015f<\/h2>\n<p>Kol silindiri, ekskavat\u00f6rler, vin\u00e7ler ve robot kollar\u0131 gibi \u00e7e\u015fitli makinelerin kollar\u0131na do\u011frusal hareket ve g\u00fc\u00e7 sa\u011flayan \u00f6zel olarak tasarlanm\u0131\u015f bir hidrolik silindirdir. Hidrolik sistemlerde \u00e7ok \u00f6nemli bir rol oynayarak ek aletlerin veya ata\u015fmanlar\u0131n verimli hareketini ve kontrol\u00fcn\u00fc sa\u011flar. Bu silindirler sadece d\u00fczg\u00fcn hareket sa\u011flamakla kalmaz, ayn\u0131 zamanda a\u011f\u0131r y\u00fckleri de ta\u015f\u0131yarak \u00e7e\u015fitli \u00e7al\u0131\u015fma ko\u015fullar\u0131 alt\u0131nda makinelerin verimli \u00e7al\u0131\u015fmas\u0131n\u0131 ve g\u00fcvenilirli\u011fini garanti eder.<\/p>\n<p><img decoding=\"async\" src=\"https:\/\/www.hydraulic-cylinders.net\/wp-content\/uploads\/2025\/01\/songte-company-2.webp\" alt=\"Kol Silindiri G\u00f6r\u00fcnt\u00fcs\u00fc\"><\/p>\n<h2>\u00d6zellikler<\/h2>\n<ul>\n<li>Y\u00fcksek Verimli Aktar\u0131m: Kol silindiri, g\u00fc\u00e7l\u00fc do\u011frusal hareket ve kuvvet sa\u011flayarak \u00e7e\u015fitli i\u015flemlerde y\u00fcksek performans kabiliyetini garanti eder.<\/li>\n<li>Hassas Kontrol: Hidrolik sistem sayesinde, kol silindiri hassas hareket kontrol\u00fc sa\u011flayarak ek aletlerin esnek ve do\u011fru bir \u015fekilde \u00e7al\u0131\u015ft\u0131r\u0131lmas\u0131na olanak tan\u0131r.<\/li>\n<li>G\u00fc\u00e7l\u00fc Dayan\u0131kl\u0131l\u0131k: Kol silindirleri genellikle y\u00fcksek mukavemetli malzemelerden yap\u0131l\u0131r, a\u015f\u0131nma ve korozyona kar\u015f\u0131 m\u00fckemmel diren\u00e7 sa\u011flar ve bu da onlar\u0131 zorlu ortamlarda uzun s\u00fcreli kullan\u0131ma uygun hale getirir.<\/li>\n<li>\u00c7ok Fonksiyonlu Uyarlanabilirlik: Bu silindirler, ekskavat\u00f6rler, vin\u00e7ler ve robotik kollar da dahil olmak \u00fczere \u00e7e\u015fitli makinelerde yayg\u0131n olarak kullan\u0131labilir ve farkl\u0131 i\u015f gereksinimlerini kar\u015f\u0131layabilir.<\/li>\n<li>Kolay Bak\u0131m: Bak\u0131m ve par\u00e7a de\u011fi\u015fiminin kolayl\u0131\u011f\u0131 g\u00f6z \u00f6n\u00fcnde bulundurularak tasarlanm\u0131\u015ft\u0131r; d\u00fczenli kontroller ve bak\u0131mlar kolayla\u015ft\u0131r\u0131lm\u0131\u015f, ekipman ar\u0131za s\u00fcreleri azalt\u0131lm\u0131\u015ft\u0131r.<\/li>\n<\/ul>\n<p><img decoding=\"async\" src=\"https:\/\/www.hydraulic-cylinders.net\/wp-content\/uploads\/2025\/01\/songte-oil-pipes-and-spare-parts.webp\" alt=\"Silindir G\u00f6r\u00fcnt\u00fcs\u00fc\"><\/p>\n<h2>Uygulamalar<\/h2>\n<p>Kol silindiri \u00e7e\u015fitli end\u00fcstri ve sekt\u00f6rlerde uygulama alan\u0131 bulmaktad\u0131r:<\/p>\n<ul>\n<li>\u0130n\u015faat: Ekskavat\u00f6rlerde ve vin\u00e7lerde, kol silindiri toprak i\u015fleri, malzeme ta\u015f\u0131ma ve yap\u0131 montaj\u0131 i\u00e7in kep\u00e7enin veya bomun hareketini kontrol eder.<\/li>\n<li>\u00dcretim: Otomatik \u00fcretim hatlar\u0131nda, kol silindiri, montaj, kaynak ve malzeme ta\u015f\u0131ma i\u015flemlerinde robot kollar\u0131n\u0131n hareketini kolayla\u015ft\u0131rarak \u00fcretim verimlili\u011fini ve hassasiyetini art\u0131r\u0131r.<\/li>\n<li>Tar\u0131m Makineleri: Bi\u00e7erd\u00f6ver ve tohum ekme makineleri gibi tar\u0131m ekipmanlar\u0131nda, kol silindiri, ekim, g\u00fcbreleme ve hasat gibi g\u00f6revler i\u00e7in \u00e7al\u0131\u015fma kollar\u0131n\u0131n hareketini kontrol eder.<\/li>\n<li>Madencilik: Madencilik ekipmanlar\u0131nda kol silindiri, cevher \u00e7\u0131karma ve ta\u015f\u0131ma i\u00e7in kol hareketini kontrol eder.<\/li>\n<li>Lojistik ve Ta\u015f\u0131mac\u0131l\u0131k: Forkliftlerde ve ta\u015f\u0131ma robotlar\u0131nda kol silindiri, \u00e7atallar\u0131n kald\u0131r\u0131lmas\u0131n\u0131 ve hareketini kontrol ederek malzeme ta\u015f\u0131ma ve istiflemeyi sa\u011flar.<\/li>\n<\/ul>\n<h2>Tasar\u0131m Hususlar\u0131 ve Se\u00e7im Kriterleri<\/h2>\n<p>Kol silindiri tasarlan\u0131rken birka\u00e7 fakt\u00f6r\u00fcn g\u00f6z \u00f6n\u00fcnde bulundurulmas\u0131 gerekir:<\/p>\n<ul>\n<li>Ta\u015f\u0131ma Kapasitesi: Silindir, kullan\u0131m amac\u0131na uygun olarak kar\u015f\u0131la\u015faca\u011f\u0131 maksimum y\u00fcke dayanacak \u015fekilde tasarlanmal\u0131d\u0131r.<\/li>\n<li>S\u0131zd\u0131rmazl\u0131k Yetene\u011fi: Do\u011fru s\u0131zd\u0131rmazl\u0131\u011f\u0131 sa\u011flamak ve s\u0131z\u0131nt\u0131y\u0131 \u00f6nlemek i\u00e7in piston contalar\u0131 ve mil contalar\u0131 gibi \u00e7e\u015fitli s\u0131zd\u0131rmazl\u0131k bile\u015fenleri kullan\u0131lmal\u0131d\u0131r.<\/li>\n<li>Dayan\u0131kl\u0131l\u0131k: Silindir, y\u00fcksek kaliteli malzemelerden \u00fcretilmeli ve a\u015f\u0131nma direncini art\u0131rmak i\u00e7in y\u00fczey i\u015flemine tabi tutulmal\u0131d\u0131r.<\/li>\n<li>G\u00fcvenlik: Silindir, g\u00fcvenlik standartlar\u0131na uygun olmal\u0131 ve acil durumlar i\u00e7in bas\u0131n\u00e7 tahliye vanalar\u0131 gibi \u00f6zellikler i\u00e7ermelidir.<\/li>\n<li>Bak\u0131m Kolayl\u0131\u011f\u0131: Tasar\u0131m, bak\u0131m kolayl\u0131\u011f\u0131n\u0131 g\u00f6z \u00f6n\u00fcnde bulundurmal\u0131 ve bile\u015fenlerin incelenmesini ve de\u011fi\u015ftirilmesini basitle\u015ftiren \u00f6zellikler i\u00e7ermelidir.<\/li>\n<\/ul>\n<p><img decoding=\"async\" src=\"https:\/\/www.hydraulic-cylinders.net\/wp-content\/uploads\/2025\/01\/songte-cylinder-head-with-all-kinds-excavator-models.webp\" alt=\"Silindir Kapa\u011f\u0131 G\u00f6r\u00fcnt\u00fcs\u00fc\"><\/p>\n<h2>S\u0131zd\u0131rmazl\u0131k ve Ya\u011flama<\/h2>\n<p>Kol silindiri, poli\u00fcretan ve nitril kau\u00e7uk gibi a\u015f\u0131nmaya dayan\u0131kl\u0131 malzemelerden yap\u0131lm\u0131\u015f piston contalar\u0131 ve mil contalar\u0131 gibi \u00e7e\u015fitli s\u0131zd\u0131rmazl\u0131k bile\u015fenlerini i\u00e7erir. Silindir g\u00f6vdesi ve di\u015fli u\u00e7lar\u0131, a\u015f\u0131nma direncini art\u0131rmak i\u00e7in titiz bir y\u00fczey i\u015flemine tabi tutulur. Sorunsuz \u00e7al\u0131\u015fma sa\u011flamak ve s\u00fcrt\u00fcnmeyi azaltmak i\u00e7in uygun hidrolik ya\u011f ile d\u00fczenli ya\u011flama gereklidir.<\/p>\n<h2>D\u00fczenli Muayene ve \u00d6nleyici Bak\u0131m<\/h2>\n<p>Kol silindirinin optimum performans g\u00f6stermesi ve uzun \u00f6m\u00fcrl\u00fc olmas\u0131 i\u00e7in d\u00fczenli kontroller ve \u00f6nleyici bak\u0131m yap\u0131lmal\u0131d\u0131r. Ba\u015fl\u0131ca \u00f6nlemler \u015funlard\u0131r:<\/p>\n<ul>\n<li>S\u0131z\u0131nt\u0131, a\u015f\u0131nma veya hasar belirtileri olup olmad\u0131\u011f\u0131n\u0131 kontrol etmek.<\/li>\n<li>Gev\u015fek ba\u011flant\u0131lar\u0131 s\u0131k\u0131la\u015ft\u0131rmak<\/li>\n<li>A\u015f\u0131nm\u0131\u015f contalar\u0131n veya bile\u015fenlerin de\u011fi\u015ftirilmesi<\/li>\n<li>Uygun ya\u011flaman\u0131n do\u011frulanmas\u0131<\/li>\n<\/ul>\n<h2>\u00dcr\u00fcn Kurulum K\u0131lavuzu<\/h2>\n<p>Kol silindirinin do\u011fru montaj\u0131, i\u015flevselli\u011fi ve uzun \u00f6mr\u00fc i\u00e7in \u00e7ok \u00f6nemlidir. \u015eu ad\u0131mlar\u0131 izleyin:<\/p>\n<ol>\n<li>Kurulumdan \u00f6nce hidrolik sistemin bas\u0131nc\u0131n\u0131n bo\u015falt\u0131ld\u0131\u011f\u0131ndan emin olun.<\/li>\n<li>Silindiri ve bile\u015fenlerini herhangi bir hasar veya ar\u0131za a\u00e7\u0131s\u0131ndan inceleyin.<\/li>\n<li>Montaj y\u00fczeylerini temizleyin ve kal\u0131nt\u0131lar\u0131 giderin.<\/li>\n<li>Silindirin di\u015fli u\u00e7lar\u0131na uygun bir di\u015f s\u0131zd\u0131rma macunu uygulay\u0131n.<\/li>\n<li>Silindiri montaj braketiyle hizalay\u0131n ve uygun c\u0131vatalarla sabitleyin.<\/li>\n<li>Hidrolik hortumlar\u0131 ba\u011flay\u0131n ve iyice s\u0131k\u0131la\u015ft\u0131r\u0131ld\u0131\u011f\u0131ndan emin olun.<\/li>\n<li>Sistemi yava\u015f\u00e7a bas\u0131n\u00e7land\u0131r\u0131n ve s\u0131z\u0131nt\u0131 veya anormal \u00e7al\u0131\u015fma olup olmad\u0131\u011f\u0131n\u0131 kontrol edin.<\/li>\n<\/ol>\n<p><img decoding=\"async\" src=\"https:\/\/www.hydraulic-cylinders.net\/wp-content\/uploads\/2025\/01\/songte-bushings-with-all-kinds-of-excavator-models.webp\" alt=\"Bur\u00e7lar G\u00f6r\u00fcnt\u00fcs\u00fc\"><\/p>\n<h2>G\u00fcvenlik Hususlar\u0131 ve \u00c7evresel Fakt\u00f6rler<\/h2>\n<p>Kol silindirleri kullan\u0131l\u0131rken, s\u00f6z konusu \u00f6nemli kuvvetler ve bas\u0131n\u00e7lar g\u00f6z \u00f6n\u00fcne al\u0131nd\u0131\u011f\u0131nda, g\u00fcvenlik \u00f6nlemlerine \u00f6ncelik vermek \u00e7ok \u00f6nemlidir. G\u00fcvenlik protokollerine uyulmas\u0131 ve operat\u00f6rlere uygun e\u011fitim verilmesi, kazalar\u0131 \u00f6nlemek ve g\u00fcvenli \u00e7al\u0131\u015fmay\u0131 sa\u011flamak i\u00e7in hayati \u00f6nem ta\u015f\u0131r. Ayr\u0131ca, hidrolik s\u0131v\u0131lar\u0131n uygun \u015fekilde bertaraf edilmesi gibi \u00e7evresel fakt\u00f6rlerin dikkate al\u0131nmas\u0131, \u00e7evre \u00fczerindeki etkiyi en aza indirmeye yard\u0131mc\u0131 olur.<\/p>\n<h2>Sorun Giderme ve Yayg\u0131n Sorunlar<\/h2>\n<p>Kol silindirinde sorun olu\u015fmas\u0131 durumunda, a\u015fa\u011f\u0131daki sorun giderme ad\u0131mlar\u0131 sorunlar\u0131 belirlemenize ve \u00e7\u00f6zmenize yard\u0131mc\u0131 olabilir:<\/p>\n<ul>\n<li>Sorun: Silindirden ya\u011f s\u0131z\u0131nt\u0131s\u0131<\/li>\n<p>\u00c7\u00f6z\u00fcm: Hasarl\u0131 contalar\u0131 veya bile\u015fenleri kontrol edin ve de\u011fi\u015ftirin, do\u011fru montaj ve ya\u011flaman\u0131n sa\u011fland\u0131\u011f\u0131ndan emin olun.<\/p>\n<li>Sorun: Silindir uzam\u0131yor veya geri \u00e7ekilmiyor.<\/li>\n<p>\u00c7\u00f6z\u00fcm: Hidrolik sistemde t\u0131kan\u0131kl\u0131k olup olmad\u0131\u011f\u0131n\u0131 kontrol edin, s\u0131v\u0131 seviyelerinin do\u011fru oldu\u011fundan emin olun ve kontrol vanalar\u0131n\u0131n d\u00fczg\u00fcn \u00e7al\u0131\u015ft\u0131\u011f\u0131ndan emin olun.<\/p>\n<li>Sorun: Silindir \u00e7al\u0131\u015fmas\u0131 s\u0131ras\u0131nda anormal ses.<\/li>\n<p>\u00c7\u00f6z\u00fcm: Gev\u015fek ba\u011flant\u0131lar\u0131, hasarl\u0131 par\u00e7alar\u0131 veya yetersiz ya\u011flamay\u0131 kontrol edin. Ba\u011flant\u0131lar\u0131 s\u0131k\u0131n, a\u015f\u0131nm\u0131\u015f par\u00e7alar\u0131 de\u011fi\u015ftirin ve gerekti\u011fi gibi ya\u011flay\u0131n.<\/p>\n<\/ul>\n<p><img decoding=\"async\" src=\"https:\/\/www.hydraulic-cylinders.net\/wp-content\/uploads\/2025\/01\/songte-chushion-collar.webp\" alt=\"Chushion Yaka G\u00f6rseli\"><\/p>\n<p>Yazar: lyl<\/p>\n<h2>\u015eirket Genel Bak\u0131\u015f\u0131<\/h2>\n<p>Profesyonel bir hidrolik silindir yedek par\u00e7a \u00fcreticisiyiz ve geni\u015f bir \u00fcr\u00fcn yelpazesi sunuyoruz. Yurti\u00e7i ve yurtd\u0131\u015f\u0131 pazarlarda hidrolik silindirlerin \u00f6nde gelen \u00fcreticilerinden ve toptanc\u0131lar\u0131ndan biri haline geldik. Kalitede m\u00fckemmellik ilkesini benimseyerek, geli\u015fmi\u015f \u00fcretim at\u00f6lyeleri ve end\u00fcstriyel \u00fcretim y\u00f6netim stratejileri arac\u0131l\u0131\u011f\u0131yla teknolojik yeteneklerimizi ve \u00fcretim verimlili\u011fimizi s\u00fcrekli olarak geli\u015ftiriyoruz. Y\u00fcksek teknoloji \u00fcr\u00fcn\u00fc dijital \u00fcretim ekipmanlar\u0131 ve profesyonel test sistemleri kullanarak \u00fcretim platformumuzu optimize ediyor ve \u00fcr\u00fcn kalite kontrol s\u00fcre\u00e7lerimizi iyile\u015ftirerek g\u00fc\u00e7l\u00fc inovasyon yetenekleri sergiliyoruz. Amac\u0131m\u0131z, verimlilik, hassasiyet ve y\u00fcksek kaliteli \u00fcr\u00fcnlerle \u00e7e\u015fitli m\u00fc\u015fteri ihtiya\u00e7lar\u0131n\u0131 kar\u015f\u0131lamakt\u0131r.<\/p>\n<p><img decoding=\"async\" src=\"https:\/\/www.hydraulic-cylinders.net\/wp-content\/uploads\/2025\/01\/songte-company-4.webp\" alt=\"\u015eirket \u0130maj\u0131\"><br \/>\n<img decoding=\"async\" src=\"https:\/\/www.hydraulic-cylinders.net\/wp-content\/uploads\/2025\/01\/songte-company-3.webp\" alt=\"\u015eirket \u0130maj\u0131\"><\/p>\n<p>Biz kendimizi \u015fu \u00f6zelliklerle farkl\u0131la\u015ft\u0131r\u0131yoruz:<\/p>\n<ul>\n<li>Hidrolik silindirler alan\u0131nda uzmanl\u0131k<\/li>\n<li>Uluslararas\u0131 kalite standartlar\u0131 sertifikalar\u0131<\/li>\n<li>\u00d6zel gereksinimleri kar\u015f\u0131lamak i\u00e7in \u00f6zelle\u015ftirme hizmetleri<\/li>\n<li>Son teknoloji \u00fcretim ekipmanlar\u0131<\/li>\n<li>Kapsaml\u0131 sat\u0131\u015f sonras\u0131 hizmetler<\/li>\n<\/ul>\n<p>Makaleyi mant\u0131kl\u0131 bir \u015fekilde d\u00fczenlemeyi, kolay gezinme i\u00e7in alt ba\u015fl\u0131klar kullanmay\u0131, anlay\u0131\u015f\u0131 geli\u015ftirmek i\u00e7in ilgili g\u00f6rseller veya grafikler eklemeyi ve i\u00e7eri\u011fin farkl\u0131 teknik bilgi seviyelerine sahip okuyucular i\u00e7in a\u00e7\u0131k, \u00f6z ve uygun olmas\u0131n\u0131 sa\u011flamay\u0131 unutmay\u0131n.<\/p>","protected":false},"excerpt":{"rendered":"<p>Arm Cylinder For Xinyuan Wheel Excavator XY75W-8-9 Introduction The arm cylinder is a specially designed hydraulic cylinder that provides linear motion and power to the arms of various types of machinery, such as excavators, cranes, and robotic arms. It plays a crucial role in hydraulic systems, allowing for the efficient movement and control of additional [&hellip;]<\/p>","protected":false},"featured_media":14763,"comment_status":"open","ping_status":"closed","template":"","meta":{"_et_pb_use_builder":"","_et_pb_old_content":"","_et_gb_content_width":""},"product_brand":[],"product_cat":[1497],"product_tag":[1498,1496],"class_list":{"0":"post-16805","1":"product","2":"type-product","3":"status-publish","4":"has-post-thumbnail","6":"product_cat-arm-cylinders","7":"product_tag-arm-cylinders","8":"product_tag-hydraulic-cylinders","10":"first","11":"instock","12":"shipping-taxable","13":"product-type-simple"},"amp_enabled":true,"_links":{"self":[{"href":"https:\/\/www.hydraulic-cylinders.net\/tr\/wp-json\/wp\/v2\/product\/16805","targetHints":{"allow":["GET"]}}],"collection":[{"href":"https:\/\/www.hydraulic-cylinders.net\/tr\/wp-json\/wp\/v2\/product"}],"about":[{"href":"https:\/\/www.hydraulic-cylinders.net\/tr\/wp-json\/wp\/v2\/types\/product"}],"replies":[{"embeddable":true,"href":"https:\/\/www.hydraulic-cylinders.net\/tr\/wp-json\/wp\/v2\/comments?post=16805"}],"wp:featuredmedia":[{"embeddable":true,"href":"https:\/\/www.hydraulic-cylinders.net\/tr\/wp-json\/wp\/v2\/media\/14763"}],"wp:attachment":[{"href":"https:\/\/www.hydraulic-cylinders.net\/tr\/wp-json\/wp\/v2\/media?parent=16805"}],"wp:term":[{"taxonomy":"product_brand","embeddable":true,"href":"https:\/\/www.hydraulic-cylinders.net\/tr\/wp-json\/wp\/v2\/product_brand?post=16805"},{"taxonomy":"product_cat","embeddable":true,"href":"https:\/\/www.hydraulic-cylinders.net\/tr\/wp-json\/wp\/v2\/product_cat?post=16805"},{"taxonomy":"product_tag","embeddable":true,"href":"https:\/\/www.hydraulic-cylinders.net\/tr\/wp-json\/wp\/v2\/product_tag?post=16805"}],"curies":[{"name":"wp","href":"https:\/\/api.w.org\/{rel}","templated":true}]}}