{"id":16812,"date":"2025-01-21T05:56:09","date_gmt":"2025-01-21T05:56:09","guid":{"rendered":"https:\/\/www.hydraulic-cylinders.net\/product\/arm-cylinder-for-volwa-small-excavator-dls130-9\/"},"modified":"2025-01-21T05:56:11","modified_gmt":"2025-01-21T05:56:11","slug":"arm-cylinder-for-volwa-small-excavator-dls130-9","status":"publish","type":"product","link":"https:\/\/www.hydraulic-cylinders.net\/tr\/urun\/arm-cylinder-for-volwa-small-excavator-dls130-9\/","title":{"rendered":"Volwa DLS130-9 K\u00fc\u00e7\u00fck Ekskavat\u00f6r \u0130\u00e7in Kol Silindiri"},"content":{"rendered":"<p>Volwa DLS130-9 K\u00fc\u00e7\u00fck Ekskavat\u00f6r \u0130\u00e7in Kol Silindiri<\/p>\n<p>Kol silindiri, ekskavat\u00f6rler, vin\u00e7ler ve robot kollar\u0131 gibi \u00e7e\u015fitli makinelerin kollar\u0131na do\u011frusal hareket ve g\u00fc\u00e7 sa\u011flayan \u00f6zel olarak tasarlanm\u0131\u015f bir hidrolik silindirdir. Kol silindirleri, hidrolik sistemlerde \u00e7ok \u00f6nemli bir rol oynayarak, ba\u011fl\u0131 aletlerin veya aksesuarlar\u0131n verimli hareketini ve kontrol\u00fcn\u00fc sa\u011flar. Bu silindirler sadece sorunsuz \u00e7al\u0131\u015fma sa\u011flamakla kalmaz, ayn\u0131 zamanda a\u011f\u0131r y\u00fckleri de kald\u0131rarak, \u00e7e\u015fitli \u00e7al\u0131\u015fma ko\u015fullar\u0131 alt\u0131nda makinelerin y\u00fcksek operasyonel verimlili\u011fini ve g\u00fcvenilirli\u011fini garanti eder.<\/p>\n<p>Tan\u0131m ve A\u00e7\u0131klama<\/p>\n<p>Hidrolik silindirler, bas\u0131n\u00e7 alt\u0131ndaki s\u0131v\u0131y\u0131 kullanarak do\u011frusal mekanik kuvvet ve hareket \u00fcreten hidrolik sistemlerin temel bile\u015fenleridir. Kol silindiri, \u00e7e\u015fitli makinelerin kollar\u0131n\u0131 \u00e7al\u0131\u015ft\u0131ran bir hidrolik silindirdir. Silindir g\u00f6vdesi, piston, piston kolu, contalar ve hidrolik enerjiyi do\u011frusal harekete d\u00f6n\u00fc\u015ft\u00fcrmek i\u00e7in birlikte \u00e7al\u0131\u015fan di\u011fer bile\u015fenlerden olu\u015fur. Kol silindirleri, hassas ve g\u00fc\u00e7l\u00fc kol hareketinin gerekli oldu\u011fu in\u015faat, imalat, tar\u0131m, madencilik ve lojistik gibi \u00e7e\u015fitli uygulamalarda yayg\u0131n olarak kullan\u0131lmaktad\u0131r.<\/p>\n<p><img decoding=\"async\" src=\"https:\/\/www.hydraulic-cylinders.net\/wp-content\/uploads\/2025\/01\/songte-company-2.webp\"><\/p>\n<p>\u00d6zellikler<\/p>\n<p>Kol silindirlerinin \u00e7e\u015fitli uygulamalar i\u00e7in uygun olmalar\u0131n\u0131 sa\u011flayan bir\u00e7ok \u00f6zelli\u011fi vard\u0131r:<\/p>\n<p>1) Y\u00fcksek Verimlilikli Tahrik: Kol silindirleri g\u00fc\u00e7l\u00fc do\u011frusal hareket ve kuvvet sa\u011flayarak, makine kollar\u0131n\u0131n \u00e7e\u015fitli i\u015flemlerde y\u00fcksek \u00e7al\u0131\u015fma verimlili\u011fini garanti eder.<\/p>\n<p>2) Hassas Kontrol: Hidrolik sistemler sayesinde, kol silindirleri hassas hareket kontrol\u00fc sa\u011flayarak, tak\u0131l\u0131 aletlerin \u00e7al\u0131\u015fmas\u0131n\u0131 daha esnek ve do\u011fru hale getirir.<\/p>\n<p>3) Y\u00fcksek Dayan\u0131kl\u0131l\u0131k: Kol silindirleri genellikle y\u00fcksek mukavemetli malzemelerden \u00fcretilir, iyi a\u015f\u0131nma ve korozyon direncine sahiptir ve zorlu ortamlarda uzun s\u00fcreli kullan\u0131m i\u00e7in uygundur.<\/p>\n<p>4) \u00c7ok Y\u00f6nl\u00fcl\u00fck: Bu silindirler, farkl\u0131 \u00e7al\u0131\u015fma gereksinimlerine uyum sa\u011flamak i\u00e7in ekskavat\u00f6rler, vin\u00e7ler ve robot kollar\u0131 gibi \u00e7e\u015fitli makine ekipmanlar\u0131nda yayg\u0131n olarak kullan\u0131labilir.<\/p>\n<p>5) Kolay Bak\u0131m: Kolay bak\u0131m ve de\u011fi\u015ftirme i\u00e7in tasarlanan kol silindirleri, d\u00fczenli inceleme ve bak\u0131m\u0131 kolayla\u015ft\u0131rarak ekipman ar\u0131za s\u00fcresini azalt\u0131r.<\/p>\n<p>Biz bu \u00fcr\u00fcn\u00fc \u00fcretebiliyoruz ve \u00fcr\u00fcnlerimiz bu hidrolik silindirlerin yerini m\u00fckemmel \u015fekilde alabiliyor.<\/p>\n<p><img decoding=\"async\" src=\"https:\/\/www.hydraulic-cylinders.net\/wp-content\/uploads\/2025\/01\/songte-oil-pipes-and-spare-parts.webp\"><\/p>\n<p>Uygulamalar<\/p>\n<p>Kol silindirlerinin \u00e7e\u015fitli kullan\u0131m alanlar\u0131 vard\u0131r:<\/p>\n<p>1) \u0130n\u015faat: Ekskavat\u00f6rlerde ve vin\u00e7lerde, kol silindirleri toprak ta\u015f\u0131ma, malzeme ta\u015f\u0131ma ve yap\u0131sal kurulum i\u00e7in kep\u00e7elerin veya bomlar\u0131n hareketini kontrol etmek amac\u0131yla kullan\u0131l\u0131r.<\/p>\n<p>2) \u00dcretim: Otomatik \u00fcretim hatlar\u0131nda, robot kol hareketleri, montaj, kaynak ve malzeme ta\u015f\u0131ma i\u015flemlerinde kol silindirleri kullan\u0131l\u0131r; bu da \u00fcretim verimlili\u011fini ve do\u011frulu\u011funu art\u0131r\u0131r.<\/p>\n<p>3) Tar\u0131m Makineleri: Bi\u00e7erd\u00f6ver ve tohum ekme makinesi gibi tar\u0131m makinelerinde, kol silindirleri tohum ekme, g\u00fcbreleme ve hasat i\u015flemleri i\u00e7in kollar\u0131n \u00e7al\u0131\u015fmas\u0131n\u0131 kontrol eder.<\/p>\n<p>4) Madencilik: Madencilik ekipmanlar\u0131nda, cevher \u00e7\u0131karma ve ta\u015f\u0131ma i\u015flemlerinde ekipmanlar\u0131n kol hareketini kontrol etmek i\u00e7in kol silindirleri kullan\u0131l\u0131r.<\/p>\n<p>5) Lojistik ve Ta\u015f\u0131mac\u0131l\u0131k: Forkliftlerde ve ta\u015f\u0131ma robotlar\u0131nda, malzeme ta\u015f\u0131ma ve istifleme i\u015flemlerini ger\u00e7ekle\u015ftirmek i\u00e7in \u00e7atallar\u0131n kald\u0131rma ve hareketini kontrol etmek amac\u0131yla kol silindirleri kullan\u0131l\u0131r.<\/p>\n<p>Tasar\u0131m Hususlar\u0131 ve Se\u00e7im Kriterleri<\/p>\n<p>Kol silindirleri a\u015fa\u011f\u0131daki hususlar dikkate al\u0131narak tasarlanmal\u0131d\u0131r:<\/p>\n<p>1) Ta\u015f\u0131ma Kapasitesi: Kol silindirleri, ba\u011fl\u0131 ekipman\u0131n ve \u00e7al\u0131\u015ft\u0131klar\u0131 ortam\u0131n maksimum y\u00fck\u00fcne dayanabilmelidir.<\/p>\n<p>2) S\u0131zd\u0131rmazl\u0131k: Kol silindirlerinde s\u0131v\u0131 s\u0131z\u0131nt\u0131s\u0131n\u0131 \u00f6nlemek ve sorunsuz \u00e7al\u0131\u015fmay\u0131 sa\u011flamak i\u00e7in y\u00fcksek kaliteli contalar kullan\u0131lmal\u0131d\u0131r.<\/p>\n<p>3) Dayan\u0131kl\u0131l\u0131k: Kol silindirleri, zorlu \u00e7al\u0131\u015fma ko\u015fullar\u0131nda uzun s\u00fcreli kullan\u0131m sa\u011flamak i\u00e7in y\u00fcksek mukavemetli malzemelerden yap\u0131lmal\u0131 ve iyi a\u015f\u0131nma ve korozyon direnci \u00f6zelliklerine sahip olmal\u0131d\u0131r.<\/p>\n<p>4) G\u00fcvenlik: Kazalar\u0131 \u00f6nlemek i\u00e7in kol silindirleri, bas\u0131n\u00e7 tahliye vanalar\u0131 ve acil durdurma mekanizmalar\u0131 gibi g\u00fcvenlik \u00f6zellikleriyle tasarlanmal\u0131d\u0131r.<\/p>\n<p>5) Bak\u0131m: Kol silindirleri, ekipman ar\u0131za s\u00fcresini azaltmak i\u00e7in kolay bak\u0131m ve par\u00e7a de\u011fi\u015fimine uygun \u015fekilde tasarlanmal\u0131d\u0131r.<\/p>\n<p><img decoding=\"async\" src=\"https:\/\/www.hydraulic-cylinders.net\/wp-content\/uploads\/2025\/01\/songte-cylinder-head-with-all-kinds-excavator-models.webp\"><\/p>\n<p>S\u0131zd\u0131rmazl\u0131k ve Ya\u011flama<\/p>\n<p>Kol silindirlerinde, poli\u00fcretan ve nitril kau\u00e7uk gibi a\u015f\u0131nmaya dayan\u0131kl\u0131 malzemelerden yap\u0131lm\u0131\u015f piston contalar\u0131 ve mil contalar\u0131 gibi \u00e7e\u015fitli s\u0131zd\u0131rmazl\u0131k bile\u015fenleri kullan\u0131lmal\u0131d\u0131r. Silindir g\u00f6vdesi ve di\u015fli u\u00e7 y\u00fczeyi, a\u015f\u0131nma direncini art\u0131rmak i\u00e7in ince bir \u015fekilde i\u015flenmelidir. Uygun hidrolik ya\u011f\u0131n d\u00fczenli olarak eklenmesi, silindirin ya\u011flanmas\u0131n\u0131 sa\u011flayarak a\u015f\u0131nmay\u0131 \u00f6nleyebilir.<\/p>\n<p>D\u00fczenli Muayene ve \u00d6nleyici Bak\u0131m<\/p>\n<p>Kol silindirlerinin uzun vadeli performans\u0131 ve g\u00fcvenilirli\u011fi i\u00e7in d\u00fczenli inceleme ve \u00f6nleyici bak\u0131m \u00e7ok \u00f6nemlidir. A\u015fa\u011f\u0131daki \u00f6nlemler dikkate al\u0131nmal\u0131d\u0131r:<\/p>\n<p>1) Silindir ve s\u0131zd\u0131rmazl\u0131k bile\u015fenlerinin d\u00fczenli olarak kontrol edilmesi ve temizlenmesi.<\/p>\n<p>2) A\u015f\u0131nm\u0131\u015f veya hasar g\u00f6rm\u00fc\u015f contalar\u0131n ve par\u00e7alar\u0131n de\u011fi\u015ftirilmesi.<\/p>\n<p>3) Hidrolik s\u0131v\u0131 seviyelerinin ve temizli\u011finin do\u011fru \u015fekilde korunmas\u0131.<\/p>\n<p>4) Hidrolik sistem bas\u0131nc\u0131n\u0131n ve debisinin kontrol edilmesi ve ayarlanmas\u0131.<\/p>\n<p>5) Silindirlerin do\u011fru \u015fekilde saklanmas\u0131 ve ta\u015f\u0131nmas\u0131.<\/p>\n<p><img decoding=\"async\" src=\"https:\/\/www.hydraulic-cylinders.net\/wp-content\/uploads\/2025\/01\/songte-chushion-collar.webp\"><\/p>\n<p>\u00dcr\u00fcn Kurulum K\u0131lavuzu<\/p>\n<p>Kol silindirinin montaj\u0131 s\u0131ras\u0131nda a\u015fa\u011f\u0131daki ad\u0131mlar izlenmelidir:<\/p>\n<p>1) Makine i\u00e7in do\u011fru model ve boyuttaki kol silindirini belirleyin.<\/p>\n<p>2) Eski silindiri \u00e7\u0131kar\u0131n ve yeni silindirin montaj y\u00fczeyini temizleyin.<\/p>\n<p>3) Yeni silindiri tak\u0131n ve ba\u011flant\u0131 elemanlar\u0131yla sabitleyin.<\/p>\n<p>4) Hidrolik hatlar\u0131 ve ba\u011flant\u0131 par\u00e7alar\u0131n\u0131 ba\u011flay\u0131n.<\/p>\n<p>5) Hidrolik sisteme \u00f6nerilen hidrolik ya\u011f\u0131 doldurun ve s\u0131z\u0131nt\u0131 olup olmad\u0131\u011f\u0131n\u0131 kontrol edin.<\/p>\n<p>G\u00fcvenlik Hususlar\u0131 ve \u00c7evresel Fakt\u00f6rler<\/p>\n<p>Kol silindirleri, koruyucu giysi ve ekipman giymek, \u00f6nerilen \u00e7al\u0131\u015ft\u0131rma prosed\u00fcrlerine uymak ve d\u00fczenli bak\u0131m yapmak da dahil olmak \u00fczere g\u00fcvenlik \u00f6nlemleri al\u0131narak kullan\u0131lmal\u0131d\u0131r. Kol silindirlerinin se\u00e7imi ve kullan\u0131m\u0131 s\u0131ras\u0131nda s\u0131cakl\u0131k, nem ve bas\u0131n\u00e7 gibi \u00e7evresel fakt\u00f6rler de dikkate al\u0131nmal\u0131d\u0131r.<\/p>\n<p>Sorun Giderme ve Yayg\u0131n Sorunlar<\/p>\n<p>Kol silindirlerinde s\u0131k kar\u015f\u0131la\u015f\u0131lan sorunlar aras\u0131nda s\u0131v\u0131 s\u0131z\u0131nt\u0131s\u0131, yava\u015f veya d\u00fczensiz hareket ve yetersiz kuvvet yer al\u0131r. Sorun giderme \u00f6nlemleri aras\u0131nda hasarl\u0131 contalar\u0131n kontrol edilmesi ve de\u011fi\u015ftirilmesi, hidrolik sistem bas\u0131nc\u0131n\u0131n ve ak\u0131\u015f h\u0131z\u0131n\u0131n ayarlanmas\u0131 ve uygun ya\u011flama ve bak\u0131m\u0131n sa\u011flanmas\u0131 yer alabilir.<\/p>\n<p>\u00d6nleyici tedbirler, bu sorunlar\u0131n olas\u0131l\u0131\u011f\u0131n\u0131 azaltabilir; bunlar aras\u0131nda hidrolik sistemin d\u00fczenli olarak incelenmesi ve bak\u0131m\u0131n\u0131n yap\u0131lmas\u0131, \u00f6nerilen hidrolik ya\u011f ve s\u0131zd\u0131rmazl\u0131k bile\u015fenlerinin kullan\u0131lmas\u0131 ve do\u011fru montaj ve kullan\u0131m\u0131n sa\u011flanmas\u0131 yer almaktad\u0131r.<\/p>\n<p><img decoding=\"async\" src=\"https:\/\/www.hydraulic-cylinders.net\/wp-content\/uploads\/2025\/01\/songte-bushings-with-all-kinds-of-excavator-models.webp\"><\/p>\n<p>Hakk\u0131m\u0131zda<\/p>\n<p>\u00c7e\u015fitli uygulamalar i\u00e7in uygun yedek hidrolik silindirlerin profesyonel bir \u00fcreticisiyiz. \u00dcr\u00fcn yelpazemiz geni\u015ftir ve hem yurt i\u00e7i hem de uluslararas\u0131 pazarlarda \u00f6nde gelen hidrolik silindir \u00fcreticilerinden ve toptanc\u0131lar\u0131ndan biri haline geldik. M\u00fckemmel kalite ilkesine ba\u011fl\u0131 kalarak, ince i\u015f\u00e7ilikli \u00fcretim at\u00f6lyelerimizin end\u00fcstriyel \u00fcretim y\u00f6netim stratejilerine dayanarak teknolojik seviyemizi ve \u00fcretim verimlili\u011fimizi s\u00fcrekli olarak geli\u015ftiriyoruz. Geli\u015fmi\u015f dijital \u00fcretim ekipmanlar\u0131 ve profesyonel test sistemleri kullanarak g\u00fc\u00e7l\u00fc inovasyon yeteneklerine sahibiz. Amac\u0131m\u0131z, y\u00fcksek verimlilik, hassasiyet ve y\u00fcksek kaliteli \u00fcr\u00fcnlerle m\u00fc\u015fterilerimizin \u00e7e\u015fitli ihtiya\u00e7lar\u0131n\u0131 kar\u015f\u0131lamakt\u0131r.<\/p>\n<p>Profesyonel hizmetler, uluslararas\u0131 sertifikalar, \u00f6zelle\u015ftirilmi\u015f hizmetler, \u00fcretim ekipmanlar\u0131 ve sat\u0131\u015f sonras\u0131 hizmetler sunuyoruz.<\/p>\n<p><img decoding=\"async\" src=\"https:\/\/www.hydraulic-cylinders.net\/wp-content\/uploads\/2025\/01\/songte-company-4.webp\"><\/p>\n<p><img decoding=\"async\" src=\"https:\/\/www.hydraulic-cylinders.net\/wp-content\/uploads\/2025\/01\/songte-company-3.webp\"><\/p>\n<p>Yazar: lyl<\/p>","protected":false},"excerpt":{"rendered":"<p>Arm Cylinder For Volwa Small Excavator DLS130-9 Arm cylinder is a specially designed hydraulic cylinder that provides linear motion and power to the arms of various machinery, such as excavators, cranes, and robotic arms. Arm cylinders play a crucial role in hydraulic systems, allowing for efficient movement and control of the attached tools or accessories. [&hellip;]<\/p>","protected":false},"featured_media":14772,"comment_status":"open","ping_status":"closed","template":"","meta":{"_et_pb_use_builder":"","_et_pb_old_content":"","_et_gb_content_width":""},"product_brand":[],"product_cat":[1497],"product_tag":[1498,1496],"class_list":{"0":"post-16812","1":"product","2":"type-product","3":"status-publish","4":"has-post-thumbnail","6":"product_cat-arm-cylinders","7":"product_tag-arm-cylinders","8":"product_tag-hydraulic-cylinders","10":"first","11":"instock","12":"shipping-taxable","13":"product-type-simple"},"amp_enabled":true,"_links":{"self":[{"href":"https:\/\/www.hydraulic-cylinders.net\/tr\/wp-json\/wp\/v2\/product\/16812","targetHints":{"allow":["GET"]}}],"collection":[{"href":"https:\/\/www.hydraulic-cylinders.net\/tr\/wp-json\/wp\/v2\/product"}],"about":[{"href":"https:\/\/www.hydraulic-cylinders.net\/tr\/wp-json\/wp\/v2\/types\/product"}],"replies":[{"embeddable":true,"href":"https:\/\/www.hydraulic-cylinders.net\/tr\/wp-json\/wp\/v2\/comments?post=16812"}],"wp:featuredmedia":[{"embeddable":true,"href":"https:\/\/www.hydraulic-cylinders.net\/tr\/wp-json\/wp\/v2\/media\/14772"}],"wp:attachment":[{"href":"https:\/\/www.hydraulic-cylinders.net\/tr\/wp-json\/wp\/v2\/media?parent=16812"}],"wp:term":[{"taxonomy":"product_brand","embeddable":true,"href":"https:\/\/www.hydraulic-cylinders.net\/tr\/wp-json\/wp\/v2\/product_brand?post=16812"},{"taxonomy":"product_cat","embeddable":true,"href":"https:\/\/www.hydraulic-cylinders.net\/tr\/wp-json\/wp\/v2\/product_cat?post=16812"},{"taxonomy":"product_tag","embeddable":true,"href":"https:\/\/www.hydraulic-cylinders.net\/tr\/wp-json\/wp\/v2\/product_tag?post=16812"}],"curies":[{"name":"wp","href":"https:\/\/api.w.org\/{rel}","templated":true}]}}