{"id":16815,"date":"2025-01-21T05:56:25","date_gmt":"2025-01-21T05:56:25","guid":{"rendered":"https:\/\/www.hydraulic-cylinders.net\/product\/arm-cylinder-for-volwa-small-excavator-dls880-9b\/"},"modified":"2025-01-21T05:56:28","modified_gmt":"2025-01-21T05:56:28","slug":"arm-cylinder-for-volwa-small-excavator-dls880-9b","status":"publish","type":"product","link":"https:\/\/www.hydraulic-cylinders.net\/tr\/urun\/arm-cylinder-for-volwa-small-excavator-dls880-9b\/","title":{"rendered":"Volwa K\u00fc\u00e7\u00fck Ekskavat\u00f6r DLS880-9B i\u00e7in Kol Silindiri"},"content":{"rendered":"<h1>Volwa K\u00fc\u00e7\u00fck Ekskavat\u00f6r DLS880-9B i\u00e7in Kol Silindiri<\/h1>\n<h2>Tan\u0131m ve A\u00e7\u0131klama<\/h2>\n<p>Kol silindiri, ekskavat\u00f6rler, vin\u00e7ler ve mekanik kollar gibi \u00e7e\u015fitli makinelerin kollar\u0131na do\u011frusal hareket ve g\u00fc\u00e7 sa\u011flayan \u00f6zel olarak tasarlanm\u0131\u015f bir hidrolik silindirdir. Hidrolik sistemlerde \u00f6nemli bir rol oynar ve ata\u015fmanlar\u0131n veya aksesuarlar\u0131n etkili bir \u015fekilde hareket etmesini ve kontrol edilmesini sa\u011flar. Bu silindirler, yaln\u0131zca d\u00fczg\u00fcn hareket sa\u011flamakla kalmaz, ayn\u0131 zamanda a\u011f\u0131r y\u00fcklere de dayanarak, \u00e7e\u015fitli \u00e7al\u0131\u015fma ko\u015fullar\u0131nda makinelerin verimli ve g\u00fcvenilir \u00e7al\u0131\u015fmas\u0131n\u0131 sa\u011flar.<\/p>\n<p><img decoding=\"async\" src=\"https:\/\/www.hydraulic-cylinders.net\/wp-content\/uploads\/2025\/01\/songte-company-2.webp\"><\/p>\n<h2>\u00dcr\u00fcn \u00d6zellikleri<\/h2>\n<ul>\n<li>\n<h3>Y\u00fcksek Verimli \u015eanz\u0131man<\/h3>\n<p>Kol silindiri g\u00fc\u00e7l\u00fc do\u011frusal hareket ve kuvvet sa\u011flayarak, mekanik kolun \u00e7e\u015fitli i\u015flemlerde y\u00fcksek verimlilikte performans g\u00f6stermesini sa\u011flar.<\/p>\n<\/li>\n<li>\n<h3>Hassas Kontrol<\/h3>\n<p>Hidrolik sistem sayesinde kol silindiri hassas hareket kontrol\u00fc sa\u011flayabilir, ba\u011fl\u0131 aletlerin \u00e7al\u0131\u015fmas\u0131n\u0131 daha esnek ve hassas hale getirir.<\/p>\n<\/li>\n<li>\n<h3>G\u00fc\u00e7l\u00fc Dayan\u0131kl\u0131l\u0131k<\/h3>\n<p>Kol silindirleri genellikle iyi a\u015f\u0131nma ve korozyon direncine sahip y\u00fcksek mukavemetli malzemelerden yap\u0131l\u0131r ve bu da onlar\u0131 zorlu ortamlarda uzun s\u00fcreli kullan\u0131ma uygun hale getirir.<\/p>\n<\/li>\n<li>\n<h3>\u00c7ok Fonksiyonlu Uyarlanabilirlik<\/h3>\n<p>Bu silindirler ekskavat\u00f6rler, vin\u00e7ler ve mekanik kollar gibi \u00e7e\u015fitli mekanik ekipmanlarda yayg\u0131n olarak kullan\u0131labilir ve farkl\u0131 i\u015f gereksinimlerine uyum sa\u011flar.<\/p>\n<\/li>\n<li>\n<h3>Kolay Bak\u0131m<\/h3>\n<p>Tasar\u0131mda bak\u0131m ve de\u011fi\u015ftirme kolayl\u0131\u011f\u0131 g\u00f6z \u00f6n\u00fcnde bulundurularak d\u00fczenli muayene ve bak\u0131m daha rahat hale getirilir ve ekipman ar\u0131za s\u00fcreleri azalt\u0131l\u0131r.<\/p>\n<\/li>\n<\/ul>\n<p><img decoding=\"async\" src=\"https:\/\/www.hydraulic-cylinders.net\/wp-content\/uploads\/2025\/01\/songte-oil-pipes-and-spare-parts.webp\"><\/p>\n<h2>Uygulamalar<\/h2>\n<p>Kol silindiri \u00e7e\u015fitli end\u00fcstrilerde ve ekipmanlarda kullan\u0131labilir:<\/p>\n<ul>\n<li>\n<h3>\u0130n\u015faat M\u00fchendisli\u011fi<\/h3>\n<p>Ekskavat\u00f6rlerde ve vin\u00e7lerde kol silindiri, toprak i\u015fleri, malzeme ta\u015f\u0131ma ve yap\u0131sal montajlarda kep\u00e7e veya bomun hareketini kontrol etmek i\u00e7in kullan\u0131l\u0131r.<\/p>\n<\/li>\n<li>\n<h3>\u00dcretim Sanayi<\/h3>\n<p>Otomasyonlu \u00fcretim hatlar\u0131nda kol silindiri, montaj, kaynak ve elle\u00e7leme gibi i\u015flemlerde mekanik kollar\u0131n hareket ettirilmesi i\u00e7in kullan\u0131l\u0131r, b\u00f6ylece \u00fcretim verimlili\u011fi ve do\u011frulu\u011fu art\u0131r\u0131l\u0131r.<\/p>\n<\/li>\n<li>\n<h3>Tar\u0131m Makinalar\u0131<\/h3>\n<p>Bi\u00e7erd\u00f6ver ve ekim makinesi gibi tar\u0131m makinelerinde kol silindiri, ekim, g\u00fcbreleme ve hasat gibi g\u00f6revleri ger\u00e7ekle\u015ftirmek i\u00e7in \u00e7al\u0131\u015fma kolunun hareketini kontrol eder.<\/p>\n<\/li>\n<li>\n<h3>Madencilik<\/h3>\n<p>Madencilik ekipmanlar\u0131nda kol silindiri, cevherlerin \u00e7\u0131kar\u0131lmas\u0131 ve ta\u015f\u0131nmas\u0131 i\u00e7in madencilik ekipmanlar\u0131n\u0131n kol hareketini kontrol etmek amac\u0131yla kullan\u0131l\u0131r.<\/p>\n<\/li>\n<li>\n<h3>Lojistik ve Ta\u015f\u0131mac\u0131l\u0131k<\/h3>\n<p>Forkliftlerde ve ta\u015f\u0131ma robotlar\u0131nda, kol silindiri \u00e7atal\u0131n kald\u0131r\u0131lmas\u0131n\u0131 ve hareketini kontrol etmek, malzemelerin ta\u015f\u0131nmas\u0131n\u0131 ve istiflenmesini sa\u011flamak i\u00e7in kullan\u0131l\u0131r.<\/p>\n<\/li>\n<\/ul>\n<p><img decoding=\"async\" src=\"https:\/\/www.hydraulic-cylinders.net\/wp-content\/uploads\/2025\/01\/songte-chushion-collar.webp\"><\/p>\n<h2>Tasar\u0131m Hususlar\u0131 ve Se\u00e7im Standartlar\u0131<\/h2>\n<ul>\n<li>\n<h3>Ta\u015f\u0131ma Kapasitesi<\/h3>\n<p>Kol silindiri, \u00e7al\u0131\u015fma s\u0131ras\u0131nda ekipman\u0131n stabilitesini ve g\u00fcvenli\u011fini sa\u011flamak i\u00e7in yeterli ta\u015f\u0131ma kapasitesine sahip olmal\u0131d\u0131r.<\/p>\n<\/li>\n<li>\n<h3>S\u0131zd\u0131rmazl\u0131k Performans\u0131<\/h3>\n<p>Kol silindiri, ya\u011f s\u0131z\u0131nt\u0131s\u0131n\u0131 \u00f6nlemek ve hidrolik sistemin normal \u00e7al\u0131\u015fmas\u0131n\u0131 sa\u011flamak i\u00e7in iyi bir s\u0131zd\u0131rmazl\u0131k performans\u0131na sahip olmal\u0131d\u0131r.<\/p>\n<\/li>\n<li>\n<h3>Dayan\u0131kl\u0131l\u0131k<\/h3>\n<p>Uzun s\u00fcreli kullan\u0131m i\u00e7in zorlu ortamlarda kol silindirinin a\u015f\u0131nma ve korozyon direnci y\u00fcksek, y\u00fcksek mukavemetli malzemelerden yap\u0131lmas\u0131 gerekmektedir.<\/p>\n<\/li>\n<li>\n<h3>Emniyet<\/h3>\n<p>Ekipman\u0131n \u00e7al\u0131\u015fmas\u0131 s\u0131ras\u0131nda kazalar\u0131 \u00f6nlemek i\u00e7in kol silindirinin g\u00fcvenlik \u00f6zelliklerine sahip olmas\u0131 gerekir.<\/p>\n<\/li>\n<li>\n<h3>Bak\u0131m kolayl\u0131\u011f\u0131<\/h3>\n<p>Ekipman ar\u0131za s\u00fcresini azaltmak i\u00e7in kol silindiri bak\u0131m\u0131 ve de\u011fi\u015fimi kolay olacak \u015fekilde tasarlanmal\u0131d\u0131r.<\/p>\n<\/li>\n<\/ul>\n<p><img decoding=\"async\" src=\"https:\/\/www.hydraulic-cylinders.net\/wp-content\/uploads\/2025\/01\/songte-cylinder-head-with-all-kinds-excavator-models.webp\"><\/p>\n<h2>S\u0131zd\u0131rmazl\u0131k ve Ya\u011flama<\/h2>\n<p>Kol silindiri, poli\u00fcretan ve nitril kau\u00e7uk gibi a\u015f\u0131nmaya dayan\u0131kl\u0131 malzemelerden yap\u0131lm\u0131\u015f piston contalar\u0131 ve piston kolu contalar\u0131 gibi \u00e7e\u015fitli s\u0131zd\u0131rmazl\u0131k bile\u015fenleri kullan\u0131r. Silindir g\u00f6vdesi ve di\u015fli u\u00e7 y\u00fczeyi, a\u015f\u0131nma direncini art\u0131rmak i\u00e7in hassas bir i\u015flemden ge\u00e7irilir. Normal \u00e7al\u0131\u015fmas\u0131n\u0131 sa\u011flamak i\u00e7in ya\u011flama ve so\u011futma amac\u0131yla d\u00fczenli olarak uygun hidrolik ya\u011f ile doldurulmas\u0131 gerekir.<\/p>\n<h2>D\u00fczenli Muayene ve \u00d6nleyici Bak\u0131m<\/h2>\n<ul>\n<li>\n<h3>D\u00fczenli Muayene<\/h3>\n<p>Kol silindirinin normal \u00e7al\u0131\u015fmas\u0131n\u0131 sa\u011flamak i\u00e7in d\u00fczenli olarak denetlenmesi, s\u0131zd\u0131rmazl\u0131k, ya\u011flama ve bile\u015fenlerin a\u015f\u0131nmas\u0131n\u0131n kontrol edilmesi gerekir.<\/p>\n<\/li>\n<li>\n<h3>\u00d6nleyici Bak\u0131m<\/h3>\n<p>Ekipman ar\u0131zas\u0131 olas\u0131l\u0131\u011f\u0131n\u0131 azaltmak i\u00e7in a\u015f\u0131nm\u0131\u015f contalar\u0131n zaman\u0131nda de\u011fi\u015ftirilmesi ve silindir g\u00f6vdesinin d\u00fczenli olarak temizlenmesi gibi \u00f6nleyici bak\u0131mlar\u0131n yap\u0131lmas\u0131 gerekir.<\/p>\n<\/li>\n<\/ul>\n<p><img decoding=\"async\" src=\"https:\/\/www.hydraulic-cylinders.net\/wp-content\/uploads\/2025\/01\/songte-bushings-with-all-kinds-of-excavator-models.webp\"><\/p>\n<h2>Kurulum K\u0131lavuzu<\/h2>\n<p>Kurulumdan \u00f6nce, silindirin montaj y\u00fczeyini ve ekipman\u0131n ilgili par\u00e7alar\u0131n\u0131 temizleyin. Silindiri takmak ve hidrolik hortumlar\u0131 ba\u011flamak i\u00e7in kurulum talimatlar\u0131n\u0131 izleyin. Silindir g\u00f6vdesine ve bile\u015fenlerine zarar vermemek i\u00e7in kurulum i\u015flemi dikkatli yap\u0131lmal\u0131d\u0131r.<\/p>\n<h2>G\u00fcvenlik Hususlar\u0131 ve \u00c7evresel Fakt\u00f6rler<\/h2>\n<p>\u0130\u015fletme s\u0131ras\u0131nda, personel ve ekipman\u0131n g\u00fcvenli\u011fini sa\u011flamak i\u00e7in g\u00fcvenlik y\u00f6netmeliklerine uyulmas\u0131 gerekmektedir. Ekipman\u0131n \u00e7evre \u00fczerindeki etkisini azaltmak i\u00e7in \u00e7evresel fakt\u00f6rler de dikkate al\u0131nmal\u0131d\u0131r.<\/p>\n<h2>Sorun Giderme ve Yayg\u0131n Sorunlar<\/h2>\n<p>Yayg\u0131n sorunlar aras\u0131nda ya\u011f s\u0131z\u0131nt\u0131s\u0131, zay\u0131f hareket ve anormal g\u00fcr\u00fclt\u00fc bulunur. Bu sorunlar, bile\u015fen a\u015f\u0131nmas\u0131, yanl\u0131\u015f montaj ve yetersiz ya\u011flama gibi \u00e7e\u015fitli nedenlerden kaynaklanabilir. Ekipman ar\u0131zas\u0131n\u0131 \u00f6nlemek ve normal \u00e7al\u0131\u015fmas\u0131n\u0131 sa\u011flamak i\u00e7in sorunlar\u0131 zaman\u0131nda te\u015fhis edip \u00e7\u00f6zmek gerekir.<\/p>\n<h2>\u00c7\u00f6z\u00fcm<\/h2>\n<p>Zengin \u00fcr\u00fcn \u00e7e\u015fitlili\u011fimizle profesyonel bir yedek hidrolik silindir \u00fcreticisiyiz ve yurt i\u00e7i ve yurt d\u0131\u015f\u0131 pazarlarda lider hidrolik silindir \u00fcreticilerinden ve toptan da\u011f\u0131t\u0131c\u0131lar\u0131ndan biri haline geldik. Her zaman m\u00fckemmel kalite ilkesini benimsiyor, hassas \u00fcretim at\u00f6lyemizin end\u00fcstriyel \u00fcretim y\u00f6netimi stratejisine g\u00fcveniyor, teknolojik seviyemizi ve \u00fcretim verimlili\u011fimizi s\u00fcrekli geli\u015ftiriyoruz. Amac\u0131m\u0131z, y\u00fcksek verimlilik, do\u011fruluk ve y\u00fcksek kalite ilkeleriyle m\u00fc\u015fterilerimizin \u00e7e\u015fitli ihtiya\u00e7lar\u0131n\u0131 kar\u015f\u0131lamakt\u0131r.<\/p>\n<p><img decoding=\"async\" src=\"https:\/\/www.hydraulic-cylinders.net\/wp-content\/uploads\/2025\/01\/songte-company-4.webp\"><br \/>\n<img decoding=\"async\" src=\"https:\/\/www.hydraulic-cylinders.net\/wp-content\/uploads\/2025\/01\/songte-company-3.webp\"><\/p>\n<p>Yazar: lyl.<\/p>","protected":false},"excerpt":{"rendered":"<p>Arm Cylinder For Volwa Small Excavator DLS880-9B Definition and Explanation The arm cylinder is a specially designed hydraulic cylinder that provides linear movement and power to the arms of various types of machinery such as excavators, cranes, and mechanical arms. It plays a crucial role in hydraulic systems, allowing for the effective movement and control [&hellip;]<\/p>","protected":false},"featured_media":14763,"comment_status":"open","ping_status":"closed","template":"","meta":{"_et_pb_use_builder":"","_et_pb_old_content":"","_et_gb_content_width":""},"product_brand":[],"product_cat":[1497],"product_tag":[1498,1496],"class_list":{"0":"post-16815","1":"product","2":"type-product","3":"status-publish","4":"has-post-thumbnail","6":"product_cat-arm-cylinders","7":"product_tag-arm-cylinders","8":"product_tag-hydraulic-cylinders","10":"first","11":"instock","12":"shipping-taxable","13":"product-type-simple"},"amp_enabled":true,"_links":{"self":[{"href":"https:\/\/www.hydraulic-cylinders.net\/tr\/wp-json\/wp\/v2\/product\/16815","targetHints":{"allow":["GET"]}}],"collection":[{"href":"https:\/\/www.hydraulic-cylinders.net\/tr\/wp-json\/wp\/v2\/product"}],"about":[{"href":"https:\/\/www.hydraulic-cylinders.net\/tr\/wp-json\/wp\/v2\/types\/product"}],"replies":[{"embeddable":true,"href":"https:\/\/www.hydraulic-cylinders.net\/tr\/wp-json\/wp\/v2\/comments?post=16815"}],"wp:featuredmedia":[{"embeddable":true,"href":"https:\/\/www.hydraulic-cylinders.net\/tr\/wp-json\/wp\/v2\/media\/14763"}],"wp:attachment":[{"href":"https:\/\/www.hydraulic-cylinders.net\/tr\/wp-json\/wp\/v2\/media?parent=16815"}],"wp:term":[{"taxonomy":"product_brand","embeddable":true,"href":"https:\/\/www.hydraulic-cylinders.net\/tr\/wp-json\/wp\/v2\/product_brand?post=16815"},{"taxonomy":"product_cat","embeddable":true,"href":"https:\/\/www.hydraulic-cylinders.net\/tr\/wp-json\/wp\/v2\/product_cat?post=16815"},{"taxonomy":"product_tag","embeddable":true,"href":"https:\/\/www.hydraulic-cylinders.net\/tr\/wp-json\/wp\/v2\/product_tag?post=16815"}],"curies":[{"name":"wp","href":"https:\/\/api.w.org\/{rel}","templated":true}]}}