{"id":1682,"date":"2023-10-11T06:14:39","date_gmt":"2023-10-11T06:14:39","guid":{"rendered":"https:\/\/hydraulic-cylinders.net\/?post_type=product&#038;p=1682"},"modified":"2025-04-11T03:46:09","modified_gmt":"2025-04-11T03:46:09","slug":"press-rear-side-shift-cylinder","status":"publish","type":"product","link":"https:\/\/www.hydraulic-cylinders.net\/tr\/urun\/press-rear-side-shift-cylinder\/","title":{"rendered":"Arka Yan Vites Silindirine Bas\u0131n"},"content":{"rendered":"<h1 style=\"text-align: center;\"><strong>Arka Yan Vites Silindirine Bas\u0131n<\/strong><\/h1>\n<p><img loading=\"lazy\" decoding=\"async\" class=\"aligncenter wp-image-1684\" src=\"https:\/\/hydraulic-cylinders.net\/wp-content\/uploads\/2023\/10\/rear-side-shift-cylinder-1-300x300.webp\" alt=\"\" width=\"400\" height=\"400\" \/><\/p>\n<p>Pres arka taraf kayd\u0131rma silindiri, presleme i\u015flemlerinde verimlili\u011fi ve hassasiyeti art\u0131rmak i\u00e7in tasarlanm\u0131\u015f son teknoloji bir ara\u00e7t\u0131r. Yenilik\u00e7i arka taraf kayd\u0131rma \u00f6zelli\u011fi sayesinde, bu silindir presleme s\u0131ras\u0131nda i\u015f par\u00e7alar\u0131n\u0131n sorunsuz bir \u015fekilde ayarlanmas\u0131na olanak tan\u0131yarak do\u011fru hizalamay\u0131 sa\u011flar ve kurulum s\u00fcresini azalt\u0131r.<\/p>\n<p>Pres arka taraf kayd\u0131rma silindiri, presleme i\u015flemlerinde \u00e7\u0131\u011f\u0131r a\u00e7an bir yeniliktir. Arka taraf kayd\u0131rma \u00f6zelli\u011fi, hassas hizalama, ayarlanabilir kayd\u0131rma aral\u0131\u011f\u0131 ve h\u0131zl\u0131 tepki verme \u00f6zelli\u011fiyle bu silindir, operat\u00f6rlerin hassas ve verimli presleme sonu\u00e7lar\u0131 elde etmelerini sa\u011flar. \u00d6nerilen kullan\u0131m y\u00f6ntemleri ve bak\u0131m uygulamalar\u0131n\u0131 takip ederek, pres uygulamalar\u0131n\u0131zda pres arka taraf kayd\u0131rma silindirinin performans\u0131n\u0131, \u00f6mr\u00fcn\u00fc ve g\u00fcvenli\u011fini en \u00fcst d\u00fczeye \u00e7\u0131karabilirsiniz. Bu son teknoloji \u00fcr\u00fcn\u00fc silindirle presleme yeteneklerinizi geli\u015ftirin ve \u00fcst\u00fcn hizalama ve verimlilik deneyimi ya\u015fay\u0131n.<\/p>\n<p>Arka Yan Vites Silindiri Tu\u015funa Bas\u0131n ve \u00d6zellikleri:<\/p>\n<ol>\n<li>Arka Yana Kayma \u00d6zelli\u011fi:\n<ul>\n<li>Pres arka taraf kayd\u0131rma silindiri, presleme i\u015flemleri s\u0131ras\u0131nda i\u015f par\u00e7alar\u0131n\u0131n arka tarafa do\u011fru hassas bir \u015fekilde kayd\u0131r\u0131lmas\u0131n\u0131 kolayla\u015ft\u0131rmak i\u00e7in \u00f6zel olarak tasarlanm\u0131\u015ft\u0131r.<\/li>\n<li>Bu sistem, operat\u00f6rlerin i\u015f par\u00e7as\u0131n\u0131n konumunu zahmetsizce ayarlamas\u0131n\u0131 sa\u011flayarak optimum hizalamay\u0131 garanti eder ve manuel ayarlama ihtiyac\u0131n\u0131 en aza indirir.<\/li>\n<\/ul>\n<\/li>\n<li>Do\u011fru Hizalama:\n<ul>\n<li>Bu silindir, i\u015f par\u00e7as\u0131n\u0131n do\u011fru hizalanmas\u0131n\u0131 sa\u011flayarak yanl\u0131\u015f hizalama riskini azalt\u0131r ve genel hassasiyeti art\u0131r\u0131r.<\/li>\n<li>Presin arka taraf kayd\u0131rma silindiri taraf\u0131ndan sa\u011flanan hassas hizalama, \u00fcr\u00fcn kalitesinin artmas\u0131na ve hurda oranlar\u0131n\u0131n azalmas\u0131na yol a\u00e7ar.<\/li>\n<\/ul>\n<\/li>\n<li>Ayarlanabilir Vites Aral\u0131\u011f\u0131:\n<ul>\n<li>Silindir, ayarlanabilir bir kayd\u0131rma aral\u0131\u011f\u0131 sunarak operat\u00f6rlerin belirli uygulama gereksinimlerine ba\u011fl\u0131 olarak arka tarafa kayd\u0131rma miktar\u0131n\u0131 \u00f6zelle\u015ftirmelerine olanak tan\u0131r.<\/li>\n<li>Vites aral\u0131\u011f\u0131n\u0131 ayarlama esnekli\u011fi, farkl\u0131 i\u015f par\u00e7as\u0131 boyutlar\u0131, \u015fekilleri ve presleme ihtiya\u00e7lar\u0131yla uyumlulu\u011fu garanti eder.<\/li>\n<\/ul>\n<\/li>\n<li>H\u0131zl\u0131 ve Duyarl\u0131:\n<ul>\n<li>Presin arka taraf\u0131ndaki kayd\u0131rma silindiri, h\u0131zl\u0131 ve hassas bir kayd\u0131rma mekanizmas\u0131na sahiptir ve presleme i\u015flemleri s\u0131ras\u0131nda h\u0131zl\u0131 ayarlamalar yap\u0131lmas\u0131n\u0131 sa\u011flar.<\/li>\n<li>H\u0131zl\u0131 kayd\u0131rma hareketi, genel \u00e7evrim s\u00fcresini k\u0131saltarak pres uygulamalar\u0131nda verimlili\u011fi ve \u00fcretim kapasitesini en \u00fcst d\u00fczeye \u00e7\u0131kar\u0131r.<\/li>\n<\/ul>\n<\/li>\n<\/ol>\n<h2><strong>Arka Yan Vites Silindiri Parametresine Bas\u0131n:<\/strong><\/h2>\n<table border=\"1\" cellspacing=\"0\" cellpadding=\"0\">\n<tbody>\n<tr>\n<td>\u00dcr\u00fcn Ad\u0131<\/td>\n<td>Hidrolik Pres \u00d6n Yan Kayd\u0131rma Silindiri<\/td>\n<\/tr>\n<tr>\n<td>\u00d6zellikler:<\/td>\n<td>Bo\u015flu\u011fu veya i\u015f par\u00e7as\u0131n\u0131 yatay olarak hareket ettirin<\/td>\n<\/tr>\n<tr>\n<td>Piston:<\/td>\n<td>80 mm\uff5e240 mm<br \/>\nStrok\u2264300 mm<\/td>\n<\/tr>\n<tr>\n<td>\u0130tme kuvveti:<\/td>\n<td>Maksimum 1130KN<br \/>\n(Plunger 240mm\/bas\u0131n\u00e7 25MPa)<\/td>\n<\/tr>\n<tr>\n<td>\u00d6n Yan Vites Silindiri Uygulamalar\u0131:<\/td>\n<td>Hidrolik Pres<\/td>\n<\/tr>\n<\/tbody>\n<\/table>\n<div><\/div>\n<div>\n<div class=\"txtboxL\">\n<div class=\"txtboxL\">\n<div class=\"txtboxL\">\u00d6zellikler:<\/div>\n<div class=\"txtboxR\">Manip\u00fclat\u00f6r\u00fcn k\u0131ska\u00e7 ba\u015fl\u0131\u011f\u0131n\u0131n kald\u0131r\u0131lmas\u0131n\u0131 ger\u00e7ekle\u015ftirmek i\u00e7in i\u015fbirli\u011fi yap\u0131n.<\/div>\n<div class=\"txtboxL\">\u00d6zellikler:<\/div>\n<div class=\"txtboxR\">Piston: 70 mm\uff5e180 mm<br \/>\nStrok\u2264300 mm<\/div>\n<div class=\"txtboxL\">\u0130tme kuvveti:<\/div>\n<div class=\"txtboxR\">Maksimum 636 KN<br \/>\n(Piston 180 mm \/ Bas\u0131n\u00e7 25 MPa)<\/div>\n<\/div>\n<\/div>\n<\/div>\n<h2><strong>Pres Silindir Fabrikas\u0131:<\/strong><\/h2>\n<p><img loading=\"lazy\" decoding=\"async\" class=\"alignnone wp-image-1619 size-full\" src=\"https:\/\/hydraulic-cylinders.net\/wp-content\/uploads\/2023\/10\/press-cylinder.webp\" alt=\"\" width=\"1418\" height=\"946\" srcset=\"https:\/\/hydraulic-cylinders.net\/wp-content\/uploads\/2023\/10\/press-cylinder.webp 1418w, https:\/\/hydraulic-cylinders.net\/wp-content\/uploads\/2023\/10\/press-cylinder-1280x854.webp 1280w, https:\/\/hydraulic-cylinders.net\/wp-content\/uploads\/2023\/10\/press-cylinder-980x654.webp 980w, https:\/\/hydraulic-cylinders.net\/wp-content\/uploads\/2023\/10\/press-cylinder-480x320.webp 480w\" sizes=\"(min-width: 0px) and (max-width: 480px) 480px, (min-width: 481px) and (max-width: 980px) 980px, (min-width: 981px) and (max-width: 1280px) 1280px, (min-width: 1281px) 1418px, 100vw\" \/><\/p>\n<h2><strong>Arka Tarafa Basmal\u0131 Vites De\u011fi\u015ftirme Silindirinin Kullan\u0131m Y\u00f6ntemi<\/strong><strong>:<\/strong><\/h2>\n<ul>\n<li><strong>Kurulum:<\/strong>\n<ul>\n<li>Presin arka taraf\u0131ndaki kayd\u0131rma silindirini istenilen yere g\u00fcvenli bir \u015fekilde monte edin ve presleme ekipman\u0131yla do\u011fru hizalamay\u0131 sa\u011flay\u0131n.<\/li>\n<li>Hidrolik hatlar\u0131 \u00fcreticinin talimatlar\u0131na g\u00f6re ba\u011flay\u0131n, do\u011fru s\u0131v\u0131 ak\u0131\u015f\u0131n\u0131 sa\u011flay\u0131n ve herhangi bir s\u0131z\u0131nt\u0131y\u0131 \u00f6nleyin.<\/li>\n<\/ul>\n<\/li>\n<li><strong>Vites Ayar\u0131:<\/strong>\n<ul>\n<li>Silindirin sa\u011flad\u0131\u011f\u0131 vites de\u011fi\u015ftirme ayar mekanizmas\u0131n\u0131 iyice \u00f6\u011frenin.<\/li>\n<li>Ayarlamalar genellikle kontrol d\u00fc\u011fmeleri, el \u00e7arklar\u0131 veya dijital kontroller kullan\u0131larak yap\u0131labilir.<\/li>\n<li>\u00dcreticinin y\u00f6nergelerini izleyerek, i\u015f par\u00e7as\u0131n\u0131n boyutlar\u0131na ve hizalama gereksinimlerine g\u00f6re arka taraftaki kayd\u0131rma ayarlar\u0131n\u0131 hassas bir \u015fekilde yap\u0131n.<\/li>\n<\/ul>\n<\/li>\n<li><strong>\u0130\u015f Par\u00e7as\u0131n\u0131n Hizalanmas\u0131 ve Kayd\u0131r\u0131lmas\u0131:<\/strong>\n<ul>\n<li>\u0130\u015f par\u00e7as\u0131n\u0131 pres yata\u011f\u0131na yerle\u015ftirin ve silindirle ilk hizalamay\u0131 sa\u011flay\u0131n.<\/li>\n<li>Silindiri harekete ge\u00e7irerek vites de\u011fi\u015ftirme mekanizmas\u0131n\u0131 devreye sokun ve i\u015f par\u00e7as\u0131n\u0131 istenen arka taraf konumuna sorunsuz bir \u015fekilde ayarlay\u0131n.<\/li>\n<li>Arka taraftaki kayd\u0131rma i\u015fleminin do\u011frulu\u011funu sa\u011flamak i\u00e7in hizalamay\u0131 g\u00f6rsel olarak veya \u00f6l\u00e7\u00fcm aletleri kullanarak do\u011frulay\u0131n.<\/li>\n<\/ul>\n<\/li>\n<li><strong>Presleme \u0130\u015flemi:<\/strong>\n<ul>\n<li>\u0130\u015f par\u00e7as\u0131 do\u011fru \u015fekilde hizalan\u0131p kayd\u0131r\u0131ld\u0131ktan sonra, standart prosed\u00fcrlerinizi izleyerek presleme i\u015flemine devam edin.<\/li>\n<li>Presin arka taraf\u0131ndaki kayd\u0131rma silindiri, presleme i\u015flemi boyunca i\u015f par\u00e7as\u0131n\u0131n hizas\u0131n\u0131 ve stabilitesini koruyarak tutarl\u0131 sonu\u00e7lar sa\u011flar.<\/li>\n<\/ul>\n<\/li>\n<\/ul>\n<h2><strong>Hidrolik Silindir \u0130\u00e7in Conta Tak\u0131m\u0131 Nas\u0131l Bulunur?<\/strong><\/h2>\n<p>Hidrolik silindir i\u00e7in conta seti bulmak, silindirin marka ve modelini belirlemeyi, g\u00fcvenilir tedarik\u00e7ileri veya \u00fcreticileri ara\u015ft\u0131rmay\u0131 ve silindirin \u00f6zelliklerine g\u00f6re do\u011fru conta setini temin etmeyi i\u00e7erir. \u0130\u015fte hidrolik silindir i\u00e7in conta seti bulman\u0131n ad\u0131m ad\u0131m k\u0131lavuzu:<\/p>\n<ol>\n<li><strong>Silindir Bilgilerini Tan\u0131mlay\u0131n:<\/strong>\n<ul>\n<li>S\u0131zd\u0131rmazl\u0131k kiti ihtiyac\u0131n\u0131z olan hidrolik silindirin marka ve modelini belirleyin.<\/li>\n<li>Silindirin \u00fczerinde herhangi bir tan\u0131mlay\u0131c\u0131 i\u015faret, etiket veya kaz\u0131nm\u0131\u015f bilgi olup olmad\u0131\u011f\u0131n\u0131 kontrol edin.<\/li>\n<li>Orijinal ekipman \u00fcreticisi (OEM) belgelerine veya par\u00e7a numaras\u0131na sahipseniz, bu arama s\u00fcrecinde faydal\u0131 olabilir.<\/li>\n<\/ul>\n<\/li>\n<li><strong>G\u00fcvenilir Tedarik\u00e7ileri Ara\u015ft\u0131r\u0131n:<\/strong>\n<ul>\n<li>\u00d6ncelikle g\u00fcvenilir hidrolik conta tedarik\u00e7ilerini veya \u00fcreticilerini ara\u015ft\u0131rarak i\u015fe ba\u015flay\u0131n.<\/li>\n<li>Hidrolik contalar konusunda uzmanla\u015fm\u0131\u015f ve geni\u015f \u00fcr\u00fcn yelpazesine sahip tedarik\u00e7ileri aray\u0131n.<\/li>\n<li>\u00c7evrimi\u00e7i arama motorlar\u0131, sekt\u00f6r dizinleri ve hidrolik ekipman forumlar\u0131, g\u00fcvenilir tedarik\u00e7iler bulmak i\u00e7in de\u011ferli kaynaklar olabilir.<\/li>\n<\/ul>\n<\/li>\n<li><strong>Silindir \u00fcreticisi veya OEM ile ileti\u015fime ge\u00e7in:<\/strong>\n<ul>\n<li>M\u00fcmk\u00fcnse, hidrolik silindirin \u00fcreticisine veya orijinal ekipman \u00fcreticisine (OEM) ula\u015farak bilgi alman\u0131z \u00f6nerilir.<\/li>\n<li>Belirli silindir modeliniz i\u00e7in conta kitlerinin bulunabilirli\u011fi hakk\u0131nda bilgi almak i\u00e7in m\u00fc\u015fteri hizmetleri departman\u0131yla veya teknik destek birimiyle ileti\u015fime ge\u00e7in.<\/li>\n<li>Do\u011fru conta setini belirlemelerine yard\u0131mc\u0131 olmak i\u00e7in silindirinizin marka, model ve di\u011fer ilgili bilgilerini onlara verin.<\/li>\n<\/ul>\n<\/li>\n<li><strong>Toplama Silindiri \u00d6zellikleri:<\/strong>\n<ul>\n<li>S\u0131zd\u0131rmazl\u0131k kiti ihtiyac\u0131n\u0131z olan hidrolik silindirin spesifik \u00f6zelliklerini belirleyin.<\/li>\n<li>Silindir i\u00e7 \u00e7ap\u0131, piston \u00e7ap\u0131 ve gerekli conta say\u0131s\u0131 ve tipleri gibi ayr\u0131nt\u0131lar\u0131 not edin.<\/li>\n<li>M\u00fcmk\u00fcnse, mevcut contalar\u0131n boyutlar\u0131n\u0131 \u00f6l\u00e7erek, conta setinin do\u011fru \u015fekilde tan\u0131mlanmas\u0131n\u0131 ve se\u00e7ilmesini sa\u011flay\u0131n.<\/li>\n<\/ul>\n<\/li>\n<li><strong>\u00c7evrimi\u00e7i Conta Tedarik\u00e7ilerini Aray\u0131n:<\/strong>\n<ul>\n<li>\u00c7evrimi\u00e7i conta tedarik\u00e7isi web sitelerini kullanarak hidrolik silindirinizin \u00f6zelliklerine g\u00f6re conta kitleri aray\u0131n.<\/li>\n<li>Arama filtrelerine silindirin markas\u0131n\u0131, modelini veya boyutlar\u0131n\u0131 girerek mevcut se\u00e7enekleri daraltabilirsiniz.<\/li>\n<li>Do\u011fru e\u015fle\u015fmeyi sa\u011flamak i\u00e7in tedarik\u00e7iler taraf\u0131ndan sa\u011flanan \u00fcr\u00fcn a\u00e7\u0131klamalar\u0131n\u0131, \u00f6zelliklerini ve uyumluluk bilgilerini inceleyin.<\/li>\n<\/ul>\n<\/li>\n<li><strong>Uyumlulu\u011fu Do\u011frulay\u0131n:<\/strong>\n<ul>\n<li>Potansiyel bir conta kiti belirledikten sonra, hidrolik silindirinizle uyumlulu\u011funu do\u011frulay\u0131n.<\/li>\n<li>S\u0131zd\u0131rmazl\u0131k kitinin \u00f6zelliklerini ve boyutlar\u0131n\u0131, silindirinizden elde etti\u011finiz bilgilerle kar\u015f\u0131la\u015ft\u0131r\u0131n.<\/li>\n<li>Conta setinin, silindirinizin \u00f6zel konfig\u00fcrasyonu i\u00e7in gerekli t\u00fcm contalar\u0131 i\u00e7erdi\u011finden emin olun.<\/li>\n<\/ul>\n<\/li>\n<li><strong>Conta Setini Sipari\u015f Edin ve Tak\u0131n:<\/strong>\n<ul>\n<li>Se\u00e7ti\u011finiz tedarik\u00e7i veya \u00fcreticiden conta kiti sipari\u015fi verin.<\/li>\n<li>Do\u011fru conta setinin sa\u011flanabilmesi i\u00e7in silindir \u00f6zelliklerini ve di\u011fer gerekli ayr\u0131nt\u0131lar\u0131 da i\u00e7eren do\u011fru bilgileri verin.<\/li>\n<li>\u00d6deme, kargo ve teslimat i\u00e7in tedarik\u00e7inin talimatlar\u0131na uyun.<\/li>\n<li>Conta seti elinize ula\u015ft\u0131\u011f\u0131nda, hidrolik silindirinizdeki contalar\u0131 de\u011fi\u015ftirmek i\u00e7in tedarik\u00e7i veya \u00fcretici taraf\u0131ndan sa\u011flanan kurulum talimatlar\u0131n\u0131 dikkatlice izleyin.<\/li>\n<\/ul>\n<\/li>\n<\/ol>\n<h2><strong>Fabrikan\u0131n Kapasitesi ve Kapasitesi:<\/strong><\/h2>\n<h3>(1) Meclis<\/h3>\n<p>Birinci s\u0131n\u0131f ba\u011f\u0131ms\u0131z bir ara\u015ft\u0131rma ve geli\u015ftirme montaj platformumuz bulunmaktad\u0131r. Hidrolik silindir \u00fcretim at\u00f6lyemizde, y\u0131ll\u0131k 1 milyon adet \u00fcretim kapasitesine sahip d\u00f6rt adet yar\u0131 otomatik kald\u0131rma silindiri montaj hatt\u0131 ve bir adet otomatik devirme silindiri montaj hatt\u0131 bulunmaktad\u0131r. \u00d6zel silindir at\u00f6lyemiz, y\u0131ll\u0131k 200.000 adet \u00fcretim kapasitesine sahip \u00e7e\u015fitli \u00f6zelliklerde yar\u0131 otomatik temizleme montaj sistemiyle donat\u0131lm\u0131\u015ft\u0131r. Ayr\u0131ca, \u00fcnl\u00fc CNC i\u015fleme ekipmanlar\u0131, bir i\u015fleme merkezi, y\u00fcksek hassasiyetli silindir i\u015fleme \u00f6zel ekipmanlar\u0131, bir robot kaynak makinesi, bir otomatik temizleme makinesi, otomatik silindir montaj makinesi ve otomatik boyama \u00fcretim hatt\u0131 ile donat\u0131lm\u0131\u015ft\u0131r. 300'den fazla setten olu\u015fan kritik ekipmanlar mevcuttur. Ekipman kaynaklar\u0131n\u0131n optimum da\u011f\u0131l\u0131m\u0131 ve verimli kullan\u0131m\u0131, \u00fcr\u00fcnlerin hassasiyet gereksinimlerini kar\u015f\u0131lar ve \u00fcr\u00fcnlerin y\u00fcksek kalite ihtiya\u00e7lar\u0131n\u0131 kar\u015f\u0131lar.<\/p>\n<p><img loading=\"lazy\" decoding=\"async\" class=\"alignnone wp-image-626\" src=\"https:\/\/hydraulic-cylinders.net\/wp-content\/uploads\/2023\/08\/hydraulic-cylinder-product-1-300x158.webp\" alt=\"\" width=\"495\" height=\"260\" srcset=\"https:\/\/hydraulic-cylinders.net\/wp-content\/uploads\/2023\/08\/hydraulic-cylinder-product-1-300x158.webp 495w, https:\/\/hydraulic-cylinders.net\/wp-content\/uploads\/2023\/08\/hydraulic-cylinder-product-1-480x252.webp 480w\" sizes=\"(min-width: 0px) and (max-width: 480px) 480px, (min-width: 481px) 495px, 100vw\" \/> <img loading=\"lazy\" decoding=\"async\" class=\"alignnone wp-image-627\" src=\"https:\/\/hydraulic-cylinders.net\/wp-content\/uploads\/2023\/08\/hydraulic-cylinder-product-2-300x189.webp\" alt=\"\" width=\"413\" height=\"260\" \/><\/p>\n<h3>(2) \u0130\u015fleme<\/h3>\n<p>\u0130\u015fleme at\u00f6lyesi, maksimum 400 mm i\u00e7 \u00e7apa ve maksimum 6 metre uzunlu\u011fa sahip silindir borular\u0131n\u0131n i\u015flenmesini ger\u00e7ekle\u015ftirebilen \u00f6zel e\u011fimli ray torna merkezi, i\u015fleme merkezi, y\u00fcksek h\u0131zl\u0131 honlama makinesi, kaynak robotu ve di\u011fer ilgili ekipmanlarla donat\u0131lm\u0131\u015ft\u0131r.<\/p>\n<p><img loading=\"lazy\" decoding=\"async\" class=\"alignnone wp-image-628 size-large\" src=\"https:\/\/hydraulic-cylinders.net\/wp-content\/uploads\/2023\/08\/hydraulic-cylinder-product-3-1024x391.webp\" alt=\"\" width=\"1024\" height=\"391\" srcset=\"https:\/\/hydraulic-cylinders.net\/wp-content\/uploads\/2023\/08\/hydraulic-cylinder-product-3-980x374.webp 980w, https:\/\/hydraulic-cylinders.net\/wp-content\/uploads\/2023\/08\/hydraulic-cylinder-product-3-480x183.webp 480w\" sizes=\"(min-width: 0px) and (max-width: 480px) 480px, (min-width: 481px) and (max-width: 980px) 980px, (min-width: 981px) 1024px, 100vw\" \/><\/p>\n<h3>(3) Kaynak<\/h3>\n<p><img loading=\"lazy\" decoding=\"async\" class=\"alignnone wp-image-629 size-large\" src=\"https:\/\/hydraulic-cylinders.net\/wp-content\/uploads\/2023\/08\/hydraulic-cylinder-product-4-1024x510.webp\" alt=\"\" width=\"1024\" height=\"510\" srcset=\"https:\/\/hydraulic-cylinders.net\/wp-content\/uploads\/2023\/08\/hydraulic-cylinder-product-4-980x488.webp 980w, https:\/\/hydraulic-cylinders.net\/wp-content\/uploads\/2023\/08\/hydraulic-cylinder-product-4-480x239.webp 480w\" sizes=\"(min-width: 0px) and (max-width: 480px) 480px, (min-width: 481px) and (max-width: 980px) 980px, (min-width: 981px) 1024px, 100vw\" \/><\/p>\n<h3>(4) Boyama ve kaplama<\/h3>\n<p>K\u00fc\u00e7\u00fck ve orta \u00f6l\u00e7ekli silindirli otomatik su bazl\u0131 boya kaplama hatlar\u0131nda, otomatik robot y\u00fckleme-bo\u015faltma ve otomatik p\u00fcsk\u00fcrtmeyi ger\u00e7ekle\u015ftirmek i\u00e7in, vardiya ba\u015f\u0131na 4000 adet tasar\u0131m kapasitesi;<br \/>\nAyr\u0131ca, vardiya ba\u015f\u0131na 60 kasa kapasiteli, g\u00fc\u00e7 zinciriyle \u00e7al\u0131\u015fan b\u00fcy\u00fck silindirler i\u00e7in yar\u0131 otomatik boya \u00fcretim hatt\u0131m\u0131z da bulunmaktad\u0131r.<\/p>\n<p><img loading=\"lazy\" decoding=\"async\" class=\"alignnone wp-image-630\" src=\"https:\/\/hydraulic-cylinders.net\/wp-content\/uploads\/2023\/08\/hydraulic-cylinder-product-5-300x213.webp\" alt=\"\" width=\"366\" height=\"260\" \/> <img loading=\"lazy\" decoding=\"async\" class=\"alignnone wp-image-631\" src=\"https:\/\/hydraulic-cylinders.net\/wp-content\/uploads\/2023\/08\/hydraulic-cylinder-product-6-300x225.webp\" alt=\"\" width=\"347\" height=\"260\" \/><\/p>\n<h3>(5) Test etme<\/h3>\n<p>Silindirin performans\u0131n\u0131n gereklilikleri kar\u015f\u0131lad\u0131\u011f\u0131ndan emin olmak i\u00e7in birinci s\u0131n\u0131f muayene tesislerimiz ve test yataklar\u0131m\u0131z bulunmaktad\u0131r.<\/p>\n<p><img loading=\"lazy\" decoding=\"async\" class=\"alignnone wp-image-632\" src=\"https:\/\/hydraulic-cylinders.net\/wp-content\/uploads\/2023\/08\/hydraulic-cylinder-product-8-300x200.webp\" alt=\"\" width=\"389\" height=\"260\" \/><\/p>\n<p>&nbsp;<\/p>\n<p>&nbsp;<\/p>\n<p>En iyi hidrolik silindir \u00fcreticilerinden biriyiz. Kapsaml\u0131 hidrolik silindirler sunabiliyoruz. Ayr\u0131ca, ilgili hidrolik silindirleri de sa\u011fl\u0131yoruz. <a href=\"https:\/\/hzpt.com\/agricultural-pto-gearbox\/\" target=\"_blank\" rel=\"noopener\">tar\u0131msal di\u015fli kutular\u0131<\/a>\u00dcr\u00fcnlerimizi d\u00fcnya \u00e7ap\u0131ndaki m\u00fc\u015fterilerimize ihra\u00e7 ettik ve \u00fcst\u00fcn \u00fcr\u00fcn kalitemiz ve sat\u0131\u015f sonras\u0131 hizmetlerimiz sayesinde iyi bir itibar kazand\u0131k. Yurt i\u00e7i ve yurt d\u0131\u015f\u0131ndaki m\u00fc\u015fterilerimizi i\u015f g\u00f6r\u00fc\u015fmeleri yapmak, bilgi al\u0131\u015fveri\u015finde bulunmak ve <a href=\"https:\/\/www.hydraulic-cylinders.net\/tr\/contact-us\/\">bizimle i\u015fbirli\u011fi yap\u0131n<\/a>!<\/p>","protected":false},"excerpt":{"rendered":"<p>Press Rear Side Shift Cylinder The press rear side shift cylinder is a cutting-edge tool designed to enhance efficiency and precision in pressing operations. With its innovative rear side shifting capability, this cylinder allows for seamless adjustment of workpieces during pressing, ensuring accurate alignment and reducing setup time. The press rear side shift cylinder is [&hellip;]<\/p>","protected":false},"featured_media":1685,"comment_status":"open","ping_status":"closed","template":"","meta":{"_et_pb_use_builder":"","_et_pb_old_content":"","_et_gb_content_width":""},"product_brand":[],"product_cat":[1550,1522,1376],"product_tag":[1380],"class_list":{"0":"post-1682","1":"product","2":"type-product","3":"status-publish","4":"has-post-thumbnail","6":"product_cat-double-acting-hydraulic-cylinder","7":"product_cat-press-hydraulic-cylinders","8":"product_cat-hydraulic-cylinder","9":"product_tag-hydraulic-cylinder","11":"first","12":"instock","13":"shipping-taxable","14":"product-type-simple"},"amp_enabled":true,"_links":{"self":[{"href":"https:\/\/www.hydraulic-cylinders.net\/tr\/wp-json\/wp\/v2\/product\/1682","targetHints":{"allow":["GET"]}}],"collection":[{"href":"https:\/\/www.hydraulic-cylinders.net\/tr\/wp-json\/wp\/v2\/product"}],"about":[{"href":"https:\/\/www.hydraulic-cylinders.net\/tr\/wp-json\/wp\/v2\/types\/product"}],"replies":[{"embeddable":true,"href":"https:\/\/www.hydraulic-cylinders.net\/tr\/wp-json\/wp\/v2\/comments?post=1682"}],"wp:featuredmedia":[{"embeddable":true,"href":"https:\/\/www.hydraulic-cylinders.net\/tr\/wp-json\/wp\/v2\/media\/1685"}],"wp:attachment":[{"href":"https:\/\/www.hydraulic-cylinders.net\/tr\/wp-json\/wp\/v2\/media?parent=1682"}],"wp:term":[{"taxonomy":"product_brand","embeddable":true,"href":"https:\/\/www.hydraulic-cylinders.net\/tr\/wp-json\/wp\/v2\/product_brand?post=1682"},{"taxonomy":"product_cat","embeddable":true,"href":"https:\/\/www.hydraulic-cylinders.net\/tr\/wp-json\/wp\/v2\/product_cat?post=1682"},{"taxonomy":"product_tag","embeddable":true,"href":"https:\/\/www.hydraulic-cylinders.net\/tr\/wp-json\/wp\/v2\/product_tag?post=1682"}],"curies":[{"name":"wp","href":"https:\/\/api.w.org\/{rel}","templated":true}]}}