{"id":16820,"date":"2025-01-21T05:56:48","date_gmt":"2025-01-21T05:56:48","guid":{"rendered":"https:\/\/www.hydraulic-cylinders.net\/product\/arm-cylinder-for-volwa-middle-excavator-dls230-8h\/"},"modified":"2025-01-21T05:56:49","modified_gmt":"2025-01-21T05:56:49","slug":"arm-cylinder-for-volwa-middle-excavator-dls230-8h","status":"publish","type":"product","link":"https:\/\/www.hydraulic-cylinders.net\/tr\/urun\/arm-cylinder-for-volwa-middle-excavator-dls230-8h\/","title":{"rendered":"Volwa DLS230-8H Orta Ekskavat\u00f6r \u0130\u00e7in Kol Silindiri"},"content":{"rendered":"<h1>Volwa DLS230-8H Orta Ekskavat\u00f6r \u0130\u00e7in Kol Silindiri<\/h1>\n<h2>girii\u015f<\/h2>\n<p>Kol silindiri, ekskavat\u00f6rler, vin\u00e7ler ve mekanik kollar gibi \u00e7e\u015fitli makinelerin kollar\u0131na do\u011frusal hareket ve g\u00fc\u00e7 sa\u011flamak i\u00e7in \u00f6zel olarak tasarlanm\u0131\u015f bir hidrolik silindirdir. Kol silindiri, hidrolik sistemlerde \u00f6nemli bir rol oynayarak, ata\u015fmanlar\u0131n veya aksesuarlar\u0131n etkili bir \u015fekilde hareket etmesini ve kontrol edilmesini sa\u011flar. Bu silindirler sadece d\u00fczg\u00fcn hareket sa\u011flamakla kalmaz, ayn\u0131 zamanda a\u011f\u0131r y\u00fckleri de ta\u015f\u0131yarak, \u00e7e\u015fitli \u00e7al\u0131\u015fma ko\u015fullar\u0131 alt\u0131nda makinelerin verimli \u00e7al\u0131\u015fmas\u0131n\u0131 ve g\u00fcvenilirli\u011fini sa\u011flar.<\/p>\n<p><img decoding=\"async\" src=\"https:\/\/www.hydraulic-cylinders.net\/wp-content\/uploads\/2025\/01\/songte-company-2.webp\"><\/p>\n<h3>Tan\u0131m ve A\u00e7\u0131klama<\/h3>\n<p>Kol silindiri, bir makinenin kollar\u0131n\u0131n do\u011frusal hareketinden ve g\u00fcc\u00fcnden sorumlu olan bir hidrolik silindir t\u00fcr\u00fcd\u00fcr. Silindir genellikle y\u00fcksek mukavemetli malzemelerden yap\u0131l\u0131r, bu da ona m\u00fckemmel dayan\u0131kl\u0131l\u0131k ve a\u015f\u0131nma ve korozyona kar\u015f\u0131 diren\u00e7 sa\u011flar. G\u00fc\u00e7l\u00fc do\u011frusal hareket ve kuvvet sa\u011flayarak makine i\u015flemlerinin verimli bir \u015fekilde ger\u00e7ekle\u015ftirilmesini sa\u011flar. Silindirin hidrolik sistem arac\u0131l\u0131\u011f\u0131yla hareketinin hassas kontrol\u00fc, ata\u015fmanlar\u0131n \u00e7al\u0131\u015ft\u0131r\u0131lmas\u0131nda esneklik ve do\u011fruluk sa\u011flar. Kol silindirleri, ekskavat\u00f6rler, vin\u00e7ler ve mekanik kollar gibi \u00e7e\u015fitli makine ekipmanlar\u0131nda yayg\u0131n olarak kullan\u0131l\u0131r ve farkl\u0131 \u00e7al\u0131\u015fma gereksinimlerine uyarlanabilir. Ayr\u0131ca, tasar\u0131mlar\u0131 bak\u0131m\u0131 kolayla\u015ft\u0131r\u0131r, bu da inceleme ve bak\u0131m\u0131 daha kolay hale getirerek ekipman ar\u0131za s\u00fcresini azalt\u0131r.<\/p>\n<h2>\u00d6zellikler<\/h2>\n<p>Volwa DLS230-8H orta ekskavat\u00f6r i\u00e7in kol silindiri a\u015fa\u011f\u0131daki \u00f6zelliklere sahiptir:<\/p>\n<ol>\n<li><strong>Y\u00fcksek Verimli S\u00fcr\u00fcc\u00fc:<\/strong> Kol silindiri, g\u00fc\u00e7l\u00fc do\u011frusal hareket ve kuvvet sa\u011flayarak makine i\u015flemlerinin verimli bir \u015fekilde ger\u00e7ekle\u015ftirilmesini garanti eder.<\/li>\n<li><strong>Hassas Kontrol:<\/strong> Kol silindirinin hidrolik sistemi, hassas hareket kontrol\u00fcne olanak tan\u0131yarak ata\u015fmanlar\u0131n daha esnek ve do\u011fru \u00e7al\u0131\u015fmas\u0131n\u0131 sa\u011flar.<\/li>\n<li><strong>Dayan\u0131kl\u0131l\u0131k:<\/strong> Kol silindirleri genellikle y\u00fcksek mukavemetli malzemelerden \u00fcretilir, bu da onlar\u0131 dayan\u0131kl\u0131, a\u015f\u0131nmaya ve korozyona kar\u015f\u0131 diren\u00e7li hale getirerek zorlu ortamlarda uzun s\u00fcreli kullan\u0131m i\u00e7in uygun k\u0131lar.<\/li>\n<li><strong>\u00c7ok Fonksiyonlu Uyarlanabilirlik:<\/strong> Bu silindirler, farkl\u0131 \u00e7al\u0131\u015fma gereksinimlerine uyum sa\u011flamak amac\u0131yla ekskavat\u00f6rler, vin\u00e7ler ve mekanik kollar gibi \u00e7e\u015fitli makine ekipmanlar\u0131nda yayg\u0131n olarak kullan\u0131labilir.<\/li>\n<li><strong>Kolay Bak\u0131m:<\/strong> Kol silindirleri, bak\u0131m ve de\u011fi\u015ftirme kolayl\u0131\u011f\u0131 g\u00f6z \u00f6n\u00fcnde bulundurularak tasarlanm\u0131\u015ft\u0131r; bu da d\u00fczenli denetim ve bak\u0131m\u0131 daha kolay hale getirerek ekipman ar\u0131za s\u00fcresini azalt\u0131r.<\/li>\n<\/ol>\n<p>Bu hidrolik silindirleri \u00fcr\u00fcnlerimizle \u00fcretebilir ve de\u011fi\u015ftirebiliriz. \u00dcr\u00fcnlerimiz bu hidrolik silindirlerin yerine m\u00fckemmel bir \u015fekilde kullan\u0131labilir. <\/p>\n<p><img decoding=\"async\" src=\"https:\/\/www.hydraulic-cylinders.net\/wp-content\/uploads\/2025\/01\/songte-oil-pipes-and-spare-parts.webp\"><\/p>\n<h2>Uygulamalar<\/h2>\n<p>Volwa DLS230-8H orta ekskavat\u00f6r i\u00e7in kol silindiri, a\u015fa\u011f\u0131dakiler gibi farkl\u0131 end\u00fcstrilerde \u00e7e\u015fitli uygulamalara sahiptir:<\/p>\n<ul>\n<li><strong>\u0130n\u015faat M\u00fchendisli\u011fi:<\/strong> Kaz\u0131c\u0131 makinelerde ve vin\u00e7lerde, kol silindirleri toprak i\u015fleri, malzeme ta\u015f\u0131ma ve yap\u0131 kurulumu i\u00e7in kep\u00e7elerin veya bomlar\u0131n hareketini kontrol eder.<\/li>\n<li><strong>\u00dcretme:<\/strong> Otomatik \u00fcretim hatlar\u0131nda, kol silindirleri, montaj, kaynak ve ta\u015f\u0131ma i\u015flemlerini ger\u00e7ekle\u015ftirmek i\u00e7in mekanik kollar\u0131n hareketini kontrol ederek \u00fcretim verimlili\u011fini ve do\u011frulu\u011funu art\u0131r\u0131r.<\/li>\n<li><strong>Tar\u0131m Makinalar\u0131:<\/strong> Bi\u00e7erd\u00f6ver ve tohum ekme makineleri gibi tar\u0131m makinelerinde, kol silindirleri, tohum ekme, g\u00fcbreleme ve hasat gibi g\u00f6revleri yerine getirmek i\u00e7in \u00e7al\u0131\u015fma kollar\u0131n\u0131n hareketini kontrol eder.<\/li>\n<li><strong>Madencilik:<\/strong> Madencilik ekipmanlar\u0131nda, kol silindirleri, maden cevherlerinin \u00e7\u0131kar\u0131lmas\u0131 ve ta\u015f\u0131nmas\u0131 i\u00e7in ekipman kollar\u0131n\u0131n hareketini kontrol eder.<\/li>\n<li><strong>Lojistik ve Ta\u015f\u0131mac\u0131l\u0131k:<\/strong> Forkliftlerde ve ta\u015f\u0131ma robotlar\u0131nda, kol silindirleri, malzemeleri ta\u015f\u0131mak ve istiflemek i\u00e7in \u00e7atallar\u0131n kald\u0131r\u0131lmas\u0131n\u0131 ve hareketini kontrol eder.<\/li>\n<\/ul>\n<p>Volwa DLS230-8H orta ekskavat\u00f6r i\u00e7in kol silindiri \u00e7ok y\u00f6nl\u00fcd\u00fcr, farkl\u0131 ekipmanlara uyarlanabilir ve \u00e7al\u0131\u015fma verimlili\u011fini art\u0131r\u0131r.<\/p>\n<h2>Tasar\u0131m Hususlar\u0131 ve Se\u00e7im Kriterleri<\/h2>\n<p>Kol silindirlerinin tasar\u0131m\u0131 ve se\u00e7imi yap\u0131l\u0131rken, a\u015fa\u011f\u0131dakiler de dahil olmak \u00fczere \u00e7e\u015fitli fakt\u00f6rler g\u00f6z \u00f6n\u00fcnde bulundurulmal\u0131d\u0131r:<\/p>\n<ul>\n<li><strong>Y\u00fck Ta\u015f\u0131ma Kapasitesi:<\/strong> Kol silindirleri, farkl\u0131 \u00e7al\u0131\u015fma ko\u015fullar\u0131 alt\u0131nda makinenin verimli \u00e7al\u0131\u015fmas\u0131n\u0131 sa\u011flamak i\u00e7in a\u011f\u0131r y\u00fckleri ta\u015f\u0131yabilecek kapasitede olmal\u0131d\u0131r.<\/li>\n<li><strong>S\u0131zd\u0131rmazl\u0131k Performans\u0131:<\/strong> Hidrolik silindirin, s\u0131v\u0131 s\u0131z\u0131nt\u0131s\u0131n\u0131 \u00f6nlemek i\u00e7in m\u00fckemmel s\u0131zd\u0131rmazl\u0131k performans\u0131na sahip olmas\u0131 gerekir; aksi takdirde performans d\u00fc\u015f\u00fc\u015f\u00fc, enerji t\u00fcketiminde art\u0131\u015f ve erken a\u015f\u0131nma meydana gelebilir.<\/li>\n<li><strong>Dayan\u0131kl\u0131l\u0131k:<\/strong> Kol silindirleri, y\u00fcksek mukavemetli malzemelerden yap\u0131lmal\u0131 ve m\u00fckemmel a\u015f\u0131nma ve korozyon direncine sahip olmal\u0131, bu da onlar\u0131 zorlu ortamlarda uzun s\u00fcreli kullan\u0131m i\u00e7in uygun hale getirmelidir.<\/li>\n<li><strong>Emniyet:<\/strong> Kol silindirleri, kazalar\u0131 \u00f6nlemek ve makinelerin g\u00fcvenli ve g\u00fcvenilir \u00e7al\u0131\u015fmas\u0131n\u0131 sa\u011flamak i\u00e7in g\u00fcvenlik standartlar\u0131na uygun olmal\u0131d\u0131r.<\/li>\n<li><strong>Bak\u0131m:<\/strong> Kol silindirleri, kolay bak\u0131m ve de\u011fi\u015ftirme imkan\u0131 sa\u011flayacak \u015fekilde tasarlanmal\u0131d\u0131r; bu da d\u00fczenli denetim ve bak\u0131m\u0131 daha kolay hale getirerek ekipman ar\u0131za s\u00fcresini azalt\u0131r.<\/li>\n<\/ul>\n<p><img decoding=\"async\" src=\"https:\/\/www.hydraulic-cylinders.net\/wp-content\/uploads\/2025\/01\/songte-cylinder-head-with-all-kinds-excavator-models.webp\"><\/p>\n<h2>S\u0131zd\u0131rmazl\u0131k ve Ya\u011flama<\/h2>\n<p>Kol silindirlerinde, poli\u00fcretan ve nitril kau\u00e7uk gibi a\u015f\u0131nmaya dayan\u0131kl\u0131 malzemelerden yap\u0131lm\u0131\u015f piston contalar\u0131 ve mil contalar\u0131 gibi \u00e7e\u015fitli contalar kullan\u0131l\u0131r. Silindir ba\u015fl\u0131\u011f\u0131 ve mil ucu y\u00fczeyleri, a\u015f\u0131nma direncini art\u0131rmak i\u00e7in hassas bir \u015fekilde i\u015flenir. Silindirin sorunsuz \u00e7al\u0131\u015fmas\u0131 i\u00e7in ya\u011flama gereklidir ve do\u011fru miktarda hidrolik ya\u011f d\u00fczenli olarak eklenmelidir.<\/p>\n<h2>Muayene ve \u00d6nleyici Bak\u0131m Tedbirleri<\/h2>\n<p>D\u00fczenli kontroller ve \u00f6nleyici bak\u0131m, potansiyel sorunlar\u0131 erken tespit edip \u00e7\u00f6zmeye ve ekipman ar\u0131za s\u00fcrelerini azaltmaya yard\u0131mc\u0131 olabilir. A\u015fa\u011f\u0131daki \u00f6nlemler al\u0131nabilir:<\/p>\n<ul>\n<li>Kol silindirini d\u00fczenli olarak s\u0131z\u0131nt\u0131, hasar ve a\u015f\u0131nma a\u00e7\u0131s\u0131ndan kontrol edin ve a\u015f\u0131nm\u0131\u015f veya hasar g\u00f6rm\u00fc\u015f par\u00e7alar\u0131 derhal de\u011fi\u015ftirin.<\/li>\n<li>Hidrolik ya\u011f seviyesini kontrol edin ve gerekirse ya\u011f ekleyin.<\/li>\n<li>Hidrolik hatlarda hasar ve s\u0131z\u0131nt\u0131 olup olmad\u0131\u011f\u0131n\u0131 kontrol edin ve gerekirse de\u011fi\u015ftirin.<\/li>\n<li>Silindir montaj c\u0131vatalar\u0131n\u0131n s\u0131k\u0131 oldu\u011fundan emin olmak i\u00e7in d\u00fczenli olarak kontrol edin.<\/li>\n<li>Silindir milini a\u015f\u0131nma, hasar veya b\u00fck\u00fclme a\u00e7\u0131s\u0131ndan inceleyin ve gerekirse onar\u0131n veya de\u011fi\u015ftirin.<\/li>\n<\/ul>\n<p><img decoding=\"async\" src=\"https:\/\/www.hydraulic-cylinders.net\/wp-content\/uploads\/2025\/01\/songte-chushion-collar.webp\"><\/p>\n<h2>\u00dcr\u00fcn Kurulum K\u0131lavuzu<\/h2>\n<p>Volwa DLS230-8H orta ekskavat\u00f6r i\u00e7in kol silindirinin montaj\u0131 kolayd\u0131r. \u015eu ad\u0131mlar\u0131 izleyin:<\/p>\n<ol>\n<li>Silindiri montaj yerine yerle\u015ftirin ve montaj delikleriyle hizalay\u0131n.<\/li>\n<li>Silindiri c\u0131vata ve somun kullanarak sabitleyin.<\/li>\n<li>Hidrolik hatlar\u0131 ve ba\u011flant\u0131 par\u00e7alar\u0131n\u0131 silindir giri\u015flerine ba\u011flay\u0131n.<\/li>\n<li>Sistemi hidrolik ya\u011f ile doldurun ve s\u0131z\u0131nt\u0131 olup olmad\u0131\u011f\u0131n\u0131 kontrol edin.<\/li>\n<\/ol>\n<p>Daha ayr\u0131nt\u0131l\u0131 kurulum talimatlar\u0131 i\u00e7in \u00fcreticinin kullan\u0131m k\u0131lavuzuna bak\u0131n.<\/p>\n<p><img decoding=\"async\" src=\"https:\/\/www.hydraulic-cylinders.net\/wp-content\/uploads\/2025\/01\/songte-bushings-with-all-kinds-of-excavator-models.webp\"><\/p>\n<h2>G\u00fcvenlik Hususlar\u0131 ve \u00c7evresel Fakt\u00f6rler<\/h2>\n<p>Kol silindirleri kullan\u0131l\u0131rken g\u00fcvenlik en \u00f6ncelikli konu olmal\u0131d\u0131r. Kazalar\u0131 \u00f6nlemek ve makinelerin g\u00fcvenli ve g\u00fcvenilir \u00e7al\u0131\u015fmas\u0131n\u0131 sa\u011flamak i\u00e7in g\u00fcvenlik standartlar\u0131na ve y\u00f6nergelerine uyun. Ayr\u0131ca, \u00e7evresel etkiyi azaltmak i\u00e7in kullan\u0131lm\u0131\u015f hidrolik ya\u011f\u0131n ve di\u011fer at\u0131k malzemelerin uygun \u015fekilde bertaraf edilmesi gibi \u00e7evresel fakt\u00f6rleri de g\u00f6z \u00f6n\u00fcnde bulundurun.<\/p>\n<h2>Ar\u0131za Te\u015fhisi ve Yayg\u0131n Sorunlar<\/h2>\n<p>Kol silindirlerinde s\u0131z\u0131nt\u0131, hasar ve a\u015f\u0131nma gibi \u00e7e\u015fitli sorunlar ortaya \u00e7\u0131kabilir. Yayg\u0131n sorunlar \u015funlard\u0131r:<\/p>\n<ul>\n<li>Yetersiz kuvvet veya g\u00fc\u00e7<\/li>\n<li>Yava\u015f veya d\u00fczensiz hareket<\/li>\n<li>Artan g\u00fcr\u00fclt\u00fc veya titre\u015fim<\/li>\n<li>S\u0131z\u0131nt\u0131<\/li>\n<\/ul>\n<p>Bu sorunlardan herhangi biri ortaya \u00e7\u0131karsa, \u00fcreticinin kullan\u0131m k\u0131lavuzundaki y\u00f6nergeleri izleyin ve daha fazla hasar\u0131 \u00f6nlemek i\u00e7in gerekli onar\u0131mlar\u0131 veya de\u011fi\u015fimleri ger\u00e7ekle\u015ftirin.<\/p>\n<h2>Sorun Giderme ve \u00d6nleme Tedbirleri<\/h2>\n<p>Etkili sorun giderme ve \u00f6nleyici tedbirler, sorunlar\u0131n erken te\u015fhis edilmesine ve \u00e7\u00f6z\u00fclmesine yard\u0131mc\u0131 olarak ekipman ar\u0131za s\u00fcrelerini azaltabilir. A\u015fa\u011f\u0131dakileri g\u00f6z \u00f6n\u00fcnde bulundurun:<\/p>\n<ul>\n<li>D\u00fczenli denetimler ve bak\u0131m<\/li>\n<li>Do\u011fru kurulum<\/li>\n<li>Y\u00fcksek kaliteli bile\u015fenler kullan\u0131larak<\/li>\n<li>G\u00fcvenlik y\u00f6nergelerine ve standartlar\u0131na uyulmas\u0131<\/li>\n<\/ul>\n<p>Bu \u00f6nlemleri alarak, sorunlar\u0131n olu\u015fumunu ve bunun sonucunda ortaya \u00e7\u0131kan ekipman ar\u0131za s\u00fcrelerini azaltabilir ve kol silindirinin \u00f6mr\u00fcn\u00fc uzatabilirsiniz.<\/p>\n<p><img decoding=\"async\" src=\"https:\/\/www.hydraulic-cylinders.net\/wp-content\/uploads\/2025\/01\/songte-company-4.webp\"><\/p>\n<h2>Hakk\u0131m\u0131zda<\/h2>\n<p>Profesyonel bir hidrolik silindir yedek par\u00e7a \u00fcreticisiyiz ve geni\u015f bir \u00fcr\u00fcn yelpazesi sunuyoruz. Yurti\u00e7i ve yurtd\u0131\u015f\u0131 pazarlarda \u00f6nde gelen hidrolik silindir \u00fcreticilerinden ve toptanc\u0131lar\u0131ndan biriyiz. Her zaman m\u00fckemmel kalite ilkesine ba\u011fl\u0131 kalarak, \u00f6zenle tasarlanm\u0131\u015f \u00fcretim at\u00f6lyelerinde end\u00fcstriyel \u00fcretim y\u00f6netim stratejilerine g\u00fcvenerek, teknik seviyemizi ve \u00fcretim verimlili\u011fimizi s\u00fcrekli olarak geli\u015ftiriyoruz. Y\u00fcksek teknoloji \u00fcr\u00fcn\u00fc dijital \u00fcretim ekipmanlar\u0131 ve profesyonel test sistemlerinin \ub3c4\uc785 edilmesiyle \u00fcretim platformunu optimize ediyor, \u00fcr\u00fcn kalite kontrol s\u00fcrecini iyile\u015ftiriyor ve g\u00fc\u00e7l\u00fc inovasyon yeteneklerine sahibiz. Amac\u0131m\u0131z, verimlilik, do\u011fruluk ve y\u00fcksek kalite ilkelerine ba\u011fl\u0131 kalarak m\u00fc\u015fterilerimizin \u00e7e\u015fitli ihtiya\u00e7lar\u0131n\u0131 kar\u015f\u0131lamakt\u0131r.<\/p>\n<h3>Profesyonellik<\/h3>\n<p>Hidrolik silindir imalat\u0131, ara\u015ft\u0131rma ve geli\u015ftirme alanlar\u0131nda geni\u015f deneyime sahip, yetenekli profesyonellerden olu\u015fan bir ekibiz. M\u00fc\u015fterilerimize en iyi \u00fcr\u00fcn ve hizmetleri zaman\u0131nda ve verimli bir \u015fekilde sunmaya kararl\u0131y\u0131z.<\/p>\n<h3>Uluslararas\u0131 Sertifikasyon<\/h3>\n<p>\u00dcr\u00fcnlerimiz ISO, CE ve SGS gibi uluslararas\u0131 sertifikalar\u0131 alm\u0131\u015ft\u0131r; bu da kalite ve g\u00fcvenli\u011fe olan ba\u011fl\u0131l\u0131\u011f\u0131m\u0131z\u0131n bir kan\u0131t\u0131d\u0131r.<\/p>\n<h3>\u00d6zelle\u015ftirme Hizmetleri<\/h3>\n<p>M\u00fc\u015fterilerimizin \u00f6zel gereksinimlerine g\u00f6re \u00f6zelle\u015ftirilmi\u015f hidrolik silindirler sunuyoruz ve bu sayede onlar\u0131n benzersiz ihtiya\u00e7 ve tercihlerini kar\u015f\u0131lamalar\u0131n\u0131 sa\u011fl\u0131yoruz.<\/p>\n<h3>\u00dcretim Ekipmanlar\u0131<\/h3>\n<p>\u00dcr\u00fcnlerimizin y\u00fcksek kalitesini ve hassasiyetini sa\u011flamak ve \u00fcretim verimlili\u011fini art\u0131rmak i\u00e7in \u00fcst d\u00fczey dijital \u00fcretim ekipmanlar\u0131 kullan\u0131yoruz.<\/p>\n<h3>Sat\u0131\u015f Sonras\u0131 Hizmet<\/h3>\n<p>M\u00fc\u015fteri memnuniyetini sa\u011flamak i\u00e7in kurulum deste\u011fi, bak\u0131m ve yedek par\u00e7a hizmetleri de dahil olmak \u00fczere m\u00fckemmel sat\u0131\u015f sonras\u0131 hizmetler sunuyoruz. <\/p>\n<p><img decoding=\"async\" src=\"https:\/\/www.hydraulic-cylinders.net\/wp-content\/uploads\/2025\/01\/songte-company-3.webp\"><\/p>\n<p>M\u00fc\u015fterilerimize y\u00fcksek kaliteli hidrolik silindirler ve m\u00fckemmel hizmetler sunmaya kararl\u0131y\u0131z. \u00dcr\u00fcnlerimiz farkl\u0131 ekipmanlara uyarlanabilir ve \u00e7e\u015fitli sekt\u00f6r ihtiya\u00e7lar\u0131n\u0131 kar\u015f\u0131lar. <\/p>\n<p>Yazar: lyl<\/p>","protected":false},"excerpt":{"rendered":"<p>Arm Cylinder For Volwa Middle Excavator DLS230-8H Introduction An arm cylinder is a specially designed hydraulic cylinder used to provide linear motion and power to the arms of various machinery, such as excavators, cranes, and mechanical arms. The arm cylinder plays a key role in hydraulic systems, enabling attachments or accessories to move and be [&hellip;]<\/p>","protected":false},"featured_media":14777,"comment_status":"open","ping_status":"closed","template":"","meta":{"_et_pb_use_builder":"","_et_pb_old_content":"","_et_gb_content_width":""},"product_brand":[],"product_cat":[1497],"product_tag":[1498,1496],"class_list":{"0":"post-16820","1":"product","2":"type-product","3":"status-publish","4":"has-post-thumbnail","6":"product_cat-arm-cylinders","7":"product_tag-arm-cylinders","8":"product_tag-hydraulic-cylinders","10":"first","11":"instock","12":"shipping-taxable","13":"product-type-simple"},"amp_enabled":true,"_links":{"self":[{"href":"https:\/\/www.hydraulic-cylinders.net\/tr\/wp-json\/wp\/v2\/product\/16820","targetHints":{"allow":["GET"]}}],"collection":[{"href":"https:\/\/www.hydraulic-cylinders.net\/tr\/wp-json\/wp\/v2\/product"}],"about":[{"href":"https:\/\/www.hydraulic-cylinders.net\/tr\/wp-json\/wp\/v2\/types\/product"}],"replies":[{"embeddable":true,"href":"https:\/\/www.hydraulic-cylinders.net\/tr\/wp-json\/wp\/v2\/comments?post=16820"}],"wp:featuredmedia":[{"embeddable":true,"href":"https:\/\/www.hydraulic-cylinders.net\/tr\/wp-json\/wp\/v2\/media\/14777"}],"wp:attachment":[{"href":"https:\/\/www.hydraulic-cylinders.net\/tr\/wp-json\/wp\/v2\/media?parent=16820"}],"wp:term":[{"taxonomy":"product_brand","embeddable":true,"href":"https:\/\/www.hydraulic-cylinders.net\/tr\/wp-json\/wp\/v2\/product_brand?post=16820"},{"taxonomy":"product_cat","embeddable":true,"href":"https:\/\/www.hydraulic-cylinders.net\/tr\/wp-json\/wp\/v2\/product_cat?post=16820"},{"taxonomy":"product_tag","embeddable":true,"href":"https:\/\/www.hydraulic-cylinders.net\/tr\/wp-json\/wp\/v2\/product_tag?post=16820"}],"curies":[{"name":"wp","href":"https:\/\/api.w.org\/{rel}","templated":true}]}}