{"id":16823,"date":"2025-01-21T05:56:59","date_gmt":"2025-01-21T05:56:59","guid":{"rendered":"https:\/\/www.hydraulic-cylinders.net\/product\/arm-cylinder-for-volwa-large-excavator-dls360-8b\/"},"modified":"2025-01-21T05:57:01","modified_gmt":"2025-01-21T05:57:01","slug":"arm-cylinder-for-volwa-large-excavator-dls360-8b","status":"publish","type":"product","link":"https:\/\/www.hydraulic-cylinders.net\/tr\/urun\/arm-cylinder-for-volwa-large-excavator-dls360-8b\/","title":{"rendered":"Volwa DLS360-8B B\u00fcy\u00fck Ekskavat\u00f6r \u0130\u00e7in Kol Silindiri"},"content":{"rendered":"<h2>Volwa DLS360-8B B\u00fcy\u00fck Ekskavat\u00f6r i\u00e7in Kol Silindiri<\/h2>\n<h3>Tan\u0131m ve A\u00e7\u0131klama<\/h3>\n<p>Kol silindiri, ekskavat\u00f6rler, vin\u00e7ler ve mekanik kollar gibi \u00e7e\u015fitli makinelerin kollar\u0131na do\u011frusal hareket ve g\u00fc\u00e7 sa\u011flamak i\u00e7in \u00f6zel olarak tasarlanm\u0131\u015f bir hidrolik silindirdir. Bu silindirler, hidrolik sistemlerde kritik bir rol oynayarak, ata\u015fmanlar\u0131n veya aksesuarlar\u0131n verimli bir \u015fekilde hareket etmesini ve kontrol edilmesini sa\u011flar. Bu silindirler sadece d\u00fczg\u00fcn hareket sa\u011flamakla kalmaz, ayn\u0131 zamanda a\u011f\u0131r y\u00fckleri de ta\u015f\u0131yabilir ve \u00e7e\u015fitli \u00e7al\u0131\u015fma ko\u015fullar\u0131nda makinelerin verimli \u00e7al\u0131\u015fmas\u0131n\u0131 ve g\u00fcvenilirli\u011fini sa\u011flar.<\/p>\n<p><img decoding=\"async\" src=\"https:\/\/www.hydraulic-cylinders.net\/wp-content\/uploads\/2025\/01\/songte-company-2.webp\" alt=\"Kol Silindiri G\u00f6r\u00fcnt\u00fcs\u00fc\"><\/p>\n<h3>\u00d6zellikler<\/h3>\n<ul>\n<li>Y\u00fcksek verimli tahrik: Kol silindirleri g\u00fc\u00e7l\u00fc do\u011frusal hareket ve kuvvet sa\u011flayarak \u00e7e\u015fitli i\u015flemlerde y\u00fcksek verimlilik performans\u0131 sunar.<\/li>\n<li>Hassas kontrol: Hidrolik sistem sayesinde, kol silindirleri hassas hareket kontrol\u00fc sa\u011flayarak ata\u015fmanlar\u0131n \u00e7al\u0131\u015fmas\u0131n\u0131 daha esnek ve hassas hale getirir.<\/li>\n<li>Y\u00fcksek dayan\u0131kl\u0131l\u0131k: Kol silindirleri genellikle y\u00fcksek mukavemetli malzemelerden \u00fcretilir ve m\u00fckemmel a\u015f\u0131nma ve korozyon direncine sahiptir, bu da onlar\u0131 zorlu ortamlarda uzun s\u00fcreli kullan\u0131m i\u00e7in uygun hale getirir.<\/li>\n<li>\u00c7ok y\u00f6nl\u00fc uyarlanabilirlik: Bu silindirler, ekskavat\u00f6rler, vin\u00e7ler ve i\u015f makineleri gibi \u00e7e\u015fitli mekanik ekipmanlarda yayg\u0131n olarak kullan\u0131labilir ve farkl\u0131 \u00e7al\u0131\u015fma gereksinimlerine uyum sa\u011flar.<\/li>\n<li>Kolay bak\u0131m: Tasar\u0131m, bak\u0131m ve de\u011fi\u015ftirme kolayl\u0131\u011f\u0131n\u0131 g\u00f6z \u00f6n\u00fcnde bulundurarak d\u00fczenli denetim ve bak\u0131m\u0131 daha kolay hale getirir ve ekipman ar\u0131za s\u00fcresini azalt\u0131r.<\/li>\n<\/ul>\n<p><img decoding=\"async\" src=\"https:\/\/www.hydraulic-cylinders.net\/wp-content\/uploads\/2025\/01\/songte-oil-pipes-and-spare-parts.webp\" alt=\"\u00dcr\u00fcn G\u00f6rseli\"><\/p>\n<h3>Uygulamalar<\/h3>\n<p>Kol silindirlerinin \u00e7e\u015fitli end\u00fcstrilerde \u00e7ok \u00e7e\u015fitli uygulamalar\u0131 vard\u0131r:<\/p>\n<ul>\n<li><strong>Yap\u0131:<\/strong> Kaz\u0131c\u0131 makinelerde ve vin\u00e7lerde, kol silindirleri toprak ta\u015f\u0131ma, malzeme ta\u015f\u0131ma ve yap\u0131 kurulumu i\u00e7in kep\u00e7elerin veya bomlar\u0131n hareketini kontrol etmek amac\u0131yla kullan\u0131l\u0131r.<\/li>\n<li><strong>\u00dcretme:<\/strong> Otomatik \u00fcretim hatlar\u0131nda, montaj, kaynak ve ta\u015f\u0131ma i\u015flemlerinde mekanik kollar\u0131 hareket ettirmek i\u00e7in kol silindirleri kullan\u0131l\u0131r; bu da \u00fcretim verimlili\u011fini ve do\u011frulu\u011funu art\u0131r\u0131r.<\/li>\n<li><strong>Tar\u0131m makineleri:<\/strong> Bi\u00e7erd\u00f6ver ve ekim makinesi gibi tar\u0131m makinelerinde, kol silindirleri, tohum ekme, g\u00fcbreleme ve hasat gibi g\u00f6revler i\u00e7in \u00e7al\u0131\u015fma kollar\u0131n\u0131n hareketini kontrol eder.<\/li>\n<li><strong>Madencilik:<\/strong> Madencilik ekipmanlar\u0131nda, kol silindirleri, cevher \u00e7\u0131karma ve ta\u015f\u0131ma i\u015flemlerinde ekipmanlar\u0131n kol hareketini kontrol etmek i\u00e7in kullan\u0131l\u0131r.<\/li>\n<li><strong>Lojistik ve ta\u015f\u0131mac\u0131l\u0131k:<\/strong> Forkliftlerde ve ta\u015f\u0131ma robotlar\u0131nda, malzeme ta\u015f\u0131ma ve istifleme i\u015flemlerini ger\u00e7ekle\u015ftirmek i\u00e7in \u00e7atallar\u0131n kald\u0131r\u0131lmas\u0131 ve hareketinin kontrol\u00fc amac\u0131yla kol silindirleri kullan\u0131l\u0131r.<\/li>\n<\/ul>\n<h3>Tasar\u0131m Hususlar\u0131 ve Se\u00e7im Kriterleri<\/h3>\n<p>Kol silindirleri, zorlu uygulamalarda y\u00fcksek performans ve g\u00fcvenilirlik i\u00e7in tasarlanm\u0131\u015ft\u0131r. A\u015fa\u011f\u0131daki tasar\u0131m hususlar\u0131 ve se\u00e7im kriterleri \u00e7ok \u00f6nemlidir:<\/p>\n<ul>\n<li><strong>Ta\u015f\u0131ma kapasitesi:<\/strong> Kol silindiri, deforme olmadan veya ar\u0131zalanmadan a\u011f\u0131r y\u00fck ve gerilmelere dayanabilmelidir.<\/li>\n<li><strong>S\u0131zd\u0131rmazl\u0131k:<\/strong> Piston contalar\u0131 ve mil contalar\u0131 gibi \u00e7e\u015fitli s\u0131zd\u0131rmazl\u0131k bile\u015fenleri, hidrolik s\u0131v\u0131n\u0131n s\u0131zmas\u0131n\u0131 \u00f6nlemek ve b\u00f6ylece performans ve dayan\u0131kl\u0131l\u0131\u011f\u0131 sa\u011flamak i\u00e7in kullan\u0131l\u0131r.<\/li>\n<li><strong>Dayan\u0131kl\u0131l\u0131k:<\/strong> Kol silindiri, korozyon ve a\u015f\u0131nma gibi zorlu \u00e7evre ko\u015fullar\u0131na dayanabilmek i\u00e7in y\u00fcksek mukavemetli malzemelerden yap\u0131lmal\u0131 ve sa\u011flam bir tasar\u0131ma sahip olmal\u0131d\u0131r.<\/li>\n<li><strong>Emniyet:<\/strong> Kol silindirinin tasar\u0131m\u0131nda, \u00e7al\u0131\u015fma s\u0131ras\u0131nda hidrolik hatlar\u0131n kazara ba\u011flant\u0131s\u0131n\u0131n kesilmesini veya ata\u015fmanlar\u0131n a\u015f\u0131r\u0131 h\u0131zlanmas\u0131n\u0131 \u00f6nlemek gibi g\u00fcvenlik fakt\u00f6rleri dikkate al\u0131nmal\u0131d\u0131r.<\/li>\n<li><strong>Bak\u0131m:<\/strong> Kol silindirinin bak\u0131m\u0131 ve onar\u0131m\u0131 kolay olmal\u0131, bile\u015fenlerine kolayca eri\u015filebilmeli ve s\u00f6kme i\u015flemleri basit olmal\u0131d\u0131r.<\/li>\n<\/ul>\n<p><img decoding=\"async\" src=\"https:\/\/www.hydraulic-cylinders.net\/wp-content\/uploads\/2025\/01\/songte-cylinder-head-with-all-kinds-excavator-models.webp\" alt=\"Tasar\u0131m G\u00f6rseli\"><\/p>\n<h3>S\u0131zd\u0131rmazl\u0131k ve Ya\u011flama<\/h3>\n<p>Kol silindirleri, hidrolik s\u0131v\u0131 s\u0131z\u0131nt\u0131s\u0131n\u0131 \u00f6nlemek i\u00e7in piston contalar\u0131 ve mil contalar\u0131 gibi \u00e7e\u015fitli s\u0131zd\u0131rmazl\u0131k bile\u015fenleri kullan\u0131r. Bu contalar, poli\u00fcretan ve nitril kau\u00e7uk gibi a\u015f\u0131nmaya dayan\u0131kl\u0131 malzemelerden \u00fcretilmi\u015ftir ve g\u00fcvenilir s\u0131zd\u0131rmazl\u0131k performans\u0131 sa\u011flar. Silindir g\u00f6vdesi ve di\u015fli u\u00e7 y\u00fczeyleri, a\u015f\u0131nma direncini art\u0131rmak i\u00e7in ince bir \u015fekilde i\u015flenmi\u015ftir. Kol silindirinin kullan\u0131m \u00f6mr\u00fcn\u00fc uzatmak ve sorunsuz \u00e7al\u0131\u015fmas\u0131n\u0131 sa\u011flamak i\u00e7in uygun hidrolik ya\u011f ile d\u00fczenli ya\u011flama gereklidir.<\/p>\n<p><img decoding=\"async\" src=\"https:\/\/www.hydraulic-cylinders.net\/wp-content\/uploads\/2025\/01\/songte-chushion-collar.webp\" alt=\"S\u0131zd\u0131rmazl\u0131k ve Ya\u011flama G\u00f6rseli\"><\/p>\n<h3>Bak\u0131m ve \u00d6nleyici Tedbirler<\/h3>\n<p>Kol silindirlerinin g\u00fcvenilir \u00e7al\u0131\u015fmas\u0131n\u0131 sa\u011flamak i\u00e7in d\u00fczenli kontrol ve \u00f6nleyici bak\u0131m \u015fartt\u0131r. A\u015fa\u011f\u0131daki \u00f6nlemler al\u0131nmal\u0131d\u0131r:<\/p>\n<ul>\n<li>S\u0131zd\u0131rmazl\u0131k elemanlar\u0131n\u0131 d\u00fczenli olarak kontrol edin ve gerekirse de\u011fi\u015ftirin.<\/li>\n<li>S\u0131zd\u0131rmazl\u0131k bile\u015fenlerinin kirlenmesini ve hasar g\u00f6rmesini \u00f6nlemek i\u00e7in silindir g\u00f6vdesini ve di\u015fli u\u00e7lar\u0131n\u0131 d\u00fczenli olarak temizleyin.<\/li>\n<li>Hidrolik ya\u011f seviyesini ve kalitesini d\u00fczenli olarak kontrol edin ve kirlenmi\u015f veya bozulmu\u015fsa de\u011fi\u015ftirin.<\/li>\n<li>Montaj c\u0131vatalar\u0131n\u0131 ve somunlar\u0131n\u0131 d\u00fczenli olarak kontrol edin ve gerekirse s\u0131k\u0131n.<\/li>\n<li>S\u00f6kme ve montaj i\u015flemleri i\u00e7in \u00fcreticinin talimatlar\u0131n\u0131 izleyin.<\/li>\n<\/ul>\n<p><img decoding=\"async\" src=\"https:\/\/www.hydraulic-cylinders.net\/wp-content\/uploads\/2025\/01\/songte-bushings-with-all-kinds-of-excavator-models.webp\" alt=\"Bak\u0131m G\u00f6r\u00fcnt\u00fcs\u00fc\"><\/p>\n<h3>\u00dcr\u00fcn Kurulum K\u0131lavuzu<\/h3>\n<p>Kol silindirinin montaj\u0131 i\u00e7in a\u015fa\u011f\u0131daki ad\u0131mlar izlenmelidir:<\/p>\n<ol>\n<li>Eski silindiri makineden \u00e7\u0131kar\u0131n.<\/li>\n<li>Montaj y\u00fczeylerini ve vida u\u00e7lar\u0131n\u0131 hasar veya kirlenme a\u00e7\u0131s\u0131ndan kontrol edin.<\/li>\n<li>Yeni silindiri makineye tak\u0131n, montaj deliklerini hizalay\u0131n ve c\u0131vata ve somunlar\u0131 belirtilen tork de\u011ferine kadar s\u0131k\u0131n.<\/li>\n<li>Hidrolik hortumlar\u0131 silindir giri\u015flerine ba\u011flay\u0131n ve ba\u011flant\u0131 elemanlar\u0131n\u0131 belirtilen tork de\u011ferine kadar s\u0131k\u0131n.<\/li>\n<li>Hidrolik sisteme \u00f6nerilen hidrolik ya\u011f\u0131 doldurun.<\/li>\n<li>Silindirin \u00e7al\u0131\u015fmas\u0131n\u0131 kontrol edin ve gerekirse ayarlay\u0131n.<\/li>\n<\/ol>\n<h3>G\u00fcvenlik Hususlar\u0131 ve \u00c7evresel Fakt\u00f6rler<\/h3>\n<p>Hidrolik sistemlerde kol silindirleri \u00e7ok \u00f6nemli bile\u015fenlerdir ve g\u00fcvenli \u00e7al\u0131\u015fmalar\u0131 i\u00e7in g\u00fcvenlik \u00f6nlemleri al\u0131nmal\u0131d\u0131r. A\u015fa\u011f\u0131daki \u00f6nlemler al\u0131nmal\u0131d\u0131r:<\/p>\n<ul>\n<li>Kol silindirinin nominal y\u00fck ta\u015f\u0131ma kapasitesini a\u015fmay\u0131n.<\/li>\n<li>T\u00fcm hidrolik hatlar\u0131n ve ba\u011flant\u0131 par\u00e7alar\u0131n\u0131n do\u011fru \u015fekilde ba\u011fland\u0131\u011f\u0131ndan ve s\u0131k\u0131ld\u0131\u011f\u0131ndan emin olun.<\/li>\n<li>Hidrolik s\u0131v\u0131larla \u00e7al\u0131\u015f\u0131rken uygun koruyucu ekipman kullan\u0131n.<\/li>\n<li>Uygun bilgi ve aletlere sahip olmadan kol silindirini de\u011fi\u015ftirmeyin veya tamir etmeyin.<\/li>\n<\/ul>\n<h3>Sorun Giderme ve Yayg\u0131n Sorunlar<\/h3>\n<p>Kol silindirlerinde s\u0131k\u00e7a kar\u015f\u0131la\u015f\u0131lan sorunlar \u015funlard\u0131r:<\/p>\n<ul>\n<li>S\u0131zd\u0131ran hidrolik s\u0131v\u0131s\u0131<\/li>\n<li>Silindirin yava\u015f veya d\u00fczensiz \u00e7al\u0131\u015fmas\u0131<\/li>\n<li>Silindirin g\u00fcr\u00fclt\u00fcl\u00fc \u00e7al\u0131\u015fmas\u0131<\/li>\n<li>Silindir kaymas\u0131 veya s\u00fcr\u00fcnmesi<\/li>\n<\/ul>\n<p>Bu sorunlardan herhangi biri ortaya \u00e7\u0131karsa, a\u015fa\u011f\u0131daki ad\u0131mlar izlenmelidir:<\/p>\n<ul>\n<li>S\u0131zd\u0131rmazl\u0131k elemanlar\u0131n\u0131 kontrol edin ve gerekirse de\u011fi\u015ftirin.<\/li>\n<li>Hidrolik s\u0131v\u0131s\u0131n\u0131n seviyesini ve kalitesini kontrol edin ve gerekirse de\u011fi\u015ftirin.<\/li>\n<li>Hidrolik hatlar\u0131 ve ba\u011flant\u0131 par\u00e7alar\u0131n\u0131 hasar veya s\u0131z\u0131nt\u0131 a\u00e7\u0131s\u0131ndan kontrol edin.<\/li>\n<li>Montaj c\u0131vatalar\u0131n\u0131n ve somunlar\u0131n\u0131n s\u0131k\u0131l\u0131\u011f\u0131n\u0131 kontrol edin.<\/li>\n<\/ul>\n<p>\u00d6nleyici tedbirler aras\u0131nda d\u00fczenli kontrol, bak\u0131m ve s\u0131v\u0131 de\u011fi\u015fimi yer almaktad\u0131r.<\/p>\n<p><img decoding=\"async\" src=\"https:\/\/www.hydraulic-cylinders.net\/wp-content\/uploads\/2025\/01\/songte-company-4.webp\" alt=\"\u015eirket \u0130maj\u0131\"><br \/>\n<img decoding=\"async\" src=\"https:\/\/www.hydraulic-cylinders.net\/wp-content\/uploads\/2025\/01\/songte-company-3.webp\" alt=\"\u015eirket \u0130maj\u0131\"><\/p>\n<h3>Hakk\u0131m\u0131zda<\/h3>\n<p>\u00c7e\u015fitli sekt\u00f6rler i\u00e7in geni\u015f bir yelpazede hidrolik silindir sunan profesyonel bir hidrolik silindir \u00fcreticisi ve tedarik\u00e7isiyiz. Yurti\u00e7i ve yurtd\u0131\u015f\u0131 pazarlarda \u00f6nde gelen hidrolik silindir \u00fcreticilerinden ve toptanc\u0131lar\u0131ndan biri haline geldik. M\u00fckemmel kalite ilkesine ba\u011fl\u0131 kalarak, geli\u015fmi\u015f \u00fcretim at\u00f6lyelerimizde end\u00fcstriyel \u00fcretim y\u00f6netim stratejilerine g\u00fcvenerek teknik seviyemizi ve \u00fcretim verimlili\u011fimizi s\u00fcrekli olarak geli\u015ftiriyoruz. Y\u00fcksek teknoloji \u00fcr\u00fcn\u00fc dijital \u00fcretim ekipmanlar\u0131 ve profesyonel test sistemleri kullanarak, \u00fcretim platformunu optimize ediyor ve \u00fcr\u00fcn kalite kontrol s\u00fcrecini iyile\u015ftirirken g\u00fc\u00e7l\u00fc inovasyon yeteneklerine de sahibiz. Amac\u0131m\u0131z, verimlilik, hassasiyet ve y\u00fcksek kalite ilkeleriyle m\u00fc\u015fterilerin \u00e7e\u015fitli ihtiya\u00e7lar\u0131n\u0131 kar\u015f\u0131lamakt\u0131r.<\/p>\n<p>\u00d6zelle\u015ftirilmi\u015f hizmetler sunuyoruz ve ISO9001, ISO14001 ve OHSAS18001 gibi uluslararas\u0131 sertifikalara sahibiz. CNC makineleri, honlama makineleri ve kaynak robotlar\u0131 gibi profesyonel \u00fcretim ekipmanlar\u0131m\u0131z mevcuttur ve kurulum rehberli\u011fi, bak\u0131m e\u011fitimi ve teknik destek dahil olmak \u00fczere kapsaml\u0131 sat\u0131\u015f sonras\u0131 hizmetler sunuyoruz.<\/p>\n<p>Yazar: lyl<\/p>","protected":false},"excerpt":{"rendered":"<p>Arm Cylinder for Volwa Large Excavator DLS360-8B Definition and Explanation An arm cylinder is a specially designed hydraulic cylinder used to provide linear motion and power to the arms of various machinery, such as excavators, cranes, and mechanical arms. These cylinders play a critical role in hydraulic systems, allowing attachments or accessories to move and [&hellip;]<\/p>","protected":false},"featured_media":14770,"comment_status":"open","ping_status":"closed","template":"","meta":{"_et_pb_use_builder":"","_et_pb_old_content":"","_et_gb_content_width":""},"product_brand":[],"product_cat":[1497],"product_tag":[1498,1496],"class_list":{"0":"post-16823","1":"product","2":"type-product","3":"status-publish","4":"has-post-thumbnail","6":"product_cat-arm-cylinders","7":"product_tag-arm-cylinders","8":"product_tag-hydraulic-cylinders","10":"first","11":"instock","12":"shipping-taxable","13":"product-type-simple"},"amp_enabled":true,"_links":{"self":[{"href":"https:\/\/www.hydraulic-cylinders.net\/tr\/wp-json\/wp\/v2\/product\/16823","targetHints":{"allow":["GET"]}}],"collection":[{"href":"https:\/\/www.hydraulic-cylinders.net\/tr\/wp-json\/wp\/v2\/product"}],"about":[{"href":"https:\/\/www.hydraulic-cylinders.net\/tr\/wp-json\/wp\/v2\/types\/product"}],"replies":[{"embeddable":true,"href":"https:\/\/www.hydraulic-cylinders.net\/tr\/wp-json\/wp\/v2\/comments?post=16823"}],"wp:featuredmedia":[{"embeddable":true,"href":"https:\/\/www.hydraulic-cylinders.net\/tr\/wp-json\/wp\/v2\/media\/14770"}],"wp:attachment":[{"href":"https:\/\/www.hydraulic-cylinders.net\/tr\/wp-json\/wp\/v2\/media?parent=16823"}],"wp:term":[{"taxonomy":"product_brand","embeddable":true,"href":"https:\/\/www.hydraulic-cylinders.net\/tr\/wp-json\/wp\/v2\/product_brand?post=16823"},{"taxonomy":"product_cat","embeddable":true,"href":"https:\/\/www.hydraulic-cylinders.net\/tr\/wp-json\/wp\/v2\/product_cat?post=16823"},{"taxonomy":"product_tag","embeddable":true,"href":"https:\/\/www.hydraulic-cylinders.net\/tr\/wp-json\/wp\/v2\/product_tag?post=16823"}],"curies":[{"name":"wp","href":"https:\/\/api.w.org\/{rel}","templated":true}]}}