{"id":16829,"date":"2025-01-21T05:57:31","date_gmt":"2025-01-21T05:57:31","guid":{"rendered":"https:\/\/www.hydraulic-cylinders.net\/product\/arm-cylinder-for-volwa-cane-unloader-dls190-9a\/"},"modified":"2025-01-21T05:57:33","modified_gmt":"2025-01-21T05:57:33","slug":"arm-cylinder-for-volwa-cane-unloader-dls190-9a","status":"publish","type":"product","link":"https:\/\/www.hydraulic-cylinders.net\/tr\/urun\/arm-cylinder-for-volwa-cane-unloader-dls190-9a\/","title":{"rendered":"Volwa Kam\u0131\u015f Bo\u015falt\u0131c\u0131 DLS190-9A i\u00e7in Kol Silindiri"},"content":{"rendered":"<h1>Volwa Kam\u0131\u015f Bo\u015falt\u0131c\u0131 DLS190-9A i\u00e7in Kol Silindiri<\/h1>\n<h2>girii\u015f<\/h2>\n<p>Kol silindiri, ekskavat\u00f6rler, vin\u00e7ler ve mekanik kollar gibi \u00e7e\u015fitli makine kollar\u0131na do\u011frusal hareket ve g\u00fc\u00e7 sa\u011flamak \u00fczere \u00f6zel olarak tasarlanm\u0131\u015f bir hidrolik silindir t\u00fcr\u00fcd\u00fcr. Hidrolik sistemlerde \u00f6nemli bir rol oynar ve ek aletlerin veya ata\u015fmanlar\u0131n etkili bir \u015fekilde hareket etmesini ve kontrol edilmesini sa\u011flar. Bu silindirler sadece sorunsuz \u00e7al\u0131\u015fma sa\u011flamakla kalmaz, ayn\u0131 zamanda a\u011f\u0131r y\u00fcklere de dayanarak \u00e7e\u015fitli \u00e7al\u0131\u015fma ko\u015fullar\u0131nda makinelerin verimli \u00e7al\u0131\u015fmas\u0131n\u0131 ve g\u00fcvenilirli\u011fini sa\u011flar.<\/p>\n<p><img decoding=\"async\" src=\"https:\/\/www.hydraulic-cylinders.net\/wp-content\/uploads\/2025\/01\/songte-company-2.webp\" alt=\"kol silindiri g\u00f6r\u00fcnt\u00fcs\u00fc\"><\/p>\n<h2>\u00d6zellikler<\/h2>\n<ul>\n<li>Y\u00fcksek g\u00fc\u00e7 iletimi: Kol silindiri g\u00fc\u00e7l\u00fc do\u011frusal hareket ve kuvvet sa\u011flayarak, mekanik kolun \u00e7e\u015fitli i\u015flemlerde y\u00fcksek verimlilikte performans g\u00f6stermesini sa\u011flar.<\/li>\n<li>Hassas kontrol: Hidrolik sistem sayesinde kol silindiri hassas hareket kontrol\u00fc sa\u011flayabilir, bu sayede ek aletlerin \u00e7al\u0131\u015fmas\u0131 daha esnek ve hassas hale gelir.<\/li>\n<li>G\u00fc\u00e7l\u00fc dayan\u0131kl\u0131l\u0131k: Kol silindirleri genellikle y\u00fcksek mukavemetli malzemelerden yap\u0131l\u0131r ve iyi a\u015f\u0131nma ve korozyon direncine sahiptir, zorlu ortamlarda uzun s\u00fcreli kullan\u0131ma uygundur.<\/li>\n<li>\u00c7ok i\u015flevli uyarlanabilirlik: Bu silindirler, ekskavat\u00f6rler, vin\u00e7ler ve mekanik kollar gibi \u00e7e\u015fitli makine tiplerinde yayg\u0131n olarak kullan\u0131labilir ve farkl\u0131 i\u015f gereksinimlerine uyum sa\u011flar.<\/li>\n<li>Kolay bak\u0131m: Tasar\u0131m, bak\u0131m ve de\u011fi\u015ftirme kolayl\u0131\u011f\u0131n\u0131 g\u00f6z \u00f6n\u00fcnde bulundurarak d\u00fczenli muayene ve bak\u0131m\u0131 daha kolay hale getirir ve ekipman\u0131n ar\u0131za s\u00fcresini azalt\u0131r.<\/li>\n<\/ul>\n<p>Biz bu \u00fcr\u00fcn\u00fc \u00fcretebiliyoruz ve \u00fcr\u00fcn\u00fcm\u00fcz bu hidrolik silindirlerin yerini m\u00fckemmel bir \u015fekilde alabiliyor.<\/p>\n<p><img decoding=\"async\" src=\"https:\/\/www.hydraulic-cylinders.net\/wp-content\/uploads\/2025\/01\/songte-oil-pipes-and-spare-parts.webp\" alt=\"yedek par\u00e7a g\u00f6rseli\"><\/p>\n<h2>Uygulamalar<\/h2>\n<p>Kol silindirleri \u00e7e\u015fitli end\u00fcstrilerde yayg\u0131n olarak kullan\u0131l\u0131r ve a\u015fa\u011f\u0131daki gibi \u00e7ok say\u0131da uygulama alan\u0131na sahiptir:<\/p>\n<ul>\n<li><strong>\u0130n\u015faat m\u00fchendisli\u011fi:<\/strong> Ekskavat\u00f6rlerde ve vin\u00e7lerde, kol silindirleri toprak i\u015fleri, malzeme ta\u015f\u0131ma ve yap\u0131sal montaj i\u00e7in kovalar\u0131n veya bomlar\u0131n hareketini kontrol etmek i\u00e7in kullan\u0131l\u0131r.<\/li>\n<li><strong>\u00dcretme:<\/strong> Otomatik \u00fcretim hatlar\u0131nda, kol silindirleri montaj, kaynak ve elle\u00e7leme \u00fcretimi i\u00e7in mekanik kollar\u0131 hareket ettirmek amac\u0131yla kullan\u0131l\u0131r, bu da verimlili\u011fi ve do\u011frulu\u011fu art\u0131r\u0131r.<\/li>\n<li><strong>Tar\u0131m makineleri:<\/strong> Bi\u00e7erd\u00f6ver ve ekim makinesi gibi tar\u0131m makinelerinde kol silindirleri, ekim, g\u00fcbreleme ve hasat gibi g\u00f6revleri ger\u00e7ekle\u015ftiren \u00e7al\u0131\u015fma kollar\u0131n\u0131n hareketini kontrol eder.<\/li>\n<li><strong>Madencilik:<\/strong> Madencilik ekipmanlar\u0131nda kol silindirleri, madencilik ekipmanlar\u0131n\u0131n kol hareketini kontrol etmek, madencilik ve minerallerin ta\u015f\u0131nmas\u0131 gibi g\u00f6revleri ger\u00e7ekle\u015ftirmek i\u00e7in kullan\u0131l\u0131r.<\/li>\n<li><strong>Lojistik ve ta\u015f\u0131mac\u0131l\u0131k:<\/strong> Forkliftlerde ve ta\u015f\u0131ma robotlar\u0131nda, \u00e7atallar\u0131n kald\u0131r\u0131lmas\u0131 ve hareket ettirilmesini kontrol etmek, malzeme ta\u015f\u0131ma ve istiflemeyi sa\u011flamak i\u00e7in kol silindirleri kullan\u0131l\u0131r.<\/li>\n<\/ul>\n<h2>Tasar\u0131m Hususlar\u0131 ve Se\u00e7im Kriterleri<\/h2>\n<p>Kol silindirleri a\u015fa\u011f\u0131dakiler de dahil olmak \u00fczere birka\u00e7 \u00f6nemli husus g\u00f6z \u00f6n\u00fcnde bulundurularak tasarlan\u0131r:<\/p>\n<ul>\n<li><strong>Ta\u015f\u0131ma kapasitesi:<\/strong> Silindir, \u00fczerine uygulanan kuvvetlere ve kald\u0131rd\u0131\u011f\u0131 y\u00fcke dayan\u0131kl\u0131 olmal\u0131d\u0131r.<\/li>\n<li><strong>S\u0131zd\u0131rmazl\u0131k:<\/strong> Piston contalar\u0131 ve biyel contalar\u0131 gibi \u00e7e\u015fitli contalar, a\u015f\u0131nma direnci, dayan\u0131kl\u0131l\u0131k ve kimyasal uyumlulu\u011fu nedeniyle kol silindirlerinde kullan\u0131l\u0131r.<\/li>\n<li><strong>Dayan\u0131kl\u0131l\u0131k:<\/strong> Kol silindirleri genellikle a\u015f\u0131nma ve korozyona kar\u015f\u0131 dayan\u0131kl\u0131 olmas\u0131 i\u00e7in y\u00fcksek mukavemetli malzemelerden ve i\u015flenmi\u015f y\u00fczeylerden yap\u0131l\u0131r.<\/li>\n<li><strong>Emniyet:<\/strong> Kol silindirleri, kilitleme valfleri ve bas\u0131n\u00e7 tahliye valfleri gibi g\u00fcvenlik \u00f6zellikleriyle g\u00fcvenli \u00e7al\u0131\u015fmay\u0131 sa\u011flayacak \u015fekilde tasarlanmal\u0131d\u0131r.<\/li>\n<li><strong>Bak\u0131m kolayl\u0131\u011f\u0131:<\/strong> Kol silindirleri, de\u011fi\u015ftirilebilir contalar ve i\u00e7 bile\u015fenlere kolay eri\u015fim gibi \u00f6zelliklerle bak\u0131m\u0131 kolay olmal\u0131d\u0131r.<\/li>\n<\/ul>\n<p><img decoding=\"async\" src=\"https:\/\/www.hydraulic-cylinders.net\/wp-content\/uploads\/2025\/01\/songte-cylinder-head-with-all-kinds-excavator-models.webp\" alt=\"silindir kapa\u011f\u0131 g\u00f6r\u00fcnt\u00fcs\u00fc\"><\/p>\n<h2>S\u0131zd\u0131rmazl\u0131k ve Ya\u011flama<\/h2>\n<p>Kol silindirleri, poli\u00fcretan ve nitril kau\u00e7uk gibi a\u015f\u0131nmaya dayan\u0131kl\u0131 malzemelerden yap\u0131lm\u0131\u015f piston contalar\u0131 ve piston kolu contalar\u0131 gibi \u00e7e\u015fitli contalar kullan\u0131r. Silindir g\u00f6vdesi ve di\u015fli u\u00e7lar\u0131, a\u015f\u0131nma direncini art\u0131rmak i\u00e7in hassas bir \u015fekilde i\u015flenmi\u015ftir. Silindiri ya\u011flamak ve s\u0131z\u0131nt\u0131lar\u0131 \u00f6nlemek i\u00e7in d\u00fczenli olarak uygun hidrolik ya\u011f eklenmesi gerekir.<\/p>\n<p><img decoding=\"async\" src=\"https:\/\/www.hydraulic-cylinders.net\/wp-content\/uploads\/2025\/01\/songte-chushion-collar.webp\" alt=\"fok resmi\"><\/p>\n<h2>Bak\u0131m ve \u00d6nleyici Tedbirler<\/h2>\n<p>Kol silindirlerinin verimli \u00e7al\u0131\u015fmas\u0131n\u0131 ve uzun \u00f6m\u00fcrl\u00fc olmas\u0131n\u0131 sa\u011flamak i\u00e7in d\u00fczenli muayene ve \u00f6nleyici bak\u0131m \u015fartt\u0131r. \u00d6nerilen \u00f6nlemlerden baz\u0131lar\u0131 \u015funlard\u0131r:<\/p>\n<ul>\n<li>Silindiri d\u00fczenli olarak a\u015f\u0131nma, s\u0131z\u0131nt\u0131 ve di\u011fer hasarlara kar\u015f\u0131 kontrol edin.<\/li>\n<li>Kirlenmeyi \u00f6nlemek i\u00e7in silindiri ve hidrolik sistemi temiz tutun.<\/li>\n<li>Silindirin \u00f6nerilen hidrolik ya\u011f ile d\u00fczg\u00fcn bir \u015fekilde ya\u011fland\u0131\u011f\u0131ndan ve ya\u011f seviyesinin yeterli oldu\u011fundan emin olun.<\/li>\n<li>\u00dcreticinin bak\u0131m \u00f6nerilerini ve prosed\u00fcrlerini izleyin.<\/li>\n<\/ul>\n<h2>Kurulum K\u0131lavuzu<\/h2>\n<p>Kol silindirlerinin montaj\u0131, d\u00fczg\u00fcn \u00e7al\u0131\u015fmas\u0131n\u0131 sa\u011flamak i\u00e7in dikkatli bir \u00e7al\u0131\u015fma gerektirir. Baz\u0131 temel ad\u0131mlar \u015funlard\u0131r:<\/p>\n<ul>\n<li>Silindirin makine ve uygulama ile uyumlu oldu\u011fundan emin olun.<\/li>\n<li>Hidrolik hortum ve ba\u011flant\u0131 elemanlar\u0131n\u0131 ihtiyaca g\u00f6re ayarlay\u0131n.<\/li>\n<li>Silindirin makine ile d\u00fczg\u00fcn bir \u015fekilde hizaland\u0131\u011f\u0131ndan emin olun.<\/li>\n<li>Montajdan sonra s\u0131z\u0131nt\u0131 olup olmad\u0131\u011f\u0131n\u0131 ve d\u00fczg\u00fcn \u00e7al\u0131\u015f\u0131p \u00e7al\u0131\u015fmad\u0131\u011f\u0131n\u0131 kontrol edin.<\/li>\n<\/ul>\n<p><img decoding=\"async\" src=\"https:\/\/www.hydraulic-cylinders.net\/wp-content\/uploads\/2025\/01\/songte-bushings-with-all-kinds-of-excavator-models.webp\" alt=\"bur\u00e7 g\u00f6r\u00fcnt\u00fcs\u00fc\"><\/p>\n<h2>G\u00fcvenlik Hususlar\u0131 ve \u00c7evresel Fakt\u00f6rler<\/h2>\n<p>Kol silindirlerinin g\u00fcvenli bir \u015fekilde \u00e7al\u0131\u015ft\u0131r\u0131lmas\u0131, uygun e\u011fitim ve bak\u0131m\u0131n yan\u0131 s\u0131ra k\u0131lavuzdaki g\u00fcvenlik y\u00f6nergelerine uyulmas\u0131n\u0131 gerektirir. S\u0131cakl\u0131k, nem ve kimyasallara maruz kalma gibi \u00e7evresel fakt\u00f6rler, kol silindirlerinin performans\u0131n\u0131 ve \u00f6mr\u00fcn\u00fc etkileyebilir.<\/p>\n<h2>Yayg\u0131n Sorunlar ve Sorun Giderme<\/h2>\n<p>Kol silindirlerinde meydana gelebilecek baz\u0131 yayg\u0131n sorunlar \u015funlard\u0131r:<\/p>\n<ul>\n<li>S\u0131zan ya\u011f<\/li>\n<li>G\u00fc\u00e7 eksikli\u011fi veya yava\u015f hareket<\/li>\n<li>Sars\u0131nt\u0131 veya d\u00fczensiz hareket<\/li>\n<li>A\u015f\u0131r\u0131 g\u00fcr\u00fclt\u00fc veya titre\u015fim<\/li>\n<\/ul>\n<p>Hasarl\u0131 contalar\u0131, yetersiz ya\u011f\u0131 veya yanl\u0131\u015f hizalanm\u0131\u015f bile\u015fenleri kontrol etmek gibi do\u011fru sorun giderme teknikleri, bu sorunlar\u0131n te\u015fhis edilmesine ve \u00e7\u00f6z\u00fclmesine yard\u0131mc\u0131 olabilir. D\u00fczenli bak\u0131m ve muayene gibi \u00f6nleyici tedbirler de sorun olu\u015fma riskini en aza indirebilir.<\/p>\n<p><img decoding=\"async\" src=\"https:\/\/www.hydraulic-cylinders.net\/wp-content\/uploads\/2025\/01\/songte-company-4.webp\" alt=\"\u015firket imaj\u0131\"><br \/>\n<img decoding=\"async\" src=\"https:\/\/www.hydraulic-cylinders.net\/wp-content\/uploads\/2025\/01\/songte-company-3.webp\" alt=\"fabrika g\u00f6r\u00fcnt\u00fcs\u00fc\"><\/p>\n<h2>Hakk\u0131m\u0131zda<\/h2>\n<p>Hidrolik silindir ve yedek par\u00e7a alan\u0131nda profesyonel bir \u00fcreticiyiz. Geni\u015f bir \u00fcr\u00fcn yelpazesi sunarak, yurt i\u00e7i ve yurt d\u0131\u015f\u0131 pazarlarda lider hidrolik silindir \u00fcreticilerinden ve toptan da\u011f\u0131t\u0131mc\u0131lar\u0131ndan biri haline geliyoruz. \u00dcst\u00fcn kalite ilkesine her zaman ba\u011fl\u0131 kalarak, geli\u015fmi\u015f \u00fcretim at\u00f6lyelerimizde end\u00fcstriyel \u00fcretim y\u00f6netimi stratejilerine g\u00fcvenerek teknik seviyemizi ve \u00fcretim verimlili\u011fimizi s\u00fcrekli iyile\u015ftiriyoruz. Geli\u015fmi\u015f dijital \u00fcretim ekipmanlar\u0131 ve profesyonel test sistemleri sunarak \u00fcretim platformumuzu optimize ediyor, \u00fcr\u00fcn kalite kontrol s\u00fcre\u00e7lerimizi m\u00fckemmelle\u015ftiriyor ve g\u00fc\u00e7l\u00fc inovasyon yeteneklerine sahibiz. Amac\u0131m\u0131z, m\u00fc\u015fterilerimizin \u00e7e\u015fitli ihtiya\u00e7lar\u0131n\u0131 verimli, do\u011fru ve y\u00fcksek kaliteli \u00fcr\u00fcnlerle kar\u015f\u0131lamakt\u0131r.<\/p>\n<p>M\u00fc\u015fterilerimizin ihtiya\u00e7lar\u0131n\u0131 kar\u015f\u0131lamak i\u00e7in profesyonel hizmetler, uluslararas\u0131 sertifikasyonlar, \u00f6zelle\u015ftirilmi\u015f hizmetler, geli\u015fmi\u015f \u00fcretim ekipmanlar\u0131 ve m\u00fckemmel sat\u0131\u015f sonras\u0131 hizmeti sunuyoruz.<\/p>\n<p>Yazar: lyl<\/p>","protected":false},"excerpt":{"rendered":"<p>Arm Cylinder For Volwa Cane Unloader DLS190-9A Introduction Arm cylinder is a type of hydraulic cylinder specially designed to provide linear motion and power for various machine arms, such as excavators, cranes, and mechanical arms. It plays a crucial role in hydraulic systems, allowing additional tools or attachments to move and be controlled effectively. These [&hellip;]<\/p>","protected":false},"featured_media":14779,"comment_status":"open","ping_status":"closed","template":"","meta":{"_et_pb_use_builder":"","_et_pb_old_content":"","_et_gb_content_width":""},"product_brand":[],"product_cat":[1497],"product_tag":[1498,1496],"class_list":{"0":"post-16829","1":"product","2":"type-product","3":"status-publish","4":"has-post-thumbnail","6":"product_cat-arm-cylinders","7":"product_tag-arm-cylinders","8":"product_tag-hydraulic-cylinders","10":"first","11":"instock","12":"shipping-taxable","13":"product-type-simple"},"amp_enabled":true,"_links":{"self":[{"href":"https:\/\/www.hydraulic-cylinders.net\/tr\/wp-json\/wp\/v2\/product\/16829","targetHints":{"allow":["GET"]}}],"collection":[{"href":"https:\/\/www.hydraulic-cylinders.net\/tr\/wp-json\/wp\/v2\/product"}],"about":[{"href":"https:\/\/www.hydraulic-cylinders.net\/tr\/wp-json\/wp\/v2\/types\/product"}],"replies":[{"embeddable":true,"href":"https:\/\/www.hydraulic-cylinders.net\/tr\/wp-json\/wp\/v2\/comments?post=16829"}],"wp:featuredmedia":[{"embeddable":true,"href":"https:\/\/www.hydraulic-cylinders.net\/tr\/wp-json\/wp\/v2\/media\/14779"}],"wp:attachment":[{"href":"https:\/\/www.hydraulic-cylinders.net\/tr\/wp-json\/wp\/v2\/media?parent=16829"}],"wp:term":[{"taxonomy":"product_brand","embeddable":true,"href":"https:\/\/www.hydraulic-cylinders.net\/tr\/wp-json\/wp\/v2\/product_brand?post=16829"},{"taxonomy":"product_cat","embeddable":true,"href":"https:\/\/www.hydraulic-cylinders.net\/tr\/wp-json\/wp\/v2\/product_cat?post=16829"},{"taxonomy":"product_tag","embeddable":true,"href":"https:\/\/www.hydraulic-cylinders.net\/tr\/wp-json\/wp\/v2\/product_tag?post=16829"}],"curies":[{"name":"wp","href":"https:\/\/api.w.org\/{rel}","templated":true}]}}