{"id":16832,"date":"2025-01-21T05:57:43","date_gmt":"2025-01-21T05:57:43","guid":{"rendered":"https:\/\/www.hydraulic-cylinders.net\/product\/arm-cylinder-for-volwa-cane-unloader-dls880-9ag\/"},"modified":"2025-01-21T05:57:45","modified_gmt":"2025-01-21T05:57:45","slug":"arm-cylinder-for-volwa-cane-unloader-dls880-9ag","status":"publish","type":"product","link":"https:\/\/www.hydraulic-cylinders.net\/tr\/urun\/arm-cylinder-for-volwa-cane-unloader-dls880-9ag\/","title":{"rendered":"Volwa Kam\u0131\u015f Bo\u015falt\u0131c\u0131s\u0131 i\u00e7in Kol Silindiri DLS880-9AG"},"content":{"rendered":"<p>Volwa Kam\u0131\u015f Bo\u015falt\u0131c\u0131s\u0131 i\u00e7in Kol Silindiri DLS880-9AG<\/p>\n<p>Volwa Kam\u0131\u015f Bo\u015falt\u0131c\u0131 DLS880-9AG Kol Silindiri, ekskavat\u00f6rler, vin\u00e7ler ve mekanik kollar gibi \u00e7e\u015fitli makine kollar\u0131na do\u011frusal hareket ve g\u00fc\u00e7 sa\u011flamak \u00fczere tasarlanm\u0131\u015f \u00f6zel bir hidrolik silindirdir. Kol silindirleri, hidrolik sistemlerde kritik bir rol oynar ve ek aletlerin veya ata\u015fmanlar\u0131n etkili bir \u015fekilde hareket etmesini ve kontrol edilmesini sa\u011flar. Bu silindirler sadece sorunsuz hareket sa\u011flamakla kalmaz, ayn\u0131 zamanda a\u011f\u0131r y\u00fcklere de dayanarak, \u00e7e\u015fitli \u00e7al\u0131\u015fma ko\u015fullar\u0131nda makinelerin verimli ve g\u00fcvenilir \u00e7al\u0131\u015fmas\u0131n\u0131 sa\u011flar.<\/p>\n<p>Tan\u0131m ve A\u00e7\u0131klama<\/p>\n<p>Kol silindirleri, \u00e7e\u015fitli makine kollar\u0131na do\u011frudan do\u011frusal hareket ve g\u00fc\u00e7 sa\u011flayan hidrolik silindirlerdir. Bu silindirler, vin\u00e7ler, ekskavat\u00f6rler ve mekanik kollar dahil olmak \u00fczere do\u011frusal hareket gerektiren t\u00fcm makinelerin sorunsuz \u00e7al\u0131\u015fmas\u0131nda \u00f6nemli bir rol oynar. \u0130\u015flevlerine g\u00f6re tek etkili, \u00e7ift etkili ve teleskopik silindirler gibi farkl\u0131 tiplere ayr\u0131labilirler.<\/p>\n<p>Kol silindirleri genellikle \u00e7elik gibi y\u00fcksek mukavemetli malzemelerden \u00fcretilir ve a\u011f\u0131r y\u00fcklere dayanacak \u015fekilde tasarlanm\u0131\u015ft\u0131r. Minimum bak\u0131m gerektirirler, bu da onlar\u0131 zorlu ortamlarda kullan\u0131m i\u00e7in ideal k\u0131lar. Ayr\u0131ca, inan\u0131lmaz derecede \u00e7ok y\u00f6nl\u00fcd\u00fcrler ve farkl\u0131 makine tipleriyle kullan\u0131labilirler, bu da onlar\u0131 \u00e7e\u015fitli sekt\u00f6rlerde pop\u00fcler bir tercih haline getirir.<\/p>\n<p>\u00d6zellikler<\/p>\n<p>Volwa Kam\u0131\u015f Bo\u015falt\u0131c\u0131 DLS880-9AG Kol Silindiri, onu \u00e7e\u015fitli end\u00fcstriler i\u00e7in ideal bir se\u00e7im haline getiren bir\u00e7ok \u00f6zelli\u011fe sahiptir. \u00d6nemli \u00f6zelliklerinden baz\u0131lar\u0131 \u015funlard\u0131r:<\/p>\n<p>1. Y\u00fcksek Verimli \u015eanz\u0131man: Kol silindiri g\u00fc\u00e7l\u00fc do\u011frusal hareket ve kuvvet sa\u011flayarak, operasyonlar s\u0131ras\u0131nda makine kolunun y\u00fcksek verimlili\u011fini ve performans\u0131n\u0131 garanti eder.<\/p>\n<p>2. Hassas Kontrol: Hidrolik sistemlerin yard\u0131m\u0131yla kol silindirleri hassas hareket kontrol\u00fc sa\u011flayabilir, bu da ek aletlerin \u00e7al\u0131\u015fmas\u0131n\u0131 daha esnek ve hassas hale getirir.<\/p>\n<p>3. Y\u00fcksek Dayan\u0131kl\u0131l\u0131k: Kol silindirleri genellikle y\u00fcksek mukavemetli malzemelerden yap\u0131l\u0131r, bu da onlar\u0131 a\u015f\u0131nma ve korozyona kar\u015f\u0131 olduk\u00e7a diren\u00e7li hale getirir ve zorlu ortamlarda uzun s\u00fcreli kullan\u0131ma uygundur.<\/p>\n<p>4. \u00c7ok \u0130\u015flevli Uyarlanabilirlik: Bu silindirler, ekskavat\u00f6rler, vin\u00e7ler ve mekanik kollar gibi \u00e7ok \u00e7e\u015fitli makine ekipmanlar\u0131nda farkl\u0131 i\u015f gereksinimlerini kar\u015f\u0131lamak i\u00e7in kullan\u0131labilir.<\/p>\n<p>5. Kolay Bak\u0131m: Kol silindirlerinin tasar\u0131m\u0131 kolay bak\u0131m ve de\u011fi\u015ftirmeyi garanti alt\u0131na al\u0131r, ekipman\u0131n ar\u0131za s\u00fcresini azaltmak i\u00e7in d\u00fczenli kontrol ve bak\u0131m yap\u0131lmas\u0131n\u0131 kolayla\u015ft\u0131r\u0131r.<\/p>\n<p>\u00dcretme<\/p>\n<p>Firmam\u0131z, Volwa DLS880-9AG Kam\u0131\u015f Bo\u015falt\u0131c\u0131 i\u00e7in Kol Silindirini en y\u00fcksek kalitede ve uygun fiyata \u00fcretebilmektedir. \u00dcr\u00fcnlerimiz \u00e7e\u015fitli hidrolik silindirlerin yerini m\u00fckemmel bir \u015fekilde alabildi\u011fi i\u00e7in m\u00fc\u015fterilerimiz i\u00e7in g\u00fcvenilir bir tercihtir.<\/p>\n<p>Uygulamalar<\/p>\n<p>Kol silindirleri \u00e7e\u015fitli end\u00fcstrilerde farkl\u0131 uygulama alanlar\u0131 bulur, bunlardan baz\u0131lar\u0131 \u015funlard\u0131r:<\/p>\n<p>1. \u0130n\u015faat Sekt\u00f6r\u00fc: Kol silindirleri, ekskavat\u00f6r ve vin\u00e7lerin kova veya bomunun hareketini kontrol ederek, toprak i\u015fleri, malzeme ta\u015f\u0131ma ve yap\u0131sal montajlar\u0131n yap\u0131lmas\u0131n\u0131 sa\u011flar.<\/p>\n<p>2. \u00dcretim End\u00fcstrisi: Kol silindirleri, otomatik \u00fcretim hatlar\u0131nda mekanik kollar\u0131n hareketini kontrol etmek, \u00fcretim verimlili\u011fini ve do\u011frulu\u011funu art\u0131rmak i\u00e7in kullan\u0131l\u0131r.<\/p>\n<p>3. Tar\u0131m Makinalar\u0131: Kol silindirleri, bi\u00e7erd\u00f6ver ve ekim makinesi gibi tar\u0131m makinalar\u0131nda i\u015fletim kolunun hareketini kontrol ederek ekim, g\u00fcbreleme ve hasat gibi g\u00f6revlerin yap\u0131lmas\u0131n\u0131 sa\u011flar.<\/p>\n<p>4. Madencilik End\u00fcstrisi: Kol silindirleri, madencilik ekipmanlar\u0131n\u0131n kol hareketini kontrol ederek, madencilik ve cevher ta\u015f\u0131mac\u0131l\u0131\u011f\u0131 gibi g\u00f6revlerin ger\u00e7ekle\u015ftirilmesini sa\u011flar.<\/p>\n<p>5. Lojistik ve Ta\u015f\u0131mac\u0131l\u0131k: Kol silindirleri, forkliftin \u00e7atallar\u0131n\u0131n hareketini kontrol ederek malzemelerin ta\u015f\u0131nmas\u0131n\u0131 ve istiflenmesini sa\u011flar.<\/p>\n<p>Tasar\u0131m ve Se\u00e7im Standartlar\u0131<\/p>\n<p>Kol silindirleri tasarlan\u0131rken ve se\u00e7ilirken y\u00fck ta\u015f\u0131ma kapasitesi, s\u0131zd\u0131rmazl\u0131k, dayan\u0131kl\u0131l\u0131k, g\u00fcvenlik ve bak\u0131m kolayl\u0131\u011f\u0131 gibi \u00e7e\u015fitli fakt\u00f6rlerin g\u00f6z \u00f6n\u00fcnde bulundurulmas\u0131 gerekir.<\/p>\n<p>1. Y\u00fck Ta\u015f\u0131ma Kapasitesi: Kol silindirleri, destekledikleri ekipman\u0131n a\u011f\u0131rl\u0131\u011f\u0131n\u0131 ta\u015f\u0131yabilecek kapasitede olmal\u0131d\u0131r.<\/p>\n<p>2. S\u0131zd\u0131rmazl\u0131k: Kol silindirleri, s\u0131v\u0131 s\u0131z\u0131nt\u0131s\u0131n\u0131 \u00f6nlemek ve bas\u0131nc\u0131 korumak i\u00e7in uygun s\u0131zd\u0131rmazl\u0131\u011fa sahip olmal\u0131d\u0131r.<\/p>\n<p>3. Dayan\u0131kl\u0131l\u0131k: Kol silindirleri zorlu \u00e7al\u0131\u015fma ko\u015fullar\u0131na dayanacak ve uzun s\u00fcre verimli bir \u015fekilde \u00e7al\u0131\u015fabilecek kadar dayan\u0131kl\u0131 olmal\u0131d\u0131r.<\/p>\n<p>4. G\u00fcvenlik: Kol silindirleri herhangi bir kaza veya yaralanmay\u0131 \u00f6nlemek i\u00e7in gerekli g\u00fcvenlik standartlar\u0131n\u0131 kar\u015f\u0131lamal\u0131d\u0131r.<\/p>\n<p>5. Bak\u0131m Kolayl\u0131\u011f\u0131: Ekipman ar\u0131za s\u00fcresini azaltmak ve maksimum verimlili\u011fi sa\u011flamak i\u00e7in kol silindirlerinin bak\u0131m\u0131 ve de\u011fi\u015ftirilmesi kolay olmal\u0131d\u0131r.<\/p>\n<p>S\u0131zd\u0131rmazl\u0131k ve Ya\u011flama<\/p>\n<p>Kol silindirleri, s\u0131v\u0131 s\u0131z\u0131nt\u0131s\u0131n\u0131 \u00f6nlemek i\u00e7in piston contalar\u0131 ve piston kolu contalar\u0131 gibi \u00e7e\u015fitli contalara ihtiya\u00e7 duyar. Bu contalar, poli\u00fcretan ve nitril kau\u00e7uk gibi a\u015f\u0131nmaya dayan\u0131kl\u0131 malzemelerden yap\u0131lm\u0131\u015ft\u0131r. Silindir g\u00f6vdesi ve di\u015fli u\u00e7 y\u00fczeyi, a\u015f\u0131nma direncini art\u0131rmak i\u00e7in hassas bir \u015fekilde i\u015flenmi\u015ftir ve ya\u011flama i\u00e7in d\u00fczenli olarak hidrolik ya\u011f eklenmesi gerekir.<\/p>\n<p>Bak\u0131m ve \u00d6nleyici Tedbirler<\/p>\n<p>Kol silindirlerinin verimli \u00e7al\u0131\u015fmas\u0131 i\u00e7in d\u00fczenli kontroller ve \u00f6nleyici bak\u0131mlar \u015fartt\u0131r. \u00d6nleyici tedbirlerden baz\u0131lar\u0131 \u015funlard\u0131r:<\/p>\n<p>1. A\u015f\u0131nma ve y\u0131pranmay\u0131 \u00f6nlemek i\u00e7in kol silindirinin d\u00fczenli olarak kontrol edilmesi ve bak\u0131m\u0131n\u0131n yap\u0131lmas\u0131.<\/p>\n<p>2. Ya\u011flamada kaliteli hidrolik ya\u011f kullan\u0131lmas\u0131.<\/p>\n<p>3. S\u0131v\u0131 s\u0131z\u0131nt\u0131s\u0131n\u0131 \u00f6nlemek i\u00e7in contalar\u0131n d\u00fczenli olarak de\u011fi\u015ftirilmesi.<\/p>\n<p>4. Kullan\u0131lmad\u0131\u011f\u0131 zaman kol silindirinin hasar g\u00f6rmesini \u00f6nlemek i\u00e7in uygun \u015fekilde saklanmas\u0131.<\/p>\n<p>Kurulum K\u0131lavuzu<\/p>\n<p>Volwa Kam\u0131\u015f Bo\u015falt\u0131c\u0131 DLS880-9AG i\u00e7in Kol Silindirinin do\u011fru \u015fekilde tak\u0131lmas\u0131n\u0131 sa\u011flamak i\u00e7in a\u015fa\u011f\u0131daki kurulum k\u0131lavuzunu izleyin:<\/p>\n<p>1. Silindiri makinenin \u00f6zelliklerine g\u00f6re tak\u0131n.<\/p>\n<p>2. Montaj s\u0131ras\u0131nda silindirin do\u011fru hizaland\u0131\u011f\u0131ndan emin olun.<\/p>\n<p>3. Silindirin montaj y\u00fczeylerini kir ve kal\u0131nt\u0131lardan ar\u0131nd\u0131r\u0131lm\u0131\u015f oldu\u011fundan emin olmak i\u00e7in kontrol edin.<\/p>\n<p>4. Montaj c\u0131vatalar\u0131n\u0131 \u00f6nerilen tork de\u011ferlerine g\u00f6re s\u0131k\u0131n.<\/p>\n<p>G\u00fcvenlik Hususlar\u0131 ve \u00c7evresel Fakt\u00f6rler<\/p>\n<p>Kol silindirleri kullan\u0131l\u0131rken g\u00fcvenlik kritik bir husustur. Operat\u00f6rler, kaza ve yaralanmalar\u0131 \u00f6nlemek i\u00e7in gerekli g\u00fcvenlik y\u00f6nergelerine uymal\u0131d\u0131r. Ayr\u0131ca, s\u0131cakl\u0131k, nem ve a\u015f\u0131nd\u0131r\u0131c\u0131 maddeler gibi \u00e7evresel fakt\u00f6rler kol silindirlerinin performans\u0131n\u0131 etkileyebilir ve uygun \u015fekilde ele al\u0131nmal\u0131d\u0131r.<\/p>\n<p>Ar\u0131za Te\u015fhisi ve Yayg\u0131n Sorunlar<\/p>\n<p>Kol silindirleriyle ilgili baz\u0131 yayg\u0131n sorunlar aras\u0131nda s\u0131v\u0131 s\u0131z\u0131nt\u0131s\u0131, yava\u015f \u00e7al\u0131\u015fma ve kuvvet eksikli\u011fi yer al\u0131r. Operat\u00f6rler, ar\u0131zalar\u0131 tespit etmek ve derhal gidermek i\u00e7in d\u00fczenli kontroller yapmal\u0131d\u0131r. Ar\u0131za te\u015fhisi ve sorun giderme i\u015flemleri kalifiye teknisyenler taraf\u0131ndan yap\u0131lmal\u0131d\u0131r.<\/p>\n<p>\u00c7\u00f6z\u00fcm<\/p>\n<p>Geni\u015f bir yelpazede y\u00fcksek kaliteli \u00fcr\u00fcnler sunan uzman bir hidrolik silindir \u00fcreticisiyiz. \u00dcr\u00fcnlerimiz \u00e7e\u015fitli sekt\u00f6rlerde yayg\u0131n olarak kullan\u0131lmakta olup, m\u00fckemmellik konusundaki kararl\u0131l\u0131\u011f\u0131m\u0131z bizi k\u00fcresel pazar\u0131n \u00f6nde gelen \u00fcreticilerinden biri haline getirmi\u015ftir. \u00dcr\u00fcnlerimizin en y\u00fcksek standartlar\u0131 kar\u015f\u0131lamas\u0131n\u0131 sa\u011flamak i\u00e7in son teknoloji \u00fcretim ve kalite kontrol s\u00fcre\u00e7lerini kullan\u0131yoruz.<\/p>\n<p>\u015eirketimiz, uluslararas\u0131 sertifikasyon, g\u00fcmr\u00fck hizmeti, \u00fcretim ekipmanlar\u0131 ve sat\u0131\u015f sonras\u0131 hizmetler konusunda son derece uzmanla\u015fm\u0131\u015f olup, m\u00fc\u015fteri memnuniyetini garanti alt\u0131na almaktad\u0131r. Amac\u0131m\u0131z, m\u00fc\u015fterilerimizin \u00e7e\u015fitli ihtiya\u00e7lar\u0131n\u0131 kar\u015f\u0131layan y\u00fcksek kaliteli \u00fcr\u00fcnler sunmakt\u0131r. <\/p>\n<p>Yazar: lyl<\/p>","protected":false},"excerpt":{"rendered":"<p>Arm Cylinder for Volwa Cane Unloader DLS880-9AG The Arm Cylinder for Volwa Cane Unloader DLS880-9AG is a specialized hydraulic cylinder designed to provide linear motion and power to various machine arms, such as excavators, cranes, and mechanical arms. Arm cylinders play a critical role in hydraulic systems, allowing additional tools or attachments to move and [&hellip;]<\/p>","protected":false},"featured_media":14772,"comment_status":"open","ping_status":"closed","template":"","meta":{"_et_pb_use_builder":"","_et_pb_old_content":"","_et_gb_content_width":""},"product_brand":[],"product_cat":[1497],"product_tag":[1498,1496],"class_list":{"0":"post-16832","1":"product","2":"type-product","3":"status-publish","4":"has-post-thumbnail","6":"product_cat-arm-cylinders","7":"product_tag-arm-cylinders","8":"product_tag-hydraulic-cylinders","10":"first","11":"instock","12":"shipping-taxable","13":"product-type-simple"},"amp_enabled":true,"_links":{"self":[{"href":"https:\/\/www.hydraulic-cylinders.net\/tr\/wp-json\/wp\/v2\/product\/16832","targetHints":{"allow":["GET"]}}],"collection":[{"href":"https:\/\/www.hydraulic-cylinders.net\/tr\/wp-json\/wp\/v2\/product"}],"about":[{"href":"https:\/\/www.hydraulic-cylinders.net\/tr\/wp-json\/wp\/v2\/types\/product"}],"replies":[{"embeddable":true,"href":"https:\/\/www.hydraulic-cylinders.net\/tr\/wp-json\/wp\/v2\/comments?post=16832"}],"wp:featuredmedia":[{"embeddable":true,"href":"https:\/\/www.hydraulic-cylinders.net\/tr\/wp-json\/wp\/v2\/media\/14772"}],"wp:attachment":[{"href":"https:\/\/www.hydraulic-cylinders.net\/tr\/wp-json\/wp\/v2\/media?parent=16832"}],"wp:term":[{"taxonomy":"product_brand","embeddable":true,"href":"https:\/\/www.hydraulic-cylinders.net\/tr\/wp-json\/wp\/v2\/product_brand?post=16832"},{"taxonomy":"product_cat","embeddable":true,"href":"https:\/\/www.hydraulic-cylinders.net\/tr\/wp-json\/wp\/v2\/product_cat?post=16832"},{"taxonomy":"product_tag","embeddable":true,"href":"https:\/\/www.hydraulic-cylinders.net\/tr\/wp-json\/wp\/v2\/product_tag?post=16832"}],"curies":[{"name":"wp","href":"https:\/\/api.w.org\/{rel}","templated":true}]}}