{"id":16848,"date":"2025-01-21T06:07:46","date_gmt":"2025-01-21T06:07:46","guid":{"rendered":"https:\/\/www.hydraulic-cylinders.net\/product\/arm-cylinder-for-atlas-2006lc\/"},"modified":"2025-01-21T06:07:53","modified_gmt":"2025-01-21T06:07:53","slug":"arm-cylinder-for-atlas-2006lc","status":"publish","type":"product","link":"https:\/\/www.hydraulic-cylinders.net\/tr\/urun\/arm-cylinder-for-atlas-2006lc\/","title":{"rendered":"Atlas 2006LC i\u00e7in Kol Silindiri"},"content":{"rendered":"<h2>Atlas 2006LC i\u00e7in Kol Silindiri<\/h2>\n<h3>girii\u015f<\/h3>\n<p>Kol silindiri, ekskavat\u00f6rler, vin\u00e7ler ve mekanik kollar gibi \u00e7e\u015fitli makine t\u00fcrlerinin kollar\u0131na do\u011frusal hareket ve g\u00fc\u00e7 sa\u011flamak i\u00e7in kullan\u0131lan \u00f6zel olarak tasarlanm\u0131\u015f bir hidrolik silindirdir. Kol silindiri, hidrolik sistemlerde \u00f6nemli bir rol oynar ve ek aletlerin veya ata\u015fmanlar\u0131n etkili bir \u015fekilde hareket etmesini ve kontrol edilmesini sa\u011flar. Bu silindirler sadece d\u00fczg\u00fcn hareket sa\u011flamakla kalmaz, ayn\u0131 zamanda a\u011f\u0131r y\u00fcklere de dayanarak \u00e7e\u015fitli \u00e7al\u0131\u015fma ko\u015fullar\u0131nda makinelerin verimli ve g\u00fcvenilir \u00e7al\u0131\u015fmas\u0131n\u0131 sa\u011flar.<\/p>\n<p><img decoding=\"async\" src=\"https:\/\/www.hydraulic-cylinders.net\/wp-content\/uploads\/2025\/01\/songte-company-2.webp\"><\/p>\n<h3>\u00d6zellikler<\/h3>\n<ul>\n<li><strong>Verimli G\u00fc\u00e7 Aktar\u0131m\u0131:<\/strong> Kol silindiri g\u00fc\u00e7l\u00fc do\u011frusal hareket ve kuvvet sa\u011flayarak, mekanik kolun \u00e7e\u015fitli i\u015flemlerde y\u00fcksek performans g\u00f6stermesini sa\u011flar.<\/li>\n<li><strong>Hassas Kontrol:<\/strong> Hidrolik sistem sayesinde kol silindiri hassas hareket kontrol\u00fc sa\u011flayabilir, bu sayede ek aletlerin \u00e7al\u0131\u015fmas\u0131 daha esnek ve hassas hale gelir.<\/li>\n<li><strong>G\u00fc\u00e7l\u00fc Dayan\u0131kl\u0131l\u0131k:<\/strong> Kol silindirleri genellikle y\u00fcksek mukavemetli malzemelerden yap\u0131l\u0131r, a\u015f\u0131nma ve korozyon direnci iyidir, zorlu ortamlarda uzun s\u00fcreli kullan\u0131ma uygundur.<\/li>\n<li><strong>\u00c7ok Fonksiyonlu Uyarlanabilirlik:<\/strong> Bu silindirler, farkl\u0131 \u00e7al\u0131\u015fma ihtiya\u00e7lar\u0131n\u0131 kar\u015f\u0131lamak i\u00e7in ekskavat\u00f6rler, vin\u00e7ler ve mekanik kollar gibi \u00e7e\u015fitli mekanik ekipmanlara yayg\u0131n olarak uygulanabilir.<\/li>\n<li><strong>Kolay Bak\u0131m:<\/strong> Kolay bak\u0131m ve de\u011fi\u015fim i\u00e7in tasarlanm\u0131\u015ft\u0131r, d\u00fczenli kontrolleri ve bak\u0131m\u0131 daha rahat hale getirir, ekipman ar\u0131za s\u00fcresini azalt\u0131r.<\/li>\n<\/ul>\n<p>Biz bu \u00fcr\u00fcn\u00fc \u00fcretebiliyoruz ve \u00fcr\u00fcn\u00fcm\u00fcz bu hidrolik silindirlerin yerini m\u00fckemmel bir \u015fekilde alabiliyor.<\/p>\n<p><img decoding=\"async\" src=\"https:\/\/www.hydraulic-cylinders.net\/wp-content\/uploads\/2025\/01\/songte-oil-pipes-and-spare-parts.webp\"><\/p>\n<h3>Uygulamalar<\/h3>\n<p>Kol silindiri, a\u015fa\u011f\u0131dakiler de dahil olmak \u00fczere \u00e7e\u015fitli end\u00fcstrilerde yayg\u0131n olarak kullan\u0131lmaktad\u0131r:<\/p>\n<ul>\n<li><strong>Yap\u0131:<\/strong> Ekskavat\u00f6rlerde ve vin\u00e7lerde kol silindiri, toprak i\u015fleri, malzeme ta\u015f\u0131ma ve yap\u0131 montaj\u0131nda \u200b\u200bkova veya bomlar\u0131n hareketini kontrol etmek i\u00e7in kullan\u0131l\u0131r.<\/li>\n<li><strong>\u00dcretme:<\/strong> Otomatik \u00fcretim hatlar\u0131nda kol silindiri, montaj, kaynak ve ta\u015f\u0131ma s\u00fcre\u00e7lerinde mekanik kollar\u0131n hareketini sa\u011flamak i\u00e7in kullan\u0131l\u0131r ve \u00fcretim verimlili\u011fini ve do\u011frulu\u011funu art\u0131r\u0131r.<\/li>\n<li><strong>Tar\u0131m Makinalar\u0131:<\/strong> Bi\u00e7erd\u00f6ver ve ekim makinesi gibi tar\u0131m makinelerinde kol silindiri, ekim, g\u00fcbreleme ve hasat gibi g\u00f6revler i\u00e7in \u00e7al\u0131\u015fma kolunun hareketini kontrol eder.<\/li>\n<li><strong>Madencilik:<\/strong> Madencilik ekipmanlar\u0131nda kol silindiri, madencilik ve malzeme ta\u015f\u0131mada kolun hareketini kontrol etmek i\u00e7in kullan\u0131l\u0131r.<\/li>\n<li><strong>Lojistik ve Ta\u015f\u0131mac\u0131l\u0131k:<\/strong> Forkliftlerde ve ta\u015f\u0131ma robotlar\u0131nda, kol silindiri malzeme ta\u015f\u0131ma ve istifleme i\u00e7in \u00e7atallar\u0131n hareketini kontrol etmek amac\u0131yla kullan\u0131l\u0131r.<\/li>\n<\/ul>\n<h3>Tasar\u0131m Hususlar\u0131 ve Se\u00e7im Kriterleri<\/h3>\n<p>Kol silindirleri tasarlan\u0131rken ve se\u00e7ilirken \u00e7e\u015fitli fakt\u00f6rler g\u00f6z \u00f6n\u00fcnde bulundurulmal\u0131d\u0131r:<\/p>\n<ul>\n<li><strong>Y\u00fck ta\u015f\u0131ma kapasitesi:<\/strong> Kol silindiri, tak\u0131l\u0131 aletin veya aparat\u0131n a\u011f\u0131rl\u0131\u011f\u0131na ve kuvvetine dayan\u0131kl\u0131 olmal\u0131d\u0131r.<\/li>\n<li><strong>S\u0131zd\u0131rmazl\u0131k:<\/strong> S\u0131v\u0131 s\u0131z\u0131nt\u0131s\u0131n\u0131 \u00f6nlemek i\u00e7in piston contalar\u0131 ve biyel contalar\u0131 gibi \u00e7e\u015fitli s\u0131zd\u0131rmazl\u0131k elemanlar\u0131 kullan\u0131lmal\u0131d\u0131r.<\/li>\n<li><strong>Dayan\u0131kl\u0131l\u0131k:<\/strong> \u00d6zellikle zorlu ortamlarda a\u015f\u0131nma ve korozyon direncini sa\u011flamak i\u00e7in y\u00fcksek mukavemetli malzemeler ve y\u00fczey i\u015flemleri kullan\u0131lmal\u0131d\u0131r.<\/li>\n<li><strong>Emniyet:<\/strong> Tasar\u0131mda operat\u00f6r\u00fcn ve \u00e7evrenin g\u00fcvenli\u011fi, ani hareketlerden veya darbelerden ka\u00e7\u0131n\u0131lmas\u0131 gibi hususlar dikkate al\u0131nmal\u0131d\u0131r.<\/li>\n<li><strong>Bak\u0131m kolayl\u0131\u011f\u0131:<\/strong> Tasar\u0131m\u0131n kolay s\u00f6k\u00fcl\u00fcp tak\u0131labilir olmas\u0131 ve optimum performans sa\u011flamak i\u00e7in d\u00fczenli bak\u0131m yap\u0131lmas\u0131 gerekir.<\/li>\n<\/ul>\n<p><img decoding=\"async\" src=\"https:\/\/www.hydraulic-cylinders.net\/wp-content\/uploads\/2025\/01\/songte-cylinder-head-with-all-kinds-excavator-models.webp\"><\/p>\n<h3>S\u0131zd\u0131rmazl\u0131k ve Ya\u011flama<\/h3>\n<p>Kol silindirleri, poli\u00fcretan ve nitril kau\u00e7uk gibi a\u015f\u0131nmaya dayan\u0131kl\u0131 malzemelerden yap\u0131lm\u0131\u015f piston contalar\u0131 ve piston kolu contalar\u0131 gibi \u00e7e\u015fitli contalar kullan\u0131r. Silindir g\u00f6vdesi ve di\u015fli u\u00e7 y\u00fczeyi, a\u015f\u0131nma direncini art\u0131rmak i\u00e7in hassas bir \u015fekilde i\u015flenmi\u015ftir. S\u00fcrt\u00fcnme ve a\u015f\u0131nmay\u0131 azaltarak silindirin sorunsuz \u00e7al\u0131\u015fmas\u0131n\u0131 sa\u011flamak i\u00e7in d\u00fczenli olarak hidrolik ya\u011f ile ya\u011flamak gerekir.<\/p>\n<h3>Bak\u0131m ve \u00d6nleme<\/h3>\n<p>Kol silindirlerinin d\u00fczg\u00fcn \u00e7al\u0131\u015fmas\u0131n\u0131 sa\u011flamak i\u00e7in d\u00fczenli muayene ve \u00f6nleyici bak\u0131m \u015fartt\u0131r. A\u015fa\u011f\u0131daki \u00f6nlemler al\u0131nmal\u0131d\u0131r:<\/p>\n<ul>\n<li><strong>Contalar\u0131 kontrol edin:<\/strong> S\u0131z\u0131nt\u0131 olmad\u0131\u011f\u0131ndan emin olmak i\u00e7in contalar\u0131 d\u00fczenli olarak kontrol edin.<\/li>\n<li><strong>Silindir g\u00f6vdesini kontrol edin:<\/strong> Silindir g\u00f6vdesinde herhangi bir hasar veya a\u015f\u0131nma belirtisi olup olmad\u0131\u011f\u0131n\u0131 kontrol edin.<\/li>\n<li><strong>Montaj\u0131 kontrol edin:<\/strong> Montaj c\u0131vatalar\u0131n\u0131n ve somunlar\u0131n\u0131n do\u011fru \u015fekilde s\u0131k\u0131ld\u0131\u011f\u0131ndan emin olmak i\u00e7in kontrol edin.<\/li>\n<li><strong>Hidrolik ya\u011f\u0131n\u0131 izleyin:<\/strong> Hidrolik ya\u011f seviyesini ve kalitesini kontrol edin ve ya\u011f\u0131 d\u00fczenli olarak de\u011fi\u015ftirin.<\/li>\n<\/ul>\n<p>Olas\u0131 sorunlar\u0131 en aza indirmek i\u00e7in a\u015f\u0131r\u0131 y\u00fcklemeden ka\u00e7\u0131nmak, ani hareketlerden veya darbelerden ka\u00e7\u0131nmak, montaj\u0131n do\u011fru yap\u0131lmas\u0131n\u0131 sa\u011flamak gibi \u00f6nleyici tedbirlerin al\u0131nmas\u0131 \u00f6nemlidir.<\/p>\n<p><img decoding=\"async\" src=\"https:\/\/www.hydraulic-cylinders.net\/wp-content\/uploads\/2025\/01\/songte-chushion-collar.webp\"><\/p>\n<h3>\u00dcr\u00fcn Kurulum K\u0131lavuzu<\/h3>\n<p>Kol silindiri tak\u0131l\u0131rken a\u015fa\u011f\u0131daki ad\u0131mlar izlenmelidir:<\/p>\n<ol>\n<li>Eski silindiri \u00e7\u0131kar\u0131n ve montaj y\u00fczeyini temizleyin.<\/li>\n<li>Yeni silindiri tak\u0131n ve montaj c\u0131vatalar\u0131n\u0131 ve somunlar\u0131n\u0131 belirtilen torka s\u0131k\u0131n.<\/li>\n<li>Hidrolik hortumlar\u0131 ve ba\u011flant\u0131 par\u00e7alar\u0131n\u0131 ba\u011flay\u0131n.<\/li>\n<li>Hidrolik sistemi hidrolik ya\u011f ile doldurun.<\/li>\n<\/ol>\n<p>Makineyi \u00e7al\u0131\u015ft\u0131rmadan \u00f6nce silindirin d\u00fczg\u00fcn \u00e7al\u0131\u015ft\u0131\u011f\u0131n\u0131 ve herhangi bir s\u0131z\u0131nt\u0131 olup olmad\u0131\u011f\u0131n\u0131 kontrol edin.<\/p>\n<p><img decoding=\"async\" src=\"https:\/\/www.hydraulic-cylinders.net\/wp-content\/uploads\/2025\/01\/songte-bushings-with-all-kinds-of-excavator-models.webp\"><\/p>\n<h3>G\u00fcvenlik ve \u00c7evresel Hususlar<\/h3>\n<p>Kol silindirleri kullan\u0131l\u0131rken, operat\u00f6r\u00fcn ve \u00e7evrenin g\u00fcvenli\u011fini sa\u011flamak i\u00e7in g\u00fcvenlik \u00f6nlemleri al\u0131nmal\u0131d\u0131r. Operat\u00f6rler, makinelerin g\u00fcvenli kullan\u0131m\u0131 konusunda uygun e\u011fitim almal\u0131d\u0131r. Hidrolik ya\u011f ve di\u011fer at\u0131k malzemelerin bertaraf\u0131 konusunda \u00e7evre y\u00f6netmeliklerine uyulmas\u0131 da \u00f6nemlidir.<\/p>\n<h3>Sorun Giderme ve Yayg\u0131n Sorunlar<\/h3>\n<p>Kol silindirlerinde olu\u015fabilecek yayg\u0131n sorunlar aras\u0131nda conta s\u0131z\u0131nt\u0131s\u0131, silindir hasar\u0131 ve montaj sorunlar\u0131 yer al\u0131r. Bir sorun ortaya \u00e7\u0131karsa, a\u015fa\u011f\u0131daki ipu\u00e7lar\u0131 ve \u00e7\u00f6z\u00fcmler dikkate al\u0131nmal\u0131d\u0131r:<\/p>\n<ul>\n<li><strong>S\u0131zd\u0131ran contalar:<\/strong> Contalar\u0131 de\u011fi\u015ftirin ve do\u011fru \u015fekilde tak\u0131ld\u0131\u011f\u0131ndan emin olun.<\/li>\n<li><strong>Silindir hasar\u0131:<\/strong> Gerekiyorsa silindiri onar\u0131n veya de\u011fi\u015ftirin.<\/li>\n<li><strong>Montaj sorunlar\u0131:<\/strong> Montaj c\u0131vatalar\u0131n\u0131 ve somunlar\u0131n\u0131 kontrol edin ve do\u011fru \u015fekilde s\u0131k\u0131ld\u0131\u011f\u0131ndan emin olun.<\/li>\n<\/ul>\n<p>Olas\u0131 sorunlar\u0131n \u00f6n\u00fcne ge\u00e7mek i\u00e7in a\u015f\u0131r\u0131 y\u00fckleme ve ani hareketlerden ka\u00e7\u0131nmak, montaj\u0131n ve bak\u0131m\u0131n do\u011fru yap\u0131lmas\u0131n\u0131 sa\u011flamak gibi \u00f6nleyici tedbirlerin al\u0131nmas\u0131 \u00f6nemlidir.<\/p>\n<p><img decoding=\"async\" src=\"https:\/\/www.hydraulic-cylinders.net\/wp-content\/uploads\/2025\/01\/songte-company-4.webp\"><br \/>\n<img decoding=\"async\" src=\"https:\/\/www.hydraulic-cylinders.net\/wp-content\/uploads\/2025\/01\/songte-company-3.webp\"><\/p>\n<h3>Hakk\u0131m\u0131zda<\/h3>\n<p>Geni\u015f bir \u00fcr\u00fcn yelpazesine sahip profesyonel bir yedek hidrolik silindir \u00fcreticisiyiz ve yurt i\u00e7i ve yurt d\u0131\u015f\u0131 pazarlarda lider hidrolik silindir \u00fcreticilerinden ve toptan da\u011f\u0131t\u0131mc\u0131lar\u0131ndan biri haline geldik. Her zaman m\u00fckemmel kalite ilkesine ba\u011fl\u0131 kal\u0131yor, geli\u015fmi\u015f \u00fcretim at\u00f6lyemizin end\u00fcstriyel \u00fcretim y\u00f6netimi stratejisine g\u00fcveniyor ve teknik seviyemizi ve \u00fcretim verimlili\u011fimizi s\u00fcrekli olarak geli\u015ftiriyoruz. Geli\u015fmi\u015f dijital \u00fcretim ekipmanlar\u0131 ve profesyonel test sistemleri sayesinde \u00fcretim platformumuzu s\u00fcrekli olarak optimize ediyor, \u00fcr\u00fcnlerin kalite kontrol s\u00fcrecini iyile\u015ftiriyor ve g\u00fc\u00e7l\u00fc bir inovasyon kapasitesine sahibiz. Amac\u0131m\u0131z, verimlilik, do\u011fruluk ve y\u00fcksek kalite ilkeleriyle m\u00fc\u015fterilerimizin \u00e7e\u015fitli ihtiya\u00e7lar\u0131n\u0131 kar\u015f\u0131lamakt\u0131r.<\/p>\n<p>Firmam\u0131z profesyonelli\u011fi, uluslararas\u0131 sertifikasyonlar\u0131, \u00f6zelle\u015ftirilmi\u015f hizmetleri, y\u00fcksek kaliteli \u00fcretim ekipmanlar\u0131 ve m\u00fckemmel sat\u0131\u015f sonras\u0131 hizmetiyle bilinmektedir.<\/p>\n<p>Yazar: lyl.<\/p>","protected":false},"excerpt":{"rendered":"<p>Arm Cylinder For Atlas 2006LC Introduction The arm cylinder is a specially designed hydraulic cylinder used to provide linear motion and power to the arms of various types of machinery, such as excavators, cranes, and mechanical arms. The arm cylinder plays a crucial role in hydraulic systems, allowing additional tools or attachments to move and [&hellip;]<\/p>","protected":false},"featured_media":14786,"comment_status":"open","ping_status":"closed","template":"","meta":{"_et_pb_use_builder":"","_et_pb_old_content":"","_et_gb_content_width":""},"product_brand":[],"product_cat":[1497],"product_tag":[1498,1496],"class_list":{"0":"post-16848","1":"product","2":"type-product","3":"status-publish","4":"has-post-thumbnail","6":"product_cat-arm-cylinders","7":"product_tag-arm-cylinders","8":"product_tag-hydraulic-cylinders","10":"first","11":"instock","12":"shipping-taxable","13":"product-type-simple"},"amp_enabled":true,"_links":{"self":[{"href":"https:\/\/www.hydraulic-cylinders.net\/tr\/wp-json\/wp\/v2\/product\/16848","targetHints":{"allow":["GET"]}}],"collection":[{"href":"https:\/\/www.hydraulic-cylinders.net\/tr\/wp-json\/wp\/v2\/product"}],"about":[{"href":"https:\/\/www.hydraulic-cylinders.net\/tr\/wp-json\/wp\/v2\/types\/product"}],"replies":[{"embeddable":true,"href":"https:\/\/www.hydraulic-cylinders.net\/tr\/wp-json\/wp\/v2\/comments?post=16848"}],"wp:featuredmedia":[{"embeddable":true,"href":"https:\/\/www.hydraulic-cylinders.net\/tr\/wp-json\/wp\/v2\/media\/14786"}],"wp:attachment":[{"href":"https:\/\/www.hydraulic-cylinders.net\/tr\/wp-json\/wp\/v2\/media?parent=16848"}],"wp:term":[{"taxonomy":"product_brand","embeddable":true,"href":"https:\/\/www.hydraulic-cylinders.net\/tr\/wp-json\/wp\/v2\/product_brand?post=16848"},{"taxonomy":"product_cat","embeddable":true,"href":"https:\/\/www.hydraulic-cylinders.net\/tr\/wp-json\/wp\/v2\/product_cat?post=16848"},{"taxonomy":"product_tag","embeddable":true,"href":"https:\/\/www.hydraulic-cylinders.net\/tr\/wp-json\/wp\/v2\/product_tag?post=16848"}],"curies":[{"name":"wp","href":"https:\/\/api.w.org\/{rel}","templated":true}]}}