{"id":16849,"date":"2025-01-21T06:07:55","date_gmt":"2025-01-21T06:07:55","guid":{"rendered":"https:\/\/www.hydraulic-cylinders.net\/product\/arm-cylinder-for-atlas-2306lc\/"},"modified":"2025-01-21T06:07:57","modified_gmt":"2025-01-21T06:07:57","slug":"arm-cylinder-for-atlas-2306lc","status":"publish","type":"product","link":"https:\/\/www.hydraulic-cylinders.net\/tr\/urun\/arm-cylinder-for-atlas-2306lc\/","title":{"rendered":"Atlas 2306LC i\u00e7in Kol Silindiri"},"content":{"rendered":"<h2>Atlas 2306LC i\u00e7in Kol Silindiri<\/h2>\n<h3>girii\u015f<\/h3>\n<p>Kol silindiri, ekskavat\u00f6rler, vin\u00e7ler ve robotik kollar gibi \u00e7e\u015fitli mekanik kollara do\u011frusal hareket ve g\u00fc\u00e7 sa\u011flamak i\u00e7in kullan\u0131lan \u00f6zel olarak tasarlanm\u0131\u015f bir hidrolik silindirdir. Kol silindiri, hidrolik sistemde \u00f6nemli bir rol oynar ve ek aletlerin veya ata\u015fmanlar\u0131n etkili bir \u015fekilde hareket etmesini ve kontrol edilmesini sa\u011flar. Bu silindirler sadece d\u00fczg\u00fcn hareket sa\u011flamakla kalmaz, ayn\u0131 zamanda a\u011f\u0131r y\u00fcklere de dayanarak \u00e7e\u015fitli \u00e7al\u0131\u015fma ko\u015fullar\u0131nda makinelerin verimli ve g\u00fcvenilir \u00e7al\u0131\u015fmas\u0131n\u0131 sa\u011flar.<\/p>\n<p><img decoding=\"async\" src=\"https:\/\/www.hydraulic-cylinders.net\/wp-content\/uploads\/2025\/01\/songte-company-2.webp\" \/><\/p>\n<h3>\u00d6zellikler<\/h3>\n<ul>\n<li><b>Verimli G\u00fc\u00e7 Aktar\u0131m\u0131:<\/b> Kol silindiri g\u00fc\u00e7l\u00fc do\u011frusal hareket ve kuvvet sa\u011flayarak, mekanik kolun \u00e7e\u015fitli i\u015flemlerde y\u00fcksek performans verimlili\u011fini garanti alt\u0131na al\u0131r.<\/li>\n<li><b>Hassas Kontrol:<\/b> Hidrolik sistem sayesinde kol silindiri hassas hareket kontrol\u00fc sa\u011flayabilir, bu sayede ek aletlerin \u00e7al\u0131\u015fmas\u0131 daha esnek ve hassas hale gelir.<\/li>\n<li><b>G\u00fc\u00e7l\u00fc Dayan\u0131kl\u0131l\u0131k:<\/b> Kol silindiri genellikle y\u00fcksek mukavemetli malzemelerden yap\u0131l\u0131r ve iyi a\u015f\u0131nma ve korozyon direncine sahiptir, bu da onu zorlu ortamlarda uzun s\u00fcreli kullan\u0131ma uygun hale getirir.<\/li>\n<li><b>\u00c7ok Fonksiyonlu Uyarlanabilirlik:<\/b> Bu silindirler, ekskavat\u00f6rler, vin\u00e7ler ve robotik kollar gibi \u00e7e\u015fitli mekanik ekipmanlarda, farkl\u0131 i\u015f gereksinimlerine uyum sa\u011flayacak \u015fekilde yayg\u0131n olarak kullan\u0131labilir.<\/li>\n<li><b>Kolay Bak\u0131m:<\/b> Tasar\u0131m\u0131n bak\u0131m\u0131n\u0131n ve de\u011fi\u015ftirilmesinin kolay olmas\u0131, d\u00fczenli muayene ve bak\u0131m\u0131 daha kolay hale getirmesi ve ekipman ar\u0131za s\u00fcrelerini azaltmas\u0131 d\u00fc\u015f\u00fcn\u00fcl\u00fcyor.<\/li>\n<\/ul>\n<p><img decoding=\"async\" src=\"https:\/\/www.hydraulic-cylinders.net\/wp-content\/uploads\/2025\/01\/songte-oil-pipes-and-spare-parts.webp\" \/><\/p>\n<h3>Uygulamalar<\/h3>\n<p>Kol silindiri, a\u015fa\u011f\u0131dakiler de dahil olmak \u00fczere \u00e7e\u015fitli end\u00fcstrilerde yayg\u0131n olarak kullan\u0131lmaktad\u0131r:<\/p>\n<ul>\n<li><b>Yap\u0131:<\/b> Ekskavat\u00f6rlerde ve vin\u00e7lerde kol silindiri, toprak i\u015fleri, malzeme ta\u015f\u0131ma ve yap\u0131sal montajlarda kova veya bomun hareketini kontrol etmek i\u00e7in kullan\u0131l\u0131r.<\/li>\n<li><b>\u00dcretme:<\/b> Otomasyonlu \u00fcretim hatlar\u0131nda, kol silindiri, montaj, kaynak ve ta\u015f\u0131ma s\u00fcre\u00e7lerinde robot kollar\u0131n\u0131n hareket ettirilmesi i\u00e7in kullan\u0131l\u0131r, b\u00f6ylece \u00fcretim verimlili\u011fi ve do\u011frulu\u011fu art\u0131r\u0131l\u0131r.<\/li>\n<li><b>Tar\u0131m Makinalar\u0131:<\/b> Bi\u00e7erd\u00f6ver ve ekim makinesi gibi tar\u0131m makinelerinde kol silindiri, ekim, g\u00fcbreleme ve hasat gibi g\u00f6revleri ger\u00e7ekle\u015ftirmek i\u00e7in \u00e7al\u0131\u015fma kolunun hareketini kontrol eder.<\/li>\n<li><b>Madencilik:<\/b> Madencilik ekipmanlar\u0131nda kol silindiri, cevher madencili\u011fi ve nakliyesi i\u00e7in madencilik ekipmanlar\u0131n\u0131n kol hareketini kontrol etmek i\u00e7in kullan\u0131l\u0131r.<\/li>\n<li><b>Lojistik ve Ta\u015f\u0131mac\u0131l\u0131k:<\/b> Forkliftlerde ve ta\u015f\u0131ma robotlar\u0131nda, kol silindiri, malzemelerin ta\u015f\u0131nmas\u0131 ve istiflenmesini ger\u00e7ekle\u015ftiren kargo \u00e7atal\u0131n\u0131n kald\u0131r\u0131lmas\u0131n\u0131 ve hareketini kontrol etmek i\u00e7in kullan\u0131l\u0131r.<\/li>\n<\/ul>\n<h3>Tasar\u0131m Hususlar\u0131 ve Se\u00e7im Kriterleri<\/h3>\n<p>Tasar\u0131m de\u011ferlendirmelerine g\u00f6re, kol silindiri i\u00e7in kritik fakt\u00f6rlerden baz\u0131lar\u0131 \u015funlard\u0131r:<\/p>\n<ul>\n<li><b>Y\u00fck ta\u015f\u0131ma kapasitesi:<\/b> Kol silindiri makinenin maksimum y\u00fck kapasitesini kald\u0131rabilmelidir.<\/li>\n<li><b>S\u0131zd\u0131rmazl\u0131k:<\/b> Hidrolik s\u0131v\u0131n\u0131n s\u0131zmas\u0131n\u0131 \u00f6nlemek i\u00e7in silindir uygun s\u0131zd\u0131rmazl\u0131k ile tasarlanmal\u0131d\u0131r.<\/li>\n<li><b>Dayan\u0131kl\u0131l\u0131k:<\/b> Silindirin uzun s\u00fcreli kullan\u0131m\u0131n\u0131 sa\u011flamak i\u00e7in a\u015f\u0131nma ve korozyona dayan\u0131kl\u0131 malzemelerden yap\u0131lmas\u0131 gerekir.<\/li>\n<li><b>Emniyet:<\/b> Silindirin g\u00fcvenli bir \u015fekilde \u00e7al\u0131\u015fmas\u0131n\u0131 sa\u011flamak i\u00e7in tasar\u0131ma uygun g\u00fcvenlik \u00f6zellikleri dahil edilmelidir.<\/li>\n<li><b>Bak\u0131m kolayl\u0131\u011f\u0131:<\/b> Silindir, ar\u0131za s\u00fcresini en aza indirmek i\u00e7in kolay bak\u0131m ve par\u00e7a de\u011fi\u015fimine uygun olarak tasarlanmal\u0131d\u0131r.<\/li>\n<\/ul>\n<p><img decoding=\"async\" src=\"https:\/\/www.hydraulic-cylinders.net\/wp-content\/uploads\/2025\/01\/songte-cylinder-head-with-all-kinds-excavator-models.webp\" \/><\/p>\n<h3>S\u0131zd\u0131rmazl\u0131k ve Ya\u011flama<\/h3>\n<p>Kol silindirinde, poli\u00fcretan ve nitril kau\u00e7uk gibi a\u015f\u0131nmaya dayan\u0131kl\u0131 malzemelerden yap\u0131lm\u0131\u015f piston contalar\u0131 ve piston kolu contalar\u0131 gibi \u00e7e\u015fitli s\u0131zd\u0131rmazl\u0131k bile\u015fenleri kullan\u0131lmal\u0131d\u0131r. Silindir g\u00f6vdesi ve di\u015fli u\u00e7 y\u00fczeyleri, a\u015f\u0131nma direncini art\u0131rmak i\u00e7in hassas bir i\u015flemden ge\u00e7irilmelidir. Silindire ya\u011flama i\u00e7in d\u00fczenli olarak uygun hidrolik ya\u011f eklenmelidir.<\/p>\n<h3>Bak\u0131m ve \u00d6nleyici Tedbirler<\/h3>\n<ul>\n<li><b>D\u00fczenli denetimler:<\/b> Silindirde herhangi bir hasar, korozyon veya s\u0131z\u0131nt\u0131 olup olmad\u0131\u011f\u0131n\u0131 kontrol etmek i\u00e7in d\u00fczenli kontroller yap\u0131lmal\u0131d\u0131r.<\/li>\n<li><b>\u00d6nleyici bak\u0131m:<\/b> A\u015f\u0131nm\u0131\u015f par\u00e7alar\u0131n de\u011fi\u015ftirilmesi ve olas\u0131 sorunlar\u0131n \u00f6nlenmesi i\u00e7in d\u00fczenli bak\u0131m yap\u0131lmal\u0131d\u0131r.<\/li>\n<li><b>Uygun depolama:<\/b> Hasar veya korozyonu \u00f6nlemek i\u00e7in silindirin kuru ve temiz ortam gibi uygun ko\u015fullarda saklanmas\u0131 gerekir.<\/li>\n<\/ul>\n<h3>Kurulum K\u0131lavuzu<\/h3>\n<p>Kol silindirinin montaj\u0131 i\u00e7in a\u015fa\u011f\u0131daki ad\u0131mlar izlenir:<\/p>\n<ol>\n<li>Montaj y\u00fczeyinin temiz ve kal\u0131nt\u0131lardan ar\u0131nd\u0131r\u0131lm\u0131\u015f oldu\u011fundan emin olun.<\/li>\n<li>Silindiri montaj y\u00fczeyiyle hizalay\u0131n ve yerine sabitleyin.<\/li>\n<li>Hidrolik hatlar\u0131n\u0131 silindire ba\u011flay\u0131n.<\/li>\n<li>Sisteme hidrolik s\u0131v\u0131s\u0131 ekleyin.<\/li>\n<li>\u00c7al\u0131\u015ft\u0131rmadan \u00f6nce sisteme bas\u0131n\u00e7 testi uygulay\u0131n.<\/li>\n<\/ol>\n<p><img decoding=\"async\" src=\"https:\/\/www.hydraulic-cylinders.net\/wp-content\/uploads\/2025\/01\/songte-bushings-with-all-kinds-of-excavator-models.webp\" \/><\/p>\n<h3>G\u00fcvenlik Hususlar\u0131 ve \u00c7evresel Fakt\u00f6rler<\/h3>\n<p>Kol silindiri kullan\u0131l\u0131rken, kazalar\u0131 \u00f6nlemek i\u00e7in koruyucu ekipman giymek ve uygun \u00e7al\u0131\u015fma prosed\u00fcrlerini takip etmek gibi uygun g\u00fcvenlik \u00f6nlemleri al\u0131nmal\u0131d\u0131r. Ayr\u0131ca, silindirin verimli ve g\u00fcvenli bir \u015fekilde \u00e7al\u0131\u015fmas\u0131n\u0131 sa\u011flamak i\u00e7in s\u0131cakl\u0131k ve nem gibi \u00e7evresel fakt\u00f6rler de dikkate al\u0131nmal\u0131d\u0131r.<\/p>\n<h3>Sorun Giderme ve Yayg\u0131n Sorunlar<\/h3>\n<p>Kol silindiriyle ilgili baz\u0131 yayg\u0131n sorunlar aras\u0131nda s\u0131z\u0131nt\u0131, yetersiz g\u00fc\u00e7 ve yava\u015f hareket yer al\u0131r. Bu sorunlar\u0131 gidermek i\u00e7in, temel nedeni belirlemek \u00fczere uygun inceleme ve testler yap\u0131lmal\u0131d\u0131r. Baz\u0131 \u00f6nleyici tedbirler aras\u0131nda d\u00fczenli bak\u0131m, uygun hidrolik s\u0131v\u0131 kullan\u0131m\u0131 ve uygun depolama yer al\u0131r.<\/p>\n<p><img decoding=\"async\" src=\"https:\/\/www.hydraulic-cylinders.net\/wp-content\/uploads\/2025\/01\/songte-chushion-collar.webp\" \/><\/p>\n<h3>Hakk\u0131m\u0131zda<\/h3>\n<p>Yedek hidrolik silindirler alan\u0131nda profesyonel bir \u00fcreticiyiz ve geni\u015f bir \u00fcr\u00fcn yelpazesi sunarak, yurt i\u00e7i ve yurt d\u0131\u015f\u0131 pazarlarda lider hidrolik silindir \u00fcreticilerinden ve toptan da\u011f\u0131t\u0131mc\u0131lar\u0131ndan biri haline geliyoruz. Hassas \u00fcretim at\u00f6lyelerinin end\u00fcstriyel \u00fcretim y\u00f6netimi stratejisine g\u00fcvenerek, her zaman m\u00fckemmel kalite ilkesine ba\u011fl\u0131 kal\u0131yor, teknik seviyemizi ve \u00fcretim verimlili\u011fimizi s\u00fcrekli geli\u015ftiriyoruz. Geli\u015fmi\u015f dijital \u00fcretim ekipmanlar\u0131 ve profesyonel test sistemleri sunarak, \u00fcretim platformumuzu s\u00fcrekli olarak optimize ediyor, \u00fcr\u00fcn kalite kontrol s\u00fcrecimizi iyile\u015ftiriyor ve g\u00fc\u00e7l\u00fc inovasyon yeteneklerine sahibiz. Amac\u0131m\u0131z, m\u00fc\u015fterilerimizin \u00e7e\u015fitli ihtiya\u00e7lar\u0131n\u0131 y\u00fcksek verimlilik, do\u011fruluk ve y\u00fcksek kalite ile kar\u015f\u0131lamakt\u0131r.<\/p>\n<p><img decoding=\"async\" src=\"https:\/\/www.hydraulic-cylinders.net\/wp-content\/uploads\/2025\/01\/songte-company-4.webp\" \/><\/p>\n<h3>Uzmanl\u0131k Alanlar\u0131m\u0131z<\/h3>\n<ul>\n<li><b>Profesyonellik:<\/b> Hidrolik silindir imalat\u0131 ve tasar\u0131m\u0131nda geni\u015f deneyime sahip profesyonellerden olu\u015fan bir ekibimiz var.<\/li>\n<li><b>Uluslararas\u0131 Sertifikasyon:<\/b> ISO9001, CE, SGS gibi \u00e7e\u015fitli uluslararas\u0131 sertifikalara sahibiz.<\/li>\n<li><b>\u00d6zelle\u015ftirme:<\/b> M\u00fc\u015fterilerimizin \u00f6zel gereksinimlerini kar\u015f\u0131lamak i\u00e7in \u00f6zelle\u015ftirilmi\u015f hidrolik silindir \u00e7\u00f6z\u00fcmleri sa\u011fl\u0131yoruz.<\/li>\n<li><b>\u00dcretim Ekipmanlar\u0131:<\/b> Geli\u015fmi\u015f dijital \u00fcretim ekipmanlar\u0131m\u0131z ve profesyonel test sistemlerimiz mevcuttur.<\/li>\n<li><b>Sat\u0131\u015f Sonras\u0131 Hizmet:<\/b> M\u00fc\u015fteri memnuniyetini sa\u011flamak i\u00e7in sat\u0131\u015f sonras\u0131 hizmeti zaman\u0131nda ve etkin bir \u015fekilde sa\u011fl\u0131yoruz.<\/li>\n<\/ul>\n<p><img decoding=\"async\" src=\"https:\/\/www.hydraulic-cylinders.net\/wp-content\/uploads\/2025\/01\/songte-company-3.webp\" \/><\/p>\n<p>Yazar: lyl.<\/p>","protected":false},"excerpt":{"rendered":"<p>Arm Cylinder For Atlas 2306LC Introduction The arm cylinder is a specially designed hydraulic cylinder that is mainly used to provide linear motion and power for various mechanical arms, such as excavators, cranes and robotic arms. The arm cylinder plays a key role in the hydraulic system, allowing additional tools or attachments to move and [&hellip;]<\/p>","protected":false},"featured_media":14783,"comment_status":"open","ping_status":"closed","template":"","meta":{"_et_pb_use_builder":"","_et_pb_old_content":"","_et_gb_content_width":""},"product_brand":[],"product_cat":[1497],"product_tag":[1498,1496],"class_list":{"0":"post-16849","1":"product","2":"type-product","3":"status-publish","4":"has-post-thumbnail","6":"product_cat-arm-cylinders","7":"product_tag-arm-cylinders","8":"product_tag-hydraulic-cylinders","10":"first","11":"instock","12":"shipping-taxable","13":"product-type-simple"},"amp_enabled":true,"_links":{"self":[{"href":"https:\/\/www.hydraulic-cylinders.net\/tr\/wp-json\/wp\/v2\/product\/16849","targetHints":{"allow":["GET"]}}],"collection":[{"href":"https:\/\/www.hydraulic-cylinders.net\/tr\/wp-json\/wp\/v2\/product"}],"about":[{"href":"https:\/\/www.hydraulic-cylinders.net\/tr\/wp-json\/wp\/v2\/types\/product"}],"replies":[{"embeddable":true,"href":"https:\/\/www.hydraulic-cylinders.net\/tr\/wp-json\/wp\/v2\/comments?post=16849"}],"wp:featuredmedia":[{"embeddable":true,"href":"https:\/\/www.hydraulic-cylinders.net\/tr\/wp-json\/wp\/v2\/media\/14783"}],"wp:attachment":[{"href":"https:\/\/www.hydraulic-cylinders.net\/tr\/wp-json\/wp\/v2\/media?parent=16849"}],"wp:term":[{"taxonomy":"product_brand","embeddable":true,"href":"https:\/\/www.hydraulic-cylinders.net\/tr\/wp-json\/wp\/v2\/product_brand?post=16849"},{"taxonomy":"product_cat","embeddable":true,"href":"https:\/\/www.hydraulic-cylinders.net\/tr\/wp-json\/wp\/v2\/product_cat?post=16849"},{"taxonomy":"product_tag","embeddable":true,"href":"https:\/\/www.hydraulic-cylinders.net\/tr\/wp-json\/wp\/v2\/product_tag?post=16849"}],"curies":[{"name":"wp","href":"https:\/\/api.w.org\/{rel}","templated":true}]}}