{"id":16851,"date":"2025-01-21T06:08:03","date_gmt":"2025-01-21T06:08:03","guid":{"rendered":"https:\/\/www.hydraulic-cylinders.net\/product\/arm-cylinder-for-atlas-7008lc\/"},"modified":"2025-01-21T06:08:05","modified_gmt":"2025-01-21T06:08:05","slug":"arm-cylinder-for-atlas-7008lc","status":"publish","type":"product","link":"https:\/\/www.hydraulic-cylinders.net\/tr\/urun\/arm-cylinder-for-atlas-7008lc\/","title":{"rendered":"Atlas 7008LC i\u00e7in Kol Silindiri"},"content":{"rendered":"<h2>Atlas 7008LC i\u00e7in Kol Silindiri<\/h2>\n<h3>girii\u015f<\/h3>\n<p>Kol silindiri, ekskavat\u00f6rler, vin\u00e7ler ve robotik kollar gibi \u00e7e\u015fitli makine t\u00fcrlerinin kollar\u0131na do\u011frusal hareket ve g\u00fc\u00e7 sa\u011flamak i\u00e7in kullan\u0131lan \u00f6zel olarak tasarlanm\u0131\u015f bir hidrolik silindirdir. Kol silindirleri, hidrolik sistemlerde kritik bir rol oynar ve ek alet veya ata\u015fmanlar\u0131n etkili bir \u015fekilde hareket etmesini ve kontrol edilmesini sa\u011flar. Bu silindirler sadece d\u00fczg\u00fcn hareket sa\u011flamakla kalmaz, ayn\u0131 zamanda a\u011f\u0131r y\u00fcklere de dayanabilir ve \u00e7e\u015fitli \u00e7al\u0131\u015fma ko\u015fullar\u0131nda makinelerin verimli ve g\u00fcvenilir \u00e7al\u0131\u015fmas\u0131n\u0131 sa\u011flar.<\/p>\n<p><img decoding=\"async\" src=\"https:\/\/www.hydraulic-cylinders.net\/wp-content\/uploads\/2025\/01\/songte-company-2.webp\"><\/p>\n<h3>\u00dcr\u00fcn \u00d6zellikleri<\/h3>\n<ul>\n<li>Verimli g\u00fc\u00e7 aktar\u0131m\u0131: Kol silindirleri g\u00fc\u00e7l\u00fc do\u011frusal hareket ve kuvvet sa\u011flayarak, \u00e7e\u015fitli i\u015flemler s\u0131ras\u0131nda mekanik kolun y\u00fcksek performans\u0131n\u0131 garanti alt\u0131na al\u0131r.<\/li>\n<li>Hassas kontrol: Hidrolik sistem sayesinde kol silindirleri hassas hareket kontrol\u00fc sa\u011flayabilir, b\u00f6ylece ek aletlerin \u00e7al\u0131\u015fmas\u0131 daha esnek ve hassas hale gelir.<\/li>\n<li>G\u00fc\u00e7l\u00fc dayan\u0131kl\u0131l\u0131k: Kol silindirleri genellikle y\u00fcksek mukavemetli malzemelerden yap\u0131l\u0131r, iyi a\u015f\u0131nma direnci ve korozyon direncine sahiptir, bu da onlar\u0131 zorlu ortamlarda uzun s\u00fcreli kullan\u0131ma uygun hale getirir.<\/li>\n<li>\u00c7ok i\u015flevli uyarlanabilirlik: Bu silindirler, ekskavat\u00f6rler, vin\u00e7ler ve robotik kollar gibi \u00e7e\u015fitli mekanik ekipmanlarda yayg\u0131n olarak kullan\u0131labilir ve farkl\u0131 \u00e7al\u0131\u015fma gereksinimlerine uyum sa\u011flar.<\/li>\n<li>Kolay bak\u0131m: Kolay bak\u0131m ve de\u011fi\u015ftirme i\u00e7in tasarlanan kol silindirleri, d\u00fczenli muayene ve bak\u0131m\u0131 daha kolay hale getirerek ekipman ar\u0131za s\u00fcresini azalt\u0131r.<\/li>\n<\/ul>\n<p>Biz bu \u00fcr\u00fcn\u00fc \u00fcretebiliyoruz ve \u00fcr\u00fcnlerimiz bu hidrolik silindirlerin yerini m\u00fckemmel \u015fekilde alabiliyor.<\/p>\n<p><img decoding=\"async\" src=\"https:\/\/www.hydraulic-cylinders.net\/wp-content\/uploads\/2025\/01\/songte-oil-pipes-and-spare-parts.webp\"><\/p>\n<h3>Uygulama Senaryolar\u0131<\/h3>\n<p>Kol silindirleri a\u015fa\u011f\u0131dakiler de dahil olmak \u00fczere \u00e7e\u015fitli end\u00fcstrilerde kullan\u0131l\u0131r:<\/p>\n<ul>\n<li>\u0130n\u015faat: Ekskavat\u00f6rlerde ve vin\u00e7lerde, kol silindirleri toprak i\u015fleri, malzeme ta\u015f\u0131ma ve yap\u0131sal montajlarda kovalar\u0131n veya bomlar\u0131n hareketini kontrol etmek i\u00e7in kullan\u0131l\u0131r.<\/li>\n<li>\u00dcretim: Otomatik \u00fcretim hatlar\u0131nda, robot kollar\u0131n\u0131n montaj, kaynak ve ta\u015f\u0131ma i\u015flemleri i\u00e7in hareket ettirilmesinde kol silindirleri kullan\u0131l\u0131r; bu da \u00fcretim verimlili\u011fini ve do\u011frulu\u011funu art\u0131r\u0131r.<\/li>\n<li>Tar\u0131m makineleri: Bi\u00e7erd\u00f6ver ve ekim makineleri gibi tar\u0131m makinelerinde kol silindirleri, \u00e7al\u0131\u015fma kollar\u0131n\u0131n hareketini kontrol eder ve ekim, g\u00fcbreleme ve hasat gibi g\u00f6revleri ger\u00e7ekle\u015ftirir.<\/li>\n<li>Madencilik: Madencilik ekipmanlar\u0131nda, kol silindirleri madencilik ve malzeme ta\u015f\u0131ma i\u00e7in madencilik ekipman\u0131 kollar\u0131n\u0131n hareketini kontrol etmek i\u00e7in kullan\u0131l\u0131r.<\/li>\n<li>Lojistik ve ta\u015f\u0131mac\u0131l\u0131k: Forkliftlerde ve ta\u015f\u0131ma robotlar\u0131nda, kol silindirleri, malzemeleri ta\u015f\u0131mak ve istiflemek i\u00e7in \u00e7atallar\u0131n kald\u0131r\u0131lmas\u0131n\u0131 ve hareketini kontrol etmek i\u00e7in kullan\u0131l\u0131r.<\/li>\n<\/ul>\n<h3>Tasar\u0131m Hususlar\u0131 ve Se\u00e7im Standartlar\u0131<\/h3>\n<p>Kol silindirleri tasarlan\u0131rken a\u015fa\u011f\u0131dakiler de dahil olmak \u00fczere \u00e7e\u015fitli fakt\u00f6rler dikkate al\u0131n\u0131r:<\/p>\n<ul>\n<li>Ta\u015f\u0131ma kapasitesi: Silindir y\u00fcksek y\u00fck ve kuvvetlere dayanacak \u015fekilde tasarlanmal\u0131d\u0131r.<\/li>\n<li>S\u0131zd\u0131rmazl\u0131k: Etkin ve g\u00fcvenilir bir s\u0131zd\u0131rmazl\u0131k sa\u011flamak i\u00e7in piston contalar\u0131 ve biyel contalar\u0131 gibi \u00e7e\u015fitli s\u0131zd\u0131rmazl\u0131k elemanlar\u0131 kullan\u0131lmal\u0131d\u0131r.<\/li>\n<li>Dayan\u0131kl\u0131l\u0131k: Kol silindirleri y\u00fcksek mukavemetli malzemelerden yap\u0131lmal\u0131 ve a\u015f\u0131nma ve korozyon direncini art\u0131rmak i\u00e7in y\u00fczey i\u015flemine tabi tutulmal\u0131d\u0131r.<\/li>\n<li>G\u00fcvenlik: Kol silindirlerinin tasar\u0131m\u0131nda a\u015f\u0131r\u0131 y\u00fck korumas\u0131 ve emniyet valfleri gibi g\u00fcvenlik fakt\u00f6rleri g\u00f6z \u00f6n\u00fcnde bulundurulmal\u0131d\u0131r.<\/li>\n<li>Bak\u0131m kolayl\u0131\u011f\u0131: Kol silindirleri, ekipman ar\u0131za s\u00fcresini azaltmak i\u00e7in kolay bak\u0131m ve par\u00e7a de\u011fi\u015fimine uygun \u015fekilde tasarlanmal\u0131d\u0131r.<\/li>\n<\/ul>\n<p><img decoding=\"async\" src=\"https:\/\/www.hydraulic-cylinders.net\/wp-content\/uploads\/2025\/01\/songte-cylinder-head-with-all-kinds-excavator-models.webp\"><\/p>\n<h3>S\u0131zd\u0131rmazl\u0131k ve Ya\u011flama<\/h3>\n<p>Kol silindirleri, poli\u00fcretan ve nitril kau\u00e7uk gibi a\u015f\u0131nmaya dayan\u0131kl\u0131 malzemelerden yap\u0131lm\u0131\u015f piston contalar\u0131 ve piston kolu contalar\u0131 gibi \u00e7e\u015fitli s\u0131zd\u0131rmazl\u0131k elemanlar\u0131 kullan\u0131r. Silindir g\u00f6vdesi ve di\u015fli u\u00e7 y\u00fczeyi, a\u015f\u0131nma direncini art\u0131rmak i\u00e7in hassas bir i\u015flemden ge\u00e7irilir. Silindirin verimli \u00e7al\u0131\u015fmas\u0131n\u0131 sa\u011flamak ve ya\u011flamak i\u00e7in uygun hidrolik ya\u011f\u0131n d\u00fczenli olarak eklenmesi gerekir.<\/p>\n<h3>Bak\u0131m ve \u00d6nleyici Tedbirler<\/h3>\n<ul>\n<li>Optimum performans ve uzun hizmet \u00f6mr\u00fc sa\u011flamak i\u00e7in kol silindirlerinin d\u00fczenli olarak kontrol edilmesi ve bak\u0131m\u0131n\u0131n yap\u0131lmas\u0131 \u00f6nerilir.<\/li>\n<li>Hidrolik sistemin temiz tutulmas\u0131 ve hasarl\u0131 par\u00e7alar\u0131n zaman\u0131nda de\u011fi\u015ftirilmesi gibi \u00f6nleyici tedbirler, olas\u0131 sorunlar\u0131 en aza indirmeye yard\u0131mc\u0131 olabilir.<\/li>\n<\/ul>\n<h3>\u00dcr\u00fcn Kurulum K\u0131lavuzu<\/h3>\n<p>Montajdan \u00f6nce, montaj y\u00fczeyini temizlemeniz ve hidrolik sistemde yabanc\u0131 madde olmad\u0131\u011f\u0131ndan emin olman\u0131z \u00f6nerilir. Ard\u0131ndan, montaj deliklerini hizalay\u0131n ve c\u0131vatalar\u0131 \u00f6nerilen torka g\u00f6re s\u0131k\u0131n. Son olarak, do\u011fru montaj yap\u0131ld\u0131\u011f\u0131ndan emin olmak i\u00e7in silindirin \u00e7al\u0131\u015fmas\u0131n\u0131 kontrol edin.<\/p>\n<p><img decoding=\"async\" src=\"https:\/\/www.hydraulic-cylinders.net\/wp-content\/uploads\/2025\/01\/songte-bushings-with-all-kinds-of-excavator-models.webp\"><\/p>\n<h3>G\u00fcvenlik Hususlar\u0131 ve \u00c7evresel Fakt\u00f6rler<\/h3>\n<p>Kol silindirleri kullan\u0131l\u0131rken, ekipman\u0131n \u00e7al\u0131\u015fma s\u0131ras\u0131nda sabit ve g\u00fcvenli olmas\u0131n\u0131 sa\u011flamak gibi g\u00fcvenlik prosed\u00fcrlerine uyulmas\u0131 \u00e7ok \u00f6nemlidir. S\u0131cakl\u0131k ve nem gibi \u00e7evresel fakt\u00f6rler kol silindirlerinin performans\u0131n\u0131 etkileyebilir; bu nedenle, kol silindirlerini se\u00e7erken ve kullan\u0131rken \u00e7al\u0131\u015fma ortam\u0131n\u0131 g\u00f6z \u00f6n\u00fcnde bulundurmak \u00f6nemlidir.<\/p>\n<h3>Sorun Giderme ve Yayg\u0131n Sorunlar<\/h3>\n<p>Yayg\u0131n kol silindiri sorunlar\u0131 aras\u0131nda s\u0131z\u0131nt\u0131, yetersiz g\u00fc\u00e7 ve anormal g\u00fcr\u00fclt\u00fc bulunur. Bu sorunlar\u0131 te\u015fhis edip \u00e7\u00f6zmek i\u00e7in g\u00f6rsel bir inceleme yapabilir, hidrolik sistemi kontrol edebilir ve gerekirse hasarl\u0131 par\u00e7alar\u0131 de\u011fi\u015ftirebilirsiniz. D\u00fczenli bak\u0131m ve inceleme, bu sorunlar\u0131n en ba\u015f\u0131ndan \u00f6nlenmesine yard\u0131mc\u0131 olabilir.<\/p>\n<p><img decoding=\"async\" src=\"https:\/\/www.hydraulic-cylinders.net\/wp-content\/uploads\/2025\/01\/songte-chushion-collar.webp\"><\/p>\n<h3>Hakk\u0131m\u0131zda<\/h3>\n<p>Profesyonel bir yedek hidrolik silindir \u00fcreticisiyiz ve yurt i\u00e7inde ve yurt d\u0131\u015f\u0131nda lider hidrolik silindir \u00fcreticilerinden ve toptan da\u011f\u0131t\u0131c\u0131lar\u0131ndan biri haline geldik. Her zaman m\u00fckemmel kalite ilkesine ba\u011fl\u0131 kal\u0131yor ve teknik seviyemizi ve \u00fcretim verimlili\u011fimizi s\u00fcrekli iyile\u015ftirmek i\u00e7in geli\u015fmi\u015f bir \u00fcretim at\u00f6lyesinin end\u00fcstriyel \u00fcretim y\u00f6netimi stratejisine g\u00fcveniyoruz. Y\u00fcksek verimlilik, hassasiyet ve y\u00fcksek kalite prensiplerimizle, m\u00fc\u015fterilerimizin \u00e7e\u015fitli ihtiya\u00e7lar\u0131n\u0131 kar\u015f\u0131lamay\u0131 hedefliyoruz.<\/p>\n<p>Profesyonel ve \u00f6zelle\u015ftirilmi\u015f hizmetler sunuyoruz. \u00dcretim ekipmanlar\u0131m\u0131z geli\u015fmi\u015f ve uluslararas\u0131 sertifikal\u0131d\u0131r. Amac\u0131m\u0131z, m\u00fc\u015fterilerimize y\u00fcksek kaliteli \u00fcr\u00fcnler ve m\u00fckemmel sat\u0131\u015f sonras\u0131 hizmetler sunmakt\u0131r.<\/p>\n<p><img decoding=\"async\" src=\"https:\/\/www.hydraulic-cylinders.net\/wp-content\/uploads\/2025\/01\/songte-company-4.webp\"><\/p>\n<p><img decoding=\"async\" src=\"https:\/\/www.hydraulic-cylinders.net\/wp-content\/uploads\/2025\/01\/songte-company-3.webp\"><\/p>\n<p>Yazar: lyl<\/p>","protected":false},"excerpt":{"rendered":"<p>Arm Cylinder For Atlas 7008LC Introduction An arm cylinder is a specially designed hydraulic cylinder primarily used to provide linear motion and power to the arms of various types of machinery such as excavators, cranes, and robotic arms. Arm cylinders play a critical role in hydraulic systems, enabling the effective movement and control of additional [&hellip;]<\/p>","protected":false},"featured_media":14777,"comment_status":"open","ping_status":"closed","template":"","meta":{"_et_pb_use_builder":"","_et_pb_old_content":"","_et_gb_content_width":""},"product_brand":[],"product_cat":[1497],"product_tag":[1498,1496],"class_list":{"0":"post-16851","1":"product","2":"type-product","3":"status-publish","4":"has-post-thumbnail","6":"product_cat-arm-cylinders","7":"product_tag-arm-cylinders","8":"product_tag-hydraulic-cylinders","10":"first","11":"instock","12":"shipping-taxable","13":"product-type-simple"},"amp_enabled":true,"_links":{"self":[{"href":"https:\/\/www.hydraulic-cylinders.net\/tr\/wp-json\/wp\/v2\/product\/16851","targetHints":{"allow":["GET"]}}],"collection":[{"href":"https:\/\/www.hydraulic-cylinders.net\/tr\/wp-json\/wp\/v2\/product"}],"about":[{"href":"https:\/\/www.hydraulic-cylinders.net\/tr\/wp-json\/wp\/v2\/types\/product"}],"replies":[{"embeddable":true,"href":"https:\/\/www.hydraulic-cylinders.net\/tr\/wp-json\/wp\/v2\/comments?post=16851"}],"wp:featuredmedia":[{"embeddable":true,"href":"https:\/\/www.hydraulic-cylinders.net\/tr\/wp-json\/wp\/v2\/media\/14777"}],"wp:attachment":[{"href":"https:\/\/www.hydraulic-cylinders.net\/tr\/wp-json\/wp\/v2\/media?parent=16851"}],"wp:term":[{"taxonomy":"product_brand","embeddable":true,"href":"https:\/\/www.hydraulic-cylinders.net\/tr\/wp-json\/wp\/v2\/product_brand?post=16851"},{"taxonomy":"product_cat","embeddable":true,"href":"https:\/\/www.hydraulic-cylinders.net\/tr\/wp-json\/wp\/v2\/product_cat?post=16851"},{"taxonomy":"product_tag","embeddable":true,"href":"https:\/\/www.hydraulic-cylinders.net\/tr\/wp-json\/wp\/v2\/product_tag?post=16851"}],"curies":[{"name":"wp","href":"https:\/\/api.w.org\/{rel}","templated":true}]}}