{"id":16856,"date":"2025-01-21T06:08:22","date_gmt":"2025-01-21T06:08:22","guid":{"rendered":"https:\/\/www.hydraulic-cylinders.net\/product\/arm-cylinder-for-bonny-wzy32-7\/"},"modified":"2025-01-21T06:08:24","modified_gmt":"2025-01-21T06:08:24","slug":"arm-cylinder-for-bonny-wzy32-7","status":"publish","type":"product","link":"https:\/\/www.hydraulic-cylinders.net\/tr\/urun\/arm-cylinder-for-bonny-wzy32-7\/","title":{"rendered":"Bonny WZY32-7 i\u00e7in Kol Silindiri"},"content":{"rendered":"<h2>girii\u015f<\/h2>\n<h3>Bonny WZY32-7 i\u00e7in Kol Silindiri<\/h3>\n<p>Bonny WZY32-7 i\u00e7in tasarlanm\u0131\u015f kol silindiri, ekskavat\u00f6rler, vin\u00e7ler ve mekanik kollar gibi \u00e7e\u015fitli makinelerin kollar\u0131na do\u011frusal hareket ve g\u00fc\u00e7 sa\u011flamak \u00fczere \u00f6zel olarak \u00fcretilmi\u015f bir hidrolik silindirdir. Kol silindirleri, hidrolik sistemlerde kritik bir rol oynayarak, tak\u0131l\u0131 aletlerin veya ata\u015fmanlar\u0131n etkili bir \u015fekilde hareket etmesini ve kontrol edilmesini sa\u011flar. Bu silindirler sadece d\u00fczg\u00fcn hareket sa\u011flamakla kalmaz, ayn\u0131 zamanda a\u011f\u0131r y\u00fckleri de ta\u015f\u0131yarak \u00e7e\u015fitli \u00e7al\u0131\u015fma ko\u015fullar\u0131nda verimli \u00e7al\u0131\u015fma ve g\u00fcvenilirlik sa\u011flar.<\/p>\n<p><img decoding=\"async\" src=\"https:\/\/www.hydraulic-cylinders.net\/wp-content\/uploads\/2025\/01\/songte-company-2.webp\" alt=\"Kol Silindiri G\u00f6r\u00fcnt\u00fcs\u00fc\"><\/p>\n<h2>\u00dcr\u00fcn \u00d6zellikleri<\/h2>\n<h3>Verimli G\u00fc\u00e7 Aktar\u0131m\u0131<\/h3>\n<p>Kol silindiri, g\u00fc\u00e7l\u00fc do\u011frusal hareket ve kuvvet sa\u011flayarak mekanik kol i\u015flemlerinde y\u00fcksek verimlilik sa\u011flar.<\/p>\n<h3>Hassas Kontrol<\/h3>\n<p>Hidrolik sistem sayesinde kol silindiri hassas hareket kontrol\u00fc sa\u011flayabilir, ba\u011fl\u0131 aletlerin \u00e7al\u0131\u015fmas\u0131n\u0131 daha esnek ve hassas hale getirir.<\/p>\n<h3>G\u00fc\u00e7l\u00fc Dayan\u0131kl\u0131l\u0131k<\/h3>\n<p>Kol silindiri genellikle y\u00fcksek mukavemetli malzemelerden yap\u0131l\u0131r ve iyi a\u015f\u0131nma ve korozyon direncine sahiptir, bu da onu zorlu ortamlarda uzun s\u00fcreli kullan\u0131ma uygun hale getirir.<\/p>\n<h3>\u00c7ok \u0130\u015flevli Uyarlanabilirlik<\/h3>\n<p>Bu silindirler, farkl\u0131 \u00e7al\u0131\u015fma gereksinimlerine uyum sa\u011flamak amac\u0131yla ekskavat\u00f6rler, vin\u00e7ler ve i\u015f kollar\u0131 gibi \u00e7e\u015fitli mekanik ekipmanlarda yayg\u0131n olarak kullan\u0131labilir.<\/p>\n<h3>Kolay Bak\u0131m<\/h3>\n<p>Tasar\u0131mda bak\u0131m ve de\u011fi\u015ftirme kolayl\u0131\u011f\u0131 g\u00f6z \u00f6n\u00fcnde bulundurularak d\u00fczenli muayene ve bak\u0131m daha rahat hale getirilir ve ekipman ar\u0131za s\u00fcreleri azalt\u0131l\u0131r.<\/p>\n<p><img decoding=\"async\" src=\"https:\/\/www.hydraulic-cylinders.net\/wp-content\/uploads\/2025\/01\/songte-oil-pipes-and-spare-parts.webp\" alt=\"Yedek Par\u00e7a G\u00f6rseli\"><\/p>\n<h2>Uygulamalar<\/h2>\n<h3>\u0130n\u015faat M\u00fchendisli\u011fi<\/h3>\n<p>Kaz\u0131c\u0131 makinelerde ve vin\u00e7lerde, kol silindiri, toprak ta\u015f\u0131ma, malzeme ta\u015f\u0131ma ve yap\u0131 kurulumu i\u00e7in kep\u00e7elerin veya kald\u0131rma kollar\u0131n\u0131n hareketini kontrol etmek amac\u0131yla kullan\u0131l\u0131r.<\/p>\n<h3>\u00dcretme<\/h3>\n<p>Otomatik \u00fcretim hatlar\u0131nda, kol silindiri, montaj, kaynak ve ta\u015f\u0131ma i\u015flemlerinde mekanik kollar\u0131n hareketini kontrol etmek i\u00e7in kullan\u0131l\u0131r ve \u00fcretim verimlili\u011fini ve do\u011frulu\u011funu art\u0131r\u0131r.<\/p>\n<h3>Tar\u0131m Makinalar\u0131<\/h3>\n<p>Bi\u00e7erd\u00f6ver ve tohum ekme makineleri gibi tar\u0131m makinelerinde, kol silindiri, ekim, g\u00fcbreleme ve hasat gibi g\u00f6revleri yerine getiren \u00e7al\u0131\u015fma kolunun hareketini kontrol eder.<\/p>\n<h3>Madencilik<\/h3>\n<p>Madencilik ekipmanlar\u0131nda, kol silindiri, maden cevherlerinin \u00e7\u0131kar\u0131lmas\u0131 ve ta\u015f\u0131nmas\u0131 i\u00e7in madencilik ekipman\u0131n\u0131n kol hareketini kontrol etmek amac\u0131yla kullan\u0131l\u0131r.<\/p>\n<h3>Lojistik ve Ta\u015f\u0131mac\u0131l\u0131k<\/h3>\n<p>Forkliftlerde ve ta\u015f\u0131ma robotlar\u0131nda, kol silindiri, \u00e7atallar\u0131n kald\u0131r\u0131lmas\u0131n\u0131 ve hareketini kontrol ederek malzeme ta\u015f\u0131ma ve istifleme i\u015flemlerini ger\u00e7ekle\u015ftirmek i\u00e7in kullan\u0131l\u0131r.<\/p>\n<h2>Tasar\u0131m Hususlar\u0131 ve Se\u00e7im Kriterleri<\/h2>\n<h3>Ta\u015f\u0131ma Kapasitesi<\/h3>\n<p>Kol silindirinin, farkl\u0131 mekanik ekipman i\u015flemlerinin gereksinimlerini kar\u015f\u0131layacak yeterli ta\u015f\u0131ma kapasitesine sahip olmas\u0131 gerekir.<\/p>\n<h3>S\u0131zd\u0131rmazl\u0131k Performans\u0131<\/h3>\n<p>Kol silindirinde, m\u00fckemmel s\u0131zd\u0131rmazl\u0131k performans\u0131 sa\u011flamak i\u00e7in poli\u00fcretan ve nitril kau\u00e7uk gibi a\u015f\u0131nmaya dayan\u0131kl\u0131 malzemelerden yap\u0131lm\u0131\u015f piston contalar\u0131 ve mil contalar\u0131 gibi \u00e7e\u015fitli s\u0131zd\u0131rmazl\u0131k bile\u015fenleri kullan\u0131lmal\u0131d\u0131r.<\/p>\n<h3>Dayan\u0131kl\u0131l\u0131k<\/h3>\n<p>Kol silindiri y\u00fcksek mukavemetli malzemelerden yap\u0131lmal\u0131 ve a\u015f\u0131nma direncini art\u0131rmak i\u00e7in silindir g\u00f6vdesi ve di\u015fli u\u00e7 y\u00fczeyi ince bir \u015fekilde i\u015flenmelidir.<\/p>\n<h3>Emniyet<\/h3>\n<p>Kol silindirinin g\u00fcvenli ve g\u00fcvenilir \u00e7al\u0131\u015fmas\u0131n\u0131 sa\u011flamak i\u00e7in a\u015f\u0131r\u0131 y\u00fck korumas\u0131 ve acil durdurma gibi g\u00fcvenlik \u00f6nlemleri bulunmal\u0131d\u0131r.<\/p>\n<h3>Bak\u0131m kolayl\u0131\u011f\u0131<\/h3>\n<p>Kol silindiri, bak\u0131m ve de\u011fi\u015ftirme kolayl\u0131\u011f\u0131 sa\u011flayacak \u015fekilde tasarlanmal\u0131, b\u00f6ylece bak\u0131m maliyetleri ve ar\u0131za s\u00fcreleri azalt\u0131lmal\u0131d\u0131r.<\/p>\n<p><img decoding=\"async\" src=\"https:\/\/www.hydraulic-cylinders.net\/wp-content\/uploads\/2025\/01\/songte-cylinder-head-with-all-kinds-excavator-models.webp\" alt=\"Silindir Kapa\u011f\u0131 G\u00f6r\u00fcnt\u00fcs\u00fc\"><\/p>\n<h2>S\u0131zd\u0131rmazl\u0131k ve Ya\u011flama<\/h2>\n<p>Kol silindirinde, m\u00fckemmel s\u0131zd\u0131rmazl\u0131k performans\u0131 sa\u011flamak i\u00e7in poli\u00fcretan ve nitril kau\u00e7uk gibi a\u015f\u0131nmaya dayan\u0131kl\u0131 malzemelerden yap\u0131lm\u0131\u015f \u00e7e\u015fitli s\u0131zd\u0131rmazl\u0131k bile\u015fenleri kullan\u0131lmal\u0131d\u0131r. Silindir g\u00f6vdesi ve di\u015fli u\u00e7 y\u00fczeyi, a\u015f\u0131nma direncini art\u0131rmak i\u00e7in ince bir \u015fekilde i\u015flenmelidir. Ya\u011flama i\u00e7in d\u00fczenli olarak uygun miktarda hidrolik ya\u011f eklenmesi gereklidir.<\/p>\n<h2>Muayene ve Bak\u0131m<\/h2>\n<h3>Denetleme<\/h3>\n<p>Kol silindirinin g\u00fcvenli ve g\u00fcvenilir \u00e7al\u0131\u015fmas\u0131n\u0131 sa\u011flamak i\u00e7in d\u00fczenli olarak kontrol edilmesi gereklidir. Kontrol, di\u011ferlerinin yan\u0131 s\u0131ra s\u0131zd\u0131rmazl\u0131k performans\u0131n\u0131n, a\u015f\u0131nma durumunun ve sabitleme c\u0131vatalar\u0131n\u0131n kontrol\u00fcn\u00fc i\u00e7erir.<\/p>\n<h3>Bak\u0131m<\/h3>\n<p>Kol silindirinin \u00fcretici talimatlar\u0131na g\u00f6re d\u00fczenli olarak bak\u0131m\u0131 yap\u0131lmal\u0131d\u0131r. Bak\u0131m, s\u0131zd\u0131rmazl\u0131k par\u00e7alar\u0131n\u0131n de\u011fi\u015ftirilmesi, silindir g\u00f6vdesinin temizlenmesi ve g\u00fcvenlik \u00f6nlemlerinin kontrol edilmesi gibi i\u015flemleri i\u00e7erir.<\/p>\n<p><img decoding=\"async\" src=\"https:\/\/www.hydraulic-cylinders.net\/wp-content\/uploads\/2025\/01\/songte-chushion-collar.webp\" alt=\"Yaka Resmi\"><\/p>\n<h2>Kurulum K\u0131lavuzu<\/h2>\n<p>Kol silindirinin montaj\u0131, \u00fcreticinin talimatlar\u0131na uygun olarak ve uygun aletler kullan\u0131larak yap\u0131lmal\u0131d\u0131r. Silindir g\u00f6vdesi g\u00fcvenli bir \u015fekilde monte edilmeli ve ya\u011f s\u0131z\u0131nt\u0131s\u0131n\u0131 \u00f6nlemek i\u00e7in boru hatt\u0131 ba\u011flant\u0131s\u0131 s\u0131k\u0131 olmal\u0131d\u0131r. Montajda ayr\u0131ca silindir g\u00f6vdesinin konumu ve y\u00f6n\u00fc, kablo g\u00fczergah\u0131 ve \u00e7evresel fakt\u00f6rlerin silindirin performans\u0131 \u00fczerindeki etkisi de dikkate al\u0131nmal\u0131d\u0131r.<\/p>\n<h2>G\u00fcvenlik ve \u00c7evresel Hususlar<\/h2>\n<p>G\u00fcvenli \u00e7al\u0131\u015fma sa\u011flamak i\u00e7in a\u015f\u0131r\u0131 y\u00fck korumas\u0131 ve acil durdurma gibi g\u00fcvenlik \u00f6nlemleri uygulanmal\u0131d\u0131r. Kol silindirinin hasar g\u00f6rmesini \u00f6nlemek i\u00e7in s\u0131cakl\u0131k, toz ve nem gibi \u00e7evresel fakt\u00f6rlere de dikkat edilmelidir.<\/p>\n<h2>Ar\u0131za Te\u015fhisi ve Yayg\u0131n Sorunlar<\/h2>\n<h3>Ar\u0131za Te\u015fhisi<\/h3>\n<p>Kol silindirinin s\u0131k g\u00f6r\u00fclen ar\u0131zalar\u0131 aras\u0131nda ya\u011f ka\u00e7a\u011f\u0131, yetersiz g\u00fc\u00e7, anormal ses ve yava\u015f hareket yer al\u0131r. Ar\u0131za te\u015fhisi i\u00e7in \u00fcreticinin teknik deste\u011fine veya profesyonel bak\u0131m personeline ba\u015fvurulabilir.<\/p>\n<h3>Ortak Sorunlar<\/h3>\n<p>Kol silindirinin s\u0131k kar\u015f\u0131la\u015f\u0131lan sorunlar\u0131 aras\u0131nda a\u015f\u0131nm\u0131\u015f s\u0131zd\u0131rmazl\u0131k elemanlar\u0131, kirlenmi\u015f hidrolik ya\u011f ve hasarl\u0131 piston kollar\u0131 yer almaktad\u0131r. Bu sorunlar\u0131 \u00e7\u00f6zmek i\u00e7in ilgili par\u00e7alar\u0131n de\u011fi\u015ftirilmesi ve hidrolik sistemin temizlenmesi gerekmektedir.<\/p>\n<p><img decoding=\"async\" src=\"https:\/\/www.hydraulic-cylinders.net\/wp-content\/uploads\/2025\/01\/songte-bushings-with-all-kinds-of-excavator-models.webp\" alt=\"Bur\u00e7lar G\u00f6r\u00fcnt\u00fcs\u00fc\"><\/p>\n<h2>Hakk\u0131m\u0131zda<\/h2>\n<p>Geni\u015f \u00fcr\u00fcn yelpazesine sahip profesyonel bir hidrolik silindir yedek par\u00e7a \u00fcreticisiyiz. Yurti\u00e7i ve yurtd\u0131\u015f\u0131 pazarlarda \u00f6nde gelen hidrolik silindir \u00fcreticilerinden ve toptanc\u0131lar\u0131ndan biri haline geldik. Her zaman m\u00fckemmel kalite ilkesine ba\u011fl\u0131 kalarak, ince i\u015f\u00e7ilik at\u00f6lyesinin end\u00fcstriyel \u00fcretim y\u00f6netim stratejisine g\u00fcveniyoruz ve teknoloji seviyemizi ve \u00fcretim verimlili\u011fimizi s\u00fcrekli olarak geli\u015ftiriyoruz. Y\u00fcksek teknoloji \u00fcr\u00fcn\u00fc dijital \u00fcretim ekipmanlar\u0131 ve profesyonel test sistemleri kullanarak \u00fcretim platformumuzu optimize ediyor, \u00fcr\u00fcn kalite kontrol s\u00fcrecimizi iyile\u015ftiriyor ve g\u00fc\u00e7l\u00fc bir yenilik\u00e7ilik yetene\u011fine sahibiz. Amac\u0131m\u0131z, verimlilik, do\u011fruluk ve y\u00fcksek kalite ilkeleriyle m\u00fc\u015fterilerin \u00e7e\u015fitlendirilmi\u015f ihtiya\u00e7lar\u0131n\u0131 kar\u015f\u0131lamakt\u0131r.<\/p>\n<h2>Hizmetlerimiz<\/h2>\n<h3>Profesyonellik<\/h3>\n<p>Profesyonel ekibimiz, m\u00fc\u015fterilerine y\u00fcksek kaliteli sat\u0131\u015f \u00f6ncesi, sat\u0131\u015f ve sat\u0131\u015f sonras\u0131 hizmetler sunmakta ve m\u00fc\u015fteri ihtiya\u00e7lar\u0131na g\u00f6re \u00f6zelle\u015ftirilmi\u015f \u00e7\u00f6z\u00fcmler geli\u015ftirmektedir.<\/p>\n<h3>Uluslararas\u0131 Sertifikasyon<\/h3>\n<p>\u00dcr\u00fcnlerimiz uluslararas\u0131 sertifikasyondan ge\u00e7mi\u015ftir ve farkl\u0131 pazarlar\u0131n kalite standartlar\u0131n\u0131 kar\u015f\u0131lamaktad\u0131r; bu da \u00fcr\u00fcn\u00fcn g\u00fcvenilirli\u011fini ve itibar\u0131n\u0131 garanti etmektedir.<\/p>\n<h3>\u00d6zelle\u015ftirme Hizmetleri<\/h3>\n<p>\u00dcr\u00fcn tasar\u0131m\u0131, malzeme se\u00e7imi ve ambalajlama dahil olmak \u00fczere, m\u00fc\u015fterilerimizin bireysel ihtiya\u00e7lar\u0131n\u0131 kar\u015f\u0131lamak i\u00e7in \u00f6zelle\u015ftirilmi\u015f hizmetler sunuyoruz.<\/p>\n<h3>\u00dcretim Ekipmanlar\u0131<\/h3>\n<p>Farkl\u0131 \u00fcretim gereksinimlerini kar\u015f\u0131lamak ve \u00fcretim verimlili\u011fini art\u0131rmak i\u00e7in CNC tezgahlar\u0131, otomatik kaynak makineleri ve y\u00fczey i\u015fleme ekipmanlar\u0131 da dahil olmak \u00fczere geli\u015fmi\u015f \u00fcretim ekipmanlar\u0131na sahibiz.<\/p>\n<h3>Sat\u0131\u015f Sonras\u0131 Hizmet<\/h3>\n<p>Garanti hizmetleri, bak\u0131m ve onar\u0131m hizmetleri de dahil olmak \u00fczere, m\u00fc\u015fterilerimizin sorunlar\u0131n\u0131 zaman\u0131nda \u00e7\u00f6zmek i\u00e7in verimli sat\u0131\u015f sonras\u0131 hizmetler sunuyoruz.<\/p>\n<p><img decoding=\"async\" src=\"https:\/\/www.hydraulic-cylinders.net\/wp-content\/uploads\/2025\/01\/songte-company-4.webp\" alt=\"\u015eirket \u0130maj\u0131\"><br \/>\n<img decoding=\"async\" src=\"https:\/\/www.hydraulic-cylinders.net\/wp-content\/uploads\/2025\/01\/songte-company-3.webp\" alt=\"\u015eirket \u0130maj\u0131\"><\/p>\n<p>Yazar: lyl.<\/p>","protected":false},"excerpt":{"rendered":"<p>Introduction Arm Cylinder For Bonny WZY32-7 The Arm Cylinder for Bonny WZY32-7 is a specialized hydraulic cylinder designed to provide linear motion and power to the arm of various types of machinery, such as excavators, cranes, and mechanical arms. Arm cylinders play a critical role in hydraulic systems, allowing attached tools or attachments to move [&hellip;]<\/p>","protected":false},"featured_media":14763,"comment_status":"open","ping_status":"closed","template":"","meta":{"_et_pb_use_builder":"","_et_pb_old_content":"","_et_gb_content_width":""},"product_brand":[],"product_cat":[1497],"product_tag":[1498,1496],"class_list":{"0":"post-16856","1":"product","2":"type-product","3":"status-publish","4":"has-post-thumbnail","6":"product_cat-arm-cylinders","7":"product_tag-arm-cylinders","8":"product_tag-hydraulic-cylinders","10":"first","11":"instock","12":"shipping-taxable","13":"product-type-simple"},"amp_enabled":true,"_links":{"self":[{"href":"https:\/\/www.hydraulic-cylinders.net\/tr\/wp-json\/wp\/v2\/product\/16856","targetHints":{"allow":["GET"]}}],"collection":[{"href":"https:\/\/www.hydraulic-cylinders.net\/tr\/wp-json\/wp\/v2\/product"}],"about":[{"href":"https:\/\/www.hydraulic-cylinders.net\/tr\/wp-json\/wp\/v2\/types\/product"}],"replies":[{"embeddable":true,"href":"https:\/\/www.hydraulic-cylinders.net\/tr\/wp-json\/wp\/v2\/comments?post=16856"}],"wp:featuredmedia":[{"embeddable":true,"href":"https:\/\/www.hydraulic-cylinders.net\/tr\/wp-json\/wp\/v2\/media\/14763"}],"wp:attachment":[{"href":"https:\/\/www.hydraulic-cylinders.net\/tr\/wp-json\/wp\/v2\/media?parent=16856"}],"wp:term":[{"taxonomy":"product_brand","embeddable":true,"href":"https:\/\/www.hydraulic-cylinders.net\/tr\/wp-json\/wp\/v2\/product_brand?post=16856"},{"taxonomy":"product_cat","embeddable":true,"href":"https:\/\/www.hydraulic-cylinders.net\/tr\/wp-json\/wp\/v2\/product_cat?post=16856"},{"taxonomy":"product_tag","embeddable":true,"href":"https:\/\/www.hydraulic-cylinders.net\/tr\/wp-json\/wp\/v2\/product_tag?post=16856"}],"curies":[{"name":"wp","href":"https:\/\/api.w.org\/{rel}","templated":true}]}}