{"id":16857,"date":"2025-01-21T06:08:26","date_gmt":"2025-01-21T06:08:26","guid":{"rendered":"https:\/\/www.hydraulic-cylinders.net\/product\/arm-cylinder-for-bonny-wzyq42-6\/"},"modified":"2025-01-21T06:08:28","modified_gmt":"2025-01-21T06:08:28","slug":"arm-cylinder-for-bonny-wzyq42-6","status":"publish","type":"product","link":"https:\/\/www.hydraulic-cylinders.net\/tr\/urun\/arm-cylinder-for-bonny-wzyq42-6\/","title":{"rendered":"Bonny WZYQ42-6 i\u00e7in Kol Silindiri"},"content":{"rendered":"<h1>Bonny WZYQ42-6 i\u00e7in Kol Silindiri<\/h1>\n<h2>girii\u015f<\/h2>\n<p>Kol silindiri, ekskavat\u00f6rler, vin\u00e7ler ve mekanik kollar gibi \u00e7e\u015fitli makine t\u00fcrlerinin kollar\u0131na do\u011frusal hareket ve g\u00fc\u00e7 sa\u011flayan \u00f6zel olarak tasarlanm\u0131\u015f bir hidrolik silindirdir. Bu silindirler, hidrolik sistemlerde \u00f6nemli bir rol oynar ve ata\u015fmanlar\u0131n veya aksesuarlar\u0131n etkili bir \u015fekilde hareket etmesini ve kontrol edilmesini sa\u011flar. Bu silindirler sadece d\u00fczg\u00fcn hareket sa\u011flamakla kalmaz, ayn\u0131 zamanda a\u011f\u0131r y\u00fcklere de dayanarak, \u00e7e\u015fitli \u00e7al\u0131\u015fma ko\u015fullar\u0131nda makinenin verimli ve g\u00fcvenilir \u00e7al\u0131\u015fmas\u0131n\u0131 sa\u011flar.<\/p>\n<p><img decoding=\"async\" src=\"https:\/\/www.hydraulic-cylinders.net\/wp-content\/uploads\/2025\/01\/songte-company-2.webp\" alt=\"kol silindiri\"><\/p>\n<h2>\u00dcr\u00fcn \u00d6zellikleri<\/h2>\n<ul>\n<li>\n<h3>Verimli G\u00fc\u00e7 Aktar\u0131m\u0131<\/h3>\n<p>Bir kol silindiri g\u00fc\u00e7l\u00fc do\u011frusal hareket ve kuvvet sa\u011flayarak, \u00e7e\u015fitli operasyonlarda mekanik kollar\u0131n y\u00fcksek performans\u0131n\u0131 garanti alt\u0131na alabilir.<\/p>\n<\/li>\n<li>\n<h3>Hassas Kontrol<\/h3>\n<p>Hidrolik sistem sayesinde kol silindiri hassas hareket kontrol\u00fc sa\u011flayabilir, ba\u011fl\u0131 aletlerin \u00e7al\u0131\u015fmas\u0131n\u0131 daha esnek ve hassas hale getirir.<\/p>\n<\/li>\n<li>\n<h3>G\u00fc\u00e7l\u00fc Dayan\u0131kl\u0131l\u0131k<\/h3>\n<p>Kol silindirleri genellikle uzun s\u00fcreli, zorlu ortamlarda kullan\u0131ma uygun, a\u015f\u0131nma ve korozyon direnci iyi olan y\u00fcksek mukavemetli malzemelerden yap\u0131l\u0131r.<\/p>\n<\/li>\n<li>\n<h3>\u00c7ok Fonksiyonlu Uyarlanabilirlik<\/h3>\n<p>Bu silindirler ekskavat\u00f6rler, vin\u00e7ler ve mekanik kollar gibi \u00e7e\u015fitli mekanik ekipmanlarda yayg\u0131n olarak kullan\u0131labilir ve farkl\u0131 \u00e7al\u0131\u015fma gereksinimlerine uyum sa\u011flar.<\/p>\n<\/li>\n<li>\n<h3>Kolay Bak\u0131m<\/h3>\n<p>Tasar\u0131mda kolay bak\u0131m ve de\u011fi\u015fim d\u00fc\u015f\u00fcn\u00fclerek, d\u00fczenli muayene ve bak\u0131m daha rahat hale getirilir ve ekipman ar\u0131za s\u00fcreleri azalt\u0131l\u0131r.<\/p>\n<\/li>\n<\/ul>\n<p>Bu \u00fcr\u00fcn\u00fc \u00fcretebiliyoruz ve bu hidrolik silindirlerin yerine m\u00fckemmel bir \u015fekilde ge\u00e7ebiliyor.<\/p>\n<p><img decoding=\"async\" src=\"https:\/\/www.hydraulic-cylinders.net\/wp-content\/uploads\/2025\/01\/songte-oil-pipes-and-spare-parts.webp\" alt=\"petrol borular\u0131 ve yedek par\u00e7alar\u0131\"><\/p>\n<h2>Uygulamalar<\/h2>\n<ul>\n<li>\n<h3>\u0130n\u015faat M\u00fchendisli\u011fi<\/h3>\n<p>Kol silindirleri, toprak i\u015fleri, malzeme ta\u015f\u0131ma ve yap\u0131sal montaj i\u015flerinde ekskavat\u00f6r ve vin\u00e7lerde kova veya bomun hareketini kontrol etmek i\u00e7in kullan\u0131l\u0131r.<\/p>\n<\/li>\n<li>\n<h3>\u00dcretim Sanayi<\/h3>\n<p>Kol silindirleri, montaj, kaynak ve elle\u00e7leme s\u00fcre\u00e7lerinde otomatik \u00fcretim hatlar\u0131nda mekanik kollar\u0131n hareket ettirilmesinde kullan\u0131l\u0131r, \u00fcretim verimlili\u011fini ve do\u011frulu\u011funu art\u0131r\u0131r.<\/p>\n<\/li>\n<li>\n<h3>Tar\u0131m Makinalar\u0131<\/h3>\n<p>Bi\u00e7erd\u00f6ver ve ekim makinesi gibi tar\u0131m makinelerinde kol silindirleri, ekim, g\u00fcbreleme ve hasat gibi g\u00f6revleri ger\u00e7ekle\u015ftirmek i\u00e7in \u00e7al\u0131\u015fan kollar\u0131n hareketini kontrol eder.<\/p>\n<\/li>\n<li>\n<h3>Madencilik<\/h3>\n<p>Kol silindirleri, maden \u00e7\u0131karma ve minerallerin ta\u015f\u0131nmas\u0131nda kullan\u0131lan madencilik ekipmanlar\u0131n\u0131n kol hareketini kontrol etmek i\u00e7in kullan\u0131l\u0131r.<\/p>\n<\/li>\n<li>\n<h3>Lojistik ve Ta\u015f\u0131mac\u0131l\u0131k<\/h3>\n<p>Kol silindirleri, forkliftlerde ve ta\u015f\u0131ma robotlar\u0131nda \u00e7atallar\u0131n kald\u0131r\u0131lmas\u0131n\u0131 ve hareketini kontrol etmek, malzeme ta\u015f\u0131ma ve istiflemeyi ger\u00e7ekle\u015ftirmek i\u00e7in kullan\u0131l\u0131r.<\/p>\n<\/li>\n<\/ul>\n<h2>Tasar\u0131m Hususlar\u0131 ve Se\u00e7im Kriterleri<\/h2>\n<ul>\n<li>\n<h3>Ta\u015f\u0131ma Kapasitesi<\/h3>\n<p>Kol silindiri, kar\u015f\u0131la\u015faca\u011f\u0131 maksimum y\u00fcke dayanacak \u015fekilde tasarlanmal\u0131, \u00e7al\u0131\u015fma s\u0131ras\u0131nda emniyet ve g\u00fcvenilirli\u011fi sa\u011flanmal\u0131d\u0131r.<\/p>\n<\/li>\n<li>\n<h3>S\u0131zd\u0131rmazl\u0131k<\/h3>\n<p>Silindirin s\u0131zd\u0131rmazl\u0131k performans\u0131n\u0131 sa\u011flamak ve ak\u0131\u015fkan s\u0131z\u0131nt\u0131s\u0131n\u0131 \u00f6nlemek i\u00e7in piston contalar\u0131 ve biyel contalar\u0131 gibi \u00e7e\u015fitli s\u0131zd\u0131rmazl\u0131k elemanlar\u0131 kullan\u0131l\u0131r.<\/p>\n<\/li>\n<li>\n<h3>Dayan\u0131kl\u0131l\u0131k<\/h3>\n<p>Kol silindiri, zorlu ortamlarda uzun \u00f6m\u00fcrl\u00fc olmas\u0131n\u0131 sa\u011flamak i\u00e7in genellikle y\u00fcksek mukavemetli \u00e7elik ve korozyon \u00f6nleyici kaplamalar gibi dayan\u0131kl\u0131 malzemelerden yap\u0131l\u0131r.<\/p>\n<\/li>\n<li>\n<h3>Emniyet<\/h3>\n<p>Kol silindirinin tasar\u0131m\u0131, \u00e7al\u0131\u015fanlar\u0131n ve makinelerin g\u00fcvenli\u011fini sa\u011flamak i\u00e7in a\u015f\u0131r\u0131 y\u00fcklenmeyi, a\u015f\u0131r\u0131 bas\u0131nc\u0131 ve y\u00fck\u00fcn ani d\u00fc\u015fmesini \u00f6nlemek gibi g\u00fcvenlik fakt\u00f6rlerini g\u00f6z \u00f6n\u00fcnde bulundurmal\u0131d\u0131r.<\/p>\n<\/li>\n<li>\n<h3>Bak\u0131m<\/h3>\n<p>Bak\u0131m maliyetlerini ve duru\u015f s\u00fcrelerini azaltmak i\u00e7in kol silindiri, standart par\u00e7alar kullan\u0131larak ve bak\u0131m talimatlar\u0131 sa\u011flanarak kolayca bak\u0131m\u0131 ve de\u011fi\u015fimi yap\u0131labilecek \u015fekilde tasarlanmal\u0131d\u0131r.<\/p>\n<\/li>\n<\/ul>\n<p><img decoding=\"async\" src=\"https:\/\/www.hydraulic-cylinders.net\/wp-content\/uploads\/2025\/01\/songte-cylinder-head-with-all-kinds-excavator-models.webp\" alt=\"silindir kapa\u011f\u0131\"><\/p>\n<h2>S\u0131zd\u0131rmazl\u0131k ve Ya\u011flama<\/h2>\n<p>Silindirin s\u0131zd\u0131rmazl\u0131k performans\u0131n\u0131 sa\u011flamak ve s\u0131v\u0131 s\u0131z\u0131nt\u0131s\u0131n\u0131 \u00f6nlemek i\u00e7in piston contalar\u0131 ve piston kolu contalar\u0131 gibi \u00e7e\u015fitli s\u0131zd\u0131rmazl\u0131k bile\u015fenleri kullan\u0131l\u0131r. Contalar, poli\u00fcretan ve nitril kau\u00e7uk gibi a\u015f\u0131nmaya dayan\u0131kl\u0131 malzemelerden \u00fcretilir ve silindir g\u00f6vdesi ile di\u015fli u\u00e7 y\u00fczeyi, a\u015f\u0131nma direncini art\u0131rmak i\u00e7in hassas bir \u015fekilde i\u015flenir. Ya\u011flama i\u00e7in uygun miktarda hidrolik ya\u011f\u0131n d\u00fczenli olarak eklenmesi gerekir.<\/p>\n<p><img decoding=\"async\" src=\"https:\/\/www.hydraulic-cylinders.net\/wp-content\/uploads\/2025\/01\/songte-chushion-collar.webp\" alt=\"chushion yaka\"><\/p>\n<h2>Bak\u0131m ve Sorun Giderme<\/h2>\n<p>D\u00fczenli muayene ve \u00f6nleyici bak\u0131m, kol silindirinin kullan\u0131m \u00f6mr\u00fcn\u00fc uzatmak i\u00e7in \u00e7ok \u00f6nemlidir. \u0130\u015fte baz\u0131 yayg\u0131n sorun giderme ipu\u00e7lar\u0131 ve \u00f6nleme tedbirleri:<\/p>\n<ul>\n<li>\n<h3>Conta S\u0131z\u0131nt\u0131s\u0131<\/h3>\n<p>Conta hasarl\u0131 veya a\u015f\u0131nm\u0131\u015f olabilir. Contan\u0131n d\u00fczenli olarak kontrol edilmesi ve de\u011fi\u015ftirilmesi s\u0131z\u0131nt\u0131y\u0131 \u00f6nleyebilir.<\/p>\n<\/li>\n<li>\n<h3>Anormal Ses<\/h3>\n<p>Piston, biyel kolu veya rulmanda hasar veya a\u015f\u0131nma olabilir. A\u015f\u0131nm\u0131\u015f par\u00e7alar\u0131n d\u00fczenli olarak kontrol edilmesi ve de\u011fi\u015ftirilmesi anormal ses olu\u015fumunu \u00f6nleyebilir.<\/p>\n<\/li>\n<li>\n<h3>Yava\u015f Hareket<\/h3>\n<p>Ya\u011f yetersiz olabilir veya filtre t\u0131kal\u0131 olabilir. Ya\u011f ve filtrenin d\u00fczenli olarak kontrol edilmesi ve de\u011fi\u015ftirilmesi, yava\u015f hareketi \u00f6nleyebilir.<\/p>\n<\/li>\n<\/ul>\n<h2>Kurulum<\/h2>\n<p>Kol silindirinin do\u011fru montaj\u0131, g\u00fcvenli\u011fi ve performans\u0131 a\u00e7\u0131s\u0131ndan \u00e7ok \u00f6nemlidir. \u0130\u015fte baz\u0131 y\u00f6nergeler:<\/p>\n<ul>\n<li>Silindirin ekipmanla do\u011fru \u015fekilde e\u015fle\u015fti\u011finden emin olun.<\/li>\n<li>Hidrolik sistemin temiz ve kirlerden ar\u0131nd\u0131r\u0131lm\u0131\u015f oldu\u011fundan emin olun.<\/li>\n<li>Silindirin do\u011fru pozisyonda tak\u0131ld\u0131\u011f\u0131ndan ve c\u0131vatalar\u0131n belirtilen torka s\u0131k\u0131ld\u0131\u011f\u0131ndan emin olun.<\/li>\n<li>T\u00fcm ba\u011flant\u0131lar\u0131n g\u00fcvenli oldu\u011fundan ve hidrolik hatlar\u0131n d\u00fczg\u00fcn \u015fekilde ba\u011fland\u0131\u011f\u0131ndan emin olun.<\/li>\n<li>Kullanmadan \u00f6nce kapsaml\u0131 bir inceleme ve test ger\u00e7ekle\u015ftirin.<\/li>\n<\/ul>\n<p>Makalenin sonunda yazar\u0131n lyl. kural\u0131n\u0131 takip etmeyi unutmay\u0131n.<\/p>\n<p><img decoding=\"async\" src=\"https:\/\/www.hydraulic-cylinders.net\/wp-content\/uploads\/2025\/01\/songte-bushings-with-all-kinds-of-excavator-models.webp\" alt=\"her t\u00fcrl\u00fc ekskavat\u00f6r modeline uygun bur\u00e7lar\"><\/p>\n<h2>Hakk\u0131m\u0131zda<\/h2>\n<p>Geni\u015f \u00fcr\u00fcn yelpazesine sahip profesyonel bir hidrolik silindir yedek par\u00e7a \u00fcreticisiyiz ve yurt i\u00e7i ve yurt d\u0131\u015f\u0131 pazarlarda lider hidrolik silindir \u00fcreticilerinden ve toptan da\u011f\u0131t\u0131c\u0131lar\u0131ndan biri haline geldik. Her zaman m\u00fckemmel kalite ilkesine ba\u011fl\u0131 kal\u0131yor, verimli \u00fcretim at\u00f6lyelerinin end\u00fcstriyel \u00fcretim y\u00f6netimi stratejisine g\u00fcveniyor, teknolojik seviyemizi ve \u00fcretim verimlili\u011fimizi s\u00fcrekli geli\u015ftiriyoruz. Geli\u015fmi\u015f dijital \u00fcretim ekipmanlar\u0131 ve profesyonel test sistemleri sunarak \u00fcretim platformumuzu s\u00fcrekli olarak optimize ediyor, \u00fcr\u00fcn kalite kontrol s\u00fcre\u00e7lerimizi iyile\u015ftiriyor ve g\u00fc\u00e7l\u00fc inovasyon yeteneklerine sahibiz. Amac\u0131m\u0131z, verimlilik, hassasiyet ve y\u00fcksek kalite ilkeleriyle m\u00fc\u015fterilerimizin \u00e7e\u015fitli ihtiya\u00e7lar\u0131n\u0131 kar\u015f\u0131lamakt\u0131r.<\/p>\n<p>Firmam\u0131z m\u00fc\u015fterilerimize profesyonel uluslararas\u0131 sertifikasyon, \u00f6zelle\u015ftirilmi\u015f hizmetler, geli\u015fmi\u015f \u00fcretim ekipmanlar\u0131 ve m\u00fckemmel sat\u0131\u015f sonras\u0131 hizmeti sunmaktad\u0131r.<\/p>\n<p><img decoding=\"async\" src=\"https:\/\/www.hydraulic-cylinders.net\/wp-content\/uploads\/2025\/01\/songte-company-4.webp\" alt=\"\u015firket\"><\/p>\n<p><img decoding=\"async\" src=\"https:\/\/www.hydraulic-cylinders.net\/wp-content\/uploads\/2025\/01\/songte-company-3.webp\" alt=\"\u015firket\"><\/p>","protected":false},"excerpt":{"rendered":"<p>Arm Cylinder For Bonny WZYQ42-6 Introduction An arm cylinder is a specifically designed hydraulic cylinder that provides linear motion and power to arms of various types of machinery such as excavators, cranes, and mechanical arms. These cylinders play a crucial role in hydraulic systems, allowing for effective movement and control of attachments or accessories. These [&hellip;]<\/p>","protected":false},"featured_media":14759,"comment_status":"open","ping_status":"closed","template":"","meta":{"_et_pb_use_builder":"","_et_pb_old_content":"","_et_gb_content_width":""},"product_brand":[],"product_cat":[1497],"product_tag":[1498,1496],"class_list":{"0":"post-16857","1":"product","2":"type-product","3":"status-publish","4":"has-post-thumbnail","6":"product_cat-arm-cylinders","7":"product_tag-arm-cylinders","8":"product_tag-hydraulic-cylinders","10":"first","11":"instock","12":"shipping-taxable","13":"product-type-simple"},"amp_enabled":true,"_links":{"self":[{"href":"https:\/\/www.hydraulic-cylinders.net\/tr\/wp-json\/wp\/v2\/product\/16857","targetHints":{"allow":["GET"]}}],"collection":[{"href":"https:\/\/www.hydraulic-cylinders.net\/tr\/wp-json\/wp\/v2\/product"}],"about":[{"href":"https:\/\/www.hydraulic-cylinders.net\/tr\/wp-json\/wp\/v2\/types\/product"}],"replies":[{"embeddable":true,"href":"https:\/\/www.hydraulic-cylinders.net\/tr\/wp-json\/wp\/v2\/comments?post=16857"}],"wp:featuredmedia":[{"embeddable":true,"href":"https:\/\/www.hydraulic-cylinders.net\/tr\/wp-json\/wp\/v2\/media\/14759"}],"wp:attachment":[{"href":"https:\/\/www.hydraulic-cylinders.net\/tr\/wp-json\/wp\/v2\/media?parent=16857"}],"wp:term":[{"taxonomy":"product_brand","embeddable":true,"href":"https:\/\/www.hydraulic-cylinders.net\/tr\/wp-json\/wp\/v2\/product_brand?post=16857"},{"taxonomy":"product_cat","embeddable":true,"href":"https:\/\/www.hydraulic-cylinders.net\/tr\/wp-json\/wp\/v2\/product_cat?post=16857"},{"taxonomy":"product_tag","embeddable":true,"href":"https:\/\/www.hydraulic-cylinders.net\/tr\/wp-json\/wp\/v2\/product_tag?post=16857"}],"curies":[{"name":"wp","href":"https:\/\/api.w.org\/{rel}","templated":true}]}}