{"id":16862,"date":"2025-01-21T06:08:47","date_gmt":"2025-01-21T06:08:47","guid":{"rendered":"https:\/\/www.hydraulic-cylinders.net\/product\/arm-cylinder-for-bonny-ce2200-7\/"},"modified":"2025-01-21T06:08:54","modified_gmt":"2025-01-21T06:08:54","slug":"arm-cylinder-for-bonny-ce2200-7","status":"publish","type":"product","link":"https:\/\/www.hydraulic-cylinders.net\/tr\/urun\/arm-cylinder-for-bonny-ce2200-7\/","title":{"rendered":"Bonny CE2200-7 i\u00e7in Kol Silindiri"},"content":{"rendered":"<p>Bonny CE2200-7 i\u00e7in Kol Silindiri<\/p>\n<p>Kol silindiri, ekskavat\u00f6rler, vin\u00e7ler ve mekanik kollar gibi \u00e7e\u015fitli makinelerin kollar\u0131na do\u011frusal hareket ve g\u00fc\u00e7 sa\u011flamak i\u00e7in \u00f6zel olarak tasarlanm\u0131\u015f bir hidrolik silindirdir. Kol silindirleri, hidrolik sistemlerde hayati bir rol oynayarak ek aletlerin veya ata\u015fmanlar\u0131n etkili bir \u015fekilde hareket etmesini ve kontrol edilmesini sa\u011flar. Bu silindirler sadece d\u00fczg\u00fcn hareket sa\u011flamakla kalmaz, ayn\u0131 zamanda a\u011f\u0131r y\u00fckleri de kald\u0131rarak \u00e7e\u015fitli \u00e7al\u0131\u015fma ko\u015fullar\u0131 alt\u0131nda makinelerin verimli \u00e7al\u0131\u015fmas\u0131n\u0131 ve g\u00fcvenilirli\u011fini sa\u011flar.<\/p>\n<p>Tan\u0131m ve A\u00e7\u0131klama<\/p>\n<p>Kol silindirleri, \u00e7e\u015fitli makinelerin kollar\u0131n\u0131n do\u011frusal hareketini sa\u011flayan hidrolik sistemlerin \u00f6nemli bir bile\u015fenidir. A\u011f\u0131r y\u00fckleri ta\u015f\u0131yacak ve makinelerin verimli \u00e7al\u0131\u015fmas\u0131n\u0131 sa\u011flayacak \u015fekilde tasarlanm\u0131\u015ft\u0131r. Kol silindirleri, a\u015f\u0131nmaya ve korozyona kar\u015f\u0131 y\u00fcksek diren\u00e7li, y\u00fcksek mukavemetli malzemelerden \u00fcretilmi\u015ftir ve bu da onlar\u0131 zorlu ortamlarda kullan\u0131ma uygun hale getirir. Kol silindiri, hidrolik sistemlerde kritik bir bile\u015fendir ve makinelerin verimli \u00e7al\u0131\u015fmas\u0131n\u0131 sa\u011flamada \u00f6nemli bir rol oynar.<\/p>\n<p><img decoding=\"async\" src=\"https:\/\/www.hydraulic-cylinders.net\/wp-content\/uploads\/2025\/01\/songte-company-2.webp\"> <\/p>\n<p>\u00d6zellikler<\/p>\n<p>Kol silindirleri, \u00e7e\u015fitli makine t\u00fcrlerinde kullan\u0131m i\u00e7in ideal k\u0131lan bir\u00e7ok \u00f6zelli\u011fe sahiptir. Bu \u00f6zelliklerden baz\u0131lar\u0131 \u015funlard\u0131r:<\/p>\n<p>1. Y\u00fcksek Verimli Aktar\u0131m: Kol silindirleri g\u00fc\u00e7l\u00fc do\u011frusal hareket ve kuvvet sa\u011flayarak makine i\u015flemlerinde y\u00fcksek verimlilik sa\u011flar.<\/p>\n<p>2. Hassas Kontrol: Kol silindirleri, hidrolik sistemler arac\u0131l\u0131\u011f\u0131yla hassas hareket kontrol\u00fc sa\u011flayarak alet i\u015flemlerini daha esnek ve do\u011fru hale getirir.<\/p>\n<p>3. Y\u00fcksek Dayan\u0131kl\u0131l\u0131k: Kol silindirleri genellikle y\u00fcksek mukavemetli malzemelerden \u00fcretilir, bu da onlara iyi a\u015f\u0131nma ve korozyon direnci sa\u011flar ve zorlu ortamlarda uzun s\u00fcreli kullan\u0131m i\u00e7in uygun hale getirir.<\/p>\n<p>4. \u00c7ok Fonksiyonlu Uyarlanabilirlik: Bu silindirler, farkl\u0131 \u00e7al\u0131\u015fma gereksinimlerine uyum sa\u011flamak i\u00e7in ekskavat\u00f6rler, vin\u00e7ler ve i\u015f kollar\u0131 gibi \u00e7e\u015fitli mekanik ekipman t\u00fcrlerinde yayg\u0131n olarak kullan\u0131labilir.<\/p>\n<p>5. Kolay Bak\u0131m: Kol silindirlerinin tasar\u0131m\u0131, bak\u0131m ve de\u011fi\u015ftirme kolayl\u0131\u011f\u0131n\u0131 g\u00f6z \u00f6n\u00fcnde bulundurarak d\u00fczenli inceleme ve bak\u0131m\u0131 daha kolay hale getirir ve ekipman ar\u0131za s\u00fcresini azalt\u0131r.<\/p>\n<p>Biz bu \u00fcr\u00fcn\u00fc \u00fcretebiliyoruz ve \u00fcr\u00fcn\u00fcm\u00fcz bu hidrolik silindirlerin yerini m\u00fckemmel bir \u015fekilde alabiliyor.<\/p>\n<p><img decoding=\"async\" src=\"https:\/\/www.hydraulic-cylinders.net\/wp-content\/uploads\/2025\/01\/songte-oil-pipes-and-spare-parts.webp\"><\/p>\n<p>Uygulamalar<\/p>\n<p>Kol silindirleri a\u015fa\u011f\u0131dakiler de dahil olmak \u00fczere \u00e7e\u015fitli end\u00fcstrilerde yayg\u0131n olarak kullan\u0131lmaktad\u0131r:<\/p>\n<p>1. \u0130n\u015faat M\u00fchendisli\u011fi: Ekskavat\u00f6rlerde ve vin\u00e7lerde, kol silindirleri toprak i\u015fleri, malzeme ta\u015f\u0131ma ve yap\u0131 kurulumu i\u00e7in kep\u00e7e veya bomun hareketini kontrol eder.<\/p>\n<p>2. \u00dcretim: Otomatik \u00fcretim hatlar\u0131nda, kol silindirleri montaj, kaynak ve ta\u015f\u0131ma i\u015flemlerinde mekanik kolun hareketini kontrol ederek \u00fcretim verimlili\u011fini ve do\u011frulu\u011funu art\u0131r\u0131r.<\/p>\n<p>3. Tar\u0131m Makineleri: Bi\u00e7erd\u00f6ver ve ekim makinesi gibi tar\u0131m makinelerinde, kol silindirleri \u00e7al\u0131\u015fma kolunun hareketini kontrol ederek ekim, g\u00fcbreleme ve hasat gibi g\u00f6revleri yerine getirir.<\/p>\n<p>4. Madencilik: Madencilik ekipmanlar\u0131nda, kol silindirleri madencilik ekipman\u0131n\u0131n kolunun hareketini kontrol ederek madencilik ve malzeme ta\u015f\u0131ma gibi g\u00f6revleri yerine getirir.<\/p>\n<p>5. Lojistik ve Ta\u015f\u0131mac\u0131l\u0131k: Forkliftlerde ve ta\u015f\u0131ma robotlar\u0131nda, kol silindirleri y\u00fck\u00fcn kald\u0131r\u0131lmas\u0131n\u0131 ve hareketini kontrol ederek malzeme ta\u015f\u0131ma ve istifleme i\u015flemlerini ger\u00e7ekle\u015ftirir.<\/p>\n<p>Tasar\u0131m Hususlar\u0131 ve Se\u00e7im Kriterleri<\/p>\n<p>Kol silindirleri, a\u011f\u0131r y\u00fckleri ta\u015f\u0131yacak ve makinelerin verimli \u00e7al\u0131\u015fmas\u0131n\u0131 sa\u011flayacak \u015fekilde tasarlanm\u0131\u015ft\u0131r. Birka\u00e7 \u00f6nemli tasar\u0131m hususu ve se\u00e7im kriteri \u015funlard\u0131r:<\/p>\n<p>1. Ta\u015f\u0131ma Kapasitesi: Kol silindirleri, kullan\u0131ld\u0131klar\u0131 makinelerin y\u00fcklerine dayanabilmelidir.<\/p>\n<p>2. S\u0131zd\u0131rmazl\u0131k: Hidrolik ya\u011f s\u0131z\u0131nt\u0131s\u0131n\u0131 \u00f6nlemek ve \u00e7al\u0131\u015fma verimlili\u011fini art\u0131rmak i\u00e7in kol silindirlerinin iyi bir s\u0131zd\u0131rmazl\u0131k performans\u0131na sahip olmas\u0131 gerekir.<\/p>\n<p>3. Dayan\u0131kl\u0131l\u0131k: Kol silindirleri dayan\u0131kl\u0131 olmal\u0131, a\u015f\u0131nmaya ve korozyona kar\u015f\u0131 diren\u00e7li, y\u00fcksek mukavemetli malzemelerden \u00fcretilmelidir.<\/p>\n<p>4. G\u00fcvenlik: Kol silindirleri, bas\u0131n\u00e7 tahliye vanalar\u0131 ve konum s\u0131n\u0131rlama anahtarlar\u0131 gibi \u00f6zellikler de dahil olmak \u00fczere g\u00fcvenlik g\u00f6z \u00f6n\u00fcnde bulundurularak tasarlanmal\u0131d\u0131r.<\/p>\n<p>5. Bak\u0131m: Kol silindirlerinin bak\u0131m\u0131 kolay olmal\u0131; \u00e7\u0131kar\u0131labilir u\u00e7 kapaklar\u0131 ve kolayca de\u011fi\u015ftirilebilen par\u00e7alar gibi \u00f6zelliklere sahip olmal\u0131d\u0131r.<\/p>\n<p><img decoding=\"async\" src=\"https:\/\/www.hydraulic-cylinders.net\/wp-content\/uploads\/2025\/01\/songte-cylinder-head-with-all-kinds-excavator-models.webp\"><\/p>\n<p>S\u0131zd\u0131rmazl\u0131k ve Ya\u011flama<\/p>\n<p>Kol silindirlerinde, poli\u00fcretan ve nitril kau\u00e7uk gibi a\u015f\u0131nmaya dayan\u0131kl\u0131 malzemelerden yap\u0131lm\u0131\u015f piston contalar\u0131 ve mil contalar\u0131 gibi \u00e7e\u015fitli s\u0131zd\u0131rmazl\u0131k bile\u015fenleri kullan\u0131l\u0131r. Silindir g\u00f6vdesi ve di\u015fli u\u00e7 y\u00fczeyleri, a\u015f\u0131nma direncini art\u0131rmak i\u00e7in ince bir \u015fekilde i\u015flenmi\u015ftir. Kol silindirlerinin d\u00fczg\u00fcn \u00e7al\u0131\u015fmas\u0131n\u0131 sa\u011flamak ve contalar\u0131n hasar g\u00f6rmesini \u00f6nlemek i\u00e7in d\u00fczenli olarak hidrolik ya\u011f ile ya\u011flanmas\u0131 gerekir.<\/p>\n<p>D\u00fczenli Muayene ve \u00d6nleyici Bak\u0131m<\/p>\n<p>Kol silindirlerinin d\u00fczg\u00fcn \u00e7al\u0131\u015fmas\u0131n\u0131 sa\u011flamak i\u00e7in d\u00fczenli kontrol ve \u00f6nleyici bak\u0131m gereklidir. Kontrol, s\u0131z\u0131nt\u0131lar\u0131, contalardaki hasar\u0131 ve piston kollar\u0131ndaki a\u015f\u0131nmay\u0131 kontrol etmeyi i\u00e7ermelidir. \u00d6nleyici bak\u0131m \u00f6nlemleri aras\u0131nda silindiri temiz tutmak, uygun ya\u011flay\u0131c\u0131y\u0131 kullanmak ve a\u015f\u0131nm\u0131\u015f par\u00e7alar\u0131 de\u011fi\u015ftirmek yer al\u0131r.<\/p>\n<p>Do\u011fru \u00dcr\u00fcn Kurulumu<\/p>\n<p>Kol silindirlerinin d\u00fczg\u00fcn \u00e7al\u0131\u015fmas\u0131 i\u00e7in do\u011fru montaj \u00e7ok \u00f6nemlidir. Montaj, \u00fcreticinin talimatlar\u0131na uygun olarak yap\u0131lmal\u0131 ve silindirin do\u011fru hizalanmas\u0131n\u0131, g\u00fcvenli bir \u015fekilde monte edilmesini ve do\u011fru ba\u011flant\u0131lar\u0131 i\u00e7ermelidir.<\/p>\n<p><img decoding=\"async\" src=\"https:\/\/www.hydraulic-cylinders.net\/wp-content\/uploads\/2025\/01\/songte-bushings-with-all-kinds-of-excavator-models.webp\"><\/p>\n<p>G\u00fcvenlik Hususlar\u0131 ve \u00c7evresel Fakt\u00f6rler<\/p>\n<p>Kol silindirlerinin kullan\u0131m\u0131nda g\u00fcvenlik hususlar\u0131 \u00e7ok \u00f6nemlidir; bunlar aras\u0131nda bas\u0131n\u00e7 tahliye vanalar\u0131 ve konum limit anahtarlar\u0131 gibi g\u00fcvenlik \u00f6zelliklerinin kullan\u0131m\u0131 da yer al\u0131r. S\u0131cakl\u0131k ve nem gibi \u00e7evresel fakt\u00f6rler, kol silindirlerinin \u00e7al\u0131\u015fmas\u0131n\u0131 etkileyebilir ve kurulum ve kullan\u0131m s\u0131ras\u0131nda dikkate al\u0131nmal\u0131d\u0131r.<\/p>\n<p>Sorun Giderme ve Yayg\u0131n Sorunlar<\/p>\n<p>Kol silindirlerinde s\u0131k kar\u015f\u0131la\u015f\u0131lan sorunlar aras\u0131nda s\u0131z\u0131nt\u0131lar, hareket etmeme ve contalar\u0131n veya piston kollar\u0131n\u0131n hasar g\u00f6rmesi yer al\u0131r. Sorun giderme \u00f6nlemleri aras\u0131nda s\u0131z\u0131nt\u0131 kontrol\u00fc, contalar\u0131n ve piston kollar\u0131n\u0131n incelenmesi ve uygun ya\u011flaman\u0131n sa\u011flanmas\u0131 bulunur.<\/p>\n<p>\u00dcr\u00fcn \u00fcreticisi<\/p>\n<p>Profesyonel bir hidrolik silindir yedek par\u00e7a \u00fcreticisiyiz ve geni\u015f \u00fcr\u00fcn yelpazemizle hem yurt i\u00e7i hem de yurt d\u0131\u015f\u0131 pazarlarda \u00f6nde gelen hidrolik silindir \u00fcreticilerinden ve toptanc\u0131lar\u0131ndan biri haline geldik. Her zaman m\u00fckemmel kalite ilkesine ba\u011fl\u0131 kal\u0131yoruz ve geli\u015fmi\u015f \u00fcretim at\u00f6lyelerinin end\u00fcstriyel \u00fcretim y\u00f6netim stratejilerine dayanarak teknolojimizi ve \u00fcretim verimlili\u011fimizi s\u00fcrekli olarak geli\u015ftiriyoruz. Amac\u0131m\u0131z, y\u00fcksek verimlilik, do\u011fruluk ve y\u00fcksek kalite ile m\u00fc\u015fteri ihtiya\u00e7lar\u0131n\u0131 kar\u015f\u0131lamakt\u0131r.<\/p>\n<p>Profesyonel ve ki\u015fiselle\u015ftirilmi\u015f hizmetler, uluslararas\u0131 sertifikalar, geli\u015fmi\u015f \u00fcretim ekipmanlar\u0131 ve kapsaml\u0131 sat\u0131\u015f sonras\u0131 hizmetler sunuyoruz.<\/p>\n<p><img decoding=\"async\" src=\"https:\/\/www.hydraulic-cylinders.net\/wp-content\/uploads\/2025\/01\/songte-company-4.webp\"> <\/p>\n<p>Yazar: lyl<\/p>","protected":false},"excerpt":{"rendered":"<p>Arm Cylinder For Bonny CE2200-7 The arm cylinder is a specially designed hydraulic cylinder that is primarily used to provide linear motion and power to the arms of various types of machinery, such as excavators, cranes, and mechanical arms. Arm cylinders play a crucial role in hydraulic systems, enabling additional tools or attachments to move [&hellip;]<\/p>","protected":false},"featured_media":14774,"comment_status":"open","ping_status":"closed","template":"","meta":{"_et_pb_use_builder":"","_et_pb_old_content":"","_et_gb_content_width":""},"product_brand":[],"product_cat":[1497],"product_tag":[1498,1496],"class_list":{"0":"post-16862","1":"product","2":"type-product","3":"status-publish","4":"has-post-thumbnail","6":"product_cat-arm-cylinders","7":"product_tag-arm-cylinders","8":"product_tag-hydraulic-cylinders","10":"first","11":"instock","12":"shipping-taxable","13":"product-type-simple"},"amp_enabled":true,"_links":{"self":[{"href":"https:\/\/www.hydraulic-cylinders.net\/tr\/wp-json\/wp\/v2\/product\/16862","targetHints":{"allow":["GET"]}}],"collection":[{"href":"https:\/\/www.hydraulic-cylinders.net\/tr\/wp-json\/wp\/v2\/product"}],"about":[{"href":"https:\/\/www.hydraulic-cylinders.net\/tr\/wp-json\/wp\/v2\/types\/product"}],"replies":[{"embeddable":true,"href":"https:\/\/www.hydraulic-cylinders.net\/tr\/wp-json\/wp\/v2\/comments?post=16862"}],"wp:featuredmedia":[{"embeddable":true,"href":"https:\/\/www.hydraulic-cylinders.net\/tr\/wp-json\/wp\/v2\/media\/14774"}],"wp:attachment":[{"href":"https:\/\/www.hydraulic-cylinders.net\/tr\/wp-json\/wp\/v2\/media?parent=16862"}],"wp:term":[{"taxonomy":"product_brand","embeddable":true,"href":"https:\/\/www.hydraulic-cylinders.net\/tr\/wp-json\/wp\/v2\/product_brand?post=16862"},{"taxonomy":"product_cat","embeddable":true,"href":"https:\/\/www.hydraulic-cylinders.net\/tr\/wp-json\/wp\/v2\/product_cat?post=16862"},{"taxonomy":"product_tag","embeddable":true,"href":"https:\/\/www.hydraulic-cylinders.net\/tr\/wp-json\/wp\/v2\/product_tag?post=16862"}],"curies":[{"name":"wp","href":"https:\/\/api.w.org\/{rel}","templated":true}]}}