{"id":16863,"date":"2025-01-21T06:08:56","date_gmt":"2025-01-21T06:08:56","guid":{"rendered":"https:\/\/www.hydraulic-cylinders.net\/product\/arm-cylinder-for-bonny-wzyd18-6\/"},"modified":"2025-01-21T06:08:58","modified_gmt":"2025-01-21T06:08:58","slug":"arm-cylinder-for-bonny-wzyd18-6","status":"publish","type":"product","link":"https:\/\/www.hydraulic-cylinders.net\/tr\/urun\/arm-cylinder-for-bonny-wzyd18-6\/","title":{"rendered":"Bonny WZYD18-6 i\u00e7in Kol Silindiri"},"content":{"rendered":"<h1>Bonny WZYD18-6 i\u00e7in Kol Silindiri<\/h1>\n<h2>girii\u015f<\/h2>\n<p>Kol silindiri, ekskavat\u00f6rler, vin\u00e7ler ve robot kollar\u0131 gibi \u00e7e\u015fitli makinelerin koluna do\u011frusal hareket ve g\u00fc\u00e7 sa\u011flayan \u00f6zel olarak tasarlanm\u0131\u015f bir hidrolik silindirdir. Hidrolik sistemlerde hayati bir rol oynayarak ek aletlerin veya ata\u015fmanlar\u0131n etkili hareketini ve kontrol\u00fcn\u00fc sa\u011flar. Bu silindirler sadece d\u00fczg\u00fcn hareket sa\u011flamakla kalmaz, ayn\u0131 zamanda a\u011f\u0131r y\u00fckleri de ta\u015f\u0131yarak \u00e7e\u015fitli \u00e7al\u0131\u015fma ko\u015fullar\u0131 alt\u0131nda makinelerin verimli \u00e7al\u0131\u015fmas\u0131n\u0131 ve g\u00fcvenilirli\u011fini garanti eder.<\/p>\n<p><img decoding=\"async\" src=\"https:\/\/www.hydraulic-cylinders.net\/wp-content\/uploads\/2025\/01\/songte-company-2.webp\" alt=\"Kol Silindiri G\u00f6r\u00fcnt\u00fcs\u00fc\"><\/p>\n<h2>Temel \u00d6zellikler<\/h2>\n<ul>\n<li><strong>Y\u00fcksek Verimli \u015eanz\u0131man:<\/strong> Kol silindiri, g\u00fc\u00e7l\u00fc do\u011frusal hareket ve kuvvet sa\u011flayarak robot kolunun \u00e7e\u015fitli i\u015flemlerde m\u00fckemmel performans g\u00f6stermesini garanti eder.<\/li>\n<li><strong>Hassas Kontrol:<\/strong> Hidrolik sistem sayesinde kol silindiri hassas hareket kontrol\u00fc sa\u011flayarak, ek tak\u0131mlar\u0131n daha esnek ve hassas bir \u015fekilde \u00e7al\u0131\u015ft\u0131r\u0131lmas\u0131n\u0131 sa\u011flar.<\/li>\n<li><strong>Dayan\u0131kl\u0131l\u0131k:<\/strong> Kol silindirleri genellikle y\u00fcksek mukavemetli malzemelerden \u00fcretilir ve iyi a\u015f\u0131nma ve korozyon direnci sunarak zorlu ortamlarda uzun s\u00fcreli kullan\u0131m i\u00e7in uygun hale gelir.<\/li>\n<li><strong>\u00c7ok Fonksiyonlu Uyarlanabilirlik:<\/strong> Bu silindirler, ekskavat\u00f6rler, vin\u00e7ler ve robotik kollar gibi \u00e7e\u015fitli makinelerde yayg\u0131n olarak kullan\u0131labilir ve farkl\u0131 i\u015f gereksinimlerine uyum sa\u011flayabilir.<\/li>\n<li><strong>Kolay Bak\u0131m:<\/strong> Tasar\u0131m, bak\u0131m ve de\u011fi\u015ftirme kolayl\u0131\u011f\u0131n\u0131 g\u00f6z \u00f6n\u00fcnde bulundurarak d\u00fczenli denetim ve servis i\u015flemlerini daha kolay hale getiriyor ve ekipman ar\u0131za s\u00fcrelerini azalt\u0131yor.<\/li>\n<\/ul>\n<p><img decoding=\"async\" src=\"https:\/\/www.hydraulic-cylinders.net\/wp-content\/uploads\/2025\/01\/songte-oil-pipes-and-spare-parts.webp\" alt=\"Yedek Par\u00e7a G\u00f6rseli\"><\/p>\n<h2>Uygulamalar<\/h2>\n<p>Kol silindiri \u00e7e\u015fitli end\u00fcstrilerde uygulama alan\u0131 bulmaktad\u0131r:<\/p>\n<h3>1. \u0130n\u015faat M\u00fchendisli\u011fi<\/h3>\n<p>Kaz\u0131c\u0131 makinelerde ve vin\u00e7lerde, kol silindiri, toprak i\u015fleri, malzeme ta\u015f\u0131ma ve yap\u0131sal kurulum i\u00e7in kep\u00e7enin veya bomun hareketini kontrol eder.<\/p>\n<h3>2. \u00dcretim Sanayi<\/h3>\n<p>Otomatik \u00fcretim hatlar\u0131nda, kol silindiri, montaj, kaynak ve malzeme ta\u015f\u0131ma gibi i\u015flemler i\u00e7in robot kollar\u0131n\u0131n hareketini sa\u011flayarak \u00fcretim verimlili\u011fini ve hassasiyetini art\u0131r\u0131r.<\/p>\n<h3>3. Tar\u0131m Makinalar\u0131<\/h3>\n<p>Bi\u00e7erd\u00f6ver ve tohum ekme makineleri gibi tar\u0131m makinelerinde, kol silindiri, ekim, g\u00fcbreleme ve hasat gibi g\u00f6revler i\u00e7in \u00e7al\u0131\u015fma kollar\u0131n\u0131n hareketini kontrol eder.<\/p>\n<h3>4. Madencilik<\/h3>\n<p>Madencilik ekipmanlar\u0131nda, kol silindiri, cevher \u00e7\u0131karma ve ta\u015f\u0131ma i\u015flemlerinde ekipman\u0131n kol hareketini kontrol eder.<\/p>\n<h3>5. Lojistik ve Ta\u015f\u0131mac\u0131l\u0131k<\/h3>\n<p>Forkliftlerde ve malzeme ta\u015f\u0131ma robotlar\u0131nda, kol silindiri \u00e7atallar\u0131n kald\u0131r\u0131lmas\u0131n\u0131 ve hareketini kontrol ederek malzeme ta\u015f\u0131ma ve istifleme i\u015flemlerini m\u00fcmk\u00fcn k\u0131lar.<\/p>\n<p><img decoding=\"async\" src=\"https:\/\/www.hydraulic-cylinders.net\/wp-content\/uploads\/2025\/01\/songte-cylinder-head-with-all-kinds-excavator-models.webp\" alt=\"Ekskavat\u00f6r Modelleri\"><\/p>\n<h2>Tasar\u0131m Hususlar\u0131 ve Se\u00e7im Kriterleri<\/h2>\n<p>Kol silindirlerinin tasar\u0131m\u0131 ve se\u00e7imi yap\u0131l\u0131rken \u00e7e\u015fitli fakt\u00f6rler dikkate al\u0131nmal\u0131d\u0131r:<\/p>\n<h3>1. Y\u00fck Ta\u015f\u0131ma Kapasitesi<\/h3>\n<p>Kol silindirinin, \u00e7al\u0131\u015fma s\u0131ras\u0131nda kar\u015f\u0131la\u015f\u0131lan kuvvetlere dayanabilecek yeterli mukavemete ve y\u00fck ta\u015f\u0131ma kapasitesine sahip olmas\u0131 gerekir.<\/p>\n<h3>2. S\u0131zd\u0131rmazl\u0131k ve Ya\u011flama<\/h3>\n<p>Piston contalar\u0131 ve mil contalar\u0131 gibi \u00e7e\u015fitli s\u0131zd\u0131rmazl\u0131k elemanlar\u0131 kullan\u0131lmal\u0131d\u0131r. Bu contalar, poli\u00fcretan ve nitril kau\u00e7uk gibi a\u015f\u0131nmaya dayan\u0131kl\u0131 malzemelerden \u00fcretilmi\u015ftir. Silindir g\u00f6vdesi ve di\u015fli u\u00e7, a\u015f\u0131nma direncini art\u0131rmak i\u00e7in ince bir i\u015flemden ge\u00e7irilir. Hidrolik ya\u011f ile d\u00fczenli ya\u011flama gereklidir.<\/p>\n<h3>3. Dayan\u0131kl\u0131l\u0131k<\/h3>\n<p>Kol silindirleri zorlu \u00e7al\u0131\u015fma ko\u015fullar\u0131na maruz kal\u0131r. Bu nedenle, dayan\u0131kl\u0131l\u0131klar\u0131n\u0131 sa\u011flamak i\u00e7in y\u00fcksek kaliteli malzemelerden \u00fcretilmeli ve titiz \u00fcretim s\u00fcre\u00e7lerinden ge\u00e7melidirler.<\/p>\n<h3>4. G\u00fcvenlik<\/h3>\n<p>Tasar\u0131mda, kazalar\u0131 \u00f6nlemek i\u00e7in g\u00fcvenlik \u00f6zelliklerinin entegre edilmesi ve do\u011fru kurulum ve \u00e7al\u0131\u015ft\u0131rman\u0131n sa\u011flanmas\u0131 gibi g\u00fcvenlik hususlar\u0131na \u00f6ncelik verilmelidir.<\/p>\n<h3>5. Bak\u0131m Kolayl\u0131\u011f\u0131<\/h3>\n<p>Tasar\u0131m \u00f6zellikleri, d\u00fczenli denetimleri ve \u00f6nleyici bak\u0131m\u0131 kolayla\u015ft\u0131rarak ar\u0131za s\u00fcrelerini azaltmal\u0131 ve tutarl\u0131 performans sa\u011flamal\u0131d\u0131r.<\/p>\n<p><img decoding=\"async\" src=\"https:\/\/www.hydraulic-cylinders.net\/wp-content\/uploads\/2025\/01\/songte-chushion-collar.webp\" alt=\"Chushion Yaka\"><\/p>\n<h2>Muayene ve \u00d6nleyici Bak\u0131m<\/h2>\n<p>Kol silindirleri i\u00e7in d\u00fczenli muayene ve \u00f6nleyici bak\u0131m \u00f6nlemleri \u015funlar\u0131 i\u00e7erir:<\/p>\n<h3>1. D\u00fczenli g\u00f6rsel inceleme<\/h3>\n<p>Hasar, s\u0131z\u0131nt\u0131 veya anormal a\u015f\u0131nma belirtileri olup olmad\u0131\u011f\u0131n\u0131 kontrol edin. Contalar\u0131n, \u00e7ubuklar\u0131n ve ba\u011flant\u0131lar\u0131n d\u00fczg\u00fcn \u00e7al\u0131\u015f\u0131p \u00e7al\u0131\u015fmad\u0131\u011f\u0131n\u0131 inceleyin.<\/p>\n<h3>2. Ya\u011flama<\/h3>\n<p>Hidrolik ya\u011f miktar\u0131n\u0131 d\u00fczenli olarak ekleyerek kol silindirinin yeterli \u015fekilde ya\u011flanmas\u0131n\u0131 sa\u011flay\u0131n.<\/p>\n<h3>3. Temizlik<\/h3>\n<p>Kol silindirini ve \u00e7evresindeki bile\u015fenleri temiz tutarak, d\u00f6k\u00fcnt\u00fclerin veya kirleticilerin performans\u0131n\u0131 etkilemesini \u00f6nleyin.<\/p>\n<h3>4. Conta De\u011fi\u015fimi<\/h3>\n<p>A\u015f\u0131nma veya s\u0131z\u0131nt\u0131 belirtileri varsa, optimum performans\u0131 korumak ve daha fazla hasar\u0131 \u00f6nlemek i\u00e7in contalar\u0131 derhal de\u011fi\u015ftirin.<\/p>\n<h3>5. Profesyonel Bak\u0131m<\/h3>\n<p>Daha karma\u015f\u0131k bak\u0131m i\u015flemleri veya ar\u0131za giderme i\u00e7in, do\u011fru kullan\u0131m ve onar\u0131m\u0131n sa\u011flanmas\u0131 amac\u0131yla profesyonel bir hidrolik servis sa\u011flay\u0131c\u0131s\u0131na dan\u0131\u015f\u0131n.<\/p>\n<p><img decoding=\"async\" src=\"https:\/\/www.hydraulic-cylinders.net\/wp-content\/uploads\/2025\/01\/songte-bushings-with-all-kinds-of-excavator-models.webp\" alt=\"Bur\u00e7lar\"><\/p>\n<h2>G\u00fcvenlik Hususlar\u0131 ve \u00c7evresel Fakt\u00f6rler<\/h2>\n<p>Kol silindirleri kullan\u0131l\u0131rken, kazalar\u0131 \u00f6nlemek ve operat\u00f6r\u00fcn g\u00fcvenli\u011fini sa\u011flamak i\u00e7in g\u00fcvenlik \u00f6nlemleri \u00e7ok \u00f6nemlidir. A\u015fa\u011f\u0131dakiler de dahil olmak \u00fczere uygun g\u00fcvenlik prosed\u00fcrlerine uyulmas\u0131 \u00f6nemlidir:<\/p>\n<ul>\n<li>Operat\u00f6rlere kol silindirlerinin g\u00fcvenli kullan\u0131m\u0131 ve elle\u00e7lenmesi konusunda yeterli e\u011fitim verilmesi.<\/li>\n<li>Uygun g\u00fcvenlik cihazlar\u0131 ve koruyucu ekipman kullanmak<\/li>\n<li>Olas\u0131 g\u00fcvenlik tehlikelerini tespit etmek i\u00e7in kol silindirinin d\u00fczenli olarak incelenmesi ve bak\u0131m\u0131n\u0131n yap\u0131lmas\u0131.<\/li>\n<li>\u0130lgili sekt\u00f6r g\u00fcvenlik standartlar\u0131na ve d\u00fczenlemelerine uyulmas\u0131<\/li>\n<\/ul>\n<h2>Sorun Giderme ve Yayg\u0131n Sorunlar<\/h2>\n<p>Kol silindirlerinde ortaya \u00e7\u0131kabilecek yayg\u0131n sorunlar \u015funlard\u0131r:<\/p>\n<ul>\n<li>Hidrolik s\u0131v\u0131 s\u0131z\u0131nt\u0131s\u0131<\/li>\n<li>G\u00fc\u00e7 kayb\u0131 veya yava\u015f \u00e7al\u0131\u015fma<\/li>\n<li>A\u015f\u0131r\u0131 titre\u015fim veya g\u00fcr\u00fclt\u00fc<\/li>\n<li>D\u00fczensiz veya ani hareket<\/li>\n<li>Y\u00fck\u00fc tutamama<\/li>\n<\/ul>\n<p>Bu sorunlar\u0131 gidermek i\u00e7in a\u015fa\u011f\u0131daki sorun giderme ipu\u00e7lar\u0131n\u0131 g\u00f6z \u00f6n\u00fcnde bulundurun:<\/p>\n<ul>\n<li>Gev\u015fek ba\u011flant\u0131lar\u0131 kontrol edin ve gerekirse s\u0131k\u0131n.<\/li>\n<li>Contalar\u0131 kontrol edin ve hasarl\u0131 veya a\u015f\u0131nm\u0131\u015f olanlar\u0131 de\u011fi\u015ftirin.<\/li>\n<li>Hidrolik ya\u011f seviyesini kontrol ederek ve gerekirse ya\u011f ekleyerek uygun ya\u011flamay\u0131 sa\u011flay\u0131n.<\/li>\n<li>Hidrolik sistemde herhangi bir t\u0131kan\u0131kl\u0131k veya k\u0131s\u0131tlama olup olmad\u0131\u011f\u0131n\u0131 kontrol edin.<\/li>\n<li>Sorun devam ederse, daha detayl\u0131 te\u015fhis ve onar\u0131m i\u00e7in bir uzmana dan\u0131\u015f\u0131n.<\/li>\n<\/ul>\n<p><img decoding=\"async\" src=\"https:\/\/www.hydraulic-cylinders.net\/wp-content\/uploads\/2025\/01\/songte-chushion-collar.webp\" alt=\"Chushion Yaka\"><\/p>\n<h2>Hakk\u0131m\u0131zda<\/h2>\n<p>Geni\u015f \u00fcr\u00fcn yelpazesine sahip profesyonel bir hidrolik silindir yedek par\u00e7a \u00fcreticisiyiz. Yurti\u00e7i ve yurtd\u0131\u015f\u0131 pazarlarda \u00f6nde gelen hidrolik silindir \u00fcreticilerinden ve toptanc\u0131lar\u0131ndan biri haline geldik. Kalitede m\u00fckemmellik ilkesini benimseyerek, geli\u015fmi\u015f \u00fcretim at\u00f6lyeleri ve end\u00fcstriyel \u00fcretim y\u00f6netimi sayesinde teknolojik seviyemizi ve \u00fcretim verimlili\u011fimizi s\u00fcrekli olarak geli\u015ftiriyoruz. Y\u00fcksek teknoloji \u00fcr\u00fcn\u00fc dijital \u00fcretim ekipmanlar\u0131 ve profesyonel test sistemleri kullanarak \u00fcretim platformumuzu optimize ediyor ve \u00fcr\u00fcn kalite kontrol s\u00fcre\u00e7lerimizi iyile\u015ftirerek g\u00fc\u00e7l\u00fc inovasyon yetenekleri sergiliyoruz. Amac\u0131m\u0131z, verimlilik, hassasiyet ve y\u00fcksek kaliteli \u00fcr\u00fcnlerle m\u00fc\u015fterilerin \u00e7e\u015fitli ihtiya\u00e7lar\u0131n\u0131 kar\u015f\u0131lamakt\u0131r.<\/p>\n<p><img decoding=\"async\" src=\"https:\/\/www.hydraulic-cylinders.net\/wp-content\/uploads\/2025\/01\/songte-company-4.webp\" alt=\"\u015eirket 4\"><br \/>\n<img decoding=\"async\" src=\"https:\/\/www.hydraulic-cylinders.net\/wp-content\/uploads\/2025\/01\/songte-company-3.webp\" alt=\"\u015eirket 3\"><\/p>\n<p><strong>Yazar: lyl.<\/strong><\/p>","protected":false},"excerpt":{"rendered":"<p>Arm Cylinder For Bonny WZYD18-6 Introduction The arm cylinder is a specially designed hydraulic cylinder that provides linear motion and power to the arm of various machinery, such as excavators, cranes, and robotic arms. It plays a crucial role in hydraulic systems, enabling the effective movement and control of additional tools or attachments. These cylinders [&hellip;]<\/p>","protected":false},"featured_media":14772,"comment_status":"open","ping_status":"closed","template":"","meta":{"_et_pb_use_builder":"","_et_pb_old_content":"","_et_gb_content_width":""},"product_brand":[],"product_cat":[1497],"product_tag":[1498,1496],"class_list":{"0":"post-16863","1":"product","2":"type-product","3":"status-publish","4":"has-post-thumbnail","6":"product_cat-arm-cylinders","7":"product_tag-arm-cylinders","8":"product_tag-hydraulic-cylinders","10":"first","11":"instock","12":"shipping-taxable","13":"product-type-simple"},"amp_enabled":true,"_links":{"self":[{"href":"https:\/\/www.hydraulic-cylinders.net\/tr\/wp-json\/wp\/v2\/product\/16863","targetHints":{"allow":["GET"]}}],"collection":[{"href":"https:\/\/www.hydraulic-cylinders.net\/tr\/wp-json\/wp\/v2\/product"}],"about":[{"href":"https:\/\/www.hydraulic-cylinders.net\/tr\/wp-json\/wp\/v2\/types\/product"}],"replies":[{"embeddable":true,"href":"https:\/\/www.hydraulic-cylinders.net\/tr\/wp-json\/wp\/v2\/comments?post=16863"}],"wp:featuredmedia":[{"embeddable":true,"href":"https:\/\/www.hydraulic-cylinders.net\/tr\/wp-json\/wp\/v2\/media\/14772"}],"wp:attachment":[{"href":"https:\/\/www.hydraulic-cylinders.net\/tr\/wp-json\/wp\/v2\/media?parent=16863"}],"wp:term":[{"taxonomy":"product_brand","embeddable":true,"href":"https:\/\/www.hydraulic-cylinders.net\/tr\/wp-json\/wp\/v2\/product_brand?post=16863"},{"taxonomy":"product_cat","embeddable":true,"href":"https:\/\/www.hydraulic-cylinders.net\/tr\/wp-json\/wp\/v2\/product_cat?post=16863"},{"taxonomy":"product_tag","embeddable":true,"href":"https:\/\/www.hydraulic-cylinders.net\/tr\/wp-json\/wp\/v2\/product_tag?post=16863"}],"curies":[{"name":"wp","href":"https:\/\/api.w.org\/{rel}","templated":true}]}}