{"id":16868,"date":"2025-01-21T06:09:15","date_gmt":"2025-01-21T06:09:15","guid":{"rendered":"https:\/\/www.hydraulic-cylinders.net\/product\/arm-cylinder-for-bonny-ctd460-6\/"},"modified":"2025-01-21T06:09:17","modified_gmt":"2025-01-21T06:09:17","slug":"arm-cylinder-for-bonny-ctd460-6","status":"publish","type":"product","link":"https:\/\/www.hydraulic-cylinders.net\/tr\/urun\/arm-cylinder-for-bonny-ctd460-6\/","title":{"rendered":"Bonny CTD460-6 i\u00e7in Kol Silindiri"},"content":{"rendered":"<h1>Bonny CTD460-6 i\u00e7in Kol Silindiri<\/h1>\n<h2>girii\u015f<\/h2>\n<p>Kol silindiri, ekskavat\u00f6rler, vin\u00e7ler ve robot kollar\u0131 gibi \u00e7e\u015fitli makinelerin kollar\u0131na do\u011frusal hareket ve g\u00fc\u00e7 sa\u011flamak i\u00e7in kullan\u0131lan \u00f6zel bir hidrolik silindirdir. Kol silindiri, hidrolik sistemlerde kritik bir rol oynayarak, ba\u011fl\u0131 aletlerin veya aksesuarlar\u0131n etkili hareketini ve kontrol\u00fcn\u00fc sa\u011flar. Bu silindirler sadece d\u00fczg\u00fcn hareket sa\u011flamakla kalmaz, ayn\u0131 zamanda a\u011f\u0131r y\u00fckleri de ta\u015f\u0131yarak, \u00e7e\u015fitli \u00e7al\u0131\u015fma ko\u015fullar\u0131 alt\u0131nda makinelerin verimli \u00e7al\u0131\u015fmas\u0131n\u0131 ve g\u00fcvenilirli\u011fini sa\u011flar.<\/p>\n<p><img decoding=\"async\" src=\"https:\/\/www.hydraulic-cylinders.net\/wp-content\/uploads\/2025\/01\/songte-company-2.webp\"><\/p>\n<h2>\u00d6zellikler<\/h2>\n<ul>\n<li>\n<h3>Verimli g\u00fc\u00e7 iletimi:<\/h3>\n<p> Kol silindiri, g\u00fc\u00e7l\u00fc do\u011frusal hareket ve g\u00fc\u00e7 sa\u011flayarak makinenin y\u00fcksek verimlilikte \u00e7al\u0131\u015fmas\u0131n\u0131 garanti eder.<\/li>\n<li>\n<h3>Hassas kontrol:<\/h3>\n<p> Hidrolik sistem sayesinde kol silindiri hassas hareket kontrol\u00fc sa\u011flayabilir, ba\u011fl\u0131 aletlerin \u00e7al\u0131\u015fmas\u0131n\u0131 daha esnek ve hassas hale getirir.<\/li>\n<li>\n<h3>Y\u00fcksek dayan\u0131kl\u0131l\u0131k:<\/h3>\n<p> Kol silindirleri genellikle y\u00fcksek mukavemetli, a\u015f\u0131nma ve korozyon direnci y\u00fcksek malzemelerden \u00fcretilir ve bu da onlar\u0131 zorlu ortamlarda uzun s\u00fcreli kullan\u0131m i\u00e7in uygun hale getirir.<\/li>\n<li>\n<h3>\u00c7ok i\u015flevli uyarlanabilirlik:<\/h3>\n<p> Bu silindirler, ekskavat\u00f6rler, vin\u00e7ler ve robotik kollar gibi \u00e7e\u015fitli makine t\u00fcrlerinde yayg\u0131n olarak kullan\u0131labilir ve farkl\u0131 \u00e7al\u0131\u015fma gereksinimlerine uyum sa\u011flayabilir.<\/li>\n<li>\n<h3>Kolay bak\u0131m:<\/h3>\n<p> Tasar\u0131mda bak\u0131m ve de\u011fi\u015ftirme kolayl\u0131\u011f\u0131 g\u00f6z \u00f6n\u00fcnde bulundurularak d\u00fczenli muayene ve bak\u0131m daha rahat hale getirilir ve ekipman ar\u0131za s\u00fcreleri azalt\u0131l\u0131r.<\/li>\n<\/ul>\n<p>Biz bu \u00fcr\u00fcn\u00fc \u00fcretebiliyoruz ve \u00fcr\u00fcnlerimiz bu hidrolik silindirlerin yerini m\u00fckemmel \u015fekilde alabiliyor.<\/p>\n<p><img decoding=\"async\" src=\"https:\/\/www.hydraulic-cylinders.net\/wp-content\/uploads\/2025\/01\/songte-oil-pipes-and-spare-parts.webp\"><\/p>\n<h2>Uygulamalar<\/h2>\n<p>Kol silindirleri \u00e7e\u015fitli end\u00fcstrilerde ve uygulamalarda kullan\u0131l\u0131r, bunlar aras\u0131nda \u015funlar yer al\u0131r:<\/p>\n<ul>\n<li>\n<h3>Yap\u0131:<\/h3>\n<p> Kaz\u0131c\u0131 makinelerde ve vin\u00e7lerde, kol silindirleri toprak ta\u015f\u0131ma, malzeme ta\u015f\u0131ma ve yap\u0131 kurulumu i\u00e7in kep\u00e7elerin veya bomlar\u0131n hareketini kontrol etmek amac\u0131yla kullan\u0131l\u0131r.<\/li>\n<li>\n<h3>\u00dcretme:<\/h3>\n<p> Otomatik \u00fcretim hatlar\u0131nda, montaj, kaynak ve ta\u015f\u0131ma i\u015flemlerinde robot kollar\u0131n\u0131n hareketini sa\u011flamak i\u00e7in kol silindirleri kullan\u0131l\u0131r; bu da \u00fcretim verimlili\u011fini ve hassasiyetini art\u0131r\u0131r.<\/li>\n<li>\n<h3>Tar\u0131m makineleri:<\/h3>\n<p> Bi\u00e7erd\u00f6ver ve ekim makinesi gibi tar\u0131m makinelerinde, kol silindirleri, tohum ekme, g\u00fcbreleme ve hasat gibi g\u00f6revleri yerine getiren \u00e7al\u0131\u015fma kollar\u0131n\u0131n hareketini kontrol eder.<\/li>\n<li>\n<h3>Madencilik:<\/h3>\n<p> Madencilik ekipmanlar\u0131nda, kol silindirleri, cevher \u00e7\u0131karma ve ta\u015f\u0131ma i\u015flemlerinde madencilik ekipman\u0131n\u0131n kol hareketini kontrol etmek i\u00e7in kullan\u0131l\u0131r.<\/li>\n<li>\n<h3>Lojistik ve ta\u015f\u0131mac\u0131l\u0131k:<\/h3>\n<p> Forkliftlerde ve ta\u015f\u0131ma robotlar\u0131nda, malzeme ta\u015f\u0131ma ve istifleme i\u015flemlerini ger\u00e7ekle\u015ftirmek i\u00e7in \u00e7atallar\u0131n kald\u0131r\u0131lmas\u0131n\u0131 ve hareketini kontrol etmek amac\u0131yla kol silindirleri kullan\u0131l\u0131r.<\/li>\n<\/ul>\n<h2>Tasar\u0131m Hususlar\u0131 ve Se\u00e7im Kriterleri<\/h2>\n<p>Kol silindirinin tasar\u0131m\u0131nda y\u00fck ta\u015f\u0131ma kapasitesi, s\u0131zd\u0131rmazl\u0131k, dayan\u0131kl\u0131l\u0131k, g\u00fcvenlik ve bak\u0131m kolayl\u0131\u011f\u0131 gibi temel fakt\u00f6rler dikkate al\u0131n\u0131r. <\/p>\n<ul>\n<li>\n<h3>Y\u00fck ta\u015f\u0131ma kapasitesi:<\/h3>\n<p> Kol silindirinin, \u00e7al\u0131\u015fma s\u0131ras\u0131nda \u00fczerine binen y\u00fckleri kald\u0131rabilecek kapasitede olmas\u0131 ve b\u00f6ylece sorunsuz ve verimli bir \u015fekilde \u00e7al\u0131\u015fmas\u0131n\u0131 sa\u011flamas\u0131 gerekir.<\/li>\n<li>\n<h3>S\u0131zd\u0131rmazl\u0131k:<\/h3>\n<p> Hidrolik s\u0131v\u0131n\u0131n s\u0131zmas\u0131n\u0131 ve d\u0131\u015far\u0131dan gelen par\u00e7ac\u0131klardan kaynaklanan kirlenmeyi \u00f6nlemek i\u00e7in silindir etkili bir \u015fekilde kapat\u0131lmal\u0131d\u0131r.<\/li>\n<li>\n<h3>Dayan\u0131kl\u0131l\u0131k:<\/h3>\n<p> Kol silindiri, zorlu \u00e7al\u0131\u015fma ortam\u0131na dayanabilecek y\u00fcksek kaliteli malzemelerden \u00fcretilmelidir.<\/li>\n<li>\n<h3>Emniyet:<\/h3>\n<p> Kol silindiri, personele ve makinelere y\u00f6nelik kazalar\u0131 ve yaralanmalar\u0131 \u00f6nleyecek \u015fekilde tasarlanmal\u0131d\u0131r.<\/li>\n<li>\n<h3>Bak\u0131m kolayl\u0131\u011f\u0131:<\/h3>\n<p> Tasar\u0131m, bak\u0131m ve de\u011fi\u015ftirme kolayl\u0131\u011f\u0131n\u0131, ar\u0131za s\u00fcrelerini azaltmay\u0131 ve verimlili\u011fi en \u00fcst d\u00fczeye \u00e7\u0131karmay\u0131 g\u00f6z \u00f6n\u00fcnde bulundurmal\u0131d\u0131r.<\/li>\n<\/ul>\n<p><img decoding=\"async\" src=\"https:\/\/www.hydraulic-cylinders.net\/wp-content\/uploads\/2025\/01\/songte-cylinder-head-with-all-kinds-excavator-models.webp\"><\/p>\n<h2>S\u0131zd\u0131rmazl\u0131k ve Ya\u011flama<\/h2>\n<p>Piston contalar\u0131 ve mil contalar\u0131 gibi \u00e7e\u015fitli s\u0131zd\u0131rmazl\u0131k bile\u015fenleri, poli\u00fcretan ve nitril kau\u00e7uk gibi a\u015f\u0131nmaya dayan\u0131kl\u0131 malzemelerden yap\u0131lm\u0131\u015f kollu silindirlerde kullan\u0131l\u0131r. Silindir g\u00f6vdesi ve di\u015fli u\u00e7 y\u00fczeyleri, a\u015f\u0131nma direncini art\u0131rmak i\u00e7in ince bir \u015fekilde i\u015flenmi\u015ftir. D\u00fczenli bak\u0131m, ya\u011flama i\u00e7in uygun miktarda hidrolik ya\u011f eklemeyi i\u00e7erir.<\/p>\n<h2>\u00d6nleyici Bak\u0131m ve Sorun Giderme<\/h2>\n<p>Kol silindirinin sorunsuz \u00e7al\u0131\u015fmas\u0131n\u0131 sa\u011flamak i\u00e7in d\u00fczenli kontrol ve \u00f6nleyici bak\u0131m \u015fartt\u0131r. Hidrolik s\u0131v\u0131 s\u0131z\u0131nt\u0131s\u0131, silindir kaymas\u0131 ve verimlilik d\u00fc\u015f\u00fc\u015f\u00fc gibi yayg\u0131n sorunlar, uygun sorun giderme y\u00f6ntemleri kullan\u0131larak te\u015fhis edilebilir ve \u00e7\u00f6z\u00fclebilir. Potansiyel sorunlar\u0131 \u00f6nlemek i\u00e7in al\u0131nacak \u00f6nlemler aras\u0131nda silindirin temiz tutulmas\u0131, do\u011fru montaj ve ba\u011flant\u0131n\u0131n sa\u011flanmas\u0131 ve \u00f6nerilen bak\u0131m programlar\u0131na uyulmas\u0131 yer almaktad\u0131r.<\/p>\n<p><img decoding=\"async\" src=\"https:\/\/www.hydraulic-cylinders.net\/wp-content\/uploads\/2025\/01\/songte-chushion-collar.webp\"><\/p>\n<h2>Kurulum K\u0131lavuzu<\/h2>\n<p>Kol silindirinin do\u011fru montaj\u0131 i\u00e7in \u00fcreticinin talimatlar\u0131n\u0131 izleyin ve ilgili g\u00fcvenlik \u00f6nlemlerine uyun. Ekipman uyumlulu\u011funu kontrol edin ve t\u00fcm ba\u011flant\u0131 noktalar\u0131n\u0131n sa\u011flam ve iyi durumda oldu\u011fundan emin olun. Silindirin d\u00fczg\u00fcn \u00e7al\u0131\u015fmas\u0131n\u0131 sa\u011flamak i\u00e7in \u00e7al\u0131\u015ft\u0131rmadan \u00f6nce fonksiyonel bir test ger\u00e7ekle\u015ftirin.<\/p>\n<h2>Hakk\u0131m\u0131zda<\/h2>\n<p>Geni\u015f \u00fcr\u00fcn yelpazesiyle profesyonel bir yedek hidrolik silindir \u00fcreticisiyiz ve hem yurt i\u00e7i hem de uluslararas\u0131 pazarlarda \u00f6nde gelen hidrolik silindir \u00fcreticilerinden ve toptanc\u0131lar\u0131ndan biriyiz. M\u00fckemmellik ilkesini her zaman benimseyerek, ince i\u015f\u00e7ilikle \u00fcretilmi\u015f at\u00f6lyelerimizde end\u00fcstriyel \u00fcretim y\u00f6netim stratejilerine dayanarak teknik seviyemizi ve \u00fcretim verimlili\u011fimizi s\u00fcrekli olarak geli\u015ftiriyoruz. Y\u00fcksek teknoloji \u00fcr\u00fcn\u00fc dijital \u00fcretim ekipmanlar\u0131 ve profesyonel test sistemleri kullanarak \u00fcretim platformunu optimize ediyor ve \u00fcr\u00fcn kalite kontrol s\u00fcrecini iyile\u015ftirerek g\u00fc\u00e7l\u00fc inovasyon yeteneklerine sahibiz. Amac\u0131m\u0131z, verimlilik, do\u011fruluk ve y\u00fcksek kalite ile m\u00fc\u015fterilerin \u00e7e\u015fitlendirilmi\u015f ihtiya\u00e7lar\u0131n\u0131 kar\u015f\u0131lamakt\u0131r.<\/p>\n<ul>\n<li>\n<h3>Profesyonellik:<\/h3>\n<p> Hidrolik silindir tasar\u0131m\u0131, \u00fcretimi ve kalite kontrol\u00fc konusunda uzmanla\u015fm\u0131\u015f, deneyimli ve profesyonel m\u00fchendis ve teknisyenlerden olu\u015fan bir ekibimiz var.<\/li>\n<li>\n<h3>Uluslararas\u0131 sertifikasyon:<\/h3>\n<p> \u00dcr\u00fcnlerimiz ISO9001:2015, CE ve SGS gibi \u00e7e\u015fitli ulusal ve uluslararas\u0131 kalite sertifikalar\u0131ndan ge\u00e7mi\u015ftir.<\/li>\n<li>\n<h3>Ki\u015fiselle\u015ftirme hizmetleri:<\/h3>\n<p> M\u00fc\u015fterilerimizin \u00f6zel ihtiya\u00e7lar\u0131n\u0131 kar\u015f\u0131lamak \u00fczere \u00f6zelle\u015ftirilmi\u015f hizmetler sunuyoruz.<\/li>\n<li>\n<h3>\u00dcretim ekipmanlar\u0131:<\/h3>\n<p> \u00dcr\u00fcnlerimizde y\u00fcksek hassasiyet ve tutarl\u0131l\u0131k sa\u011flamak i\u00e7in CNC torna tezgahlar\u0131 ve i\u015fleme merkezleri gibi geli\u015fmi\u015f ve \u00fcst d\u00fczey dijital \u00fcretim ekipmanlar\u0131 kullan\u0131yoruz.<\/li>\n<li>\n<h3>Sat\u0131\u015f sonras\u0131 servis:<\/h3>\n<p> Teknik destek, \u00fcr\u00fcn bak\u0131m\u0131 ve garanti gibi kapsaml\u0131 ve profesyonel sat\u0131\u015f sonras\u0131 hizmetler sunuyoruz.<\/li>\n<\/ul>\n<p><img decoding=\"async\" src=\"https:\/\/www.hydraulic-cylinders.net\/wp-content\/uploads\/2025\/01\/songte-company-4.webp\"><\/p>\n<p><img decoding=\"async\" src=\"https:\/\/www.hydraulic-cylinders.net\/wp-content\/uploads\/2025\/01\/songte-company-3.webp\"><\/p>\n<footer>Yazar: lyl.<\/footer>","protected":false},"excerpt":{"rendered":"<p>Arm Cylinder For Bonny CTD460-6 Introduction An arm cylinder is a specialized hydraulic cylinder that is primarily used to provide linear motion and power to the arms of various types of machinery such as excavators, cranes, and robotic arms. The arm cylinder plays a critical role in hydraulic systems, allowing for effective movement and control [&hellip;]<\/p>","protected":false},"featured_media":14786,"comment_status":"open","ping_status":"closed","template":"","meta":{"_et_pb_use_builder":"","_et_pb_old_content":"","_et_gb_content_width":""},"product_brand":[],"product_cat":[1497],"product_tag":[1498,1496],"class_list":{"0":"post-16868","1":"product","2":"type-product","3":"status-publish","4":"has-post-thumbnail","6":"product_cat-arm-cylinders","7":"product_tag-arm-cylinders","8":"product_tag-hydraulic-cylinders","10":"first","11":"instock","12":"shipping-taxable","13":"product-type-simple"},"amp_enabled":true,"_links":{"self":[{"href":"https:\/\/www.hydraulic-cylinders.net\/tr\/wp-json\/wp\/v2\/product\/16868","targetHints":{"allow":["GET"]}}],"collection":[{"href":"https:\/\/www.hydraulic-cylinders.net\/tr\/wp-json\/wp\/v2\/product"}],"about":[{"href":"https:\/\/www.hydraulic-cylinders.net\/tr\/wp-json\/wp\/v2\/types\/product"}],"replies":[{"embeddable":true,"href":"https:\/\/www.hydraulic-cylinders.net\/tr\/wp-json\/wp\/v2\/comments?post=16868"}],"wp:featuredmedia":[{"embeddable":true,"href":"https:\/\/www.hydraulic-cylinders.net\/tr\/wp-json\/wp\/v2\/media\/14786"}],"wp:attachment":[{"href":"https:\/\/www.hydraulic-cylinders.net\/tr\/wp-json\/wp\/v2\/media?parent=16868"}],"wp:term":[{"taxonomy":"product_brand","embeddable":true,"href":"https:\/\/www.hydraulic-cylinders.net\/tr\/wp-json\/wp\/v2\/product_brand?post=16868"},{"taxonomy":"product_cat","embeddable":true,"href":"https:\/\/www.hydraulic-cylinders.net\/tr\/wp-json\/wp\/v2\/product_cat?post=16868"},{"taxonomy":"product_tag","embeddable":true,"href":"https:\/\/www.hydraulic-cylinders.net\/tr\/wp-json\/wp\/v2\/product_tag?post=16868"}],"curies":[{"name":"wp","href":"https:\/\/api.w.org\/{rel}","templated":true}]}}