{"id":16879,"date":"2025-01-21T06:10:04","date_gmt":"2025-01-21T06:10:04","guid":{"rendered":"https:\/\/www.hydraulic-cylinders.net\/product\/arm-cylinder-for-bada-wysbd500c-s\/"},"modified":"2025-01-21T06:10:06","modified_gmt":"2025-01-21T06:10:06","slug":"arm-cylinder-for-bada-wysbd500c-s","status":"publish","type":"product","link":"https:\/\/www.hydraulic-cylinders.net\/tr\/urun\/arm-cylinder-for-bada-wysbd500c-s\/","title":{"rendered":"Bada WYSBD500C-S i\u00e7in Kol Silindiri"},"content":{"rendered":"<p><!DOCTYPE html><br \/>\n<html><br \/>\n<head><br \/>\n<title>Bada WYSBD500C-S i\u00e7in Kol Silindiri<\/title><br \/>\n<\/head><br \/>\n<body><\/p>\n<h1>Bada WYSBD500C-S i\u00e7in Kol Silindiri<\/h1>\n<h2>girii\u015f<\/h2>\n<p>Bada WYSBD500C-S i\u00e7in tasarlanm\u0131\u015f kol silindiri, ekskavat\u00f6rler, vin\u00e7ler ve robot kollar\u0131 gibi \u00e7e\u015fitli makinelerin kollar\u0131na do\u011frusal hareket ve g\u00fc\u00e7 sa\u011flamak \u00fczere \u00f6zel olarak \u00fcretilmi\u015f bir hidrolik silindirdir. Kol silindirleri, hidrolik sistemlerde ek aletlerin veya ata\u015fmanlar\u0131n verimli hareketini ve kontrol\u00fcn\u00fc sa\u011flayarak \u00e7ok \u00f6nemli bir rol oynar. Bu silindirler sadece d\u00fczg\u00fcn hareket sa\u011flamakla kalmaz, ayn\u0131 zamanda a\u011f\u0131r y\u00fckleri de kald\u0131rarak \u00e7e\u015fitli \u00e7al\u0131\u015fma ko\u015fullar\u0131 alt\u0131nda makinelerin y\u00fcksek operasyonel verimlili\u011fini ve g\u00fcvenilirli\u011fini garanti eder.<\/p>\n<p><img decoding=\"async\" src=\"https:\/\/www.hydraulic-cylinders.net\/wp-content\/uploads\/2025\/01\/songte-company-2.webp\" alt=\"Kol Silindiri\"><\/p>\n<h2>\u00d6zellikler<\/h2>\n<ul>\n<li><strong>Y\u00fcksek Verimli \u015eanz\u0131man:<\/strong> Kol silindiri g\u00fc\u00e7l\u00fc do\u011frusal hareket ve kuvvet sa\u011flayarak robot kolunun \u00e7e\u015fitli operasyonlarda y\u00fcksek performans g\u00f6stermesini sa\u011flar.<\/li>\n<li><strong>Hassas Kontrol:<\/strong> Hidrolik sistem sayesinde kol silindiri hassas hareket kontrol\u00fc sa\u011flayarak, ba\u011fl\u0131 tak\u0131mlar\u0131n \u00e7al\u0131\u015fmas\u0131n\u0131 daha esnek ve hassas hale getirir.<\/li>\n<li><strong>Dayan\u0131kl\u0131l\u0131k:<\/strong> Kol silindiri genellikle y\u00fcksek mukavemetli malzemelerden yap\u0131l\u0131r, m\u00fckemmel a\u015f\u0131nma direnci ve korozyon direnci sunar, zorlu ortamlarda uzun s\u00fcreli kullan\u0131ma uygundur.<\/li>\n<li><strong>\u00c7ok Fonksiyonlu Uyarlanabilirlik:<\/strong> Bu silindirler, ekskavat\u00f6rler, vin\u00e7ler ve robotik kollar gibi \u00e7e\u015fitli makinelerde yayg\u0131n olarak kullan\u0131labilir ve farkl\u0131 \u00e7al\u0131\u015fma gereksinimlerine uyum sa\u011flayabilir.<\/li>\n<li><strong>Kolay Bak\u0131m:<\/strong> Tasar\u0131m, bak\u0131m ve de\u011fi\u015ftirme kolayl\u0131\u011f\u0131n\u0131 g\u00f6z \u00f6n\u00fcnde bulundurarak d\u00fczenli denetim ve bak\u0131m\u0131 daha kolay hale getiriyor ve ekipman ar\u0131za s\u00fcresini azalt\u0131yor.<\/li>\n<\/ul>\n<p><img decoding=\"async\" src=\"https:\/\/www.hydraulic-cylinders.net\/wp-content\/uploads\/2025\/01\/songte-oil-pipes-and-spare-parts.webp\" alt=\"Yedek par\u00e7a\"><\/p>\n<h2>Uygulamalar<\/h2>\n<h3>1. \u0130n\u015faat M\u00fchendisli\u011fi<\/h3>\n<p>Ekskavat\u00f6rlerde ve vin\u00e7lerde kol silindiri, toprak i\u015fleri, malzeme ta\u015f\u0131ma ve yap\u0131sal montajlarda kova veya bomun hareketini kontrol etmek i\u00e7in kullan\u0131l\u0131r.<\/p>\n<h3>2. \u00dcretim Sanayi<\/h3>\n<p>Otomatik \u00fcretim hatlar\u0131nda, robot kollar\u0131n\u0131n hareketini sa\u011flamak i\u00e7in kol silindiri kullan\u0131l\u0131r; bu sayede montaj, kaynak ve malzeme ta\u015f\u0131ma i\u015flemleri ger\u00e7ekle\u015ftirilerek \u00fcretim verimlili\u011fi ve hassasiyeti art\u0131r\u0131l\u0131r.<\/p>\n<h3>3. Tar\u0131m Makinalar\u0131<\/h3>\n<p>Bi\u00e7erd\u00f6ver ve ekim makinesi gibi tar\u0131m makinelerinde kol silindiri, ekim, g\u00fcbreleme ve hasat gibi g\u00f6revleri ger\u00e7ekle\u015ftiren \u00e7al\u0131\u015fma kolunun hareketini kontrol eder.<\/p>\n<h3>4. Madencilik<\/h3>\n<p>Madencilik ekipmanlar\u0131nda kol silindiri, cevher \u00e7\u0131karma ve ta\u015f\u0131ma i\u00e7in madencilik makinelerinin kol hareketini kontrol etmek i\u00e7in kullan\u0131l\u0131r.<\/p>\n<h3>5. Lojistik ve Ta\u015f\u0131mac\u0131l\u0131k<\/h3>\n<p>Forkliftlerde ve ta\u015f\u0131ma robotlar\u0131nda kol silindiri, \u00e7atallar\u0131n kald\u0131r\u0131lmas\u0131n\u0131 ve hareketini kontrol etmek, malzeme ta\u015f\u0131ma ve istiflemeyi kolayla\u015ft\u0131rmak i\u00e7in kullan\u0131l\u0131r.<\/p>\n<p><img decoding=\"async\" src=\"https:\/\/www.hydraulic-cylinders.net\/wp-content\/uploads\/2025\/01\/songte-cylinder-head-with-all-kinds-excavator-models.webp\" alt=\"Silindir Kapa\u011f\u0131\"><\/p>\n<h2>Tasar\u0131m Hususlar\u0131 ve Se\u00e7im Kriterleri<\/h2>\n<ul>\n<li><strong>Y\u00fck Ta\u015f\u0131ma Kapasitesi:<\/strong> Kol silindirinin y\u00fckleri ta\u015f\u0131yabilme kabiliyeti \u00f6nemli bir tasar\u0131m hususudur.<\/li>\n<li><strong>S\u0131zd\u0131rmazl\u0131k:<\/strong> Kol silindirinde piston contalar\u0131 ve mil contalar\u0131 gibi \u00e7e\u015fitli contalar kullan\u0131l\u0131r ve a\u015f\u0131nmaya dayan\u0131kl\u0131l\u0131klar\u0131 nedeniyle poli\u00fcretan ve nitril kau\u00e7uk gibi malzemeler se\u00e7ilir.<\/li>\n<li><strong>Dayan\u0131kl\u0131l\u0131k:<\/strong> Silindir g\u00f6vdesi ve di\u015fli u\u00e7 y\u00fczeyleri a\u015f\u0131nma direncini art\u0131rmak i\u00e7in hassas bir i\u015flemden ge\u00e7irilir.<\/li>\n<li><strong>Emniyet:<\/strong> Kol silindirinin g\u00fcvenli \u00e7al\u0131\u015fmas\u0131n\u0131 sa\u011flamak i\u00e7in tasar\u0131m ve \u00fcretim s\u00fcre\u00e7lerinde g\u00fcvenlik \u00f6nlemleri dikkate al\u0131nmaktad\u0131r.<\/li>\n<li><strong>Bak\u0131m kolayl\u0131\u011f\u0131:<\/strong> Kol silindirinin optimum durumda kalmas\u0131 i\u00e7in uygun hidrolik ya\u011f ile d\u00fczenli ya\u011flama ve periyodik kontrol ve bak\u0131m gereklidir.<\/li>\n<\/ul>\n<p><img decoding=\"async\" src=\"https:\/\/www.hydraulic-cylinders.net\/wp-content\/uploads\/2025\/01\/songte-chushion-collar.webp\" alt=\"Chushion Yaka\"><\/p>\n<h2>D\u00fczenli Muayene ve \u00d6nleyici Bak\u0131m<\/h2>\n<ul>\n<li>Kol silindirini d\u00fczenli olarak a\u015f\u0131nma, s\u0131z\u0131nt\u0131 veya hasar belirtileri a\u00e7\u0131s\u0131ndan inceleyin.<\/li>\n<li>Hidrolik ya\u011f seviyesini ve kalitesini kontrol edin ve koruyun.<\/li>\n<li>T\u00fcm ba\u011flant\u0131lar\u0131n s\u0131k\u0131 ve g\u00fcvenli oldu\u011fundan emin olun.<\/li>\n<li>Kol silindirini d\u00fczenli olarak temizleyerek biriken kal\u0131nt\u0131lar\u0131 ve kirleri giderin.<\/li>\n<li>Planl\u0131 bak\u0131m i\u015flemleri i\u00e7in \u00fcreticinin y\u00f6nergelerini izleyin.<\/li>\n<\/ul>\n<h2>\u00dcr\u00fcn Kurulum K\u0131lavuzu<\/h2>\n<p>A\u015fa\u011f\u0131daki ad\u0131mlar, Bada WYSBD500C-S i\u00e7in Kol Silindirinin kurulum s\u00fcrecini \u00f6zetlemektedir:<\/p>\n<ol>\n<li>Kurulum alan\u0131n\u0131 haz\u0131rlay\u0131n ve temiz, engellerden ar\u0131nd\u0131r\u0131lm\u0131\u015f oldu\u011fundan emin olun.<\/li>\n<li>Kol silindirini, montaj noktalar\u0131yla hizalayarak istenilen konuma yerle\u015ftirin.<\/li>\n<li>Uygun c\u0131vata ve ba\u011flant\u0131 elemanlar\u0131n\u0131 kullanarak kol silindirini g\u00fcvenli bir \u015fekilde sabitleyin.<\/li>\n<li>Hidrolik hatlar\u0131 \u00fcreticinin talimatlar\u0131na g\u00f6re ba\u011flay\u0131n.<\/li>\n<li>Herhangi bir s\u0131z\u0131nt\u0131 olup olmad\u0131\u011f\u0131n\u0131 kontrol edin ve t\u00fcm ba\u011flant\u0131lar\u0131n s\u0131k\u0131 oldu\u011fundan emin olun.<\/li>\n<\/ol>\n<p><img decoding=\"async\" src=\"https:\/\/www.hydraulic-cylinders.net\/wp-content\/uploads\/2025\/01\/songte-bushings-with-all-kinds-of-excavator-models.webp\" alt=\"Bur\u00e7lar\"><\/p>\n<h2>G\u00fcvenlik Hususlar\u0131 ve \u00c7evresel Fakt\u00f6rler<\/h2>\n<p>Bada WYSBD500C-S i\u00e7in Kol Silindiri kullan\u0131l\u0131rken, kazalar\u0131 \u00f6nlemek ve personelin sa\u011fl\u0131\u011f\u0131n\u0131 g\u00fcvence alt\u0131na almak i\u00e7in g\u00fcvenlik \u00f6nlemlerine \u00f6ncelik vermek \u00e7ok \u00f6nemlidir. Uygun e\u011fitim, g\u00fcvenlik y\u00f6nergelerine uyulmas\u0131 ve uygun ki\u015fisel koruyucu ekipman kullan\u0131m\u0131 \u015fartt\u0131r. Ayr\u0131ca, s\u0131v\u0131 s\u0131z\u0131nt\u0131s\u0131n\u0131n \u00f6nlenmesi ve hidrolik s\u0131v\u0131lar\u0131n sorumlu bir \u015fekilde bertaraf edilmesi gibi \u00e7evresel fakt\u00f6rlerin dikkate al\u0131nmas\u0131, \u00e7evresel etkiyi en aza indirmeye yard\u0131mc\u0131 olur.<\/p>\n<h2>Sorun Giderme ve Yayg\u0131n Sorunlar<\/h2>\n<p>Bada WYSBD500C-S kol silindiriyle ilgili sorunlarla kar\u015f\u0131la\u015ft\u0131\u011f\u0131n\u0131zda, a\u015fa\u011f\u0131daki sorun giderme ipu\u00e7lar\u0131 ve \u00e7\u00f6z\u00fcmleri, sorunlar\u0131 te\u015fhis etmenize ve gidermenize yard\u0131mc\u0131 olabilir:<\/p>\n<ul>\n<li><strong>Sorun:<\/strong> Silindirden s\u0131z\u0131nt\u0131.<\/li>\n<p><strong>\u00c7\u00f6z\u00fcm:<\/strong> Hasarl\u0131 contalar\u0131 veya ke\u00e7eleri kontrol edin ve gerekirse de\u011fi\u015ftirin. Uygun ya\u011flama ve hidrolik s\u0131v\u0131 seviyelerini sa\u011flay\u0131n.<\/p>\n<li><strong>Sorun:<\/strong> \u00c7al\u0131\u015fma s\u0131ras\u0131nda anormal g\u00fcr\u00fclt\u00fc.<\/li>\n<p><strong>\u00c7\u00f6z\u00fcm:<\/strong> Gev\u015fek par\u00e7alar\u0131 veya mekanik parazitleri kontrol edin. Hareketli par\u00e7alar\u0131 ya\u011flay\u0131n ve ba\u011flant\u0131lar\u0131 s\u0131k\u0131n.<\/p>\n<li><strong>Sorun:<\/strong> Silindir performans\u0131n\u0131n d\u00fc\u015f\u00fck olmas\u0131 veya g\u00fc\u00e7s\u00fczl\u00fck.<\/li>\n<p><strong>\u00c7\u00f6z\u00fcm:<\/strong> Hidrolik sistemin do\u011fru \u00e7al\u0131\u015ft\u0131\u011f\u0131n\u0131 do\u011frulay\u0131n. T\u0131kal\u0131 filtreleri veya yetersiz hidrolik s\u0131v\u0131s\u0131n\u0131 kontrol edin.<\/p>\n<\/ul>\n<p><img decoding=\"async\" src=\"https:\/\/www.hydraulic-cylinders.net\/wp-content\/uploads\/2025\/01\/songte-chushion-collar.webp\" alt=\"Chushion Yaka\"><\/p>\n<h2>Hakk\u0131m\u0131zda<\/h2>\n<p>Profesyonel bir hidrolik silindir yedek par\u00e7a \u00fcreticisiyiz ve geni\u015f bir \u00fcr\u00fcn yelpazesi sunuyoruz. Hem yurt i\u00e7i hem de yurt d\u0131\u015f\u0131 pazarlarda \u00f6nde gelen hidrolik silindir \u00fcreticilerinden ve toptanc\u0131lar\u0131ndan biri haline geldik. Kalitede m\u00fckemmellik ilkesine ba\u011fl\u0131 kalarak, geli\u015fmi\u015f \u00fcretim at\u00f6lyeleri ve end\u00fcstriyel \u00fcretim y\u00f6netim stratejileri arac\u0131l\u0131\u011f\u0131yla teknolojik yeteneklerimizi ve \u00fcretim verimlili\u011fimizi s\u00fcrekli olarak geli\u015ftiriyoruz. Y\u00fcksek teknoloji \u00fcr\u00fcn\u00fc dijital \u00fcretim ekipmanlar\u0131 ve profesyonel test sistemleri kullanarak \u00fcretim platformumuzu optimize ediyor, \u00fcr\u00fcn kalite kontrol s\u00fcre\u00e7lerimizi iyile\u015ftiriyor ve g\u00fc\u00e7l\u00fc inovasyon yeteneklerine sahibiz. Amac\u0131m\u0131z, verimlilik, hassasiyet ve y\u00fcksek kalite ilkeleriyle \u00e7e\u015fitli m\u00fc\u015fteri ihtiya\u00e7lar\u0131n\u0131 kar\u015f\u0131lamakt\u0131r.<\/p>\n<p><img decoding=\"async\" src=\"https:\/\/www.hydraulic-cylinders.net\/wp-content\/uploads\/2025\/01\/songte-company-4.webp\" alt=\"\u015eirket\" width=\"500\"><br \/>\n<img decoding=\"async\" src=\"https:\/\/www.hydraulic-cylinders.net\/wp-content\/uploads\/2025\/01\/songte-company-3.webp\" alt=\"\u015eirket\" width=\"500\"><\/p>\n<p>Bir \u015firket olarak gurur duydu\u011fumuz \u015fey \u015fudur:<\/p>\n<ul>\n<li>Hidrolik silindir imalat\u0131 alan\u0131nda profesyonellik ve uzmanl\u0131k.<\/li>\n<li>\u00dcr\u00fcnlerimizin kalitesini ve g\u00fcvenilirli\u011fini garanti eden uluslararas\u0131 sertifikalar.<\/li>\n<li>M\u00fc\u015fterinin \u00f6zel gereksinimlerini kar\u015f\u0131lamak i\u00e7in \u00f6zelle\u015ftirme hizmetleri.<\/li>\n<li>Son teknoloji \u00fcretim ekipmanlar\u0131 ve tesisleri.<\/li>\n<li>Kapsaml\u0131 sat\u0131\u015f sonras\u0131 servis ve destek<br \/>","protected":false},"excerpt":{"rendered":"<p>Arm Cylinder For Bada WYSBD500C-S Arm Cylinder For Bada WYSBD500C-S Introduction The Arm Cylinder for Bada WYSBD500C-S is a specialized hydraulic cylinder designed to provide linear motion and power to the arms of various types of machinery, such as excavators, cranes, and robotic arms. The arm cylinders play a crucial role in hydraulic systems, enabling [&hellip;]<\/p>","protected":false},"featured_media":14783,"comment_status":"open","ping_status":"closed","template":"","meta":{"_et_pb_use_builder":"","_et_pb_old_content":"","_et_gb_content_width":""},"product_brand":[],"product_cat":[1497],"product_tag":[1498,1496],"class_list":{"0":"post-16879","1":"product","2":"type-product","3":"status-publish","4":"has-post-thumbnail","6":"product_cat-arm-cylinders","7":"product_tag-arm-cylinders","8":"product_tag-hydraulic-cylinders","10":"first","11":"instock","12":"shipping-taxable","13":"product-type-simple"},"amp_enabled":true,"_links":{"self":[{"href":"https:\/\/www.hydraulic-cylinders.net\/tr\/wp-json\/wp\/v2\/product\/16879","targetHints":{"allow":["GET"]}}],"collection":[{"href":"https:\/\/www.hydraulic-cylinders.net\/tr\/wp-json\/wp\/v2\/product"}],"about":[{"href":"https:\/\/www.hydraulic-cylinders.net\/tr\/wp-json\/wp\/v2\/types\/product"}],"replies":[{"embeddable":true,"href":"https:\/\/www.hydraulic-cylinders.net\/tr\/wp-json\/wp\/v2\/comments?post=16879"}],"wp:featuredmedia":[{"embeddable":true,"href":"https:\/\/www.hydraulic-cylinders.net\/tr\/wp-json\/wp\/v2\/media\/14783"}],"wp:attachment":[{"href":"https:\/\/www.hydraulic-cylinders.net\/tr\/wp-json\/wp\/v2\/media?parent=16879"}],"wp:term":[{"taxonomy":"product_brand","embeddable":true,"href":"https:\/\/www.hydraulic-cylinders.net\/tr\/wp-json\/wp\/v2\/product_brand?post=16879"},{"taxonomy":"product_cat","embeddable":true,"href":"https:\/\/www.hydraulic-cylinders.net\/tr\/wp-json\/wp\/v2\/product_cat?post=16879"},{"taxonomy":"product_tag","embeddable":true,"href":"https:\/\/www.hydraulic-cylinders.net\/tr\/wp-json\/wp\/v2\/product_tag?post=16879"}],"curies":[{"name":"wp","href":"https:\/\/api.w.org\/{rel}","templated":true}]}}