{"id":16883,"date":"2025-01-21T06:10:20","date_gmt":"2025-01-21T06:10:20","guid":{"rendered":"https:\/\/www.hydraulic-cylinders.net\/product\/arm-cylinder-for-baoding-wy150\/"},"modified":"2025-01-21T06:10:22","modified_gmt":"2025-01-21T06:10:22","slug":"arm-cylinder-for-baoding-wy150","status":"publish","type":"product","link":"https:\/\/www.hydraulic-cylinders.net\/tr\/urun\/arm-cylinder-for-baoding-wy150\/","title":{"rendered":"Baoding WY150 i\u00e7in Kol Silindiri"},"content":{"rendered":"<h2>girii\u015f<\/h2>\n<h3>Baoding WY150 i\u00e7in Kol Silindiri<\/h3>\n<p>Kol silindiri, ekskavat\u00f6rler, vin\u00e7ler ve mekanik kollar gibi \u00e7e\u015fitli makine kollar\u0131n\u0131n do\u011frusal hareketini ve g\u00fcc\u00fcn\u00fc sa\u011flamak \u00fczere \u00f6zel olarak tasarlanm\u0131\u015f bir hidrolik silindirdir. Kol silindiri, hidrolik sistemlerde hayati bir rol oynayarak ek aletlerin veya ata\u015fmanlar\u0131n etkili bir \u015fekilde hareket etmesini ve kontrol edilmesini sa\u011flar. Bu silindirler sadece d\u00fczg\u00fcn hareket sa\u011flamakla kalmaz, ayn\u0131 zamanda a\u011f\u0131r y\u00fckleri de ta\u015f\u0131yarak \u00e7e\u015fitli \u00e7al\u0131\u015fma ko\u015fullar\u0131 alt\u0131nda makinelerin verimli \u00e7al\u0131\u015fmas\u0131n\u0131 ve g\u00fcvenilirli\u011fini sa\u011flar.<\/p>\n<p><img decoding=\"async\" src=\"https:\/\/www.hydraulic-cylinders.net\/wp-content\/uploads\/2025\/01\/songte-company-2.webp\" alt=\"Baoding WY150 i\u00e7in Kol Silindiri\"><\/p>\n<h2>\u00d6zellikler<\/h2>\n<h3>Y\u00fcksek Verimli \u015eanz\u0131man<\/h3>\n<p>Kol silindiri, g\u00fc\u00e7l\u00fc do\u011frusal hareket ve kuvvet sa\u011flayarak mekanik kolun \u00e7e\u015fitli i\u015flemlerde y\u00fcksek verimlilikte performans g\u00f6stermesini garanti eder.<\/p>\n<h3>Hassas Kontrol<\/h3>\n<p>Hidrolik sistemler sayesinde, kol silindiri hassas hareket kontrol\u00fc sa\u011flayarak ek aletlerin kullan\u0131m\u0131n\u0131 daha esnek ve do\u011fru hale getirir.<\/p>\n<h3>G\u00fc\u00e7l\u00fc Dayan\u0131kl\u0131l\u0131k<\/h3>\n<p>Kol silindiri genellikle y\u00fcksek mukavemetli malzemelerden yap\u0131l\u0131r; bu malzemeler iyi a\u015f\u0131nma ve korozyon direncine sahiptir ve zorlu ortamlarda uzun s\u00fcreli kullan\u0131m i\u00e7in uygundur.<\/p>\n<h3>\u00c7ok \u0130\u015flevli Uyarlanabilirlik<\/h3>\n<p>Bu silindirler, ekskavat\u00f6rler, vin\u00e7ler ve i\u015f kollar\u0131 gibi \u00e7e\u015fitli mekanik ekipmanlarda yayg\u0131n olarak kullan\u0131labilir ve farkl\u0131 \u00e7al\u0131\u015fma gereksinimlerine uyum sa\u011flayabilir.<\/p>\n<h3>Kolay Bak\u0131m<\/h3>\n<p>Tasar\u0131m\u0131n bak\u0131m\u0131 ve de\u011fi\u015ftirilmesi kolay olarak de\u011ferlendirilmekte olup, d\u00fczenli denetim ve bak\u0131m i\u015flemlerini daha uygun hale getirerek ekipman ar\u0131za s\u00fcrelerini azaltmaktad\u0131r.<\/p>\n<p><img decoding=\"async\" src=\"https:\/\/www.hydraulic-cylinders.net\/wp-content\/uploads\/2025\/01\/songte-oil-pipes-and-spare-parts.webp\" alt=\"Hidrolik Silindir Yedek Par\u00e7alar\u0131\"><\/p>\n<h2>Uygulamalar<\/h2>\n<h3>\u0130n\u015faat M\u00fchendisli\u011fi<\/h3>\n<p>Kaz\u0131c\u0131 makinelerde ve vin\u00e7lerde, kol silindiri, toprak i\u015fleri, malzeme ta\u015f\u0131ma ve yap\u0131sal kurulum i\u015flemlerini ger\u00e7ekle\u015ftirirken kep\u00e7e veya bomun hareketini kontrol etmek i\u00e7in kullan\u0131l\u0131r.<\/p>\n<h3>\u00dcretim Sanayi<\/h3>\n<p>Otomatik \u00fcretim hatlar\u0131nda, kol silindiri, montaj, kaynak ve malzeme ta\u015f\u0131ma i\u015flemlerini ger\u00e7ekle\u015ftiren mekanik kollar\u0131n hareketini sa\u011flamak i\u00e7in kullan\u0131l\u0131r ve \u00fcretim verimlili\u011fini ve do\u011frulu\u011funu art\u0131r\u0131r.<\/p>\n<h3>Tar\u0131m Makinalar\u0131<\/h3>\n<p>Bi\u00e7erd\u00f6ver ve tohum ekme makinesi gibi tar\u0131m makinelerinde, kol silindiri, ekim, g\u00fcbreleme ve hasat gibi g\u00f6revleri yerine getiren \u00e7al\u0131\u015fma kolunun hareketini kontrol eder.<\/p>\n<h3>Madencilik<\/h3>\n<p>Madencilik ekipmanlar\u0131nda, kol silindiri, madencilik ekipman\u0131n\u0131n kolunun hareketini kontrol etmek ve madencilik ile malzeme ta\u015f\u0131ma g\u00f6revlerini yerine getirmek i\u00e7in kullan\u0131l\u0131r.<\/p>\n<h3>Lojistik ve Ta\u015f\u0131mac\u0131l\u0131k<\/h3>\n<p>Forkliftlerde ve ta\u015f\u0131ma robotlar\u0131nda, kol silindiri, y\u00fck \u00e7atal\u0131n\u0131n kald\u0131rma ve hareketini kontrol ederek malzeme ta\u015f\u0131ma ve istifleme i\u015flemlerini ger\u00e7ekle\u015ftirmek i\u00e7in kullan\u0131l\u0131r.<\/p>\n<p><img decoding=\"async\" src=\"https:\/\/www.hydraulic-cylinders.net\/wp-content\/uploads\/2025\/01\/songte-chushion-collar.webp\" alt=\"Hidrolik Silindir Yast\u0131k Yakas\u0131\"><\/p>\n<h2>Tasar\u0131m Hususlar\u0131 ve Se\u00e7im Kriterleri<\/h2>\n<h3>Ta\u015f\u0131ma Kapasitesi<\/h3>\n<p>Hidrolik silindirin ta\u015f\u0131ma kapasitesi, uygun kol silindirinin se\u00e7iminde \u00e7ok \u00f6nemli bir fakt\u00f6rd\u00fcr. Y\u00fck\u00fcn a\u011f\u0131rl\u0131\u011f\u0131na ve makinenin \u00e7al\u0131\u015fma ko\u015fullar\u0131na g\u00f6re se\u00e7ilmelidir.<\/p>\n<h3>S\u0131zd\u0131rmazl\u0131k<\/h3>\n<p>Hidrolik silindirin, ya\u011f s\u0131z\u0131nt\u0131s\u0131n\u0131 \u00f6nlemek ve normal \u00e7al\u0131\u015fmay\u0131 sa\u011flamak i\u00e7in m\u00fckemmel s\u0131zd\u0131rmazl\u0131k performans\u0131na sahip olmas\u0131 gerekir.<\/p>\n<h3>Dayan\u0131kl\u0131l\u0131k<\/h3>\n<p>Hidrolik silindir, y\u00fcksek y\u00fck ve g\u00fc\u00e7l\u00fc darbelere maruz kalan zorlu ortamlarda dayan\u0131kl\u0131l\u0131k ve uzun s\u00fcreli kullan\u0131m sa\u011flamak i\u00e7in y\u00fcksek mukavemetli malzemelerden yap\u0131lmal\u0131d\u0131r.<\/p>\n<h3>Emniyet<\/h3>\n<p>Hidrolik silindir, operat\u00f6rlerin ve ekipman\u0131n g\u00fcvenli\u011fini sa\u011flamak i\u00e7in acil durdurma cihaz\u0131 gibi g\u00fcvenlik \u00f6nlemleriyle tasarlanmal\u0131d\u0131r.<\/p>\n<h3>Bak\u0131m kolayl\u0131\u011f\u0131<\/h3>\n<p>Hidrolik silindir, bak\u0131m ve de\u011fi\u015ftirme kolayl\u0131\u011f\u0131 sa\u011flayacak \u015fekilde tasarlanmal\u0131, b\u00f6ylece ekipman ar\u0131za s\u00fcresi ve bak\u0131m maliyetleri azalt\u0131lmal\u0131d\u0131r.<\/p>\n<p><img decoding=\"async\" src=\"https:\/\/www.hydraulic-cylinders.net\/wp-content\/uploads\/2025\/01\/songte-cylinder-head-with-all-kinds-excavator-models.webp\" alt=\"Hidrolik Silindir Kapa\u011f\u0131\"><\/p>\n<h2>S\u0131zd\u0131rmazl\u0131k ve Ya\u011flama<\/h2>\n<p>Hidrolik silindir, s\u0131zd\u0131rmazl\u0131k performans\u0131n\u0131 art\u0131rmak i\u00e7in poli\u00fcretan ve nitril kau\u00e7uk gibi a\u015f\u0131nmaya dayan\u0131kl\u0131 malzemelerden yap\u0131lm\u0131\u015f piston contalar\u0131 ve mil contalar\u0131 gibi \u00e7e\u015fitli s\u0131zd\u0131rmazl\u0131k elemanlar\u0131 kullan\u0131r. Silindir g\u00f6vdesi ve di\u015fli u\u00e7 y\u00fczeyi, a\u015f\u0131nma direncini art\u0131rmak ve dayan\u0131kl\u0131l\u0131\u011f\u0131 y\u00fckseltmek i\u00e7in ince bir \u015fekilde i\u015flenmi\u015ftir. \u0130yi ya\u011flama sa\u011flamak ve hidrolik silindirin kullan\u0131m \u00f6mr\u00fcn\u00fc uzatmak i\u00e7in uygun hidrolik ya\u011f ile d\u00fczenli ya\u011flama gereklidir.<\/p>\n<p><img decoding=\"async\" src=\"https:\/\/www.hydraulic-cylinders.net\/wp-content\/uploads\/2025\/01\/songte-bushings-with-all-kinds-of-excavator-models.webp\" alt=\"Hidrolik Silindir Bur\u00e7lar\u0131\"><\/p>\n<h2>Bak\u0131m ve \u00d6nlem Tedbirleri<\/h2>\n<h3>D\u00fczenli Muayene<\/h3>\n<p>Hidrolik silindirin d\u00fczenli olarak kontrol edilmesi ve bak\u0131m\u0131, sorunlar\u0131n ve ar\u0131zalar\u0131n olu\u015fmas\u0131n\u0131 \u00f6nleyerek ekipman ar\u0131za s\u00fcrelerini ve bak\u0131m maliyetlerini azaltabilir.<\/p>\n<h3>\u00d6nleyici Bak\u0131m<\/h3>\n<p>Olas\u0131 sorunlar\u0131 \u00f6nlemek i\u00e7in, a\u015f\u0131nm\u0131\u015f par\u00e7alar\u0131n d\u00fczenli olarak de\u011fi\u015ftirilmesi ve uygun ya\u011flama gibi \u00f6nleyici bak\u0131m \u00f6nlemleri al\u0131nmal\u0131d\u0131r.<\/p>\n<h3>Do\u011fru Kullan\u0131m ve \u00c7al\u0131\u015ft\u0131rma<\/h3>\n<p>Operat\u00f6rlerin ve ekipman\u0131n g\u00fcvenli\u011fini sa\u011flamak i\u00e7in hidrolik silindir, talimatlara ve g\u00fcvenlik prosed\u00fcrlerine uygun olarak kullan\u0131lmal\u0131 ve \u00e7al\u0131\u015ft\u0131r\u0131lmal\u0131d\u0131r.<\/p>\n<h2>Kurulum K\u0131lavuzu<\/h2>\n<p>Hidrolik silindir, talimatlara ve g\u00fcvenlik prosed\u00fcrlerine uygun olarak monte edilmelidir. Montaj, yeterli deneyim ve beceriye sahip kalifiye personel taraf\u0131ndan yap\u0131lmal\u0131d\u0131r. Hidrolik silindir, hidrolik sisteme ve ba\u011flant\u0131 par\u00e7alar\u0131na d\u00fczg\u00fcn bir \u015fekilde ba\u011flanmal\u0131d\u0131r. Hidrolik sistem uygun hidrolik ya\u011f ile doldurulmal\u0131 ve s\u0131z\u0131nt\u0131 ve bas\u0131n\u00e7 a\u00e7\u0131s\u0131ndan test edilmelidir.<\/p>\n<h2>G\u00fcvenlik Hususlar\u0131 ve \u00c7evresel Fakt\u00f6rler<\/h2>\n<p>Hidrolik silindir, kazalar\u0131 \u00f6nlemek ve operat\u00f6rlerin ve ekipman\u0131n g\u00fcvenli\u011fini sa\u011flamak i\u00e7in g\u00fcvenlik prosed\u00fcrlerine uygun olarak \u00e7al\u0131\u015ft\u0131r\u0131lmal\u0131 ve bak\u0131m\u0131 yap\u0131lmal\u0131d\u0131r. \u00c7al\u0131\u015ft\u0131rma ve depolama s\u0131ras\u0131nda s\u0131cakl\u0131k ve nem gibi \u00e7evresel fakt\u00f6rler de dikkate al\u0131nmal\u0131d\u0131r.<\/p>\n<h2>Sorun Giderme ve Yayg\u0131n Sorunlar<\/h2>\n<p>Hidrolik silindirde s\u0131k kar\u015f\u0131la\u015f\u0131lan sorunlar aras\u0131nda ya\u011f ka\u00e7a\u011f\u0131, yetersiz bas\u0131n\u00e7 ve anormal ses bulunur. Bu sorunlar g\u00f6rsel inceleme ve testlerle te\u015fhis edilebilir. Bu sorunlar\u0131 \u00e7\u00f6zmek i\u00e7in uygun ar\u0131za tespiti ve bak\u0131m \u00f6nlemleri al\u0131nmal\u0131d\u0131r.<\/p>\n<h2>\u00c7\u00f6z\u00fcm<\/h2>\n<p>Geni\u015f \u00fcr\u00fcn yelpazesiyle profesyonel bir yedek hidrolik silindir \u00fcreticisiyiz ve hem yurt i\u00e7i hem de uluslararas\u0131 pazarlarda \u00f6nde gelen hidrolik silindir \u00fcreticilerinden ve toptanc\u0131lar\u0131ndan biri haline geldik. Her zaman m\u00fckemmel kalite ilkesine ba\u011fl\u0131 kalarak, geli\u015fmi\u015f bir \u00fcretim at\u00f6lyesinin end\u00fcstriyel \u00fcretim y\u00f6netim stratejisine dayanarak, teknik seviyemizi ve \u00fcretim verimlili\u011fimizi s\u00fcrekli olarak geli\u015ftiriyoruz. Amac\u0131m\u0131z, y\u00fcksek verimlilik, do\u011fruluk ve y\u00fcksek kalite ilkeleriyle m\u00fc\u015fterilerin \u00e7e\u015fitli ihtiya\u00e7lar\u0131n\u0131 kar\u015f\u0131lamakt\u0131r. M\u00fc\u015fterilerimize profesyonel ve \u00f6zelle\u015ftirilmi\u015f hizmetler, y\u00fcksek kaliteli \u00fcr\u00fcnler ve verimli sat\u0131\u015f sonras\u0131 hizmet sunmay\u0131 taahh\u00fct ediyoruz.<\/p>\n<p><img decoding=\"async\" src=\"https:\/\/www.hydraulic-cylinders.net\/wp-content\/uploads\/2025\/01\/songte-company-4.webp\" alt=\"Hidrolik Silindir \u00dcretim Tesisi\"><br \/>\n<img decoding=\"async\" src=\"https:\/\/www.hydraulic-cylinders.net\/wp-content\/uploads\/2025\/01\/songte-company-3.webp\" alt=\"Hidrolik Silindir Sertifikasyonu\"> <\/p>\n<p>Yazar: lyl.<\/p>","protected":false},"excerpt":{"rendered":"<p>Introduction Arm Cylinder for Baoding WY150 An arm cylinder is a hydraulic cylinder designed specifically to provide linear motion and power to various types of machinery arms, such as excavators, cranes, and mechanical arms. The arm cylinder plays a crucial role in hydraulic systems, enabling additional tools or attachments to move and be controlled effectively. [&hellip;]<\/p>","protected":false},"featured_media":14772,"comment_status":"open","ping_status":"closed","template":"","meta":{"_et_pb_use_builder":"","_et_pb_old_content":"","_et_gb_content_width":""},"product_brand":[],"product_cat":[1497],"product_tag":[1498,1496],"class_list":{"0":"post-16883","1":"product","2":"type-product","3":"status-publish","4":"has-post-thumbnail","6":"product_cat-arm-cylinders","7":"product_tag-arm-cylinders","8":"product_tag-hydraulic-cylinders","10":"first","11":"instock","12":"shipping-taxable","13":"product-type-simple"},"amp_enabled":true,"_links":{"self":[{"href":"https:\/\/www.hydraulic-cylinders.net\/tr\/wp-json\/wp\/v2\/product\/16883","targetHints":{"allow":["GET"]}}],"collection":[{"href":"https:\/\/www.hydraulic-cylinders.net\/tr\/wp-json\/wp\/v2\/product"}],"about":[{"href":"https:\/\/www.hydraulic-cylinders.net\/tr\/wp-json\/wp\/v2\/types\/product"}],"replies":[{"embeddable":true,"href":"https:\/\/www.hydraulic-cylinders.net\/tr\/wp-json\/wp\/v2\/comments?post=16883"}],"wp:featuredmedia":[{"embeddable":true,"href":"https:\/\/www.hydraulic-cylinders.net\/tr\/wp-json\/wp\/v2\/media\/14772"}],"wp:attachment":[{"href":"https:\/\/www.hydraulic-cylinders.net\/tr\/wp-json\/wp\/v2\/media?parent=16883"}],"wp:term":[{"taxonomy":"product_brand","embeddable":true,"href":"https:\/\/www.hydraulic-cylinders.net\/tr\/wp-json\/wp\/v2\/product_brand?post=16883"},{"taxonomy":"product_cat","embeddable":true,"href":"https:\/\/www.hydraulic-cylinders.net\/tr\/wp-json\/wp\/v2\/product_cat?post=16883"},{"taxonomy":"product_tag","embeddable":true,"href":"https:\/\/www.hydraulic-cylinders.net\/tr\/wp-json\/wp\/v2\/product_tag?post=16883"}],"curies":[{"name":"wp","href":"https:\/\/api.w.org\/{rel}","templated":true}]}}