{"id":16884,"date":"2025-01-21T06:10:24","date_gmt":"2025-01-21T06:10:24","guid":{"rendered":"https:\/\/www.hydraulic-cylinders.net\/product\/arm-cylinder-for-baoding-wy90d-9\/"},"modified":"2025-01-21T06:10:26","modified_gmt":"2025-01-21T06:10:26","slug":"arm-cylinder-for-baoding-wy90d-9","status":"publish","type":"product","link":"https:\/\/www.hydraulic-cylinders.net\/tr\/urun\/arm-cylinder-for-baoding-wy90d-9\/","title":{"rendered":"Baoding WY90D-9 i\u00e7in Kol Silindiri"},"content":{"rendered":"<h1>Baoding WY90D-9 i\u00e7in Kol Silindiri<\/h1>\n<h2>\u00dcr\u00fcn Tan\u0131m\u0131 ve A\u00e7\u0131klamas\u0131<\/h2>\n<p>Kol silindiri, ekskavat\u00f6rler, vin\u00e7ler ve robotik kollar gibi \u00e7e\u015fitli mekanik kollara do\u011frusal hareket ve g\u00fc\u00e7 sa\u011flamak i\u00e7in kullan\u0131lan \u00f6zel olarak tasarlanm\u0131\u015f bir hidrolik silindirdir. Kol silindiri, hidrolik sistemlerde kritik bir rol oynar ve ata\u015fmanlar\u0131n etkili bir \u015fekilde hareket etmesini ve kontrol edilmesini sa\u011flar. Bu silindirler sadece d\u00fczg\u00fcn hareket sa\u011flamakla kalmaz, ayn\u0131 zamanda a\u011f\u0131r y\u00fcklere de dayanarak \u00e7e\u015fitli \u00e7al\u0131\u015fma ko\u015fullar\u0131nda makinelerin verimli \u00e7al\u0131\u015fmas\u0131n\u0131 ve g\u00fcvenilirli\u011fini sa\u011flar.<\/p>\n<p><img decoding=\"async\" src=\"https:\/\/www.hydraulic-cylinders.net\/wp-content\/uploads\/2025\/01\/songte-company-2.webp\"><\/p>\n<h2>\u00dcr\u00fcn \u00d6zellikleri<\/h2>\n<ul>\n<li>\n<h3>Verimli G\u00fc\u00e7 Aktar\u0131m\u0131<\/h3>\n<p>Kol silindirleri g\u00fc\u00e7l\u00fc do\u011frusal hareket ve kuvvet sa\u011flayarak, makine kollar\u0131n\u0131n \u00e7e\u015fitli operasyonlar alt\u0131nda y\u00fcksek verimlilikte performans g\u00f6stermesini sa\u011flar.<\/li>\n<li>\n<h3>Hassas Kontrol<\/h3>\n<p>Hidrolik sistem sayesinde kol silindiri hassas hareket kontrol\u00fc sa\u011flayabilir, ba\u011fl\u0131 aletlerin \u00e7al\u0131\u015fmas\u0131n\u0131 daha esnek ve hassas hale getirir.<\/li>\n<li>\n<h3>G\u00fc\u00e7l\u00fc Dayan\u0131kl\u0131l\u0131k<\/h3>\n<p>Kol silindirleri genellikle y\u00fcksek mukavemetli malzemelerden yap\u0131l\u0131r, iyi a\u015f\u0131nma direncine ve korozyon direncine sahiptir, zorlu ortamlarda uzun s\u00fcreli kullan\u0131ma uygundur.<\/li>\n<li>\n<h3>\u00c7ok \u0130\u015flevli Uyarlanabilirlik<\/h3>\n<p>Bu silindirler, ekskavat\u00f6rler, vin\u00e7ler ve robotik kollar gibi \u00e7e\u015fitli mekanik ekipmanlarda farkl\u0131 \u00e7al\u0131\u015fma gereksinimlerini kar\u015f\u0131lamak i\u00e7in yayg\u0131n olarak kullan\u0131labilir.<\/li>\n<li>\n<h3>Kolay Bak\u0131m<\/h3>\n<p>Tasar\u0131m, kolay bak\u0131m ve de\u011fi\u015ftirmeyi g\u00f6z \u00f6n\u00fcnde bulundurarak d\u00fczenli muayene ve bak\u0131m\u0131 daha rahat hale getiriyor ve ekipman ar\u0131za s\u00fcresini azalt\u0131yor.<\/li>\n<\/ul>\n<p>Bu \u00fcr\u00fcn\u00fc \u00fcretiyoruz ve bu hidrolik silindirlerin m\u00fckemmel bir alternatifini sunuyoruz.<\/p>\n<p><img decoding=\"async\" src=\"https:\/\/www.hydraulic-cylinders.net\/wp-content\/uploads\/2025\/01\/songte-oil-pipes-and-spare-parts.webp\"><\/p>\n<h2>\u00dcr\u00fcn Uygulamalar\u0131<\/h2>\n<p>Kol silindirleri \u00e7e\u015fitli end\u00fcstrilerde yayg\u0131n olarak kullan\u0131lmaktad\u0131r:<\/p>\n<ul>\n<li>\n<h3>\u0130n\u015faat M\u00fchendisli\u011fi<\/h3>\n<p>Kol silindirleri, toprak i\u015fleri, malzeme ta\u015f\u0131ma ve yap\u0131sal montaj i\u015flerinde ekskavat\u00f6r ve vin\u00e7lerde kova veya bomun hareketini kontrol etmek i\u00e7in kullan\u0131l\u0131r.<\/li>\n<li>\n<h3>\u00dcretim Sanayi<\/h3>\n<p>Kol silindirleri, otomasyonlu \u00fcretim hatlar\u0131nda montaj, kaynak ve elle\u00e7leme s\u00fcre\u00e7lerini ger\u00e7ekle\u015ftirmek i\u00e7in robot kollar\u0131n\u0131n hareket ettirilmesinde kullan\u0131l\u0131r, \u00fcretim verimlili\u011fini ve do\u011frulu\u011funu art\u0131r\u0131r.<\/li>\n<li>\n<h3>Tar\u0131m Makinalar\u0131<\/h3>\n<p>Kol silindirleri, bi\u00e7erd\u00f6ver ve ekim makinesi gibi tar\u0131m makinalar\u0131nda ekim, g\u00fcbreleme ve hasat gibi g\u00f6revleri ger\u00e7ekle\u015ftiren kollar\u0131n hareketlerini kontrol eder.<\/li>\n<li>\n<h3>Madencilik End\u00fcstrisi<\/h3>\n<p>Kol silindirleri, maden \u00e7\u0131karma ve minerallerin ta\u015f\u0131nmas\u0131nda kullan\u0131lan madencilik ekipmanlar\u0131n\u0131n kol hareketlerini kontrol etmek i\u00e7in kullan\u0131l\u0131r.<\/li>\n<li>\n<h3>Lojistik ve Ta\u015f\u0131mac\u0131l\u0131k<\/h3>\n<p>Kol silindirleri, forkliftlerde \u00e7atallar\u0131n kald\u0131r\u0131lmas\u0131n\u0131 ve hareketini kontrol etmek ve malzemeleri ta\u015f\u0131mak ve istiflemek i\u00e7in kullan\u0131lan robotlard\u0131r.<\/li>\n<\/ul>\n<h2>\u00dcr\u00fcn Tasar\u0131m Hususlar\u0131 ve Se\u00e7im Kriterleri<\/h2>\n<p>Kol silindirleri tasarlan\u0131rken birka\u00e7 kritik fakt\u00f6r\u00fcn g\u00f6z \u00f6n\u00fcnde bulundurulmas\u0131 gerekir:<\/p>\n<ul>\n<li>\n<h3>Ta\u015f\u0131ma Kapasitesi<\/h3>\n<p>Kol silindiri a\u011f\u0131r y\u00fckleri hasar g\u00f6rmeden ta\u015f\u0131yabilecek kapasitede olmal\u0131d\u0131r.<\/li>\n<li>\n<h3>S\u0131zd\u0131rmazl\u0131k<\/h3>\n<p>Silindirin hava ve su ge\u00e7irmezli\u011fini sa\u011flamak i\u00e7in piston contalar\u0131 ve biyel contalar\u0131 gibi \u00e7e\u015fitli s\u0131zd\u0131rmazl\u0131k elemanlar\u0131 kullan\u0131l\u0131r.<\/li>\n<li>\n<h3>Dayan\u0131kl\u0131l\u0131k<\/h3>\n<p>Silindir g\u00f6vdesi, piston ve \u00e7ubuk, dayan\u0131kl\u0131l\u0131k ve korozyon direncini sa\u011flamak i\u00e7in y\u00fcksek mukavemetli malzemelerden yap\u0131lm\u0131\u015ft\u0131r.<\/li>\n<li>\n<h3>Emniyet<\/h3>\n<p>Personel ve ekipman\u0131n g\u00fcvenli\u011fini sa\u011flamak i\u00e7in a\u015f\u0131r\u0131 y\u00fck korumas\u0131 ve acil durdurma gibi g\u00fcvenlik fakt\u00f6rleri tasar\u0131mda dikkate al\u0131nmal\u0131d\u0131r.<\/li>\n<li>\n<h3>Bak\u0131m kolayl\u0131\u011f\u0131<\/h3>\n<p>Tasar\u0131mda, aksama s\u00fcresini en aza indirmek ve bak\u0131m maliyetlerini d\u00fc\u015f\u00fcrmek i\u00e7in bile\u015fenlerin bak\u0131m\u0131n\u0131n ve de\u011fi\u015ftirilmesinin kolayl\u0131\u011f\u0131 dikkate al\u0131nmal\u0131d\u0131r.<\/li>\n<\/ul>\n<p><img decoding=\"async\" src=\"https:\/\/www.hydraulic-cylinders.net\/wp-content\/uploads\/2025\/01\/songte-cylinder-head-with-all-kinds-excavator-models.webp\"><\/p>\n<h2>\u00dcr\u00fcn S\u0131zd\u0131rmazl\u0131\u011f\u0131 ve Ya\u011flama<\/h2>\n<p>Piston contalar\u0131 ve piston kolu contalar\u0131 gibi \u00e7e\u015fitli s\u0131zd\u0131rmazl\u0131k elemanlar\u0131, silindirin hava ve su ge\u00e7irmezli\u011fini sa\u011flamak i\u00e7in kullan\u0131l\u0131r. S\u0131zd\u0131rmazl\u0131k par\u00e7alar\u0131, zorlu ortamlarda uzun s\u00fcreli kullan\u0131m sa\u011flamak i\u00e7in poli\u00fcretan ve nitril kau\u00e7uk gibi a\u015f\u0131nmaya dayan\u0131kl\u0131 malzemelerden \u00fcretilmi\u015ftir. Silindir g\u00f6vdesi ve di\u015fli ucu y\u00fczeyi, a\u015f\u0131nma direncini art\u0131rmak i\u00e7in hassas bir \u015fekilde i\u015flenmi\u015ftir. Ya\u011flama i\u00e7in uygun miktarda hidrolik ya\u011f\u0131n d\u00fczenli olarak doldurulmas\u0131 gerekir.<\/p>\n<p><img decoding=\"async\" src=\"https:\/\/www.hydraulic-cylinders.net\/wp-content\/uploads\/2025\/01\/songte-chushion-collar.webp\"><\/p>\n<h2>\u00dcr\u00fcn Bak\u0131m\u0131 ve Sorun Giderme<\/h2>\n<p>Kol silindirlerinin verimli ve g\u00fcvenilir \u00e7al\u0131\u015fmas\u0131n\u0131 sa\u011flamak i\u00e7in d\u00fczenli muayene ve \u00f6nleyici bak\u0131m gereklidir. A\u015fa\u011f\u0131da baz\u0131 yayg\u0131n bak\u0131m ve sorun giderme ipu\u00e7lar\u0131 verilmi\u015ftir:<\/p>\n<ul>\n<li>\n<h3>D\u00fczenli Muayene<\/h3>\n<p>Silindirde herhangi bir hasar, s\u0131z\u0131nt\u0131 veya \u00e7atlak olup olmad\u0131\u011f\u0131n\u0131 kontrol edin ve a\u015f\u0131nm\u0131\u015f par\u00e7alar\u0131 zaman\u0131nda de\u011fi\u015ftirin.<\/li>\n<li>\n<h3>\u00d6nleyici Bak\u0131m<\/h3>\n<p>Silindirin iyi \u00e7al\u0131\u015fma ko\u015fullar\u0131nda oldu\u011fundan emin olmak i\u00e7in \u00f6nleyici bak\u0131m yap\u0131n.<\/li>\n<li>\n<h3>Sorun giderme<\/h3>\n<p>Silindirde s\u0131z\u0131nt\u0131 veya anormal ses gibi bir sorun varsa sistematik bir te\u015fhis ve onar\u0131m ger\u00e7ekle\u015ftirin.<\/li>\n<li>\n<h3>\u00d6nleyici Tedbirler<\/h3>\n<p>Olas\u0131 sorunlar\u0131 en aza indirmek ve silindirin kullan\u0131m \u00f6mr\u00fcn\u00fc uzatmak i\u00e7in d\u00fczenli bak\u0131m ve a\u015f\u0131nm\u0131\u015f par\u00e7alar\u0131n de\u011fi\u015ftirilmesi gibi \u00f6nleyici tedbirler al\u0131n.<\/li>\n<\/ul>\n<h2>\u00dcr\u00fcn Kurulum K\u0131lavuzu<\/h2>\n<p>Baoding WY90D-9 i\u00e7in Kol Silindiri takma talimatlar\u0131:<\/p>\n<ol>\n<li>Montaj alan\u0131n\u0131 haz\u0131rlay\u0131n ve montaj y\u00fczeyinin temiz ve kal\u0131nt\u0131lardan ar\u0131nd\u0131r\u0131lm\u0131\u015f oldu\u011fundan emin olun.<\/li>\n<li>Silindiri montaj talimatlar\u0131na ve do\u011fru montaj y\u00f6n\u00fcne g\u00f6re monte edin.<\/li>\n<li>Hidrolik boru hatt\u0131n\u0131 ba\u011flay\u0131n ve ek yerlerini s\u0131k\u0131n.<\/li>\n<li>Silindirin do\u011fru \u00e7al\u0131\u015ft\u0131\u011f\u0131ndan ve herhangi bir s\u0131z\u0131nt\u0131 olmad\u0131\u011f\u0131ndan emin olmak i\u00e7in bas\u0131n\u00e7 testi yap\u0131n.<\/li>\n<li>Montajdan sonra silindirin d\u00fczenli bak\u0131m\u0131n\u0131 ve muayenesini yap\u0131n.<\/li>\n<\/ol>\n<p><img decoding=\"async\" src=\"https:\/\/www.hydraulic-cylinders.net\/wp-content\/uploads\/2025\/01\/songte-bushings-with-all-kinds-of-excavator-models.webp\"><\/p>\n<h2>\u00dcr\u00fcn G\u00fcvenli\u011fi Hususlar\u0131 ve \u00c7evresel Fakt\u00f6rler<\/h2>\n<p>G\u00fcvenlik, kol silindirlerinin kullan\u0131m\u0131nda \u00f6nemli bir fakt\u00f6rd\u00fcr. Operat\u00f6rler, g\u00fcvenlik talimatlar\u0131na uymal\u0131 ve kendilerinin ve \u00e7evrelerindekilerin g\u00fcvenli\u011fini sa\u011flamak i\u00e7in uygun \u00f6nlemleri almal\u0131d\u0131r. Ayr\u0131ca, s\u0131cakl\u0131k ve nem gibi \u00e7evresel fakt\u00f6rler silindirin performans\u0131n\u0131 ve kullan\u0131m \u00f6mr\u00fcn\u00fc etkileyebilir. Bu nedenle, kol silindirlerini se\u00e7erken ve kullan\u0131rken bu fakt\u00f6rleri g\u00f6z \u00f6n\u00fcnde bulundurmak \u00e7ok \u00f6nemlidir.<\/p>\n<h2>Hakk\u0131m\u0131zda<\/h2>\n<p>Geni\u015f bir \u00fcr\u00fcn yelpazesine sahip profesyonel bir yedek hidrolik silindir \u00fcreticisiyiz ve yurt i\u00e7i ve yurt d\u0131\u015f\u0131 pazarlarda lider hidrolik silindir \u00fcreticilerinden ve toptan da\u011f\u0131t\u0131c\u0131lar\u0131ndan biri haline geldik. Her zaman m\u00fckemmel kalite ilkesine ba\u011fl\u0131 kal\u0131yor, hassas \u00fcretim at\u00f6lyelerinde end\u00fcstriyel \u00fcretim y\u00f6netimi stratejilerine g\u00fcveniyor, teknik seviyemizi ve \u00fcretim verimlili\u011fimizi s\u00fcrekli geli\u015ftiriyoruz. \u00dcst d\u00fczey dijital \u00fcretim ekipmanlar\u0131 ve profesyonel test sistemleri sayesinde \u00fcretim platformumuzu s\u00fcrekli olarak optimize ediyor, \u00fcr\u00fcn kalite kontrol s\u00fcre\u00e7lerini iyile\u015ftiriyor ve g\u00fc\u00e7l\u00fc inovasyon yeteneklerine sahibiz. Amac\u0131m\u0131z, y\u00fcksek verimlilik, hassasiyet ve y\u00fcksek kalite prensipleriyle m\u00fc\u015fterilerimizin \u00e7e\u015fitli ihtiya\u00e7lar\u0131n\u0131 kar\u015f\u0131lamakt\u0131r.<\/p>\n<p>\u00d6zelle\u015ftirilmi\u015f hizmetler sunuyoruz ve ISO9001, CE ve SGS gibi \u00e7e\u015fitli uluslararas\u0131 sertifikalara sahibiz. Geli\u015fmi\u015f \u00fcretim ekipmanlar\u0131m\u0131z var ve m\u00fc\u015fteri memnuniyetini sa\u011flamak i\u00e7in etkin sat\u0131\u015f sonras\u0131 hizmeti sa\u011fl\u0131yoruz.<\/p>\n<p><img decoding=\"async\" src=\"https:\/\/www.hydraulic-cylinders.net\/wp-content\/uploads\/2025\/01\/songte-company-4.webp\"><br \/>\n<img decoding=\"async\" src=\"https:\/\/www.hydraulic-cylinders.net\/wp-content\/uploads\/2025\/01\/songte-company-3.webp\"><\/p>\n<p>Yazar: lyl<\/p>","protected":false},"excerpt":{"rendered":"<p>Arm Cylinder for Baoding WY90D-9 Product Definition and Explanation An arm cylinder is a specially designed hydraulic cylinder used to provide linear motion and power to various mechanical arms, such as excavators, cranes, and robotic arms. The arm cylinder plays a critical role in hydraulic systems, enabling attachments to move and control effectively. These cylinders [&hellip;]<\/p>","protected":false},"featured_media":14770,"comment_status":"open","ping_status":"closed","template":"","meta":{"_et_pb_use_builder":"","_et_pb_old_content":"","_et_gb_content_width":""},"product_brand":[],"product_cat":[1497],"product_tag":[1498,1496],"class_list":{"0":"post-16884","1":"product","2":"type-product","3":"status-publish","4":"has-post-thumbnail","6":"product_cat-arm-cylinders","7":"product_tag-arm-cylinders","8":"product_tag-hydraulic-cylinders","10":"first","11":"instock","12":"shipping-taxable","13":"product-type-simple"},"amp_enabled":true,"_links":{"self":[{"href":"https:\/\/www.hydraulic-cylinders.net\/tr\/wp-json\/wp\/v2\/product\/16884","targetHints":{"allow":["GET"]}}],"collection":[{"href":"https:\/\/www.hydraulic-cylinders.net\/tr\/wp-json\/wp\/v2\/product"}],"about":[{"href":"https:\/\/www.hydraulic-cylinders.net\/tr\/wp-json\/wp\/v2\/types\/product"}],"replies":[{"embeddable":true,"href":"https:\/\/www.hydraulic-cylinders.net\/tr\/wp-json\/wp\/v2\/comments?post=16884"}],"wp:featuredmedia":[{"embeddable":true,"href":"https:\/\/www.hydraulic-cylinders.net\/tr\/wp-json\/wp\/v2\/media\/14770"}],"wp:attachment":[{"href":"https:\/\/www.hydraulic-cylinders.net\/tr\/wp-json\/wp\/v2\/media?parent=16884"}],"wp:term":[{"taxonomy":"product_brand","embeddable":true,"href":"https:\/\/www.hydraulic-cylinders.net\/tr\/wp-json\/wp\/v2\/product_brand?post=16884"},{"taxonomy":"product_cat","embeddable":true,"href":"https:\/\/www.hydraulic-cylinders.net\/tr\/wp-json\/wp\/v2\/product_cat?post=16884"},{"taxonomy":"product_tag","embeddable":true,"href":"https:\/\/www.hydraulic-cylinders.net\/tr\/wp-json\/wp\/v2\/product_tag?post=16884"}],"curies":[{"name":"wp","href":"https:\/\/api.w.org\/{rel}","templated":true}]}}