{"id":16885,"date":"2025-01-21T06:10:28","date_gmt":"2025-01-21T06:10:28","guid":{"rendered":"https:\/\/www.hydraulic-cylinders.net\/product\/arm-cylinder-for-baoding-wy65-8\/"},"modified":"2025-01-21T06:10:30","modified_gmt":"2025-01-21T06:10:30","slug":"arm-cylinder-for-baoding-wy65-8","status":"publish","type":"product","link":"https:\/\/www.hydraulic-cylinders.net\/tr\/urun\/arm-cylinder-for-baoding-wy65-8\/","title":{"rendered":"Baoding WY65-8 i\u00e7in Kol Silindiri"},"content":{"rendered":"<h1>Baoding WY65-8 i\u00e7in Kol Silindiri<\/h1>\n<h2>girii\u015f<\/h2>\n<p>Kol silindiri, ekskavat\u00f6rler, vin\u00e7ler ve robotik kollar gibi \u00e7e\u015fitli makine t\u00fcrlerinin kollar\u0131na do\u011frusal hareket ve g\u00fc\u00e7 sa\u011flayan \u00f6zel olarak tasarlanm\u0131\u015f bir hidrolik silindirdir. Kol silindirleri, hidrolik sistemlerde \u00f6nemli bir rol oynar ve ata\u015fmanlar\u0131n veya aksesuarlar\u0131n etkili bir \u015fekilde hareket etmesini ve kontrol edilmesini sa\u011flar. Bu silindirler sadece d\u00fczg\u00fcn hareket sa\u011flamakla kalmaz, ayn\u0131 zamanda a\u011f\u0131r y\u00fcklere de dayanarak, \u00e7e\u015fitli \u00e7al\u0131\u015fma ko\u015fullar\u0131nda makinelerin verimli ve g\u00fcvenilir \u00e7al\u0131\u015fmas\u0131n\u0131 sa\u011flar.<\/p>\n<p><img decoding=\"async\" src=\"https:\/\/www.hydraulic-cylinders.net\/wp-content\/uploads\/2025\/01\/songte-company-2.webp\"><\/p>\n<h2>\u00d6zellikler<\/h2>\n<ul>\n<li>Verimli g\u00fc\u00e7 aktar\u0131m\u0131: Kol silindiri g\u00fc\u00e7l\u00fc do\u011frusal hareket ve kuvvet sa\u011flayarak, mekanik kolun \u00e7e\u015fitli i\u015flemlerde y\u00fcksek performans verimlili\u011fini garanti eder.<\/li>\n<li>Hassas kontrol: Hidrolik sistem sayesinde kol silindiri hassas hareket kontrol\u00fc sa\u011flayabilir, b\u00f6ylece ata\u015fmanlar\u0131n \u00e7al\u0131\u015fmas\u0131 daha esnek ve hassas hale gelir.<\/li>\n<li>Y\u00fcksek dayan\u0131kl\u0131l\u0131k: Kol silindirleri genellikle uzun s\u00fcreli zorlu ortamlarda kullan\u0131ma uygun, iyi a\u015f\u0131nma ve korozyon direncine sahip y\u00fcksek mukavemetli malzemelerden yap\u0131l\u0131r.<\/li>\n<li>\u00c7ok i\u015flevli uyarlanabilirlik: Bu silindirler, ekskavat\u00f6rler, vin\u00e7ler ve robotik kollar gibi \u00e7e\u015fitli mekanik ekipmanlarda, farkl\u0131 \u00e7al\u0131\u015fma ihtiya\u00e7lar\u0131na uyum sa\u011flamak i\u00e7in yayg\u0131n olarak kullan\u0131labilir.<\/li>\n<li>Kolay bak\u0131m: Tasar\u0131m, kolay bak\u0131m ve de\u011fi\u015ftirmeyi g\u00f6z \u00f6n\u00fcnde bulundurarak d\u00fczenli muayene ve bak\u0131m\u0131 daha kolay hale getirir ve ekipman\u0131n ar\u0131za s\u00fcresini azalt\u0131r.<\/li>\n<\/ul>\n<p>Biz bu \u00fcr\u00fcn\u00fc \u00fcretebiliyoruz ve \u00fcr\u00fcn\u00fcm\u00fcz bu hidrolik silindirlerin yerini m\u00fckemmel bir \u015fekilde alabiliyor.<\/p>\n<p><img decoding=\"async\" src=\"https:\/\/www.hydraulic-cylinders.net\/wp-content\/uploads\/2025\/01\/songte-oil-pipes-and-spare-parts.webp\"><\/p>\n<h2>Uygulamalar<\/h2>\n<p>Kol silindirleri a\u015fa\u011f\u0131dakiler de dahil olmak \u00fczere \u00e7e\u015fitli end\u00fcstrilerde kullan\u0131l\u0131r:<\/p>\n<ul>\n<li>\u0130n\u015faat: Ekskavat\u00f6rlerde ve vin\u00e7lerde, kol silindirleri toprak i\u015fleri, malzeme ta\u015f\u0131ma ve yap\u0131sal montaj i\u015flerini ger\u00e7ekle\u015ftirmek i\u00e7in kovalar\u0131n veya bomlar\u0131n hareketini kontrol etmek i\u00e7in kullan\u0131l\u0131r.<\/li>\n<li>\u00dcretim: Otomatik \u00fcretim hatlar\u0131nda, kol silindirleri montaj, kaynak ve malzeme ta\u015f\u0131ma s\u00fcre\u00e7lerinde robot kollar\u0131n\u0131 hareket ettirmek i\u00e7in kullan\u0131l\u0131r, b\u00f6ylece \u00fcretim verimlili\u011fi ve do\u011frulu\u011fu art\u0131r\u0131l\u0131r.<\/li>\n<li>Tar\u0131m makineleri: Bi\u00e7erd\u00f6ver ve ekim makinesi gibi tar\u0131m makinelerinde kol silindirleri, ekim, g\u00fcbreleme ve hasat gibi g\u00f6revleri yerine getirmek i\u00e7in \u00e7al\u0131\u015fan kollar\u0131n hareketini kontrol eder.<\/li>\n<li>Madencilik: Madencilik ekipmanlar\u0131nda kol silindirleri, madencilik ekipmanlar\u0131n\u0131n kol hareketini kontrol etmek, cevher madencili\u011fi ve elle\u00e7leme i\u015flemlerini ger\u00e7ekle\u015ftirmek i\u00e7in kullan\u0131l\u0131r.<\/li>\n<li>Lojistik ve ta\u015f\u0131mac\u0131l\u0131k: Forkliftlerde ve ta\u015f\u0131ma robotlar\u0131nda, \u00e7atallar\u0131n kald\u0131r\u0131lmas\u0131n\u0131 ve hareketini kontrol etmek, malzemeleri ta\u015f\u0131mak ve istiflemek i\u00e7in kol silindirleri kullan\u0131l\u0131r.<\/li>\n<\/ul>\n<h2>Tasar\u0131m ve Se\u00e7im Kriterleri<\/h2>\n<p>Kol silindirleri \u00e7e\u015fitli hususlar g\u00f6z \u00f6n\u00fcnde bulundurularak tasarlan\u0131r, \u00f6rne\u011fin:<\/p>\n<ul>\n<li>Ta\u015f\u0131ma kapasitesi: Kol silindiri, makine ve ata\u015fmanlar\u0131n maksimum y\u00fck\u00fcn\u00fc ta\u015f\u0131yabilmelidir.<\/li>\n<li>S\u0131zd\u0131rmazl\u0131k performans\u0131: Kol silindirinde iyi s\u0131zd\u0131rmazl\u0131k performans\u0131 sa\u011flamak i\u00e7in poli\u00fcretan ve nitril kau\u00e7uk gibi a\u015f\u0131nmaya dayan\u0131kl\u0131 malzemelerden yap\u0131lm\u0131\u015f piston contalar\u0131 ve kol contalar\u0131 gibi \u00e7e\u015fitli s\u0131zd\u0131rmazl\u0131k bile\u015fenleri kullan\u0131lmal\u0131d\u0131r.<\/li>\n<li>Dayan\u0131kl\u0131l\u0131k: Silindir g\u00f6vdesi ve di\u015fli u\u00e7 y\u00fczeyi a\u015f\u0131nma direncini art\u0131rmak i\u00e7in hassas bir \u015fekilde i\u015flenmelidir.<\/li>\n<li>G\u00fcvenlik: Kol silindiri, a\u015f\u0131r\u0131 y\u00fcklenmeyi \u00f6nlemek ve personel ile ekipman\u0131n g\u00fcvenli\u011fini sa\u011flamak i\u00e7in bas\u0131n\u00e7 tahliye valfi ve emniyet valfi gibi g\u00fcvenlik koruma \u00f6nlemlerine sahip olmal\u0131d\u0131r.<\/li>\n<li>Bak\u0131m kolayl\u0131\u011f\u0131: Kol silindiri, \u00e7\u0131kar\u0131labilir bile\u015fenler ve kolay de\u011fi\u015ftirilebilir contalar gibi kolay bak\u0131m ve onar\u0131m i\u00e7in tasarlanmal\u0131d\u0131r.<\/li>\n<\/ul>\n<p><img decoding=\"async\" src=\"https:\/\/www.hydraulic-cylinders.net\/wp-content\/uploads\/2025\/01\/songte-cylinder-head-with-all-kinds-excavator-models.webp\"><\/p>\n<h2>S\u0131zd\u0131rmazl\u0131k ve Ya\u011flama<\/h2>\n<p>Kol silindiri, iyi s\u0131zd\u0131rmazl\u0131k performans\u0131 sa\u011flamak i\u00e7in poli\u00fcretan ve nitril kau\u00e7uk gibi a\u015f\u0131nmaya dayan\u0131kl\u0131 malzemelerden yap\u0131lm\u0131\u015f piston contalar\u0131, biyel contalar\u0131 ve a\u015f\u0131nma halkalar\u0131 gibi \u00e7e\u015fitli s\u0131zd\u0131rmazl\u0131k bile\u015fenleri kullan\u0131r. Silindir g\u00f6vdesi ve di\u015fli u\u00e7 y\u00fczeyi, a\u015f\u0131nma direncini art\u0131rmak i\u00e7in hassas bir \u015fekilde i\u015flenmi\u015ftir. Kol silindirinin, sorunsuz \u00e7al\u0131\u015fmas\u0131n\u0131 sa\u011flamak ve hizmet \u00f6mr\u00fcn\u00fc uzatmak i\u00e7in uygun hidrolik ya\u011f ile d\u00fczenli olarak ya\u011flanmas\u0131 gerekir.<\/p>\n<h2>Bak\u0131m ve \u00d6nleyici Bak\u0131m Tedbirleri<\/h2>\n<p>Kol silindirinin normal \u00e7al\u0131\u015fmas\u0131n\u0131 sa\u011flamak i\u00e7in d\u00fczenli olarak kontrol edilmesi ve bak\u0131m\u0131 yap\u0131lmas\u0131 gerekir ve a\u015fa\u011f\u0131dakiler de dahil olmak \u00fczere \u00f6nleyici bak\u0131m \u00f6nlemleri al\u0131nmal\u0131d\u0131r:<\/p>\n<ul>\n<li>S\u0131zd\u0131rmazl\u0131k elemanlar\u0131n\u0131 d\u00fczenli olarak kontrol edin ve de\u011fi\u015ftirin.<\/li>\n<li>D\u00fczenli olarak hidrolik ya\u011f\u0131n\u0131 kontrol edin ve uygun ya\u011f ekleyin.<\/li>\n<li>Bas\u0131n\u00e7 tahliye vanas\u0131n\u0131 ve emniyet vanas\u0131n\u0131 d\u00fczenli olarak kontrol edin ve ayarlay\u0131n.<\/li>\n<li>Silindir g\u00f6vdesini ve di\u015fli u\u00e7 y\u00fczeyini d\u00fczenli olarak kontrol edin ve temizleyin.<\/li>\n<li>Di\u015fli ba\u011flant\u0131lar\u0131 d\u00fczenli olarak kontrol edin ve s\u0131k\u0131n.<\/li>\n<\/ul>\n<h2>Kurulum K\u0131lavuzu<\/h2>\n<p>Kurulumdan \u00f6nce, kurulum talimatlar\u0131n\u0131 ve \u00f6nlemleri dikkatlice okuyun, gerekli alet ve malzemeleri haz\u0131rlay\u0131n ve a\u015fa\u011f\u0131dakiler de dahil olmak \u00fczere kurulum ad\u0131mlar\u0131n\u0131 kesinlikle uygulay\u0131n:<\/p>\n<ul>\n<li>Montaj y\u00fczeyinin temiz ve d\u00fcz oldu\u011fundan emin olun.<\/li>\n<li>Kol silindirini belirtilen y\u00f6n ve pozisyona g\u00f6re tak\u0131n.<\/li>\n<li>C\u0131vata ve somunlar\u0131 belirtilen torkta s\u0131k\u0131n.<\/li>\n<li>S\u0131zd\u0131rmazl\u0131k performans\u0131n\u0131 ve hidrolik sistemin \u00e7al\u0131\u015fmas\u0131n\u0131 kontrol edin.<\/li>\n<\/ul>\n<p><img decoding=\"async\" src=\"https:\/\/www.hydraulic-cylinders.net\/wp-content\/uploads\/2025\/01\/songte-bushings-with-all-kinds-of-excavator-models.webp\"><\/p>\n<h2>G\u00fcvenlik Hususlar\u0131 ve \u00c7evresel Fakt\u00f6rler<\/h2>\n<p>Kol silindirlerinin kullan\u0131m\u0131 s\u0131ras\u0131nda ki\u015fisel yaralanmalar\u0131 ve ekipman hasar\u0131n\u0131 \u00f6nlemek i\u00e7in a\u015fa\u011f\u0131daki gibi g\u00fcvenlik \u00f6nlemleri al\u0131nmal\u0131d\u0131r:<\/p>\n<ul>\n<li>Hidrolik sistem bas\u0131nc\u0131n\u0131n izin verilen aral\u0131kta oldu\u011fundan emin olun.<\/li>\n<li>Hidrolik sistemin d\u00fczg\u00fcn bir \u015fekilde bak\u0131m\u0131n\u0131n yap\u0131ld\u0131\u011f\u0131ndan ve d\u00fczenli olarak kontrol edildi\u011finden emin olun.<\/li>\n<li>Ekipman\u0131n istikrarl\u0131 ve g\u00fcvenilir bir durumda kullan\u0131lmas\u0131n\u0131 sa\u011flay\u0131n.<\/li>\n<li>Makinenin d\u00f6nen par\u00e7alar\u0131na ve s\u0131k\u0131\u015fma noktalar\u0131na yak\u0131n \u00e7al\u0131\u015fmaktan ka\u00e7\u0131n\u0131n\u0131z.<\/li>\n<li>Makinelerle \u00e7al\u0131\u015f\u0131rken uygun ki\u015fisel koruyucu ekipman giyin.<\/li>\n<\/ul>\n<h2>Sorun Giderme ve Yayg\u0131n Sorunlar<\/h2>\n<p>Kol silindirlerinin kullan\u0131m\u0131 s\u0131ras\u0131nda ortaya \u00e7\u0131kabilecek yayg\u0131n sorunlar \u015funlard\u0131r:<\/p>\n<ul>\n<li>S\u0131zd\u0131rmazl\u0131k elemanlar\u0131nda ya\u011f s\u0131z\u0131nt\u0131s\u0131.<\/li>\n<li>Azalm\u0131\u015f veya yetersiz g\u00fc\u00e7 iletimi.<\/li>\n<li>\u00c7al\u0131\u015fma s\u0131ras\u0131nda g\u00fcr\u00fclt\u00fc.<\/li>\n<li>Silindir g\u00f6vdesinde ve di\u015fli u\u00e7 y\u00fczeylerinde a\u015f\u0131r\u0131 a\u015f\u0131nma.<\/li>\n<li>Hidrolik sistemin a\u015f\u0131r\u0131 \u0131s\u0131nmas\u0131.<\/li>\n<\/ul>\n<p>Bu sorunlar\u0131 te\u015fhis etmek ve \u00e7\u00f6zmek i\u00e7in a\u015fa\u011f\u0131daki ipu\u00e7lar\u0131 ve \u00e7\u00f6z\u00fcmler dikkate al\u0131nabilir:<\/p>\n<ul>\n<li>S\u0131zd\u0131rmazl\u0131k elemanlar\u0131n\u0131 kontrol edin ve de\u011fi\u015ftirin.<\/li>\n<li>Hidrolik sistem bas\u0131nc\u0131n\u0131 ve debisini kontrol edin ve ayarlay\u0131n.<\/li>\n<li>A\u015f\u0131nm\u0131\u015f par\u00e7alar\u0131 kontrol edin ve de\u011fi\u015ftirin.<\/li>\n<li>Silindir g\u00f6vdesini ve di\u015fli u\u00e7 y\u00fczeyini temizleyin ve ya\u011flay\u0131n.<\/li>\n<li>Hidrolik sistemi kontrol edin ve onar\u0131n.<\/li>\n<\/ul>\n<p><img decoding=\"async\" src=\"https:\/\/www.hydraulic-cylinders.net\/wp-content\/uploads\/2025\/01\/songte-chushion-collar.webp\"><\/p>\n<h2>Hakk\u0131m\u0131zda<\/h2>\n<p>Yedek hidrolik silindirler \u00fcreten profesyonel bir firma olarak, geni\u015f bir \u00fcr\u00fcn yelpazesi sunuyor ve yurt i\u00e7i ve yurt d\u0131\u015f\u0131 pazarlarda lider hidrolik silindir \u00fcreticilerinden ve toptan da\u011f\u0131t\u0131mc\u0131lar\u0131ndan biri haline geliyoruz. Her zaman m\u00fckemmel kalite ilkesine ba\u011fl\u0131 kal\u0131yor, hassas \u00fcretim at\u00f6lyelerinin end\u00fcstriyel \u00fcretim y\u00f6netimi stratejisine g\u00fcveniyor, teknoloji seviyemizi ve \u00fcretim verimlili\u011fimizi s\u00fcrekli geli\u015ftiriyoruz. Geli\u015fmi\u015f dijital \u00fcretim ekipmanlar\u0131 ve profesyonel test sistemleri sayesinde \u00fcretim platformumuzu optimize ediyor, \u00fcr\u00fcn kalite kontrol s\u00fcrecini iyile\u015ftiriyor ve g\u00fc\u00e7l\u00fc inovasyon yeteneklerine sahibiz. Amac\u0131m\u0131z, verimlilik, do\u011fruluk ve y\u00fcksek kalite ilkeleriyle m\u00fc\u015fterilerimizin \u00e7e\u015fitli ihtiya\u00e7lar\u0131n\u0131 kar\u015f\u0131lamakt\u0131r.<\/p>\n<h2>G\u00fc\u00e7l\u00fc Y\u00f6nlerimiz<\/h2>\n<ul>\n<li>Profesyonellik: Sekt\u00f6rde uzun y\u0131llara dayanan deneyimimizle hidrolik silindir imalat\u0131nda uzmanla\u015ft\u0131k.<\/li>\n<li>Uluslararas\u0131 sertifikasyon: \u00dcr\u00fcnlerimiz ISO9001:2015 gibi uluslararas\u0131 sertifikasyonlara sahiptir.<\/li>\n<li>\u00d6zelle\u015ftirme hizmeti: M\u00fc\u015fterilerimizin \u00f6zel ihtiya\u00e7lar\u0131n\u0131 kar\u015f\u0131lamak i\u00e7in \u00f6zelle\u015ftirme hizmetleri sa\u011fl\u0131yoruz.<\/li>\n<li>Geli\u015fmi\u015f \u00fcretim ekipmanlar\u0131: \u00dcr\u00fcnlerimizin hassasiyetini ve kalitesini garantilemek i\u00e7in geli\u015fmi\u015f dijital \u00fcretim ekipmanlar\u0131 kullan\u0131yoruz.<\/li>\n<li>Sat\u0131\u015f Sonras\u0131 Hizmet: Teknik destek, onar\u0131m ve bak\u0131m dahil olmak \u00fczere kapsaml\u0131 sat\u0131\u015f sonras\u0131 hizmet sa\u011fl\u0131yoruz.<\/li>\n<\/ul>\n<p><img decoding=\"async\" src=\"https:\/\/www.hydraulic-cylinders.net\/wp-content\/uploads\/2025\/01\/songte-company-4.webp\"><br \/>\n<img decoding=\"async\" src=\"https:\/\/www.hydraulic-cylinders.net\/wp-content\/uploads\/2025\/01\/songte-company-3.webp\"><\/p>\n<p>Yazar: lyl<\/p>","protected":false},"excerpt":{"rendered":"<p>Arm Cylinder For Baoding WY65-8 Introduction Arm cylinder is a specially designed hydraulic cylinder that provides linear motion and power to the arms of various types of machinery, such as excavators, cranes, and robotic arms. Arm cylinders play a crucial role in hydraulic systems, enabling attachments or accessories to move and be controlled effectively. These [&hellip;]<\/p>","protected":false},"featured_media":14766,"comment_status":"open","ping_status":"closed","template":"","meta":{"_et_pb_use_builder":"","_et_pb_old_content":"","_et_gb_content_width":""},"product_brand":[],"product_cat":[1497],"product_tag":[1498,1496],"class_list":{"0":"post-16885","1":"product","2":"type-product","3":"status-publish","4":"has-post-thumbnail","6":"product_cat-arm-cylinders","7":"product_tag-arm-cylinders","8":"product_tag-hydraulic-cylinders","10":"first","11":"instock","12":"shipping-taxable","13":"product-type-simple"},"amp_enabled":true,"_links":{"self":[{"href":"https:\/\/www.hydraulic-cylinders.net\/tr\/wp-json\/wp\/v2\/product\/16885","targetHints":{"allow":["GET"]}}],"collection":[{"href":"https:\/\/www.hydraulic-cylinders.net\/tr\/wp-json\/wp\/v2\/product"}],"about":[{"href":"https:\/\/www.hydraulic-cylinders.net\/tr\/wp-json\/wp\/v2\/types\/product"}],"replies":[{"embeddable":true,"href":"https:\/\/www.hydraulic-cylinders.net\/tr\/wp-json\/wp\/v2\/comments?post=16885"}],"wp:featuredmedia":[{"embeddable":true,"href":"https:\/\/www.hydraulic-cylinders.net\/tr\/wp-json\/wp\/v2\/media\/14766"}],"wp:attachment":[{"href":"https:\/\/www.hydraulic-cylinders.net\/tr\/wp-json\/wp\/v2\/media?parent=16885"}],"wp:term":[{"taxonomy":"product_brand","embeddable":true,"href":"https:\/\/www.hydraulic-cylinders.net\/tr\/wp-json\/wp\/v2\/product_brand?post=16885"},{"taxonomy":"product_cat","embeddable":true,"href":"https:\/\/www.hydraulic-cylinders.net\/tr\/wp-json\/wp\/v2\/product_cat?post=16885"},{"taxonomy":"product_tag","embeddable":true,"href":"https:\/\/www.hydraulic-cylinders.net\/tr\/wp-json\/wp\/v2\/product_tag?post=16885"}],"curies":[{"name":"wp","href":"https:\/\/api.w.org\/{rel}","templated":true}]}}