{"id":16888,"date":"2025-01-21T06:10:42","date_gmt":"2025-01-21T06:10:42","guid":{"rendered":"https:\/\/www.hydraulic-cylinders.net\/product\/arm-cylinder-for-baoding-sc240sd-8\/"},"modified":"2025-01-21T06:10:44","modified_gmt":"2025-01-21T06:10:44","slug":"arm-cylinder-for-baoding-sc240sd-8","status":"publish","type":"product","link":"https:\/\/www.hydraulic-cylinders.net\/tr\/urun\/arm-cylinder-for-baoding-sc240sd-8\/","title":{"rendered":"Baoding SC240SD.8 i\u00e7in Kol Silindiri"},"content":{"rendered":"<h1>Baoding SC240SD.8 i\u00e7in Kol Silindiri<\/h1>\n<h2>girii\u015f<\/h2>\n<p>Kol silindiri, ekskavat\u00f6rler, vin\u00e7ler ve mekanik kollar gibi \u00e7e\u015fitli makinelerin kollar\u0131na do\u011frusal hareket ve g\u00fc\u00e7 sa\u011flamak i\u00e7in \u00f6zel olarak tasarlanm\u0131\u015f bir hidrolik silindirdir. Kol silindiri, hidrolik sistemlerde \u00e7ok \u00f6nemli bir rol oynayarak, ata\u015fmanlar\u0131n veya aksesuarlar\u0131n etkili bir \u015fekilde hareket etmesini ve kontrol edilmesini sa\u011flar. Bu silindirler sadece d\u00fczg\u00fcn hareket sa\u011flamakla kalmaz, ayn\u0131 zamanda a\u011f\u0131r y\u00fckleri de ta\u015f\u0131yarak, \u00e7e\u015fitli \u00e7al\u0131\u015fma ko\u015fullar\u0131 alt\u0131nda makinelerin verimli \u00e7al\u0131\u015fmas\u0131n\u0131 ve g\u00fcvenilirli\u011fini sa\u011flar.<\/p>\n<p><img decoding=\"async\" src=\"https:\/\/www.hydraulic-cylinders.net\/wp-content\/uploads\/2025\/01\/songte-company-2.webp\"><\/p>\n<h2>\u00d6zellikler<\/h2>\n<ul>\n<li>Verimli g\u00fc\u00e7 aktar\u0131m\u0131: Kol silindiri, g\u00fc\u00e7l\u00fc do\u011frusal hareket ve kuvvet sa\u011flayarak mekanik kolun \u00e7e\u015fitli i\u015flemlerde y\u00fcksek verimlilikte performans g\u00f6stermesini sa\u011flar.<\/li>\n<li>Hassas kontrol: Hidrolik sistemler sayesinde, kol silindiri hassas hareket kontrol\u00fc sa\u011flayarak ata\u015fmanlar\u0131n \u00e7al\u0131\u015fmas\u0131n\u0131 daha esnek ve do\u011fru hale getirir.<\/li>\n<li>Y\u00fcksek dayan\u0131kl\u0131l\u0131k: Kol silindiri genellikle y\u00fcksek mukavemetli malzemelerden \u00fcretilir ve iyi a\u015f\u0131nma ve korozyon direncine sahiptir, zorlu ortamlarda uzun s\u00fcreli kullan\u0131m i\u00e7in uygundur.<\/li>\n<li>\u00c7ok y\u00f6nl\u00fc uyarlanabilirlik: Bu silindirler, ekskavat\u00f6rler, vin\u00e7ler ve i\u015f kollar\u0131 gibi \u00e7e\u015fitli mekanik ekipmanlarda yayg\u0131n olarak kullan\u0131labilir ve farkl\u0131 \u00e7al\u0131\u015fma gereksinimlerine uyum sa\u011flar.<\/li>\n<li>Kolay bak\u0131m: Tasar\u0131m, bak\u0131m ve de\u011fi\u015ftirme kolayl\u0131\u011f\u0131n\u0131 g\u00f6z \u00f6n\u00fcnde bulundurarak d\u00fczenli muayene ve bak\u0131m\u0131 daha kolay hale getirir ve ekipman ar\u0131za s\u00fcresini azalt\u0131r.<\/li>\n<\/ul>\n<p>Biz bu \u00fcr\u00fcn\u00fc \u00fcretebiliyoruz ve \u00fcr\u00fcnlerimiz bu hidrolik silindirlerin yerini m\u00fckemmel \u015fekilde alabiliyor.<\/p>\n<p><img decoding=\"async\" src=\"https:\/\/www.hydraulic-cylinders.net\/wp-content\/uploads\/2025\/01\/songte-oil-pipes-and-spare-parts.webp\"><\/p>\n<h2>Uygulamalar<\/h2>\n<p>Kol silindiri \u00e7e\u015fitli end\u00fcstrilerde yayg\u0131n olarak kullan\u0131lmaktad\u0131r, \u00f6rne\u011fin:<\/p>\n<ul>\n<li>\u0130n\u015faat: Ekskavat\u00f6rlerde ve vin\u00e7lerde, kol silindiri, toprak ta\u015f\u0131ma, malzeme ta\u015f\u0131ma ve yap\u0131 kurulumu i\u00e7in kep\u00e7e veya bomun hareketini kontrol etmek amac\u0131yla kullan\u0131l\u0131r.<\/li>\n<li>\u00dcretim: Otomatik \u00fcretim hatlar\u0131nda, kol silindiri mekanik kollar\u0131n hareket ettirilmesi, montaj, kaynak ve ta\u015f\u0131ma i\u015flemlerinde kullan\u0131l\u0131r ve \u00fcretim verimlili\u011fini ve do\u011frulu\u011funu art\u0131r\u0131r.<\/li>\n<li>Tar\u0131m makineleri: Bi\u00e7erd\u00f6ver ve tohum ekme makinesi gibi tar\u0131m makinelerinde, kol silindiri, ekim, g\u00fcbreleme ve hasat gibi g\u00f6revleri yerine getiren \u00e7al\u0131\u015fma kolunun hareketini kontrol eder.<\/li>\n<li>Madencilik: Madencilik ekipmanlar\u0131nda, kol silindiri, maden \u00e7\u0131karma ve cevher ta\u015f\u0131ma i\u015flemlerinde ekipman\u0131n kol hareketini kontrol etmek i\u00e7in kullan\u0131l\u0131r.<\/li>\n<li>Lojistik ve ta\u015f\u0131mac\u0131l\u0131k: Forkliftlerde ve ta\u015f\u0131ma robotlar\u0131nda, kol silindiri, \u00e7atal\u0131n kald\u0131rma ve hareketini kontrol ederek malzeme ta\u015f\u0131ma ve istifleme i\u015flemlerini ger\u00e7ekle\u015ftirmek i\u00e7in kullan\u0131l\u0131r.<\/li>\n<\/ul>\n<h2>Tasar\u0131m Hususlar\u0131 ve Se\u00e7im Kriterleri<\/h2>\n<p>Tasar\u0131m a\u00e7\u0131s\u0131ndan, kol silindirinin a\u015fa\u011f\u0131daki hususlar\u0131 dikkate almas\u0131 gerekir:<\/p>\n<h3>Y\u00fck ta\u015f\u0131ma kapasitesi<\/h3>\n<p>Kol silindirinin, y\u00fck\u00fc ta\u015f\u0131yabilme ve i\u015flem i\u00e7in gerekli kuvveti sa\u011flayabilme kapasitesine sahip olmas\u0131 gerekir. Silindir se\u00e7ilirken \u00e7ap\u0131 ve strok uzunlu\u011fu dikkate al\u0131nmal\u0131d\u0131r.<\/p>\n<h3>S\u0131zd\u0131rmazl\u0131k<\/h3>\n<p>Kol silindirinin s\u0131z\u0131nt\u0131y\u0131 \u00f6nlemek i\u00e7in iyi bir s\u0131zd\u0131rmazl\u0131k performans\u0131na sahip olmas\u0131 gerekir. S\u0131zd\u0131rmazl\u0131k performans\u0131n\u0131 sa\u011flamak i\u00e7in piston contalar\u0131 ve mil contalar\u0131 gibi \u00e7e\u015fitli s\u0131zd\u0131rmazl\u0131k bile\u015fenleri kullan\u0131l\u0131r. S\u0131zd\u0131rmazl\u0131k bile\u015fenleri, poli\u00fcretan ve nitril kau\u00e7uk gibi a\u015f\u0131nmaya dayan\u0131kl\u0131 malzemelerden \u00fcretilmi\u015ftir.<\/p>\n<h3>Dayan\u0131kl\u0131l\u0131k<\/h3>\n<p>Kol silindirinin dayan\u0131kl\u0131 olmas\u0131 ve iyi a\u015f\u0131nma ve korozyon direncine sahip olmas\u0131 gerekir. Dayan\u0131kl\u0131l\u0131\u011f\u0131 art\u0131rmak i\u00e7in y\u00fcksek mukavemetli malzemeler, y\u00fczey i\u015flemleri ve kaplamalar kullan\u0131labilir.<\/p>\n<h3>Emniyet<\/h3>\n<p>Kol silindirinin a\u015f\u0131r\u0131 y\u00fck korumas\u0131 ve acil durdurma fonksiyonlar\u0131 gibi \u00f6zelliklere sahip, g\u00fcvenli ve g\u00fcvenilir olmas\u0131 gerekir.<\/p>\n<h3>Bak\u0131m kolayl\u0131\u011f\u0131<\/h3>\n<p>Kol silindirinin bak\u0131m\u0131 ve onar\u0131m\u0131 kolay olmal\u0131d\u0131r. Silindir tasar\u0131m\u0131 s\u00f6k\u00fcl\u00fcp tak\u0131lmas\u0131 kolay olmal\u0131 ve bile\u015fenlerin de\u011fi\u015ftirilmesi basit olmal\u0131d\u0131r.<\/p>\n<p><img decoding=\"async\" src=\"https:\/\/www.hydraulic-cylinders.net\/wp-content\/uploads\/2025\/01\/songte-cylinder-head-with-all-kinds-excavator-models.webp\"><\/p>\n<h2>S\u0131zd\u0131rmazl\u0131k ve Ya\u011flama<\/h2>\n<p>Kol silindiri, s\u0131zd\u0131rmazl\u0131k performans\u0131n\u0131 sa\u011flamak i\u00e7in piston contalar\u0131 ve mil contalar\u0131 gibi \u00e7e\u015fitli s\u0131zd\u0131rmazl\u0131k bile\u015fenleri kullan\u0131r. S\u0131zd\u0131rmazl\u0131k bile\u015fenleri, poli\u00fcretan ve nitril kau\u00e7uk gibi a\u015f\u0131nmaya dayan\u0131kl\u0131 malzemelerden yap\u0131lm\u0131\u015ft\u0131r. Silindir g\u00f6vdesi ve di\u015fli u\u00e7 y\u00fczeyi, a\u015f\u0131nma direncini art\u0131rmak i\u00e7in ince bir \u015fekilde i\u015flenmi\u015ftir. Silindirin sorunsuz \u00e7al\u0131\u015fmas\u0131n\u0131 sa\u011flamak i\u00e7in hidrolik ya\u011f ile d\u00fczenli ya\u011flama gereklidir.<\/p>\n<h2>D\u00fczenli Muayene ve \u00d6nleyici Bak\u0131m<\/h2>\n<p>Kol silindirinin uzun vadeli g\u00fcvenilirli\u011fini ve emniyetini sa\u011flamak i\u00e7in d\u00fczenli inceleme ve \u00f6nleyici bak\u0131m \u015fartt\u0131r. A\u015fa\u011f\u0131daki \u00f6nlemler al\u0131nmal\u0131d\u0131r:<\/p>\n<ul>\n<li>Silindir g\u00f6vdesini, piston kolunu ve s\u0131zd\u0131rmazl\u0131k bile\u015fenlerini a\u015f\u0131nma ve hasar a\u00e7\u0131s\u0131ndan d\u00fczenli olarak kontrol edin.<\/li>\n<li>S\u0131zd\u0131rmazl\u0131k performans\u0131n\u0131 sa\u011flamak i\u00e7in s\u0131zd\u0131rmazl\u0131k bile\u015fenlerini d\u00fczenli olarak de\u011fi\u015ftirin.<\/li>\n<li>Hidrolik ya\u011f\u0131 d\u00fczenli olarak kontrol edin ve gerekirse de\u011fi\u015ftirin.<\/li>\n<li>Ba\u011flant\u0131 elemanlar\u0131n\u0131 d\u00fczenli olarak kontrol edin ve s\u0131k\u0131n.<\/li>\n<li>Filtre eleman\u0131n\u0131 d\u00fczenli olarak kontrol edin ve gerekirse de\u011fi\u015ftirin.<\/li>\n<\/ul>\n<p><img decoding=\"async\" src=\"https:\/\/www.hydraulic-cylinders.net\/wp-content\/uploads\/2025\/01\/songte-chushion-collar.webp\"><\/p>\n<h2>Kurulum K\u0131lavuzu<\/h2>\n<p>Kol silindirinin montaj\u0131 a\u015fa\u011f\u0131daki talimatlara uygun olarak yap\u0131lmal\u0131d\u0131r:<\/p>\n<ol>\n<li>Montaj y\u00fczeyinin d\u00fcz ve temiz oldu\u011fundan emin olun.<\/li>\n<li>Silindiri, silindir g\u00f6vdesindeki ok y\u00f6n\u00fcne g\u00f6re tak\u0131n.<\/li>\n<li>Silindirin montaj pozisyonuna dikkat edin ve piston kolunun d\u0131\u015f cisimlere \u00e7arpmas\u0131ndan ka\u00e7\u0131n\u0131n.<\/li>\n<li>Ba\u011flant\u0131 elemanlar\u0131n\u0131n belirtilen tork de\u011ferine kadar s\u0131k\u0131ld\u0131\u011f\u0131ndan emin olun.<\/li>\n<li>Silindirin d\u00fczg\u00fcn ve do\u011fru \u00e7al\u0131\u015ft\u0131\u011f\u0131ndan emin olmak i\u00e7in montajdan sonra silindirin hareketini kontrol edin.<\/li>\n<\/ol>\n<p><img decoding=\"async\" src=\"https:\/\/www.hydraulic-cylinders.net\/wp-content\/uploads\/2025\/01\/songte-bushings-with-all-kinds-of-excavator-models.webp\"><\/p>\n<h2>G\u00fcvenlik Hususlar\u0131 ve \u00c7evresel Fakt\u00f6rler<\/h2>\n<p>Kol silindirini kullan\u0131rken kazalar\u0131 \u00f6nlemek i\u00e7in g\u00fcvenlik \u00f6nlemleri al\u0131nmal\u0131d\u0131r. A\u015fa\u011f\u0131daki g\u00fcvenlik \u00f6nlemleri dikkate al\u0131nmal\u0131d\u0131r:<\/p>\n<ul>\n<li>Silindirin talimatlara uygun \u015fekilde tak\u0131ld\u0131\u011f\u0131ndan ve kullan\u0131ld\u0131\u011f\u0131ndan emin olun.<\/li>\n<li>Silindirin ta\u015f\u0131ma kapasitesine dikkat edin ve belirtilen limiti a\u015fmay\u0131n.<\/li>\n<li>Silindiri d\u00fczenli olarak a\u015f\u0131nma ve hasar a\u00e7\u0131s\u0131ndan kontrol edin ve par\u00e7alar\u0131 zaman\u0131nda de\u011fi\u015ftirin.<\/li>\n<li>Petrol s\u0131z\u0131nt\u0131lar\u0131ndan kaynaklanan kazalar\u0131 \u00f6nlemek i\u00e7in koruyucu ekipman kullan\u0131n.<\/li>\n<\/ul>\n<h2>Sorun Giderme ve Yayg\u0131n Sorunlar<\/h2>\n<p>Kol silindirinde s\u0131k kar\u015f\u0131la\u015f\u0131lan sorunlar aras\u0131nda ya\u011f ka\u00e7a\u011f\u0131, yetersiz g\u00fc\u00e7 ve anormal ses bulunur. A\u015fa\u011f\u0131daki ipu\u00e7lar\u0131 ve \u00e7\u00f6z\u00fcmler, sorunlar\u0131n te\u015fhis edilmesine ve \u00e7\u00f6z\u00fclmesine yard\u0131mc\u0131 olabilir:<\/p>\n<ul>\n<li>Silindir g\u00f6vdesinde ya\u011f ka\u00e7a\u011f\u0131 varsa, s\u0131zd\u0131rmazl\u0131k elemanlar\u0131n\u0131 kontrol edin ve gerekirse de\u011fi\u015ftirin.<\/li>\n<li>G\u00fc\u00e7 yetersizse, y\u00fck kapasitesini kontrol edin ve hidrolik sistemi buna g\u00f6re ayarlay\u0131n.<\/li>\n<li>Anormal bir ses duyulursa, ba\u011flant\u0131 elemanlar\u0131n\u0131 ve s\u0131zd\u0131rmazl\u0131k par\u00e7alar\u0131n\u0131 kontrol edin ve gerekirse s\u0131k\u0131n.<\/li>\n<\/ul>\n<p>D\u00fczenli kontrol, bak\u0131m ve par\u00e7a de\u011fi\u015fimi gibi \u00f6nleyici tedbirler, potansiyel sorunlar\u0131 azaltabilir ve kol silindirinin uzun vadeli g\u00fcvenilirli\u011fini sa\u011flayabilir.<\/p>\n<p><img decoding=\"async\" src=\"https:\/\/www.hydraulic-cylinders.net\/wp-content\/uploads\/2025\/01\/songte-company-4.webp\"><br \/>\n<img decoding=\"async\" src=\"https:\/\/www.hydraulic-cylinders.net\/wp-content\/uploads\/2025\/01\/songte-company-3.webp\"><\/p>\n<h2>Hakk\u0131m\u0131zda<\/h2>\n<p>Geni\u015f \u00fcr\u00fcn yelpazesine sahip profesyonel bir hidrolik silindir yedek par\u00e7a \u00fcreticisiyiz. Yurti\u00e7i ve yurtd\u0131\u015f\u0131 pazarlarda \u00f6nde gelen hidrolik silindir \u00fcreticilerinden ve toptanc\u0131lar\u0131ndan biri haline geldik. Her zaman m\u00fckemmel kalite ilkesine ba\u011fl\u0131 kalarak, hassas \u00fcretim at\u00f6lyelerinde end\u00fcstriyel \u00fcretim y\u00f6netim stratejilerine dayanarak teknik seviyeyi ve \u00fcretim verimlili\u011fini s\u00fcrekli olarak geli\u015ftiriyoruz. Y\u00fcksek teknoloji \u00fcr\u00fcn\u00fc dijital \u00fcretim ekipmanlar\u0131 ve profesyonel test sistemleri kullanarak, \u00fcretim platformunu s\u00fcrekli olarak optimize ediyor, \u00fcr\u00fcn kalite kontrol s\u00fcrecini iyile\u015ftiriyor ve g\u00fc\u00e7l\u00fc inovasyon yeteneklerine sahibiz. Amac\u0131m\u0131z, verimli, do\u011fru ve y\u00fcksek kaliteli ilkelerle m\u00fc\u015fterilerin \u00e7e\u015fitli ihtiya\u00e7lar\u0131n\u0131 kar\u015f\u0131lamakt\u0131r.<\/p>\n<h3>Profesyonellik<\/h3>\n<p>M\u00fc\u015fterilerimize en kaliteli \u00fcr\u00fcn ve hizmetleri sunmaya kendini adam\u0131\u015f, deneyimli profesyonellerden olu\u015fan bir ekibiz. Hidrolik silindirler konusunda derin bir bilgi birikimine sahibiz ve farkl\u0131 m\u00fc\u015fterilerin ihtiya\u00e7lar\u0131n\u0131 kar\u015f\u0131lamak i\u00e7in profesyonel tavsiyeler ve \u00e7\u00f6z\u00fcmler sunabiliyoruz.<\/p>\n<h3>Uluslararas\u0131 Sertifikasyon<\/h3>\n<p>\u00dcr\u00fcnlerimiz ISO9001, CE ve SGS gibi \u00e7e\u015fitli uluslararas\u0131 sertifikalardan ge\u00e7mi\u015ftir ve \u00fcr\u00fcn kalitesini uluslararas\u0131 standartlara g\u00f6re titizlikle kontrol ediyoruz.<\/p>\n<h3>\u00d6zelle\u015ftirme Hizmetleri<\/h3>\n<p>M\u00fc\u015fterilerin \u00f6zel ihtiya\u00e7lar\u0131na g\u00f6re, \u00f6zel boyutlar, \u015fekiller ve malzemeler gibi \u00f6zelle\u015ftirme hizmetleri sunabiliyoruz.<\/p>\n<h3>\u00dcretim Ekipmanlar\u0131<\/h3>\n<p>\u00dcretimde y\u00fcksek hassasiyet ve otomasyonu sa\u011flamak i\u00e7in CNC i\u015fleme merkezleri, hassas ta\u015flama makineleri ve otomatik kaynak makineleri gibi geli\u015fmi\u015f \u00fcretim ekipmanlar\u0131na sahibiz.<\/p>\n<h3>Sat\u0131\u015f Sonras\u0131 Hizmet<\/h3>\n<p>M\u00fc\u015fterilerimizin \u00fcr\u00fcnlerimizi g\u00fcvenle kullanabilmelerini sa\u011flamak i\u00e7in teknik destek, bak\u0131m ve onar\u0131m hizmetleri de dahil olmak \u00fczere kapsaml\u0131 sat\u0131\u015f sonras\u0131 hizmetler sunuyoruz.<\/p>\n<p>Yazar: lyl<\/p>","protected":false},"excerpt":{"rendered":"<p>Arm Cylinder For Baoding SC240SD.8 Introduction The arm cylinder is a specially designed hydraulic cylinder that is primarily used to provide linear motion and power to the arms of various types of machinery such as excavators, cranes, and mechanical arms. The arm cylinder plays a crucial role in hydraulic systems, enabling attachments or accessories to [&hellip;]<\/p>","protected":false},"featured_media":14786,"comment_status":"open","ping_status":"closed","template":"","meta":{"_et_pb_use_builder":"","_et_pb_old_content":"","_et_gb_content_width":""},"product_brand":[],"product_cat":[1497],"product_tag":[1498,1496],"class_list":{"0":"post-16888","1":"product","2":"type-product","3":"status-publish","4":"has-post-thumbnail","6":"product_cat-arm-cylinders","7":"product_tag-arm-cylinders","8":"product_tag-hydraulic-cylinders","10":"first","11":"instock","12":"shipping-taxable","13":"product-type-simple"},"amp_enabled":true,"_links":{"self":[{"href":"https:\/\/www.hydraulic-cylinders.net\/tr\/wp-json\/wp\/v2\/product\/16888","targetHints":{"allow":["GET"]}}],"collection":[{"href":"https:\/\/www.hydraulic-cylinders.net\/tr\/wp-json\/wp\/v2\/product"}],"about":[{"href":"https:\/\/www.hydraulic-cylinders.net\/tr\/wp-json\/wp\/v2\/types\/product"}],"replies":[{"embeddable":true,"href":"https:\/\/www.hydraulic-cylinders.net\/tr\/wp-json\/wp\/v2\/comments?post=16888"}],"wp:featuredmedia":[{"embeddable":true,"href":"https:\/\/www.hydraulic-cylinders.net\/tr\/wp-json\/wp\/v2\/media\/14786"}],"wp:attachment":[{"href":"https:\/\/www.hydraulic-cylinders.net\/tr\/wp-json\/wp\/v2\/media?parent=16888"}],"wp:term":[{"taxonomy":"product_brand","embeddable":true,"href":"https:\/\/www.hydraulic-cylinders.net\/tr\/wp-json\/wp\/v2\/product_brand?post=16888"},{"taxonomy":"product_cat","embeddable":true,"href":"https:\/\/www.hydraulic-cylinders.net\/tr\/wp-json\/wp\/v2\/product_cat?post=16888"},{"taxonomy":"product_tag","embeddable":true,"href":"https:\/\/www.hydraulic-cylinders.net\/tr\/wp-json\/wp\/v2\/product_tag?post=16888"}],"curies":[{"name":"wp","href":"https:\/\/api.w.org\/{rel}","templated":true}]}}