{"id":16892,"date":"2025-01-21T06:11:02","date_gmt":"2025-01-21T06:11:02","guid":{"rendered":"https:\/\/www.hydraulic-cylinders.net\/product\/arm-cylinder-for-tiangong-zg3210-9\/"},"modified":"2025-01-21T06:11:04","modified_gmt":"2025-01-21T06:11:04","slug":"arm-cylinder-for-tiangong-zg3210-9","status":"publish","type":"product","link":"https:\/\/www.hydraulic-cylinders.net\/tr\/urun\/arm-cylinder-for-tiangong-zg3210-9\/","title":{"rendered":"Tiangong ZG3210-9 \u0130\u00e7in Kol Silindiri"},"content":{"rendered":"<h2>Tiangong ZG3210-9 \u0130\u00e7in Kol Silindiri<\/h2>\n<h3>girii\u015f<\/h3>\n<p>Kol silindiri, ekskavat\u00f6rler, vin\u00e7ler ve robotik kollar gibi \u00e7e\u015fitli mekanik kollara do\u011frusal hareket ve g\u00fc\u00e7 sa\u011flayan \u00f6zel olarak tasarlanm\u0131\u015f bir hidrolik silindirdir. Kol silindirleri, hidrolik sistemlerde \u00f6nemli bir rol oynar ve ek alet veya ata\u015fmanlar\u0131n verimli bir \u015fekilde hareket etmesini ve kontrol edilmesini sa\u011flar. Bu silindirler sadece d\u00fczg\u00fcn hareket sa\u011flamakla kalmaz, ayn\u0131 zamanda a\u011f\u0131r y\u00fcklere de dayanarak \u00e7e\u015fitli \u00e7al\u0131\u015fma ko\u015fullar\u0131nda makinelerin verimli \u00e7al\u0131\u015fmas\u0131n\u0131 ve g\u00fcvenilirli\u011fini sa\u011flar.<\/p>\n<p><img decoding=\"async\" src=\"https:\/\/www.hydraulic-cylinders.net\/wp-content\/uploads\/2025\/01\/songte-company-2.webp\" alt=\"Kol Silindiri G\u00f6r\u00fcnt\u00fcs\u00fc\"><\/p>\n<h3>\u00d6zellikler<\/h3>\n<ul>\n<li><strong>Y\u00fcksek Verimli \u015eanz\u0131man:<\/strong> Kol silindirleri g\u00fc\u00e7l\u00fc do\u011frusal hareket ve kuvvet sa\u011flayarak malzeme ta\u015f\u0131ma ve kaz\u0131 gibi \u00e7e\u015fitli operasyonlarda y\u00fcksek verimlilik performans\u0131 sa\u011flar.<\/li>\n<li><strong>Hassas Kontrol:<\/strong> Hidrolik sistem sayesinde kol silindirleri hassas hareket kontrol\u00fc sa\u011flayabilir, b\u00f6ylece ek aletlerin \u00e7al\u0131\u015fmas\u0131 daha esnek ve hassas hale gelir.<\/li>\n<li><strong>Dayan\u0131kl\u0131l\u0131k:<\/strong> Kol silindirleri genellikle y\u00fcksek mukavemetli malzemelerden yap\u0131l\u0131r, a\u015f\u0131nma ve korozyon direnci iyidir, zorlu ortamlarda uzun s\u00fcreli kullan\u0131ma uygundur.<\/li>\n<li><strong>\u00c7ok Fonksiyonlu Uyarlanabilirlik:<\/strong> Bu silindirler, ekskavat\u00f6rler, vin\u00e7ler ve robotik kollar gibi \u00e7e\u015fitli mekanik ekipmanlarda farkl\u0131 \u00e7al\u0131\u015fma gereksinimlerini kar\u015f\u0131lamak i\u00e7in yayg\u0131n olarak kullan\u0131labilir.<\/li>\n<li><strong>Kolay Bak\u0131m:<\/strong> Kolay bak\u0131m ve de\u011fi\u015fim i\u00e7in tasarlanan kol silindirleri, d\u00fczenli kontrolleri ve bak\u0131m\u0131 daha kolay hale getirerek ekipman ar\u0131za s\u00fcresini azalt\u0131r.<\/li>\n<\/ul>\n<p><img decoding=\"async\" src=\"https:\/\/www.hydraulic-cylinders.net\/wp-content\/uploads\/2025\/01\/songte-oil-pipes-and-spare-parts.webp\" alt=\"Hidrolik Silindir Yedek Par\u00e7a G\u00f6rseli\"><\/p>\n<h3>Uygulamalar<\/h3>\n<p>Kol silindirleri \u00e7e\u015fitli end\u00fcstrilerde ve ekipmanlarda yayg\u0131n olarak kullan\u0131lmaktad\u0131r. Kol silindirlerinin baz\u0131 temel uygulamalar\u0131 \u015funlard\u0131r:<\/p>\n<ul>\n<li><strong>Yap\u0131:<\/strong> Ekskavat\u00f6rlerde ve vin\u00e7lerde, kol silindirleri kovalar\u0131n veya bomlar\u0131n hareketini kontrol etmek, toprak i\u015fleri, malzeme ta\u015f\u0131ma ve yap\u0131sal montaj yapmak i\u00e7in kullan\u0131l\u0131r.<\/li>\n<li><strong>\u00dcretme:<\/strong> Otomasyonlu \u00fcretim hatlar\u0131nda, robot kollar\u0131n\u0131n hareket ettirilmesi, montaj, kaynak ve malzeme ta\u015f\u0131ma s\u00fcre\u00e7lerinin ger\u00e7ekle\u015ftirilmesinde kol silindirleri kullan\u0131l\u0131r, \u00fcretim verimlili\u011fi ve do\u011frulu\u011fu art\u0131r\u0131l\u0131r.<\/li>\n<li><strong>Tar\u0131m Makinalar\u0131:<\/strong> Bi\u00e7erd\u00f6ver ve ekim makinesi gibi tar\u0131m makinelerinde kol silindirleri, ekim, g\u00fcbreleme ve hasat gibi g\u00f6revleri ger\u00e7ekle\u015ftiren \u00e7al\u0131\u015fma kollar\u0131n\u0131n hareketini kontrol eder.<\/li>\n<li><strong>Madencilik:<\/strong> Madencilik ekipmanlar\u0131nda kol silindirleri, madencilik ve malzeme ta\u015f\u0131ma gibi g\u00f6revleri ger\u00e7ekle\u015ftiren madencilik ekipmanlar\u0131n\u0131n kol hareketini kontrol etmek i\u00e7in kullan\u0131l\u0131r.<\/li>\n<li><strong>Lojistik ve Ta\u015f\u0131mac\u0131l\u0131k:<\/strong> Forkliftlerde ve ta\u015f\u0131ma robotlar\u0131nda, \u00e7atallar\u0131n hareketini kontrol etmek i\u00e7in kol silindirleri kullan\u0131l\u0131r ve bu sayede malzeme ta\u015f\u0131ma ve istifleme i\u015flemi ger\u00e7ekle\u015ftirilir.<\/li>\n<\/ul>\n<h3>Tasar\u0131m Hususlar\u0131 ve Se\u00e7im Kriterleri<\/h3>\n<p>Kol silindirleri, belirli ihtiya\u00e7 ve ko\u015fullar\u0131 kar\u015f\u0131layacak \u015fekilde tasarlanm\u0131\u015ft\u0131r. Kol silindirleri i\u00e7in baz\u0131 temel tasar\u0131m hususlar\u0131 ve se\u00e7im kriterleri \u015funlard\u0131r:<\/p>\n<ul>\n<li><strong>Y\u00fck Ta\u015f\u0131ma Kapasitesi:<\/strong> Kol silindirleri, ekipman\u0131n y\u00fck\u00fcne ve ek alet veya ata\u015fmanlara dayanabilmelidir.<\/li>\n<li><strong>S\u0131zd\u0131rmazl\u0131k:<\/strong> Kol silindirleri, hidrolik s\u0131v\u0131 s\u0131z\u0131nt\u0131s\u0131n\u0131 \u00f6nlemek ve d\u00fczg\u00fcn hareket sa\u011flamak i\u00e7in yeterli s\u0131zd\u0131rmazl\u0131\u011fa sahip olmal\u0131d\u0131r.<\/li>\n<li><strong>Dayan\u0131kl\u0131l\u0131k:<\/strong> Kol silindirleri, zorlu ortamlara dayanacak \u015fekilde dayan\u0131kl\u0131 malzemelerden yap\u0131lmal\u0131 ve iyi a\u015f\u0131nma ve korozyon direncine sahip olmal\u0131d\u0131r.<\/li>\n<li><strong>Emniyet:<\/strong> Kol silindirleri, kazalar\u0131 veya ekipman hasar\u0131n\u0131 \u00f6nlemek i\u00e7in g\u00fcvenlik \u00f6zellikleriyle tasarlanmal\u0131d\u0131r.<\/li>\n<li><strong>Bak\u0131m:<\/strong> Ar\u0131za s\u00fcresini en aza indirmek i\u00e7in kol silindirleri kolay bak\u0131m ve de\u011fi\u015fime uygun \u015fekilde tasarlanmal\u0131d\u0131r.<\/li>\n<\/ul>\n<p><img decoding=\"async\" src=\"https:\/\/www.hydraulic-cylinders.net\/wp-content\/uploads\/2025\/01\/songte-cylinder-head-with-all-kinds-excavator-models.webp\" alt=\"Hidrolik Silindir Kapa\u011f\u0131 G\u00f6rseli\"><\/p>\n<h3>S\u0131zd\u0131rmazl\u0131k ve Ya\u011flama<\/h3>\n<p>Kol silindirleri, hidrolik s\u0131v\u0131 s\u0131z\u0131nt\u0131s\u0131n\u0131 \u00f6nlemek ve d\u00fczg\u00fcn hareket sa\u011flamak i\u00e7in piston contalar\u0131, piston kolu contalar\u0131 ve silecek lastikleri gibi \u00e7e\u015fitli s\u0131zd\u0131rmazl\u0131k bile\u015fenlerine ihtiya\u00e7 duyar. S\u0131zd\u0131rmazl\u0131k bile\u015fenleri, poli\u00fcretan ve nitril kau\u00e7uk gibi a\u015f\u0131nmaya dayan\u0131kl\u0131 malzemelerden \u00fcretilmi\u015ftir. Silindir g\u00f6vdesi ve di\u015fli ucu y\u00fczeyi, a\u015f\u0131nma direncini art\u0131rmak i\u00e7in hassas bir \u015fekilde i\u015flenmi\u015ftir. Kol silindirleri, d\u00fczg\u00fcn hareket sa\u011flamak ve a\u015f\u0131nma ve y\u0131pranmay\u0131 \u00f6nlemek i\u00e7in hidrolik ya\u011f ile periyodik olarak ya\u011flanmal\u0131d\u0131r.<\/p>\n<h3>Bak\u0131m ve Onar\u0131m<\/h3>\n<p>Kol silindirlerinin verimli \u00e7al\u0131\u015fmas\u0131n\u0131 ve uzun \u00f6m\u00fcrl\u00fc olmas\u0131n\u0131 sa\u011flamak i\u00e7in d\u00fczenli muayene ve \u00f6nleyici bak\u0131m \u015fartt\u0131r. Kol silindirleri i\u00e7in temel bak\u0131m ve onar\u0131m \u00f6nlemlerinden baz\u0131lar\u0131 \u015funlard\u0131r:<\/p>\n<ul>\n<li>Hidrolik s\u0131v\u0131 s\u0131z\u0131nt\u0131lar\u0131n\u0131n kontrol\u00fc<\/li>\n<li>S\u0131zd\u0131rmazl\u0131k bile\u015fenlerinin a\u015f\u0131nma ve hasar a\u00e7\u0131s\u0131ndan kontrol edilmesi ve gerekirse de\u011fi\u015ftirilmesi<\/li>\n<li>Silindir bile\u015fenlerinin a\u015f\u0131nma ve hasar a\u00e7\u0131s\u0131ndan kontrol edilmesi ve gerekirse de\u011fi\u015ftirilmesi<\/li>\n<li>Uygun ya\u011flaman\u0131n kontrol edilmesi<\/li>\n<li>Uygun hizalama ve kurulumun kontrol edilmesi<\/li>\n<\/ul>\n<p><img decoding=\"async\" src=\"https:\/\/www.hydraulic-cylinders.net\/wp-content\/uploads\/2025\/01\/songte-chushion-collar.webp\" alt=\"Hidrolik Silindir Yakas\u0131 G\u00f6rseli\"><\/p>\n<h3>Kurulum K\u0131lavuzu<\/h3>\n<p>Kol silindirlerinin montaj\u0131, sorunsuz ve verimli bir \u00e7al\u0131\u015fma sa\u011flamak i\u00e7in do\u011fru hizalama ve kurulum gerektirir. Kol silindirleri i\u00e7in temel montaj ad\u0131mlar\u0131ndan baz\u0131lar\u0131 \u015funlard\u0131r:<\/p>\n<ol>\n<li>Kurulum alan\u0131n\u0131 haz\u0131rlay\u0131n ve ekipman i\u00e7in uygun deste\u011fi sa\u011flay\u0131n<\/li>\n<li>Kol silindirini ekipmanla hizalay\u0131n<\/li>\n<li>Kol silindirini c\u0131vata veya pimler kullanarak ekipmana sabitleyin<\/li>\n<li>Hidrolik hortumlar\u0131 kol silindirine ba\u011flay\u0131n<\/li>\n<li>Kol silindirinin d\u00fczg\u00fcn \u00e7al\u0131\u015f\u0131p \u00e7al\u0131\u015fmad\u0131\u011f\u0131n\u0131 test edin<\/li>\n<\/ol>\n<h3>G\u00fcvenlik ve \u00c7evresel Hususlar<\/h3>\n<p>Kol silindirleri, kazalar\u0131 veya ekipman hasar\u0131n\u0131 \u00f6nlemek i\u00e7in uygun g\u00fcvenlik \u00f6nlemleriyle \u00e7al\u0131\u015ft\u0131r\u0131lmal\u0131d\u0131r. G\u00fcvenlik \u00f6nlemleri aras\u0131nda uygun e\u011fitim ve \u00e7al\u0131\u015ft\u0131rma, d\u00fczenli denetimler ve uygun bak\u0131m ve onar\u0131m yer al\u0131r. Kol silindirleri ayr\u0131ca \u00e7evre d\u00fczenlemelerine uygun olmal\u0131 ve \u00e7evre kirlili\u011fini \u00f6nlemek i\u00e7in uygun \u015fekilde bertaraf edilmelidir.<\/p>\n<h3>Sorun Giderme ve Yayg\u0131n Sorunlar<\/h3>\n<p>Kol silindirleriyle ilgili yayg\u0131n sorunlardan baz\u0131lar\u0131 hidrolik s\u0131v\u0131 s\u0131z\u0131nt\u0131lar\u0131, a\u015f\u0131nm\u0131\u015f contalar ve hasarl\u0131 silindir bile\u015fenleridir. Sorun giderme, sorunu tespit etmeyi ve ar\u0131zal\u0131 bile\u015fenleri onarmak veya de\u011fi\u015ftirmek i\u00e7in uygun \u00f6nlemleri almay\u0131 i\u00e7erir. D\u00fczenli bak\u0131m ve muayene gibi \u00f6nleyici tedbirler bu sorunlar\u0131n \u00f6nlenmesine yard\u0131mc\u0131 olabilir.<\/p>\n<h3>Hakk\u0131m\u0131zda<\/h3>\n<p>Hidrolik silindir ve yedek par\u00e7a alan\u0131nda profesyonel bir \u00fcreticiyiz ve geni\u015f bir \u00fcr\u00fcn ve hizmet yelpazesi sunuyoruz. Yurt i\u00e7i ve yurt d\u0131\u015f\u0131 pazarlarda lider hidrolik silindir \u00fcreticilerinden ve toptan da\u011f\u0131t\u0131c\u0131lar\u0131ndan biri haline geldik. Her zaman m\u00fckemmel kalite ilkesine ba\u011fl\u0131 kalarak, teknik seviyemizi ve \u00fcretim verimlili\u011fimizi s\u00fcrekli iyile\u015ftirmek i\u00e7in kaliteli \u00fcretim at\u00f6lyelerimize ve end\u00fcstriyel \u00fcretim y\u00f6netimi stratejilerimize g\u00fcveniyoruz. \u00dcst d\u00fczey dijital \u00fcretim ekipmanlar\u0131 ve profesyonel test sistemlerimizi devreye alarak, \u00fcretim platformumuzu optimize etmeye, \u00fcr\u00fcn kalite kontrol s\u00fcre\u00e7lerimizi iyile\u015ftirmeye ve g\u00fc\u00e7l\u00fc inovasyon yeteneklerine sahip olmaya devam ediyoruz. Amac\u0131m\u0131z, m\u00fc\u015fterilerimizin \u00e7e\u015fitli ihtiya\u00e7lar\u0131n\u0131 y\u00fcksek verimlilik, hassasiyet ve y\u00fcksek kaliteli \u00fcr\u00fcnlerle kar\u015f\u0131lamakt\u0131r.<\/p>\n<p><img decoding=\"async\" src=\"https:\/\/www.hydraulic-cylinders.net\/wp-content\/uploads\/2025\/01\/songte-company-4.webp\" alt=\"Hidrolik Silindir \u00dcretim G\u00f6rseli\"><br \/>\n<img decoding=\"async\" src=\"https:\/\/www.hydraulic-cylinders.net\/wp-content\/uploads\/2025\/01\/songte-company-3.webp\" alt=\"Hidrolik Silindir \u00dcretim G\u00f6rseli\"><\/p>\n<h3>Hizmetlerimiz<\/h3>\n<ul>\n<li><strong>Profesyonellik:<\/strong> Uzman tavsiyeleri ve hizmetleri sunan deneyimli profesyonellerden olu\u015fan bir ekibimiz var.<\/li>\n<li><strong>Uluslararas\u0131 Sertifikasyon:<\/strong> \u00dcr\u00fcnlerimiz uluslararas\u0131 kalite standartlar\u0131na uygun olup ISO9001, CE ve di\u011fer sertifikalara sahiptir.<\/li>\n<li><strong>\u00d6zelle\u015ftirme:<\/strong> M\u00fc\u015fterilerimizin \u00f6zel gereksinimlerini kar\u015f\u0131lamak i\u00e7in \u00f6zelle\u015ftirilmi\u015f \u00fcr\u00fcn ve hizmetler sunuyoruz.<\/li>\n<li><strong>\u00dcretim Ekipmanlar\u0131:<\/strong> \u00dcr\u00fcn kalitesini ve verimlili\u011fini garanti alt\u0131na almak i\u00e7in geli\u015fmi\u015f dijital \u00fcretim ekipmanlar\u0131m\u0131z ve test sistemlerimiz bulunmaktad\u0131r.<\/li>\n<li><strong>Sat\u0131\u015f Sonras\u0131 Hizmet:<\/strong> Teknik destek ve bak\u0131m dahil olmak \u00fczere kapsaml\u0131 sat\u0131\u015f sonras\u0131 hizmetler sa\u011fl\u0131yoruz.<\/li>\n<\/ul>\n<p>Yazar: lyl<\/p>","protected":false},"excerpt":{"rendered":"<p>Arm Cylinder For Tiangong ZG3210-9 Introduction An arm cylinder is a specially designed hydraulic cylinder that provides linear motion and power to various mechanical arms such as excavators, cranes, and robotic arms. Arm cylinders play a crucial role in hydraulic systems, enabling efficient movement and control of additional tools or attachments. These cylinders not only [&hellip;]<\/p>","protected":false},"featured_media":14774,"comment_status":"open","ping_status":"closed","template":"","meta":{"_et_pb_use_builder":"","_et_pb_old_content":"","_et_gb_content_width":""},"product_brand":[],"product_cat":[1497],"product_tag":[1498,1496],"class_list":{"0":"post-16892","1":"product","2":"type-product","3":"status-publish","4":"has-post-thumbnail","6":"product_cat-arm-cylinders","7":"product_tag-arm-cylinders","8":"product_tag-hydraulic-cylinders","10":"first","11":"instock","12":"shipping-taxable","13":"product-type-simple"},"amp_enabled":true,"_links":{"self":[{"href":"https:\/\/www.hydraulic-cylinders.net\/tr\/wp-json\/wp\/v2\/product\/16892","targetHints":{"allow":["GET"]}}],"collection":[{"href":"https:\/\/www.hydraulic-cylinders.net\/tr\/wp-json\/wp\/v2\/product"}],"about":[{"href":"https:\/\/www.hydraulic-cylinders.net\/tr\/wp-json\/wp\/v2\/types\/product"}],"replies":[{"embeddable":true,"href":"https:\/\/www.hydraulic-cylinders.net\/tr\/wp-json\/wp\/v2\/comments?post=16892"}],"wp:featuredmedia":[{"embeddable":true,"href":"https:\/\/www.hydraulic-cylinders.net\/tr\/wp-json\/wp\/v2\/media\/14774"}],"wp:attachment":[{"href":"https:\/\/www.hydraulic-cylinders.net\/tr\/wp-json\/wp\/v2\/media?parent=16892"}],"wp:term":[{"taxonomy":"product_brand","embeddable":true,"href":"https:\/\/www.hydraulic-cylinders.net\/tr\/wp-json\/wp\/v2\/product_brand?post=16892"},{"taxonomy":"product_cat","embeddable":true,"href":"https:\/\/www.hydraulic-cylinders.net\/tr\/wp-json\/wp\/v2\/product_cat?post=16892"},{"taxonomy":"product_tag","embeddable":true,"href":"https:\/\/www.hydraulic-cylinders.net\/tr\/wp-json\/wp\/v2\/product_tag?post=16892"}],"curies":[{"name":"wp","href":"https:\/\/api.w.org\/{rel}","templated":true}]}}