{"id":16897,"date":"2025-01-21T06:11:21","date_gmt":"2025-01-21T06:11:21","guid":{"rendered":"https:\/\/www.hydraulic-cylinders.net\/product\/arm-cylinder-for-tiangong-zg3255lc-9\/"},"modified":"2025-01-21T06:11:23","modified_gmt":"2025-01-21T06:11:23","slug":"arm-cylinder-for-tiangong-zg3255lc-9","status":"publish","type":"product","link":"https:\/\/www.hydraulic-cylinders.net\/tr\/urun\/arm-cylinder-for-tiangong-zg3255lc-9\/","title":{"rendered":"Tiangong ZG3255LC-9 i\u00e7in Kol Silindiri"},"content":{"rendered":"<h1>Tiangong ZG3255LC-9 i\u00e7in Kol Silindiri<\/h1>\n<h2>girii\u015f<\/h2>\n<p>Kol silindiri, ekskavat\u00f6rler, vin\u00e7ler ve robot kollar\u0131 gibi \u00e7e\u015fitli makinelerin kollar\u0131na do\u011frusal hareket ve g\u00fc\u00e7 sa\u011flayan \u00f6zel bir hidrolik silindirdir. Hidrolik sistemlerde kritik bir rol oynayarak, ata\u015fmanlar\u0131n etkili bir \u015fekilde hareket etmesini ve kontrol edilmesini sa\u011flar. Bu silindirler sadece d\u00fczg\u00fcn hareket sa\u011flamakla kalmaz, ayn\u0131 zamanda a\u011f\u0131r y\u00fckleri de ta\u015f\u0131yabilir ve \u00e7e\u015fitli \u00e7al\u0131\u015fma ko\u015fullar\u0131 alt\u0131nda makinelerin verimli \u00e7al\u0131\u015fmas\u0131n\u0131 ve g\u00fcvenilirli\u011fini sa\u011flar.<\/p>\n<p><img decoding=\"async\" src=\"https:\/\/www.hydraulic-cylinders.net\/wp-content\/uploads\/2025\/01\/songte-company-2.webp\" alt=\"Kol Silindiri G\u00f6r\u00fcnt\u00fcs\u00fc\"><\/p>\n<h2>\u00d6zellikler<\/h2>\n<ul>\n<li>Y\u00fcksek verimli \u015fanz\u0131man: Makine kollar\u0131n\u0131n y\u00fcksek \u00e7al\u0131\u015fma verimlili\u011fini sa\u011flamak i\u00e7in g\u00fc\u00e7l\u00fc do\u011frusal hareket ve kuvvet sa\u011flar.<\/li>\n<li>Hassas kontrol: Hidrolik sistemler arac\u0131l\u0131\u011f\u0131yla ata\u015fmanlar\u0131n hareket kontrol\u00fcn\u00fc hassas bir \u015fekilde sa\u011flayarak, \u00e7al\u0131\u015fmalar\u0131n\u0131 daha esnek ve do\u011fru hale getirir.<\/li>\n<li>Y\u00fcksek dayan\u0131kl\u0131l\u0131k: Genellikle y\u00fcksek mukavemetli, a\u015f\u0131nma ve korozyon direncine sahip malzemelerden \u00fcretilir ve zorlu ortamlarda uzun s\u00fcreli kullan\u0131m i\u00e7in uygundur.<\/li>\n<li>\u00c7ok y\u00f6nl\u00fc uyarlanabilirlik: Bu silindirler, ekskavat\u00f6rler, vin\u00e7ler ve robot kollar\u0131 gibi \u00e7e\u015fitli makine t\u00fcrlerinde yayg\u0131n olarak kullan\u0131labilir ve farkl\u0131 \u00e7al\u0131\u015fma gereksinimlerine uyum sa\u011flar.<\/li>\n<li>Kolay bak\u0131m: Kolay bak\u0131m ve de\u011fi\u015ftirme i\u00e7in tasarlanm\u0131\u015ft\u0131r, bu da d\u00fczenli inceleme ve bak\u0131m\u0131 daha kolay hale getirir ve ekipman ar\u0131za s\u00fcresini azalt\u0131r.<\/li>\n<\/ul>\n<p>Biz bu \u00fcr\u00fcn\u00fc \u00fcretebiliyoruz ve \u00fcr\u00fcn\u00fcm\u00fcz bu hidrolik silindirlerin yerini m\u00fckemmel bir \u015fekilde alabiliyor.<\/p>\n<p><img decoding=\"async\" src=\"https:\/\/www.hydraulic-cylinders.net\/wp-content\/uploads\/2025\/01\/songte-oil-pipes-and-spare-parts.webp\" alt=\"Hidrolik Silindir Yedek Par\u00e7a G\u00f6rseli\"><\/p>\n<h2>Uygulamalar<\/h2>\n<p>Kol silindiri \u00e7e\u015fitli end\u00fcstrilerde ve uygulamalarda kullan\u0131lmaktad\u0131r:<\/p>\n<ul>\n<li>\u0130n\u015faat m\u00fchendisli\u011fi: Toprak i\u015fleri, malzeme ta\u015f\u0131ma ve yap\u0131 montaj\u0131 i\u00e7in ekskavat\u00f6rlerde ve vin\u00e7lerde kep\u00e7e veya bomlar\u0131n hareketini kontrol etmek amac\u0131yla kullan\u0131l\u0131r.<\/li>\n<li>\u00dcretim: Otomatik \u00fcretim hatlar\u0131nda robot kollar\u0131n\u0131n hareket ettirilmesi, montaj, kaynak ve ta\u015f\u0131ma i\u015flemlerinin ger\u00e7ekle\u015ftirilmesi i\u00e7in kullan\u0131l\u0131r; bu da verimlili\u011fi ve do\u011frulu\u011fu art\u0131r\u0131r.<\/li>\n<li>Tar\u0131m makineleri: Ekim, g\u00fcbreleme ve hasat gibi i\u015flemler i\u00e7in \u00e7al\u0131\u015fma kollar\u0131n\u0131n hareketini kontrol etmek amac\u0131yla bi\u00e7erd\u00f6ver ve ekim makineleri gibi tar\u0131m makinelerinde kullan\u0131l\u0131r.<\/li>\n<li>Madencilik: Madencilik ekipmanlar\u0131nda, madenlerin \u00e7\u0131kar\u0131lmas\u0131 ve ta\u015f\u0131nmas\u0131 s\u0131ras\u0131nda kollar\u0131n hareketini kontrol etmek i\u00e7in kullan\u0131l\u0131r.<\/li>\n<li>Lojistik ve ta\u015f\u0131mac\u0131l\u0131k: Forkliftlerde ve ta\u015f\u0131ma robotlar\u0131nda \u00e7atal hareketini kontrol etmek ve malzeme ta\u015f\u0131ma ve istifleme i\u015flemlerini ger\u00e7ekle\u015ftirmek i\u00e7in kullan\u0131l\u0131r.<\/li>\n<\/ul>\n<h2>Tasar\u0131m Hususlar\u0131 ve Se\u00e7im Kriterleri<\/h2>\n<ul>\n<li>Ta\u015f\u0131ma kapasitesi: Silindirin \u00e7al\u0131\u015fma s\u0131ras\u0131nda g\u00fcvenli\u011fini ve verimlili\u011fini sa\u011flamak i\u00e7in ta\u015f\u0131ma kapasitesi dikkate al\u0131nmal\u0131d\u0131r.<\/li>\n<li>S\u0131zd\u0131rmazl\u0131k: S\u0131v\u0131 s\u0131z\u0131nt\u0131s\u0131n\u0131 \u00f6nlemek i\u00e7in poli\u00fcretan ve nitril kau\u00e7uk gibi dayan\u0131kl\u0131 malzemelerden yap\u0131lm\u0131\u015f piston contalar\u0131 ve mil contalar\u0131 gibi \u00e7e\u015fitli contalar kullan\u0131l\u0131r.<\/li>\n<li>Dayan\u0131kl\u0131l\u0131k: Zorlu ortamlara ve uzun s\u00fcreli kullan\u0131ma dayanacak \u015fekilde m\u00fckemmel a\u015f\u0131nma ve korozyon direnci sa\u011flayan y\u00fcksek mukavemetli malzemelerden \u00fcretilmi\u015ftir.<\/li>\n<li>G\u00fcvenlik: G\u00fcvenli \u00e7al\u0131\u015fma sa\u011flamak i\u00e7in bas\u0131n\u00e7 tahliye vanalar\u0131 ve kilitleme mekanizmalar\u0131 gibi g\u00fcvenlik \u00f6zellikleri dikkate al\u0131nmal\u0131d\u0131r.<\/li>\n<li>Bak\u0131m: Silindirin verimlili\u011fini art\u0131rmak ve ar\u0131za s\u00fcrelerini azaltmak i\u00e7in, s\u0131k kullan\u0131lan par\u00e7alar\u0131n kolay bak\u0131m ve de\u011fi\u015ftirilmesine y\u00f6nelik tasar\u0131m.<\/li>\n<\/ul>\n<p><img decoding=\"async\" src=\"https:\/\/www.hydraulic-cylinders.net\/wp-content\/uploads\/2025\/01\/songte-cylinder-head-with-all-kinds-excavator-models.webp\" alt=\"Hidrolik Silindir Kapa\u011f\u0131 G\u00f6rseli\"><\/p>\n<h2>S\u0131zd\u0131rmazl\u0131k ve Ya\u011flama<\/h2>\n<p>Piston contalar\u0131 ve mil contalar\u0131 gibi \u00e7e\u015fitli contalar, s\u0131v\u0131 s\u0131z\u0131nt\u0131s\u0131n\u0131 \u00f6nlemek i\u00e7in kullan\u0131l\u0131r. Bu contalar, poli\u00fcretan ve nitril kau\u00e7uk gibi dayan\u0131kl\u0131 malzemelerden \u00fcretilmi\u015ftir. Silindirin g\u00f6vdesi ve di\u015fli u\u00e7 y\u00fczeyleri, a\u015f\u0131nma direncini art\u0131rmak i\u00e7in ince bir \u015fekilde i\u015flenmi\u015ftir. Uygun miktarda hidrolik ya\u011f ile d\u00fczenli ya\u011flama gereklidir.<\/p>\n<p><img decoding=\"async\" src=\"https:\/\/www.hydraulic-cylinders.net\/wp-content\/uploads\/2025\/01\/songte-chushion-collar.webp\" alt=\"Hidrolik Silindir Yast\u0131k Yakas\u0131 Resmi\"><\/p>\n<h2>Muayene ve Bak\u0131m<\/h2>\n<ul>\n<li>G\u00fcvenli \u00e7al\u0131\u015fma sa\u011flamak i\u00e7in silindir g\u00f6vdesinin ve contalar\u0131n\u0131n d\u00fczenli olarak kontrol edilmesi gereklidir.<\/li>\n<li>S\u0131v\u0131 s\u0131z\u0131nt\u0131s\u0131n\u0131 ve silindir ar\u0131zas\u0131n\u0131 \u00f6nlemek i\u00e7in hasarl\u0131 veya a\u015f\u0131nm\u0131\u015f contalar\u0131 ve di\u011fer par\u00e7alar\u0131 derhal de\u011fi\u015ftirin.<\/li>\n<li>Kirlenmeyi \u00f6nlemek i\u00e7in montajdan \u00f6nce silindirin g\u00f6vdesini ve di\u015fli u\u00e7 y\u00fczeylerini temizleyin.<\/li>\n<\/ul>\n<h2>Kurulum K\u0131lavuzu<\/h2>\n<ul>\n<li>Montajdan \u00f6nce silindirin ve montaj par\u00e7alar\u0131n\u0131n temiz ve hasars\u0131z oldu\u011fundan emin olun.<\/li>\n<li>Montaj s\u0131ras\u0131nda silindire ve par\u00e7alar\u0131na zarar vermemek i\u00e7in uygun alet ve ekipmanlar\u0131 kullan\u0131n.<\/li>\n<li>Silindirin do\u011fru konumda tak\u0131ld\u0131\u011f\u0131ndan ve makinenin montaj braketleriyle hizaland\u0131\u011f\u0131ndan emin olun.<\/li>\n<li>C\u0131vatalar\u0131 ve somunlar\u0131 \u00f6nerilen tork de\u011ferine g\u00f6re s\u0131k\u0131n.<\/li>\n<li>Silindirin d\u00fczg\u00fcn \u00e7al\u0131\u015f\u0131p \u00e7al\u0131\u015fmad\u0131\u011f\u0131n\u0131 kontrol etmek i\u00e7in montajdan sonra test edin.<\/li>\n<\/ul>\n<p><img decoding=\"async\" src=\"https:\/\/www.hydraulic-cylinders.net\/wp-content\/uploads\/2025\/01\/songte-bushings-with-all-kinds-of-excavator-models.webp\" alt=\"Hidrolik Silindir Bur\u00e7 Resmi\"><\/p>\n<h2>G\u00fcvenlik Hususlar\u0131 ve \u00c7evresel Fakt\u00f6rler<\/h2>\n<p>Hidrolik sistemlerle \u00e7al\u0131\u015f\u0131rken g\u00fcvenlik \u00f6nlemleri son derece \u00f6nemlidir. Operat\u00f6rlere uygun e\u011fitim ve g\u00fcvenlik ekipman\u0131 sa\u011flanmal\u0131d\u0131r. Silindirin g\u00fcvenli ve verimli \u00e7al\u0131\u015fmas\u0131n\u0131 sa\u011flamak i\u00e7in s\u0131cakl\u0131k, nem ve titre\u015fim gibi \u00e7evresel fakt\u00f6rler de dikkate al\u0131nmal\u0131d\u0131r.<\/p>\n<h2>Sorun Giderme ve Yayg\u0131n Sorunlar<\/h2>\n<ul>\n<li>S\u0131z\u0131nt\u0131: Hasarl\u0131 veya a\u015f\u0131nm\u0131\u015f contalar\u0131 kontrol edin ve c\u0131vata ve somunlar\u0131 \u00f6nerilen tork de\u011ferine g\u00f6re s\u0131k\u0131n.<\/li>\n<li>Yetersiz kuvvet veya h\u0131z: S\u0131v\u0131 seviyesini ve bas\u0131nc\u0131n\u0131 kontrol edin ve piston ile mili hasar veya a\u015f\u0131nma a\u00e7\u0131s\u0131ndan inceleyin.<\/li>\n<li>A\u015f\u0131r\u0131 g\u00fcr\u00fclt\u00fc veya titre\u015fim: Gev\u015fek veya hasarl\u0131 ba\u011flant\u0131 par\u00e7alar\u0131n\u0131 kontrol edin ve piston ile biyel kolunu hasar veya a\u015f\u0131nma a\u00e7\u0131s\u0131ndan inceleyin.<\/li>\n<li>S\u0131k\u0131\u015fma veya tak\u0131lma: Contalarda, pistonda ve kolda hasar veya a\u015f\u0131nma olup olmad\u0131\u011f\u0131n\u0131 kontrol edin ve silindirin uygun \u015fekilde ya\u011fland\u0131\u011f\u0131ndan emin olun.<\/li>\n<\/ul>\n<p>D\u00fczenli bak\u0131m ve kontroller bu sorunlar\u0131n olu\u015fmas\u0131n\u0131 \u00f6nlemeye yard\u0131mc\u0131 olabilir.<\/p>\n<p><img decoding=\"async\" src=\"https:\/\/www.hydraulic-cylinders.net\/wp-content\/uploads\/2025\/01\/songte-company-4.webp\" alt=\"Hidrolik Silindir \u00dcretim G\u00f6rseli\"><\/p>\n<p>Geni\u015f \u00fcr\u00fcn yelpazesiyle profesyonel bir yedek hidrolik silindir \u00fcreticisiyiz ve hem yurt i\u00e7i hem de uluslararas\u0131 pazarlarda \u00f6nde gelen hidrolik silindir \u00fcreticilerinden ve toptanc\u0131lar\u0131ndan biri haline geldik. Her zaman m\u00fckemmel kalite ilkesine ba\u011fl\u0131 kal\u0131yoruz ve geli\u015fmi\u015f \u00fcretim at\u00f6lyelerimizde end\u00fcstriyel \u00fcretim y\u00f6netim stratejilerine dayanarak teknik seviyemizi ve \u00fcretim verimlili\u011fimizi s\u00fcrekli olarak geli\u015ftiriyoruz. Y\u00fcksek teknoloji \u00fcr\u00fcn\u00fc dijital \u00fcretim ekipmanlar\u0131 ve profesyonel test sistemleri kullanarak \u00fcretim platformumuzu s\u00fcrekli olarak optimize ediyor, \u00fcr\u00fcn kalite kontrol s\u00fcrecimizi m\u00fckemmelle\u015ftiriyor ve g\u00fc\u00e7l\u00fc inovasyon yeteneklerine sahibiz. Amac\u0131m\u0131z, y\u00fcksek verimlilik, do\u011fruluk ve y\u00fcksek kalite standartlar\u0131yla m\u00fc\u015fterilerimizin \u00e7e\u015fitli ihtiya\u00e7lar\u0131n\u0131 kar\u015f\u0131lamakt\u0131r.<\/p>\n<p>Uluslararas\u0131 sertifikasyon, \u00f6zelle\u015ftirme, \u00fcretim ekipmanlar\u0131 ve sat\u0131\u015f sonras\u0131 hizmet gibi profesyonel hizmetler sunuyoruz.<\/p>\n<p><img decoding=\"async\" src=\"https:\/\/www.hydraulic-cylinders.net\/wp-content\/uploads\/2025\/01\/songte-company-3.webp\" alt=\"Hidrolik Silindir Servisleri G\u00f6rseli\"><\/p>\n<p>Yazar: lyl<\/p>","protected":false},"excerpt":{"rendered":"<p>Arm Cylinder For Tiangong ZG3255LC-9 Introduction An arm cylinder is a specialized hydraulic cylinder that provides linear motion and power to the arm of various types of machinery such as excavators, cranes, and robotic arms. It plays a critical role in hydraulic systems, enabling attachments to move and be controlled effectively. These cylinders not only [&hellip;]<\/p>","protected":false},"featured_media":14759,"comment_status":"open","ping_status":"closed","template":"","meta":{"_et_pb_use_builder":"","_et_pb_old_content":"","_et_gb_content_width":""},"product_brand":[],"product_cat":[1497],"product_tag":[1498,1496],"class_list":{"0":"post-16897","1":"product","2":"type-product","3":"status-publish","4":"has-post-thumbnail","6":"product_cat-arm-cylinders","7":"product_tag-arm-cylinders","8":"product_tag-hydraulic-cylinders","10":"first","11":"instock","12":"shipping-taxable","13":"product-type-simple"},"amp_enabled":true,"_links":{"self":[{"href":"https:\/\/www.hydraulic-cylinders.net\/tr\/wp-json\/wp\/v2\/product\/16897","targetHints":{"allow":["GET"]}}],"collection":[{"href":"https:\/\/www.hydraulic-cylinders.net\/tr\/wp-json\/wp\/v2\/product"}],"about":[{"href":"https:\/\/www.hydraulic-cylinders.net\/tr\/wp-json\/wp\/v2\/types\/product"}],"replies":[{"embeddable":true,"href":"https:\/\/www.hydraulic-cylinders.net\/tr\/wp-json\/wp\/v2\/comments?post=16897"}],"wp:featuredmedia":[{"embeddable":true,"href":"https:\/\/www.hydraulic-cylinders.net\/tr\/wp-json\/wp\/v2\/media\/14759"}],"wp:attachment":[{"href":"https:\/\/www.hydraulic-cylinders.net\/tr\/wp-json\/wp\/v2\/media?parent=16897"}],"wp:term":[{"taxonomy":"product_brand","embeddable":true,"href":"https:\/\/www.hydraulic-cylinders.net\/tr\/wp-json\/wp\/v2\/product_brand?post=16897"},{"taxonomy":"product_cat","embeddable":true,"href":"https:\/\/www.hydraulic-cylinders.net\/tr\/wp-json\/wp\/v2\/product_cat?post=16897"},{"taxonomy":"product_tag","embeddable":true,"href":"https:\/\/www.hydraulic-cylinders.net\/tr\/wp-json\/wp\/v2\/product_tag?post=16897"}],"curies":[{"name":"wp","href":"https:\/\/api.w.org\/{rel}","templated":true}]}}