{"id":16903,"date":"2025-01-21T06:11:45","date_gmt":"2025-01-21T06:11:45","guid":{"rendered":"https:\/\/www.hydraulic-cylinders.net\/product\/arm-cylinder-for-dasin-ds15\/"},"modified":"2025-01-21T06:11:47","modified_gmt":"2025-01-21T06:11:47","slug":"arm-cylinder-for-dasin-ds15","status":"publish","type":"product","link":"https:\/\/www.hydraulic-cylinders.net\/tr\/urun\/arm-cylinder-for-dasin-ds15\/","title":{"rendered":"Dasin DS15 i\u00e7in Kol Silindiri"},"content":{"rendered":"<p><html><\/p>\n<h2>Dasin DS15 i\u00e7in Kol Silindiri<\/h2>\n<p>Dasin DS15 Kol Silindiri, ekskavat\u00f6rler, vin\u00e7ler ve robotik kollar gibi \u00e7e\u015fitli makinelerin kollar\u0131na do\u011frusal hareket ve g\u00fc\u00e7 sa\u011flayan \u00f6zel olarak tasarlanm\u0131\u015f bir hidrolik silindirdir. Kol silindiri, hidrolik sistemlerde kritik bir rol oynar ve ata\u015fmanlar\u0131n veya aksesuarlar\u0131n verimli bir \u015fekilde hareket etmesini ve kontrol edilmesini sa\u011flar. Bu silindirler, yaln\u0131zca d\u00fczg\u00fcn hareket sa\u011flamakla kalmaz, ayn\u0131 zamanda a\u011f\u0131r y\u00fcklere de dayanarak, \u00e7e\u015fitli \u00e7al\u0131\u015fma ko\u015fullar\u0131nda makinelerin verimli \u00e7al\u0131\u015fmas\u0131n\u0131 ve g\u00fcvenilirli\u011fini sa\u011flar.<\/p>\n<p><img decoding=\"async\" src=\"https:\/\/www.hydraulic-cylinders.net\/wp-content\/uploads\/2025\/01\/songte-company-2.webp\" alt=\"Dasin DS15 i\u00e7in Kol Silindiri\" \/><\/p>\n<h2>\u00d6zellikler<\/h2>\n<ul>\n<li>Y\u00fcksek Verimli \u015eanz\u0131man: Kol silindiri g\u00fc\u00e7l\u00fc do\u011frusal hareket ve kuvvet sa\u011flayarak robotik kolun \u00e7e\u015fitli operasyonlarda y\u00fcksek performans kabiliyetleri elde etmesini sa\u011flar.<\/li>\n<li>Hassas Kontrol: Hidrolik sistem sayesinde kol silindiri hassas hareket kontrol\u00fc sa\u011flayarak, ba\u011fl\u0131 tak\u0131mlar\u0131n \u00e7al\u0131\u015fmas\u0131n\u0131 daha esnek ve hassas hale getirir.<\/li>\n<li>G\u00fc\u00e7l\u00fc Dayan\u0131kl\u0131l\u0131k: Kol silindirleri genellikle y\u00fcksek mukavemetli malzemeler kullan\u0131larak \u00fcretilir, m\u00fckemmel a\u015f\u0131nma ve korozyon direnci sunar ve bu da onlar\u0131 zorlu ortamlarda uzun s\u00fcreli kullan\u0131ma uygun hale getirir.<\/li>\n<li>\u00c7ok Fonksiyonlu Uyarlanabilirlik: Bu silindirler, ekskavat\u00f6rler, vin\u00e7ler ve robotik kollar gibi \u00e7e\u015fitli mekanik ekipmanlara yayg\u0131n olarak uygulanabilir ve farkl\u0131 i\u015f gereksinimlerine uyum sa\u011flar.<\/li>\n<li>Kolay Bak\u0131m: Tasar\u0131m, bak\u0131m ve de\u011fi\u015ftirme kolayl\u0131\u011f\u0131n\u0131 g\u00f6z \u00f6n\u00fcnde bulundurarak d\u00fczenli denetim ve bak\u0131m\u0131 kolayla\u015ft\u0131r\u0131r ve b\u00f6ylece ekipman ar\u0131za s\u00fcresini azalt\u0131r.<\/li>\n<\/ul>\n<p><img decoding=\"async\" src=\"https:\/\/www.hydraulic-cylinders.net\/wp-content\/uploads\/2025\/01\/songte-oil-pipes-and-spare-parts.webp\" alt=\"Kol Silindiri Yedek Par\u00e7alar\u0131\" \/><\/p>\n<h2>Uygulamalar<\/h2>\n<ul>\n<li>\u0130n\u015faat M\u00fchendisli\u011fi: Ekskavat\u00f6rlerde ve vin\u00e7lerde, kol silindirleri toprak i\u015fleri, malzeme ta\u015f\u0131ma ve yap\u0131sal kurulumlar i\u00e7in kovalar\u0131n veya bomlar\u0131n hareketini kontrol eder.<\/li>\n<li>\u00dcretim End\u00fcstrisi: Otomatik \u00fcretim hatlar\u0131nda kol silindirleri, montaj, kaynak ve ta\u015f\u0131ma s\u00fcre\u00e7lerinde robot kollar\u0131n\u0131n hareket etmesini sa\u011flayarak \u00fcretim verimlili\u011fini ve do\u011frulu\u011funu art\u0131r\u0131r.<\/li>\n<li>Tar\u0131m Makinalar\u0131: Bi\u00e7erd\u00f6ver ve ekim makinesi gibi tar\u0131m ekipmanlar\u0131nda kol silindirleri, ekim, g\u00fcbreleme ve hasat gibi g\u00f6revlerde \u00e7al\u0131\u015fan kollar\u0131n hareketini kontrol eder.<\/li>\n<li>Madencilik: Madencilik ekipmanlar\u0131nda kol silindirleri, cevher \u00e7\u0131karma ve ta\u015f\u0131ma i\u00e7in madencilik makinelerinin kol hareketini kontrol eder.<\/li>\n<li>Lojistik ve Ta\u015f\u0131mac\u0131l\u0131k: Forkliftlerde ve ta\u015f\u0131ma robotlar\u0131nda kol silindirleri \u00e7atallar\u0131n kald\u0131r\u0131lmas\u0131n\u0131 ve hareketini kontrol ederek malzeme ta\u015f\u0131ma ve istiflemeyi kolayla\u015ft\u0131r\u0131r.<\/li>\n<\/ul>\n<h2>Tasar\u0131m Hususlar\u0131 ve Se\u00e7im Kriterleri<\/h2>\n<ul>\n<li>Y\u00fck Ta\u015f\u0131ma Kapasitesi: Kol silindirinin y\u00fck ta\u015f\u0131ma kapasitesinin \u00f6nemini tart\u0131\u015f\u0131n.<\/li>\n<li>S\u0131zd\u0131rmazl\u0131k: Piston contalar\u0131 ve biyel contalar\u0131 gibi \u00e7e\u015fitli s\u0131zd\u0131rmazl\u0131k elemanlar\u0131n\u0131n kullan\u0131m\u0131n\u0131 ve poli\u00fcretan ve nitril kau\u00e7uk gibi dayan\u0131kl\u0131 malzemelerin se\u00e7imini a\u00e7\u0131klay\u0131n.<\/li>\n<li>Dayan\u0131kl\u0131l\u0131k: Silindirin a\u015f\u0131nma direncini art\u0131rmak i\u00e7in al\u0131nan \u00f6nlemleri, \u00f6rne\u011fin silindir g\u00f6vdesinde ve di\u015fli u\u00e7lar\u0131nda yap\u0131lan ince y\u00fczey i\u015flemlerini tart\u0131\u015f\u0131n.<\/li>\n<li>G\u00fcvenlik: Tasar\u0131mda g\u00fcvenlik hususlar\u0131n\u0131 ele al\u0131n, g\u00fcvenli \u00e7al\u0131\u015fmay\u0131 sa\u011flay\u0131n ve kazalar\u0131 \u00f6nleyin.<\/li>\n<li>Bak\u0131m kolayl\u0131\u011f\u0131: Bak\u0131m kolayl\u0131\u011f\u0131n\u0131 ve uygun hidrolik ya\u011f ile d\u00fczenli ya\u011flama ihtiyac\u0131n\u0131 tart\u0131\u015f\u0131n.<\/li>\n<\/ul>\n<p><img decoding=\"async\" src=\"https:\/\/www.hydraulic-cylinders.net\/wp-content\/uploads\/2025\/01\/songte-cylinder-head-with-all-kinds-excavator-models.webp\" alt=\"Silindir Kapa\u011f\u0131\" \/><\/p>\n<h2>Muayene, \u00d6nleyici Bak\u0131m ve Kurulum<\/h2>\n<ul>\n<li>D\u00fczenli denetimlerin ve \u00f6nleyici bak\u0131m tedbirlerinin uygulanmas\u0131n\u0131n \u00f6nemini tart\u0131\u015f\u0131n.<\/li>\n<li>Yayg\u0131n sorunlar\u0131n giderilmesine y\u00f6nelik ipu\u00e7lar\u0131 ve \u00e7\u00f6z\u00fcmler sunarak okuyucular\u0131n sorunlar\u0131 etkili bir \u015fekilde te\u015fhis etmesine ve \u00e7\u00f6zmesine yard\u0131mc\u0131 olun.<\/li>\n<li>Olas\u0131 sorunlar\u0131 en aza indirmek ve optimum performans\u0131 sa\u011flamak i\u00e7in \u00f6nleyici tedbirler sunun.<\/li>\n<\/ul>\n<p><img decoding=\"async\" src=\"https:\/\/www.hydraulic-cylinders.net\/wp-content\/uploads\/2025\/01\/songte-chushion-collar.webp\" alt=\"Chushion Yaka\" \/><\/p>\n<h2>G\u00fcvenlik Hususlar\u0131 ve \u00c7evresel Fakt\u00f6rler<\/h2>\n<p>Kol silindiri kullan\u0131l\u0131rken g\u00fcvenlik \u00f6nlemlerinin \u00f6nemini ve anahtar kelimelerin g\u00fcvenli \u00e7al\u0131\u015fmaya nas\u0131l katk\u0131da bulundu\u011funu ele al\u0131n. \u00dcr\u00fcne \u00f6zg\u00fc \u00e7evresel hususlar\u0131 tart\u0131\u015f\u0131n.<\/p>\n<h2>Ar\u0131za Te\u015fhisi ve Yayg\u0131n Sorunlar<\/h2>\n<ul>\n<li>Kol silindirinde ortaya \u00e7\u0131kabilecek yayg\u0131n sorunlar\u0131 belirtin ve sorun giderme ipu\u00e7lar\u0131 ve \u00e7\u00f6z\u00fcmleri sunun.<\/li>\n<li>Olas\u0131 sorunlar\u0131 en aza indirmek ve optimum performans\u0131 sa\u011flamak i\u00e7in \u00f6nleyici tedbirler sunun.<\/li>\n<\/ul>\n<p><img decoding=\"async\" src=\"https:\/\/www.hydraulic-cylinders.net\/wp-content\/uploads\/2025\/01\/songte-company-4.webp\" alt=\"\u015eirket \u0130maj\u0131\" \/><br \/>\n<img decoding=\"async\" src=\"https:\/\/www.hydraulic-cylinders.net\/wp-content\/uploads\/2025\/01\/songte-company-3.webp\" alt=\"\u015eirket \u0130maj\u0131\" \/><\/p>\n<p>Geni\u015f bir \u00fcr\u00fcn yelpazesine sahip profesyonel bir yedek hidrolik silindir \u00fcreticisiyiz. Yurt i\u00e7i ve yurt d\u0131\u015f\u0131 pazarlarda lider hidrolik silindir \u00fcreticilerinden ve toptan da\u011f\u0131t\u0131mc\u0131lar\u0131ndan biri haline geldik. Her zaman m\u00fckemmel kalite ilkesine ba\u011fl\u0131 kal\u0131yor ve teknik uzmanl\u0131\u011f\u0131m\u0131z\u0131 ve \u00fcretim verimlili\u011fimizi s\u00fcrekli geli\u015ftiriyoruz. Geli\u015fmi\u015f dijital \u00fcretim ekipmanlar\u0131 ve profesyonel test sistemleri sunarak, \u00fcretim platformumuzu optimize ediyor ve \u00fcr\u00fcn kalite kontrol s\u00fcre\u00e7lerimizi iyile\u015ftirerek g\u00fc\u00e7l\u00fc inovasyon yeteneklerimizi sergiliyoruz. Amac\u0131m\u0131z, farkl\u0131 m\u00fc\u015fteri ihtiya\u00e7lar\u0131n\u0131 verimlilik, hassasiyet ve y\u00fcksek kaliteli \u00fcr\u00fcnlerle kar\u015f\u0131lamakt\u0131r.<\/p>\n<p>Firmam\u0131z profesyonelli\u011fi, uluslararas\u0131 sertifikasyonlar\u0131, ki\u015fiye \u00f6zel hizmetleri, \u00fcretim ekipmanlar\u0131 ve sat\u0131\u015f sonras\u0131 hizmetleriyle \u00f6ne \u00e7\u0131kmaktad\u0131r.<\/p>\n<p>Yazar: lyl<\/p>\n<p><\/html><\/p>","protected":false},"excerpt":{"rendered":"<p>Arm Cylinder For Dasin DS15 Arm Cylinder For Dasin DS15 is a specially designed hydraulic cylinder that provides linear motion and power to the arms of various machinery such as excavators, cranes, and robotic arms. The arm cylinder plays a critical role in hydraulic systems, allowing for efficient movement and control of attachments or accessories. [&hellip;]<\/p>","protected":false},"featured_media":14772,"comment_status":"open","ping_status":"closed","template":"","meta":{"_et_pb_use_builder":"","_et_pb_old_content":"","_et_gb_content_width":""},"product_brand":[],"product_cat":[1497],"product_tag":[1498,1496],"class_list":{"0":"post-16903","1":"product","2":"type-product","3":"status-publish","4":"has-post-thumbnail","6":"product_cat-arm-cylinders","7":"product_tag-arm-cylinders","8":"product_tag-hydraulic-cylinders","10":"first","11":"instock","12":"shipping-taxable","13":"product-type-simple"},"amp_enabled":true,"_links":{"self":[{"href":"https:\/\/www.hydraulic-cylinders.net\/tr\/wp-json\/wp\/v2\/product\/16903","targetHints":{"allow":["GET"]}}],"collection":[{"href":"https:\/\/www.hydraulic-cylinders.net\/tr\/wp-json\/wp\/v2\/product"}],"about":[{"href":"https:\/\/www.hydraulic-cylinders.net\/tr\/wp-json\/wp\/v2\/types\/product"}],"replies":[{"embeddable":true,"href":"https:\/\/www.hydraulic-cylinders.net\/tr\/wp-json\/wp\/v2\/comments?post=16903"}],"wp:featuredmedia":[{"embeddable":true,"href":"https:\/\/www.hydraulic-cylinders.net\/tr\/wp-json\/wp\/v2\/media\/14772"}],"wp:attachment":[{"href":"https:\/\/www.hydraulic-cylinders.net\/tr\/wp-json\/wp\/v2\/media?parent=16903"}],"wp:term":[{"taxonomy":"product_brand","embeddable":true,"href":"https:\/\/www.hydraulic-cylinders.net\/tr\/wp-json\/wp\/v2\/product_brand?post=16903"},{"taxonomy":"product_cat","embeddable":true,"href":"https:\/\/www.hydraulic-cylinders.net\/tr\/wp-json\/wp\/v2\/product_cat?post=16903"},{"taxonomy":"product_tag","embeddable":true,"href":"https:\/\/www.hydraulic-cylinders.net\/tr\/wp-json\/wp\/v2\/product_tag?post=16903"}],"curies":[{"name":"wp","href":"https:\/\/api.w.org\/{rel}","templated":true}]}}