{"id":16909,"date":"2025-01-21T06:12:13","date_gmt":"2025-01-21T06:12:13","guid":{"rendered":"https:\/\/www.hydraulic-cylinders.net\/product\/arm-cylinder-for-sinomach-zg3365lc-9c\/"},"modified":"2025-01-21T06:12:15","modified_gmt":"2025-01-21T06:12:15","slug":"arm-cylinder-for-sinomach-zg3365lc-9c","status":"publish","type":"product","link":"https:\/\/www.hydraulic-cylinders.net\/tr\/urun\/arm-cylinder-for-sinomach-zg3365lc-9c\/","title":{"rendered":"Sinomach ZG3365LC-9C i\u00e7in Kol Silindiri"},"content":{"rendered":"<h1>Sinomach ZG3365LC-9C i\u00e7in Kol Silindiri<\/h1>\n<h2>girii\u015f<\/h2>\n<p>Kol silindiri, ekskavat\u00f6rler, vin\u00e7ler ve mekanik kollar gibi \u00e7e\u015fitli makinelerin kollar\u0131na do\u011frusal hareket ve g\u00fc\u00e7 sa\u011flamak \u00fczere tasarlanm\u0131\u015f \u00f6zel bir hidrolik silindirdir. Hidrolik sistemlerde, kol silindirleri, ata\u015fmanlar\u0131n veya aksesuarlar\u0131n etkili bir \u015fekilde hareket etmesini ve kontrol edilmesini sa\u011flamada kritik bir rol oynar. Bu silindirler sadece d\u00fczg\u00fcn hareket sa\u011flamakla kalmaz, ayn\u0131 zamanda a\u011f\u0131r y\u00fckleri de ta\u015f\u0131yarak, \u00e7e\u015fitli \u00e7al\u0131\u015fma ko\u015fullar\u0131 alt\u0131nda makinelerin verimli \u00e7al\u0131\u015fmas\u0131n\u0131 ve g\u00fcvenilirli\u011fini sa\u011flar.<\/p>\n<p><img decoding=\"async\" src=\"https:\/\/www.hydraulic-cylinders.net\/wp-content\/uploads\/2025\/01\/songte-company-2.webp\" alt=\"Kol Silindiri G\u00f6r\u00fcnt\u00fcs\u00fc\"><\/p>\n<h3>\u00d6zellikler<\/h3>\n<ul>\n<li>Y\u00fcksek verimli \u015fanz\u0131man: Kol silindirleri g\u00fc\u00e7l\u00fc do\u011frusal hareket ve kuvvet sa\u011flayarak, mekanik kolun \u00e7e\u015fitli i\u015flemlerde y\u00fcksek verimlilikte performans g\u00f6stermesini sa\u011flar.<\/li>\n<li>Hassas kontrol: Hidrolik sistemler sayesinde, kol silindirleri hassas hareket kontrol\u00fc sa\u011flayarak, tak\u0131l\u0131 aletlerin \u00e7al\u0131\u015fmas\u0131n\u0131 daha esnek ve do\u011fru hale getirir.<\/li>\n<li>Y\u00fcksek dayan\u0131kl\u0131l\u0131k: Kol silindirleri genellikle y\u00fcksek mukavemetli malzemelerden \u00fcretilir, iyi a\u015f\u0131nma ve korozyon direncine sahiptir ve zorlu ortamlarda uzun s\u00fcreli kullan\u0131m i\u00e7in uygundur.<\/li>\n<li>\u00c7ok y\u00f6nl\u00fc uyarlanabilirlik: Bu silindirler, farkl\u0131 \u00e7al\u0131\u015fma gereksinimlerini kar\u015f\u0131lamak \u00fczere ekskavat\u00f6rler, vin\u00e7ler ve mekanik kollar gibi \u00e7e\u015fitli makine t\u00fcrlerinde yayg\u0131n olarak kullan\u0131labilir.<\/li>\n<li>Kolay bak\u0131m: Tasar\u0131m, kolay bak\u0131m ve de\u011fi\u015ftirmeyi g\u00f6z \u00f6n\u00fcnde bulundurarak d\u00fczenli muayene ve bak\u0131m\u0131 daha kolay hale getirir ve ekipman ar\u0131za s\u00fcresini azalt\u0131r.<\/li>\n<\/ul>\n<p>Biz bu \u00fcr\u00fcn\u00fc \u00fcretebiliyoruz ve \u00fcr\u00fcn\u00fcm\u00fcz bu hidrolik silindirlerin yerini m\u00fckemmel bir \u015fekilde alabiliyor.<\/p>\n<p><img decoding=\"async\" src=\"https:\/\/www.hydraulic-cylinders.net\/wp-content\/uploads\/2025\/01\/songte-oil-pipes-and-spare-parts.webp\" alt=\"Yedek Par\u00e7a G\u00f6rseli\"><\/p>\n<h2>Uygulamalar<\/h2>\n<p>Kol silindiri, a\u015fa\u011f\u0131dakiler gibi \u00e7e\u015fitli end\u00fcstrilerde geni\u015f bir uygulama yelpazesine sahiptir:<\/p>\n<ul>\n<li><strong>\u0130n\u015faat m\u00fchendisli\u011fi:<\/strong> Kaz\u0131c\u0131 makinelerde ve vin\u00e7lerde, kol silindiri, toprak ta\u015f\u0131ma, malzeme ta\u015f\u0131ma ve yap\u0131sal kurulum i\u00e7in kep\u00e7e veya bomun hareketini kontrol etmek amac\u0131yla kullan\u0131l\u0131r.<\/li>\n<li><strong>\u0130malat sanayi:<\/strong> Otomatik \u00fcretim hatlar\u0131nda, kol silindiri mekanik kolun hareket ettirilmesi, montaj, kaynak ve ta\u015f\u0131ma i\u015flemlerinde kullan\u0131l\u0131r ve \u00fcretim verimlili\u011fini ve do\u011frulu\u011funu art\u0131r\u0131r.<\/li>\n<li><strong>Tar\u0131m makineleri:<\/strong> Bi\u00e7erd\u00f6ver ve ekim makinesi gibi tar\u0131m makinelerinde, kol silindiri, ekim, g\u00fcbreleme ve hasat gibi g\u00f6revleri yerine getiren \u00e7al\u0131\u015fma kolunun hareketini kontrol eder.<\/li>\n<li><strong>Madencilik sekt\u00f6r\u00fc:<\/strong> Madencilik ekipmanlar\u0131nda, kol silindiri, madencilik ve malzeme ta\u015f\u0131ma i\u015flemlerinde ekipman\u0131n kolunun hareketini kontrol etmek i\u00e7in kullan\u0131l\u0131r.<\/li>\n<li><strong>Lojistik ve ta\u015f\u0131mac\u0131l\u0131k:<\/strong> Forkliftlerde ve ta\u015f\u0131ma robotlar\u0131nda, kol silindiri \u00e7atal\u0131n kald\u0131r\u0131lmas\u0131n\u0131 ve hareketini kontrol etmek, malzemelerin ta\u015f\u0131nmas\u0131n\u0131 ve istiflenmesini sa\u011flamak i\u00e7in kullan\u0131l\u0131r.<\/li>\n<\/ul>\n<h2>Tasar\u0131m Hususlar\u0131 ve Se\u00e7im Kriterleri<\/h2>\n<p>Tasar\u0131m hususlar\u0131nda, kol silindirinin a\u015fa\u011f\u0131daki \u00f6zelliklere sahip oldu\u011fundan emin olmak \u015fartt\u0131r:<\/p>\n<h3>Y\u00fck ta\u015f\u0131ma kapasitesi<\/h3>\n<p>Kol silindirinin ta\u015f\u0131ma kapasitesi, belirli bir uygulama i\u00e7in uygun silindiri se\u00e7erken \u00e7ok \u00f6nemli bir fakt\u00f6rd\u00fcr. Makinenin \u00e7al\u0131\u015fma s\u0131ras\u0131nda kar\u015f\u0131la\u015faca\u011f\u0131 maksimum y\u00fcke dayanabilecek kapasitede olmal\u0131d\u0131r.<\/p>\n<h3>S\u0131zd\u0131rmazl\u0131k<\/h3>\n<p>Kol silindirinde kullan\u0131lan contalar, hidrolik sistemin y\u00fcksek bas\u0131nc\u0131na ve zorlu ortam\u0131na dayanabilecek \u015fekilde dikkatlice se\u00e7ilmelidir. Piston s\u0131zd\u0131rmazl\u0131k halkas\u0131, mil s\u0131zd\u0131rmazl\u0131k halkas\u0131 ve di\u011fer contalar, poli\u00fcretan ve nitril kau\u00e7uk gibi a\u015f\u0131nmaya dayan\u0131kl\u0131 malzemelerden yap\u0131lmal\u0131d\u0131r.<\/p>\n<h3>Dayan\u0131kl\u0131l\u0131k<\/h3>\n<p>Kol silindirinin dayan\u0131kl\u0131l\u0131\u011f\u0131n\u0131 sa\u011flamak i\u00e7in y\u00fcksek mukavemetli malzemelerden yap\u0131lmas\u0131 gerekir. Silindir g\u00f6vdesi ve mili, a\u015f\u0131nma direncini ve korozyon direncini art\u0131rmak i\u00e7in hassas y\u00fczey i\u015flemine tabi tutulmal\u0131d\u0131r.<\/p>\n<h3>Emniyet<\/h3>\n<p>Kol silindirinde, sistem ar\u0131zas\u0131 veya di\u011fer fakt\u00f6rlerden kaynaklanan kazalar\u0131 \u00f6nlemek i\u00e7in tasarlanm\u0131\u015f g\u00fcvenlik \u00f6zellikleri bulunmal\u0131d\u0131r. Bu \u00f6zellikler aras\u0131nda emniyet valfleri, bas\u0131n\u00e7 tahliye valfleri ve di\u011fer g\u00fcvenlik cihazlar\u0131 yer al\u0131r.<\/p>\n<h3>Bak\u0131m<\/h3>\n<p>Kol silindiri, kolay bak\u0131m ve par\u00e7a de\u011fi\u015fimini sa\u011flayacak \u015fekilde tasarlanmal\u0131d\u0131r. D\u00fczenli inceleme ve bak\u0131m, olas\u0131 sorunlar\u0131 \u00f6nleyebilir ve silindirin kullan\u0131m \u00f6mr\u00fcn\u00fc uzatabilir.<\/p>\n<p><img decoding=\"async\" src=\"https:\/\/www.hydraulic-cylinders.net\/wp-content\/uploads\/2025\/01\/songte-cylinder-head-with-all-kinds-excavator-models.webp\" alt=\"Silindir Kapa\u011f\u0131 G\u00f6r\u00fcnt\u00fcs\u00fc\"><\/p>\n<h2>S\u0131zd\u0131rmazl\u0131k ve Ya\u011flama<\/h2>\n<p>Kol silindirinin g\u00fcvenilir \u00e7al\u0131\u015fmas\u0131n\u0131 sa\u011flamak i\u00e7in, piston s\u0131zd\u0131rmazl\u0131k halkalar\u0131, mil s\u0131zd\u0131rmazl\u0131k halkalar\u0131 ve di\u011fer par\u00e7alar\u0131n contalar\u0131 gibi \u00e7e\u015fitli s\u0131zd\u0131rmazl\u0131k bile\u015fenlerinin do\u011fru \u015fekilde tak\u0131lmas\u0131 ve bak\u0131m\u0131 yap\u0131lmal\u0131d\u0131r. Silindir g\u00f6vdesi ve milin y\u00fczeyi, a\u015f\u0131nma direncini ve korozyon direncini art\u0131rmak i\u00e7in hassas y\u00fczey i\u015flemine tabi tutulmal\u0131d\u0131r. Uygun hidrolik ya\u011f ile periyodik ya\u011flama, s\u00fcrt\u00fcnmeyi en aza indirir ve silindirin kullan\u0131m \u00f6mr\u00fcn\u00fc uzat\u0131r.<\/p>\n<h2>Bak\u0131m ve \u00d6nleyici Tedbirler<\/h2>\n<p>Kol silindirinin d\u00fczenli olarak kontrol edilmesi ve bak\u0131m\u0131, kullan\u0131m \u00f6mr\u00fcn\u00fc uzatabilir ve olas\u0131 sorunlar\u0131 \u00f6nleyebilir. A\u015fa\u011f\u0131daki \u00f6nlemler al\u0131nmal\u0131d\u0131r:<\/p>\n<ul>\n<li>Silindirin s\u0131zd\u0131rmazl\u0131k performans\u0131n\u0131 d\u00fczenli olarak kontrol edin.<\/li>\n<li>Silindir g\u00f6vdesini ve milini hasar ve a\u015f\u0131nma a\u00e7\u0131s\u0131ndan kontrol edin.<\/li>\n<li>Silindirin ya\u011flanmas\u0131 i\u00e7in periyodik olarak uygun hidrolik ya\u011f\u0131 ekleyin.<\/li>\n<li>G\u00fcvenlik cihazlar\u0131n\u0131n do\u011fru \u00e7al\u0131\u015ft\u0131\u011f\u0131ndan emin olun.<\/li>\n<\/ul>\n<p><img decoding=\"async\" src=\"https:\/\/www.hydraulic-cylinders.net\/wp-content\/uploads\/2025\/01\/songte-chushion-collar.webp\" alt=\"Yast\u0131k Yaka G\u00f6rseli\"><\/p>\n<h2>Kurulum K\u0131lavuzu<\/h2>\n<p>Kol silindirinin montaj\u0131 s\u0131ras\u0131nda a\u015fa\u011f\u0131daki ad\u0131mlar izlenmelidir:<\/p>\n<ol>\n<li>Eski silindiri \u00e7\u0131kar\u0131n ve montaj yerini temizleyin.<\/li>\n<li>Yeni silindiri tak\u0131n ve t\u00fcm ba\u011flant\u0131lar\u0131n do\u011fru \u015fekilde s\u0131k\u0131ld\u0131\u011f\u0131ndan emin olun.<\/li>\n<li>Uygun hidrolik ya\u011f\u0131 ekleyin ve s\u0131z\u0131nt\u0131 olup olmad\u0131\u011f\u0131n\u0131 kontrol edin.<\/li>\n<li>Silindirin do\u011fru \u00e7al\u0131\u015ft\u0131\u011f\u0131ndan emin olmak i\u00e7in birka\u00e7 test \u00e7al\u0131\u015fmas\u0131 ger\u00e7ekle\u015ftirin.<\/li>\n<\/ol>\n<h2>G\u00fcvenlik Hususlar\u0131 ve \u00c7evresel Fakt\u00f6rler<\/h2>\n<p>Kol silindirini kullan\u0131rken, kazalar\u0131 \u00f6nlemek i\u00e7in g\u00fcvenlik y\u00f6nergelerine uymak \u00e7ok \u00f6nemlidir. G\u00fcvenlik \u00f6nlemleri aras\u0131nda g\u00fcvenlik cihazlar\u0131n\u0131n tak\u0131lmas\u0131, uygun e\u011fitimin verilmesi ve ekipman\u0131n do\u011fru \u015fekilde bak\u0131m\u0131n\u0131n sa\u011flanmas\u0131 yer alabilir. S\u0131cakl\u0131k, nem ve a\u015f\u0131nd\u0131r\u0131c\u0131 maddeler gibi \u00e7evresel fakt\u00f6rler silindirin performans\u0131n\u0131 etkileyebilir ve silindirin bu ko\u015fullarda do\u011fru \u015fekilde \u00e7al\u0131\u015fabilmesi i\u00e7in uygun \u00f6nlemler al\u0131nmal\u0131d\u0131r.<\/p>\n<h2>Sorun Giderme ve Yayg\u0131n Sorunlar<\/h2>\n<p>Kol silindirinde s\u0131k\u00e7a kar\u015f\u0131la\u015f\u0131lan sorunlardan baz\u0131lar\u0131 \u015funlard\u0131r:<\/p>\n<ul>\n<li>Hidrolik ya\u011f s\u0131z\u0131nt\u0131s\u0131<\/li>\n<li>Uzatma veya geri \u00e7ekme ba\u015far\u0131s\u0131zl\u0131\u011f\u0131<\/li>\n<li>\u00c7al\u0131\u015fma s\u0131ras\u0131nda anormal g\u00fcr\u00fclt\u00fc<\/li>\n<li>A\u015f\u0131r\u0131 y\u0131pranma<\/li>\n<\/ul>\n<p>Bu sorunlar\u0131 te\u015fhis etmek ve \u00e7\u00f6zmek i\u00e7in silindirin yap\u0131s\u0131 ve \u00e7al\u0131\u015fma prensipleri hakk\u0131nda iyi bir anlay\u0131\u015fa sahip olmak \u015fartt\u0131r. D\u00fczenli inceleme ve bak\u0131m, bu sorunlar\u0131n ortaya \u00e7\u0131kmas\u0131n\u0131 genellikle \u00f6nleyebilir.<\/p>\n<p>Sorunlar ortaya \u00e7\u0131karsa, a\u015fa\u011f\u0131daki ipu\u00e7lar\u0131 bunlar\u0131n te\u015fhisine ve \u00e7\u00f6z\u00fcm\u00fcne yard\u0131mc\u0131 olabilir:<\/p>\n<ul>\n<li>Hidrolik ya\u011f seviyesini ve kalitesini kontrol edin.<\/li>\n<li>Silindir contalar\u0131nda hasar veya a\u015f\u0131nma olup olmad\u0131\u011f\u0131n\u0131 kontrol edin.<\/li>\n<li>Silindir g\u00f6vdesini ve milini hasar veya a\u015f\u0131nma a\u00e7\u0131s\u0131ndan kontrol edin.<\/li>\n<li>Hidrolik sistemde s\u0131z\u0131nt\u0131 veya bas\u0131n\u00e7 sorunlar\u0131 olup olmad\u0131\u011f\u0131n\u0131 kontrol edin.<\/li>\n<\/ul>\n<p>\u00d6nleyici tedbirler aras\u0131nda d\u00fczenli inceleme ve bak\u0131m, uygun ya\u011flama ve silindirin do\u011fru kullan\u0131m\u0131 yer alabilir.<\/p>\n<p><img decoding=\"async\" src=\"https:\/\/www.hydraulic-cylinders.net\/wp-content\/uploads\/2025\/01\/songte-bushings-with-all-kinds-of-excavator-models.webp\" alt=\"Bur\u00e7lar G\u00f6r\u00fcnt\u00fcs\u00fc\"><\/p>\n<h2>Hakk\u0131m\u0131zda<\/h2>\n<p>Geni\u015f \u00fcr\u00fcn yelpazesine sahip profesyonel bir yedek hidrolik silindir \u00fcreticisiyiz ve hem yurt i\u00e7i hem de uluslararas\u0131 pazarlarda \u00f6nde gelen hidrolik silindir \u00fcreticilerinden ve toptanc\u0131lar\u0131ndan biri haline geldik. Her zaman m\u00fckemmel kalite ilkesine ba\u011fl\u0131 kalarak, geli\u015fmi\u015f \u00fcretim at\u00f6lyesinde end\u00fcstriyel \u00fcretim y\u00f6netim stratejilerine g\u00fcvenerek, teknolojiyi ve \u00fcretim verimlili\u011fini s\u00fcrekli olarak geli\u015ftiriyoruz. Y\u00fcksek teknoloji \u00fcr\u00fcn\u00fc dijital \u00fcretim ekipmanlar\u0131 ve profesyonel test sistemleri kullanarak, \u00fcretim platformunu s\u00fcrekli olarak optimize ediyor, kalite kontrol s\u00fcrecini iyile\u015ftiriyor ve g\u00fc\u00e7l\u00fc yenilik\u00e7i yeteneklere sahibiz. Amac\u0131m\u0131z, y\u00fcksek verimlilik, hassasiyet ve y\u00fcksek kalite ilkeleriyle m\u00fc\u015fterilerimizin \u00e7e\u015fitli ihtiya\u00e7lar\u0131n\u0131 kar\u015f\u0131lamakt\u0131r.<\/p>\n<h3>Profesyonellik<\/h3>\n<p>M\u00fc\u015fterilerimizin \u00f6zel ihtiya\u00e7lar\u0131n\u0131 kar\u015f\u0131lamak \u00fczere \u00f6zelle\u015ftirilmi\u015f hizmetler sunabilen profesyonel m\u00fchendis ve teknisyenlerden olu\u015fan bir ekibimiz var. Ayr\u0131ca y\u00fcksek kaliteli \u00fcr\u00fcnler \u00fcretmek i\u00e7in geli\u015fmi\u015f teknoloji ve ekipman kullan\u0131yoruz.<\/p>\n<h3>Uluslararas\u0131 Sertifikasyon<\/h3>\n<p>\u00dcr\u00fcn kalitesi ve g\u00fcvenli\u011fine olan ba\u011fl\u0131l\u0131\u011f\u0131m\u0131z\u0131 yans\u0131tan ISO9001, CE ve SGS gibi \u00e7e\u015fitli uluslararas\u0131 sertifikalar ald\u0131k.<\/p>\n<h3>\u00d6zel Hizmetler<\/h3>\n<p>M\u00fc\u015fterilerin \u00f6zel ihtiya\u00e7lar\u0131na g\u00f6re \u00fcr\u00fcnleri \u00f6zelle\u015ftirebilen, tasar\u0131m, \u00fcretim ve ambalajlama dahil olmak \u00fczere ki\u015fiselle\u015ftirilmi\u015f bir hizmet sunuyoruz.<\/p>\n<h3>\u00dcretim Ekipmanlar\u0131<\/h3>\n<p>CNC i\u015fleme merkezleri, CNC torna tezgahlar\u0131 ve di\u011fer hassas \u00fcretim ekipmanlar\u0131 gibi geli\u015fmi\u015f \u00fcretim ekipmanlar\u0131na sahibiz; bu da \u00fcr\u00fcnlerin do\u011frulu\u011funu ve kalitesini garanti alt\u0131na alabilir.<\/p>\n<h3>Sat\u0131\u015f Sonras\u0131 Hizmet<\/h3>\n<p>M\u00fc\u015fterilerimizin \u00fcr\u00fcnlerimizi g\u00fcvenle kullanabilmelerini sa\u011flamak i\u00e7in teknik destek, kurulum rehberli\u011fi ve bak\u0131m e\u011fitimi de dahil olmak \u00fczere kapsaml\u0131 bir sat\u0131\u015f sonras\u0131 hizmet sunuyoruz.<\/p>\n<p><img decoding=\"async\" src=\"https:\/\/www.hydraulic-cylinders.net\/wp-content\/uploads\/2025\/01\/songte-company-4.webp\" alt=\"\u015eirket \u0130maj\u0131\"><br \/>\n<img decoding=\"async\" src=\"https:\/\/www.hydraulic-cylinders.net\/wp-content\/uploads\/2025\/01\/songte-company-3.webp\" alt=\"\u015eirket \u0130maj\u0131\"><\/p>\n<p>Yazar: lyl.<\/p>","protected":false},"excerpt":{"rendered":"<p>Arm Cylinder For Sinomach ZG3365LC-9C Introduction An arm cylinder is a specialized hydraulic cylinder designed to provide linear movement and power to the arms of various machinery, such as excavators, cranes, and mechanical arms. In hydraulic systems, arm cylinders play a critical role in allowing attachments or accessories to move and control effectively. These cylinders [&hellip;]<\/p>","protected":false},"featured_media":14783,"comment_status":"open","ping_status":"closed","template":"","meta":{"_et_pb_use_builder":"","_et_pb_old_content":"","_et_gb_content_width":""},"product_brand":[],"product_cat":[1497],"product_tag":[1498,1496],"class_list":{"0":"post-16909","1":"product","2":"type-product","3":"status-publish","4":"has-post-thumbnail","6":"product_cat-arm-cylinders","7":"product_tag-arm-cylinders","8":"product_tag-hydraulic-cylinders","10":"first","11":"instock","12":"shipping-taxable","13":"product-type-simple"},"amp_enabled":true,"_links":{"self":[{"href":"https:\/\/www.hydraulic-cylinders.net\/tr\/wp-json\/wp\/v2\/product\/16909","targetHints":{"allow":["GET"]}}],"collection":[{"href":"https:\/\/www.hydraulic-cylinders.net\/tr\/wp-json\/wp\/v2\/product"}],"about":[{"href":"https:\/\/www.hydraulic-cylinders.net\/tr\/wp-json\/wp\/v2\/types\/product"}],"replies":[{"embeddable":true,"href":"https:\/\/www.hydraulic-cylinders.net\/tr\/wp-json\/wp\/v2\/comments?post=16909"}],"wp:featuredmedia":[{"embeddable":true,"href":"https:\/\/www.hydraulic-cylinders.net\/tr\/wp-json\/wp\/v2\/media\/14783"}],"wp:attachment":[{"href":"https:\/\/www.hydraulic-cylinders.net\/tr\/wp-json\/wp\/v2\/media?parent=16909"}],"wp:term":[{"taxonomy":"product_brand","embeddable":true,"href":"https:\/\/www.hydraulic-cylinders.net\/tr\/wp-json\/wp\/v2\/product_brand?post=16909"},{"taxonomy":"product_cat","embeddable":true,"href":"https:\/\/www.hydraulic-cylinders.net\/tr\/wp-json\/wp\/v2\/product_cat?post=16909"},{"taxonomy":"product_tag","embeddable":true,"href":"https:\/\/www.hydraulic-cylinders.net\/tr\/wp-json\/wp\/v2\/product_tag?post=16909"}],"curies":[{"name":"wp","href":"https:\/\/api.w.org\/{rel}","templated":true}]}}