{"id":16911,"date":"2025-01-21T06:12:20","date_gmt":"2025-01-21T06:12:20","guid":{"rendered":"https:\/\/www.hydraulic-cylinders.net\/product\/arm-cylinder-for-sinomach-zg3225c-9c\/"},"modified":"2025-01-21T06:12:22","modified_gmt":"2025-01-21T06:12:22","slug":"arm-cylinder-for-sinomach-zg3225c-9c","status":"publish","type":"product","link":"https:\/\/www.hydraulic-cylinders.net\/tr\/urun\/arm-cylinder-for-sinomach-zg3225c-9c\/","title":{"rendered":"Sinomach ZG3225C-9C i\u00e7in Kol Silindiri"},"content":{"rendered":"<h2>Sinomach ZG3225C-9C i\u00e7in Kol Silindiri<\/h2>\n<p>Sinomach ZG3225C-9C Kol Silindiri, ekskavat\u00f6rler, vin\u00e7ler ve robotik kollar gibi \u00e7e\u015fitli makinelerin kollar\u0131na do\u011frusal hareket ve g\u00fc\u00e7 sa\u011flamak \u00fczere tasarlanm\u0131\u015f \u00f6zel bir hidrolik silindirdir. Kol silindiri, hidrolik sistemlerde \u00f6nemli bir rol oynar ve ek alet veya ata\u015fmanlar\u0131n etkili bir \u015fekilde hareket etmesini ve kontrol edilmesini sa\u011flar. Bu silindirler sadece d\u00fczg\u00fcn hareket sa\u011flamakla kalmaz, ayn\u0131 zamanda a\u011f\u0131r y\u00fcklere de dayanarak \u00e7e\u015fitli \u00e7al\u0131\u015fma ko\u015fullar\u0131nda verimli \u00e7al\u0131\u015fma ve g\u00fcvenilirlik sa\u011flar.<\/p>\n<p><img decoding=\"async\" src=\"https:\/\/www.hydraulic-cylinders.net\/wp-content\/uploads\/2025\/01\/songte-company-2.webp\" alt=\"Kol Silindiri\" \/><\/p>\n<h3>Sinomach ZG3225C-9C Kol Silindirinin \u00d6zellikleri:<\/h3>\n<ul>\n<li><strong>Y\u00fcksek Verimli \u015eanz\u0131man:<\/strong> Kol silindiri g\u00fc\u00e7l\u00fc do\u011frusal hareket ve kuvvet sa\u011flayarak, mekanik kolun \u00e7e\u015fitli operasyonlarda y\u00fcksek performans kapasitesine sahip olmas\u0131n\u0131 sa\u011flar.<\/li>\n<li><strong>Hassas Kontrol:<\/strong> Hidrolik sistem sayesinde kol silindiri hassas hareket kontrol\u00fc sa\u011flayarak, ek tak\u0131mlar\u0131n daha esnek ve hassas bir \u015fekilde \u00e7al\u0131\u015ft\u0131r\u0131lmas\u0131n\u0131 sa\u011flar.<\/li>\n<li><strong>Dayan\u0131kl\u0131l\u0131k:<\/strong> Kol silindirleri genellikle y\u00fcksek mukavemetli malzemeler kullan\u0131larak \u00fcretilir, m\u00fckemmel a\u015f\u0131nma ve korozyon direnci sunar ve bu da onlar\u0131 zorlu ortamlarda uzun s\u00fcreli kullan\u0131ma uygun hale getirir.<\/li>\n<li><strong>\u00c7ok Fonksiyonlu Uyarlanabilirlik:<\/strong> Bu silindirler ekskavat\u00f6rler, vin\u00e7ler ve robotik kollar gibi \u00e7e\u015fitli makinelere yayg\u0131n olarak uygulanabilir ve farkl\u0131 \u00e7al\u0131\u015fma gereksinimlerine uyum sa\u011flar.<\/li>\n<li><strong>Kolay Bak\u0131m:<\/strong> Kolay bak\u0131m ve de\u011fi\u015fim i\u00e7in tasar\u0131ma \u00f6nem verilmi\u015f, d\u00fczenli kontrol ve bak\u0131m daha rahat hale getirilmi\u015f ve ekipman ar\u0131za s\u00fcreleri azalt\u0131lm\u0131\u015ft\u0131r.<\/li>\n<\/ul>\n<p><img decoding=\"async\" src=\"https:\/\/www.hydraulic-cylinders.net\/wp-content\/uploads\/2025\/01\/songte-oil-pipes-and-spare-parts.webp\" alt=\"Hidrolik Silindirler\" \/><\/p>\n<h3>Sinomach ZG3225C-9C i\u00e7in Kol Silindirinin Uygulamalar\u0131:<\/h3>\n<ul>\n<li><strong>\u0130n\u015faat M\u00fchendisli\u011fi:<\/strong> Ekskavat\u00f6rlerde ve vin\u00e7lerde kol silindiri, toprak i\u015fleri, malzeme ta\u015f\u0131ma ve yap\u0131sal montajlarda kep\u00e7e veya bomun hareketini kontrol etmek i\u00e7in kullan\u0131l\u0131r.<\/li>\n<li><strong>\u00dcretim Sanayi:<\/strong> Otomasyonlu \u00fcretim hatlar\u0131nda kol silindiri, robot kollar\u0131n\u0131n hareketini sa\u011flamak, montaj, kaynak ve elle\u00e7leme s\u00fcre\u00e7lerini kolayla\u015ft\u0131rmak, \u00fcretim verimlili\u011fini ve do\u011frulu\u011funu art\u0131rmak i\u00e7in kullan\u0131l\u0131r.<\/li>\n<li><strong>Tar\u0131m Makinalar\u0131:<\/strong> Bi\u00e7erd\u00f6ver ve ekim makinesi gibi tar\u0131m ekipmanlar\u0131nda kol silindiri, ekim, g\u00fcbreleme ve hasat gibi g\u00f6revleri ger\u00e7ekle\u015ftiren \u00e7al\u0131\u015fma kolunun hareketini kontrol eder.<\/li>\n<li><strong>Madencilik End\u00fcstrisi:<\/strong> Madencilik ekipmanlar\u0131nda kol silindiri, maden makinelerinin kol hareketini kontrol etmek, cevherin \u00e7\u0131kar\u0131lmas\u0131n\u0131 ve ta\u015f\u0131nmas\u0131n\u0131 sa\u011flamak i\u00e7in kullan\u0131l\u0131r.<\/li>\n<li><strong>Lojistik ve Ta\u015f\u0131mac\u0131l\u0131k:<\/strong> Forkliftlerde ve ta\u015f\u0131ma robotlar\u0131nda kol silindiri, \u00e7atallar\u0131n kald\u0131r\u0131lmas\u0131n\u0131 ve hareketini kontrol etmek, malzeme ta\u015f\u0131ma ve istiflemeyi kolayla\u015ft\u0131rmak i\u00e7in kullan\u0131l\u0131r.<\/li>\n<\/ul>\n<h3>Tasar\u0131m Hususlar\u0131 ve Se\u00e7im Kriterleri:<\/h3>\n<ul>\n<li><strong>Y\u00fck Ta\u015f\u0131ma Kapasitesi:<\/strong> Kol silindiri, makinenin beklenen y\u00fck gereksinimlerine dayanacak \u015fekilde tasarlanmal\u0131d\u0131r.<\/li>\n<li><strong>S\u0131zd\u0131rmazl\u0131k:<\/strong> Poli\u00fcretan ve nitril kau\u00e7uk gibi a\u015f\u0131nmaya dayan\u0131kl\u0131 malzemelerden yap\u0131lm\u0131\u015f piston contalar\u0131 ve biyel contalar\u0131 gibi \u00e7e\u015fitli s\u0131zd\u0131rmazl\u0131k elemanlar\u0131 kullan\u0131lmal\u0131d\u0131r.<\/li>\n<li><strong>Dayan\u0131kl\u0131l\u0131k:<\/strong> Silindir g\u00f6vdesi ve di\u015fli u\u00e7lar\u0131 a\u015f\u0131nma direncini art\u0131rmak i\u00e7in hassas bir i\u015flemden ge\u00e7irilmelidir.<\/li>\n<li><strong>Emniyet:<\/strong> G\u00fcvenli \u00e7al\u0131\u015fmay\u0131 sa\u011flamak ve kazalar\u0131 \u00f6nlemek i\u00e7in tasar\u0131ma g\u00fcvenlik \u00f6zellikleri dahil edilmelidir.<\/li>\n<li><strong>Bak\u0131m kolayl\u0131\u011f\u0131:<\/strong> Tasar\u0131m s\u00fcrecinde hidrolik ya\u011f ile d\u00fczenli ya\u011flama ve bak\u0131m-onar\u0131m i\u00e7in kolay eri\u015fim g\u00f6z \u00f6n\u00fcnde bulundurulmal\u0131d\u0131r.<\/li>\n<\/ul>\n<p><img decoding=\"async\" src=\"https:\/\/www.hydraulic-cylinders.net\/wp-content\/uploads\/2025\/01\/songte-cylinder-head-with-all-kinds-excavator-models.webp\" alt=\"Silindir Kapa\u011f\u0131\" \/><\/p>\n<h3>Kol Silindirinin S\u0131zd\u0131rmazl\u0131\u011f\u0131 ve Ya\u011flanmas\u0131:<\/h3>\n<p>Kol silindiri, poli\u00fcretan ve nitril kau\u00e7uk gibi a\u015f\u0131nmaya dayan\u0131kl\u0131 malzemelerden yap\u0131lm\u0131\u015f piston contalar\u0131 ve piston kolu contalar\u0131 gibi \u00e7e\u015fitli s\u0131zd\u0131rmazl\u0131k bile\u015fenleri kullan\u0131r. Silindir g\u00f6vdesi ve di\u015fli u\u00e7lar, a\u015f\u0131nma direncini art\u0131rmak i\u00e7in hassas bir i\u015flemden ge\u00e7irilir. D\u00fczg\u00fcn ya\u011flama sa\u011flamak i\u00e7in uygun miktarda hidrolik ya\u011f ile d\u00fczenli ya\u011flama gereklidir.<\/p>\n<h3>D\u00fczenli Muayene ve \u00d6nleyici Bak\u0131m:<\/h3>\n<ul>\n<li>Kol silindirinin contalar, \u00e7ubuklar ve silindir g\u00f6vdesi dahil t\u00fcm bile\u015fenlerini a\u015f\u0131nma veya hasar belirtileri a\u00e7\u0131s\u0131ndan d\u00fczenli olarak inceleyin.<\/li>\n<li>Hidrolik ya\u011f seviyesini ve kalitesini d\u00fczenli olarak kontrol edin ve gerekti\u011finde yenileyin veya de\u011fi\u015ftirin.<\/li>\n<li>T\u00fcm ba\u011flant\u0131lar\u0131n s\u0131k\u0131 ve g\u00fcvenli oldu\u011fundan emin olun.<\/li>\n<li>Olas\u0131 sorunlar\u0131 \u00f6nlemek i\u00e7in silindiri temizleme ve ya\u011flama gibi \u00f6nleyici bak\u0131m yap\u0131n.<\/li>\n<li>\u00dcreticinin \u00f6nerdi\u011fi bak\u0131m program\u0131n\u0131 ve talimatlar\u0131n\u0131 izleyin.<\/li>\n<\/ul>\n<h3>\u00dcr\u00fcn Kurulum K\u0131lavuzu:<\/h3>\n<p>1. Kurulumdan \u00f6nce makinenin uygun \u015fekilde desteklendi\u011finden ve sabitlendi\u011finden emin olun.<\/p>\n<p>2. Kol silindirini dikkatlice istenilen yere yerle\u015ftirin ve montaj deliklerini hizalay\u0131n.<\/p>\n<p>3. Kol silindirini makineye g\u00fcvenli bir \u015fekilde ba\u011flamak i\u00e7in montaj c\u0131vatalar\u0131n\u0131 tak\u0131n ve s\u0131k\u0131n.<\/p>\n<p>4. Hidrolik hatlar\u0131n\u0131 kol silindirindeki uygun portlara ba\u011flay\u0131n.<\/p>\n<p>5. T\u00fcm ba\u011flant\u0131lar\u0131n s\u0131k\u0131 ve s\u0131zd\u0131rmaz oldu\u011fundan emin olun.<\/p>\n<p>6. Do\u011fru kurulumu do\u011frulamak i\u00e7in kol silindirinin i\u015flevselli\u011fini test edin.<\/p>\n<p><img decoding=\"async\" src=\"https:\/\/www.hydraulic-cylinders.net\/wp-content\/uploads\/2025\/01\/songte-bushings-with-all-kinds-of-excavator-models.webp\" alt=\"Bur\u00e7lar\" \/><\/p>\n<h3>G\u00fcvenlik Hususlar\u0131 ve \u00c7evresel Fakt\u00f6rler:<\/h3>\n<p>Kol silindiri kullan\u0131l\u0131rken, kazalar\u0131 \u00f6nlemek ve operat\u00f6r sa\u011fl\u0131\u011f\u0131n\u0131 korumak i\u00e7in g\u00fcvenlik \u00f6nlemlerine \u00f6ncelik vermek \u00e7ok \u00f6nemlidir. \u0130lgili t\u00fcm personele silindirin do\u011fru kullan\u0131m\u0131 ve bak\u0131m\u0131 konusunda yeterli e\u011fitim verilmelidir. Ayr\u0131ca, s\u0131cakl\u0131k, nem ve kirlilik gibi \u00e7evresel fakt\u00f6rlerin g\u00f6z \u00f6n\u00fcnde bulundurulmas\u0131, kol silindirinin performans\u0131n\u0131 ve \u00f6mr\u00fcn\u00fc optimize etmeye yard\u0131mc\u0131 olabilir.<\/p>\n<h3>Sorun Giderme ve Yayg\u0131n Sorunlar:<\/h3>\n<p>1. Sorun: Yava\u015f veya d\u00fczensiz hareket<\/p>\n<p>\u00c7\u00f6z\u00fcm: Hidrolik s\u0131v\u0131 seviyesini ve kalitesini kontrol edin, s\u0131z\u0131nt\u0131 olup olmad\u0131\u011f\u0131n\u0131 inceleyin ve uygun ya\u011flamay\u0131 sa\u011flay\u0131n.<\/p>\n<p>2. Sorun: \u00c7al\u0131\u015fma s\u0131ras\u0131nda a\u015f\u0131r\u0131 g\u00fcr\u00fclt\u00fc<\/p>\n<p>\u00c7\u00f6z\u00fcm: G\u00fcr\u00fclt\u00fcye neden olabilecek gev\u015fek ba\u011flant\u0131lar, a\u015f\u0131nm\u0131\u015f contalar veya hasarl\u0131 bile\u015fenler olup olmad\u0131\u011f\u0131n\u0131 kontrol edin. Gerekirse de\u011fi\u015ftirin veya s\u0131k\u0131n.<\/p>\n<p>3. Sorun: Silindir tam olarak uzam\u0131yor veya geri \u00e7ekilemiyor<\/p>\n<p>\u00c7\u00f6z\u00fcm: Hidrolik hatlarda t\u0131kan\u0131kl\u0131k veya t\u0131kan\u0131kl\u0131k olup olmad\u0131\u011f\u0131n\u0131 kontrol edin. Contalarda a\u015f\u0131nma veya hasar olup olmad\u0131\u011f\u0131n\u0131 kontrol edin. Gerekti\u011finde temizleyin veya de\u011fi\u015ftirin.<\/p>\n<p>4. Sorun: Hidrolik s\u0131v\u0131 s\u0131z\u0131nt\u0131s\u0131<\/p>\n<p>\u00c7\u00f6z\u00fcm: T\u00fcm ba\u011flant\u0131 ve contalar\u0131 s\u0131z\u0131nt\u0131 a\u00e7\u0131s\u0131ndan kontrol edin. Gerekiyorsa s\u0131k\u0131n veya de\u011fi\u015ftirin.<\/p>\n<p>5. Sorun: Silindir kay\u0131yor veya pozisyonunu korumuyor<\/p>\n<p>\u00c7\u00f6z\u00fcm: Bas\u0131n\u00e7 tahliye valfini kontrol edin ve gerekirse ayarlay\u0131n. Contalar\u0131 a\u015f\u0131nma veya hasar a\u00e7\u0131s\u0131ndan inceleyin ve gerekirse de\u011fi\u015ftirin.<\/p>\n<p>D\u00fczenli bak\u0131m ve h\u0131zl\u0131 sorun giderme, bu ve di\u011fer sorunlar\u0131n \u00e7\u00f6z\u00fclmesine yard\u0131mc\u0131 olabilir, optimum performans\u0131 garanti alt\u0131na al\u0131r ve kol silindirinin \u00f6mr\u00fcn\u00fc uzat\u0131r.<\/p>\n<p><img decoding=\"async\" src=\"https:\/\/www.hydraulic-cylinders.net\/wp-content\/uploads\/2025\/01\/songte-chushion-collar.webp\" alt=\"Chushion Yaka\" \/><\/p>\n<p>Makaleyi mant\u0131ksal olarak d\u00fczenlemeyi ve kolay gezinme i\u00e7in alt ba\u015fl\u0131klar kullanmay\u0131 unutmay\u0131n. Anla\u015f\u0131l\u0131rl\u0131\u011f\u0131 art\u0131rmak i\u00e7in ilgili g\u00f6rseller veya grafikler ekleyin. \u0130\u00e7eri\u011fin a\u00e7\u0131k, \u00f6z ve farkl\u0131 teknik bilgi seviyelerine sahip okuyucular i\u00e7in uygun oldu\u011fundan emin olun.<\/p>\n<h2>Hakk\u0131m\u0131zda<\/h2>\n<p>Geni\u015f bir \u00fcr\u00fcn yelpazesi sunan profesyonel bir yedek hidrolik silindir \u00fcreticisiyiz. Yurt i\u00e7i ve yurt d\u0131\u015f\u0131 pazarlarda lider hidrolik silindir \u00fcreticilerinden ve toptan da\u011f\u0131t\u0131c\u0131lar\u0131ndan biri haline geldik. M\u00fckemmel kalite ilkesine ba\u011fl\u0131 kal\u0131yor ve teknolojimizi ve \u00fcretim verimlili\u011fimizi s\u00fcrekli geli\u015ftiriyoruz. Geli\u015fmi\u015f dijital \u00fcretim ekipmanlar\u0131 ve profesyonel test sistemleri sunarak, \u00fcretim platformumuzu optimize ediyor ve \u00fcr\u00fcn kalite kontrol s\u00fcrecimizi iyile\u015ftirerek g\u00fc\u00e7l\u00fc inovasyon yeteneklerimizi sergiliyoruz. Amac\u0131m\u0131z, verimlilik, do\u011fruluk ve y\u00fcksek kalite ilkeleriyle m\u00fc\u015fterilerimizin \u00e7e\u015fitli ihtiya\u00e7lar\u0131n\u0131 kar\u015f\u0131lamakt\u0131r.<\/p>\n<p><img","protected":false},"excerpt":{"rendered":"<p>Arm Cylinder For Sinomach ZG3225C-9C Arm Cylinder For Sinomach ZG3225C-9C is a specialized hydraulic cylinder designed to provide linear motion and power to the arm of various machinery, such as excavators, cranes, and robotic arms. The arm cylinder plays a crucial role in hydraulic systems, enabling the effective movement and control of additional tools or [&hellip;]<\/p>","protected":false},"featured_media":14777,"comment_status":"open","ping_status":"closed","template":"","meta":{"_et_pb_use_builder":"","_et_pb_old_content":"","_et_gb_content_width":""},"product_brand":[],"product_cat":[1497],"product_tag":[1498,1496],"class_list":{"0":"post-16911","1":"product","2":"type-product","3":"status-publish","4":"has-post-thumbnail","6":"product_cat-arm-cylinders","7":"product_tag-arm-cylinders","8":"product_tag-hydraulic-cylinders","10":"first","11":"instock","12":"shipping-taxable","13":"product-type-simple"},"amp_enabled":true,"_links":{"self":[{"href":"https:\/\/www.hydraulic-cylinders.net\/tr\/wp-json\/wp\/v2\/product\/16911","targetHints":{"allow":["GET"]}}],"collection":[{"href":"https:\/\/www.hydraulic-cylinders.net\/tr\/wp-json\/wp\/v2\/product"}],"about":[{"href":"https:\/\/www.hydraulic-cylinders.net\/tr\/wp-json\/wp\/v2\/types\/product"}],"replies":[{"embeddable":true,"href":"https:\/\/www.hydraulic-cylinders.net\/tr\/wp-json\/wp\/v2\/comments?post=16911"}],"wp:featuredmedia":[{"embeddable":true,"href":"https:\/\/www.hydraulic-cylinders.net\/tr\/wp-json\/wp\/v2\/media\/14777"}],"wp:attachment":[{"href":"https:\/\/www.hydraulic-cylinders.net\/tr\/wp-json\/wp\/v2\/media?parent=16911"}],"wp:term":[{"taxonomy":"product_brand","embeddable":true,"href":"https:\/\/www.hydraulic-cylinders.net\/tr\/wp-json\/wp\/v2\/product_brand?post=16911"},{"taxonomy":"product_cat","embeddable":true,"href":"https:\/\/www.hydraulic-cylinders.net\/tr\/wp-json\/wp\/v2\/product_cat?post=16911"},{"taxonomy":"product_tag","embeddable":true,"href":"https:\/\/www.hydraulic-cylinders.net\/tr\/wp-json\/wp\/v2\/product_tag?post=16911"}],"curies":[{"name":"wp","href":"https:\/\/api.w.org\/{rel}","templated":true}]}}