{"id":16915,"date":"2025-01-21T06:12:36","date_gmt":"2025-01-21T06:12:36","guid":{"rendered":"https:\/\/www.hydraulic-cylinders.net\/product\/arm-cylinder-for-hengte-ht85-8\/"},"modified":"2025-01-21T06:12:37","modified_gmt":"2025-01-21T06:12:37","slug":"arm-cylinder-for-hengte-ht85-8","status":"publish","type":"product","link":"https:\/\/www.hydraulic-cylinders.net\/tr\/urun\/arm-cylinder-for-hengte-ht85-8\/","title":{"rendered":"Hengte HT85-8 i\u00e7in Kol Silindiri"},"content":{"rendered":"<h1>Hengte HT85-8 i\u00e7in Kol Silindiri<\/h1>\n<h2>girii\u015f<\/h2>\n<p>Kol silindiri, ekskavat\u00f6rler, vin\u00e7ler ve robot kollar\u0131 gibi \u00e7e\u015fitli makinelerin kollar\u0131na do\u011frusal hareket ve g\u00fc\u00e7 sa\u011flayan \u00f6zel olarak tasarlanm\u0131\u015f bir hidrolik silindirdir. Hidrolik sistemlerde hayati bir rol oynayarak ek aletlerin veya ata\u015fmanlar\u0131n etkili hareketini ve kontrol\u00fcn\u00fc sa\u011flar. Bu silindirler sadece d\u00fczg\u00fcn hareket sa\u011flamakla kalmaz, ayn\u0131 zamanda a\u011f\u0131r y\u00fckleri de ta\u015f\u0131yarak \u00e7e\u015fitli \u00e7al\u0131\u015fma ko\u015fullar\u0131nda makinelerin verimli \u00e7al\u0131\u015fmas\u0131n\u0131 ve g\u00fcvenilirli\u011fini sa\u011flar.<\/p>\n<h3>Tan\u0131m ve A\u00e7\u0131klama<\/h3>\n<p>Kol silindiri, \u00e7e\u015fitli makine t\u00fcrlerinin kollar\u0131na d\u00fcz hatl\u0131 hareket ve g\u00fc\u00e7 sa\u011flamak i\u00e7in tasarlanm\u0131\u015f bir hidrolik silindirdir. Genellikle ekskavat\u00f6rlerde, vin\u00e7lerde ve robotik kollarda kullan\u0131l\u0131r. Kol silindiri, hidrolik sistemlerde \u00f6nemli bir rol oynayarak ek aletlerin veya ata\u015fmanlar\u0131n verimli hareketini ve kontrol\u00fcn\u00fc sa\u011flar. Bu silindirler, d\u00fczg\u00fcn hareketleri ve a\u011f\u0131r y\u00fckleri ta\u015f\u0131ma yetenekleriyle bilinir ve \u00e7e\u015fitli \u00e7al\u0131\u015fma ko\u015fullar\u0131nda makinelerin y\u00fcksek performans\u0131n\u0131 ve g\u00fcvenilirli\u011fini sa\u011flar.<\/p>\n<p><img decoding=\"async\" src=\"https:\/\/www.hydraulic-cylinders.net\/wp-content\/uploads\/2025\/01\/songte-company-2.webp\"><\/p>\n<h2>Hengte HT85-8 i\u00e7in Kol Silindirinin \u00d6zellikleri<\/h2>\n<ol>\n<li><strong>Y\u00fcksek Verimli \u015eanz\u0131man:<\/strong> Kol silindiri, g\u00fc\u00e7l\u00fc do\u011frusal hareket ve kuvvet sa\u011flayarak, makinenin \u00e7e\u015fitli i\u015flemlerde verimli performans g\u00f6stermesini garanti eder.<\/li>\n<li><strong>Hassas Kontrol:<\/strong> Hidrolik sistem sayesinde kol silindiri hassas hareket kontrol\u00fc sa\u011flayarak, ek tak\u0131mlar\u0131n daha esnek ve hassas bir \u015fekilde \u00e7al\u0131\u015ft\u0131r\u0131lmas\u0131n\u0131 sa\u011flar.<\/li>\n<li><strong>Dayan\u0131kl\u0131l\u0131k:<\/strong> Kol silindirleri genellikle y\u00fcksek mukavemetli malzemelerden yap\u0131l\u0131r, m\u00fckemmel a\u015f\u0131nma ve korozyon direnci sunar ve bu da onlar\u0131 zorlu ortamlarda uzun s\u00fcreli kullan\u0131ma uygun hale getirir.<\/li>\n<li><strong>\u00c7ok Fonksiyonlu Uyarlanabilirlik:<\/strong> Bu silindirler, ekskavat\u00f6rler, vin\u00e7ler ve robotik kollar gibi \u00e7e\u015fitli makine t\u00fcrlerinde yayg\u0131n olarak kullan\u0131labilir ve farkl\u0131 \u00e7al\u0131\u015fma gereksinimlerine uyum sa\u011flayabilir.<\/li>\n<li><strong>Kolay Bak\u0131m:<\/strong> Kol silindirinin tasar\u0131m\u0131, bak\u0131m ve de\u011fi\u015ftirme kolayl\u0131\u011f\u0131n\u0131 g\u00f6z \u00f6n\u00fcnde bulundurarak d\u00fczenli kontrolleri ve bak\u0131m\u0131 daha kolay hale getirir ve ekipman ar\u0131za s\u00fcresini azalt\u0131r.<\/li>\n<\/ol>\n<p><img decoding=\"async\" src=\"https:\/\/www.hydraulic-cylinders.net\/wp-content\/uploads\/2025\/01\/songte-oil-pipes-and-spare-parts.webp\"><\/p>\n<h2>Hengte HT85-8 i\u00e7in Kol Silindirinin Uygulamalar\u0131<\/h2>\n<p>Kol silindiri \u00e7e\u015fitli end\u00fcstri ve sekt\u00f6rlerde uygulama alan\u0131 bulmaktad\u0131r:<\/p>\n<h3>1. \u0130n\u015faat M\u00fchendisli\u011fi<\/h3>\n<p>Ekskavat\u00f6rlerde ve vin\u00e7lerde kol silindiri, kova veya bomun hareketini kontrol ederek toprak i\u015flerini, malzeme ta\u015f\u0131may\u0131 ve yap\u0131sal montaj\u0131 kolayla\u015ft\u0131r\u0131r.<\/p>\n<h3>2. \u00dcretim Sanayi<\/h3>\n<p>Otomatik \u00fcretim hatlar\u0131nda, robot kollar\u0131n\u0131n hareketini sa\u011flamak i\u00e7in kol silindiri kullan\u0131l\u0131r ve bu sayede montaj, kaynak ve malzeme ta\u015f\u0131ma gibi i\u015flemler ger\u00e7ekle\u015ftirilerek \u00fcretim verimlili\u011fi ve hassasiyeti art\u0131r\u0131l\u0131r.<\/p>\n<h3>3. Tar\u0131m Makinalar\u0131<\/h3>\n<p>Bi\u00e7erd\u00f6ver ve tohum ekme makineleri gibi tar\u0131m makinelerinde, kol silindiri, tohum ekme, g\u00fcbreleme ve hasat gibi g\u00f6revleri yerine getiren \u00e7al\u0131\u015fma kollar\u0131n\u0131n hareketini kontrol eder.<\/p>\n<h3>4. Madencilik<\/h3>\n<p>Madencilik ekipmanlar\u0131nda kol silindiri, maden makinelerinin kol hareketini kontrol etmek, cevher \u00e7\u0131karma ve ta\u015f\u0131may\u0131 kolayla\u015ft\u0131rmak i\u00e7in kullan\u0131l\u0131r.<\/p>\n<h3>5. Lojistik ve Ta\u015f\u0131mac\u0131l\u0131k<\/h3>\n<p>Forkliftlerde ve ta\u015f\u0131ma robotlar\u0131nda kol silindiri \u00e7atallar\u0131n kald\u0131r\u0131lmas\u0131n\u0131 ve hareketini kontrol ederek malzeme ta\u015f\u0131ma ve istiflemeyi sa\u011flar.<\/p>\n<h2>Tasar\u0131m Hususlar\u0131 ve Se\u00e7im Kriterleri<\/h2>\n<p>Kol silindirlerinin tasar\u0131m\u0131 ve se\u00e7imi yap\u0131l\u0131rken \u00e7e\u015fitli fakt\u00f6rler g\u00f6z \u00f6n\u00fcnde bulundurulmal\u0131d\u0131r:<\/p>\n<h3>1. Y\u00fck Ta\u015f\u0131ma Kapasitesi<\/h3>\n<p>Kol silindiri, \u00e7al\u0131\u015fma s\u0131ras\u0131nda kar\u015f\u0131la\u015faca\u011f\u0131 maksimum y\u00fcke dayanabilecek kapasitede olmal\u0131 ve g\u00fcvenli ve verimli bir performans sa\u011flamal\u0131d\u0131r.<\/p>\n<h3>2. S\u0131zd\u0131rmazl\u0131k<\/h3>\n<p>Kol silindirinde piston contalar\u0131 ve mil contalar\u0131 gibi \u00e7e\u015fitli s\u0131zd\u0131rmazl\u0131k elemanlar\u0131 kullan\u0131lmal\u0131d\u0131r. Bu contalar genellikle poli\u00fcretan ve nitril kau\u00e7uk gibi a\u015f\u0131nmaya dayan\u0131kl\u0131 malzemelerden yap\u0131l\u0131r. Silindir g\u00f6vdesi ve di\u015fli u\u00e7lar\u0131, a\u015f\u0131nma direncini art\u0131rmak i\u00e7in ince bir i\u015flemden ge\u00e7irilmelidir. Sorunsuz \u00e7al\u0131\u015fma i\u00e7in uygun hidrolik ya\u011f ile d\u00fczenli ya\u011flama gereklidir.<\/p>\n<p><img decoding=\"async\" src=\"https:\/\/www.hydraulic-cylinders.net\/wp-content\/uploads\/2025\/01\/songte-cylinder-head-with-all-kinds-excavator-models.webp\"><\/p>\n<h2>D\u00fczenli Muayene ve \u00d6nleyici Bak\u0131m<\/h2>\n<p>Kol silindirinin optimum performans ve uzun \u00f6m\u00fcrl\u00fcl\u00fc\u011f\u00fcn\u00fc sa\u011flamak i\u00e7in a\u015fa\u011f\u0131daki \u00f6nlemler al\u0131nmal\u0131d\u0131r:<\/p>\n<ol>\n<li>Kol silindirini d\u00fczenli olarak a\u015f\u0131nma, s\u0131z\u0131nt\u0131 veya hasar belirtileri a\u00e7\u0131s\u0131ndan inceleyin.<\/li>\n<li>Hidrolik s\u0131v\u0131 seviyelerini ve kalitesini kontrol edin ve uygun \u015fekilde koruyun.<\/li>\n<li>Kirlenmeyi \u00f6nlemek i\u00e7in silindiri ve bile\u015fenlerini temiz tutun.<\/li>\n<li>\u00dcreticinin \u00f6nerdi\u011fi bak\u0131m program\u0131n\u0131 takip edin.<\/li>\n<\/ol>\n<h2>\u00dcr\u00fcn Kurulum Talimatlar\u0131<\/h2>\n<p>Kol silindirinin do\u011fru montaj\u0131, optimum performans ve g\u00fcvenlik i\u00e7in \u00e7ok \u00f6nemlidir. L\u00fctfen \u015fu y\u00f6nergeleri izleyin:<\/p>\n<ol>\n<li>Kurulum i\u015flemine ba\u015flamadan \u00f6nce makinenin uygun \u015fekilde desteklendi\u011finden ve sabitlendi\u011finden emin olun.<\/li>\n<li>Kol silindirini montaj noktalar\u0131yla dikkatlice hizalay\u0131n ve t\u00fcm ba\u011flant\u0131lar\u0131n s\u0131k\u0131 oldu\u011fundan emin olun.<\/li>\n<li>Follow the manufacturer&#8217;s instructions for hydraulic connections and bleeding the system.<\/li>\n<li>Kol silindirinin d\u00fczg\u00fcn \u00e7al\u0131\u015f\u0131p \u00e7al\u0131\u015fmad\u0131\u011f\u0131n\u0131 tam olarak kullan\u0131ma almadan \u00f6nce test edin.<\/li>\n<\/ol>\n<p><img decoding=\"async\" src=\"https:\/\/www.hydraulic-cylinders.net\/wp-content\/uploads\/2025\/01\/songte-bushings-with-all-kinds-of-excavator-models.webp\"><\/p>\n<h2>G\u00fcvenlik Hususlar\u0131 ve \u00c7evresel Fakt\u00f6rler<\/h2>\n<p>Kol silindirini kullan\u0131rken, kazalar\u0131 \u00f6nlemek ve g\u00fcvenli bir \u00e7al\u0131\u015fma ortam\u0131 sa\u011flamak i\u00e7in g\u00fcvenlik \u00f6nlemlerine uyulmas\u0131 \u00e7ok \u00f6nemlidir. Operat\u00f6rler ve bak\u0131m personeli i\u00e7in uygun e\u011fitim ve g\u00fcvenlik \u00f6nlemleri konusunda fark\u0131ndal\u0131k \u00f6nemlidir.<\/p>\n<h2>Sorun Giderme ve Yayg\u0131n Sorunlar<\/h2>\n<p>Dayan\u0131kl\u0131l\u0131klar\u0131na ra\u011fmen, kol silindirlerinde baz\u0131 sorunlar ortaya \u00e7\u0131kabilir. A\u015fa\u011f\u0131da baz\u0131 yayg\u0131n sorunlar ve \u00e7\u00f6z\u00fcmleri yer almaktad\u0131r:<\/p>\n<ol>\n<li><strong>S\u0131z\u0131nt\u0131:<\/strong> Contalar\u0131 ve ba\u011flant\u0131lar\u0131 hasar veya a\u015f\u0131nma a\u00e7\u0131s\u0131ndan kontrol edin. A\u015f\u0131nm\u0131\u015f contalar\u0131 de\u011fi\u015ftirin ve gev\u015fek ba\u011flant\u0131lar\u0131 s\u0131k\u0131n.<\/li>\n<li><strong>Yava\u015f veya Sars\u0131nt\u0131l\u0131 Hareket:<\/strong> Hidrolik sistemde herhangi bir t\u0131kan\u0131kl\u0131k veya yetersiz s\u0131v\u0131 seviyesi olup olmad\u0131\u011f\u0131n\u0131 kontrol edin. T\u0131kanm\u0131\u015f filtreleri temizleyin veya de\u011fi\u015ftirin ve s\u0131v\u0131n\u0131n do\u011fru \u015fekilde akmas\u0131n\u0131 sa\u011flay\u0131n.<\/li>\n<li><strong>A\u015f\u0131r\u0131 G\u00fcr\u00fclt\u00fc:<\/strong> Gev\u015fek par\u00e7alar\u0131 veya hizalama sorunlar\u0131n\u0131 kontrol edin. Gev\u015fek ba\u011flant\u0131lar\u0131 s\u0131k\u0131n ve kol silindirini do\u011fru \u015fekilde hizalay\u0131n.<\/li>\n<\/ol>\n<p>Bu sorun giderme ipu\u00e7lar\u0131n\u0131 izleyerek ve \u00f6nleyici tedbirleri uygulayarak, olas\u0131 sorunlar en aza indirilebilir ve kol silindirinin sorunsuz \u00e7al\u0131\u015fmas\u0131 ve uzun \u00f6m\u00fcrl\u00fc olmas\u0131 sa\u011flanabilir.<\/p>\n<p><img decoding=\"async\" src=\"https:\/\/www.hydraulic-cylinders.net\/wp-content\/uploads\/2025\/01\/songte-chushion-collar.webp\"><\/p>\n<p>Yazar: lyl<\/p>\n<p>Firmam\u0131z, hidrolik silindir yedek par\u00e7alar\u0131n\u0131n profesyonel bir \u00fcreticisidir. Geni\u015f \u00fcr\u00fcn yelpazesi sunarak, hem yurt i\u00e7i hem de uluslararas\u0131 pazarlarda hidrolik silindirlerin \u00f6nde gelen \u00fcreticilerinden ve toptanc\u0131lar\u0131ndan biri haline geldik. Kalitede m\u00fckemmellik ilkesine her zaman ba\u011fl\u0131 kalarak, geli\u015fmi\u015f \u00fcretim at\u00f6lyemizde end\u00fcstriyel \u00fcretim y\u00f6netim stratejilerine dayanarak teknik seviyemizi ve \u00fcretim verimlili\u011fimizi s\u00fcrekli olarak geli\u015ftiriyoruz. Y\u00fcksek teknoloji \u00fcr\u00fcn\u00fc dijital \u00fcretim ekipmanlar\u0131 ve profesyonel test sistemleri kullanarak \u00fcretim platformumuzu optimize ediyor, \u00fcr\u00fcn kalite kontrol s\u00fcre\u00e7lerimizi m\u00fckemmelle\u015ftiriyor ve g\u00fc\u00e7l\u00fc inovasyon yeteneklerine sahibiz. Amac\u0131m\u0131z, m\u00fc\u015fterilerimizin \u00e7e\u015fitli ihtiya\u00e7lar\u0131n\u0131 verimlilik, hassasiyet ve y\u00fcksek kalite ile kar\u015f\u0131lamakt\u0131r.<\/p>\n<p><img decoding=\"async\" src=\"https:\/\/www.hydraulic-cylinders.net\/wp-content\/uploads\/2025\/01\/songte-company-4.webp\"><br \/>\n<img decoding=\"async\" src=\"https:\/\/www.hydraulic-cylinders.net\/wp-content\/uploads\/2025\/01\/songte-company-3.webp\"><\/p>","protected":false},"excerpt":{"rendered":"<p>Arm Cylinder For Hengte HT85-8 Introduction The arm cylinder is a specially designed hydraulic cylinder that provides linear motion and power to the arms of various machinery, such as excavators, cranes, and robotic arms. It plays a crucial role in hydraulic systems, enabling the effective movement and control of additional tools or attachments. These cylinders [&hellip;]<\/p>","protected":false},"featured_media":14766,"comment_status":"open","ping_status":"closed","template":"","meta":{"_et_pb_use_builder":"","_et_pb_old_content":"","_et_gb_content_width":""},"product_brand":[],"product_cat":[1497],"product_tag":[1498,1496],"class_list":{"0":"post-16915","1":"product","2":"type-product","3":"status-publish","4":"has-post-thumbnail","6":"product_cat-arm-cylinders","7":"product_tag-arm-cylinders","8":"product_tag-hydraulic-cylinders","10":"first","11":"instock","12":"shipping-taxable","13":"product-type-simple"},"amp_enabled":true,"_links":{"self":[{"href":"https:\/\/www.hydraulic-cylinders.net\/tr\/wp-json\/wp\/v2\/product\/16915","targetHints":{"allow":["GET"]}}],"collection":[{"href":"https:\/\/www.hydraulic-cylinders.net\/tr\/wp-json\/wp\/v2\/product"}],"about":[{"href":"https:\/\/www.hydraulic-cylinders.net\/tr\/wp-json\/wp\/v2\/types\/product"}],"replies":[{"embeddable":true,"href":"https:\/\/www.hydraulic-cylinders.net\/tr\/wp-json\/wp\/v2\/comments?post=16915"}],"wp:featuredmedia":[{"embeddable":true,"href":"https:\/\/www.hydraulic-cylinders.net\/tr\/wp-json\/wp\/v2\/media\/14766"}],"wp:attachment":[{"href":"https:\/\/www.hydraulic-cylinders.net\/tr\/wp-json\/wp\/v2\/media?parent=16915"}],"wp:term":[{"taxonomy":"product_brand","embeddable":true,"href":"https:\/\/www.hydraulic-cylinders.net\/tr\/wp-json\/wp\/v2\/product_brand?post=16915"},{"taxonomy":"product_cat","embeddable":true,"href":"https:\/\/www.hydraulic-cylinders.net\/tr\/wp-json\/wp\/v2\/product_cat?post=16915"},{"taxonomy":"product_tag","embeddable":true,"href":"https:\/\/www.hydraulic-cylinders.net\/tr\/wp-json\/wp\/v2\/product_tag?post=16915"}],"curies":[{"name":"wp","href":"https:\/\/api.w.org\/{rel}","templated":true}]}}