{"id":16918,"date":"2025-01-21T06:12:48","date_gmt":"2025-01-21T06:12:48","guid":{"rendered":"https:\/\/www.hydraulic-cylinders.net\/product\/arm-cylinder-for-hengte-wheel-excavator-htl60\/"},"modified":"2025-01-21T06:12:50","modified_gmt":"2025-01-21T06:12:50","slug":"arm-cylinder-for-hengte-wheel-excavator-htl60","status":"publish","type":"product","link":"https:\/\/www.hydraulic-cylinders.net\/tr\/urun\/arm-cylinder-for-hengte-wheel-excavator-htl60\/","title":{"rendered":"Hengte Tekerlekli Ekskavat\u00f6r HTL60 i\u00e7in Kol Silindiri"},"content":{"rendered":"<p><html><\/p>\n<h1>Hengte Tekerlekli Ekskavat\u00f6r HTL60 i\u00e7in Kol Silindiri<\/h1>\n<h2>girii\u015f<\/h2>\n<p>Hengte Tekerlekli Ekskavat\u00f6r HTL60 i\u00e7in Kol Silindiri, ekskavat\u00f6rler, vin\u00e7ler ve robotik kollar gibi \u00e7e\u015fitli makinelerin kollar\u0131na do\u011frusal hareket ve g\u00fc\u00e7 sa\u011flayan \u00f6zel olarak tasarlanm\u0131\u015f bir hidrolik silindirdir. Kol Silindiri, hidrolik sistemlerde \u00f6nemli bir rol oynar ve ek alet veya ata\u015fmanlar\u0131n verimli bir \u015fekilde hareket etmesini ve kontrol edilmesini sa\u011flar. Bu silindirler, yaln\u0131zca d\u00fczg\u00fcn hareket sa\u011flamakla kalmaz, ayn\u0131 zamanda a\u011f\u0131r y\u00fcklere de dayanarak, \u00e7e\u015fitli \u00e7al\u0131\u015fma ko\u015fullar\u0131nda makinelerin verimli \u00e7al\u0131\u015fmas\u0131n\u0131 ve g\u00fcvenilirli\u011fini sa\u011flar.<\/p>\n<p><img decoding=\"async\" src=\"https:\/\/www.hydraulic-cylinders.net\/wp-content\/uploads\/2025\/01\/songte-company-2.webp\" alt=\"Kol Silindiri G\u00f6r\u00fcnt\u00fcs\u00fc\"><\/p>\n<h2>\u00d6zellikler<\/h2>\n<ul>\n<li><strong>Y\u00fcksek Verimli \u015eanz\u0131man:<\/strong> Kol Silindiri, g\u00fc\u00e7l\u00fc do\u011frusal hareket ve kuvvet sa\u011flayarak robotik kolun \u00e7e\u015fitli operasyonlarda y\u00fcksek performans kabiliyetleri elde etmesini sa\u011flar.<\/li>\n<li><strong>Hassas Kontrol:<\/strong> Hidrolik sistemler sayesinde Kol Silindiri hassas hareket kontrol\u00fc sa\u011flayarak, ba\u011fl\u0131 tak\u0131mlar\u0131n daha esnek ve hassas \u00e7al\u0131\u015fmas\u0131n\u0131 sa\u011flar.<\/li>\n<li><strong>G\u00fc\u00e7l\u00fc Dayan\u0131kl\u0131l\u0131k:<\/strong> Kol Silindirleri genellikle y\u00fcksek mukavemetli malzemeler kullan\u0131larak \u00fcretilir, m\u00fckemmel a\u015f\u0131nma ve korozyon direnci sunar ve bu da onlar\u0131 zorlu ortamlarda uzun s\u00fcreli kullan\u0131ma uygun hale getirir.<\/li>\n<li><strong>\u00c7ok Y\u00f6nl\u00fc Uyum:<\/strong> Bu silindirler, ekskavat\u00f6rler, vin\u00e7ler ve robotik kollar gibi \u00e7e\u015fitli makine ekipmanlar\u0131na yayg\u0131n olarak uygulanabilir ve farkl\u0131 \u00e7al\u0131\u015fma gereksinimlerine uyum sa\u011flar.<\/li>\n<li><strong>Kolay Bak\u0131m:<\/strong> Kolay bak\u0131m ve de\u011fi\u015ftirme d\u00fc\u015f\u00fcn\u00fclerek tasarlanan Kol Silindiri, d\u00fczenli muayene ve bak\u0131m\u0131 kolayla\u015ft\u0131rarak ekipman ar\u0131za s\u00fcresini azalt\u0131r.<\/li>\n<\/ul>\n<p><img decoding=\"async\" src=\"https:\/\/www.hydraulic-cylinders.net\/wp-content\/uploads\/2025\/01\/songte-oil-pipes-and-spare-parts.webp\" alt=\"\u00dcr\u00fcn G\u00f6rseli\"><\/p>\n<h2>Uygulamalar<\/h2>\n<ul>\n<li><strong>\u0130n\u015faat M\u00fchendisli\u011fi:<\/strong> Ekskavat\u00f6rlerde ve vin\u00e7lerde Kol Silindiri, toprak i\u015fleri, malzeme ta\u015f\u0131ma ve yap\u0131sal montaj i\u00e7in kovalar\u0131n veya bomlar\u0131n hareketini kontrol eder.<\/li>\n<li><strong>\u00dcretim Sanayi:<\/strong> Otomasyonlu \u00fcretim hatlar\u0131nda, Kol Silindiri, montaj, kaynak ve malzeme ta\u015f\u0131ma gibi s\u00fcre\u00e7lerde robot kollar\u0131n\u0131n hareket ettirilmesi i\u00e7in kullan\u0131l\u0131r, \u00fcretim verimlili\u011fini ve hassasiyetini art\u0131r\u0131r.<\/li>\n<li><strong>Tar\u0131m Makinalar\u0131:<\/strong> Harvester ve mibzer gibi tar\u0131m makinelerinde Kol Silindiri, ekim, g\u00fcbreleme ve hasat gibi g\u00f6revlerde \u00e7al\u0131\u015fan kollar\u0131n hareketini kontrol eder.<\/li>\n<li><strong>Madencilik:<\/strong> Madencilik ekipmanlar\u0131nda Kol Silindiri, madencilik ekipmanlar\u0131n\u0131n kol hareketini kontrol ederek cevherin \u00e7\u0131kar\u0131lmas\u0131n\u0131 ve ta\u015f\u0131nmas\u0131n\u0131 kolayla\u015ft\u0131r\u0131r.<\/li>\n<li><strong>Lojistik ve Ta\u015f\u0131mac\u0131l\u0131k:<\/strong> Forkliftlerde ve ta\u015f\u0131ma robotlar\u0131nda, Kol Silindiri \u00e7atallar\u0131n kald\u0131r\u0131lmas\u0131n\u0131 ve hareketini kontrol ederek malzeme ta\u015f\u0131ma ve istiflemeyi m\u00fcmk\u00fcn k\u0131lar.<\/li>\n<\/ul>\n<h2>Tasar\u0131m Hususlar\u0131 ve Se\u00e7im Kriterleri<\/h2>\n<ul>\n<li><strong>Y\u00fck Ta\u015f\u0131ma Kapasitesi:<\/strong> Discuss the importance of the Arm Cylinder&#8217;s load-bearing capacity, highlighting its role in supporting heavy loads during operations.<\/li>\n<li><strong>S\u0131zd\u0131rmazl\u0131k:<\/strong> Piston contalar\u0131 ve biyel contalar\u0131 gibi \u00e7e\u015fitli s\u0131zd\u0131rmazl\u0131k bile\u015fenlerini a\u00e7\u0131klay\u0131n, poli\u00fcretan ve nitril kau\u00e7uk gibi a\u015f\u0131nmaya dayan\u0131kl\u0131 malzemelerin kullan\u0131m\u0131n\u0131 ve a\u015f\u0131nma direncini art\u0131rmak i\u00e7in hassas y\u00fczey i\u015fleminin \u00f6nemini vurgulay\u0131n.<\/li>\n<li><strong>Dayan\u0131kl\u0131l\u0131k:<\/strong> Explain the design considerations that contribute to the Arm Cylinder&#8217;s durability, including the use of high-strength materials and corrosion-resistant coatings.<\/li>\n<li><strong>Emniyet:<\/strong> Kol Silindirinin tasar\u0131m\u0131na dahil edilen bas\u0131n\u00e7 tahliye valfleri ve ar\u0131za emniyet mekanizmalar\u0131 gibi g\u00fcvenlik \u00f6zelliklerini tart\u0131\u015f\u0131n.<\/li>\n<li><strong>Bak\u0131m kolayl\u0131\u011f\u0131:<\/strong> Bak\u0131m\u0131n kolayl\u0131\u011f\u0131n\u0131 ve d\u00fczenli muayenenin \u00f6nemini vurgulay\u0131n, ayr\u0131ca kolay de\u011fi\u015ftirme i\u00e7in standartla\u015ft\u0131r\u0131lm\u0131\u015f bile\u015fenlerin kullan\u0131m\u0131n\u0131 vurgulay\u0131n.<\/li>\n<\/ul>\n<p><img decoding=\"async\" src=\"https:\/\/www.hydraulic-cylinders.net\/wp-content\/uploads\/2025\/01\/songte-cylinder-head-with-all-kinds-excavator-models.webp\" alt=\"\u00dcr\u00fcn G\u00f6rseli\"><\/p>\n<h2>S\u0131zd\u0131rmazl\u0131k ve Ya\u011flama<\/h2>\n<p>Kol Silindiri, poli\u00fcretan ve nitril kau\u00e7uk gibi a\u015f\u0131nmaya dayan\u0131kl\u0131 malzemelerden \u00fcretilen piston contalar\u0131 ve piston kolu contalar\u0131 da dahil olmak \u00fczere \u00e7e\u015fitli s\u0131zd\u0131rmazl\u0131k bile\u015fenleri kullan\u0131r. Silindir g\u00f6vdesi ve di\u015fli u\u00e7 y\u00fczeyleri, a\u015f\u0131nma direncini art\u0131rmak i\u00e7in titiz bir i\u015flemden ge\u00e7irilir. Silindirin sorunsuz \u00e7al\u0131\u015fmas\u0131 ve uzun \u00f6m\u00fcrl\u00fc olmas\u0131 i\u00e7in uygun miktarda hidrolik ya\u011f ile d\u00fczenli ya\u011flama gereklidir.<\/p>\n<h2>D\u00fczenli Muayene ve \u00d6nleyici Bak\u0131m<\/h2>\n<ul>\n<li>Kol Silindirini d\u00fczenli olarak s\u0131z\u0131nt\u0131, a\u015f\u0131nma veya hasar belirtileri a\u00e7\u0131s\u0131ndan inceleyin.<\/li>\n<li>Hidrolik ya\u011f seviyesini ve kalitesini kontrol ederek uygun ya\u011flamay\u0131 sa\u011flay\u0131n.<\/li>\n<li>Gev\u015fek ba\u011flant\u0131lar\u0131 ve ba\u011flant\u0131 par\u00e7alar\u0131n\u0131 s\u0131k\u0131n.<\/li>\n<li>A\u015f\u0131nm\u0131\u015f contalar\u0131 veya bile\u015fenleri derhal de\u011fi\u015ftirin.<\/li>\n<li>\u00dcretici taraf\u0131ndan sa\u011flanan \u00f6nerilen bak\u0131m programlar\u0131n\u0131 izleyin.<\/li>\n<\/ul>\n<h2>Kurulum K\u0131lavuzu<\/h2>\n<p>Optimum performans ve g\u00fcvenli\u011fi sa\u011flamak i\u00e7in Kol Silindirinin do\u011fru \u015fekilde tak\u0131lmas\u0131 \u00e7ok \u00f6nemlidir. A\u015fa\u011f\u0131daki ad\u0131mlar\u0131 izleyin:<\/p>\n<ol>\n<li>Montaj alan\u0131n\u0131 haz\u0131rlay\u0131n ve temiz ve kal\u0131nt\u0131lardan ar\u0131nd\u0131r\u0131lm\u0131\u015f oldu\u011fundan emin olun.<\/li>\n<li>Silindiri montaj noktalar\u0131na hizalay\u0131n ve uygun c\u0131vata veya ba\u011flant\u0131 elemanlar\u0131 kullanarak sabitleyin.<\/li>\n<li>Montaj c\u0131vatalar\u0131n\u0131 veya ba\u011flant\u0131 elemanlar\u0131n\u0131 \u00f6nerilen torka s\u0131k\u0131n.<\/li>\n<li>Hidrolik hatlar\u0131 silindire ba\u011flay\u0131n ve s\u0131zd\u0131rmazl\u0131\u011f\u0131n uygun oldu\u011fundan emin olun.<\/li>\n<li>Check for any leaks and perform a test run to verify the cylinder&#8217;s functionality.<\/li>\n<\/ol>\n<p><img decoding=\"async\" src=\"https:\/\/www.hydraulic-cylinders.net\/wp-content\/uploads\/2025\/01\/songte-bushings-with-all-kinds-of-excavator-models.webp\" alt=\"\u00dcr\u00fcn G\u00f6rseli\"><\/p>\n<h2>G\u00fcvenlik Hususlar\u0131 ve \u00c7evresel Fakt\u00f6rler<\/h2>\n<p>When using the Arm Cylinder, it is essential to prioritize safety measures to prevent accidents and ensure operator well-being. Safety precautions may include using appropriate protective gear, following proper operating procedures, and implementing emergency stop systems. Additionally, considering environmental factors such as temperature, humidity, and exposure to chemicals can help optimize the cylinder&#8217;s performance and longevity.<\/p>\n<h2>Ar\u0131za Te\u015fhisi ve Yayg\u0131n Sorunlar<\/h2>\n<p>Kol Silindiri ile ilgili ortaya \u00e7\u0131kabilecek yayg\u0131n sorunlar aras\u0131nda s\u0131z\u0131nt\u0131, yetersiz kuvvet, d\u00fczensiz hareket veya anormal g\u00fcr\u00fclt\u00fc bulunur. Bu sorunlar\u0131 te\u015fhis etmek ve gidermek i\u00e7in:<\/p>\n<ul>\n<li>Sorunun semptomunu ve olas\u0131 nedenini belirleyin.<\/li>\n<li>Silindirde g\u00f6zle g\u00f6r\u00fcl\u00fcr bir hasar veya a\u015f\u0131nma olup olmad\u0131\u011f\u0131n\u0131 kontrol edin.<\/li>\n<li>Hidrolik hatlarda ve ba\u011flant\u0131larda s\u0131z\u0131nt\u0131 veya t\u0131kan\u0131kl\u0131k olup olmad\u0131\u011f\u0131n\u0131 kontrol edin.<\/li>\n<li>Verify the hydraulic system&#8217;s pressure and flow rate.<\/li>\n<li>Refer to the manufacturer&#8217;s troubleshooting guide or seek professional assistance if needed.<\/li>\n<\/ul>\n<p>Sorun giderme ipu\u00e7lar\u0131 ve \u00e7\u00f6z\u00fcmleri sunmak, okuyucular\u0131n sorunlar\u0131 etkili bir \u015fekilde te\u015fhis etmesine ve \u00e7\u00f6zmesine yard\u0131mc\u0131 olur ve olas\u0131 sorunlar\u0131 en aza indirmek i\u00e7in \u00f6nleyici tedbirler sunar.<\/p>\n<p><img decoding=\"async\" src=\"https:\/\/www.hydraulic-cylinders.net\/wp-content\/uploads\/2025\/01\/songte-chushion-collar.webp\" alt=\"\u00dcr\u00fcn G\u00f6rseli\"><\/p>\n<p>Makaleyi mant\u0131kl\u0131 bir \u015fekilde d\u00fczenlemeyi, kolay gezinme i\u00e7in alt ba\u015fl\u0131klar kullanmay\u0131, anlay\u0131\u015f\u0131 geli\u015ftirmek i\u00e7in ilgili g\u00f6rseller veya grafikler eklemeyi ve i\u00e7eri\u011fin farkl\u0131 teknik bilgi seviyelerine sahip okuyucular i\u00e7in a\u00e7\u0131k, \u00f6z ve uygun olmas\u0131n\u0131 sa\u011flamay\u0131 unutmay\u0131n.<\/p>\n<h2>Hakk\u0131m\u0131zda<\/h2>\n<p>We are a professional manufacturer of replacement hydraulic cylinders, offering a wide range of products. We have become one of the leading hydraulic cylinder manufacturers and wholesale distributors in the domestic and international markets. Our commitment to excellence in quality is upheld through industrialized production management strategies in our sophisticated manufacturing workshops, continuously improving our technical expertise and production efficiency. By introducing advanced digital manufacturing equipment and professional testing systems, we optimize our manufacturing platform and enhance product quality control processes, demonstrating strong innovation capabilities. Our goal is to meet customers&#8217; diverse needs with principles of efficiency, accuracy, and high quality.<\/p>\n<p><img decoding=\"async\" src=\"https:\/\/www.hydraulic-cylinders.net\/wp-content\/uploads\/2025\/01\/songte-company-4.webp\" alt=\"\u015eirket \u0130maj\u0131\"><br \/>\n<img decoding=\"async\" src=\"https:\/\/www.hydraulic-cylinders.net\/wp-content\/uploads\/2025\/01\/songte-company-3.webp\" alt=\"\u015eirket \u0130maj\u0131\"><\/p>\n<p>Ayr\u0131ca profesyonelli\u011fimiz, uluslararas\u0131 sertifikasyonlar\u0131m\u0131z, \u00f6zelle\u015ftirilmi\u015f hizmetlerimiz, \u00fcretim ekipmanlar\u0131m\u0131z ve sat\u0131\u015f sonras\u0131 hizmetlerimizle gurur duyuyoruz.<\/p>\n<p>Yazar: lyl<\/p>\n<p><\/html><\/p>","protected":false},"excerpt":{"rendered":"<p>Arm Cylinder For Hengte Wheel Excavator HTL60 Introduction The Arm Cylinder for Hengte Wheel Excavator HTL60 is a specially designed hydraulic cylinder that provides linear motion and power to the arm of various machinery, such as excavators, cranes, and robotic arms. The Arm Cylinder plays a crucial role in hydraulic systems, enabling efficient movement and [&hellip;]<\/p>","protected":false},"featured_media":14786,"comment_status":"open","ping_status":"closed","template":"","meta":{"_et_pb_use_builder":"","_et_pb_old_content":"","_et_gb_content_width":""},"product_brand":[],"product_cat":[1497],"product_tag":[1498,1496],"class_list":{"0":"post-16918","1":"product","2":"type-product","3":"status-publish","4":"has-post-thumbnail","6":"product_cat-arm-cylinders","7":"product_tag-arm-cylinders","8":"product_tag-hydraulic-cylinders","10":"first","11":"instock","12":"shipping-taxable","13":"product-type-simple"},"amp_enabled":true,"_links":{"self":[{"href":"https:\/\/www.hydraulic-cylinders.net\/tr\/wp-json\/wp\/v2\/product\/16918","targetHints":{"allow":["GET"]}}],"collection":[{"href":"https:\/\/www.hydraulic-cylinders.net\/tr\/wp-json\/wp\/v2\/product"}],"about":[{"href":"https:\/\/www.hydraulic-cylinders.net\/tr\/wp-json\/wp\/v2\/types\/product"}],"replies":[{"embeddable":true,"href":"https:\/\/www.hydraulic-cylinders.net\/tr\/wp-json\/wp\/v2\/comments?post=16918"}],"wp:featuredmedia":[{"embeddable":true,"href":"https:\/\/www.hydraulic-cylinders.net\/tr\/wp-json\/wp\/v2\/media\/14786"}],"wp:attachment":[{"href":"https:\/\/www.hydraulic-cylinders.net\/tr\/wp-json\/wp\/v2\/media?parent=16918"}],"wp:term":[{"taxonomy":"product_brand","embeddable":true,"href":"https:\/\/www.hydraulic-cylinders.net\/tr\/wp-json\/wp\/v2\/product_brand?post=16918"},{"taxonomy":"product_cat","embeddable":true,"href":"https:\/\/www.hydraulic-cylinders.net\/tr\/wp-json\/wp\/v2\/product_cat?post=16918"},{"taxonomy":"product_tag","embeddable":true,"href":"https:\/\/www.hydraulic-cylinders.net\/tr\/wp-json\/wp\/v2\/product_tag?post=16918"}],"curies":[{"name":"wp","href":"https:\/\/api.w.org\/{rel}","templated":true}]}}