{"id":16921,"date":"2025-01-21T06:12:59","date_gmt":"2025-01-21T06:12:59","guid":{"rendered":"https:\/\/www.hydraulic-cylinders.net\/product\/arm-cylinder-for-hengte-wheel-excavator-htl90\/"},"modified":"2025-01-21T06:13:06","modified_gmt":"2025-01-21T06:13:06","slug":"arm-cylinder-for-hengte-wheel-excavator-htl90","status":"publish","type":"product","link":"https:\/\/www.hydraulic-cylinders.net\/tr\/urun\/arm-cylinder-for-hengte-wheel-excavator-htl90\/","title":{"rendered":"Hengte HTL90 Tekerlekli Ekskavat\u00f6r \u0130\u00e7in Kol Silindiri"},"content":{"rendered":"<h2>girii\u015f<\/h2>\n<h3>Hengte HTL90 Tekerlekli Ekskavat\u00f6r i\u00e7in Kol Silindiri<\/h3>\n<p>Kol silindiri, ekskavat\u00f6rler, vin\u00e7ler ve mekanik kollar gibi \u00e7e\u015fitli makinelerin kollar\u0131na do\u011frusal hareket ve g\u00fc\u00e7 sa\u011flamak i\u00e7in \u00f6zel olarak tasarlanm\u0131\u015f bir hidrolik silindirdir. Kol silindiri, hidrolik sistemde hayati bir rol oynayarak ek aletlerin veya ata\u015fmanlar\u0131n etkili bir \u015fekilde hareket etmesini ve kontrol edilmesini sa\u011flar. Bu silindirler sadece d\u00fczg\u00fcn hareket sa\u011flamakla kalmaz, ayn\u0131 zamanda a\u011f\u0131r y\u00fckleri de ta\u015f\u0131yarak \u00e7e\u015fitli \u00e7al\u0131\u015fma ko\u015fullar\u0131 alt\u0131nda makinelerin verimli \u00e7al\u0131\u015fmas\u0131n\u0131 ve g\u00fcvenilirli\u011fini sa\u011flar.<\/p>\n<p><img decoding=\"async\" src=\"https:\/\/www.hydraulic-cylinders.net\/wp-content\/uploads\/2025\/01\/songte-company-2.webp\" alt=\"Kol Silindiri\"><\/p>\n<h2>\u00d6zellikler<\/h2>\n<h3>Verimli G\u00fc\u00e7 Aktar\u0131m\u0131<\/h3>\n<p>Kol silindiri, g\u00fc\u00e7l\u00fc do\u011frusal hareket ve kuvvet sa\u011flayarak mekanik kolun \u00e7e\u015fitli i\u015flemlerinde y\u00fcksek verimlilik sa\u011flar.<\/p>\n<h3>Hassas Kontrol<\/h3>\n<p>Hidrolik sistem sayesinde, kol silindiri hassas hareket kontrol\u00fc sa\u011flayarak ek aletlerin kullan\u0131m\u0131n\u0131 daha esnek ve hassas hale getirir.<\/p>\n<h3>G\u00fc\u00e7l\u00fc Dayan\u0131kl\u0131l\u0131k<\/h3>\n<p>Kol silindirleri genellikle y\u00fcksek mukavemetli, a\u015f\u0131nmaya ve korozyona dayan\u0131kl\u0131 malzemelerden \u00fcretilir ve bu da onlar\u0131 zorlu ortamlarda uzun s\u00fcreli kullan\u0131m i\u00e7in uygun hale getirir.<\/p>\n<h3>\u00c7ok \u0130\u015flevli Uyarlanabilirlik<\/h3>\n<p>Bu silindirler, ekskavat\u00f6rler, vin\u00e7ler ve i\u015f makineleri gibi \u00e7e\u015fitli mekanik ekipmanlarda yayg\u0131n olarak kullan\u0131labilir ve farkl\u0131 \u00e7al\u0131\u015fma ihtiya\u00e7lar\u0131na uyum sa\u011flayabilir.<\/p>\n<h3>Kolay Bak\u0131m<\/h3>\n<p>Tasar\u0131m, bak\u0131m ve de\u011fi\u015ftirme kolayl\u0131\u011f\u0131n\u0131 g\u00f6z \u00f6n\u00fcnde bulundurarak d\u00fczenli denetim ve bak\u0131m\u0131 daha kolay hale getiriyor ve ekipman ar\u0131za s\u00fcrelerini azalt\u0131yor.<\/p>\n<p><img decoding=\"async\" src=\"https:\/\/www.hydraulic-cylinders.net\/wp-content\/uploads\/2025\/01\/songte-oil-pipes-and-spare-parts.webp\" alt=\"Kol Silindiri\"><\/p>\n<h2>Uygulamalar<\/h2>\n<p>Kol silindirleri, a\u015fa\u011f\u0131dakiler de dahil olmak \u00fczere \u00e7e\u015fitli end\u00fcstrilerde ve makinelerde kullan\u0131lmaktad\u0131r:<\/p>\n<h3>\u0130n\u015faat M\u00fchendisli\u011fi<\/h3>\n<p>Kaz\u0131c\u0131 makinelerde ve vin\u00e7lerde, kol silindirleri toprak i\u015fleri, malzeme ta\u015f\u0131ma ve yap\u0131 kurulumu i\u00e7in kep\u00e7e veya bomun hareketini kontrol etmek amac\u0131yla kullan\u0131l\u0131r.<\/p>\n<h3>\u00dcretme<\/h3>\n<p>Otomatik \u00fcretim hatlar\u0131nda, montaj, kaynak ve ta\u015f\u0131ma i\u015flemlerinde mekanik kolu hareket ettirmek i\u00e7in kol silindirleri kullan\u0131l\u0131r; bu da \u00fcretim verimlili\u011fini ve do\u011frulu\u011funu art\u0131r\u0131r.<\/p>\n<h3>Tar\u0131m Makinalar\u0131<\/h3>\n<p>Bi\u00e7erd\u00f6ver ve ekim makinesi gibi tar\u0131m makinelerinde, kol silindirleri, tohum ekme, g\u00fcbreleme ve hasat gibi g\u00f6revleri yerine getirmek i\u00e7in \u00e7al\u0131\u015fma kolunun hareketini kontrol eder.<\/p>\n<h3>Madencilik<\/h3>\n<p>Madencilik ekipmanlar\u0131nda, kol silindirleri, cevher \u00e7\u0131karma ve ta\u015f\u0131ma i\u015flemlerinde ekipmanlar\u0131n kol hareketini kontrol etmek i\u00e7in kullan\u0131l\u0131r.<\/p>\n<h3>Lojistik ve Ta\u015f\u0131mac\u0131l\u0131k<\/h3>\n<p>Forkliftlerde ve ta\u015f\u0131ma robotlar\u0131nda, malzeme ta\u015f\u0131ma ve istifleme i\u015flemlerini ger\u00e7ekle\u015ftirmek i\u00e7in \u00e7atal\u0131n kald\u0131rma ve hareketini kontrol etmek amac\u0131yla kol silindirleri kullan\u0131l\u0131r.<\/p>\n<p><img decoding=\"async\" src=\"https:\/\/www.hydraulic-cylinders.net\/wp-content\/uploads\/2025\/01\/songte-chushion-collar.webp\" alt=\"Kol Silindiri\"><\/p>\n<h2>Tasar\u0131m Hususlar\u0131 ve Se\u00e7im Standartlar\u0131<\/h2>\n<p>Kol silindirlerinin belirli bir y\u00fck\u00fc ta\u015f\u0131yabilmesi, iyi bir s\u0131zd\u0131rmazl\u0131\u011fa, dayan\u0131kl\u0131l\u0131\u011fa, g\u00fcvenli\u011fe ve kolay bak\u0131ma sahip olmas\u0131 gerekir. Ba\u015fl\u0131ca noktalar \u015funlard\u0131r:<\/p>\n<h3>Y\u00fck Kapasitesi<\/h3>\n<p>Kald\u0131rma silindirleri, kald\u0131r\u0131lacak y\u00fck\u00fcn a\u011f\u0131rl\u0131\u011f\u0131na, \u015fekline ve boyutuna ve \u00e7al\u0131\u015fma ortam\u0131na g\u00f6re se\u00e7ilmelidir.<\/p>\n<h3>S\u0131zd\u0131rmazl\u0131k<\/h3>\n<p>Piston contalar\u0131 ve mil contalar\u0131 gibi \u00e7e\u015fitli s\u0131zd\u0131rmazl\u0131k elemanlar\u0131 kullan\u0131lmal\u0131d\u0131r. S\u0131zd\u0131rmazl\u0131k elemanlar\u0131n\u0131n se\u00e7iminde \u00e7al\u0131\u015fma bas\u0131nc\u0131, \u00e7al\u0131\u015fma s\u0131cakl\u0131\u011f\u0131 ve hidrolik ya\u011f ile uyumluluk dikkate al\u0131nmal\u0131d\u0131r.<\/p>\n<h3>Dayan\u0131kl\u0131l\u0131k<\/h3>\n<p>Silindir g\u00f6vdesi, piston kolu ve u\u00e7 kapa\u011f\u0131 y\u00fcksek mukavemetli malzemelerden yap\u0131lmal\u0131d\u0131r. A\u015f\u0131nma ve korozyon direncini art\u0131rmak i\u00e7in y\u00fczey ince bir \u015fekilde i\u015flenmelidir.<\/p>\n<h3>Emniyet<\/h3>\n<p>Tasar\u0131mda, personel ve ekipman g\u00fcvenli\u011fini sa\u011flamak i\u00e7in a\u015f\u0131r\u0131 y\u00fck korumas\u0131 ve acil durdurma cihazlar\u0131 gibi g\u00fcvenlik fakt\u00f6rleri dikkate al\u0131nmal\u0131d\u0131r.<\/p>\n<h3>Bak\u0131m<\/h3>\n<p>Tasar\u0131mda, s\u0131zd\u0131rmazl\u0131k par\u00e7alar\u0131n\u0131n kolayca s\u00f6k\u00fcl\u00fcp de\u011fi\u015ftirilmesi ve ya\u011f filtrelerine ve di\u011fer bile\u015fenlere kolay eri\u015fim gibi bak\u0131m kolayl\u0131\u011f\u0131 g\u00f6z \u00f6n\u00fcnde bulundurulmal\u0131d\u0131r.<\/p>\n<p><img decoding=\"async\" src=\"https:\/\/www.hydraulic-cylinders.net\/wp-content\/uploads\/2025\/01\/songte-cylinder-head-with-all-kinds-excavator-models.webp\" alt=\"Kol Silindiri\"><\/p>\n<h2>S\u0131zd\u0131rmazl\u0131k ve Ya\u011flama<\/h2>\n<p>Piston contalar\u0131 ve mil contalar\u0131 gibi \u00e7e\u015fitli s\u0131zd\u0131rmazl\u0131k elemanlar\u0131 kullan\u0131lmal\u0131d\u0131r. S\u0131zd\u0131rmazl\u0131k elemanlar\u0131n\u0131n se\u00e7iminde \u00e7al\u0131\u015fma bas\u0131nc\u0131, \u00e7al\u0131\u015fma s\u0131cakl\u0131\u011f\u0131 ve hidrolik ya\u011f ile uyumluluk dikkate al\u0131nmal\u0131d\u0131r. A\u015f\u0131nma direncini art\u0131rmak i\u00e7in silindir g\u00f6vdesi ve di\u015fli u\u00e7 y\u00fczeyi ince bir \u015fekilde i\u015flenmelidir. Ya\u011flama i\u00e7in d\u00fczenli olarak uygun miktarda hidrolik ya\u011f eklenmelidir.<\/p>\n<h2>Bak\u0131m ve Onar\u0131m<\/h2>\n<p>Olas\u0131 sorunlar\u0131 en aza indirmek i\u00e7in d\u00fczenli kontroller yap\u0131lmal\u0131 ve \u00f6nleyici bak\u0131m \u00f6nlemleri al\u0131nmal\u0131d\u0131r. Bu \u00f6nlemler \u015funlard\u0131r:<\/p>\n<h3>Denetleme<\/h3>\n<p>Hidrolik ya\u011f seviyesini, ya\u011f kalitesini, s\u0131zd\u0131rmazl\u0131k performans\u0131n\u0131 ve piston kolunun a\u015f\u0131nmas\u0131n\u0131 d\u00fczenli olarak kontrol edin.<\/p>\n<h3>Temizlik<\/h3>\n<p>Silindir g\u00f6vdesini ve piston kolunu d\u00fczenli olarak temizleyerek toz ve yabanc\u0131 maddelerin silindire girmesini \u00f6nleyin.<\/p>\n<h3>Tamirat<\/h3>\n<p>S\u0131zd\u0131rmazl\u0131k elemanlar\u0131n\u0131 zaman\u0131nda de\u011fi\u015ftirin, hasarl\u0131 silindir g\u00f6vdesini veya piston kolunu onar\u0131n veya de\u011fi\u015ftirin ve hidrolik ya\u011f\u0131 d\u00fczenli olarak de\u011fi\u015ftirin.<\/p>\n<p><img decoding=\"async\" src=\"https:\/\/www.hydraulic-cylinders.net\/wp-content\/uploads\/2025\/01\/songte-bushings-with-all-kinds-of-excavator-models.webp\" alt=\"Kol Silindiri\"><\/p>\n<h2>Kurulum K\u0131lavuzu<\/h2>\n<p>Montajdan \u00f6nce silindiri ve aksesuarlar\u0131 hasar ve uyumluluk a\u00e7\u0131s\u0131ndan kontrol edin. Silindiri montaj talimatlar\u0131na ve hidrolik sistem gereksinimlerine g\u00f6re monte edin. Montajdan sonra, s\u0131zd\u0131rmazl\u0131k performans\u0131n\u0131 ve silindirin stabilitesini kontrol etmek i\u00e7in bas\u0131n\u00e7 testi yap\u0131n.<\/p>\n<h2>G\u00fcvenlik Hususlar\u0131 ve \u00c7evresel Fakt\u00f6rler<\/h2>\n<p>Personel ve ekipman g\u00fcvenli\u011fini sa\u011flamak i\u00e7in a\u015f\u0131r\u0131 y\u00fck korumas\u0131 ve acil durdurma gibi g\u00fcvenlik \u00f6nlemleri al\u0131nmal\u0131d\u0131r. Silindirin istikrarl\u0131 \u00e7al\u0131\u015fmas\u0131n\u0131 sa\u011flamak i\u00e7in s\u0131cakl\u0131k ve nem gibi \u00e7evresel fakt\u00f6rler dikkate al\u0131nmal\u0131d\u0131r.<\/p>\n<h2>Ar\u0131za Te\u015fhisi ve Yayg\u0131n Sorunlar<\/h2>\n<p>Kol silindirlerinin s\u0131k kar\u015f\u0131la\u015f\u0131lan sorunlar\u0131 aras\u0131nda s\u0131z\u0131nt\u0131, yetersiz kuvvet ve anormal ses bulunur. Sebepleri ve \u00e7\u00f6z\u00fcmleri a\u015fa\u011f\u0131daki gibidir:<\/p>\n<h3>S\u0131z\u0131nt\u0131<\/h3>\n<p>Contalar hasar g\u00f6rm\u00fc\u015f veya montaj yanl\u0131\u015f yap\u0131lm\u0131\u015f. Contalar\u0131 de\u011fi\u015ftirin veya do\u011fru \u015fekilde yeniden tak\u0131n.<\/p>\n<h3>Yetersiz Kuvvet<\/h3>\n<p>Hidrolik sistem ar\u0131zal\u0131 veya silindir a\u015f\u0131nm\u0131\u015f. Hidrolik sistemi kontrol edin ve onar\u0131n veya silindiri de\u011fi\u015ftirin.<\/p>\n<h3>Anormal G\u00fcr\u00fclt\u00fc<\/h3>\n<p>Silindir yeterince ya\u011flanmam\u0131\u015f veya hasar g\u00f6rm\u00fc\u015f. Ya\u011flama ya\u011f\u0131 ekleyin veya hasarl\u0131 par\u00e7alar\u0131 de\u011fi\u015ftirin.<\/p>\n<p><img decoding=\"async\" src=\"https:\/\/www.hydraulic-cylinders.net\/wp-content\/uploads\/2025\/01\/songte-company-4.webp\" alt=\"Kol Silindiri\"><br \/>\n<img decoding=\"async\" src=\"https:\/\/www.hydraulic-cylinders.net\/wp-content\/uploads\/2025\/01\/songte-company-3.webp\" alt=\"Kol Silindiri\"><\/p>\n<h2>Hakk\u0131m\u0131zda<\/h2>\n<p>Profesyonel bir hidrolik silindir yedek par\u00e7a \u00fcreticisiyiz ve geni\u015f bir \u00fcr\u00fcn ve hizmet yelpazesi sunuyoruz. Yurti\u00e7i ve yurtd\u0131\u015f\u0131 pazarlarda \u00f6nde gelen hidrolik silindir \u00fcreticilerinden ve toptanc\u0131lar\u0131ndan biri haline geldik. Her zaman m\u00fckemmel kalite ilkesine ba\u011fl\u0131 kal\u0131yoruz ve ince i\u015f\u00e7ilik at\u00f6lyesinin end\u00fcstriyel \u00fcretim y\u00f6netim stratejisine dayanarak teknik seviyemizi ve \u00fcretim verimlili\u011fimizi s\u00fcrekli olarak geli\u015ftiriyoruz. Geli\u015fmi\u015f dijital \u00fcretim ekipmanlar\u0131 ve profesyonel test sistemleri kullanarak \u00fcretim platformumuzu s\u00fcrekli olarak optimize ediyor, \u00fcr\u00fcn kalite kontrol s\u00fcre\u00e7lerimizi iyile\u015ftiriyor ve g\u00fc\u00e7l\u00fc inovasyon yeteneklerine sahibiz. Amac\u0131m\u0131z, y\u00fcksek verimlilik, hassasiyet ve y\u00fcksek kalite ilkeleriyle m\u00fc\u015fterilerin \u00e7e\u015fitli ihtiya\u00e7lar\u0131n\u0131 kar\u015f\u0131lamakt\u0131r.<\/p>\n<p>M\u00fc\u015fterilerimize profesyonel hizmetler, uluslararas\u0131 sertifikasyon, \u00f6zelle\u015ftirilmi\u015f hizmetler, \u00fcretim ekipmanlar\u0131 ve sat\u0131\u015f sonras\u0131 hizmetler sunuyoruz.<\/p>\n<p><img decoding=\"async\" src=\"https:\/\/www.hydraulic-cylinders.net\/wp-content\/uploads\/2025\/01\/songte-company-4.webp\" alt=\"Kol Silindiri\"><br \/>\n<img decoding=\"async\" src=\"https:\/\/www.hydraulic-cylinders.net\/wp-content\/uploads\/2025\/01\/songte-company-3.webp\" alt=\"Kol Silindiri\"><\/p>\n<p>Yazar: lyl<\/p>","protected":false},"excerpt":{"rendered":"<p>Introduction Arm Cylinder for Hengte Wheel Excavator HTL90 Arm cylinder is a specially designed hydraulic cylinder that is primarily used to provide linear motion and power to the arms of various kinds of machinery, such as excavators, cranes, and mechanical arms. The arm cylinder plays a crucial role in the hydraulic system, allowing additional tools [&hellip;]<\/p>","protected":false},"featured_media":14777,"comment_status":"open","ping_status":"closed","template":"","meta":{"_et_pb_use_builder":"","_et_pb_old_content":"","_et_gb_content_width":""},"product_brand":[],"product_cat":[1497],"product_tag":[1498,1496],"class_list":{"0":"post-16921","1":"product","2":"type-product","3":"status-publish","4":"has-post-thumbnail","6":"product_cat-arm-cylinders","7":"product_tag-arm-cylinders","8":"product_tag-hydraulic-cylinders","10":"first","11":"instock","12":"shipping-taxable","13":"product-type-simple"},"amp_enabled":true,"_links":{"self":[{"href":"https:\/\/www.hydraulic-cylinders.net\/tr\/wp-json\/wp\/v2\/product\/16921","targetHints":{"allow":["GET"]}}],"collection":[{"href":"https:\/\/www.hydraulic-cylinders.net\/tr\/wp-json\/wp\/v2\/product"}],"about":[{"href":"https:\/\/www.hydraulic-cylinders.net\/tr\/wp-json\/wp\/v2\/types\/product"}],"replies":[{"embeddable":true,"href":"https:\/\/www.hydraulic-cylinders.net\/tr\/wp-json\/wp\/v2\/comments?post=16921"}],"wp:featuredmedia":[{"embeddable":true,"href":"https:\/\/www.hydraulic-cylinders.net\/tr\/wp-json\/wp\/v2\/media\/14777"}],"wp:attachment":[{"href":"https:\/\/www.hydraulic-cylinders.net\/tr\/wp-json\/wp\/v2\/media?parent=16921"}],"wp:term":[{"taxonomy":"product_brand","embeddable":true,"href":"https:\/\/www.hydraulic-cylinders.net\/tr\/wp-json\/wp\/v2\/product_brand?post=16921"},{"taxonomy":"product_cat","embeddable":true,"href":"https:\/\/www.hydraulic-cylinders.net\/tr\/wp-json\/wp\/v2\/product_cat?post=16921"},{"taxonomy":"product_tag","embeddable":true,"href":"https:\/\/www.hydraulic-cylinders.net\/tr\/wp-json\/wp\/v2\/product_tag?post=16921"}],"curies":[{"name":"wp","href":"https:\/\/api.w.org\/{rel}","templated":true}]}}