{"id":16923,"date":"2025-01-21T06:13:12","date_gmt":"2025-01-21T06:13:12","guid":{"rendered":"https:\/\/www.hydraulic-cylinders.net\/product\/arm-cylinder-for-hengte-wheel-excavator-htl135\/"},"modified":"2025-01-21T06:13:14","modified_gmt":"2025-01-21T06:13:14","slug":"arm-cylinder-for-hengte-wheel-excavator-htl135","status":"publish","type":"product","link":"https:\/\/www.hydraulic-cylinders.net\/tr\/urun\/arm-cylinder-for-hengte-wheel-excavator-htl135\/","title":{"rendered":"Hengte Tekerlekli Ekskavat\u00f6r HTL135 i\u00e7in Kol Silindiri"},"content":{"rendered":"<h1>Hengte Tekerlekli Ekskavat\u00f6r HTL135 i\u00e7in Kol Silindiri<\/h1>\n<h2>girii\u015f<\/h2>\n<p>Kol silindiri, ekskavat\u00f6rler, vin\u00e7ler ve robotik kollar gibi \u00e7e\u015fitli makinelerin kollar\u0131na do\u011frusal hareket ve g\u00fc\u00e7 sa\u011flamak \u00fczere tasarlanm\u0131\u015f \u00f6zel bir hidrolik silindirdir. Hidrolik sistemde \u00f6nemli bir rol oynar ve ek aletlerin veya ata\u015fmanlar\u0131n etkili bir \u015fekilde hareket etmesini ve kontrol edilmesini sa\u011flar. Bu silindirler sadece d\u00fczg\u00fcn hareket sa\u011flamakla kalmaz, ayn\u0131 zamanda a\u011f\u0131r y\u00fcklere de dayanarak \u00e7e\u015fitli \u00e7al\u0131\u015fma ko\u015fullar\u0131nda makinelerin verimli ve g\u00fcvenilir \u00e7al\u0131\u015fmas\u0131n\u0131 sa\u011flar.<\/p>\n<p><img decoding=\"async\" src=\"https:\/\/www.hydraulic-cylinders.net\/wp-content\/uploads\/2025\/01\/songte-company-2.webp\" alt=\"Kol Silindiri\"><\/p>\n<h3>Tan\u0131m ve A\u00e7\u0131klama<\/h3>\n<p>Kol silindiri, \u00e7e\u015fitli makinelerin kollar\u0131na do\u011frusal hareket ve g\u00fc\u00e7 sa\u011flamak i\u00e7in \u00f6zel olarak tasarlanm\u0131\u015f bir hidrolik silindir t\u00fcr\u00fcd\u00fcr. Bir piston ve bir \u00e7ubuk arac\u0131l\u0131\u011f\u0131yla birbirine ba\u011fl\u0131 silindirden olu\u015fur. Hidrolik s\u0131v\u0131 silindire pompaland\u0131\u011f\u0131nda, pistonu hareket ettiren ve kolun hareket etmesini sa\u011flayan bir bas\u0131n\u00e7 olu\u015fturur. Kol silindiri, hidrolik sistemin temel bir bile\u015fenidir ve makinenin \u00e7e\u015fitli g\u00f6revleri yerine getirmesini sa\u011flar.<\/p>\n<h2>\u00d6zellikler<\/h2>\n<p>Kol silindiri, onu \u00e7e\u015fitli makinelerde hayati bir bile\u015fen haline getiren \u00e7e\u015fitli \u00f6zelliklere sahiptir:<\/p>\n<h3>1. Y\u00fcksek Verimli \u015eanz\u0131man<\/h3>\n<p>Kol silindiri g\u00fc\u00e7l\u00fc do\u011frusal hareket ve kuvvet sa\u011flayarak, makinenin \u00e7al\u0131\u015fmas\u0131nda y\u00fcksek verimlilik sa\u011flar.<\/p>\n<h3>2. Hassas Kontrol<\/h3>\n<p>Hidrolik sistem sayesinde kol silindiri hassas hareket kontrol\u00fc sa\u011flayabilir, bu sayede ek aletlerin \u00e7al\u0131\u015fmas\u0131 daha esnek ve hassas hale gelir.<\/p>\n<h3>3. G\u00fc\u00e7l\u00fc Dayan\u0131kl\u0131l\u0131k<\/h3>\n<p>Kol silindiri genellikle y\u00fcksek mukavemetli malzemelerden yap\u0131l\u0131r, iyi a\u015f\u0131nma direnci ve korozyon direncine sahiptir ve bu da onu zorlu ortamlarda uzun s\u00fcreli kullan\u0131ma uygun hale getirir.<\/p>\n<h3>4. \u00c7ok Fonksiyonlu Uyarlanabilirlik<\/h3>\n<p>Bu silindirler ekskavat\u00f6rler, vin\u00e7ler ve robotik kollar gibi \u00e7e\u015fitli makinelerde yayg\u0131n olarak kullan\u0131labilir ve farkl\u0131 i\u015f gereksinimlerine uyum sa\u011flar.<\/p>\n<h3>5. Kolay Bak\u0131m<\/h3>\n<p>Tasar\u0131mda bak\u0131m ve de\u011fi\u015ftirme kolayl\u0131\u011f\u0131 g\u00f6z \u00f6n\u00fcnde bulundurularak d\u00fczenli muayene ve bak\u0131m daha rahat hale getirilir ve ekipman ar\u0131za s\u00fcreleri azalt\u0131l\u0131r.<\/p>\n<p><img decoding=\"async\" src=\"https:\/\/www.hydraulic-cylinders.net\/wp-content\/uploads\/2025\/01\/songte-oil-pipes-and-spare-parts.webp\" alt=\"Kol Silindiri Yedek Par\u00e7alar\u0131\"><\/p>\n<h2>Uygulamalar<\/h2>\n<p>Kol silindiri \u00e7e\u015fitli end\u00fcstrilerde kullan\u0131l\u0131r, bunlar aras\u0131nda \u015funlar yer al\u0131r:<\/p>\n<h3>1. \u0130n\u015faat<\/h3>\n<p>Ekskavat\u00f6rlerde ve vin\u00e7lerde kol silindiri, toprak i\u015fleri, malzeme ta\u015f\u0131ma ve yap\u0131sal montajlarda kep\u00e7e veya bomun hareketini kontrol etmek i\u00e7in kullan\u0131l\u0131r.<\/p>\n<h3>2. \u00dcretim<\/h3>\n<p>Otomasyonlu \u00fcretim hatlar\u0131nda, kol silindiri, montaj, kaynak ve ta\u015f\u0131ma s\u00fcre\u00e7lerinde robot kollar\u0131n\u0131n hareket ettirilmesi i\u00e7in kullan\u0131l\u0131r, b\u00f6ylece \u00fcretim verimlili\u011fi ve do\u011frulu\u011fu art\u0131r\u0131l\u0131r.<\/p>\n<h3>3. Tar\u0131m makineleri<\/h3>\n<p>Bi\u00e7erd\u00f6ver ve ekim makinesi gibi tar\u0131m makinelerinde kol silindiri, ekim, g\u00fcbreleme ve hasat gibi g\u00f6revleri ger\u00e7ekle\u015ftirmek i\u00e7in \u00e7al\u0131\u015fma kolunun hareketini kontrol eder.<\/p>\n<h3>4. Madencilik<\/h3>\n<p>Madencilik ekipmanlar\u0131nda kol silindiri, maden ekipman\u0131 kolunun hareketini kontrol etmek, cevherin \u00e7\u0131kar\u0131lmas\u0131n\u0131 ve ta\u015f\u0131nmas\u0131n\u0131 sa\u011flamak i\u00e7in kullan\u0131l\u0131r.<\/p>\n<h3>5. Lojistik ve ta\u015f\u0131mac\u0131l\u0131k<\/h3>\n<p>Forkliftlerde ve ta\u015f\u0131ma robotlar\u0131nda, kol silindiri \u00e7atal\u0131n kald\u0131r\u0131lmas\u0131n\u0131 ve hareketini kontrol etmek, malzeme ta\u015f\u0131ma ve istiflemeyi sa\u011flamak i\u00e7in kullan\u0131l\u0131r.<\/p>\n<h2>Tasar\u0131m Hususlar\u0131 ve Se\u00e7im Kriterleri<\/h2>\n<p>Kol silindirinin tasar\u0131m\u0131, y\u00fck ta\u015f\u0131ma kapasitesi, s\u0131zd\u0131rmazl\u0131k, dayan\u0131kl\u0131l\u0131k, g\u00fcvenlik ve bak\u0131m gibi \u00e7e\u015fitli fakt\u00f6rleri dikkate al\u0131r. Kritik tasar\u0131m hususlar\u0131ndan baz\u0131lar\u0131 \u015funlard\u0131r:<\/p>\n<h3>1. Y\u00fck Ta\u015f\u0131ma Kapasitesi<\/h3>\n<p>Kol silindiri, \u00e7al\u0131\u015fma s\u0131ras\u0131nda kar\u015f\u0131la\u015faca\u011f\u0131 maksimum y\u00fcke dayanacak \u015fekilde tasarlanmal\u0131, makinenin g\u00fcvenli ve verimli \u00e7al\u0131\u015fmas\u0131n\u0131 sa\u011flamal\u0131d\u0131r.<\/p>\n<h3>2. S\u0131zd\u0131rmazl\u0131k<\/h3>\n<p>Kol silindiri, hidrolik s\u0131v\u0131 s\u0131z\u0131nt\u0131s\u0131n\u0131 \u00f6nlemek i\u00e7in piston contalar\u0131 ve biyel contalar\u0131 gibi \u00e7e\u015fitli s\u0131zd\u0131rmazl\u0131k elemanlar\u0131 kullanarak verimli bir \u00e7al\u0131\u015fma sa\u011flar ve \u00e7evre kirlili\u011fini \u00f6nler.<\/p>\n<h3>3. Dayan\u0131kl\u0131l\u0131k<\/h3>\n<p>Kol silindiri, a\u015f\u0131nma ve korozyon direncini art\u0131rmak i\u00e7in y\u00fcksek kaliteli malzemelerden yap\u0131lmal\u0131 ve uygun y\u00fczey i\u015flemlerinden ge\u00e7irilmeli, b\u00f6ylece zorlu ortamlarda uzun s\u00fcreli kullan\u0131m sa\u011flanmal\u0131d\u0131r.<\/p>\n<h3>4. G\u00fcvenlik<\/h3>\n<p>Kol silindiri, \u00e7al\u0131\u015fma s\u0131ras\u0131nda a\u015f\u0131r\u0131 y\u00fckleme veya ani darbe gibi kazalar\u0131 \u00f6nleyecek, makine ve personelin g\u00fcvenli\u011fini sa\u011flayacak \u015fekilde tasarlanmal\u0131d\u0131r.<\/p>\n<h3>5. Bak\u0131m<\/h3>\n<p>Tasar\u0131mda, silindirin i\u00e7ine kolay eri\u015fim ve s\u0131zd\u0131rmazl\u0131k elemanlar\u0131n\u0131n kolayca de\u011fi\u015ftirilebilmesi gibi bak\u0131m ve de\u011fi\u015ftirme kolayl\u0131\u011f\u0131 dikkate al\u0131nmal\u0131, b\u00f6ylece ekipman ar\u0131za s\u00fcresi ve bak\u0131m maliyetleri azalt\u0131lmal\u0131d\u0131r.<\/p>\n<p><img decoding=\"async\" src=\"https:\/\/www.hydraulic-cylinders.net\/wp-content\/uploads\/2025\/01\/songte-cylinder-head-with-all-kinds-excavator-models.webp\" alt=\"Kol Silindir Kafas\u0131\"><\/p>\n<h2>S\u0131zd\u0131rmazl\u0131k ve Ya\u011flama<\/h2>\n<p>Kol silindiri, hidrolik s\u0131v\u0131 s\u0131z\u0131nt\u0131s\u0131n\u0131 \u00f6nlemek i\u00e7in piston contalar\u0131 ve piston kolu contalar\u0131 gibi \u00e7e\u015fitli s\u0131zd\u0131rmazl\u0131k bile\u015fenleri kullan\u0131r. Bu s\u0131zd\u0131rmazl\u0131k bile\u015fenleri, poli\u00fcretan ve nitril kau\u00e7uk gibi a\u015f\u0131nmaya dayan\u0131kl\u0131 malzemelerden yap\u0131lm\u0131\u015ft\u0131r ve verimli \u00e7al\u0131\u015fmas\u0131n\u0131 sa\u011flamak i\u00e7in d\u00fczenli olarak de\u011fi\u015ftirilmelidir.<\/p>\n<p>Silindir g\u00f6vdesi ve di\u015fleri a\u015f\u0131nma direncini art\u0131rmak i\u00e7in hassas bir i\u015fleme tabi tutulur ve ya\u011flama i\u00e7in d\u00fczenli olarak uygun miktarda hidrolik ya\u011f ilave edilmelidir.<\/p>\n<h2>Bak\u0131m ve \u00d6nleyici Tedbirler<\/h2>\n<p>Kol silindirinin verimli \u00e7al\u0131\u015fmas\u0131n\u0131 sa\u011flamak ve hizmet \u00f6mr\u00fcn\u00fc uzatmak i\u00e7in d\u00fczenli bak\u0131m ve muayeneye ihtiyac\u0131 vard\u0131r. Baz\u0131 \u00f6nleyici tedbirler \u015funlard\u0131r:<\/p>\n<h3>1. D\u00fczenli Muayene<\/h3>\n<p>Kol silindirinin i\u00e7 k\u0131sm\u0131 a\u015f\u0131nma veya hasar belirtileri a\u00e7\u0131s\u0131ndan d\u00fczenli olarak kontrol edilmeli ve s\u0131zd\u0131rmazl\u0131k bile\u015fenleri gerekti\u011finde de\u011fi\u015ftirilmelidir. Silindirin d\u0131\u015f k\u0131sm\u0131 da hasar veya kirlenme belirtileri a\u00e7\u0131s\u0131ndan kontrol edilmelidir.<\/p>\n<h3>2. \u00d6nleyici Bak\u0131m<\/h3>\n<p>Verimli \u00e7al\u0131\u015fmay\u0131 sa\u011flamak ve silindirin kirlenmesini veya hasar g\u00f6rmesini \u00f6nlemek i\u00e7in temizlik ve ya\u011flama gibi d\u00fczenli bak\u0131m yap\u0131lmal\u0131d\u0131r.<\/p>\n<h3>3. Do\u011fru Kullan\u0131m<\/h3>\n<p>Kol silindiri y\u00fck ta\u015f\u0131ma kapasitesi i\u00e7erisinde kullan\u0131lmal\u0131, a\u015f\u0131r\u0131 y\u00fckleme veya ani darbelerden ka\u00e7\u0131n\u0131lmal\u0131, g\u00fcvenli ve verimli \u00e7al\u0131\u015fmas\u0131 sa\u011flanmal\u0131d\u0131r.<\/p>\n<p><img decoding=\"async\" src=\"https:\/\/www.hydraulic-cylinders.net\/wp-content\/uploads\/2025\/01\/songte-chushion-collar.webp\" alt=\"Kol Silindir Yakas\u0131\"><\/p>\n<h2>Kurulum K\u0131lavuzu<\/h2>\n<p>Kol silindirinin montaj\u0131 \u00fcreticinin talimatlar\u0131na uygun olmal\u0131d\u0131r. Bu talimatlar \u015funlar\u0131 i\u00e7erir:<\/p>\n<h3>1. Uyumlulu\u011fun Kontrol Edilmesi<\/h3>\n<p>Kol silindirinin makine ile uyumlu oldu\u011fundan ve silindirin boyutlar\u0131n\u0131n makine ile uyumlu oldu\u011fundan emin olun.<\/p>\n<h3>2. Silindirin Montaj\u0131<\/h3>\n<p>Silindiri uygun montaj donan\u0131m\u0131n\u0131 kullanarak g\u00fcvenli bir \u015fekilde monte edin ve do\u011fru \u015fekilde hizaland\u0131\u011f\u0131ndan emin olun.<\/p>\n<h3>3. Hortumlar\u0131n Ba\u011flanmas\u0131<\/h3>\n<p>Hidrolik hortumlar\u0131 silindire ba\u011flay\u0131n ve bunlar\u0131n makinenin hidrolik sistemine g\u00fcvenli bir \u015fekilde ba\u011fland\u0131\u011f\u0131ndan ve sabitlendi\u011finden emin olun.<\/p>\n<h2>G\u00fcvenlik Hususlar\u0131 ve \u00c7evresel Fakt\u00f6rler<\/h2>\n<p>Kol silindirinin \u00e7al\u0131\u015fmas\u0131 a\u015fa\u011f\u0131daki g\u00fcvenlik y\u00f6nergelerini takip etmelidir:<\/p>\n<h3>1. G\u00fcvenli \u0130\u015fletme Uygulamalar\u0131<\/h3>\n<p>Makine operat\u00f6r\u00fc, g\u00fcvenli \u00e7al\u0131\u015fma uygulamalar\u0131n\u0131 takip etmeli ve makinenin kol silindirinin y\u00fck ta\u015f\u0131ma kapasitesi i\u00e7inde \u00e7al\u0131\u015ft\u0131r\u0131lmas\u0131n\u0131 sa\u011flamal\u0131, a\u015f\u0131r\u0131 y\u00fckleme veya ani darbelerden ka\u00e7\u0131nmal\u0131d\u0131r.<\/p>\n<h3>2. \u00c7evre Koruma<\/h3>\n<p>Kol silindirinin \u00e7al\u0131\u015fmas\u0131, \u00e7evreyi kirletebilecek hidrolik s\u0131v\u0131 s\u0131z\u0131nt\u0131lar\u0131na yol a\u00e7abilir. \u00c7evre kirlili\u011fini \u00f6nlemek i\u00e7in, s\u0131zd\u0131rmazl\u0131k bile\u015fenlerinin d\u00fczenli olarak kontrol edilmesi ve de\u011fi\u015ftirilmesi gibi uygun \u00f6nlemler al\u0131nmal\u0131d\u0131r.<\/p>\n<h2>Sorun Giderme ve Yayg\u0131n Sorunlar<\/h2>\n<p>Kol silindirinde meydana gelebilecek baz\u0131 yayg\u0131n sorunlar ve olas\u0131 \u00e7\u00f6z\u00fcmleri \u015funlard\u0131r:<\/p>\n<h3>1. Hidrolik S\u0131v\u0131 S\u0131z\u0131nt\u0131s\u0131<\/h3>\n<p>Piston contalar\u0131 veya piston kolu contalar\u0131 hasar g\u00f6rm\u00fc\u015f veya a\u015f\u0131nm\u0131\u015f olabilir ve bu da hidrolik s\u0131v\u0131s\u0131n\u0131n s\u0131zmas\u0131na neden olabilir. Daha fazla s\u0131z\u0131nt\u0131y\u0131 \u00f6nlemek i\u00e7in conta bile\u015fenleri de\u011fi\u015ftirilmelidir.<\/p>\n<h3>2. Yetersiz Kol Hareketi<\/h3>\n<p>Hidrolik s\u0131v\u0131 seviyesi d\u00fc\u015f\u00fck olabilir veya hidrolik pompas\u0131 ar\u0131zal\u0131 olabilir. Hidrolik sistem kontrol edilmeli ve olas\u0131 sorunlar giderilmelidir.<\/p>\n<h3>3. A\u015f\u0131r\u0131 Is\u0131nma<\/h3>\n<p>Hidrolik s\u0131v\u0131s\u0131 azalm\u0131\u015f veya hidrolik sistem t\u0131kal\u0131 olabilir. Hidrolik sistem kontrol edilmeli ve herhangi bir sorun varsa giderilmelidir.<\/p>\n<p><img decoding=\"async\" src=\"https:\/\/www.hydraulic-cylinders.net\/wp-content\/uploads\/2025\/01\/songte-bushings-with-all-kinds-of-excavator-models.webp\" alt=\"Kol Silindir Bur\u00e7lar\u0131\"><\/p>\n<h2>Hakk\u0131m\u0131zda<\/h2>\n<p>Yedek hidrolik silindirler alan\u0131nda profesyonel bir \u00fcreticiyiz ve geni\u015f bir \u00fcr\u00fcn yelpazesi sunarak, yurt i\u00e7i ve yurt d\u0131\u015f\u0131 pazarlarda lider hidrolik silindir \u00fcreticilerinden ve toptan da\u011f\u0131t\u0131mc\u0131lar\u0131ndan biri haline geldik. M\u00fckemmellik ilkesine ba\u011fl\u0131 kalarak, teknolojimizi ve \u00fcretim verimlili\u011fimizi s\u00fcrekli iyile\u015ftirmek i\u00e7in kaliteli \u00fcretim at\u00f6lyemizin end\u00fcstriyel \u00fcretim y\u00f6netimi stratejisine g\u00fcveniyoruz. \u00dcst d\u00fczey dijital \u00fcretim ekipmanlar\u0131 ve profesyonel test sistemleri sunarak g\u00fc\u00e7l\u00fc bir inovasyon kabiliyetine sahibiz. Amac\u0131m\u0131z, m\u00fc\u015fterilerimizin \u00e7e\u015fitli ihtiya\u00e7lar\u0131n\u0131 y\u00fcksek verimlilik, do\u011fruluk ve y\u00fcksek kalite prensipleriyle kar\u015f\u0131lamakt\u0131r.<\/p>\n<p>Profesyonel ve uluslararas\u0131 sertifikasyon, \u00f6zelle\u015ftirme hizmetleri, \u00fcretim ekipmanlar\u0131 ve sat\u0131\u015f sonras\u0131 hizmetler sa\u011fl\u0131yoruz.<\/p>\n<p><img decoding=\"async\" src=\"https:\/\/www.hydraulic-cylinders.net\/wp-content\/uploads\/2025\/01\/songte-company-4.webp\" alt=\"\u015eirket \u0130maj\u0131\"><br \/>\n<img decoding=\"async\" src=\"https:\/\/www.hydraulic-cylinders.net\/wp-content\/uploads\/2025\/01\/songte-company-3.webp\" alt=\"\u015eirket \u0130maj\u0131\"><\/p>\n<p>Yazar: lyl.<\/p>","protected":false},"excerpt":{"rendered":"<p>Arm Cylinder For Hengte Wheel Excavator HTL135 Introduction Arm cylinder is a specialized hydraulic cylinder that is designed to provide linear motion and power to the arms of various machines such as excavators, cranes, and robotic arms. It plays a crucial role in the hydraulic system, allowing the additional tools or attachments to move and [&hellip;]<\/p>","protected":false},"featured_media":14772,"comment_status":"open","ping_status":"closed","template":"","meta":{"_et_pb_use_builder":"","_et_pb_old_content":"","_et_gb_content_width":""},"product_brand":[],"product_cat":[1497],"product_tag":[1498,1496],"class_list":{"0":"post-16923","1":"product","2":"type-product","3":"status-publish","4":"has-post-thumbnail","6":"product_cat-arm-cylinders","7":"product_tag-arm-cylinders","8":"product_tag-hydraulic-cylinders","10":"first","11":"instock","12":"shipping-taxable","13":"product-type-simple"},"amp_enabled":true,"_links":{"self":[{"href":"https:\/\/www.hydraulic-cylinders.net\/tr\/wp-json\/wp\/v2\/product\/16923","targetHints":{"allow":["GET"]}}],"collection":[{"href":"https:\/\/www.hydraulic-cylinders.net\/tr\/wp-json\/wp\/v2\/product"}],"about":[{"href":"https:\/\/www.hydraulic-cylinders.net\/tr\/wp-json\/wp\/v2\/types\/product"}],"replies":[{"embeddable":true,"href":"https:\/\/www.hydraulic-cylinders.net\/tr\/wp-json\/wp\/v2\/comments?post=16923"}],"wp:featuredmedia":[{"embeddable":true,"href":"https:\/\/www.hydraulic-cylinders.net\/tr\/wp-json\/wp\/v2\/media\/14772"}],"wp:attachment":[{"href":"https:\/\/www.hydraulic-cylinders.net\/tr\/wp-json\/wp\/v2\/media?parent=16923"}],"wp:term":[{"taxonomy":"product_brand","embeddable":true,"href":"https:\/\/www.hydraulic-cylinders.net\/tr\/wp-json\/wp\/v2\/product_brand?post=16923"},{"taxonomy":"product_cat","embeddable":true,"href":"https:\/\/www.hydraulic-cylinders.net\/tr\/wp-json\/wp\/v2\/product_cat?post=16923"},{"taxonomy":"product_tag","embeddable":true,"href":"https:\/\/www.hydraulic-cylinders.net\/tr\/wp-json\/wp\/v2\/product_tag?post=16923"}],"curies":[{"name":"wp","href":"https:\/\/api.w.org\/{rel}","templated":true}]}}