{"id":16932,"date":"2025-01-21T06:13:47","date_gmt":"2025-01-21T06:13:47","guid":{"rendered":"https:\/\/www.hydraulic-cylinders.net\/product\/arm-cylinder-for-xiniu-xn7180\/"},"modified":"2025-01-21T06:13:48","modified_gmt":"2025-01-21T06:13:48","slug":"arm-cylinder-for-xiniu-xn7180","status":"publish","type":"product","link":"https:\/\/www.hydraulic-cylinders.net\/tr\/urun\/arm-cylinder-for-xiniu-xn7180\/","title":{"rendered":"Xiniu XN7180 i\u00e7in Kol Silindiri"},"content":{"rendered":"<h2>Xiniu XN7180 i\u00e7in Kol Silindiri<\/h2>\n<p>Kol silindiri, ekskavat\u00f6rler, vin\u00e7ler ve mekanik kollar gibi \u00e7e\u015fitli makinelerin kollar\u0131na do\u011frusal hareket ve g\u00fc\u00e7 sa\u011flamak i\u00e7in \u00f6zel olarak tasarlanm\u0131\u015f bir hidrolik silindirdir. Kol silindiri, hidrolik sistemlerde kritik bir rol oynayarak ek aletlerin veya ata\u015fmanlar\u0131n verimli hareketini ve kontrol\u00fcn\u00fc sa\u011flar. Bu silindirler sadece d\u00fczg\u00fcn hareket sa\u011flamakla kalmaz, ayn\u0131 zamanda a\u011f\u0131r y\u00fckleri de ta\u015f\u0131yarak \u00e7e\u015fitli \u00e7al\u0131\u015fma ko\u015fullar\u0131 alt\u0131nda makinelerin verimli \u00e7al\u0131\u015fmas\u0131n\u0131 ve g\u00fcvenilirli\u011fini garanti eder.<\/p>\n<p><img decoding=\"async\" src=\"https:\/\/www.hydraulic-cylinders.net\/wp-content\/uploads\/2025\/01\/songte-company-2.webp\"><\/p>\n<h2>\u00d6zellikler<\/h2>\n<h3>Y\u00fcksek verimli iletim<\/h3>\n<p>Kol silindiri, g\u00fc\u00e7l\u00fc do\u011frusal hareket ve kuvvet sa\u011flayarak mekanik kolun \u00e7e\u015fitli i\u015flemlerde verimli performans g\u00f6stermesini sa\u011flar.<\/p>\n<h3>Hassas kontrol<\/h3>\n<p>Hidrolik sistem sayesinde kol silindiri hassas hareket kontrol\u00fc sa\u011flayabilir, ba\u011fl\u0131 aletlerin \u00e7al\u0131\u015fmas\u0131n\u0131 daha esnek ve hassas hale getirir.<\/p>\n<h3>Y\u00fcksek dayan\u0131kl\u0131l\u0131k<\/h3>\n<p>Kol silindiri genellikle y\u00fcksek mukavemetli, a\u015f\u0131nma ve korozyona kar\u015f\u0131 dayan\u0131kl\u0131 malzemelerden \u00fcretilir ve bu da onu zorlu ortamlarda uzun s\u00fcreli kullan\u0131m i\u00e7in uygun hale getirir.<\/p>\n<h3>\u00c7ok i\u015flevli uyarlanabilirlik<\/h3>\n<p>Bu silindirler, farkl\u0131 \u00e7al\u0131\u015fma ihtiya\u00e7lar\u0131na uyum sa\u011flamak amac\u0131yla ekskavat\u00f6rler, vin\u00e7ler ve i\u015f kollar\u0131 gibi \u00e7e\u015fitli mekanik ekipmanlarda yayg\u0131n olarak kullan\u0131labilir.<\/p>\n<h3>Kolay bak\u0131m<\/h3>\n<p>Bak\u0131m ve de\u011fi\u015ftirme kolayl\u0131\u011f\u0131 g\u00f6z \u00f6n\u00fcnde bulundurularak tasarlanan bu \u00fcr\u00fcnlerde, d\u00fczenli incelemeler ve bak\u0131mlar daha kolay hale gelir ve ekipman ar\u0131za s\u00fcreleri azal\u0131r.<\/p>\n<p><img decoding=\"async\" src=\"https:\/\/www.hydraulic-cylinders.net\/wp-content\/uploads\/2025\/01\/songte-oil-pipes-and-spare-parts.webp\"><\/p>\n<h2>Uygulamalar<\/h2>\n<ul>\n<li>\n<h3>\u0130n\u015faat M\u00fchendisli\u011fi<\/h3>\n<p>Kaz\u0131c\u0131 makinelerde ve vin\u00e7lerde, kol silindiri, toprak i\u015fleri, malzeme ta\u015f\u0131ma ve yap\u0131 montaj\u0131 i\u00e7in kep\u00e7e veya bomun hareketini kontrol etmek amac\u0131yla kullan\u0131l\u0131r.<\/p>\n<\/li>\n<li>\n<h3>\u00dcretme<\/h3>\n<p>Otomatik \u00fcretim hatlar\u0131nda, montaj, kaynak ve ta\u015f\u0131ma i\u015flemlerinde mekanik kollar\u0131 hareket ettirmek i\u00e7in kol silindirleri kullan\u0131l\u0131r; bu da \u00fcretim verimlili\u011fini ve do\u011frulu\u011funu art\u0131r\u0131r.<\/p>\n<\/li>\n<li>\n<h3>Tar\u0131m Makinalar\u0131<\/h3>\n<p>Bi\u00e7erd\u00f6ver ve ekim makinesi gibi tar\u0131m makinelerinde, kol silindiri, ekim, g\u00fcbreleme ve hasat gibi g\u00f6revleri yerine getiren \u00e7al\u0131\u015fma kolunun hareketini kontrol eder.<\/p>\n<\/li>\n<li>\n<h3>Madencilik<\/h3>\n<p>Madencilik ekipmanlar\u0131nda, kol silindiri, cevher \u00e7\u0131karma ve ta\u015f\u0131ma i\u015flemlerinde ekipman\u0131n kol hareketini kontrol etmek i\u00e7in kullan\u0131l\u0131r.<\/p>\n<\/li>\n<li>\n<h3>Lojistik ve Ta\u015f\u0131mac\u0131l\u0131k<\/h3>\n<p>Forkliftlerde ve ta\u015f\u0131ma robotlar\u0131nda, kol silindiri, malzemelerin ta\u015f\u0131nmas\u0131 ve istiflenmesini ger\u00e7ekle\u015ftiren kargo \u00e7atal\u0131n\u0131n kald\u0131r\u0131lmas\u0131n\u0131 ve hareketini kontrol etmek i\u00e7in kullan\u0131l\u0131r.<\/p>\n<\/li>\n<\/ul>\n<h2>Tasar\u0131m Hususlar\u0131 ve Se\u00e7im Kriterleri<\/h2>\n<h3>Ta\u015f\u0131ma kapasitesi<\/h3>\n<p>Kol silindiri a\u011f\u0131r y\u00fckleri ta\u015f\u0131yacak \u015fekilde tasarlanm\u0131\u015ft\u0131r, bu nedenle ta\u015f\u0131ma kapasitesi, makine i\u00e7in uygun silindiri se\u00e7erken dikkate al\u0131nmas\u0131 gereken \u00f6nemli bir fakt\u00f6rd\u00fcr.<\/p>\n<h3>S\u0131zd\u0131rmazl\u0131k performans\u0131<\/h3>\n<p>Kol silindiri genellikle s\u0131v\u0131 s\u0131z\u0131nt\u0131s\u0131n\u0131 \u00f6nlemek i\u00e7in piston contalar\u0131 ve mil contalar\u0131 gibi \u00e7e\u015fitli s\u0131zd\u0131rmazl\u0131k par\u00e7alar\u0131 kullan\u0131r ve bu s\u0131zd\u0131rmazl\u0131k par\u00e7alar\u0131n\u0131n malzemesi a\u015f\u0131nmaya ve korozyona dayan\u0131kl\u0131 olmal\u0131d\u0131r.<\/p>\n<h3>Dayan\u0131kl\u0131l\u0131k<\/h3>\n<p>Silindir g\u00f6vdesi ve di\u015fli u\u00e7 y\u00fczeyi, a\u015f\u0131nma direncini art\u0131rmak i\u00e7in hassas bir \u015fekilde i\u015flenmi\u015ftir ve bu da onlar\u0131 zorlu \u00e7al\u0131\u015fma ortamlar\u0131 i\u00e7in uygun hale getirir. <\/p>\n<h3>Emniyet<\/h3>\n<p>Kol silindiri, a\u015f\u0131r\u0131 y\u00fcklenmeyi \u00f6nlemek ve kullan\u0131m s\u0131ras\u0131nda ani ar\u0131zay\u0131 engellemek gibi g\u00fcvenlik hususlar\u0131 g\u00f6z \u00f6n\u00fcnde bulundurularak tasarlanmal\u0131d\u0131r.<\/p>\n<h3>Bak\u0131m<\/h3>\n<p>Kol silindirinin bak\u0131m ve de\u011fi\u015ftirme kolayl\u0131\u011f\u0131 sa\u011flayacak \u015fekilde tasarlanmas\u0131 ve ya\u011flama i\u00e7in \u00f6nerilen hidrolik ya\u011f\u0131n kullan\u0131lmas\u0131 gerekmektedir.<\/p>\n<p><img decoding=\"async\" src=\"https:\/\/www.hydraulic-cylinders.net\/wp-content\/uploads\/2025\/01\/songte-cylinder-head-with-all-kinds-excavator-models.webp\"><\/p>\n<h2>S\u0131zd\u0131rmazl\u0131k ve Ya\u011flama<\/h2>\n<p>Kol silindiri, s\u0131v\u0131 s\u0131z\u0131nt\u0131s\u0131n\u0131 \u00f6nlemek i\u00e7in piston contalar\u0131 ve mil contalar\u0131 gibi \u00e7e\u015fitli s\u0131zd\u0131rmazl\u0131k par\u00e7alar\u0131 kullan\u0131r. S\u0131zd\u0131rmazl\u0131k par\u00e7alar\u0131, poli\u00fcretan ve nitril kau\u00e7uk gibi a\u015f\u0131nmaya ve korozyona dayan\u0131kl\u0131 malzemelerden yap\u0131lmal\u0131d\u0131r. Silindir g\u00f6vdesi ve di\u015fli u\u00e7 y\u00fczeyi, a\u015f\u0131nma direncini art\u0131rmak i\u00e7in ince bir \u015fekilde i\u015flenmi\u015ftir. Silindirin d\u00fczg\u00fcn \u00e7al\u0131\u015fmas\u0131n\u0131 sa\u011flamak ve \u00f6mr\u00fcn\u00fc uzatmak i\u00e7in \u00f6nerilen hidrolik ya\u011f ile d\u00fczenli ya\u011flama \u015fartt\u0131r.<\/p>\n<h2>Bak\u0131m ve Sorun Giderme<\/h2>\n<p>Kol silindirinde olas\u0131 sorunlardan ka\u00e7\u0131nmak i\u00e7in d\u00fczenli kontrol ve \u00f6nleyici bak\u0131m gereklidir. Silindirle ilgili ar\u0131za tespiti ve s\u0131k kar\u015f\u0131la\u015f\u0131lan sorunlar derhal ele al\u0131nmal\u0131d\u0131r. Ar\u0131za te\u015fhisi ve s\u0131k kar\u015f\u0131la\u015f\u0131lan sorunlar aras\u0131nda yanl\u0131\u015f montaj, s\u0131z\u0131nt\u0131, contalarda hasar ve d\u00fc\u015f\u00fck ya\u011f bas\u0131nc\u0131 yer almaktad\u0131r. Okuyucular\u0131n sorunlar\u0131 etkili bir \u015fekilde te\u015fhis etmelerine ve \u00e7\u00f6zmelerine yard\u0131mc\u0131 olmak i\u00e7in ar\u0131za tespiti ipu\u00e7lar\u0131 ve \u00e7\u00f6z\u00fcmleri sunulmal\u0131d\u0131r. Olas\u0131 sorunlar\u0131 en aza indirmek i\u00e7in \u00f6nleyici tedbirler de al\u0131nmal\u0131d\u0131r.<\/p>\n<p><img decoding=\"async\" src=\"https:\/\/www.hydraulic-cylinders.net\/wp-content\/uploads\/2025\/01\/songte-chushion-collar.webp\"><\/p>\n<h2>Kurulum K\u0131lavuzu<\/h2>\n<p>Kol silindirinin do\u011fru \u015fekilde tak\u0131lmas\u0131, d\u00fczg\u00fcn \u00e7al\u0131\u015fmas\u0131 i\u00e7in \u00f6nemlidir. Kurulum k\u0131lavuzuna dikkatlice uyulmal\u0131 ve t\u00fcm kurulum ad\u0131mlar\u0131 do\u011fru \u015fekilde ger\u00e7ekle\u015ftirilmelidir. Silindirin tak\u0131lmas\u0131 s\u0131ras\u0131nda a\u015f\u0131r\u0131 y\u00fcklenmeden ka\u00e7\u0131nmak ve t\u00fcm ba\u011flant\u0131lar\u0131n do\u011fru \u015fekilde tak\u0131l\u0131p s\u0131k\u0131ld\u0131\u011f\u0131ndan emin olmak gibi \u00f6nerilen \u00f6nlemler verilmelidir.<\/p>\n<h2>Hakk\u0131m\u0131zda<\/h2>\n<p>Profesyonel bir hidrolik silindir yedek par\u00e7a \u00fcreticisiyiz ve geni\u015f \u00fcr\u00fcn yelpazemizle yurt i\u00e7inde ve yurt d\u0131\u015f\u0131nda \u00f6nde gelen hidrolik silindir \u00fcreticilerinden ve toptanc\u0131lar\u0131ndan biri haline geldik. Her zaman m\u00fckemmel kalite ilkesine ba\u011fl\u0131 kalarak, geli\u015fmi\u015f \u00fcretim at\u00f6lyemizin end\u00fcstriyel \u00fcretim y\u00f6netim stratejisine dayanarak, teknik seviyemizi ve \u00fcretim verimlili\u011fimizi s\u00fcrekli olarak geli\u015ftiriyoruz. Y\u00fcksek teknoloji \u00fcr\u00fcn\u00fc dijital \u00fcretim ekipmanlar\u0131 ve profesyonel test sistemleri kullanarak \u00fcretim platformunu optimize ediyor, \u00fcr\u00fcn kalite kontrol s\u00fcrecini iyile\u015ftiriyor ve g\u00fc\u00e7l\u00fc bir inovasyon yetene\u011fine sahibiz. Amac\u0131m\u0131z, verimlilik, do\u011fruluk ve y\u00fcksek kalite ilkeleriyle m\u00fc\u015fterilerin \u00e7e\u015fitli ihtiya\u00e7lar\u0131n\u0131 kar\u015f\u0131lamakt\u0131r.<\/p>\n<h3>Profesyonellik<\/h3>\n<p>\u015eirketimiz, m\u00fc\u015fterilerine y\u00fcksek kaliteli hidrolik silindirler, \u00f6zelle\u015ftirilmi\u015f hizmetler ve teknik destek sa\u011flayan profesyonel ve deneyimli bir ekibe sahiptir.<\/p>\n<h3>Uluslararas\u0131 Sertifikasyon<\/h3>\n<p>\u00dcr\u00fcnlerimiz ISO9001, CE ve RoHS gibi \u00e7e\u015fitli uluslararas\u0131 sertifikalardan ge\u00e7erek y\u00fcksek kaliteyi garanti alt\u0131na alm\u0131\u015ft\u0131r.<\/p>\n<h3>\u00d6zelle\u015ftirme Hizmetleri<\/h3>\n<p>M\u00fc\u015fterilerimizin bireysel ihtiya\u00e7lar\u0131n\u0131 kar\u015f\u0131lamak \u00fczere \u00e7e\u015fitli hidrolik silindirler i\u00e7in \u00f6zelle\u015ftirilmi\u015f hizmetler sunuyoruz.<\/p>\n<h3>\u00dcretim Ekipmanlar\u0131<\/h3>\n<p>\u00dcr\u00fcn kalitesini ve \u00fcretim verimlili\u011fini sa\u011flamak i\u00e7in \u00fcst d\u00fczey dijital \u00fcretim ekipmanlar\u0131 ve profesyonel test sistemleri kullan\u0131yoruz.<\/p>\n<h3>Sat\u0131\u015f Sonras\u0131 Hizmet<\/h3>\n<p>M\u00fc\u015fterilerimize bak\u0131m, onar\u0131m ve \u00fcr\u00fcn de\u011fi\u015fimi de dahil olmak \u00fczere kapsaml\u0131 sat\u0131\u015f sonras\u0131 hizmetler sunuyoruz.<\/p>\n<p><img decoding=\"async\" src=\"https:\/\/www.hydraulic-cylinders.net\/wp-content\/uploads\/2025\/01\/songte-company-4.webp\"><img decoding=\"async\" src=\"https:\/\/www.hydraulic-cylinders.net\/wp-content\/uploads\/2025\/01\/songte-company-3.webp\"><\/p>\n<p>Yazar: lyl.<\/p>","protected":false},"excerpt":{"rendered":"<p>Arm Cylinder For Xiniu XN7180 An arm cylinder is a specially designed hydraulic cylinder used primarily to provide linear motion and power to the arms of various types of machinery, such as excavators, cranes, and mechanical arms. The arm cylinder plays a critical role in hydraulic systems, enabling the efficient movement and control of additional [&hellip;]<\/p>","protected":false},"featured_media":14774,"comment_status":"open","ping_status":"closed","template":"","meta":{"_et_pb_use_builder":"","_et_pb_old_content":"","_et_gb_content_width":""},"product_brand":[],"product_cat":[1497],"product_tag":[1498,1496],"class_list":{"0":"post-16932","1":"product","2":"type-product","3":"status-publish","4":"has-post-thumbnail","6":"product_cat-arm-cylinders","7":"product_tag-arm-cylinders","8":"product_tag-hydraulic-cylinders","10":"first","11":"instock","12":"shipping-taxable","13":"product-type-simple"},"amp_enabled":true,"_links":{"self":[{"href":"https:\/\/www.hydraulic-cylinders.net\/tr\/wp-json\/wp\/v2\/product\/16932","targetHints":{"allow":["GET"]}}],"collection":[{"href":"https:\/\/www.hydraulic-cylinders.net\/tr\/wp-json\/wp\/v2\/product"}],"about":[{"href":"https:\/\/www.hydraulic-cylinders.net\/tr\/wp-json\/wp\/v2\/types\/product"}],"replies":[{"embeddable":true,"href":"https:\/\/www.hydraulic-cylinders.net\/tr\/wp-json\/wp\/v2\/comments?post=16932"}],"wp:featuredmedia":[{"embeddable":true,"href":"https:\/\/www.hydraulic-cylinders.net\/tr\/wp-json\/wp\/v2\/media\/14774"}],"wp:attachment":[{"href":"https:\/\/www.hydraulic-cylinders.net\/tr\/wp-json\/wp\/v2\/media?parent=16932"}],"wp:term":[{"taxonomy":"product_brand","embeddable":true,"href":"https:\/\/www.hydraulic-cylinders.net\/tr\/wp-json\/wp\/v2\/product_brand?post=16932"},{"taxonomy":"product_cat","embeddable":true,"href":"https:\/\/www.hydraulic-cylinders.net\/tr\/wp-json\/wp\/v2\/product_cat?post=16932"},{"taxonomy":"product_tag","embeddable":true,"href":"https:\/\/www.hydraulic-cylinders.net\/tr\/wp-json\/wp\/v2\/product_tag?post=16932"}],"curies":[{"name":"wp","href":"https:\/\/api.w.org\/{rel}","templated":true}]}}