{"id":16939,"date":"2025-01-21T06:14:18","date_gmt":"2025-01-21T06:14:18","guid":{"rendered":"https:\/\/www.hydraulic-cylinders.net\/product\/arm-cylinder-for-kato-small-excavator-hd250\/"},"modified":"2025-01-21T06:14:20","modified_gmt":"2025-01-21T06:14:20","slug":"arm-cylinder-for-kato-small-excavator-hd250","status":"publish","type":"product","link":"https:\/\/www.hydraulic-cylinders.net\/tr\/urun\/arm-cylinder-for-kato-small-excavator-hd250\/","title":{"rendered":"Kato K\u00fc\u00e7\u00fck Ekskavat\u00f6r HD250 i\u00e7in Kol Silindiri"},"content":{"rendered":"<h1>Kato K\u00fc\u00e7\u00fck Ekskavat\u00f6r HD250 i\u00e7in Kol Silindiri<\/h1>\n<h2>girii\u015f<\/h2>\n<p>Kol silindiri, ekskavat\u00f6rler, vin\u00e7ler ve robotik kollar gibi \u00e7e\u015fitli makine t\u00fcrlerinin kollar\u0131na do\u011frusal hareket ve g\u00fc\u00e7 sa\u011flamak \u00fczere tasarlanm\u0131\u015f \u00f6zel bir hidrolik silindirdir. Kol silindiri, hidrolik sistemlerde \u00f6nemli bir rol oynar ve ek alet veya ata\u015fmanlar\u0131n etkili bir \u015fekilde hareket etmesini ve kontrol edilmesini sa\u011flar. Bu silindirler sadece d\u00fczg\u00fcn hareket sa\u011flamakla kalmaz, ayn\u0131 zamanda a\u011f\u0131r y\u00fcklere de dayanarak \u00e7e\u015fitli \u00e7al\u0131\u015fma ko\u015fullar\u0131nda makinelerin verimli \u00e7al\u0131\u015fmas\u0131n\u0131 ve g\u00fcvenilirli\u011fini sa\u011flar.<\/p>\n<p><img decoding=\"async\" src=\"https:\/\/www.hydraulic-cylinders.net\/wp-content\/uploads\/2025\/01\/songte-company-2.webp\" alt=\"Kato K\u00fc\u00e7\u00fck Ekskavat\u00f6r HD250 i\u00e7in Kol Silindiri\" \/><\/p>\n<h2>\u00d6zellikler<\/h2>\n<ul>\n<li>Y\u00fcksek verimli \u015fanz\u0131man: Kol silindiri g\u00fc\u00e7l\u00fc do\u011frusal hareket ve kuvvet sa\u011flayarak, mekanik kolun \u00e7e\u015fitli i\u015flemlerde y\u00fcksek performans g\u00f6stermesini sa\u011flar.<\/li>\n<li>Hassas kontrol: Hidrolik sistem sayesinde kol silindiri hassas hareket kontrol\u00fc sa\u011flayabilir, bu sayede ek aletlerin \u00e7al\u0131\u015fmas\u0131 daha esnek ve hassas hale gelir.<\/li>\n<li>G\u00fc\u00e7l\u00fc dayan\u0131kl\u0131l\u0131k: Kol silindirleri genellikle y\u00fcksek mukavemetli malzemelerden yap\u0131l\u0131r, iyi a\u015f\u0131nma direnci ve korozyon direncine sahiptir, zorlu ortamlarda uzun s\u00fcreli kullan\u0131ma uygundur.<\/li>\n<li>\u00c7ok i\u015flevli uyarlanabilirlik: Bu silindirler, ekskavat\u00f6rler, vin\u00e7ler ve robotik kollar gibi \u00e7e\u015fitli makine ekipmanlar\u0131nda farkl\u0131 \u00e7al\u0131\u015fma gereksinimlerine uyum sa\u011flamak i\u00e7in yayg\u0131n olarak kullan\u0131labilir.<\/li>\n<li>Kolay bak\u0131m: Tasar\u0131m, kolay bak\u0131m ve de\u011fi\u015ftirmeyi g\u00f6z \u00f6n\u00fcnde bulundurarak d\u00fczenli muayene ve bak\u0131m\u0131 daha kolay hale getirir ve ekipman ar\u0131za s\u00fcresini azalt\u0131r.<\/li>\n<\/ul>\n<p><img decoding=\"async\" src=\"https:\/\/www.hydraulic-cylinders.net\/wp-content\/uploads\/2025\/01\/songte-oil-pipes-and-spare-parts.webp\" alt=\"Kato K\u00fc\u00e7\u00fck Ekskavat\u00f6r HD250 i\u00e7in Kol Silindiri\" \/><\/p>\n<h2>Uygulamalar<\/h2>\n<p>Kol silindirlerinin farkl\u0131 end\u00fcstrilerde \u00e7e\u015fitli uygulamalar\u0131 vard\u0131r:<\/p>\n<ul>\n<li>\u0130n\u015faat: Ekskavat\u00f6rlerde ve vin\u00e7lerde, kol silindirleri toprak i\u015fleri, malzeme ta\u015f\u0131ma ve yap\u0131sal montajlarda kovalar\u0131n veya bomlar\u0131n hareketini kontrol etmek i\u00e7in kullan\u0131l\u0131r.<\/li>\n<li>\u00dcretim: Otomatik \u00fcretim hatlar\u0131nda, montaj, kaynak ve malzeme ta\u015f\u0131ma i\u00e7in robot kollar\u0131n\u0131n hareket ettirilmesinde kol silindirleri kullan\u0131l\u0131r, bu da \u00fcretim verimlili\u011fini ve do\u011frulu\u011funu art\u0131r\u0131r.<\/li>\n<li>Tar\u0131m makineleri: Bi\u00e7erd\u00f6ver ve ekim makineleri gibi tar\u0131m makinelerinde kol silindirleri, ekim, g\u00fcbreleme ve hasat gibi g\u00f6revlerde \u00e7al\u0131\u015fan kollar\u0131n hareketini kontrol eder.<\/li>\n<li>Madencilik: Madencilik ekipmanlar\u0131nda, kol silindirleri cevher madencili\u011fi ve nakliyesi i\u00e7in madencilik ekipmanlar\u0131n\u0131n kol hareketini kontrol etmek amac\u0131yla kullan\u0131l\u0131r.<\/li>\n<li>Lojistik ve ta\u015f\u0131mac\u0131l\u0131k: Forkliftlerde ve ta\u015f\u0131ma robotlar\u0131nda, \u00e7atallar\u0131n kald\u0131r\u0131lmas\u0131n\u0131 ve hareketini kontrol etmek, malzeme ta\u015f\u0131ma ve istiflemeyi ger\u00e7ekle\u015ftirmek i\u00e7in kol silindirleri kullan\u0131l\u0131r.<\/li>\n<\/ul>\n<h2>Tasar\u0131m Hususlar\u0131 ve Se\u00e7im Kriterleri<\/h2>\n<p>Kol silindirinin tasar\u0131m\u0131 ve se\u00e7im kriterleri, performans\u0131 ve g\u00fcvenilirli\u011fi a\u00e7\u0131s\u0131ndan kritik \u00f6neme sahiptir. A\u015fa\u011f\u0131da baz\u0131 \u00f6nemli hususlar yer almaktad\u0131r:<\/p>\n<ul>\n<li>Ta\u015f\u0131ma kapasitesi: Kol silindiri, belirli uygulamada kar\u015f\u0131la\u015faca\u011f\u0131 maksimum y\u00fcke dayanacak \u015fekilde tasarlanmal\u0131d\u0131r.<\/li>\n<li>S\u0131zd\u0131rmazl\u0131k: Uygun s\u0131zd\u0131rmazl\u0131k performans\u0131n\u0131 sa\u011flamak i\u00e7in piston contalar\u0131 ve biyel contalar\u0131 gibi \u00e7e\u015fitli s\u0131zd\u0131rmazl\u0131k elemanlar\u0131 se\u00e7ilmelidir.<\/li>\n<li>Dayan\u0131kl\u0131l\u0131k: Silindir g\u00f6vdesi ve u\u00e7 kapaklar\u0131, dayan\u0131kl\u0131l\u0131k ve a\u015f\u0131nma ve korozyona kar\u015f\u0131 diren\u00e7 sa\u011flamak i\u00e7in y\u00fcksek mukavemetli malzemeden yap\u0131lmal\u0131d\u0131r.<\/li>\n<li>G\u00fcvenlik: Kol silindiri kazalar\u0131 \u00f6nleyecek ve g\u00fcvenli \u00e7al\u0131\u015fmay\u0131 sa\u011flayacak \u015fekilde tasarlanmal\u0131d\u0131r.<\/li>\n<li>Bak\u0131m kolayl\u0131\u011f\u0131: Tasar\u0131m, kolay bak\u0131m ve onar\u0131m\u0131 kolayla\u015ft\u0131rmal\u0131, ar\u0131za s\u00fcresini ve bak\u0131m maliyetlerini azaltmal\u0131d\u0131r.<\/li>\n<\/ul>\n<p><img decoding=\"async\" src=\"https:\/\/www.hydraulic-cylinders.net\/wp-content\/uploads\/2025\/01\/songte-cylinder-head-with-all-kinds-excavator-models.webp\" alt=\"Kato K\u00fc\u00e7\u00fck Ekskavat\u00f6r HD250 i\u00e7in Kol Silindiri\" \/><\/p>\n<h2>S\u0131zd\u0131rmazl\u0131k ve Ya\u011flama<\/h2>\n<p>Kol silindirinin do\u011fru \u015fekilde s\u0131zd\u0131rmazl\u0131\u011f\u0131 ve ya\u011flanmas\u0131, uzun \u00f6m\u00fcrl\u00fcl\u00fc\u011f\u00fc ve performans\u0131 i\u00e7in \u00e7ok \u00f6nemlidir. A\u015fa\u011f\u0131daki temel hususlar dikkate al\u0131nmal\u0131d\u0131r:<\/p>\n<ul>\n<li>Uygun s\u0131zd\u0131rmazl\u0131k performans\u0131n\u0131n sa\u011flanmas\u0131 i\u00e7in piston contalar\u0131 ve biyel contalar\u0131 gibi \u00e7e\u015fitli s\u0131zd\u0131rmazl\u0131k elemanlar\u0131 se\u00e7ilmelidir.<\/li>\n<li>S\u0131zd\u0131rmazl\u0131k elemanlar\u0131 poli\u00fcretan ve nitril kau\u00e7uk gibi a\u015f\u0131nmaya dayan\u0131kl\u0131 malzemelerden yap\u0131lmal\u0131d\u0131r.<\/li>\n<li>Silindir g\u00f6vdesi ve di\u015fli u\u00e7 y\u00fczeyleri a\u015f\u0131nma direncini art\u0131rmak i\u00e7in hassas bir \u015fekilde i\u015flenmelidir.<\/li>\n<li>Kol silindiri ya\u011flama ve so\u011futma i\u00e7in uygun hidrolik ya\u011f ile doldurulmal\u0131, ya\u011f seviyesi d\u00fczenli olarak kontrol edilip yenilenmelidir.<\/li>\n<\/ul>\n<h2>\u00d6nleyici Bak\u0131m ve Sorun Giderme<\/h2>\n<p>Kol silindirinin uzun \u00f6m\u00fcrl\u00fcl\u00fc\u011f\u00fc ve performans\u0131 i\u00e7in d\u00fczenli muayene ve \u00f6nleyici bak\u0131m \u00e7ok \u00f6nemlidir. \u0130\u015fte baz\u0131 ipu\u00e7lar\u0131:<\/p>\n<ul>\n<li>Silindir g\u00f6vdesini, piston kolunu ve s\u0131zd\u0131rmazl\u0131k elemanlar\u0131n\u0131 a\u015f\u0131nma ve hasar a\u00e7\u0131s\u0131ndan d\u00fczenli olarak kontrol edin.<\/li>\n<li>Hidrolik ya\u011f seviyesini ve kalitesini d\u00fczenli olarak kontrol edin ve gerekti\u011finde yenileyin veya de\u011fi\u015ftirin.<\/li>\n<li>\u00dcreticinin \u00f6nerdi\u011fi bak\u0131m program\u0131n\u0131 takip edin.<\/li>\n<li>Personeli do\u011fru kurulum, i\u015fletme ve bak\u0131m prosed\u00fcrleri konusunda e\u011fitin.<\/li>\n<\/ul>\n<p>Ar\u0131za durumunda a\u015fa\u011f\u0131daki y\u00f6ntemleri kullanarak sorunlar\u0131 te\u015fhis edin ve giderin:<\/p>\n<ul>\n<li>S\u0131z\u0131nt\u0131 ve hasarl\u0131 s\u0131zd\u0131rmazl\u0131k elemanlar\u0131n\u0131 kontrol edin.<\/li>\n<li>Yetersiz ya\u011flama ve hidrolik ya\u011f seviyelerini kontrol edin.<\/li>\n<li>Silindir g\u00f6vdelerinde ve piston kollar\u0131nda hasar olup olmad\u0131\u011f\u0131n\u0131 kontrol edin.<\/li>\n<\/ul>\n<p>\u0130\u015fte baz\u0131 yayg\u0131n sorunlar ve \u00e7\u00f6z\u00fcmleri:<\/p>\n<ul>\n<li>Sorun: Kol silindiri ya\u011f ka\u00e7\u0131r\u0131yor.<\/li>\n<li>\u00c7\u00f6z\u00fcm: Hasarl\u0131 s\u0131zd\u0131rmazl\u0131k elemanlar\u0131n\u0131 kontrol edin ve de\u011fi\u015ftirin.<\/li>\n<li>Sorun: Kol silindiri d\u00fczg\u00fcn hareket etmiyor.<\/li>\n<li>\u00c7\u00f6z\u00fcm: Hidrolik ya\u011f\u0131 kontrol edin ve doldurun, silindir g\u00f6vdelerinde ve piston kollar\u0131nda hasar olup olmad\u0131\u011f\u0131n\u0131 kontrol edin.<\/li>\n<li>Sorun: Kol silindiri \u00e7al\u0131\u015f\u0131rken al\u0131\u015f\u0131lmad\u0131k sesler \u00e7\u0131kar\u0131yor.<\/li>\n<li>\u00c7\u00f6z\u00fcm: Hasarl\u0131 s\u0131zd\u0131rmazl\u0131k elemanlar\u0131n\u0131 kontrol edin ve de\u011fi\u015ftirin, silindir g\u00f6vdelerinde ve piston kollar\u0131nda hasar olup olmad\u0131\u011f\u0131n\u0131 kontrol edin.<\/li>\n<\/ul>\n<p><img decoding=\"async\" src=\"https:\/\/www.hydraulic-cylinders.net\/wp-content\/uploads\/2025\/01\/songte-chushion-collar.webp\" alt=\"Kato K\u00fc\u00e7\u00fck Ekskavat\u00f6r HD250 i\u00e7in Kol Silindiri\" \/><\/p>\n<h2>Hakk\u0131m\u0131zda<\/h2>\n<p>Yedek hidrolik silindirler alan\u0131nda profesyonel bir \u00fcreticiyiz ve geni\u015f bir \u00fcr\u00fcn yelpazesi sunarak, yurt i\u00e7i ve yurt d\u0131\u015f\u0131 pazarlarda lider hidrolik silindir \u00fcreticilerinden ve toptan da\u011f\u0131t\u0131mc\u0131lar\u0131ndan biri haline geliyoruz. Her zaman m\u00fckemmellik ilkesine ba\u011fl\u0131 kalarak, geli\u015fmi\u015f \u00fcretim at\u00f6lyelerinin end\u00fcstriyel \u00fcretim y\u00f6netimi stratejisine g\u00fcvenerek teknik seviyemizi ve \u00fcretim verimlili\u011fimizi s\u00fcrekli iyile\u015ftiriyoruz. \u00dcst d\u00fczey dijital \u00fcretim ekipmanlar\u0131 ve profesyonel test sistemleri sunarak, \u00fcretim platformumuzu s\u00fcrekli olarak optimize ediyor ve g\u00fc\u00e7l\u00fc inovasyon yeteneklerimizle \u00fcr\u00fcn kalite kontrol s\u00fcrecimizi geli\u015ftiriyoruz. Amac\u0131m\u0131z, verimlilik, hassasiyet ve y\u00fcksek kalite ilkeleriyle m\u00fc\u015fterilerimizin \u00e7e\u015fitli ihtiya\u00e7lar\u0131n\u0131 kar\u015f\u0131lamakt\u0131r.<\/p>\n<h3>Avantajlar\u0131m\u0131z<\/h3>\n<ul>\n<li>Profesyonellik: Y\u0131llar\u0131n deneyimi ve uzmanl\u0131\u011f\u0131yla, yedek hidrolik silindirlerin lider \u00fcreticisi ve tedarik\u00e7isi olduk.<\/li>\n<li>Uluslararas\u0131 Sertifikasyon: \u00dcr\u00fcnlerimiz ISO9001 ve CE gibi uluslararas\u0131 kalite ve g\u00fcvenlik sertifikalar\u0131na sahiptir.<\/li>\n<li>\u00d6zelle\u015ftirme Hizmetleri: M\u00fc\u015fterilerimizin \u00f6zel ihtiya\u00e7 ve gereksinimlerine g\u00f6re \u00f6zelle\u015ftirilmi\u015f hizmetler sa\u011fl\u0131yoruz.<\/li>\n<li>Geli\u015fmi\u015f \u00dcretim Ekipmanlar\u0131: \u00dcr\u00fcnlerimizin kalitesini ve verimlili\u011fini garanti alt\u0131na almak i\u00e7in geli\u015fmi\u015f dijital \u00fcretim ekipmanlar\u0131 kullan\u0131yoruz.<\/li>\n<li>Sat\u0131\u015f Sonras\u0131 Hizmet: M\u00fc\u015fteri memnuniyetini ve \u00fcr\u00fcn performans\u0131n\u0131 garanti alt\u0131na almak i\u00e7in garanti ve sat\u0131\u015f sonras\u0131 hizmet sa\u011fl\u0131yoruz.<\/li>\n<\/ul>\n<p><img decoding=\"async\" src=\"https:\/\/www.hydraulic-cylinders.net\/wp-content\/uploads\/2025\/01\/songte-company-4.webp\" alt=\"Kato K\u00fc\u00e7\u00fck Ekskavat\u00f6r HD250 i\u00e7in Kol Silindiri\" \/><br \/>\n<img decoding=\"async\" src=\"https:\/\/www.hydraulic-cylinders.net\/wp-content\/uploads\/2025\/01\/songte-company-3.webp\" alt=\"Kato K\u00fc\u00e7\u00fck Ekskavat\u00f6r HD250 i\u00e7in Kol Silindiri\" \/><\/p>\n<p>Yazar: lyl<\/p>","protected":false},"excerpt":{"rendered":"<p>Arm Cylinder For Kato Small Excavator HD250 Introduction Arm cylinder is a specialized hydraulic cylinder designed primarily for providing linear motion and power to the arms of various types of machinery, such as excavators, cranes, and robotic arms. The arm cylinder plays a crucial role in hydraulic systems, enabling the effective movement and control of [&hellip;]<\/p>","protected":false},"featured_media":14783,"comment_status":"open","ping_status":"closed","template":"","meta":{"_et_pb_use_builder":"","_et_pb_old_content":"","_et_gb_content_width":""},"product_brand":[],"product_cat":[1497],"product_tag":[1498,1496],"class_list":{"0":"post-16939","1":"product","2":"type-product","3":"status-publish","4":"has-post-thumbnail","6":"product_cat-arm-cylinders","7":"product_tag-arm-cylinders","8":"product_tag-hydraulic-cylinders","10":"first","11":"instock","12":"shipping-taxable","13":"product-type-simple"},"amp_enabled":true,"_links":{"self":[{"href":"https:\/\/www.hydraulic-cylinders.net\/tr\/wp-json\/wp\/v2\/product\/16939","targetHints":{"allow":["GET"]}}],"collection":[{"href":"https:\/\/www.hydraulic-cylinders.net\/tr\/wp-json\/wp\/v2\/product"}],"about":[{"href":"https:\/\/www.hydraulic-cylinders.net\/tr\/wp-json\/wp\/v2\/types\/product"}],"replies":[{"embeddable":true,"href":"https:\/\/www.hydraulic-cylinders.net\/tr\/wp-json\/wp\/v2\/comments?post=16939"}],"wp:featuredmedia":[{"embeddable":true,"href":"https:\/\/www.hydraulic-cylinders.net\/tr\/wp-json\/wp\/v2\/media\/14783"}],"wp:attachment":[{"href":"https:\/\/www.hydraulic-cylinders.net\/tr\/wp-json\/wp\/v2\/media?parent=16939"}],"wp:term":[{"taxonomy":"product_brand","embeddable":true,"href":"https:\/\/www.hydraulic-cylinders.net\/tr\/wp-json\/wp\/v2\/product_brand?post=16939"},{"taxonomy":"product_cat","embeddable":true,"href":"https:\/\/www.hydraulic-cylinders.net\/tr\/wp-json\/wp\/v2\/product_cat?post=16939"},{"taxonomy":"product_tag","embeddable":true,"href":"https:\/\/www.hydraulic-cylinders.net\/tr\/wp-json\/wp\/v2\/product_tag?post=16939"}],"curies":[{"name":"wp","href":"https:\/\/api.w.org\/{rel}","templated":true}]}}