{"id":16942,"date":"2025-01-21T06:14:29","date_gmt":"2025-01-21T06:14:29","guid":{"rendered":"https:\/\/www.hydraulic-cylinders.net\/product\/arm-cylinder-for-kato-small-excavator-hd820-3\/"},"modified":"2025-01-21T06:14:31","modified_gmt":"2025-01-21T06:14:31","slug":"arm-cylinder-for-kato-small-excavator-hd820-3","status":"publish","type":"product","link":"https:\/\/www.hydraulic-cylinders.net\/tr\/urun\/arm-cylinder-for-kato-small-excavator-hd820-3\/","title":{"rendered":"Kato HD820-3 K\u00fc\u00e7\u00fck Ekskavat\u00f6r \u0130\u00e7in Kol Silindiri"},"content":{"rendered":"<h2>Kato HD820-3 K\u00fc\u00e7\u00fck Ekskavat\u00f6r \u0130\u00e7in Kol Silindiri<\/h2>\n<h3>girii\u015f<\/h3>\n<p>Kol silindiri, ekskavat\u00f6rler, vin\u00e7ler ve robot kollar\u0131 gibi \u00e7e\u015fitli makinelerin kollar\u0131n\u0131n do\u011frusal hareketini ve g\u00fcc\u00fcn\u00fc sa\u011flamak i\u00e7in \u00f6zel olarak tasarlanm\u0131\u015f bir hidrolik silindirdir. Kol silindiri, hidrolik sistemde hayati bir rol oynayarak ek aletlerin veya ata\u015fmanlar\u0131n etkili hareketini ve kontrol\u00fcn\u00fc sa\u011flar. Bu silindirler sadece d\u00fczg\u00fcn hareket sa\u011flamakla kalmaz, ayn\u0131 zamanda a\u011f\u0131r y\u00fckleri de ta\u015f\u0131yarak \u00e7e\u015fitli \u00e7al\u0131\u015fma ko\u015fullar\u0131 alt\u0131nda makinelerin verimli \u00e7al\u0131\u015fmas\u0131n\u0131 ve g\u00fcvenilirli\u011fini garanti eder.<\/p>\n<p><img decoding=\"async\" src=\"https:\/\/www.hydraulic-cylinders.net\/wp-content\/uploads\/2025\/01\/songte-company-2.webp\" alt=\"Kol Silindiri G\u00f6r\u00fcnt\u00fcs\u00fc\"><\/p>\n<h3>\u00d6zellikler<\/h3>\n<ul>\n<li>Verimli G\u00fc\u00e7 Aktar\u0131m\u0131: Kol silindiri, g\u00fc\u00e7l\u00fc do\u011frusal hareket ve kuvvet sa\u011flayarak mekanik kolun \u00e7e\u015fitli i\u015flemlerinde y\u00fcksek verimlilik sa\u011flar.<\/li>\n<li>Hassas Kontrol: Hidrolik sistem sayesinde, kol silindiri hassas hareket kontrol\u00fc sa\u011flayarak ek aletlerin kullan\u0131m\u0131n\u0131 daha esnek ve hassas hale getirir.<\/li>\n<li>Y\u00fcksek Dayan\u0131kl\u0131l\u0131k: Kol silindirleri genellikle y\u00fcksek mukavemetli malzemelerden \u00fcretilir, iyi a\u015f\u0131nma ve korozyon direncine sahiptir ve zorlu ortamlarda uzun s\u00fcreli kullan\u0131m i\u00e7in uygundur.<\/li>\n<li>\u00c7ok Fonksiyonlu Uyarlanabilirlik: Bu silindirler, farkl\u0131 \u00e7al\u0131\u015fma ihtiya\u00e7lar\u0131na uyum sa\u011flamak i\u00e7in ekskavat\u00f6rler, vin\u00e7ler ve robot kollar\u0131 gibi \u00e7e\u015fitli mekanik ekipmanlarda yayg\u0131n olarak kullan\u0131labilir.<\/li>\n<li>Kolay Bak\u0131m: Tasar\u0131mda bak\u0131m ve de\u011fi\u015ftirme kolayl\u0131\u011f\u0131 g\u00f6z \u00f6n\u00fcnde bulundurularak d\u00fczenli denetim ve bak\u0131m daha rahat hale getirilir ve ekipman ar\u0131za s\u00fcreleri azalt\u0131l\u0131r.<\/li>\n<\/ul>\n<p>Biz bu \u00fcr\u00fcn\u00fc \u00fcretebiliyoruz ve \u00fcr\u00fcn\u00fcm\u00fcz bu hidrolik silindirlerin yerini m\u00fckemmel bir \u015fekilde alabiliyor.<\/p>\n<p><img decoding=\"async\" src=\"https:\/\/www.hydraulic-cylinders.net\/wp-content\/uploads\/2025\/01\/songte-oil-pipes-and-spare-parts.webp\" alt=\"Hidrolik Silindir Yedek Par\u00e7a G\u00f6rseli\"><\/p>\n<h3>Uygulamalar<\/h3>\n<p>Kol silindiri, a\u015fa\u011f\u0131dakiler gibi \u00e7e\u015fitli end\u00fcstri ve alanlarda yayg\u0131n olarak kullan\u0131lmaktad\u0131r:<\/p>\n<ul>\n<li>\u0130n\u015faat M\u00fchendisli\u011fi: Ekskavat\u00f6rlerde ve vin\u00e7lerde, kol silindiri, toprak i\u015fleri, malzeme ta\u015f\u0131ma ve yap\u0131 montaj\u0131 i\u00e7in kep\u00e7elerin veya bomlar\u0131n hareketini kontrol etmek amac\u0131yla kullan\u0131l\u0131r.<\/li>\n<li>\u00dcretim: Otomatik \u00fcretim hatlar\u0131nda, robot kollar\u0131n\u0131n hareket ettirilmesi, montaj, kaynak ve ta\u015f\u0131ma i\u015flemlerinde kullan\u0131lan kol silindiri, \u00fcretim verimlili\u011fini ve do\u011frulu\u011funu art\u0131r\u0131r.<\/li>\n<li>Tar\u0131m Makineleri: Bi\u00e7erd\u00f6ver ve ekim makinesi gibi tar\u0131m makinelerinde, kol silindiri, ekim, g\u00fcbreleme ve hasat gibi g\u00f6revleri yerine getirmek i\u00e7in \u00e7al\u0131\u015fma kolunun hareketini kontrol eder.<\/li>\n<li>Madencilik: Madencilik ekipmanlar\u0131nda, kol silindiri, maden cevherlerinin \u00e7\u0131kar\u0131lmas\u0131 ve ta\u015f\u0131nmas\u0131 i\u00e7in madencilik ekipman\u0131n\u0131n kolunu kontrol etmek amac\u0131yla kullan\u0131l\u0131r.<\/li>\n<li>Lojistik ve Ta\u015f\u0131mac\u0131l\u0131k: Forkliftlerde ve ta\u015f\u0131ma robotlar\u0131nda, malzeme ta\u015f\u0131ma ve istifleme i\u015flemlerini ger\u00e7ekle\u015ftirmek i\u00e7in \u00e7atallar\u0131n kald\u0131rma ve hareketini kontrol etmek amac\u0131yla kol silindiri kullan\u0131l\u0131r.<\/li>\n<\/ul>\n<h3>Tasar\u0131m Hususlar\u0131 ve Se\u00e7im Kriterleri<\/h3>\n<p>In terms of design considerations, the arm cylinder&#8217;s load bearing capacity, sealing, durability, safety, and maintainability are the key factors to be considered.<\/p>\n<ul>\n<li>Y\u00fck Ta\u015f\u0131ma Kapasitesi: Kol silindiri, \u00e7al\u0131\u015fma s\u0131ras\u0131nda kar\u015f\u0131la\u015faca\u011f\u0131 maksimum y\u00fcke dayanacak \u015fekilde tasarlanmal\u0131d\u0131r.<\/li>\n<li>S\u0131zd\u0131rmazl\u0131k: G\u00fcvenilir s\u0131zd\u0131rmazl\u0131k performans\u0131 sa\u011flamak ve ya\u011f s\u0131z\u0131nt\u0131s\u0131n\u0131 \u00f6nlemek i\u00e7in piston contalar\u0131 ve mil contalar\u0131 gibi \u00e7e\u015fitli s\u0131zd\u0131rmazl\u0131k bile\u015fenleri se\u00e7ilmelidir.<\/li>\n<li>Dayan\u0131kl\u0131l\u0131k: Kol silindiri, iyi a\u015f\u0131nma ve korozyon direnci sa\u011flamak ve zorlu ortamlarda uzun s\u00fcreli kullan\u0131m i\u00e7in y\u00fcksek mukavemetli malzemelerden yap\u0131lmal\u0131d\u0131r.<\/li>\n<li>G\u00fcvenlik: Kol silindiri, a\u015f\u0131r\u0131 y\u00fcklenme, darbe veya di\u011fer anormal ko\u015fullardan kaynaklanan kazalar\u0131 \u00f6nleyecek \u015fekilde tasarlanmal\u0131d\u0131r.<\/li>\n<li>Bak\u0131m Kolayl\u0131\u011f\u0131: Kol silindiri, hasarl\u0131 par\u00e7alar\u0131n kolayca bak\u0131m\u0131 ve de\u011fi\u015ftirilmesi i\u00e7in tasarlanmal\u0131, b\u00f6ylece ekipman ar\u0131za s\u00fcresi azalt\u0131lmal\u0131d\u0131r.<\/li>\n<\/ul>\n<p><img decoding=\"async\" src=\"https:\/\/www.hydraulic-cylinders.net\/wp-content\/uploads\/2025\/01\/songte-cylinder-head-with-all-kinds-excavator-models.webp\" alt=\"Silindir Kapa\u011f\u0131 G\u00f6r\u00fcnt\u00fcs\u00fc\"><\/p>\n<h3>S\u0131zd\u0131rmazl\u0131k ve Ya\u011flama<\/h3>\n<p>Kol silindiri, g\u00fcvenilir s\u0131zd\u0131rmazl\u0131k performans\u0131 sa\u011flamak ve ya\u011f s\u0131z\u0131nt\u0131s\u0131n\u0131 \u00f6nlemek i\u00e7in piston contalar\u0131 ve mil contalar\u0131 gibi \u00e7e\u015fitli s\u0131zd\u0131rmazl\u0131k bile\u015fenleri kullan\u0131r. Bu bile\u015fenler, poli\u00fcretan ve nitril kau\u00e7uk gibi a\u015f\u0131nmaya dayan\u0131kl\u0131 malzemelerden yap\u0131lm\u0131\u015ft\u0131r. Silindir g\u00f6vdesi ve di\u015fli u\u00e7 y\u00fczeyi, a\u015f\u0131nma direncini art\u0131rmak i\u00e7in ince bir \u015fekilde i\u015flenmi\u015ftir. Ya\u011flama i\u00e7in uygun hidrolik ya\u011f\u0131n d\u00fczenli olarak eklenmesi gereklidir.<\/p>\n<h3>Bak\u0131m ve Sorun Giderme<\/h3>\n<p>Kol silindirinin g\u00fcvenli ve g\u00fcvenilir \u00e7al\u0131\u015fmas\u0131n\u0131 sa\u011flamak i\u00e7in d\u00fczenli kontrol ve \u00f6nleyici bak\u0131m \u00f6nemlidir. Sorunlar ortaya \u00e7\u0131kt\u0131\u011f\u0131nda, ar\u0131za s\u00fcresini en aza indirmek i\u00e7in zaman\u0131nda sorun giderme ve onar\u0131m \u00f6nlemleri gereklidir. Baz\u0131 yayg\u0131n sorunlar ve \u00e7\u00f6z\u00fcmleri \u015funlard\u0131r:<\/p>\n<ul>\n<li>Ya\u011f Ka\u00e7a\u011f\u0131: Ya\u011f ka\u00e7a\u011f\u0131n\u0131 \u00f6nlemek i\u00e7in hasarl\u0131 s\u0131zd\u0131rmazl\u0131k par\u00e7alar\u0131n\u0131 de\u011fi\u015ftirin veya gev\u015fek ba\u011flant\u0131lar\u0131 s\u0131k\u0131n.<\/li>\n<li>D\u00fc\u015f\u00fck Performans: Hidrolik ya\u011f seviyesini ve kalitesini kontrol edin, filtre eleman\u0131n\u0131 temizleyin veya de\u011fi\u015ftirin ve normal \u00e7al\u0131\u015fmay\u0131 sa\u011flamak i\u00e7in bas\u0131nc\u0131 ayarlay\u0131n.<\/li>\n<li>Hasar veya Deformasyon: Di\u011fer par\u00e7alara zarar gelmesini \u00f6nlemek ve g\u00fcvenli \u00e7al\u0131\u015fmay\u0131 sa\u011flamak i\u00e7in hasarl\u0131 veya deforme olmu\u015f par\u00e7alar\u0131 zaman\u0131nda de\u011fi\u015ftirin.<\/li>\n<\/ul>\n<p><img decoding=\"async\" src=\"https:\/\/www.hydraulic-cylinders.net\/wp-content\/uploads\/2025\/01\/songte-chushion-collar.webp\" alt=\"Yast\u0131k Yaka G\u00f6rseli\"><\/p>\n<h3>Kurulum K\u0131lavuzu<\/h3>\n<p>The installation of the arm cylinder should follow the manufacturer&#8217;s instructions and be carried out by trained professionals. The installation process includes checking the installation position and angle, tightening the connection bolts, and connecting the hydraulic hoses and fittings. After installation, check for leaks and perform a pressure test to ensure proper operation.<\/p>\n<h3>Hakk\u0131m\u0131zda<\/h3>\n<p>We are a professional manufacturer of hydraulic cylinders with a wide range of products and have become one of the leading hydraulic cylinder manufacturers and wholesale distributors in domestic and international markets. We always adhere to the principle of excellent quality, rely on the industrialized production management strategy of the sophisticated manufacturing workshop, continuously improve our technical level and production efficiency. Through the introduction of high-end digital manufacturing equipment and professional testing systems, we continuously optimize the manufacturing platform, improve the product quality control process, and have strong innovation ability. Our goal is to meet customers&#8217; diversified needs with high efficiency, accuracy, and high quality.<\/p>\n<h3>Uzmanl\u0131k Alanlar\u0131m\u0131z<\/h3>\n<ul>\n<li>Profesyonellik: Ekibimiz, profesyonel ve kapsaml\u0131 hizmetler sunan deneyimli m\u00fchendisler, teknisyenler ve sat\u0131\u015f temsilcilerinden olu\u015fmaktad\u0131r.<\/li>\n<li>Uluslararas\u0131 Sertifikalar: \u00dcr\u00fcnlerimiz ISO9001, CE ve RoHS gibi \u00e7e\u015fitli uluslararas\u0131 sertifikalardan ge\u00e7mi\u015ftir.<\/li>\n<li>Customization Services: We provide customized hydraulic cylinder solutions to meet customers&#8217; specific needs and requirements.<\/li>\n<li>\u00dcretim Ekipmanlar\u0131: Y\u00fcksek verimlilik ve hassasiyet sa\u011flamak i\u00e7in CNC i\u015fleme merkezleri, otomatik kaynak makineleri ve test ekipmanlar\u0131 gibi geli\u015fmi\u015f \u00fcretim ekipmanlar\u0131na sahibiz.<\/li>\n<li>Sat\u0131\u015f Sonras\u0131 Hizmet: Teknik destek, bak\u0131m ve onar\u0131m dahil olmak \u00fczere zaman\u0131nda ve etkili sat\u0131\u015f sonras\u0131 hizmet sunuyoruz.<\/li>\n<\/ul>\n<p><img decoding=\"async\" src=\"https:\/\/www.hydraulic-cylinders.net\/wp-content\/uploads\/2025\/01\/songte-company-4.webp\" alt=\"\u015eirket G\u00f6rseli 1\"><br \/>\n<img decoding=\"async\" src=\"https:\/\/www.hydraulic-cylinders.net\/wp-content\/uploads\/2025\/01\/songte-company-3.webp\" alt=\"\u015eirket G\u00f6rseli 2\"><\/p>\n<p>Yazar: lyl.<\/p>","protected":false},"excerpt":{"rendered":"<p>Arm Cylinder For Kato Small Excavator HD820-3 Introduction The arm cylinder is a specially designed hydraulic cylinder that is primarily used to provide linear motion and power for the arms of various types of machinery, such as excavators, cranes, and robotic arms. The arm cylinder plays a crucial role in the hydraulic system, allowing for [&hellip;]<\/p>","protected":false},"featured_media":14774,"comment_status":"open","ping_status":"closed","template":"","meta":{"_et_pb_use_builder":"","_et_pb_old_content":"","_et_gb_content_width":""},"product_brand":[],"product_cat":[1497],"product_tag":[1498,1496],"class_list":{"0":"post-16942","1":"product","2":"type-product","3":"status-publish","4":"has-post-thumbnail","6":"product_cat-arm-cylinders","7":"product_tag-arm-cylinders","8":"product_tag-hydraulic-cylinders","10":"first","11":"instock","12":"shipping-taxable","13":"product-type-simple"},"amp_enabled":true,"_links":{"self":[{"href":"https:\/\/www.hydraulic-cylinders.net\/tr\/wp-json\/wp\/v2\/product\/16942","targetHints":{"allow":["GET"]}}],"collection":[{"href":"https:\/\/www.hydraulic-cylinders.net\/tr\/wp-json\/wp\/v2\/product"}],"about":[{"href":"https:\/\/www.hydraulic-cylinders.net\/tr\/wp-json\/wp\/v2\/types\/product"}],"replies":[{"embeddable":true,"href":"https:\/\/www.hydraulic-cylinders.net\/tr\/wp-json\/wp\/v2\/comments?post=16942"}],"wp:featuredmedia":[{"embeddable":true,"href":"https:\/\/www.hydraulic-cylinders.net\/tr\/wp-json\/wp\/v2\/media\/14774"}],"wp:attachment":[{"href":"https:\/\/www.hydraulic-cylinders.net\/tr\/wp-json\/wp\/v2\/media?parent=16942"}],"wp:term":[{"taxonomy":"product_brand","embeddable":true,"href":"https:\/\/www.hydraulic-cylinders.net\/tr\/wp-json\/wp\/v2\/product_brand?post=16942"},{"taxonomy":"product_cat","embeddable":true,"href":"https:\/\/www.hydraulic-cylinders.net\/tr\/wp-json\/wp\/v2\/product_cat?post=16942"},{"taxonomy":"product_tag","embeddable":true,"href":"https:\/\/www.hydraulic-cylinders.net\/tr\/wp-json\/wp\/v2\/product_tag?post=16942"}],"curies":[{"name":"wp","href":"https:\/\/api.w.org\/{rel}","templated":true}]}}