{"id":16943,"date":"2025-01-21T06:14:33","date_gmt":"2025-01-21T06:14:33","guid":{"rendered":"https:\/\/www.hydraulic-cylinders.net\/product\/arm-cylinder-for-kato-small-excavator-hd900-5-7\/"},"modified":"2025-01-21T06:14:35","modified_gmt":"2025-01-21T06:14:35","slug":"arm-cylinder-for-kato-small-excavator-hd900-5-7","status":"publish","type":"product","link":"https:\/\/www.hydraulic-cylinders.net\/tr\/urun\/arm-cylinder-for-kato-small-excavator-hd900-5-7\/","title":{"rendered":"Kato HD900-5-7 K\u00fc\u00e7\u00fck Ekskavat\u00f6r \u0130\u00e7in Kol Silindiri"},"content":{"rendered":"<p>Kato HD900-5-7 K\u00fc\u00e7\u00fck Ekskavat\u00f6r \u0130\u00e7in Kol Silindiri<\/p>\n<p>Kol silindiri, ekskavat\u00f6rler, vin\u00e7ler ve manip\u00fclat\u00f6rler gibi \u00e7e\u015fitli makinelerin koluna do\u011frusal hareket ve g\u00fc\u00e7 sa\u011flayan \u00f6zel olarak tasarlanm\u0131\u015f bir hidrolik silindirdir. Kol silindirleri, hidrolik sistemlerde hayati bir rol oynayarak ek aletlerin veya ata\u015fmanlar\u0131n etkili hareketini ve kontrol\u00fcn\u00fc sa\u011flar. Bu silindirler sadece d\u00fczg\u00fcn hareket sa\u011flamakla kalmaz, ayn\u0131 zamanda a\u011f\u0131r y\u00fckleri de ta\u015f\u0131yarak \u00e7e\u015fitli \u00e7al\u0131\u015fma ko\u015fullar\u0131 alt\u0131nda makinelerin verimli \u00e7al\u0131\u015fmas\u0131n\u0131 ve g\u00fcvenilirli\u011fini garanti eder.<\/p>\n<p><img decoding=\"async\" src=\"https:\/\/www.hydraulic-cylinders.net\/wp-content\/uploads\/2025\/01\/songte-company-2.webp\"><\/p>\n<p>Kol Silindirinin \u00d6zellikleri:<\/p>\n<p>1. Y\u00fcksek Verimli Aktar\u0131m: Kol silindiri, g\u00fc\u00e7l\u00fc do\u011frusal hareket ve kuvvet sa\u011flayarak, \u00e7e\u015fitli i\u015flemler s\u0131ras\u0131nda makine kollar\u0131n\u0131n y\u00fcksek verimlilikte performans g\u00f6stermesini garanti eder.<\/p>\n<p>2. Hassas Kontrol: Hidrolik sistem sayesinde, kol silindirleri hassas hareket kontrol\u00fc sa\u011flayarak ek aletlerin \u00e7al\u0131\u015fmas\u0131n\u0131 daha esnek ve do\u011fru hale getirir.<\/p>\n<p>3. Y\u00fcksek Dayan\u0131kl\u0131l\u0131k: Kol silindirleri genellikle y\u00fcksek mukavemetli malzemelerden \u00fcretilir, iyi a\u015f\u0131nma ve korozyon direncine sahiptir ve zorlu ortamlarda uzun s\u00fcreli kullan\u0131m i\u00e7in uygundur.<\/p>\n<p>4. \u00c7ok Y\u00f6nl\u00fc Uyarlanabilirlik: Bu silindirler, farkl\u0131 \u00e7al\u0131\u015fma gereksinimlerini kar\u015f\u0131lamak \u00fczere ekskavat\u00f6rler, vin\u00e7ler ve manip\u00fclat\u00f6rler gibi \u00e7e\u015fitli mekanik ekipmanlarda yayg\u0131n olarak kullan\u0131labilir.<\/p>\n<p>5. Kolay Bak\u0131m: Tasar\u0131m, bak\u0131m ve de\u011fi\u015ftirme kolayl\u0131\u011f\u0131n\u0131 g\u00f6z \u00f6n\u00fcnde bulundurarak d\u00fczenli inceleme ve bak\u0131m\u0131 daha kolay hale getirir ve ekipman ar\u0131za s\u00fcresini azalt\u0131r.<\/p>\n<p>\u00dcr\u00fcn\u00fcm\u00fcz bu hidrolik silindirlerin yerine m\u00fckemmel bir \u015fekilde ge\u00e7ebilmektedir.<\/p>\n<p><img decoding=\"async\" src=\"https:\/\/www.hydraulic-cylinders.net\/wp-content\/uploads\/2025\/01\/songte-oil-pipes-and-spare-parts.webp\"><\/p>\n<p>Kol Silindirinin Uygulamas\u0131:<\/p>\n<p>1. \u0130n\u015faat M\u00fchendisli\u011fi: Ekskavat\u00f6rlerde ve vin\u00e7lerde, kol silindirleri, toprak i\u015fleri, malzeme ta\u015f\u0131ma ve yap\u0131 kurulumu i\u015flemlerini ger\u00e7ekle\u015ftirmek i\u00e7in kep\u00e7elerin veya bomlar\u0131n hareketini kontrol etmek amac\u0131yla kullan\u0131l\u0131r.<\/p>\n<p>2. \u0130malat Sanayi: Otomatik \u00fcretim hatlar\u0131nda, montaj, kaynak ve ta\u015f\u0131ma gibi i\u015flemlerde \u00fcretim verimlili\u011fini ve do\u011frulu\u011funu art\u0131rmak i\u00e7in manip\u00fclat\u00f6rlerin hareket ettirilmesinde kol silindirleri kullan\u0131l\u0131r.<\/p>\n<p>3. Tar\u0131m Makineleri: Bi\u00e7erd\u00f6ver ve tohum ekme makinesi gibi tar\u0131m makinelerinde, kol silindirleri, ekim, g\u00fcbreleme ve hasat gibi g\u00f6revleri yerine getiren \u00e7al\u0131\u015fma kolunun hareketini kontrol eder.<\/p>\n<p>4. Madencilik: Madencilik ekipmanlar\u0131nda, kol silindirleri madencilik ekipman\u0131n\u0131n kolunun hareketini kontrol etmek, maden \u00e7\u0131karma ve cevher ta\u015f\u0131ma i\u015flemlerini ger\u00e7ekle\u015ftirmek i\u00e7in kullan\u0131l\u0131r.<\/p>\n<p>5. Lojistik ve Ta\u015f\u0131mac\u0131l\u0131k: Forkliftlerde ve ta\u015f\u0131ma robotlar\u0131nda, malzeme ta\u015f\u0131ma ve istifleme i\u015flemlerini ger\u00e7ekle\u015ftirmek i\u00e7in \u00e7atallar\u0131n kald\u0131r\u0131lmas\u0131n\u0131 ve hareketini kontrol etmek amac\u0131yla kol silindirleri kullan\u0131l\u0131r.<\/p>\n<p>Kol Silindiri i\u00e7in Tasar\u0131m Hususlar\u0131 ve Se\u00e7im Kriterleri:<\/p>\n<p>1. Ta\u015f\u0131ma Kapasitesi: Kol silindirinin tasar\u0131m\u0131nda, silindirin ta\u015f\u0131yabilece\u011fi maksimum y\u00fck\u00fc belirleyen ta\u015f\u0131ma kapasitesi dikkate al\u0131n\u0131r.<\/p>\n<p>2. S\u0131zd\u0131rmazl\u0131k: Silindirde, poli\u00fcretan ve nitril kau\u00e7uk gibi a\u015f\u0131nmaya dayan\u0131kl\u0131 malzemelerden yap\u0131lm\u0131\u015f piston contalar\u0131 ve mil contalar\u0131 gibi \u00e7e\u015fitli s\u0131zd\u0131rmazl\u0131k elemanlar\u0131 kullan\u0131l\u0131r.<\/p>\n<p>3. Dayan\u0131kl\u0131l\u0131k: Silindir g\u00f6vdesi ve di\u015fli u\u00e7 y\u00fczeyi a\u015f\u0131nma direncini art\u0131rmak i\u00e7in ince bir \u015fekilde i\u015flenmi\u015ftir ve silindir genellikle dayan\u0131kl\u0131l\u0131\u011f\u0131 sa\u011flamak i\u00e7in y\u00fcksek mukavemetli malzemelerden yap\u0131lm\u0131\u015ft\u0131r.<\/p>\n<p>4. G\u00fcvenlik: Kol silindirinin tasar\u0131m\u0131, darbeden kaynaklanan hasar\u0131 \u00f6nlemek i\u00e7in tamponlama cihazlar\u0131n\u0131n kullan\u0131m\u0131 gibi \u00e7al\u0131\u015fma g\u00fcvenli\u011fini dikkate al\u0131r.<\/p>\n<p>5. Bak\u0131m: Kol silindirinin tasar\u0131m\u0131, silindir ba\u015fl\u0131\u011f\u0131na ve pistona kolay eri\u015fim sa\u011flayarak, bile\u015fenlerinin bak\u0131m\u0131n\u0131 ve de\u011fi\u015ftirilmesini dikkate almaktad\u0131r.<\/p>\n<p><img decoding=\"async\" src=\"https:\/\/www.hydraulic-cylinders.net\/wp-content\/uploads\/2025\/01\/songte-cylinder-head-with-all-kinds-excavator-models.webp\"><\/p>\n<p>Kol Silindirinin S\u0131zd\u0131rmazl\u0131\u011f\u0131 ve Ya\u011flanmas\u0131:<\/p>\n<p>Kol silindirlerinde, poli\u00fcretan ve nitril kau\u00e7uk gibi a\u015f\u0131nmaya dayan\u0131kl\u0131 malzemelerden yap\u0131lm\u0131\u015f piston contalar\u0131 ve mil contalar\u0131 gibi \u00e7e\u015fitli s\u0131zd\u0131rmazl\u0131k elemanlar\u0131 kullan\u0131l\u0131r. Silindir g\u00f6vdesi ve di\u015fli u\u00e7 y\u00fczeyi, a\u015f\u0131nma direncini art\u0131rmak i\u00e7in ince bir \u015fekilde i\u015flenmi\u015ftir. Silindirin sorunsuz \u00e7al\u0131\u015fmas\u0131n\u0131 sa\u011flamak i\u00e7in d\u00fczenli olarak hidrolik ya\u011f ilavesi gereklidir.<\/p>\n<p>D\u00fczenli Muayene ve \u00d6nleyici Bak\u0131m \u00d6nlemleri:<\/p>\n<p>Silindirin d\u00fczenli olarak kontrol edilmesi, potansiyel sorunlar\u0131n tespit edilmesine ve daha ciddi sorunlara d\u00f6n\u00fc\u015fmesinin \u00f6nlenmesine yard\u0131mc\u0131 olabilir. Kol silindirinde meydana gelebilecek yayg\u0131n sorunlardan baz\u0131lar\u0131 silindir s\u0131z\u0131nt\u0131s\u0131 ve mil contas\u0131n\u0131n hasar g\u00f6rmesidir. D\u00fczenli bak\u0131m ve contalar\u0131n de\u011fi\u015ftirilmesi bu sorunlar\u0131n \u00f6nlenmesine yard\u0131mc\u0131 olabilir.<\/p>\n<p>Kol Silindiri Montaj K\u0131lavuzu:<\/p>\n<p>1. Hidrolik sistemin kapat\u0131ld\u0131\u011f\u0131ndan ve bas\u0131nc\u0131n bo\u015falt\u0131ld\u0131\u011f\u0131ndan emin olun.<\/p>\n<p>2. Silindiri, \u00fcretici taraf\u0131ndan sa\u011flanan kurulum talimatlar\u0131na g\u00f6re tak\u0131n.<\/p>\n<p>3. Hidrolik borular\u0131, borular \u00fczerindeki i\u015faretlere g\u00f6re ba\u011flay\u0131n.<\/p>\n<p>4. Silindirde s\u0131z\u0131nt\u0131 olup olmad\u0131\u011f\u0131n\u0131 kontrol edin ve d\u00fczg\u00fcn \u00e7al\u0131\u015ft\u0131\u011f\u0131ndan emin olun.<\/p>\n<p><img decoding=\"async\" src=\"https:\/\/www.hydraulic-cylinders.net\/wp-content\/uploads\/2025\/01\/songte-bushings-with-all-kinds-of-excavator-models.webp\"><\/p>\n<p>Kol Silindirinin G\u00fcvenlik Hususlar\u0131 ve \u00c7evresel Fakt\u00f6rleri:<\/p>\n<p>Kol silindirinin \u00e7al\u0131\u015ft\u0131r\u0131lmas\u0131, kazalar\u0131 \u00f6nlemek i\u00e7in s\u0131k\u0131 g\u00fcvenlik \u00f6nlemleri gerektirir. Operat\u00f6rler, makineyi g\u00fcvenli ve etkili bir \u015fekilde kullanmak \u00fczere e\u011fitilmelidir. Hidrolik sistemin d\u00fczg\u00fcn \u00e7al\u0131\u015fmas\u0131n\u0131 sa\u011flamak i\u00e7in \u00e7al\u0131\u015fma s\u0131ras\u0131nda s\u0131cakl\u0131k ve nem gibi \u00e7evresel fakt\u00f6rler de dikkate al\u0131nmal\u0131d\u0131r.<\/p>\n<p>Kol Silindirinin Ar\u0131za Giderme ve S\u0131k Kar\u015f\u0131la\u015f\u0131lan Sorunlar\u0131:<\/p>\n<p>Kol silindirinde s\u0131k kar\u015f\u0131la\u015f\u0131lan sorunlar aras\u0131nda silindir s\u0131z\u0131nt\u0131s\u0131, mil contas\u0131n\u0131n hasar g\u00f6rmesi ve \u00e7al\u0131\u015fma s\u0131ras\u0131nda anormal sesler yer al\u0131r. Bu sorunlar\u0131 gidermek i\u00e7in silindiri hasar a\u00e7\u0131s\u0131ndan inceleyin ve gerekti\u011finde contalar\u0131 veya di\u011fer bile\u015fenleri de\u011fi\u015ftirin. D\u00fczenli bak\u0131m ve inceleme, bu sorunlar\u0131n olu\u015fmas\u0131n\u0131 \u00f6nlemeye yard\u0131mc\u0131 olabilir.<\/p>\n<p><img decoding=\"async\" src=\"https:\/\/www.hydraulic-cylinders.net\/wp-content\/uploads\/2025\/01\/songte-chushion-collar.webp\"><\/p>\n<p>Geni\u015f \u00fcr\u00fcn yelpazesiyle profesyonel bir yedek hidrolik silindir \u00fcreticisiyiz ve hem yurt i\u00e7i hem de yurt d\u0131\u015f\u0131 pazarlarda \u00f6nde gelen hidrolik silindir \u00fcreticilerinden ve toptanc\u0131lar\u0131ndan biri haline geldik. Her zaman m\u00fckemmel kalite ilkesine ba\u011fl\u0131 kalarak, ince i\u015f\u00e7ilik at\u00f6lyesinin end\u00fcstriyel \u00fcretim y\u00f6netim stratejisine dayanarak teknik seviyemizi ve \u00fcretim verimlili\u011fimizi s\u00fcrekli olarak geli\u015ftiriyoruz. Y\u00fcksek teknoloji \u00fcr\u00fcn\u00fc dijital \u00fcretim ekipmanlar\u0131 ve profesyonel denetim sistemlerinin \ub3c4\uc785u sayesinde, \u00fcretim platformumuzu s\u00fcrekli olarak optimize ediyor, \u00fcr\u00fcn kalite kontrol s\u00fcrecimizi iyile\u015ftiriyor ve g\u00fc\u00e7l\u00fc inovasyon yeteneklerine sahibiz. Amac\u0131m\u0131z, m\u00fc\u015fterilerimizin \u00e7e\u015fitli ihtiya\u00e7lar\u0131n\u0131 verimlilik, do\u011fruluk ve y\u00fcksek kalite ile kar\u015f\u0131lamakt\u0131r.<\/p>\n<p>Profesyonel hizmetler, uluslararas\u0131 sertifikasyon, \u00f6zelle\u015ftirilmi\u015f hizmetler, \u00fcretim ekipmanlar\u0131 ve sat\u0131\u015f sonras\u0131 hizmetler sunuyoruz. <\/p>\n<p><img decoding=\"async\" src=\"https:\/\/www.hydraulic-cylinders.net\/wp-content\/uploads\/2025\/01\/songte-company-4.webp\"> <img decoding=\"async\" src=\"https:\/\/www.hydraulic-cylinders.net\/wp-content\/uploads\/2025\/01\/songte-company-3.webp\"><\/p>\n<p>Yazar: lyl<\/p>","protected":false},"excerpt":{"rendered":"<p>Arm Cylinder For Kato Small Excavator HD900-5-7 Arm cylinder is a specifically designed hydraulic cylinder that provides linear motion and power to the arm of various types of machinery, such as excavators, cranes, and manipulators. Arm cylinders play a crucial role in hydraulic systems, allowing for effective movement and control of additional tools or attachments. [&hellip;]<\/p>","protected":false},"featured_media":14772,"comment_status":"open","ping_status":"closed","template":"","meta":{"_et_pb_use_builder":"","_et_pb_old_content":"","_et_gb_content_width":""},"product_brand":[],"product_cat":[1497],"product_tag":[1498,1496],"class_list":{"0":"post-16943","1":"product","2":"type-product","3":"status-publish","4":"has-post-thumbnail","6":"product_cat-arm-cylinders","7":"product_tag-arm-cylinders","8":"product_tag-hydraulic-cylinders","10":"first","11":"instock","12":"shipping-taxable","13":"product-type-simple"},"amp_enabled":true,"_links":{"self":[{"href":"https:\/\/www.hydraulic-cylinders.net\/tr\/wp-json\/wp\/v2\/product\/16943","targetHints":{"allow":["GET"]}}],"collection":[{"href":"https:\/\/www.hydraulic-cylinders.net\/tr\/wp-json\/wp\/v2\/product"}],"about":[{"href":"https:\/\/www.hydraulic-cylinders.net\/tr\/wp-json\/wp\/v2\/types\/product"}],"replies":[{"embeddable":true,"href":"https:\/\/www.hydraulic-cylinders.net\/tr\/wp-json\/wp\/v2\/comments?post=16943"}],"wp:featuredmedia":[{"embeddable":true,"href":"https:\/\/www.hydraulic-cylinders.net\/tr\/wp-json\/wp\/v2\/media\/14772"}],"wp:attachment":[{"href":"https:\/\/www.hydraulic-cylinders.net\/tr\/wp-json\/wp\/v2\/media?parent=16943"}],"wp:term":[{"taxonomy":"product_brand","embeddable":true,"href":"https:\/\/www.hydraulic-cylinders.net\/tr\/wp-json\/wp\/v2\/product_brand?post=16943"},{"taxonomy":"product_cat","embeddable":true,"href":"https:\/\/www.hydraulic-cylinders.net\/tr\/wp-json\/wp\/v2\/product_cat?post=16943"},{"taxonomy":"product_tag","embeddable":true,"href":"https:\/\/www.hydraulic-cylinders.net\/tr\/wp-json\/wp\/v2\/product_tag?post=16943"}],"curies":[{"name":"wp","href":"https:\/\/api.w.org\/{rel}","templated":true}]}}