{"id":16947,"date":"2025-01-21T06:14:49","date_gmt":"2025-01-21T06:14:49","guid":{"rendered":"https:\/\/www.hydraulic-cylinders.net\/product\/arm-cylinder-for-kato-small-excavator-hd700-2-5-7\/"},"modified":"2025-01-21T06:14:51","modified_gmt":"2025-01-21T06:14:51","slug":"arm-cylinder-for-kato-small-excavator-hd700-2-5-7","status":"publish","type":"product","link":"https:\/\/www.hydraulic-cylinders.net\/tr\/urun\/arm-cylinder-for-kato-small-excavator-hd700-2-5-7\/","title":{"rendered":"Kato K\u00fc\u00e7\u00fck Ekskavat\u00f6r HD700-2-5-7 i\u00e7in Kol Silindiri"},"content":{"rendered":"<p><!DOCTYPE html><br \/>\n<html><br \/>\n<head><br \/>\n<title>Kato K\u00fc\u00e7\u00fck Ekskavat\u00f6r HD700-2-5-7 i\u00e7in Kol Silindiri<\/title><br \/>\n<\/head><br \/>\n<body><\/p>\n<h1>Kato K\u00fc\u00e7\u00fck Ekskavat\u00f6r HD700-2-5-7 i\u00e7in Kol Silindiri<\/h1>\n<h2>Tan\u0131m ve A\u00e7\u0131klama<\/h2>\n<p>Kol silindiri, ekskavat\u00f6rler, vin\u00e7ler ve robotik kollar gibi \u00e7e\u015fitli makinelerin kollar\u0131na do\u011frusal hareket ve g\u00fc\u00e7 sa\u011flayan \u00f6zel olarak tasarlanm\u0131\u015f bir hidrolik silindirdir. Kol silindiri, hidrolik sistemlerde \u00f6nemli bir rol oynar ve ek alet veya ata\u015fmanlar\u0131n verimli bir \u015fekilde hareket ettirilmesini ve kontrol edilmesini sa\u011flar. Bu silindirler, yaln\u0131zca d\u00fczg\u00fcn hareket sa\u011flamakla kalmaz, ayn\u0131 zamanda a\u011f\u0131r y\u00fcklere de dayanarak, \u00e7e\u015fitli \u00e7al\u0131\u015fma ko\u015fullar\u0131nda makinelerin verimli ve g\u00fcvenilir \u00e7al\u0131\u015fmas\u0131n\u0131 sa\u011flar.<\/p>\n<p><img decoding=\"async\" src=\"https:\/\/www.hydraulic-cylinders.net\/wp-content\/uploads\/2025\/01\/songte-company-2.webp\" alt=\"Kol Silindiri G\u00f6r\u00fcnt\u00fcs\u00fc\"><\/p>\n<h2>\u00d6zellikler<\/h2>\n<ul>\n<li>\n<h3>Y\u00fcksek Verimli \u015eanz\u0131man<\/h3>\n<p>Kol silindiri g\u00fc\u00e7l\u00fc do\u011frusal hareket ve kuvvet sa\u011flayarak robot kolunun \u00e7e\u015fitli operasyonlarda y\u00fcksek performans g\u00f6stermesini sa\u011flar.<\/p>\n<\/li>\n<li>\n<h3>Hassas Kontrol<\/h3>\n<p>Hidrolik sistem sayesinde kol silindiri hassas hareket kontrol\u00fc sa\u011flayarak, ba\u011fl\u0131 aletin \u00e7al\u0131\u015fmas\u0131n\u0131 daha esnek ve hassas hale getirir.<\/p>\n<\/li>\n<li>\n<h3>Dayan\u0131kl\u0131l\u0131k<\/h3>\n<p>Kol silindiri genellikle y\u00fcksek mukavemetli malzemelerden yap\u0131l\u0131r, m\u00fckemmel a\u015f\u0131nma ve korozyon direnci sunar ve bu da onu zorlu ortamlarda uzun s\u00fcreli kullan\u0131ma uygun hale getirir.<\/p>\n<\/li>\n<li>\n<h3>\u00c7ok \u0130\u015flevli Uyarlanabilirlik<\/h3>\n<p>Bu silindirler, ekskavat\u00f6rler, vin\u00e7ler ve robotik kollar gibi \u00e7e\u015fitli tipteki makinelerde farkl\u0131 operasyonel ihtiya\u00e7lar\u0131 kar\u015f\u0131lamak i\u00e7in yayg\u0131n olarak kullan\u0131labilir.<\/p>\n<\/li>\n<li>\n<h3>Kolay Bak\u0131m<\/h3>\n<p>Kol silindirinin tasar\u0131m\u0131, bak\u0131m ve de\u011fi\u015ftirme kolayl\u0131\u011f\u0131n\u0131 g\u00f6z \u00f6n\u00fcnde bulundurarak d\u00fczenli muayene ve bak\u0131m\u0131 daha rahat hale getirir ve ekipman ar\u0131za s\u00fcresini azalt\u0131r.<\/p>\n<\/li>\n<\/ul>\n<p><img decoding=\"async\" src=\"https:\/\/www.hydraulic-cylinders.net\/wp-content\/uploads\/2025\/01\/songte-oil-pipes-and-spare-parts.webp\" alt=\"\u00dcr\u00fcn G\u00f6rseli\"><\/p>\n<h2>Uygulamalar<\/h2>\n<ul>\n<li>\n<h3>\u0130n\u015faat M\u00fchendisli\u011fi<\/h3>\n<p>Ekskavat\u00f6rlerde ve vin\u00e7lerde kol silindiri, toprak i\u015fleri, malzeme ta\u015f\u0131ma ve yap\u0131sal montaj i\u00e7in kovalar\u0131n veya bomlar\u0131n hareketini kontrol etmek i\u00e7in kullan\u0131l\u0131r.<\/p>\n<\/li>\n<li>\n<h3>\u00dcretim Sanayi<\/h3>\n<p>Otomasyonlu \u00fcretim hatlar\u0131nda, kol silindiri, montaj, kaynak ve malzeme ta\u015f\u0131ma gibi i\u015flemlerde robot kollar\u0131n\u0131n hareketini sa\u011flamak i\u00e7in kullan\u0131l\u0131r, b\u00f6ylece \u00fcretim verimlili\u011fi ve hassasiyeti art\u0131r\u0131l\u0131r.<\/p>\n<\/li>\n<li>\n<h3>Tar\u0131m Makinalar\u0131<\/h3>\n<p>Bi\u00e7erd\u00f6ver ve ekim makineleri gibi tar\u0131msal ekipmanlarda kol silindiri, ekim, g\u00fcbreleme ve hasat gibi g\u00f6revlerde \u00e7al\u0131\u015fan kollar\u0131n hareketini kontrol eder.<\/p>\n<\/li>\n<li>\n<h3>Madencilik<\/h3>\n<p>Madencilik ekipmanlar\u0131nda kol silindiri, cevher \u00e7\u0131karma ve ta\u015f\u0131ma i\u00e7in madencilik makinelerinin kol hareketini kontrol etmek i\u00e7in kullan\u0131l\u0131r.<\/p>\n<\/li>\n<li>\n<h3>Lojistik ve Ta\u015f\u0131mac\u0131l\u0131k<\/h3>\n<p>Forkliftlerde ve ta\u015f\u0131ma robotlar\u0131nda, kol silindiri \u00e7atallar\u0131n kald\u0131r\u0131lmas\u0131n\u0131 ve hareketini kontrol etmek, malzeme ta\u015f\u0131ma ve istiflemeyi sa\u011flamak i\u00e7in kullan\u0131l\u0131r.<\/p>\n<\/li>\n<\/ul>\n<h2>Tasar\u0131m Hususlar\u0131 ve Se\u00e7im Kriterleri<\/h2>\n<ul>\n<li>\n<h3>Ta\u015f\u0131ma Kapasitesi<\/h3>\n<p>Kol silindirinin ta\u015f\u0131ma kapasitesi, ama\u00e7lanan y\u00fckleri g\u00fcvenli ve verimli bir \u015fekilde ta\u015f\u0131yabilmesini sa\u011flayan \u00f6nemli bir tasar\u0131m hususudur.<\/p>\n<\/li>\n<li>\n<h3>S\u0131zd\u0131rmazl\u0131k<\/h3>\n<p>Kol silindirinde piston contalar\u0131 ve piston kolu contalar\u0131 gibi \u00e7e\u015fitli s\u0131zd\u0131rmazl\u0131k elemanlar\u0131 kullan\u0131l\u0131r. Bu contalar, poli\u00fcretan ve nitril kau\u00e7uk gibi a\u015f\u0131nmaya dayan\u0131kl\u0131 malzemelerden \u00fcretilir. Silindir g\u00f6vdesi ve di\u015fli u\u00e7 y\u00fczeyleri, a\u015f\u0131nma direncini art\u0131rmak i\u00e7in hassas bir i\u015flemden ge\u00e7irilir. D\u00fczg\u00fcn ya\u011flama sa\u011flamak i\u00e7in hidrolik ya\u011f ile d\u00fczenli ya\u011flama gereklidir.<\/p>\n<\/li>\n<\/ul>\n<p><img decoding=\"async\" src=\"https:\/\/www.hydraulic-cylinders.net\/wp-content\/uploads\/2025\/01\/songte-cylinder-head-with-all-kinds-excavator-models.webp\" alt=\"\u00dcr\u00fcn G\u00f6rseli\"><\/p>\n<h2>D\u00fczenli Muayene ve \u00d6nleyici Bak\u0131m<\/h2>\n<ul>\n<li>\n<h3>D\u00fczenli Muayene<\/h3>\n<p>Kol silindirinde herhangi bir anormallik, s\u0131z\u0131nt\u0131 veya a\u015f\u0131nma olup olmad\u0131\u011f\u0131n\u0131 kontrol etmek i\u00e7in d\u00fczenli kontroller yap\u0131n. Contalar\u0131, \u00e7ubuklar\u0131 ve di\u011fer bile\u015fenleri hasar veya bozulma belirtileri a\u00e7\u0131s\u0131ndan inceleyin.<\/p>\n<\/li>\n<li>\n<h3>\u00d6nleyici Bak\u0131m<\/h3>\n<p>Uygun ya\u011flama, a\u015f\u0131nm\u0131\u015f contalar\u0131 veya bile\u015fenleri de\u011fi\u015ftirme ve potansiyel sorunlar\u0131 en aza indirmek i\u00e7in tespit edilen sorunlar\u0131 derhal ele alma gibi \u00f6nleyici bak\u0131m \u00f6nlemlerini uygulay\u0131n.<\/p>\n<\/li>\n<\/ul>\n<h2>\u00dcr\u00fcn Kurulum K\u0131lavuzu<\/h2>\n<p>Kol silindirinin do\u011fru montaj\u0131 i\u00e7in \u015fu ad\u0131mlar\u0131 izleyin:<\/p>\n<ol>\n<li>Ekskavat\u00f6r\u00fcn g\u00fcvenli bir \u015fekilde desteklendi\u011finden ve hidrolik sistemin bas\u0131nc\u0131n\u0131n d\u00fc\u015f\u00fcr\u00fcld\u00fc\u011f\u00fcnden emin olun.<\/li>\n<li>Mevcutsa, mevcut kol silindirini \u00e7\u0131kar\u0131n.<\/li>\n<li>Yeni kol silindirini montaj deliklerini hizalayarak yerine yerle\u015ftirin.<\/li>\n<li>Silindiri uygun c\u0131vata veya pimleri kullanarak g\u00fcvenli bir \u015fekilde sabitleyin.<\/li>\n<li>Hidrolik hortumlar\u0131 veya borular\u0131 silindire ba\u011flay\u0131n ve uygun s\u0131zd\u0131rmazl\u0131k sa\u011flay\u0131n.<\/li>\n<li>Do\u011fru kurulumu do\u011frulamak i\u00e7in kapsaml\u0131 bir inceleme yap\u0131n.<\/li>\n<\/ol>\n<p><img decoding=\"async\" src=\"https:\/\/www.hydraulic-cylinders.net\/wp-content\/uploads\/2025\/01\/songte-bushings-with-all-kinds-of-excavator-models.webp\" alt=\"\u00dcr\u00fcn G\u00f6rseli\"><\/p>\n<h2>G\u00fcvenlik Hususlar\u0131 ve \u00c7evresel Fakt\u00f6rler<\/h2>\n<p>Kol silindirini kullan\u0131rken, kazalar\u0131 \u00f6nlemek ve i\u015f yeri g\u00fcvenli\u011fini sa\u011flamak i\u00e7in uygun g\u00fcvenlik \u00f6nlemlerine uymak \u00e7ok \u00f6nemlidir. Dikkat edilmesi gereken noktalar \u015funlard\u0131r:<\/p>\n<ul>\n<li>Kol silindiri ile veya yak\u0131n\u0131nda \u00e7al\u0131\u015f\u0131rken uygun ki\u015fisel koruyucu ekipman (KKD) giyin.<\/li>\n<li>Makine ve ekipmanlarla ilgili t\u00fcm g\u00fcvenlik kurallar\u0131na ve y\u00f6netmeliklerine uymak.<\/li>\n<li>Makinelerin g\u00fcvenli kullan\u0131m\u0131 konusunda personele uygun e\u011fitim ve \u00f6\u011fretim verilmesi.<\/li>\n<li>Bak\u0131m veya de\u011fi\u015ftirme s\u0131ras\u0131nda olu\u015fan tehlikeli maddelerin veya at\u0131klar\u0131n uygun \u015fekilde bertaraf edilmesini sa\u011flamak.<\/li>\n<\/ul>\n<h2>Sorun Giderme ve Yayg\u0131n Sorunlar<\/h2>\n<p>Kol silindiri ile ilgili yayg\u0131n sorunlar ve sorun giderme y\u00f6ntemleri:<\/p>\n<ul>\n<li>\n<h3>S\u0131z\u0131nt\u0131<\/h3>\n<p>Hidrolik s\u0131v\u0131 s\u0131z\u0131nt\u0131s\u0131 varsa, contalar\u0131 ve ba\u011flant\u0131lar\u0131 hasar veya gev\u015fek ba\u011flant\u0131 par\u00e7alar\u0131 a\u00e7\u0131s\u0131ndan kontrol edin. Hasarl\u0131 contalar\u0131 de\u011fi\u015ftirin ve gev\u015fek ba\u011flant\u0131 par\u00e7alar\u0131n\u0131 s\u0131k\u0131n.<\/p>\n<\/li>\n<li>\n<h3>Yava\u015f veya Tutarl\u0131 Olmayan Hareket<\/h3>\n<p>Kol silindiri yava\u015f veya tutars\u0131z hareket ediyorsa, hidrolik sistemde t\u0131kan\u0131kl\u0131k, d\u00fc\u015f\u00fck s\u0131v\u0131 seviyesi veya ar\u0131zal\u0131 valfler olup olmad\u0131\u011f\u0131n\u0131 kontrol edin. Tespit edilen sorunlar\u0131 uygun \u015fekilde giderin.<\/p>\n<\/li>\n<\/ul>\n<p><img decoding=\"async\" src=\"https:\/\/www.hydraulic-cylinders.net\/wp-content\/uploads\/2025\/01\/songte-chushion-collar.webp\" alt=\"\u00dcr\u00fcn G\u00f6rseli\"><\/p>\n<p>Makaleyi mant\u0131kl\u0131 bir \u015fekilde d\u00fczenlemeyi, kolay gezinme i\u00e7in alt ba\u015fl\u0131klar kullanmay\u0131, anlay\u0131\u015f\u0131 geli\u015ftirmek i\u00e7in ilgili g\u00f6rseller veya grafikler eklemeyi ve i\u00e7eri\u011fin farkl\u0131 teknik bilgi seviyelerine sahip okuyucular i\u00e7in a\u00e7\u0131k, \u00f6z ve uygun olmas\u0131n\u0131 sa\u011flamay\u0131 unutmay\u0131n.<\/p>\n<h2>Hakk\u0131m\u0131zda<\/h2>\n<p><img decoding=\"async\" src=\"https:\/\/www.hydraulic-cylinders.net\/wp-content\/uploads\/2025\/01\/songte-company-4.webp\" alt=\"\u015eirket \u0130maj\u0131\"><br \/>\n<img decoding=\"async\" src=\"https:\/\/www.hydraulic-cylinders.net\/wp-content\/uploads\/2025\/01\/songte-company-3.webp\" alt=\"\u015eirket \u0130maj\u0131\"><\/p>\n<p>Geni\u015f bir \u00fcr\u00fcn yelpazesi sunan profesyonel bir yedek hidrolik silindir \u00fcreticisiyiz. Hem yurt i\u00e7i hem de yurt d\u0131\u015f\u0131 pazarlarda lider hidrolik silindir \u00fcreticilerinden ve toptan da\u011f\u0131t\u0131c\u0131lar\u0131ndan biri haline geldik. Kalitede m\u00fckemmelli\u011fe olan ba\u011fl\u0131l\u0131\u011f\u0131m\u0131z, geli\u015fmi\u015f \u00fcretim at\u00f6lyemizde uygulad\u0131\u011f\u0131m\u0131z end\u00fcstriyel \u00fcretim y\u00f6netimi stratejileriyle desteklenmektedir. \u00dcst d\u00fczey dijital \u00fcretim ekipmanlar\u0131 ve profesyonel test sistemleri sunarak, \u00fcretim platformumuzu s\u00fcrekli olarak optimize ediyor ve \u00fcr\u00fcn kalite kontrol s\u00fcre\u00e7lerimizi iyile\u015ftiriyoruz. M\u00fc\u015fterilerimizin \u00e7e\u015fitli ihtiya\u00e7lar\u0131n\u0131 y\u00fcksek verimlilik, do\u011fruluk ve kaliteyle kar\u015f\u0131lamay\u0131 hedefleyerek inovasyona g\u00fc\u00e7l\u00fc bir \u015fekilde odaklan\u0131yoruz. <\/p>\n<p>Firmam\u0131z profesyonelli\u011fi, uluslararas\u0131 sertifikasyonlar\u0131, ki\u015fiye \u00f6zel hizmetleri, \u00fcretim ekipmanlar\u0131 ve sat\u0131\u015f sonras\u0131 hizmetiyle \u00f6ne \u00e7\u0131kmaktad\u0131r.<\/p>\n<p>Yazar: lyl.<\/p>\n<p><\/body><br \/>\n<\/html><\/p>","protected":false},"excerpt":{"rendered":"<p>Arm Cylinder For Kato Small Excavator HD700-2-5-7 Arm Cylinder For Kato Small Excavator HD700-2-5-7 Definition and Explanation The arm cylinder is a specially designed hydraulic cylinder that provides linear motion and power to the arm of various machinery, such as excavators, cranes, and robotic arms. The arm cylinder plays a crucial role in hydraulic systems, [&hellip;]<\/p>","protected":false},"featured_media":14759,"comment_status":"open","ping_status":"closed","template":"","meta":{"_et_pb_use_builder":"","_et_pb_old_content":"","_et_gb_content_width":""},"product_brand":[],"product_cat":[1497],"product_tag":[1498,1496],"class_list":{"0":"post-16947","1":"product","2":"type-product","3":"status-publish","4":"has-post-thumbnail","6":"product_cat-arm-cylinders","7":"product_tag-arm-cylinders","8":"product_tag-hydraulic-cylinders","10":"first","11":"instock","12":"shipping-taxable","13":"product-type-simple"},"amp_enabled":true,"_links":{"self":[{"href":"https:\/\/www.hydraulic-cylinders.net\/tr\/wp-json\/wp\/v2\/product\/16947","targetHints":{"allow":["GET"]}}],"collection":[{"href":"https:\/\/www.hydraulic-cylinders.net\/tr\/wp-json\/wp\/v2\/product"}],"about":[{"href":"https:\/\/www.hydraulic-cylinders.net\/tr\/wp-json\/wp\/v2\/types\/product"}],"replies":[{"embeddable":true,"href":"https:\/\/www.hydraulic-cylinders.net\/tr\/wp-json\/wp\/v2\/comments?post=16947"}],"wp:featuredmedia":[{"embeddable":true,"href":"https:\/\/www.hydraulic-cylinders.net\/tr\/wp-json\/wp\/v2\/media\/14759"}],"wp:attachment":[{"href":"https:\/\/www.hydraulic-cylinders.net\/tr\/wp-json\/wp\/v2\/media?parent=16947"}],"wp:term":[{"taxonomy":"product_brand","embeddable":true,"href":"https:\/\/www.hydraulic-cylinders.net\/tr\/wp-json\/wp\/v2\/product_brand?post=16947"},{"taxonomy":"product_cat","embeddable":true,"href":"https:\/\/www.hydraulic-cylinders.net\/tr\/wp-json\/wp\/v2\/product_cat?post=16947"},{"taxonomy":"product_tag","embeddable":true,"href":"https:\/\/www.hydraulic-cylinders.net\/tr\/wp-json\/wp\/v2\/product_tag?post=16947"}],"curies":[{"name":"wp","href":"https:\/\/api.w.org\/{rel}","templated":true}]}}