{"id":16948,"date":"2025-01-21T06:14:53","date_gmt":"2025-01-21T06:14:53","guid":{"rendered":"https:\/\/www.hydraulic-cylinders.net\/product\/arm-cylinder-for-kato-small-excavator-hd820a\/"},"modified":"2025-01-21T06:14:55","modified_gmt":"2025-01-21T06:14:55","slug":"arm-cylinder-for-kato-small-excavator-hd820a","status":"publish","type":"product","link":"https:\/\/www.hydraulic-cylinders.net\/tr\/urun\/arm-cylinder-for-kato-small-excavator-hd820a\/","title":{"rendered":"Kato K\u00fc\u00e7\u00fck Ekskavat\u00f6r HD820A i\u00e7in Kol Silindiri"},"content":{"rendered":"<h2>Kato K\u00fc\u00e7\u00fck Ekskavat\u00f6r HD820A i\u00e7in Kol Silindiri<\/h2>\n<p>Kol Silindiri, ad\u0131ndan da anla\u015f\u0131laca\u011f\u0131 gibi, ekskavat\u00f6rler, vin\u00e7ler ve robotik kollar gibi \u00e7e\u015fitli makinelerin kollar\u0131na do\u011frusal hareket ve g\u00fc\u00e7 sa\u011flamak \u00fczere \u00f6zel olarak tasarlanm\u0131\u015f bir hidrolik silindirdir. Hidrolik sistemlerde \u00f6nemli bir rol oynar ve ek alet veya ata\u015fmanlar\u0131n sorunsuz hareket etmesini ve kontrol edilmesini sa\u011flar. Bu silindirler, yaln\u0131zca sorunsuz hareket sa\u011flamakla kalmaz, ayn\u0131 zamanda a\u011f\u0131r y\u00fcklere de dayanarak, \u00e7e\u015fitli \u00e7al\u0131\u015fma ko\u015fullar\u0131nda makinelerin verimli ve g\u00fcvenilir \u00e7al\u0131\u015fmas\u0131n\u0131 sa\u011flar.<\/p>\n<p><img decoding=\"async\" src=\"https:\/\/www.hydraulic-cylinders.net\/wp-content\/uploads\/2025\/01\/songte-company-2.webp\"><\/p>\n<h3>Kol Silindirinin \u00d6zellikleri:<\/h3>\n<ol>\n<li><strong>Y\u00fcksek Verimli S\u00fcr\u00fcc\u00fc:<\/strong> Kol Silindiri g\u00fc\u00e7l\u00fc do\u011frusal hareket ve kuvvet sa\u011flayarak makine kolunun \u00e7e\u015fitli operasyonlarda y\u00fcksek performans g\u00f6stermesini sa\u011flar.<\/li>\n<li><strong>Hassas Kontrol:<\/strong> Hidrolik sistemler sayesinde kol silindiri hassas hareket kontrol\u00fc sa\u011flayarak, ek tak\u0131mlar\u0131n daha esnek ve hassas bir \u015fekilde \u00e7al\u0131\u015ft\u0131r\u0131lmas\u0131n\u0131 sa\u011flar.<\/li>\n<li><strong>Dayan\u0131kl\u0131l\u0131k:<\/strong> Kol silindirleri genellikle y\u00fcksek mukavemetli malzemelerden yap\u0131l\u0131r, m\u00fckemmel a\u015f\u0131nma ve korozyon direnci sunar ve bu da onlar\u0131 zorlu ortamlarda uzun s\u00fcreli kullan\u0131ma uygun hale getirir.<\/li>\n<li><strong>\u00c7ok Fonksiyonlu Uyarlanabilirlik:<\/strong> Bu silindirler ekskavat\u00f6rler, vin\u00e7ler ve robotik kollar gibi \u00e7e\u015fitli makine ekipmanlar\u0131na yayg\u0131n olarak uygulanabilir ve farkl\u0131 i\u015f gereksinimlerine uyum sa\u011flar.<\/li>\n<li><strong>Kolay Bak\u0131m:<\/strong> Tasar\u0131mda bak\u0131m ve de\u011fi\u015ftirme kolayl\u0131\u011f\u0131 g\u00f6z \u00f6n\u00fcnde bulundurularak d\u00fczenli denetim ve bak\u0131m daha rahat hale getirilir ve ekipman ar\u0131za s\u00fcreleri azalt\u0131l\u0131r.<\/li>\n<\/ol>\n<p><img decoding=\"async\" src=\"https:\/\/www.hydraulic-cylinders.net\/wp-content\/uploads\/2025\/01\/songte-oil-pipes-and-spare-parts.webp\"><\/p>\n<p>\u00dcr\u00fcnlerimiz bu hidrolik silindirlerin yerini m\u00fckemmel bir \u015fekilde alabilir, g\u00fcvenilir performans ve y\u00fcksek kaliteli alternatifler sunar.<\/p>\n<h3>Kol Silindirinin Uygulamalar\u0131:<\/h3>\n<p>Kol silindiri farkl\u0131 end\u00fcstrilerde \u00e7e\u015fitli uygulamalar bulmaktad\u0131r:<\/p>\n<ol>\n<li><strong>\u0130n\u015faat M\u00fchendisli\u011fi:<\/strong> Ekskavat\u00f6rlerde ve vin\u00e7lerde kol silindirleri, toprak i\u015fleri, malzeme ta\u015f\u0131ma ve yap\u0131sal montaj i\u00e7in kovalar\u0131n veya bomlar\u0131n hareketini kontrol eder.<\/li>\n<li><strong>\u00dcretme:<\/strong> Otomasyonlu \u00fcretim hatlar\u0131nda, montaj, kaynak ve malzeme ta\u015f\u0131ma gibi s\u00fcre\u00e7lerde robot kollar\u0131n\u0131n hareket ettirilmesi i\u00e7in kol silindirleri kullan\u0131l\u0131r, bu da \u00fcretim verimlili\u011fini ve hassasiyetini art\u0131r\u0131r.<\/li>\n<li><strong>Tar\u0131m Makinalar\u0131:<\/strong> Bi\u00e7erd\u00f6ver ve ekim makinesi gibi tar\u0131msal ekipmanlarda kol silindirleri, ekim, g\u00fcbreleme ve hasat gibi g\u00f6revlerde \u00e7al\u0131\u015fan kollar\u0131n hareketini kontrol eder.<\/li>\n<li><strong>Madencilik:<\/strong> Madencilik ekipmanlar\u0131nda kol silindirleri, cevher \u00e7\u0131karma ve ta\u015f\u0131ma i\u00e7in madencilik makinelerinin kol hareketini kontrol eder.<\/li>\n<li><strong>Lojistik ve Ta\u015f\u0131mac\u0131l\u0131k:<\/strong> Forkliftlerde ve ta\u015f\u0131ma robotlar\u0131nda kol silindirleri \u00e7atallar\u0131n kald\u0131r\u0131lmas\u0131n\u0131 ve hareketini kontrol ederek malzeme ta\u015f\u0131ma ve istiflemeyi m\u00fcmk\u00fcn k\u0131lar.<\/li>\n<\/ol>\n<h3>Tasar\u0131m Hususlar\u0131 ve Se\u00e7im Kriterleri:<\/h3>\n<p>Kol silindirleri tasarlan\u0131rken birka\u00e7 \u00f6nemli fakt\u00f6r g\u00f6z \u00f6n\u00fcnde bulundurulmal\u0131d\u0131r:<\/p>\n<ol>\n<li><strong>Y\u00fck Ta\u015f\u0131ma Kapasitesi:<\/strong> Silindir, performans ve g\u00fcvenlikten \u00f6d\u00fcn vermeden ama\u00e7lanan y\u00fcke dayanacak \u015fekilde tasarlanmal\u0131d\u0131r.<\/li>\n<li><strong>S\u0131zd\u0131rmazl\u0131k:<\/strong> Etkili bir s\u0131zd\u0131rmazl\u0131k sa\u011flamak i\u00e7in piston contalar\u0131 ve piston kolu contalar\u0131 gibi \u00e7e\u015fitli s\u0131zd\u0131rmazl\u0131k bile\u015fenleri kullan\u0131lmal\u0131d\u0131r. Poli\u00fcretan ve nitril kau\u00e7uk gibi malzemeler, a\u015f\u0131nmaya kar\u015f\u0131 dayan\u0131kl\u0131l\u0131klar\u0131 nedeniyle yayg\u0131n olarak kullan\u0131l\u0131r.<\/li>\n<li><strong>Dayan\u0131kl\u0131l\u0131k:<\/strong> Silindir g\u00f6vdesi ve di\u015fli u\u00e7lar\u0131, a\u015f\u0131nma direncini art\u0131rmak ve hizmet \u00f6mr\u00fcn\u00fc uzatmak i\u00e7in dikkatli bir y\u00fczey i\u015fleminden ge\u00e7irilmelidir.<\/li>\n<li><strong>Emniyet:<\/strong> Operat\u00f6r\u00fcn operasyon s\u0131ras\u0131nda korunmas\u0131n\u0131 sa\u011flamak ve kazalar\u0131 \u00f6nlemek i\u00e7in tasar\u0131ma g\u00fcvenlik \u00f6zellikleri dahil edilmelidir.<\/li>\n<li><strong>Bak\u0131m kolayl\u0131\u011f\u0131:<\/strong> Ar\u0131za s\u00fcrelerini en aza indirmek ve d\u00fczenli kontrolleri kolayla\u015ft\u0131rmak i\u00e7in tasar\u0131mda kolay bak\u0131m ve onar\u0131m dikkate al\u0131nmal\u0131d\u0131r.<\/li>\n<\/ol>\n<p><img decoding=\"async\" src=\"https:\/\/www.hydraulic-cylinders.net\/wp-content\/uploads\/2025\/01\/songte-cylinder-head-with-all-kinds-excavator-models.webp\"><\/p>\n<p>Kol silindirlerinin performans\u0131 ve uzun \u00f6m\u00fcrl\u00fcl\u00fc\u011f\u00fc i\u00e7in uygun s\u0131zd\u0131rmazl\u0131k ve ya\u011flama esast\u0131r. Poli\u00fcretan ve nitril kau\u00e7uk gibi a\u015f\u0131nmaya dayan\u0131kl\u0131 malzemelerden yap\u0131lm\u0131\u015f \u00e7e\u015fitli s\u0131zd\u0131rmazl\u0131k bile\u015fenleri kullan\u0131lmal\u0131d\u0131r. Silindir g\u00f6vdesi ve di\u015fli u\u00e7lar, a\u015f\u0131nma direncini art\u0131rmak i\u00e7in hassas y\u00fczey i\u015flemlerinden ge\u00e7irilmelidir. Sorunsuz \u00e7al\u0131\u015fma sa\u011flamak i\u00e7in uygun hidrolik ya\u011f ile d\u00fczenli ya\u011flama gereklidir.<\/p>\n<p>En iyi performans\u0131 ve uzun \u00f6m\u00fcrl\u00fcl\u00fc\u011f\u00fc sa\u011flamak i\u00e7in d\u00fczenli muayene ve \u00f6nleyici bak\u0131m \u00f6nlemleri uygulanmal\u0131d\u0131r:<\/p>\n<ol>\n<li>Silindirde herhangi bir s\u0131z\u0131nt\u0131, a\u015f\u0131nma veya hasar belirtisi olup olmad\u0131\u011f\u0131n\u0131 kontrol edin.<\/li>\n<li>S\u0131zd\u0131rmazl\u0131k elemanlar\u0131n\u0131 kontrol edin ve gerekirse de\u011fi\u015ftirin.<\/li>\n<li>Silindirin uygun \u015fekilde ya\u011fland\u0131\u011f\u0131ndan emin olun ve gerekti\u011finde hidrolik ya\u011f\u0131 yenileyin.<\/li>\n<li>\u00c7al\u0131\u015fma s\u0131ras\u0131nda silindirin performans\u0131n\u0131 izleyin ve herhangi bir sorunu derhal giderin.<\/li>\n<\/ol>\n<h3>Kurulum K\u0131lavuzu:<\/h3>\n<p>Kol silindirinin do\u011fru montaj\u0131 i\u00e7in \u015fu ad\u0131mlar\u0131 izleyin:<\/p>\n<ol>\n<li>Makinenin kapal\u0131 oldu\u011fundan ve hidrolik sistemin bas\u0131nc\u0131n\u0131n al\u0131nd\u0131\u011f\u0131ndan emin olun.<\/li>\n<li>Eski silindiri (varsa) hidrolik hortumlar\u0131n\u0131 ay\u0131rarak ve montaj braketlerini \u00e7\u0131kararak \u00e7\u0131kar\u0131n.<\/li>\n<li>\u00dcreticinin talimatlar\u0131n\u0131 izleyerek yeni kol silindirini ters s\u0131rada tak\u0131n.<\/li>\n<li>Hidrolik hortumlar\u0131 d\u00fczg\u00fcn hizalamaya dikkat ederek g\u00fcvenli bir \u015fekilde ba\u011flay\u0131n.<\/li>\n<li>Hidrolik sistemin bas\u0131nc\u0131n\u0131 tekrar ayarlay\u0131n ve kol silindirinin d\u00fczg\u00fcn \u00e7al\u0131\u015f\u0131p \u00e7al\u0131\u015fmad\u0131\u011f\u0131n\u0131 test edin.<\/li>\n<\/ol>\n<p><img decoding=\"async\" src=\"https:\/\/www.hydraulic-cylinders.net\/wp-content\/uploads\/2025\/01\/songte-bushings-with-all-kinds-of-excavator-models.webp\"><\/p>\n<p>Kol silindirleri kullan\u0131l\u0131rken g\u00fcvenlik hususlar\u0131 ve \u00e7evresel fakt\u00f6rler \u00f6nemli rol oynar. Uygun g\u00fcvenlik \u00f6nlemlerinin uygulanmas\u0131, operat\u00f6rlerin korunmas\u0131n\u0131 sa\u011flar ve kazalar\u0131 \u00f6nler. D\u00fczenli bak\u0131m ve muayene, olas\u0131 sorunlar\u0131n belirlenmesine ve duru\u015f s\u00fcrelerinin en aza indirilmesine yard\u0131mc\u0131 olur.<\/p>\n<p>Kol silindiri sorunlar\u0131n\u0131 giderirken a\u015fa\u011f\u0131daki yayg\u0131n sorunlar\u0131 g\u00f6z \u00f6n\u00fcnde bulundurun:<\/p>\n<ol>\n<li>Hidrolik s\u0131v\u0131 s\u0131z\u0131nt\u0131s\u0131<\/li>\n<li>D\u00fczensiz veya sars\u0131nt\u0131l\u0131 hareket<\/li>\n<li>\u00c7al\u0131\u015fma s\u0131ras\u0131nda a\u015f\u0131r\u0131 g\u00fcr\u00fclt\u00fc<\/li>\n<li>Yava\u015f veya tepkisiz hareket<\/li>\n<li>Tutarl\u0131 olmayan veya zay\u0131f kuvvet<\/li>\n<\/ol>\n<p>Bu sorunlar\u0131 gidermek ve d\u00fczg\u00fcn \u00e7al\u0131\u015fmas\u0131n\u0131 sa\u011flamak i\u00e7in \u015fu sorun giderme ipu\u00e7lar\u0131n\u0131 izleyin:<\/p>\n<ol>\n<li>G\u00f6r\u00fcn\u00fcr s\u0131z\u0131nt\u0131lar\u0131 kontrol edin ve ar\u0131zal\u0131 contalar\u0131 onar\u0131n veya de\u011fi\u015ftirin.<\/li>\n<li>Hidrolik hortumlar\u0131 ve ba\u011flant\u0131lar\u0131 s\u0131z\u0131nt\u0131 veya hasar a\u00e7\u0131s\u0131ndan inceleyin ve do\u011fru hizaland\u0131\u011f\u0131ndan emin olun.<\/li>\n<li>Hidrolik s\u0131v\u0131 seviyesini ve kalitesini kontrol edin, gerekirse doldurun veya de\u011fi\u015ftirin.<\/li>\n<li>Silindirde a\u015f\u0131nma, hasar veya hizalama bozuklu\u011fu olup olmad\u0131\u011f\u0131n\u0131 kontrol edin ve uygun \u015fekilde m\u00fcdahale edin.<\/li>\n<li>Kontrol vanalar\u0131n\u0131n ve di\u011fer hidrolik bile\u015fenlerin d\u00fczg\u00fcn \u00e7al\u0131\u015ft\u0131\u011f\u0131n\u0131 do\u011frulay\u0131n.<\/li>\n<\/ol>\n<p><img decoding=\"async\" src=\"https:\/\/www.hydraulic-cylinders.net\/wp-content\/uploads\/2025\/01\/songte-chushion-collar.webp\"><\/p>\n<p>Yedek hidrolik silindirler konusunda uzmanla\u015fm\u0131\u015f profesyonel bir \u00fcreticiyiz. Geni\u015f \u00fcr\u00fcn yelpazemizle, yurt i\u00e7i ve yurt d\u0131\u015f\u0131 pazarlarda lider \u00fcretici ve toptan da\u011f\u0131t\u0131mc\u0131lardan biri haline geldik. M\u00fckemmellik ilkesini benimsiyor ve teknolojik kapasitemizi ve \u00fcretim verimlili\u011fimizi s\u00fcrekli geli\u015ftiriyoruz. \u00dcst d\u00fczey dijital \u00fcretim ekipmanlar\u0131 ve profesyonel test sistemleri sunarak \u00fcretim platformumuzu optimize ediyor ve \u00fcr\u00fcn kalite kontrol s\u00fcre\u00e7lerimizi geli\u015ftiriyoruz. Amac\u0131m\u0131z, m\u00fc\u015fterilerimizin \u00e7e\u015fitli ihtiya\u00e7lar\u0131n\u0131 verimlilik, hassasiyet ve y\u00fcksek kaliteli \u00fcr\u00fcnlerle kar\u015f\u0131lamakt\u0131r.<\/p>\n<p>Firmam\u0131z \u015fu \u00f6zellikleriyle \u00f6ne \u00e7\u0131k\u0131yor:<\/p>\n<ul>\n<li>Hidrolik silindir imalat\u0131nda profesyonellik ve uzmanl\u0131k<\/li>\n<li>\u00dcr\u00fcn kalitesini garantileyen uluslararas\u0131 sertifikalar<\/li>\n<li>Belirli gereksinimleri kar\u015f\u0131lamak i\u00e7in \u00f6zelle\u015ftirme hizmetleri<\/li>\n<li>Geli\u015fmi\u015f \u00fcretim ekipmanlar\u0131 ve tesisleri<\/li>\n<li>Kapsaml\u0131 sat\u0131\u015f sonras\u0131 servis ve destek<\/li>\n<\/ul>\n<p><img decoding=\"async\" src=\"https:\/\/www.hydraulic-cylinders.net\/wp-content\/uploads\/2025\/01\/songte-company-4.webp\"><br \/>\n<img decoding=\"async\" src=\"https:\/\/www.hydraulic-cylinders.net\/wp-content\/uploads\/2025\/01\/songte-company-3.webp\"><\/p>\n<p>Yazar: lyl<\/p>","protected":false},"excerpt":{"rendered":"<p>Arm Cylinder For Kato Small Excavator HD820A Arm Cylinder, as the name suggests, is a hydraulic cylinder designed specifically to provide linear motion and power to the arm of various machinery such as excavators, cranes, and robotic arms. It plays a crucial role in hydraulic systems, enabling the smooth movement and control of additional tools [&hellip;]<\/p>","protected":false},"featured_media":14786,"comment_status":"open","ping_status":"closed","template":"","meta":{"_et_pb_use_builder":"","_et_pb_old_content":"","_et_gb_content_width":""},"product_brand":[],"product_cat":[1497],"product_tag":[1498,1496],"class_list":{"0":"post-16948","1":"product","2":"type-product","3":"status-publish","4":"has-post-thumbnail","6":"product_cat-arm-cylinders","7":"product_tag-arm-cylinders","8":"product_tag-hydraulic-cylinders","10":"first","11":"instock","12":"shipping-taxable","13":"product-type-simple"},"amp_enabled":true,"_links":{"self":[{"href":"https:\/\/www.hydraulic-cylinders.net\/tr\/wp-json\/wp\/v2\/product\/16948","targetHints":{"allow":["GET"]}}],"collection":[{"href":"https:\/\/www.hydraulic-cylinders.net\/tr\/wp-json\/wp\/v2\/product"}],"about":[{"href":"https:\/\/www.hydraulic-cylinders.net\/tr\/wp-json\/wp\/v2\/types\/product"}],"replies":[{"embeddable":true,"href":"https:\/\/www.hydraulic-cylinders.net\/tr\/wp-json\/wp\/v2\/comments?post=16948"}],"wp:featuredmedia":[{"embeddable":true,"href":"https:\/\/www.hydraulic-cylinders.net\/tr\/wp-json\/wp\/v2\/media\/14786"}],"wp:attachment":[{"href":"https:\/\/www.hydraulic-cylinders.net\/tr\/wp-json\/wp\/v2\/media?parent=16948"}],"wp:term":[{"taxonomy":"product_brand","embeddable":true,"href":"https:\/\/www.hydraulic-cylinders.net\/tr\/wp-json\/wp\/v2\/product_brand?post=16948"},{"taxonomy":"product_cat","embeddable":true,"href":"https:\/\/www.hydraulic-cylinders.net\/tr\/wp-json\/wp\/v2\/product_cat?post=16948"},{"taxonomy":"product_tag","embeddable":true,"href":"https:\/\/www.hydraulic-cylinders.net\/tr\/wp-json\/wp\/v2\/product_tag?post=16948"}],"curies":[{"name":"wp","href":"https:\/\/api.w.org\/{rel}","templated":true}]}}