{"id":16975,"date":"2025-01-21T08:40:18","date_gmt":"2025-01-21T08:40:18","guid":{"rendered":"https:\/\/www.hydraulic-cylinders.net\/?post_type=product&#038;p=16975"},"modified":"2025-04-11T03:15:42","modified_gmt":"2025-04-11T03:15:42","slug":"hcyy11112001-forklift-tilt-cylinder","status":"publish","type":"product","link":"https:\/\/www.hydraulic-cylinders.net\/tr\/urun\/hcyy11112001-forklift-tilt-cylinder\/","title":{"rendered":"HCYY11112001 Forklift E\u011fim Silindiri"},"content":{"rendered":"<h1 style=\"text-align: center;\"><strong>HCYY11112001 Forklift E\u011fim Silindiri<\/strong><\/h1>\n<h1 style=\"text-align: center;\"><strong><img loading=\"lazy\" decoding=\"async\" class=\"alignnone size-full wp-image-16977\" src=\"https:\/\/www.hydraulic-cylinders.net\/wp-content\/uploads\/2025\/01\/hcyy11112001-forklift-lifting-cylinder-2.webp\" alt=\"\" width=\"1500\" height=\"517\" srcset=\"https:\/\/www.hydraulic-cylinders.net\/wp-content\/uploads\/2025\/01\/hcyy11112001-forklift-lifting-cylinder-2.webp 1500w, https:\/\/www.hydraulic-cylinders.net\/wp-content\/uploads\/2025\/01\/hcyy11112001-forklift-lifting-cylinder-2-1280x441.webp 1280w, https:\/\/www.hydraulic-cylinders.net\/wp-content\/uploads\/2025\/01\/hcyy11112001-forklift-lifting-cylinder-2-980x338.webp 980w, https:\/\/www.hydraulic-cylinders.net\/wp-content\/uploads\/2025\/01\/hcyy11112001-forklift-lifting-cylinder-2-480x165.webp 480w\" sizes=\"(min-width: 0px) and (max-width: 480px) 480px, (min-width: 481px) and (max-width: 980px) 980px, (min-width: 981px) and (max-width: 1280px) 1280px, (min-width: 1281px) 1500px, 100vw\" \/><\/strong><\/h1>\n<p>HCYY11112001 Forklift E\u011fim Silindiri, her forklift i\u00e7in olmazsa olmaz bir g\u00fc\u00e7 kayna\u011f\u0131d\u0131r ve operasyonel verimlili\u011fi \u00f6nemli \u00f6l\u00e7\u00fcde art\u0131r\u0131r. Bu y\u00fcksek performansl\u0131 e\u011fim silindiri, \u00e7atal kollar\u0131n\u0131n d\u00fczg\u00fcn ve hassas bir \u015fekilde e\u011filmesini sa\u011flayarak operat\u00f6rlerin y\u00fckleri zahmetsizce ve do\u011fru bir \u015fekilde manevra etmelerini sa\u011flar. \u0130ster yo\u011fun bir depoda, ister bir \u015fantiyede veya bir da\u011f\u0131t\u0131m merkezini y\u00f6netiyor olun, bu e\u011fim silindiri kusursuz kald\u0131rma ve istifleme i\u015flemlerinin anahtar\u0131d\u0131r.<\/p>\n<p>Sa\u011flaml\u0131k d\u00fc\u015f\u00fcn\u00fclerek tasarlanan HCYY11112001 Forklift E\u011fim Silindiri, etkileyici y\u00fck kapasitesi ve g\u00fcvenilir performans\u0131yla \u00f6ne \u00e7\u0131k\u0131yor. Sadece bir bile\u015fen de\u011fil; \u00e7e\u015fitli uygulamalarda \u00fcretkenlik a\u00e7\u0131s\u0131ndan \u00e7\u0131\u011f\u0131r a\u00e7an bir \u00f6zellik. Do\u011fru kullan\u0131m y\u00f6ntemlerine ve bak\u0131m uygulamalar\u0131na ba\u011fl\u0131 kalarak, bu e\u011fim silindirinin en iyi performans\u0131n\u0131 koruyabilir ve forklift operasyonlar\u0131n\u0131zda hem g\u00fcvenli\u011fi hem de verimlili\u011fi art\u0131rabilirsiniz.<\/p>\n<p>HCYY11112001 gibi \u00fcst d\u00fczey bile\u015fenlere yat\u0131r\u0131m yapmak, forkliftinizin performans\u0131n\u0131 art\u0131rmakla kalmaz, ayn\u0131 zamanda ekipman\u0131n\u0131z\u0131n \u00f6mr\u00fcn\u00fc de uzat\u0131r. Kalitenin yaratt\u0131\u011f\u0131 fark\u0131 deneyimleyin ve bu vazge\u00e7ilmez e\u011fim silindiriyle operasyonlar\u0131n\u0131z\u0131n sorunsuz bir \u015fekilde ilerlemesini sa\u011flay\u0131n!<\/p>\n<h2><strong> HCYY11112001 Forklift E\u011fim Silindiri Parametresi:<\/strong><\/h2>\n<h1 style=\"text-align: center;\"><strong><img loading=\"lazy\" decoding=\"async\" class=\"alignnone size-full wp-image-16976\" src=\"https:\/\/www.hydraulic-cylinders.net\/wp-content\/uploads\/2025\/01\/hcyy11112001-forklift-lifting-cylinder-1.webp\" alt=\"\" width=\"1512\" height=\"145\" srcset=\"https:\/\/www.hydraulic-cylinders.net\/wp-content\/uploads\/2025\/01\/hcyy11112001-forklift-lifting-cylinder-1.webp 1512w, https:\/\/www.hydraulic-cylinders.net\/wp-content\/uploads\/2025\/01\/hcyy11112001-forklift-lifting-cylinder-1-1280x123.webp 1280w, https:\/\/www.hydraulic-cylinders.net\/wp-content\/uploads\/2025\/01\/hcyy11112001-forklift-lifting-cylinder-1-980x94.webp 980w, https:\/\/www.hydraulic-cylinders.net\/wp-content\/uploads\/2025\/01\/hcyy11112001-forklift-lifting-cylinder-1-480x46.webp 480w\" sizes=\"(min-width: 0px) and (max-width: 480px) 480px, (min-width: 481px) and (max-width: 980px) 980px, (min-width: 981px) and (max-width: 1280px) 1280px, (min-width: 1281px) 1512px, 100vw\" \/><\/strong><\/h1>\n<h1 style=\"text-align: center;\"><strong><img loading=\"lazy\" decoding=\"async\" class=\"alignnone size-full wp-image-16978\" src=\"https:\/\/www.hydraulic-cylinders.net\/wp-content\/uploads\/2025\/01\/hcyy11112001-forklift-lifting-cylinder-3.webp\" alt=\"\" width=\"1480\" height=\"709\" srcset=\"https:\/\/www.hydraulic-cylinders.net\/wp-content\/uploads\/2025\/01\/hcyy11112001-forklift-lifting-cylinder-3.webp 1480w, https:\/\/www.hydraulic-cylinders.net\/wp-content\/uploads\/2025\/01\/hcyy11112001-forklift-lifting-cylinder-3-1280x613.webp 1280w, https:\/\/www.hydraulic-cylinders.net\/wp-content\/uploads\/2025\/01\/hcyy11112001-forklift-lifting-cylinder-3-980x469.webp 980w, https:\/\/www.hydraulic-cylinders.net\/wp-content\/uploads\/2025\/01\/hcyy11112001-forklift-lifting-cylinder-3-480x230.webp 480w\" sizes=\"(min-width: 0px) and (max-width: 480px) 480px, (min-width: 481px) and (max-width: 980px) 980px, (min-width: 981px) and (max-width: 1280px) 1280px, (min-width: 1281px) 1480px, 100vw\" \/> <img loading=\"lazy\" decoding=\"async\" class=\"alignnone size-full wp-image-16979\" src=\"https:\/\/www.hydraulic-cylinders.net\/wp-content\/uploads\/2025\/01\/hcyy11112001-forklift-lifting-cylinder-4.webp\" alt=\"\" width=\"1480\" height=\"711\" srcset=\"https:\/\/www.hydraulic-cylinders.net\/wp-content\/uploads\/2025\/01\/hcyy11112001-forklift-lifting-cylinder-4.webp 1480w, https:\/\/www.hydraulic-cylinders.net\/wp-content\/uploads\/2025\/01\/hcyy11112001-forklift-lifting-cylinder-4-1280x615.webp 1280w, https:\/\/www.hydraulic-cylinders.net\/wp-content\/uploads\/2025\/01\/hcyy11112001-forklift-lifting-cylinder-4-980x471.webp 980w, https:\/\/www.hydraulic-cylinders.net\/wp-content\/uploads\/2025\/01\/hcyy11112001-forklift-lifting-cylinder-4-480x231.webp 480w\" sizes=\"(min-width: 0px) and (max-width: 480px) 480px, (min-width: 481px) and (max-width: 980px) 980px, (min-width: 981px) and (max-width: 1280px) 1280px, (min-width: 1281px) 1480px, 100vw\" \/> <img loading=\"lazy\" decoding=\"async\" class=\"alignnone size-full wp-image-16980\" src=\"https:\/\/www.hydraulic-cylinders.net\/wp-content\/uploads\/2025\/01\/hcyy11112001-forklift-lifting-cylinder-5.webp\" alt=\"\" width=\"1496\" height=\"772\" srcset=\"https:\/\/www.hydraulic-cylinders.net\/wp-content\/uploads\/2025\/01\/hcyy11112001-forklift-lifting-cylinder-5.webp 1496w, https:\/\/www.hydraulic-cylinders.net\/wp-content\/uploads\/2025\/01\/hcyy11112001-forklift-lifting-cylinder-5-1280x661.webp 1280w, https:\/\/www.hydraulic-cylinders.net\/wp-content\/uploads\/2025\/01\/hcyy11112001-forklift-lifting-cylinder-5-980x506.webp 980w, https:\/\/www.hydraulic-cylinders.net\/wp-content\/uploads\/2025\/01\/hcyy11112001-forklift-lifting-cylinder-5-480x248.webp 480w\" sizes=\"(min-width: 0px) and (max-width: 480px) 480px, (min-width: 481px) and (max-width: 980px) 980px, (min-width: 981px) and (max-width: 1280px) 1280px, (min-width: 1281px) 1496px, 100vw\" \/><\/strong><\/h1>\n<h2><\/h2>\n<h2><strong>Forklift Silindir Serisi:\u00a0<\/strong><\/h2>\n<h2><img loading=\"lazy\" decoding=\"async\" class=\"alignnone size-full wp-image-16971\" src=\"https:\/\/www.hydraulic-cylinders.net\/wp-content\/uploads\/2025\/01\/fork-lift-cylinder.webp\" alt=\"\" width=\"2004\" height=\"2529\" srcset=\"https:\/\/www.hydraulic-cylinders.net\/wp-content\/uploads\/2025\/01\/fork-lift-cylinder.webp 2004w, https:\/\/www.hydraulic-cylinders.net\/wp-content\/uploads\/2025\/01\/fork-lift-cylinder-1280x1615.webp 1280w, https:\/\/www.hydraulic-cylinders.net\/wp-content\/uploads\/2025\/01\/fork-lift-cylinder-980x1237.webp 980w, https:\/\/www.hydraulic-cylinders.net\/wp-content\/uploads\/2025\/01\/fork-lift-cylinder-480x606.webp 480w\" sizes=\"(min-width: 0px) and (max-width: 480px) 480px, (min-width: 481px) and (max-width: 980px) 980px, (min-width: 981px) and (max-width: 1280px) 1280px, (min-width: 1281px) 2004px, 100vw\" \/><\/h2>\n<h1><strong>HCYY11112001 Forklift E\u011fim Silindirinin Temel \u00d6zellikleri:<\/strong><\/h1>\n<h4><strong>1. Dayan\u0131kl\u0131 Yap\u0131<\/strong><\/h4>\n<p>Birinci s\u0131n\u0131f malzemelerden \u00fcretilen HCYY11112001 Forklift E\u011fim Silindiri, a\u011f\u0131r hizmet tipi kullan\u0131m ve zorlu ortamlar\u0131n zorluklar\u0131na dayanacak \u015fekilde \u00fcretilmi\u015ftir. Bu sa\u011flam yap\u0131, silindirin darbelere, titre\u015fimlere ve a\u015f\u0131r\u0131 ko\u015fullara dayanmas\u0131n\u0131 sa\u011flayarak her t\u00fcrl\u00fc operasyonel ortam i\u00e7in g\u00fcvenilir bir se\u00e7imdir.<\/p>\n<h4><strong>2. Y\u00fcksek Y\u00fck Kapasitesi<\/strong><\/h4>\n<p>Bu e\u011fim silindiri, etkileyici y\u00fck ta\u015f\u0131ma kapasitesiyle tasarlanm\u0131\u015ft\u0131r ve kald\u0131rma i\u015flemleri s\u0131ras\u0131nda maksimum denge ve g\u00fcvenlik sa\u011flar. A\u011f\u0131r y\u00fckleri kald\u0131rabilme kabiliyeti, ister bir depoda palet istiflerken ister bir \u015fantiyede malzeme kald\u0131r\u0131rken olsun, g\u00fcvenilir bir performans sergileyece\u011fine g\u00fcvenebilece\u011finiz anlam\u0131na gelir.<\/p>\n<h4><strong>3. Sorunsuz \u00c7al\u0131\u015fma<\/strong><\/h4>\n<p>HCYY11112001, kusursuz devirme sa\u011flayan geli\u015fmi\u015f bir hidrolik tasar\u0131ma sahiptir. Bu ak\u0131c\u0131 \u00e7al\u0131\u015fma, y\u00fck yerle\u015ftirme hassasiyetini art\u0131r\u0131r ve genel \u00fcretkenli\u011fin artmas\u0131na katk\u0131da bulunur. Operat\u00f6rler, devirme a\u00e7\u0131s\u0131n\u0131 zahmetsizce ayarlayarak \u00e7e\u015fitli malzemelerin daha verimli bir \u015fekilde ta\u015f\u0131nmas\u0131n\u0131 sa\u011flar.<\/p>\n<h4><strong>4. Korozyon Direnci<\/strong><\/h4>\n<p>\u00d6zel olarak i\u015flenmi\u015f y\u00fczeyleri sayesinde HCYY11112001, paslanmaya ve bozulmaya kar\u015f\u0131 dayan\u0131kl\u0131 olacak \u015fekilde tasarlanm\u0131\u015ft\u0131r. Bu korozyon direnci, silindirin \u00f6mr\u00fcn\u00fc \u00f6nemli \u00f6l\u00e7\u00fcde uzatarak nemli veya kimyasal olarak agresif ortamlarda bile optimum performans\u0131n\u0131 korumas\u0131n\u0131 sa\u011flar. Bu bile\u015fenin uzun y\u0131llar boyunca g\u00fcvenilir bir \u015fekilde \u00e7al\u0131\u015faca\u011f\u0131ndan emin olabilirsiniz.<\/p>\n<h4><strong>5. Kolay Kurulum<\/strong><\/h4>\n<p>Kolay kurulum i\u00e7in tasarlanan HCYY11112001, ar\u0131za s\u00fcresini ve bak\u0131m maliyetlerini en aza indirir. Sezgisel tasar\u0131m\u0131, h\u0131zl\u0131 kurulum imkan\u0131 sunarak forkliftinizi gereksiz gecikmeler ya\u015famadan tekrar \u00e7al\u0131\u015f\u0131r hale getirmenizi sa\u011flar. Bu kolay kurulum, operasyonlar\u0131n\u0131z i\u00e7in daha az sorun ve daha fazla verimlilik anlam\u0131na gelir.<\/p>\n<h4><strong>6. \u00c7ok Y\u00f6nl\u00fc Uyumluluk<\/strong><\/h4>\n<p>HCYY11112001, \u00e7ok \u00e7e\u015fitli forklift modelleriyle uyumlu olacak \u015fekilde tasarlanm\u0131\u015ft\u0131r ve bu da onu \u00e7e\u015fitli uygulamalar i\u00e7in \u00e7ok y\u00f6nl\u00fc bir se\u00e7enek haline getirir. Bu uyarlanabilirlik, i\u015fletmelerin mevcut ekipmanlar\u0131n\u0131 uyumluluk sorunlar\u0131 ya\u015famadan y\u00fckseltmelerine olanak tan\u0131r ve filonuza sorunsuz entegrasyon sa\u011flar.<\/p>\n<h4><strong>7. Geli\u015fmi\u015f G\u00fcvenlik \u00d6zellikleri<\/strong><\/h4>\n<p>Dahili g\u00fcvenlik mekanizmalar\u0131yla donat\u0131lm\u0131\u015f bu devirme silindiri, operasyonlar s\u0131ras\u0131nda g\u00f6n\u00fcl rahatl\u0131\u011f\u0131 sa\u011flar. Tasar\u0131m\u0131, beklenmedik hareketleri \u00f6nleyerek kaza riskini azalt\u0131r ve y\u00fcklerin g\u00fcvenli bir \u015fekilde sabitlenmesini sa\u011flar. G\u00fcvenli\u011fin \u00f6nceliklendirilmesi, daha g\u00fcvenilir bir \u00e7al\u0131\u015fma ortam\u0131 yarat\u0131lmas\u0131na yard\u0131mc\u0131 olur.<\/p>\n<p>HCYY11112001 Forklift E\u011fim Silindirini se\u00e7erek, dayan\u0131kl\u0131l\u0131k, verimlilik ve g\u00fcvenli\u011fi bir araya getiren bir \u00fcr\u00fcnden faydalan\u0131rs\u0131n\u0131z ve forklift operasyonlar\u0131n\u0131z\u0131n sorunsuz ve etkili bir \u015fekilde y\u00fcr\u00fct\u00fclmesini sa\u011flars\u0131n\u0131z.<\/p>\n<h2><strong>Forklift E\u011fim Silindiri Y\u00fck Ta\u015f\u0131ma ve Operasyonel Verimlili\u011fi Nas\u0131l \u0130yile\u015ftirir?<\/strong><\/h2>\n<p>Forklift e\u011fim silindiri, y\u00fck ta\u015f\u0131may\u0131 d\u00f6n\u00fc\u015ft\u00fcr\u00fcr ve operasyonel verimlili\u011fi art\u0131r\u0131r. Bunu nas\u0131l ba\u015fard\u0131\u011f\u0131n\u0131 a\u015fa\u011f\u0131da g\u00f6rebilirsiniz:<\/p>\n<h4>1. <strong>Hassas Kontrol<\/strong><\/h4>\n<p>E\u011fim silindiri, operat\u00f6rlerin \u00e7atal a\u00e7\u0131s\u0131n\u0131 hassas bir \u015fekilde ayarlayarak y\u00fcklerin hassas bir \u015fekilde konumland\u0131r\u0131lmas\u0131n\u0131 sa\u011flar. Bu hassasiyet, \u00f6zellikle a\u011f\u0131r veya k\u0131r\u0131lgan nesnelerle \u00e7al\u0131\u015f\u0131rken d\u00fc\u015fme veya hizalama hatalar\u0131n\u0131 \u00f6nlemek i\u00e7in \u00e7ok \u00f6nemlidir. Y\u00fck\u00fc tam olarak gitmesi gereken yere yerle\u015ftirdi\u011finizi d\u00fc\u015f\u00fcn\u00fcn; bu kontrol, g\u00fcvenli\u011fi art\u0131r\u0131r ve pahal\u0131 hasar riskini azalt\u0131r.<\/p>\n<h4>2. <strong>Geli\u015fmi\u015f Stabilite<\/strong><\/h4>\n<p>Silindir, operat\u00f6rlerin \u00e7atallar\u0131 e\u011fmesine olanak tan\u0131yarak y\u00fck\u00fcn a\u011f\u0131rl\u0131k merkezinin daha d\u00fc\u015f\u00fck tutulmas\u0131na yard\u0131mc\u0131 olur. Bu artan denge, \u00f6zellikle yo\u011fun ortamlarda veya engebeli y\u00fczeylerde kald\u0131rma ve ta\u015f\u0131ma s\u0131ras\u0131nda hayati \u00f6nem ta\u015f\u0131r. Daha iyi denge sayesinde, devrilme veya sallanma olas\u0131l\u0131\u011f\u0131 \u00f6nemli \u00f6l\u00e7\u00fcde azal\u0131r ve operat\u00f6rlere her manevrada g\u00fcven verir.<\/p>\n<h4>3. <strong>Verimli \u0130stifleme<\/strong><\/h4>\n<p>\u00c7atallar\u0131n e\u011filebilme \u00f6zelli\u011fi, palet ve malzemelerin daha verimli bir \u015fekilde istiflenmesini kolayla\u015ft\u0131r\u0131r. Bu \u00f6zellik, \u00f6zellikle depo veya da\u011f\u0131t\u0131m merkezlerindeki dikey depolama alan\u0131n\u0131n en \u00fcst d\u00fczeye \u00e7\u0131kar\u0131lmas\u0131nda faydal\u0131d\u0131r. Operat\u00f6rler, y\u00fckleri dar alanlara kolayca manevra yaparak, mevcut alan\u0131n her santiminden en iyi \u015fekilde yararlanabilir ve genel depo d\u00fczenini iyile\u015ftirebilir.<\/p>\n<h4>4. <strong>Azalt\u0131lm\u0131\u015f Operat\u00f6r Zorlanmas\u0131<\/strong><\/h4>\n<p>\u0130yi tasarlanm\u0131\u015f bir e\u011fim silindiri, minimum manuel m\u00fcdahaleyle y\u00fcklerin optimum konumland\u0131r\u0131lmas\u0131n\u0131 sa\u011flayarak operat\u00f6rlerin ihtiya\u00e7 duydu\u011fu fiziksel eforu azalt\u0131r. Bu ergonomik avantaj, operat\u00f6r yorgunlu\u011funu azaltmakla kalmaz, ayn\u0131 zamanda i\u015f yeri yaralanma riskini de \u00f6nemli \u00f6l\u00e7\u00fcde azalt\u0131r. Konforu art\u0131rarak operat\u00f6rlerin ellerindeki i\u015fe odaklanmalar\u0131n\u0131 sa\u011flayarak \u00fcretkenli\u011fi art\u0131r\u0131r.<\/p>\n<h4>5. <strong>H\u0131zland\u0131r\u0131lm\u0131\u015f Operasyonlar<\/strong><\/h4>\n<p>E\u011fim silindirlerinin sa\u011flad\u0131\u011f\u0131 ak\u0131c\u0131 ve h\u0131zl\u0131 ayarlamalar sayesinde y\u00fckleme ve bo\u015faltma i\u015flemleri g\u00f6zle g\u00f6r\u00fcl\u00fcr \u015fekilde h\u0131zlan\u0131r. Bu verimlilik, y\u00fcksek talepli ortamlarda hayati \u00f6nem ta\u015f\u0131yan daha h\u0131zl\u0131 teslimat s\u00fcreleri anlam\u0131na gelir. Her saniyenin \u00f6nemli oldu\u011fu bir vardiyada ne kadar daha fazlas\u0131n\u0131n ba\u015far\u0131labilece\u011fi hayal edin!<\/p>\n<h4>6. <strong>Kullan\u0131mda \u00c7ok Y\u00f6nl\u00fcl\u00fck<\/strong><\/h4>\n<p>E\u011fim silindirleri, forkliftlerin benzersiz \u015fekil veya boyutlardakiler de dahil olmak \u00fczere \u00e7ok \u00e7e\u015fitli y\u00fckleri y\u00f6netmesini sa\u011flar. Bu \u00e7ok y\u00f6nl\u00fcl\u00fck, farkl\u0131 g\u00f6revler i\u00e7in \u00f6zel ekipman ihtiyac\u0131n\u0131 ortadan kald\u0131rarak i\u015fletmelerin de\u011fi\u015fen taleplere h\u0131zla uyum sa\u011flamas\u0131n\u0131 sa\u011flar. \u0130ster palet, ister konteyner veya garip \u015fekilli malzemeler kald\u0131r\u0131ls\u0131n, e\u011fim silindiri kusursuz bir \u00e7al\u0131\u015fma sa\u011flar.<\/p>\n<h4>7. <strong>Geli\u015ftirilmi\u015f G\u00fcvenlik \u00d6zellikleri<\/strong><\/h4>\n<p>Bir\u00e7ok modern e\u011fim silindiri, beklenmedik hareketleri \u00f6nleyen yerle\u015fik g\u00fcvenlik mekanizmalar\u0131yla donat\u0131lm\u0131\u015ft\u0131r. Bu ek g\u00fcvenlik katman\u0131, operat\u00f6rlere y\u00fcklerin ta\u015f\u0131ma s\u0131ras\u0131nda g\u00fcvende kald\u0131\u011f\u0131ndan emin olmalar\u0131n\u0131 sa\u011flayarak g\u00f6n\u00fcl rahatl\u0131\u011f\u0131 sa\u011flar. Daha g\u00fcvenli bir \u00e7al\u0131\u015fma ortam\u0131, genel ekip moralini y\u00fckseltir ve operasyonel verimlili\u011fi art\u0131r\u0131r.<\/p>\n<p>\u00d6zetle, forklift e\u011fim silindiri sadece bir bile\u015fen de\u011fil; malzeme ta\u015f\u0131ma operasyonlar\u0131nda ezber bozan bir unsurdur. Hassasiyeti, dengeyi ve \u00e7ok y\u00f6nl\u00fcl\u00fc\u011f\u00fc art\u0131rarak operat\u00f6rlerin g\u00f6revlerini daha verimli ve g\u00fcvenli bir \u015fekilde yerine getirmelerini sa\u011flar. HCYY11112001 gibi y\u00fcksek kaliteli e\u011fim silindirlerine yat\u0131r\u0131m yapmak, \u00fcretkenlik ve i\u015f yeri g\u00fcvenli\u011finde \u00f6nemli iyile\u015ftirmeler sa\u011flayarak, onlar\u0131 her t\u00fcrl\u00fc operasyon i\u00e7in paha bi\u00e7ilmez bir varl\u0131k haline getirebilir.<\/p>\n<h2><strong>Forklift Silindir \u00dcretim Alan\u0131:<\/strong><\/h2>\n<h2><img loading=\"lazy\" decoding=\"async\" class=\"alignnone size-full wp-image-16972\" src=\"https:\/\/www.hydraulic-cylinders.net\/wp-content\/uploads\/2025\/01\/hydraulic-cylinder-factory-1-scaled.webp\" alt=\"\" width=\"2016\" height=\"2560\" srcset=\"https:\/\/www.hydraulic-cylinders.net\/wp-content\/uploads\/2025\/01\/hydraulic-cylinder-factory-1-scaled.webp 2016w, https:\/\/www.hydraulic-cylinders.net\/wp-content\/uploads\/2025\/01\/hydraulic-cylinder-factory-1-1280x1625.webp 1280w, https:\/\/www.hydraulic-cylinders.net\/wp-content\/uploads\/2025\/01\/hydraulic-cylinder-factory-1-980x1244.webp 980w, https:\/\/www.hydraulic-cylinders.net\/wp-content\/uploads\/2025\/01\/hydraulic-cylinder-factory-1-480x610.webp 480w\" sizes=\"(min-width: 0px) and (max-width: 480px) 480px, (min-width: 481px) and (max-width: 980px) 980px, (min-width: 981px) and (max-width: 1280px) 1280px, (min-width: 1281px) 2016px, 100vw\" \/><\/h2>\n<p>Montaj i\u00e7in birinci s\u0131n\u0131f, ba\u011f\u0131ms\u0131z bir Ar-Ge platformumuz bulunmaktad\u0131r. Forklift silindir \u00fcretim at\u00f6lyemizde, y\u0131ll\u0131k \u00fcretim kapasitesi milyon adet olan d\u00f6rt adet yar\u0131 otomatik kald\u0131rma silindiri montaj hatt\u0131 ve tam otomatik bir devirme silindiri montaj hatt\u0131 bulunmaktad\u0131r. \u00d6zel silindir at\u00f6lyemizde ise, y\u0131ll\u0131k \u00fcretim kapasitesi 200.000 adet olan \u00e7e\u015fitli \u00f6zelliklerde yar\u0131 otomatik temizleme ve montaj sistemleri bulunmaktad\u0131r. At\u00f6lyemiz, \u00fcnl\u00fc marka CNC i\u015fleme ekipmanlar\u0131, i\u015fleme merkezleri, y\u00fcksek hassasiyetli silindir i\u015fleme i\u00e7in \u00f6zel ekipmanlar, robot kaynak makineleri, otomatik temizleme makineleri, otomatik silindir montaj makineleri ve otomatik boya \u00fcretim hatlar\u0131 ile donat\u0131lm\u0131\u015ft\u0131r. 300'den fazla ana ekipman setimiz \u00e7al\u0131\u015f\u0131r durumdad\u0131r. Ekipman kaynaklar\u0131n\u0131n optimize edilmi\u015f tahsisi ve verimli kullan\u0131m\u0131, \u00fcr\u00fcnlerin hassasiyet gereksinimlerini kar\u015f\u0131lar ve y\u00fcksek standart kalite gereksinimlerini kar\u015f\u0131lar.<\/p>\n<p>\u0130\u015fleme at\u00f6lyesi, 400 mm Maksimum \u0130\u00e7 \u00c7ap ve 6 metre Maksimum Uzunlu\u011fa sahip silindir borular\u0131n\u0131n i\u015fleme i\u015flerini ger\u00e7ekle\u015ftirebilen \u00f6zel yap\u0131m e\u011fimli k\u0131lavuz ray tornalama merkezleri, i\u015fleme merkezleri, y\u00fcksek h\u0131zl\u0131 honlama makineleri, kaynak robotlar\u0131 ve di\u011fer ilgili ekipmanlarla donat\u0131lm\u0131\u015ft\u0131r.<\/p>\n<h2><img loading=\"lazy\" decoding=\"async\" class=\"alignnone size-full wp-image-16973\" src=\"https:\/\/www.hydraulic-cylinders.net\/wp-content\/uploads\/2025\/01\/hydraulic-cylinder-factory-2-scaled.webp\" alt=\"\" width=\"2011\" height=\"2560\" srcset=\"https:\/\/www.hydraulic-cylinders.net\/wp-content\/uploads\/2025\/01\/hydraulic-cylinder-factory-2-scaled.webp 2011w, https:\/\/www.hydraulic-cylinders.net\/wp-content\/uploads\/2025\/01\/hydraulic-cylinder-factory-2-1280x1629.webp 1280w, https:\/\/www.hydraulic-cylinders.net\/wp-content\/uploads\/2025\/01\/hydraulic-cylinder-factory-2-980x1248.webp 980w, https:\/\/www.hydraulic-cylinders.net\/wp-content\/uploads\/2025\/01\/hydraulic-cylinder-factory-2-480x611.webp 480w\" sizes=\"(min-width: 0px) and (max-width: 480px) 480px, (min-width: 481px) and (max-width: 980px) 980px, (min-width: 981px) and (max-width: 1280px) 1280px, (min-width: 1281px) 2011px, 100vw\" \/><\/h2>\n<p>K\u00fc\u00e7\u00fck ve orta boy silindirler i\u00e7in, vardiya ba\u015f\u0131na 4.000 adetlik \u00fcretim kapasitesine sahip, otomatik y\u00fckleme-bo\u015faltma ve otomatik p\u00fcsk\u00fcrtme robotlar\u0131 ile \u00e7al\u0131\u015fan tam otomatik su bazl\u0131 boya kaplama hatt\u0131m\u0131z bulunmaktad\u0131r. B\u00fcy\u00fck \u00f6l\u00e7ekli silindirler i\u00e7in, g\u00fc\u00e7 zinciriyle \u00e7al\u0131\u015fan ve vardiya ba\u015f\u0131na 60 kasal\u0131k tasar\u0131m kapasitesine sahip yar\u0131 otomatik bir boyama hatt\u0131m\u0131z daha bulunmaktad\u0131r.<\/p>\n<p>\u00dcr\u00fcn performans\u0131n\u0131 daha da iyile\u015ftirmek ve hidrolik silindirlerimizin sekt\u00f6rdeki liderlik konumunu sa\u011flamak i\u00e7in firmam\u0131z ve zjimee ortakla\u015fa hidrolik silindirler, hidrolik valfler ve hidrolik pompalar i\u00e7in kapsaml\u0131 bir performans laboratuvar\u0131 kurdu; laboratuvar, elektro-hidrolik teknoloji kullan\u0131larak bilgisayar destekli testler yap\u0131yor, test ko\u015fullar\u0131, test do\u011frulu\u011funu ve sistem \u00e7ok y\u00f6nl\u00fcl\u00fc\u011f\u00fcn\u00fc art\u0131ran bir bilgisayar taraf\u0131ndan \u00f6nceden ayarlan\u0131yor ve deneysel veriler.<\/p>\n<p>Otomatik veri toplama, sens\u00f6rlerin uygulanmas\u0131yla ger\u00e7ekle\u015ftirilir ve silindirin veya valfin i\u00e7 s\u0131z\u0131nt\u0131s\u0131 ve y\u00fck verimlili\u011fi gibi \u00e7\u0131kt\u0131 verileri do\u011frudan bilgisayar taraf\u0131ndan i\u015flenerek standart birimlere (ml\/dak%) d\u00f6n\u00fc\u015ft\u00fcr\u00fcl\u00fcr. Ayn\u0131 zamanda, hidrolik sistemin \u00e7al\u0131\u015fma g\u00fcvenli\u011fini sa\u011flamak i\u00e7in, \"ya\u011f s\u0131cakl\u0131\u011f\u0131 izleme, s\u0131v\u0131 seviyesi izleme, filtre cihaz\u0131 izleme\" vb. gibi temel performans parametreleri i\u00e7in durum izleme i\u015flevi ger\u00e7ekle\u015ftirilir. Bunlar aras\u0131nda, hidrolik silindir test stand\u0131 \"y\u00fck\" performans\u0131n\u0131 test edebilir.<br \/>\nVerimlilik \"ve\" i\u00e7 s\u0131z\u0131nt\u0131 \"okumalar\u0131yla \u00f6l\u00e7\u00fcl\u00fcr. Ayn\u0131 zamanda, ulusal standarda g\u00f6re hidrolik silindir \u00fcr\u00fcnlerinin t\u00fcm test \u00f6\u011felerinin gereksinimlerini kar\u015f\u0131layan bir \u0131zgara cetveli \u00f6l\u00e7\u00fcm cihaz\u0131 ile donat\u0131lm\u0131\u015ft\u0131r.<\/p>","protected":false},"excerpt":{"rendered":"<p>HCYY11112001 Forklift Tilt Cylinder The HCYY11112001 Forklift Tilt Cylinder is an essential powerhouse for any forklift, significantly boosting operational efficiency. This high-performance tilt cylinder ensures smooth and precise tilting of the fork arms, allowing operators to maneuver loads effortlessly and accurately. Whether you&#8217;re in a bustling warehouse, on a construction site, or managing a distribution [&hellip;]<\/p>","protected":false},"featured_media":16981,"comment_status":"open","ping_status":"closed","template":"","meta":{"_et_pb_use_builder":"","_et_pb_old_content":"","_et_gb_content_width":""},"product_brand":[],"product_cat":[1550,1484,1376],"product_tag":[],"class_list":{"0":"post-16975","1":"product","2":"type-product","3":"status-publish","4":"has-post-thumbnail","6":"product_cat-double-acting-hydraulic-cylinder","7":"product_cat-forklift-hydraulic-cylinders","8":"product_cat-hydraulic-cylinder","10":"first","11":"instock","12":"shipping-taxable","13":"product-type-simple"},"amp_enabled":true,"_links":{"self":[{"href":"https:\/\/www.hydraulic-cylinders.net\/tr\/wp-json\/wp\/v2\/product\/16975","targetHints":{"allow":["GET"]}}],"collection":[{"href":"https:\/\/www.hydraulic-cylinders.net\/tr\/wp-json\/wp\/v2\/product"}],"about":[{"href":"https:\/\/www.hydraulic-cylinders.net\/tr\/wp-json\/wp\/v2\/types\/product"}],"replies":[{"embeddable":true,"href":"https:\/\/www.hydraulic-cylinders.net\/tr\/wp-json\/wp\/v2\/comments?post=16975"}],"wp:featuredmedia":[{"embeddable":true,"href":"https:\/\/www.hydraulic-cylinders.net\/tr\/wp-json\/wp\/v2\/media\/16981"}],"wp:attachment":[{"href":"https:\/\/www.hydraulic-cylinders.net\/tr\/wp-json\/wp\/v2\/media?parent=16975"}],"wp:term":[{"taxonomy":"product_brand","embeddable":true,"href":"https:\/\/www.hydraulic-cylinders.net\/tr\/wp-json\/wp\/v2\/product_brand?post=16975"},{"taxonomy":"product_cat","embeddable":true,"href":"https:\/\/www.hydraulic-cylinders.net\/tr\/wp-json\/wp\/v2\/product_cat?post=16975"},{"taxonomy":"product_tag","embeddable":true,"href":"https:\/\/www.hydraulic-cylinders.net\/tr\/wp-json\/wp\/v2\/product_tag?post=16975"}],"curies":[{"name":"wp","href":"https:\/\/api.w.org\/{rel}","templated":true}]}}