{"id":16982,"date":"2025-01-21T08:46:17","date_gmt":"2025-01-21T08:46:17","guid":{"rendered":"https:\/\/www.hydraulic-cylinders.net\/?post_type=product&#038;p=16982"},"modified":"2025-04-11T03:15:39","modified_gmt":"2025-04-11T03:15:39","slug":"hcyy11112002-forklift-steering-cylinder","status":"publish","type":"product","link":"https:\/\/www.hydraulic-cylinders.net\/tr\/urun\/hcyy11112002-forklift-steering-cylinder\/","title":{"rendered":"HCYY11112002 Forklift Direksiyon Silindiri"},"content":{"rendered":"<h1 style=\"text-align: center;\"><strong>HCYY11112002 Forklift Direksiyon Silindiri\u00a0<\/strong><\/h1>\n<h1 style=\"text-align: center;\"><strong><img loading=\"lazy\" decoding=\"async\" class=\"alignnone size-full wp-image-16984\" src=\"https:\/\/www.hydraulic-cylinders.net\/wp-content\/uploads\/2025\/01\/hcyy11112002-forklift-lifting-cylinder-2.webp\" alt=\"\" width=\"1496\" height=\"517\" srcset=\"https:\/\/www.hydraulic-cylinders.net\/wp-content\/uploads\/2025\/01\/hcyy11112002-forklift-lifting-cylinder-2.webp 1496w, https:\/\/www.hydraulic-cylinders.net\/wp-content\/uploads\/2025\/01\/hcyy11112002-forklift-lifting-cylinder-2-1280x442.webp 1280w, https:\/\/www.hydraulic-cylinders.net\/wp-content\/uploads\/2025\/01\/hcyy11112002-forklift-lifting-cylinder-2-980x339.webp 980w, https:\/\/www.hydraulic-cylinders.net\/wp-content\/uploads\/2025\/01\/hcyy11112002-forklift-lifting-cylinder-2-480x166.webp 480w\" sizes=\"(min-width: 0px) and (max-width: 480px) 480px, (min-width: 481px) and (max-width: 980px) 980px, (min-width: 981px) and (max-width: 1280px) 1280px, (min-width: 1281px) 1496px, 100vw\" \/> <\/strong><\/h1>\n<p>HCYY11112002 Forklift Direksiyon Silindiri, forkliftlerin \u00e7e\u015fitli \u00e7al\u0131\u015fma ortamlar\u0131ndaki manevra kabiliyetini ve kontrol\u00fcn\u00fc \u00f6nemli \u00f6l\u00e7\u00fcde art\u0131ran hayati bir bile\u015fendir. Hem verimlilik hem de g\u00fcvenilirlik i\u00e7in tasarlanan bu direksiyon silindiri, operat\u00f6rlerin dar alanlarda hareket etmesini ve a\u011f\u0131r y\u00fckleri zahmetsizce y\u00f6netmesini sa\u011flar.<\/p>\n<p>Her forklift operasyonunun vazge\u00e7ilmez bir par\u00e7as\u0131 olan HCYY11112002, sa\u011flam yap\u0131s\u0131, ola\u011fan\u00fcst\u00fc tepki h\u0131z\u0131 ve kolay bak\u0131m\u0131yla, malzeme ta\u015f\u0131ma kapasitelerini geli\u015ftirmeyi hedefleyen i\u015fletmeler i\u00e7in ideal bir se\u00e7imdir. Do\u011fru kullan\u0131m ve bak\u0131m uygulamalar\u0131na ba\u011fl\u0131 kalarak, direksiyon silindirinin sorunsuz ve verimli bir \u015fekilde \u00e7al\u0131\u015fmas\u0131n\u0131 sa\u011flayarak daha g\u00fcvenli ve daha etkili operasyonlar sa\u011flayabilirsiniz.<\/p>\n<p>HCYY11112002 gibi y\u00fcksek kaliteli bile\u015fenlere yat\u0131r\u0131m yapmak, yaln\u0131zca verimlili\u011fi art\u0131rmakla kalmaz, ayn\u0131 zamanda \u00e7al\u0131\u015fanlar\u0131n\u0131z\u0131n genel g\u00fcvenli\u011fini de art\u0131r\u0131r. G\u00fcvenilir direksiyonun yaratabilece\u011fi fark\u0131 deneyimleyin ve operasyonel verimlili\u011finizi bug\u00fcn d\u00f6n\u00fc\u015ft\u00fcr\u00fcn!<\/p>\n<h2><strong>HCYY11112002 Forklift Direksiyon Silindiri Parametresi:<\/strong><\/h2>\n<h1 style=\"text-align: center;\"><strong><img loading=\"lazy\" decoding=\"async\" class=\"alignnone size-full wp-image-16983\" src=\"https:\/\/www.hydraulic-cylinders.net\/wp-content\/uploads\/2025\/01\/hcyy11112002-forklift-lifting-cylinder-1.webp\" alt=\"\" width=\"1514\" height=\"142\" srcset=\"https:\/\/www.hydraulic-cylinders.net\/wp-content\/uploads\/2025\/01\/hcyy11112002-forklift-lifting-cylinder-1.webp 1514w, https:\/\/www.hydraulic-cylinders.net\/wp-content\/uploads\/2025\/01\/hcyy11112002-forklift-lifting-cylinder-1-1280x120.webp 1280w, https:\/\/www.hydraulic-cylinders.net\/wp-content\/uploads\/2025\/01\/hcyy11112002-forklift-lifting-cylinder-1-980x92.webp 980w, https:\/\/www.hydraulic-cylinders.net\/wp-content\/uploads\/2025\/01\/hcyy11112002-forklift-lifting-cylinder-1-480x45.webp 480w\" sizes=\"(min-width: 0px) and (max-width: 480px) 480px, (min-width: 481px) and (max-width: 980px) 980px, (min-width: 981px) and (max-width: 1280px) 1280px, (min-width: 1281px) 1514px, 100vw\" \/><\/strong><\/h1>\n<h1 style=\"text-align: center;\"><strong><img loading=\"lazy\" decoding=\"async\" class=\"alignnone size-full wp-image-16985\" src=\"https:\/\/www.hydraulic-cylinders.net\/wp-content\/uploads\/2025\/01\/hcyy11112002-forklift-lifting-cylinder-3.webp\" alt=\"\" width=\"1479\" height=\"707\" srcset=\"https:\/\/www.hydraulic-cylinders.net\/wp-content\/uploads\/2025\/01\/hcyy11112002-forklift-lifting-cylinder-3.webp 1479w, https:\/\/www.hydraulic-cylinders.net\/wp-content\/uploads\/2025\/01\/hcyy11112002-forklift-lifting-cylinder-3-1280x612.webp 1280w, https:\/\/www.hydraulic-cylinders.net\/wp-content\/uploads\/2025\/01\/hcyy11112002-forklift-lifting-cylinder-3-980x468.webp 980w, https:\/\/www.hydraulic-cylinders.net\/wp-content\/uploads\/2025\/01\/hcyy11112002-forklift-lifting-cylinder-3-480x229.webp 480w\" sizes=\"(min-width: 0px) and (max-width: 480px) 480px, (min-width: 481px) and (max-width: 980px) 980px, (min-width: 981px) and (max-width: 1280px) 1280px, (min-width: 1281px) 1479px, 100vw\" \/> <img loading=\"lazy\" decoding=\"async\" class=\"alignnone size-full wp-image-16986\" src=\"https:\/\/www.hydraulic-cylinders.net\/wp-content\/uploads\/2025\/01\/hcyy11112002-forklift-lifting-cylinder-4.webp\" alt=\"\" width=\"1477\" height=\"710\" srcset=\"https:\/\/www.hydraulic-cylinders.net\/wp-content\/uploads\/2025\/01\/hcyy11112002-forklift-lifting-cylinder-4.webp 1477w, https:\/\/www.hydraulic-cylinders.net\/wp-content\/uploads\/2025\/01\/hcyy11112002-forklift-lifting-cylinder-4-1280x615.webp 1280w, https:\/\/www.hydraulic-cylinders.net\/wp-content\/uploads\/2025\/01\/hcyy11112002-forklift-lifting-cylinder-4-980x471.webp 980w, https:\/\/www.hydraulic-cylinders.net\/wp-content\/uploads\/2025\/01\/hcyy11112002-forklift-lifting-cylinder-4-480x231.webp 480w\" sizes=\"(min-width: 0px) and (max-width: 480px) 480px, (min-width: 481px) and (max-width: 980px) 980px, (min-width: 981px) and (max-width: 1280px) 1280px, (min-width: 1281px) 1477px, 100vw\" \/> <img loading=\"lazy\" decoding=\"async\" class=\"alignnone size-full wp-image-16987\" src=\"https:\/\/www.hydraulic-cylinders.net\/wp-content\/uploads\/2025\/01\/hcyy11112002-forklift-lifting-cylinder-5.webp\" alt=\"\" width=\"1495\" height=\"730\" srcset=\"https:\/\/www.hydraulic-cylinders.net\/wp-content\/uploads\/2025\/01\/hcyy11112002-forklift-lifting-cylinder-5.webp 1495w, https:\/\/www.hydraulic-cylinders.net\/wp-content\/uploads\/2025\/01\/hcyy11112002-forklift-lifting-cylinder-5-1280x625.webp 1280w, https:\/\/www.hydraulic-cylinders.net\/wp-content\/uploads\/2025\/01\/hcyy11112002-forklift-lifting-cylinder-5-980x479.webp 980w, https:\/\/www.hydraulic-cylinders.net\/wp-content\/uploads\/2025\/01\/hcyy11112002-forklift-lifting-cylinder-5-480x234.webp 480w\" sizes=\"(min-width: 0px) and (max-width: 480px) 480px, (min-width: 481px) and (max-width: 980px) 980px, (min-width: 981px) and (max-width: 1280px) 1280px, (min-width: 1281px) 1495px, 100vw\" \/><\/strong><\/h1>\n<h1 style=\"text-align: center;\"><\/h1>\n<h2>\u00a0<strong>Forklift Silindir Serisi:\u00a0<\/strong><\/h2>\n<h2><img loading=\"lazy\" decoding=\"async\" class=\"alignnone size-full wp-image-16971\" src=\"https:\/\/www.hydraulic-cylinders.net\/wp-content\/uploads\/2025\/01\/fork-lift-cylinder.webp\" alt=\"\" width=\"2004\" height=\"2529\" srcset=\"https:\/\/www.hydraulic-cylinders.net\/wp-content\/uploads\/2025\/01\/fork-lift-cylinder.webp 2004w, https:\/\/www.hydraulic-cylinders.net\/wp-content\/uploads\/2025\/01\/fork-lift-cylinder-1280x1615.webp 1280w, https:\/\/www.hydraulic-cylinders.net\/wp-content\/uploads\/2025\/01\/fork-lift-cylinder-980x1237.webp 980w, https:\/\/www.hydraulic-cylinders.net\/wp-content\/uploads\/2025\/01\/fork-lift-cylinder-480x606.webp 480w\" sizes=\"(min-width: 0px) and (max-width: 480px) 480px, (min-width: 481px) and (max-width: 980px) 980px, (min-width: 981px) and (max-width: 1280px) 1280px, (min-width: 1281px) 2004px, 100vw\" \/><\/h2>\n<h2><strong>HCYY11112002 Forklift Direksiyon Silindirinin Temel \u00d6zellikleri:<\/strong><\/h2>\n<ul>\n<li><strong>Dayan\u0131kl\u0131 Yap\u0131<\/strong>Birinci s\u0131n\u0131f malzemelerden \u00fcretilen HCYY11112002, a\u011f\u0131r hizmet tipi operasyonlar\u0131n ve zorlu \u00e7al\u0131\u015fma ko\u015fullar\u0131n\u0131n gerekliliklerine dayanacak \u015fekilde \u00fcretilmi\u015ftir. Sa\u011flam tasar\u0131m\u0131, ola\u011fan\u00fcst\u00fc uzun \u00f6m\u00fcr ve g\u00fcvenilirlik sa\u011flayarak s\u0131k s\u0131k de\u011fi\u015ftirme ihtiyac\u0131n\u0131 en aza indirir.<\/li>\n<li><strong>Y\u00fcksek Duyarl\u0131l\u0131k<\/strong>: H\u0131zl\u0131 ve hassas direksiyon tepkileri sunan bu direksiyon silindiriyle benzersiz bir kontrol deneyimi ya\u015fay\u0131n. Operat\u00f6rler, dar k\u00f6\u015feleri ve karma\u015f\u0131k yerle\u015fimleri zahmetsizce ge\u00e7ebilir, b\u00f6ylece daha ak\u0131c\u0131 d\u00f6n\u00fc\u015fler yapabilir ve y\u00fcklerin daha iyi ta\u015f\u0131nmas\u0131n\u0131 sa\u011flayabilirsiniz. Bu duyarl\u0131l\u0131k, verimlili\u011fi art\u0131rman\u0131n yan\u0131 s\u0131ra genel g\u00fcvenli\u011fi de art\u0131r\u0131r.<\/li>\n<li><strong>Korozyon Direnci<\/strong>: HCYY11112002, paslanmaya ve bozulmaya kar\u015f\u0131 dayan\u0131kl\u0131 \u00f6zel i\u015flem g\u00f6rm\u00fc\u015f y\u00fczeylere sahiptir. Bu korozyon \u00f6nleyici \u00f6zellik, silindirin \u00f6mr\u00fcn\u00fc uzat\u0131r ve nem veya sert kimyasallara maruz kalan ortamlarda bile optimum performans\u0131 korur.<\/li>\n<li><strong>Kolay Kurulum<\/strong>Kullan\u0131c\u0131 kolayl\u0131\u011f\u0131 d\u00fc\u015f\u00fcn\u00fclerek tasarlanan HCYY11112002, kolay kurulum sa\u011flar. Sezgisel kurulum s\u00fcreci, kesinti s\u00fcresini en aza indirerek h\u0131zl\u0131 de\u011fi\u015fim ve onar\u0131m olana\u011f\u0131 sunar. Bu \u00f6zellik, operasyonlar\u0131n\u0131zda daha az kesinti ve \u00fcretkenli\u011fe daha fazla zaman ay\u0131rman\u0131z anlam\u0131na gelir.<\/li>\n<li><strong>Geni\u015f Uyumluluk<\/strong>: \u00c7ok y\u00f6nl\u00fcl\u00fck, HCYY11112002'nin ay\u0131rt edici \u00f6zelli\u011fidir. \u00c7e\u015fitli forklift modellerine uyacak \u015fekilde tasarlanan bu direksiyon silindiri, farkl\u0131 sistemlere sorunsuz bir \u015fekilde uyum sa\u011flayarak onu farkl\u0131 i\u015fletmeler i\u00e7in ideal bir se\u00e7im haline getirir. \u0130ster tek tip bir forklift, ister bir filo kullan\u0131yor olun, bu bile\u015fen \u00e7e\u015fitli ihtiya\u00e7lar\u0131n\u0131z\u0131 kolayl\u0131kla kar\u015f\u0131lar.<\/li>\n<li><strong>Geli\u015fmi\u015f G\u00fcvenlik \u00d6zellikleri<\/strong>Geli\u015fmi\u015f g\u00fcvenlik mekanizmalar\u0131 i\u00e7eren HCYY11112002, \u00e7e\u015fitli ko\u015fullar alt\u0131nda istikrarl\u0131 bir \u00e7al\u0131\u015fma sa\u011flar. Bu ek g\u00fcvenlik katman\u0131, hem operat\u00f6rleri hem de y\u00fckleri koruyarak genel i\u015f yeri ortam\u0131n\u0131 daha da iyile\u015ftirir.<\/li>\n<li><strong>D\u00fc\u015f\u00fck Bak\u0131m Gereksinimleri<\/strong>Dayan\u0131kl\u0131l\u0131k ve verimlilik i\u00e7in tasarlanan HCYY11112002, minimum bak\u0131m gerektirir. D\u00fczenli kontroller ve ara s\u0131ra ya\u011flama, en iyi performans\u0131n\u0131 korumas\u0131n\u0131 sa\u011flayarak ekibinizin s\u0131k s\u0131k bak\u0131m yapt\u0131rma endi\u015fesi ya\u015famadan i\u015flerine odaklanmas\u0131n\u0131 sa\u011flar.<\/li>\n<\/ul>\n<p>HCYY11112002 Forklift Direksiyon Silindirini se\u00e7erek, operasyonel verimlili\u011fi art\u0131ran ve daha g\u00fcvenli, daha \u00fcretken bir i\u015f ortam\u0131na katk\u0131da bulunan bir \u00fcr\u00fcne yat\u0131r\u0131m yapm\u0131\u015f olursunuz. Bu geli\u015fmi\u015f \u00f6zelliklerin malzeme ta\u015f\u0131ma operasyonlar\u0131n\u0131zda yaratabilece\u011fi fark\u0131 deneyimleyin!<\/p>\n<h2><strong>Bir Forklift Direksiyon Silindirinin De\u011fi\u015ftirilmesi Gerekti\u011fini G\u00f6steren Belirtiler Nelerdir?<\/strong><\/h2>\n<p>\u0130yi \u00e7al\u0131\u015fan bir direksiyon silindiri, forkliftinizin g\u00fcvenli \u00e7al\u0131\u015fmas\u0131 i\u00e7in \u00e7ok \u00f6nemlidir. \u0130\u015fte de\u011fi\u015ftirme zaman\u0131n\u0131n geldi\u011fini g\u00f6steren baz\u0131 i\u015faretler:<\/p>\n<ol>\n<li><strong>Hidrolik S\u0131v\u0131 S\u0131z\u0131nt\u0131lar\u0131<\/strong><br \/>\nForkliftinizin alt\u0131nda hidrolik s\u0131v\u0131 birikintileri fark ederseniz, bu bir tehlike i\u015faretidir. S\u0131z\u0131nt\u0131lar, direksiyon silindirindeki contalar\u0131n a\u015f\u0131nm\u0131\u015f veya hasarl\u0131 olabilece\u011fini ve sistemin b\u00fct\u00fcnl\u00fc\u011f\u00fcn\u00fc tehlikeye atabilece\u011fini g\u00f6sterir.<\/li>\n<li><strong>Direksiyon Zorluklar\u0131<\/strong><br \/>\nDireksiyonu \u00e7evirmede zorlanmak veya sert bir diren\u00e7 hissetmek, altta yatan sorunlar\u0131n habercisi olabilir. Verimlilik ve g\u00fcvenlik i\u00e7in duyarl\u0131 bir direksiyon sistemi \u015fartt\u0131r, bu nedenle bu belirtileri g\u00f6z ard\u0131 etmeyin.<\/li>\n<li><strong>Al\u0131\u015f\u0131lmad\u0131k Sesler<\/strong><br \/>\n\u00c7al\u0131\u015fma s\u0131ras\u0131nda herhangi bir s\u00fcrt\u00fcnme, g\u0131c\u0131rt\u0131 veya t\u0131k\u0131rt\u0131 sesine dikkat edin. Bu sesler, direksiyon silindirindeki mekanik a\u015f\u0131nma veya hizalama bozuklu\u011funun g\u00f6stergesi olabilir ve bu durum, m\u00fcdahale edilmezse daha ciddi sorunlara yol a\u00e7abilir.<\/li>\n<li><strong>A\u015f\u0131nm\u0131\u015f Contalar ve Bur\u00e7lar<\/strong><br \/>\nContalar\u0131 ve bur\u00e7lar\u0131 a\u015f\u0131nma belirtileri a\u00e7\u0131s\u0131ndan d\u00fczenli olarak kontrol edin. \u00c7atlaklar veya y\u0131pranmalar s\u0131z\u0131nt\u0131lara ve performans d\u00fc\u015f\u00fckl\u00fc\u011f\u00fcne yol a\u00e7abilir, bu nedenle zaman\u0131nda de\u011fi\u015ftirilmesi kritik \u00f6nem ta\u015f\u0131r.<\/li>\n<li><strong>Tutarl\u0131 Olmayan Hareket<\/strong><br \/>\nForkliftinizin direksiyonu sars\u0131nt\u0131l\u0131 veya dengesizse, bu durum silindir i\u00e7indeki hidrolik sorunlar\u0131na i\u015faret ediyor olabilir. \u00d6zellikle dar alanlarda hassas manevralar i\u00e7in d\u00fczg\u00fcn bir direksiyon hakimiyeti hayati \u00f6nem ta\u015f\u0131r.<\/li>\n<li><strong>A\u015f\u0131r\u0131 Oyun<\/strong><br \/>\nDireksiyon simidinde belirgin bir bo\u015fluk veya gev\u015feklik art\u0131\u015f\u0131, direksiyon silindirinin ar\u0131zal\u0131 oldu\u011funu g\u00f6sterebilir. Bu durum, kontrol\u00fcn\u00fcz\u00fc etkileyebilir ve kaza riskini art\u0131rabilir.<\/li>\n<li><strong>Uyar\u0131 I\u015f\u0131klar\u0131<\/strong><br \/>\nBir\u00e7ok modern forklift, olas\u0131 sorunlara kar\u015f\u0131 sizi uyaran te\u015fhis sistemlerine sahiptir. Direksiyonla ilgili bir uyar\u0131 \u0131\u015f\u0131\u011f\u0131 g\u00f6r\u00fcrseniz, ciddiye al\u0131n ve derhal inceleyin.<\/li>\n<\/ol>\n<p>Bu belirtiler konusunda proaktif olmak, sizi masrafl\u0131 onar\u0131mlardan ve g\u00fcvenli olmayan \u00e7al\u0131\u015fma ko\u015fullar\u0131ndan kurtarabilir. D\u00fczenli bak\u0131m ve zaman\u0131nda de\u011fi\u015fim, forkliftinizin g\u00fcvenilir ve verimli kalmas\u0131n\u0131 sa\u011flar. Bu belirtilerden herhangi birini fark ederseniz, durumu de\u011ferlendirmek ve optimum performans i\u00e7in direksiyon silindirinizi de\u011fi\u015ftirmeyi d\u00fc\u015f\u00fcnmek \u00fczere bir uzmana dan\u0131\u015f\u0131n. G\u00fcvenli\u011finiz ve verimlili\u011finiz buna ba\u011fl\u0131!<\/p>\n<h2><strong>Forklift Silindir \u00dcretim Alan\u0131:<\/strong><\/h2>\n<h2><img loading=\"lazy\" decoding=\"async\" class=\"alignnone size-full wp-image-16972\" src=\"https:\/\/www.hydraulic-cylinders.net\/wp-content\/uploads\/2025\/01\/hydraulic-cylinder-factory-1-scaled.webp\" alt=\"\" width=\"2016\" height=\"2560\" srcset=\"https:\/\/www.hydraulic-cylinders.net\/wp-content\/uploads\/2025\/01\/hydraulic-cylinder-factory-1-scaled.webp 2016w, https:\/\/www.hydraulic-cylinders.net\/wp-content\/uploads\/2025\/01\/hydraulic-cylinder-factory-1-1280x1625.webp 1280w, https:\/\/www.hydraulic-cylinders.net\/wp-content\/uploads\/2025\/01\/hydraulic-cylinder-factory-1-980x1244.webp 980w, https:\/\/www.hydraulic-cylinders.net\/wp-content\/uploads\/2025\/01\/hydraulic-cylinder-factory-1-480x610.webp 480w\" sizes=\"(min-width: 0px) and (max-width: 480px) 480px, (min-width: 481px) and (max-width: 980px) 980px, (min-width: 981px) and (max-width: 1280px) 1280px, (min-width: 1281px) 2016px, 100vw\" \/><\/h2>\n<p>Montaj i\u00e7in birinci s\u0131n\u0131f, ba\u011f\u0131ms\u0131z bir Ar-Ge platformumuz bulunmaktad\u0131r. Forklift silindir \u00fcretim at\u00f6lyemizde, y\u0131ll\u0131k \u00fcretim kapasitesi milyon adet olan d\u00f6rt adet yar\u0131 otomatik kald\u0131rma silindiri montaj hatt\u0131 ve tam otomatik bir devirme silindiri montaj hatt\u0131 bulunmaktad\u0131r. \u00d6zel silindir at\u00f6lyemizde ise, y\u0131ll\u0131k \u00fcretim kapasitesi 200.000 adet olan \u00e7e\u015fitli \u00f6zelliklerde yar\u0131 otomatik temizleme ve montaj sistemleri bulunmaktad\u0131r. At\u00f6lyemiz, \u00fcnl\u00fc marka CNC i\u015fleme ekipmanlar\u0131, i\u015fleme merkezleri, y\u00fcksek hassasiyetli silindir i\u015fleme i\u00e7in \u00f6zel ekipmanlar, robot kaynak makineleri, otomatik temizleme makineleri, otomatik silindir montaj makineleri ve otomatik boya \u00fcretim hatlar\u0131 ile donat\u0131lm\u0131\u015ft\u0131r. 300'den fazla ana ekipman setimiz \u00e7al\u0131\u015f\u0131r durumdad\u0131r. Ekipman kaynaklar\u0131n\u0131n optimize edilmi\u015f tahsisi ve verimli kullan\u0131m\u0131, \u00fcr\u00fcnlerin hassasiyet gereksinimlerini kar\u015f\u0131lar ve y\u00fcksek standart kalite gereksinimlerini kar\u015f\u0131lar.<\/p>\n<p>\u0130\u015fleme at\u00f6lyesi, 400 mm Maksimum \u0130\u00e7 \u00c7ap ve 6 metre Maksimum Uzunlu\u011fa sahip silindir borular\u0131n\u0131n i\u015fleme i\u015flerini ger\u00e7ekle\u015ftirebilen \u00f6zel yap\u0131m e\u011fimli k\u0131lavuz ray tornalama merkezleri, i\u015fleme merkezleri, y\u00fcksek h\u0131zl\u0131 honlama makineleri, kaynak robotlar\u0131 ve di\u011fer ilgili ekipmanlarla donat\u0131lm\u0131\u015ft\u0131r.<\/p>\n<h2><img loading=\"lazy\" decoding=\"async\" class=\"alignnone size-full wp-image-16973\" src=\"https:\/\/www.hydraulic-cylinders.net\/wp-content\/uploads\/2025\/01\/hydraulic-cylinder-factory-2-scaled.webp\" alt=\"\" width=\"2011\" height=\"2560\" srcset=\"https:\/\/www.hydraulic-cylinders.net\/wp-content\/uploads\/2025\/01\/hydraulic-cylinder-factory-2-scaled.webp 2011w, https:\/\/www.hydraulic-cylinders.net\/wp-content\/uploads\/2025\/01\/hydraulic-cylinder-factory-2-1280x1629.webp 1280w, https:\/\/www.hydraulic-cylinders.net\/wp-content\/uploads\/2025\/01\/hydraulic-cylinder-factory-2-980x1248.webp 980w, https:\/\/www.hydraulic-cylinders.net\/wp-content\/uploads\/2025\/01\/hydraulic-cylinder-factory-2-480x611.webp 480w\" sizes=\"(min-width: 0px) and (max-width: 480px) 480px, (min-width: 481px) and (max-width: 980px) 980px, (min-width: 981px) and (max-width: 1280px) 1280px, (min-width: 1281px) 2011px, 100vw\" \/><\/h2>\n<p>K\u00fc\u00e7\u00fck ve orta boy silindirler i\u00e7in, vardiya ba\u015f\u0131na 4.000 adetlik \u00fcretim kapasitesine sahip, otomatik y\u00fckleme-bo\u015faltma ve otomatik p\u00fcsk\u00fcrtme robotlar\u0131 ile \u00e7al\u0131\u015fan tam otomatik su bazl\u0131 boya kaplama hatt\u0131m\u0131z bulunmaktad\u0131r. B\u00fcy\u00fck \u00f6l\u00e7ekli silindirler i\u00e7in, g\u00fc\u00e7 zinciriyle \u00e7al\u0131\u015fan ve vardiya ba\u015f\u0131na 60 kasal\u0131k tasar\u0131m kapasitesine sahip yar\u0131 otomatik bir boyama hatt\u0131m\u0131z daha bulunmaktad\u0131r.<\/p>\n<p>\u00dcr\u00fcn performans\u0131n\u0131 daha da iyile\u015ftirmek ve hidrolik silindirlerimizin sekt\u00f6rdeki liderlik konumunu sa\u011flamak i\u00e7in firmam\u0131z ve zjimee ortakla\u015fa hidrolik silindirler, hidrolik valfler ve hidrolik pompalar i\u00e7in kapsaml\u0131 bir performans laboratuvar\u0131 kurdu; laboratuvar, elektro-hidrolik teknoloji kullan\u0131larak bilgisayar destekli testler yap\u0131yor, test ko\u015fullar\u0131, test do\u011frulu\u011funu ve sistem \u00e7ok y\u00f6nl\u00fcl\u00fc\u011f\u00fcn\u00fc art\u0131ran bir bilgisayar taraf\u0131ndan \u00f6nceden ayarlan\u0131yor ve deneysel veriler.<\/p>\n<p>Otomatik veri toplama, sens\u00f6rlerin uygulanmas\u0131yla ger\u00e7ekle\u015ftirilir ve silindirin veya valfin i\u00e7 s\u0131z\u0131nt\u0131s\u0131 ve y\u00fck verimlili\u011fi gibi \u00e7\u0131kt\u0131 verileri do\u011frudan bilgisayar taraf\u0131ndan i\u015flenerek standart birimlere (ml\/dak%) d\u00f6n\u00fc\u015ft\u00fcr\u00fcl\u00fcr. Ayn\u0131 zamanda, hidrolik sistemin \u00e7al\u0131\u015fma g\u00fcvenli\u011fini sa\u011flamak i\u00e7in, \"ya\u011f s\u0131cakl\u0131\u011f\u0131 izleme, s\u0131v\u0131 seviyesi izleme, filtre cihaz\u0131 izleme\" vb. gibi temel performans parametreleri i\u00e7in durum izleme i\u015flevi ger\u00e7ekle\u015ftirilir. Bunlar aras\u0131nda, hidrolik silindir test stand\u0131 \"y\u00fck\" performans\u0131n\u0131 test edebilir.<br \/>\nVerimlilik \"ve\" i\u00e7 s\u0131z\u0131nt\u0131 \"okumalar\u0131yla \u00f6l\u00e7\u00fcl\u00fcr. Ayn\u0131 zamanda, ulusal standarda g\u00f6re hidrolik silindir \u00fcr\u00fcnlerinin t\u00fcm test \u00f6\u011felerinin gereksinimlerini kar\u015f\u0131layan bir \u0131zgara cetveli \u00f6l\u00e7\u00fcm cihaz\u0131 ile donat\u0131lm\u0131\u015ft\u0131r.<\/p>","protected":false},"excerpt":{"rendered":"<p>HCYY11112002 Forklift Steering Cylinder\u00a0 The HCYY11112002 Forklift Steering Cylinder stands as a vital component that significantly boosts the maneuverability and control of forklifts across diverse operational environments. Crafted for both efficiency and reliability, this steering cylinder empowers operators to navigate tight spaces and manage heavy loads effortlessly. As an essential part of any forklift operation, [&hellip;]<\/p>","protected":false},"featured_media":16988,"comment_status":"open","ping_status":"closed","template":"","meta":{"_et_pb_use_builder":"","_et_pb_old_content":"","_et_gb_content_width":""},"product_brand":[],"product_cat":[1550,1484,1376],"product_tag":[],"class_list":{"0":"post-16982","1":"product","2":"type-product","3":"status-publish","4":"has-post-thumbnail","6":"product_cat-double-acting-hydraulic-cylinder","7":"product_cat-forklift-hydraulic-cylinders","8":"product_cat-hydraulic-cylinder","10":"first","11":"instock","12":"shipping-taxable","13":"product-type-simple"},"amp_enabled":true,"_links":{"self":[{"href":"https:\/\/www.hydraulic-cylinders.net\/tr\/wp-json\/wp\/v2\/product\/16982","targetHints":{"allow":["GET"]}}],"collection":[{"href":"https:\/\/www.hydraulic-cylinders.net\/tr\/wp-json\/wp\/v2\/product"}],"about":[{"href":"https:\/\/www.hydraulic-cylinders.net\/tr\/wp-json\/wp\/v2\/types\/product"}],"replies":[{"embeddable":true,"href":"https:\/\/www.hydraulic-cylinders.net\/tr\/wp-json\/wp\/v2\/comments?post=16982"}],"wp:featuredmedia":[{"embeddable":true,"href":"https:\/\/www.hydraulic-cylinders.net\/tr\/wp-json\/wp\/v2\/media\/16988"}],"wp:attachment":[{"href":"https:\/\/www.hydraulic-cylinders.net\/tr\/wp-json\/wp\/v2\/media?parent=16982"}],"wp:term":[{"taxonomy":"product_brand","embeddable":true,"href":"https:\/\/www.hydraulic-cylinders.net\/tr\/wp-json\/wp\/v2\/product_brand?post=16982"},{"taxonomy":"product_cat","embeddable":true,"href":"https:\/\/www.hydraulic-cylinders.net\/tr\/wp-json\/wp\/v2\/product_cat?post=16982"},{"taxonomy":"product_tag","embeddable":true,"href":"https:\/\/www.hydraulic-cylinders.net\/tr\/wp-json\/wp\/v2\/product_tag?post=16982"}],"curies":[{"name":"wp","href":"https:\/\/api.w.org\/{rel}","templated":true}]}}