{"id":17032,"date":"2025-01-23T08:17:40","date_gmt":"2025-01-23T08:17:40","guid":{"rendered":"https:\/\/www.hydraulic-cylinders.net\/?post_type=product&#038;p=17032"},"modified":"2025-04-15T05:47:52","modified_gmt":"2025-04-15T05:47:52","slug":"hcyy11112014-swing-arm-cylinder-for-environmental-protection","status":"publish","type":"product","link":"https:\/\/www.hydraulic-cylinders.net\/tr\/urun\/hcyy11112014-swing-arm-cylinder-for-environmental-protection\/","title":{"rendered":"HCYY11112014 \u00c7evre Korumas\u0131 \u0130\u00e7in Sal\u0131ncak Kolu Silindiri"},"content":{"rendered":"<h1 style=\"text-align: center;\"><strong>HCYY11112014 \u00c7evre Korumas\u0131 \u0130\u00e7in Sal\u0131ncak Kolu Silindiri<\/strong><\/h1>\n<h1 style=\"text-align: center;\"><img loading=\"lazy\" decoding=\"async\" class=\"alignnone size-full wp-image-17034\" src=\"https:\/\/www.hydraulic-cylinders.net\/wp-content\/uploads\/2025\/01\/hcyy11112014-swing-arm-cylinder-2.webp\" alt=\"\" width=\"1495\" height=\"516\" srcset=\"https:\/\/www.hydraulic-cylinders.net\/wp-content\/uploads\/2025\/01\/hcyy11112014-swing-arm-cylinder-2.webp 1495w, https:\/\/www.hydraulic-cylinders.net\/wp-content\/uploads\/2025\/01\/hcyy11112014-swing-arm-cylinder-2-1280x442.webp 1280w, https:\/\/www.hydraulic-cylinders.net\/wp-content\/uploads\/2025\/01\/hcyy11112014-swing-arm-cylinder-2-980x338.webp 980w, https:\/\/www.hydraulic-cylinders.net\/wp-content\/uploads\/2025\/01\/hcyy11112014-swing-arm-cylinder-2-480x166.webp 480w\" sizes=\"(min-width: 0px) and (max-width: 480px) 480px, (min-width: 481px) and (max-width: 980px) 980px, (min-width: 981px) and (max-width: 1280px) 1280px, (min-width: 1281px) 1495px, 100vw\" \/><\/h1>\n<p>HCYY11112014 D\u00f6ner Kollu Silindir, operasyonel verimlili\u011fi art\u0131r\u0131rken \u00e7evresel s\u00fcrd\u00fcr\u00fclebilirli\u011fe \u00f6ncelik veren son teknoloji bir \u00e7\u00f6z\u00fcmd\u00fcr. Bu yenilik\u00e7i \u00fcr\u00fcn, \u00e7e\u015fitli sekt\u00f6rlere hizmet ederek minimum ekolojik etkiyle g\u00fcvenilir performans sunmaktad\u0131r.<\/p>\n<p>\u00c7evre dostu teknolojide \u00f6nemli bir ilerleme olan HCYY11112014 D\u00f6ner Kollu Silindir, dayan\u0131kl\u0131l\u0131k ve verimlili\u011fi b\u00fcnyesinde bar\u0131nd\u0131rarak s\u00fcrd\u00fcr\u00fclebilirli\u011fe \u00f6nem veren i\u015fletmeler i\u00e7in m\u00fckemmel bir se\u00e7imdir. Bu \u00fcr\u00fcn\u00fc operasyonlar\u0131n\u0131za entegre ederek yaln\u0131zca verimlili\u011fi art\u0131rmakla kalmaz, ayn\u0131 zamanda daha sa\u011fl\u0131kl\u0131 bir gezegene de katk\u0131da bulunursunuz. HCYY11112014'e yat\u0131r\u0131m yaparak bug\u00fcn ak\u0131ll\u0131ca bir se\u00e7im yap\u0131n ve \u00e7evre korumay\u0131 temel alan son teknoloji \u00fcr\u00fcn\u00fc \u00fcr\u00fcn\u00fcn avantajlar\u0131n\u0131 deneyimleyin.<\/p>\n<h2><strong>HCYY11112014 \u00c7evre Koruma Parametreleri \u0130\u00e7in D\u00f6ner Kol Silindiri:<\/strong><\/h2>\n<h1 style=\"text-align: center;\"><img loading=\"lazy\" decoding=\"async\" class=\"alignnone size-full wp-image-17033\" src=\"https:\/\/www.hydraulic-cylinders.net\/wp-content\/uploads\/2025\/01\/hcyy11112014-swing-arm-cylinder-1.webp\" alt=\"\" width=\"1515\" height=\"142\" srcset=\"https:\/\/www.hydraulic-cylinders.net\/wp-content\/uploads\/2025\/01\/hcyy11112014-swing-arm-cylinder-1.webp 1515w, https:\/\/www.hydraulic-cylinders.net\/wp-content\/uploads\/2025\/01\/hcyy11112014-swing-arm-cylinder-1-1280x120.webp 1280w, https:\/\/www.hydraulic-cylinders.net\/wp-content\/uploads\/2025\/01\/hcyy11112014-swing-arm-cylinder-1-980x92.webp 980w, https:\/\/www.hydraulic-cylinders.net\/wp-content\/uploads\/2025\/01\/hcyy11112014-swing-arm-cylinder-1-480x45.webp 480w\" sizes=\"(min-width: 0px) and (max-width: 480px) 480px, (min-width: 481px) and (max-width: 980px) 980px, (min-width: 981px) and (max-width: 1280px) 1280px, (min-width: 1281px) 1515px, 100vw\" \/><\/h1>\n<h1 style=\"text-align: center;\"><img loading=\"lazy\" decoding=\"async\" class=\"alignnone size-full wp-image-17035\" src=\"https:\/\/www.hydraulic-cylinders.net\/wp-content\/uploads\/2025\/01\/hcyy11112014-swing-arm-cylinder-3.webp\" alt=\"\" width=\"1480\" height=\"710\" srcset=\"https:\/\/www.hydraulic-cylinders.net\/wp-content\/uploads\/2025\/01\/hcyy11112014-swing-arm-cylinder-3.webp 1480w, https:\/\/www.hydraulic-cylinders.net\/wp-content\/uploads\/2025\/01\/hcyy11112014-swing-arm-cylinder-3-1280x614.webp 1280w, https:\/\/www.hydraulic-cylinders.net\/wp-content\/uploads\/2025\/01\/hcyy11112014-swing-arm-cylinder-3-980x470.webp 980w, https:\/\/www.hydraulic-cylinders.net\/wp-content\/uploads\/2025\/01\/hcyy11112014-swing-arm-cylinder-3-480x230.webp 480w\" sizes=\"(min-width: 0px) and (max-width: 480px) 480px, (min-width: 481px) and (max-width: 980px) 980px, (min-width: 981px) and (max-width: 1280px) 1280px, (min-width: 1281px) 1480px, 100vw\" \/> <img loading=\"lazy\" decoding=\"async\" class=\"alignnone size-full wp-image-17036\" src=\"https:\/\/www.hydraulic-cylinders.net\/wp-content\/uploads\/2025\/01\/hcyy11112014-swing-arm-cylinder-4.webp\" alt=\"\" width=\"1476\" height=\"707\" srcset=\"https:\/\/www.hydraulic-cylinders.net\/wp-content\/uploads\/2025\/01\/hcyy11112014-swing-arm-cylinder-4.webp 1476w, https:\/\/www.hydraulic-cylinders.net\/wp-content\/uploads\/2025\/01\/hcyy11112014-swing-arm-cylinder-4-1280x613.webp 1280w, https:\/\/www.hydraulic-cylinders.net\/wp-content\/uploads\/2025\/01\/hcyy11112014-swing-arm-cylinder-4-980x469.webp 980w, https:\/\/www.hydraulic-cylinders.net\/wp-content\/uploads\/2025\/01\/hcyy11112014-swing-arm-cylinder-4-480x230.webp 480w\" sizes=\"(min-width: 0px) and (max-width: 480px) 480px, (min-width: 481px) and (max-width: 980px) 980px, (min-width: 981px) and (max-width: 1280px) 1280px, (min-width: 1281px) 1476px, 100vw\" \/> <img loading=\"lazy\" decoding=\"async\" class=\"alignnone size-full wp-image-17037\" src=\"https:\/\/www.hydraulic-cylinders.net\/wp-content\/uploads\/2025\/01\/hcyy11112014-swing-arm-cylinder-5.webp\" alt=\"\" width=\"1411\" height=\"704\" srcset=\"https:\/\/www.hydraulic-cylinders.net\/wp-content\/uploads\/2025\/01\/hcyy11112014-swing-arm-cylinder-5.webp 1411w, https:\/\/www.hydraulic-cylinders.net\/wp-content\/uploads\/2025\/01\/hcyy11112014-swing-arm-cylinder-5-1280x639.webp 1280w, https:\/\/www.hydraulic-cylinders.net\/wp-content\/uploads\/2025\/01\/hcyy11112014-swing-arm-cylinder-5-980x489.webp 980w, https:\/\/www.hydraulic-cylinders.net\/wp-content\/uploads\/2025\/01\/hcyy11112014-swing-arm-cylinder-5-480x239.webp 480w\" sizes=\"(min-width: 0px) and (max-width: 480px) 480px, (min-width: 481px) and (max-width: 980px) 980px, (min-width: 981px) and (max-width: 1280px) 1280px, (min-width: 1281px) 1411px, 100vw\" \/><\/h1>\n<h2><strong>\u00c7evre Koruma \u0130\u00e7in Silindir Serisi:<\/strong><\/h2>\n<h2><img loading=\"lazy\" decoding=\"async\" class=\"alignnone size-full wp-image-17030\" src=\"https:\/\/www.hydraulic-cylinders.net\/wp-content\/uploads\/2025\/01\/cylinder-series-for-environmental-protection-scaled.webp\" alt=\"\" width=\"2044\" height=\"2560\" srcset=\"https:\/\/www.hydraulic-cylinders.net\/wp-content\/uploads\/2025\/01\/cylinder-series-for-environmental-protection-scaled.webp 2044w, https:\/\/www.hydraulic-cylinders.net\/wp-content\/uploads\/2025\/01\/cylinder-series-for-environmental-protection-1280x1603.webp 1280w, https:\/\/www.hydraulic-cylinders.net\/wp-content\/uploads\/2025\/01\/cylinder-series-for-environmental-protection-980x1227.webp 980w, https:\/\/www.hydraulic-cylinders.net\/wp-content\/uploads\/2025\/01\/cylinder-series-for-environmental-protection-480x601.webp 480w\" sizes=\"(min-width: 0px) and (max-width: 480px) 480px, (min-width: 481px) and (max-width: 980px) 980px, (min-width: 981px) and (max-width: 1280px) 1280px, (min-width: 1281px) 2044px, 100vw\" \/><\/h2>\n<h2><strong>\u00c7evre Koruma Ama\u00e7l\u0131 HCYY11112014 D\u00f6ner Kollu Silindirin Ba\u015fl\u0131ca \u00d6zellikleri:<\/strong><\/h2>\n<h4><strong>\u00c7evre Dostu Malzemeler<\/strong><\/h4>\n<p>HCYY11112014 Sal\u0131ncak Kolu Silindiri, y\u00fcksek kaliteli, geri d\u00f6n\u00fc\u015ft\u00fcr\u00fclebilir ve s\u00fcrd\u00fcr\u00fclebilir malzemelerden \u00fcretilmi\u015ftir. Sorumlu \u00fcretime olan bu ba\u011fl\u0131l\u0131k, \u00e7evresel etkiyi en aza indirir ve d\u00f6ng\u00fcsel ekonomiyi destekler. Bu silindiri se\u00e7erek, at\u0131klar\u0131n azalt\u0131ld\u0131\u011f\u0131 ve kaynaklar\u0131n en \u00fcst d\u00fczeye \u00e7\u0131kar\u0131ld\u0131\u011f\u0131 bir gelece\u011fe katk\u0131da bulunursunuz.<\/p>\n<h4><strong>D\u00fc\u015f\u00fck Enerji T\u00fcketimi<\/strong><\/h4>\n<p>Enerji verimlili\u011fi g\u00f6z \u00f6n\u00fcnde bulundurularak tasarlanan HCYY11112014, i\u015fletme maliyetlerini \u00f6nemli \u00f6l\u00e7\u00fcde d\u00fc\u015f\u00fcr\u00fcyor. Yenilik\u00e7i m\u00fchendisli\u011fi, enerji kullan\u0131m\u0131n\u0131 azaltarak karbon emisyonlar\u0131n\u0131n d\u00fc\u015fmesine yol a\u00e7\u0131yor. Bu, sadece giderlerden tasarruf etmekle kalmay\u0131p, iklim de\u011fi\u015fikli\u011fiyle m\u00fccadelede de hayati bir rol oynad\u0131\u011f\u0131n\u0131z anlam\u0131na geliyor. Hem i\u015fletmeniz hem de gezegen i\u00e7in kazan-kazan bir durum.<\/p>\n<h4><strong>Geli\u015fmi\u015f S\u0131zd\u0131rmazl\u0131k Teknolojisi<\/strong><\/h4>\n<p>G\u00fcvenlik ve \u00e7evre koruma her \u015feyden \u00f6nemlidir, bu nedenle HCYY11112014 en son teknolojiye sahip s\u0131zd\u0131rmazl\u0131k mekanizmalar\u0131na sahiptir. Bu geli\u015fmi\u015f contalar, tehlikeli maddelerin s\u0131z\u0131nt\u0131s\u0131n\u0131 etkili bir \u015fekilde \u00f6nleyerek, operasyonlar\u0131n\u0131z\u0131n \u00e7evredeki ekosistemi tehlikeye atmamas\u0131n\u0131 sa\u011flar. Bu teknoloji, g\u00fcvenli\u011fi art\u0131r\u0131r ve payda\u015flar ile topluluk aras\u0131nda g\u00fcveni g\u00fc\u00e7lendirir.<\/p>\n<h4><strong>Dayan\u0131kl\u0131 Yap\u0131<\/strong><\/h4>\n<p>En zorlu ko\u015fullara dayanacak \u015fekilde tasarlanan HCYY11112014, ola\u011fan\u00fcst\u00fc bir dayan\u0131kl\u0131l\u0131\u011fa sahiptir. Sa\u011flam yap\u0131s\u0131, uzun bir kullan\u0131m \u00f6mr\u00fc sa\u011flayarak s\u0131k s\u0131k de\u011fi\u015ftirme ihtiyac\u0131n\u0131 en aza indirir. Bu dayan\u0131kl\u0131l\u0131k, g\u00fcvenilirli\u011fe d\u00f6n\u00fc\u015ferek operasyonlar\u0131n\u0131z\u0131n kesintisiz bir \u015fekilde sorunsuz \u00e7al\u0131\u015fmas\u0131n\u0131 sa\u011flar ve genel bak\u0131m maliyetlerini d\u00fc\u015f\u00fcr\u00fcr.<\/p>\n<h4><strong>Kompakt Tasar\u0131m<\/strong><\/h4>\n<p>HCYY11112014'\u00fcn yenilik\u00e7i kompakt tasar\u0131m\u0131, onu \u00e7e\u015fitli uygulamalar i\u00e7in \u00e7ok y\u00f6nl\u00fc bir se\u00e7enek haline getiriyor. Yer tasarrufu sa\u011flayan profili, performanstan \u00f6d\u00fcn vermeden mevcut sistemlere sorunsuz entegrasyon imkan\u0131 sunuyor. Bu uyarlanabilirlik, \u00e7al\u0131\u015fma alan\u0131n\u0131z\u0131 optimize etmenizi, operasyonlar\u0131n\u0131zda verimlili\u011fi ve \u00fcretkenli\u011fi en \u00fcst d\u00fczeye \u00e7\u0131karman\u0131z\u0131 sa\u011fl\u0131yor.<\/p>\n<p>HCYY11112014 D\u00f6ner Kol Silindiri'ni se\u00e7erek, s\u00fcrd\u00fcr\u00fclebilirlik, verimlilik ve yenili\u011fi temsil eden bir \u00fcr\u00fcn\u00fc benimsiyorsunuz. \u00c7evreye duyarl\u0131 m\u00fchendisli\u011fin i\u015fletmeniz ve gezegenimizin gelece\u011fi i\u00e7in yaratabilece\u011fi fark\u0131 deneyimleyin.<\/p>\n<h2><strong>Hcyy11112014 Sal\u0131ncak Kolu Silindirini \u00c7evre Dostu Yapan Nedir?<\/strong><\/h2>\n<p>HCYY11112014 Sal\u0131ncak Kolu Silindiri, \u00e7e\u015fitli \u00f6nemli nedenlerden dolay\u0131 \u00e7evre dostu bir se\u00e7enek olarak \u00f6ne \u00e7\u0131kmaktad\u0131r:<\/p>\n<h4><strong>1. S\u00fcrd\u00fcr\u00fclebilir Malzemeler<\/strong><\/h4>\n<p>Geri d\u00f6n\u00fc\u015ft\u00fcr\u00fclebilir ve s\u00fcrd\u00fcr\u00fclebilir malzemelerden \u00fcretilen bu silindir, sorumlu \u00fcretim anlay\u0131\u015f\u0131n\u0131 yans\u0131tmaktad\u0131r. Bu \u00fcr\u00fcn\u00fc se\u00e7erek, kaynak korumay\u0131 ve at\u0131k azaltmay\u0131 \u00f6nceliklendiren d\u00f6ng\u00fcsel bir ekonomiyi desteklemi\u015f olursunuz.<\/p>\n<h4><strong>2. Enerji Verimlili\u011fi<\/strong><\/h4>\n<p>D\u00fc\u015f\u00fck enerji t\u00fcketimiyle tasarlanan HCYY11112014, i\u015fletme maliyetlerini \u00f6nemli \u00f6l\u00e7\u00fcde azalt\u0131r. Enerji tasarruflu teknolojisi sayesinde hem paradan tasarruf edersiniz hem de karbon emisyonlar\u0131n\u0131 d\u00fc\u015f\u00fcrerek iklim de\u011fi\u015fikli\u011fiyle m\u00fccadelede \u00f6nemli bir rol oynars\u0131n\u0131z. Bu da hem verimlili\u011finizi art\u0131rabilir hem de gezegene kar\u015f\u0131 duyarl\u0131 olabilirsiniz anlam\u0131na gelir.<\/p>\n<h4><strong>3. Geli\u015fmi\u015f S\u0131zd\u0131rmazl\u0131k Teknolojisi<\/strong><\/h4>\n<p>G\u00fcvenlik her \u015feyden \u00f6nemlidir ve HCYY11112014 bu alanda m\u00fckemmeldir. Son teknoloji \u00fcr\u00fcn\u00fc s\u0131zd\u0131rmazl\u0131k mekanizmalar\u0131, tehlikeli maddelerin s\u0131z\u0131nt\u0131s\u0131n\u0131 etkili bir \u015fekilde \u00f6nleyerek \u00e7evreyi korur ve g\u00fcvenlik standartlar\u0131na uyumu sa\u011flar. Bu teknoloji, payda\u015flar aras\u0131nda g\u00fcveni art\u0131r\u0131r ve \u00e7evreye duyarl\u0131 y\u00f6netim anlay\u0131\u015f\u0131n\u0131 g\u00f6sterir.<\/p>\n<h4><strong>4. Ola\u011fan\u00fcst\u00fc Dayan\u0131kl\u0131l\u0131k<\/strong><\/h4>\n<p>Zorlu ko\u015fullara dayanacak \u015fekilde tasarlanan HCYY11112014, uzun bir kullan\u0131m \u00f6mr\u00fc sunar. Bu dayan\u0131kl\u0131l\u0131k, s\u0131k de\u011fi\u015ftirme ihtiyac\u0131n\u0131 azaltarak israf\u0131 en aza indirir ve daha s\u00fcrd\u00fcr\u00fclebilir bir i\u015fletme modeline katk\u0131da bulunur. Bu t\u00fcp ile g\u00fcvenilirlik ve g\u00f6n\u00fcl rahatl\u0131\u011f\u0131ndan faydalan\u0131rs\u0131n\u0131z.<\/p>\n<h4><strong>5. Yerden Tasarruf Sa\u011flayan Tasar\u0131m<\/strong><\/h4>\n<p>Kompakt tasar\u0131m\u0131, performanstan \u00f6d\u00fcn vermeden mevcut sistemlere kolay entegrasyon sa\u011flar. Bu uyarlanabilirlik, \u00e7al\u0131\u015fma alan\u0131n\u0131z\u0131 optimize eder ve genel verimlili\u011fi art\u0131rarak \u00e7e\u015fitli uygulamalar i\u00e7in \u00e7ok y\u00f6nl\u00fc bir \u00e7\u00f6z\u00fcm haline getirir.<\/p>\n<p>\u00d6zetle, HCYY11112014 D\u00f6ner Kollu Silindir, sadece i\u015flevsel bir bile\u015fen olmaktan \u00f6te, s\u00fcrd\u00fcr\u00fclebilirli\u011fe y\u00f6nelik ileri g\u00f6r\u00fc\u015fl\u00fc bir yat\u0131r\u0131md\u0131r. Bu \u00e7evre dostu se\u00e7ene\u011fi tercih ederek, hem operasyonlar\u0131n\u0131z hem de \u00e7evre \u00fczerinde olumlu bir etki yarat\u0131yor ve daha ye\u015fil bir gelece\u011fin yolunu a\u00e7\u0131yorsunuz.<\/p>\n<h2><strong>Forklift Silindir \u00dcretim Alan\u0131:<\/strong><\/h2>\n<h2><img loading=\"lazy\" decoding=\"async\" class=\"alignnone size-full wp-image-16972\" src=\"https:\/\/www.hydraulic-cylinders.net\/wp-content\/uploads\/2025\/01\/hydraulic-cylinder-factory-1-scaled.webp\" alt=\"\" width=\"2016\" height=\"2560\" srcset=\"https:\/\/www.hydraulic-cylinders.net\/wp-content\/uploads\/2025\/01\/hydraulic-cylinder-factory-1-scaled.webp 2016w, https:\/\/www.hydraulic-cylinders.net\/wp-content\/uploads\/2025\/01\/hydraulic-cylinder-factory-1-1280x1625.webp 1280w, https:\/\/www.hydraulic-cylinders.net\/wp-content\/uploads\/2025\/01\/hydraulic-cylinder-factory-1-980x1244.webp 980w, https:\/\/www.hydraulic-cylinders.net\/wp-content\/uploads\/2025\/01\/hydraulic-cylinder-factory-1-480x610.webp 480w\" sizes=\"(min-width: 0px) and (max-width: 480px) 480px, (min-width: 481px) and (max-width: 980px) 980px, (min-width: 981px) and (max-width: 1280px) 1280px, (min-width: 1281px) 2016px, 100vw\" \/><\/h2>\n<p>Montaja adanm\u0131\u015f, son teknoloji \u00fcr\u00fcn\u00fc ba\u011f\u0131ms\u0131z bir Ar-Ge platformuna sahip olmam\u0131z, \u00fcretim s\u00fcre\u00e7lerimizde en \u00fcst d\u00fczey inovasyon ve kaliteyi garanti alt\u0131na almaktad\u0131r. Forklift silindiri \u00fcretim at\u00f6lyemizde, toplamda y\u0131lda bir milyon adede kadar \u00fcnite \u00fcretecek \u015fekilde tasarlanm\u0131\u015f d\u00f6rt adet yar\u0131 otomatik kald\u0131rma silindiri montaj hatt\u0131 ve tam otomatik bir devirme silindiri montaj hatt\u0131 bulunmaktad\u0131r.<\/p>\n<p>Ayr\u0131ca, \u00f6zel silindir at\u00f6lyemiz, y\u0131ll\u0131k 200.000 adet \u00fcretim kapasitesine sahip, \u00e7e\u015fitli \u00f6zelliklere g\u00f6re uyarlanm\u0131\u015f yar\u0131 otomatik temizleme ve montaj sistemleriyle donat\u0131lm\u0131\u015ft\u0131r. Y\u00fcksek hassasiyetli silindir i\u015fleme i\u00e7in tan\u0131nm\u0131\u015f CNC ekipmanlar\u0131, i\u015fleme merkezleri ve \u00f6zel aletler kullan\u0131yoruz. Tesisimizde ayr\u0131ca geli\u015fmi\u015f robotik kaynak makineleri, otomatik temizleme sistemleri ve tam otomatik silindir montaj ve boyama hatlar\u0131 bulunmaktad\u0131r. 300'den fazla \u00f6nemli ekipman\u0131m\u0131zla, kaynak tahsisini optimize ediyor ve verimli kullan\u0131m sa\u011flayarak, s\u0131k\u0131 hassasiyet ve kalite standartlar\u0131n\u0131 kar\u015f\u0131l\u0131yoruz.<\/p>\n<p>Tala\u015fl\u0131 imalat at\u00f6lyemizde \u00f6zel e\u011fimli k\u0131lavuz rayl\u0131 torna tezgahlar\u0131, i\u015fleme merkezleri, y\u00fcksek h\u0131zl\u0131 honlama makineleri, kaynak robotlar\u0131 ve di\u011fer temel ekipmanlar bulunmaktad\u0131r. Bu kurulum, maksimum i\u00e7 \u00e7ap\u0131 400 mm ve uzunlu\u011fu 6 metreye kadar olan silindir borular\u0131n\u0131n i\u015flenmesini sa\u011flayarak \u00fcretim kapasitemizi daha da art\u0131rmam\u0131z\u0131 sa\u011flar.<\/p>\n<h2><img loading=\"lazy\" decoding=\"async\" class=\"alignnone size-full wp-image-16973\" src=\"https:\/\/www.hydraulic-cylinders.net\/wp-content\/uploads\/2025\/01\/hydraulic-cylinder-factory-2-scaled.webp\" alt=\"\" width=\"2011\" height=\"2560\" srcset=\"https:\/\/www.hydraulic-cylinders.net\/wp-content\/uploads\/2025\/01\/hydraulic-cylinder-factory-2-scaled.webp 2011w, https:\/\/www.hydraulic-cylinders.net\/wp-content\/uploads\/2025\/01\/hydraulic-cylinder-factory-2-1280x1629.webp 1280w, https:\/\/www.hydraulic-cylinders.net\/wp-content\/uploads\/2025\/01\/hydraulic-cylinder-factory-2-980x1248.webp 980w, https:\/\/www.hydraulic-cylinders.net\/wp-content\/uploads\/2025\/01\/hydraulic-cylinder-factory-2-480x611.webp 480w\" sizes=\"(min-width: 0px) and (max-width: 480px) 480px, (min-width: 481px) and (max-width: 980px) 980px, (min-width: 981px) and (max-width: 1280px) 1280px, (min-width: 1281px) 2011px, 100vw\" \/><\/h2>\n<p>K\u00fc\u00e7\u00fck ve orta boy silindirler i\u00e7in \u00f6zel olarak tasarlanm\u0131\u015f, otomatik y\u00fckleme, bo\u015faltma ve p\u00fcsk\u00fcrtme robotlar\u0131na sahip, tam otomatik su bazl\u0131 boya kaplama hatt\u0131m\u0131z bulunmaktad\u0131r. Bu son teknoloji sistem, vardiya ba\u015f\u0131na 4.000 adet \u00fcretim kapasitesine sahiptir. Ayr\u0131ca, b\u00fcy\u00fck \u00f6l\u00e7ekli silindirler i\u00e7in zincir tahrikli, vardiya ba\u015f\u0131na 60 kasa tasar\u0131m kapasitesine sahip yar\u0131 otomatik bir boyama hatt\u0131m\u0131z da bulunmaktad\u0131r.<\/p>\n<p>\u00dcr\u00fcn performans\u0131n\u0131 art\u0131rmak ve hidrolik silindir sekt\u00f6r\u00fcndeki liderli\u011fimizi peki\u015ftirmek i\u00e7in, hidrolik silindirler, valfler ve pompalara \u00f6zel kapsaml\u0131 bir performans laboratuvar\u0131 kurmak \u00fczere ZJIMEE ile ortakl\u0131k kurduk. Bu geli\u015fmi\u015f laboratuvar, elektro-hidrolik teknolojili bilgisayar destekli testler kullanarak, do\u011frulu\u011fu ve sistem \u00e7ok y\u00f6nl\u00fcl\u00fc\u011f\u00fcn\u00fc art\u0131ran \u00f6nceden ayarlanm\u0131\u015f test ko\u015fullar\u0131 sunar. Otomatik veri toplama s\u00fcreci, i\u00e7 s\u0131z\u0131nt\u0131 ve y\u00fck verimlili\u011fi gibi \u00e7\u0131kt\u0131 verilerini toplamak i\u00e7in sens\u00f6rler kullan\u0131r ve bu veriler daha sonra bir bilgisayar taraf\u0131ndan i\u015flenerek standart birimlere (ml\/dak%) d\u00f6n\u00fc\u015ft\u00fcr\u00fcl\u00fcr.<\/p>\n<p>Ayr\u0131ca, hidrolik sistemlerimizin g\u00fcvenli\u011fini sa\u011flamak i\u00e7in ya\u011f s\u0131cakl\u0131\u011f\u0131, s\u0131v\u0131 seviyesi ve filtre cihaz\u0131 durumu gibi temel performans parametreleri i\u00e7in durum izleme sistemi uyguluyoruz. Hidrolik silindir test stand\u0131m\u0131z, hassas \u00f6l\u00e7\u00fcmler arac\u0131l\u0131\u011f\u0131yla \"y\u00fck verimlili\u011fi\" ve \"i\u00e7 s\u0131z\u0131nt\u0131\" de\u011ferlerini de\u011ferlendirebilir. Ayr\u0131ca, hidrolik silindir \u00fcr\u00fcnleri i\u00e7in t\u00fcm test gerekliliklerine uyumu garanti eden ulusal standartlar\u0131 kar\u015f\u0131layan bir \u0131zgara cetveli \u00f6l\u00e7\u00fcm cihaz\u0131 ile donat\u0131lm\u0131\u015ft\u0131r.<\/p>\n<p>&nbsp;<\/p>","protected":false},"excerpt":{"rendered":"<p>HCYY11112014 Swing Arm Cylinder For Environmental Protection The HCYY11112014 Swing Arm Cylinder is a state-of-the-art solution that boosts operational efficiency while prioritizing environmental sustainability. This innovative product serves various industries, delivering reliable performance with minimal ecological impact. As a significant advancement in eco-friendly technology, the HCYY11112014 Swing Arm Cylinder embodies durability and efficiency, making it [&hellip;]<\/p>","protected":false},"featured_media":17044,"comment_status":"open","ping_status":"closed","template":"","meta":{"_et_pb_use_builder":"","_et_pb_old_content":"","_et_gb_content_width":""},"product_brand":[],"product_cat":[1550,1486,1552,1376],"product_tag":[],"class_list":{"0":"post-17032","1":"product","2":"type-product","3":"status-publish","4":"has-post-thumbnail","6":"product_cat-double-acting-hydraulic-cylinder","7":"product_cat-sanitation-machinery-hydraulic-cylinders","8":"product_cat-stainless-steel-hydraulic-cylinder","9":"product_cat-hydraulic-cylinder","11":"first","12":"instock","13":"shipping-taxable","14":"product-type-simple"},"amp_enabled":true,"_links":{"self":[{"href":"https:\/\/www.hydraulic-cylinders.net\/tr\/wp-json\/wp\/v2\/product\/17032","targetHints":{"allow":["GET"]}}],"collection":[{"href":"https:\/\/www.hydraulic-cylinders.net\/tr\/wp-json\/wp\/v2\/product"}],"about":[{"href":"https:\/\/www.hydraulic-cylinders.net\/tr\/wp-json\/wp\/v2\/types\/product"}],"replies":[{"embeddable":true,"href":"https:\/\/www.hydraulic-cylinders.net\/tr\/wp-json\/wp\/v2\/comments?post=17032"}],"wp:featuredmedia":[{"embeddable":true,"href":"https:\/\/www.hydraulic-cylinders.net\/tr\/wp-json\/wp\/v2\/media\/17044"}],"wp:attachment":[{"href":"https:\/\/www.hydraulic-cylinders.net\/tr\/wp-json\/wp\/v2\/media?parent=17032"}],"wp:term":[{"taxonomy":"product_brand","embeddable":true,"href":"https:\/\/www.hydraulic-cylinders.net\/tr\/wp-json\/wp\/v2\/product_brand?post=17032"},{"taxonomy":"product_cat","embeddable":true,"href":"https:\/\/www.hydraulic-cylinders.net\/tr\/wp-json\/wp\/v2\/product_cat?post=17032"},{"taxonomy":"product_tag","embeddable":true,"href":"https:\/\/www.hydraulic-cylinders.net\/tr\/wp-json\/wp\/v2\/product_tag?post=17032"}],"curies":[{"name":"wp","href":"https:\/\/api.w.org\/{rel}","templated":true}]}}