{"id":17038,"date":"2025-01-23T08:39:26","date_gmt":"2025-01-23T08:39:26","guid":{"rendered":"https:\/\/www.hydraulic-cylinders.net\/?post_type=product&#038;p=17038"},"modified":"2025-04-15T05:47:49","modified_gmt":"2025-04-15T05:47:49","slug":"hcyy11112015-telescopic-cylinder-for-environmental-protection","status":"publish","type":"product","link":"https:\/\/www.hydraulic-cylinders.net\/tr\/urun\/hcyy11112015-telescopic-cylinder-for-environmental-protection\/","title":{"rendered":"HCYY11112015 \u00c7evre Korumas\u0131 \u0130\u00e7in Teleskopik Silindir"},"content":{"rendered":"<h1 style=\"text-align: center;\"><strong>HCYY11112015 \u00c7evre Korumas\u0131 \u0130\u00e7in Teleskopik Silindir<\/strong><\/h1>\n<h1 style=\"text-align: center;\"><img loading=\"lazy\" decoding=\"async\" class=\"alignnone size-full wp-image-17040\" src=\"https:\/\/www.hydraulic-cylinders.net\/wp-content\/uploads\/2025\/01\/hcyy11112015-telescopic-cylinder-2.webp\" alt=\"\" width=\"1497\" height=\"514\" srcset=\"https:\/\/www.hydraulic-cylinders.net\/wp-content\/uploads\/2025\/01\/hcyy11112015-telescopic-cylinder-2.webp 1497w, https:\/\/www.hydraulic-cylinders.net\/wp-content\/uploads\/2025\/01\/hcyy11112015-telescopic-cylinder-2-1280x439.webp 1280w, https:\/\/www.hydraulic-cylinders.net\/wp-content\/uploads\/2025\/01\/hcyy11112015-telescopic-cylinder-2-980x336.webp 980w, https:\/\/www.hydraulic-cylinders.net\/wp-content\/uploads\/2025\/01\/hcyy11112015-telescopic-cylinder-2-480x165.webp 480w\" sizes=\"(min-width: 0px) and (max-width: 480px) 480px, (min-width: 481px) and (max-width: 980px) 980px, (min-width: 981px) and (max-width: 1280px) 1280px, (min-width: 1281px) 1497px, 100vw\" \/><\/h1>\n<p>HCYY11112015 Teleskopik Silindir, hem y\u00fcksek verimlilik hem de \u00e7evresel s\u00fcrd\u00fcr\u00fclebilirli\u011fe ba\u011fl\u0131l\u0131k gerektiren end\u00fcstriler i\u00e7in uzmanca tasarlanm\u0131\u015ft\u0131r. Bu son teknoloji \u00fcr\u00fcn\u00fc silindir, \u00e7evre dostu \u00f6zellikleriyle ola\u011fan\u00fcst\u00fc performans sunar ve in\u015faat, imalat ve at\u0131k y\u00f6netimi gibi \u00e7ok \u00e7e\u015fitli uygulamalar i\u00e7in ideal bir \u00e7\u00f6z\u00fcmd\u00fcr.<\/p>\n<p>Operasyonlar\u0131n\u0131z\u0131n zorlu gereksinimlerini kar\u015f\u0131lamakla kalmay\u0131p ayn\u0131 zamanda daha sa\u011fl\u0131kl\u0131 bir gezegene de katk\u0131da bulunan bir \u00fcr\u00fcn hayal edin. HCYY11112015 bu dengeyi zahmetsizce sa\u011fl\u0131yor. Yenilik\u00e7i tasar\u0131m\u0131, maksimum g\u00fc\u00e7 ve dayan\u0131kl\u0131l\u0131k sa\u011flayarak a\u011f\u0131r y\u00fcklerin ve zorlu ko\u015fullar\u0131n \u00fcstesinden kolayl\u0131kla gelmesini sa\u011fl\u0131yor.<\/p>\n<p>\u0130ster bir \u015fantiyede malzeme kald\u0131r\u0131yor, ister bir \u00fcretim tesisinde s\u00fcre\u00e7leri kolayla\u015ft\u0131r\u0131yor veya at\u0131klar\u0131 etkili bir \u015fekilde y\u00f6netiyor olun, bu teleskopik silindir en iyi tercih olarak \u00f6ne \u00e7\u0131k\u0131yor. End\u00fcstrilerin karbon ayak izlerini en aza indirirken verimli bir \u015fekilde \u00e7al\u0131\u015fmas\u0131n\u0131 sa\u011flarken, g\u00fcn\u00fcm\u00fcz\u00fcn \u00e7evre dostu giri\u015fimleriyle m\u00fckemmel bir uyum i\u00e7indedir.<\/p>\n<p>HCYY11112015 Teleskopik Silindir'i tercih edin ve end\u00fcstriyel zorluklara yakla\u015f\u0131m\u0131n\u0131zda devrim yaratacak g\u00fc\u00e7 ve s\u00fcrd\u00fcr\u00fclebilirli\u011fin m\u00fckemmel birle\u015fimini deneyimleyin. Performans ve \u00e7evresel sorumlulu\u011fun el ele gitti\u011fi bir gelece\u011fi kucaklay\u0131n.<\/p>\n<h2><strong>HCYY11112015 \u00c7evre Koruma \u0130\u00e7in Teleskopik Silindir Parametre:<\/strong><\/h2>\n<h1 style=\"text-align: center;\"><img loading=\"lazy\" decoding=\"async\" class=\"alignnone size-full wp-image-17039\" src=\"https:\/\/www.hydraulic-cylinders.net\/wp-content\/uploads\/2025\/01\/hcyy11112015-telescopic-cylinder-1.webp\" alt=\"\" width=\"1512\" height=\"142\" srcset=\"https:\/\/www.hydraulic-cylinders.net\/wp-content\/uploads\/2025\/01\/hcyy11112015-telescopic-cylinder-1.webp 1512w, https:\/\/www.hydraulic-cylinders.net\/wp-content\/uploads\/2025\/01\/hcyy11112015-telescopic-cylinder-1-1280x120.webp 1280w, https:\/\/www.hydraulic-cylinders.net\/wp-content\/uploads\/2025\/01\/hcyy11112015-telescopic-cylinder-1-980x92.webp 980w, https:\/\/www.hydraulic-cylinders.net\/wp-content\/uploads\/2025\/01\/hcyy11112015-telescopic-cylinder-1-480x45.webp 480w\" sizes=\"(min-width: 0px) and (max-width: 480px) 480px, (min-width: 481px) and (max-width: 980px) 980px, (min-width: 981px) and (max-width: 1280px) 1280px, (min-width: 1281px) 1512px, 100vw\" \/><\/h1>\n<h1 style=\"text-align: center;\"><img loading=\"lazy\" decoding=\"async\" class=\"alignnone size-full wp-image-17041\" src=\"https:\/\/www.hydraulic-cylinders.net\/wp-content\/uploads\/2025\/01\/hcyy11112015-telescopic-cylinder-3.webp\" alt=\"\" width=\"1477\" height=\"711\" srcset=\"https:\/\/www.hydraulic-cylinders.net\/wp-content\/uploads\/2025\/01\/hcyy11112015-telescopic-cylinder-3.webp 1477w, https:\/\/www.hydraulic-cylinders.net\/wp-content\/uploads\/2025\/01\/hcyy11112015-telescopic-cylinder-3-1280x616.webp 1280w, https:\/\/www.hydraulic-cylinders.net\/wp-content\/uploads\/2025\/01\/hcyy11112015-telescopic-cylinder-3-980x472.webp 980w, https:\/\/www.hydraulic-cylinders.net\/wp-content\/uploads\/2025\/01\/hcyy11112015-telescopic-cylinder-3-480x231.webp 480w\" sizes=\"(min-width: 0px) and (max-width: 480px) 480px, (min-width: 481px) and (max-width: 980px) 980px, (min-width: 981px) and (max-width: 1280px) 1280px, (min-width: 1281px) 1477px, 100vw\" \/> <img loading=\"lazy\" decoding=\"async\" class=\"alignnone size-full wp-image-17042\" src=\"https:\/\/www.hydraulic-cylinders.net\/wp-content\/uploads\/2025\/01\/hcyy11112015-telescopic-cylinder-4.webp\" alt=\"\" width=\"1479\" height=\"707\" srcset=\"https:\/\/www.hydraulic-cylinders.net\/wp-content\/uploads\/2025\/01\/hcyy11112015-telescopic-cylinder-4.webp 1479w, https:\/\/www.hydraulic-cylinders.net\/wp-content\/uploads\/2025\/01\/hcyy11112015-telescopic-cylinder-4-1280x612.webp 1280w, https:\/\/www.hydraulic-cylinders.net\/wp-content\/uploads\/2025\/01\/hcyy11112015-telescopic-cylinder-4-980x468.webp 980w, https:\/\/www.hydraulic-cylinders.net\/wp-content\/uploads\/2025\/01\/hcyy11112015-telescopic-cylinder-4-480x229.webp 480w\" sizes=\"(min-width: 0px) and (max-width: 480px) 480px, (min-width: 481px) and (max-width: 980px) 980px, (min-width: 981px) and (max-width: 1280px) 1280px, (min-width: 1281px) 1479px, 100vw\" \/> <img loading=\"lazy\" decoding=\"async\" class=\"alignnone size-full wp-image-17043\" src=\"https:\/\/www.hydraulic-cylinders.net\/wp-content\/uploads\/2025\/01\/hcyy11112015-telescopic-cylinder-5.webp\" alt=\"\" width=\"1465\" height=\"754\" srcset=\"https:\/\/www.hydraulic-cylinders.net\/wp-content\/uploads\/2025\/01\/hcyy11112015-telescopic-cylinder-5.webp 1465w, https:\/\/www.hydraulic-cylinders.net\/wp-content\/uploads\/2025\/01\/hcyy11112015-telescopic-cylinder-5-1280x659.webp 1280w, https:\/\/www.hydraulic-cylinders.net\/wp-content\/uploads\/2025\/01\/hcyy11112015-telescopic-cylinder-5-980x504.webp 980w, https:\/\/www.hydraulic-cylinders.net\/wp-content\/uploads\/2025\/01\/hcyy11112015-telescopic-cylinder-5-480x247.webp 480w\" sizes=\"(min-width: 0px) and (max-width: 480px) 480px, (min-width: 481px) and (max-width: 980px) 980px, (min-width: 981px) and (max-width: 1280px) 1280px, (min-width: 1281px) 1465px, 100vw\" \/><\/h1>\n<h2><strong>\u00c7evre Koruma \u0130\u00e7in Silindir Serisi:<\/strong><\/h2>\n<h2><img loading=\"lazy\" decoding=\"async\" class=\"alignnone size-full wp-image-17030\" src=\"https:\/\/www.hydraulic-cylinders.net\/wp-content\/uploads\/2025\/01\/cylinder-series-for-environmental-protection-scaled.webp\" alt=\"\" width=\"2044\" height=\"2560\" srcset=\"https:\/\/www.hydraulic-cylinders.net\/wp-content\/uploads\/2025\/01\/cylinder-series-for-environmental-protection-scaled.webp 2044w, https:\/\/www.hydraulic-cylinders.net\/wp-content\/uploads\/2025\/01\/cylinder-series-for-environmental-protection-1280x1603.webp 1280w, https:\/\/www.hydraulic-cylinders.net\/wp-content\/uploads\/2025\/01\/cylinder-series-for-environmental-protection-980x1227.webp 980w, https:\/\/www.hydraulic-cylinders.net\/wp-content\/uploads\/2025\/01\/cylinder-series-for-environmental-protection-480x601.webp 480w\" sizes=\"(min-width: 0px) and (max-width: 480px) 480px, (min-width: 481px) and (max-width: 980px) 980px, (min-width: 981px) and (max-width: 1280px) 1280px, (min-width: 1281px) 2044px, 100vw\" \/><\/h2>\n<h2><strong>HCYY11112015 Teleskopik Silindirin \u00c7evre Korumas\u0131 \u0130\u00e7in Temel \u00d6zellikleri:<\/strong><\/h2>\n<h4><strong>\u00c7evre Dostu Malzemeler<\/strong><\/h4>\n<p>HCYY11112015 Teleskopik Silindir, y\u00fcksek kaliteli, geri d\u00f6n\u00fc\u015ft\u00fcr\u00fclebilir bile\u015fenlerden \u00fcretilmi\u015ftir. Bu \u00f6zenli tasar\u0131m, \u00e7evresel etkiyi \u00f6nemli \u00f6l\u00e7\u00fcde azaltmakla kalmaz, ayn\u0131 zamanda d\u00f6ng\u00fcsel ekonomiyi de destekler. Bu silindiri se\u00e7erek, yeniden kullan\u0131labilen malzemeleri bilin\u00e7li bir \u015fekilde kullanmay\u0131 se\u00e7mi\u015f ve s\u00fcrd\u00fcr\u00fclebilir bir gelece\u011fe katk\u0131da bulunmu\u015f olursunuz.<\/p>\n<h4><strong>Enerji Verimlili\u011fi<\/strong><\/h4>\n<p>Dikkat \u00e7ekici derecede d\u00fc\u015f\u00fck enerji t\u00fcketimiyle \u00e7al\u0131\u015fan HCYY11112015, i\u015fletmelerin karbon ayak izlerini en aza indirirken operasyonel maliyetlerini d\u00fc\u015f\u00fcrmelerine yard\u0131mc\u0131 olur. Bu enerji tasarruflu tasar\u0131m, ekolojik sorumluluktan \u00f6d\u00fcn vermeden geli\u015fmi\u015f \u00fcretkenlik sa\u011flar ve s\u00fcrd\u00fcr\u00fclebilirlik hedeflerine sad\u0131k kalarak operasyonlar\u0131n\u0131 optimize etmek isteyen \u015firketler i\u00e7in ideal bir se\u00e7imdir.<\/p>\n<h4><strong>Geli\u015fmi\u015f S\u0131zd\u0131rmazl\u0131k Teknolojisi<\/strong><\/h4>\n<p>End\u00fcstriyel operasyonlarda g\u00fcvenlik ve uyumluluk en \u00f6nemli unsurlard\u0131r. HCYY11112015, s\u0131z\u0131nt\u0131lar\u0131 etkili bir \u015fekilde \u00f6nleyen geli\u015fmi\u015f bir s\u0131zd\u0131rmazl\u0131k sistemine sahiptir ve s\u00fcre\u00e7lerinizi ve \u00e7evreyi korur. Bu yenilik, s\u0131k\u0131 \u00e7evre d\u00fczenlemelerine uyumu garanti ederek, g\u00fcvenle ve istikrarl\u0131 bir \u015fekilde \u00e7al\u0131\u015fman\u0131za olanak tan\u0131r.<\/p>\n<h4><strong>Dayan\u0131kl\u0131 Yap\u0131<\/strong><\/h4>\n<p>En zorlu ko\u015fullara bile dayanacak \u015fekilde \u00fcretilen HCYY11112015, s\u0131k s\u0131k de\u011fi\u015ftirme ihtiyac\u0131n\u0131 b\u00fcy\u00fck \u00f6l\u00e7\u00fcde azaltan uzun bir kullan\u0131m \u00f6mr\u00fcne sahiptir. Bu dayan\u0131kl\u0131l\u0131k, g\u00fcvenilirli\u011fi art\u0131rman\u0131n yan\u0131 s\u0131ra zaman i\u00e7inde daha d\u00fc\u015f\u00fck bak\u0131m maliyetlerine de yol a\u00e7ar. Bu silindire yat\u0131r\u0131m yapmak, zaman\u0131n testinden ba\u015far\u0131yla ge\u00e7en bir \u00e7\u00f6z\u00fcme yat\u0131r\u0131m yapmak anlam\u0131na gelir.<\/p>\n<h4><strong>Kompakt Tasar\u0131m<\/strong><\/h4>\n<p>HCYY11112015'in teleskopik \u00f6zelli\u011fi, dar alanlarda sorunsuz entegrasyon sa\u011flayarak verimlilikten \u00f6d\u00fcn vermeden i\u015flevselli\u011fi en \u00fcst d\u00fczeye \u00e7\u0131kar\u0131r. Bu kompakt tasar\u0131m, onu \u00e7e\u015fitli uygulamalar i\u00e7in \u00e7ok y\u00f6nl\u00fc bir se\u00e7enek haline getirerek, i\u015fletmelerin i\u015f ak\u0131\u015flar\u0131n\u0131 optimize etmelerine ve alan\u0131 etkili bir \u015fekilde kullanmalar\u0131na olanak tan\u0131r.<\/p>\n<p>\u00d6zetle, HCYY11112015 Teleskopik Silindir sadece bir ekipman par\u00e7as\u0131 de\u011fil; g\u00fc\u00e7, verimlilik ve \u00e7evre bilincini b\u00fcnyesinde bar\u0131nd\u0131ran ileri g\u00f6r\u00fc\u015fl\u00fc bir \u00e7\u00f6z\u00fcmd\u00fcr. Bu silindiri se\u00e7erek, operasyonlar\u0131n\u0131z\u0131 g\u00fc\u00e7lendirirken gezegen \u00fczerinde olumlu bir etki yarat\u0131rs\u0131n\u0131z. Performans ve s\u00fcrd\u00fcr\u00fclebilirlikte m\u00fckemmel bir \u00fcr\u00fcnle fark\u0131 deneyimleyin ve end\u00fcstriyel uygulamalar\u0131n\u0131z\u0131 yeni zirvelere ta\u015f\u0131y\u0131n.<\/p>\n<h2><strong>Hcyy11112014 Sal\u0131ncak Kolu Silindirini \u00c7evre Dostu Yapan Nedir?<\/strong><\/h2>\n<p>HCYY11112015 Teleskopik Silindir, end\u00fcstriyel ortamlarda \u00e7evre korumas\u0131n\u0131 te\u015fvik etmek i\u00e7in dikkat \u00e7ekici bir \u00e7\u00f6z\u00fcm olarak \u00f6ne \u00e7\u0131k\u0131yor. \u0130\u015fte nas\u0131l \u00f6nemli bir etki yaratt\u0131\u011f\u0131:<\/p>\n<h4><strong>1. Geri D\u00f6n\u00fc\u015ft\u00fcr\u00fclebilir Malzemeler<\/strong><\/h4>\n<p>Y\u00fcksek kaliteli geri d\u00f6n\u00fc\u015ft\u00fcr\u00fclebilir bile\u015fenlerden \u00fcretilen HCYY11112015, at\u0131klar\u0131 etkili bir \u015fekilde azalt\u0131r ve d\u00f6ng\u00fcsel ekonomiyi destekler. \u0130\u015fletmeler bu silindiri tercih ederek operasyonlar\u0131n\u0131 geli\u015ftirir ve s\u00fcrd\u00fcr\u00fclebilir bir gelece\u011fe katk\u0131da bulunur. Bu \u00fcr\u00fcn\u00fcn her kullan\u0131m\u0131, \u00e7\u00f6pl\u00fcklere daha az malzeme gitmesi anlam\u0131na gelir ve gezegenimiz i\u00e7in olumlu bir fark yarat\u0131r.<\/p>\n<h4><strong>2. Enerji Verimlili\u011fi<\/strong><\/h4>\n<p>Bu teleskopik silindirin en etkileyici \u00f6zelliklerinden biri enerji verimlili\u011fidir. \u00d6nemli \u00f6l\u00e7\u00fcde azalt\u0131lm\u0131\u015f enerji t\u00fcketimiyle \u00e7al\u0131\u015fmas\u0131, i\u015fletme maliyetlerini d\u00fc\u015f\u00fcrmeye ve karbon ayak izini en aza indirmeye yard\u0131mc\u0131 olur. Bu, \u015firketler i\u00e7in kazan-kazan durumudur: S\u00fcrd\u00fcr\u00fclebilirlik taahh\u00fctlerini yerine getirirken tasarruf sa\u011flarlar. Hem k\u00e2rl\u0131l\u0131\u011f\u0131n\u0131z hem de \u00e7evre \u00fczerindeki olumlu etkiyi hayal edin!<\/p>\n<h4><strong>3. S\u0131z\u0131nt\u0131 \u00d6nleme<\/strong><\/h4>\n<p>G\u00fcvenlik ve uyumluluk her end\u00fcstriyel operasyonda hayati \u00f6nem ta\u015f\u0131r ve HCYY11112015 bu alanda m\u00fckemmeldir. Geli\u015fmi\u015f s\u0131zd\u0131rmazl\u0131k teknolojisi, s\u0131z\u0131nt\u0131lar\u0131 etkili bir \u015fekilde \u00f6nleyerek tehlikeli maddelerin i\u00e7eride kalmas\u0131n\u0131 sa\u011flar. Bu, \u00e7evreyi korur ve i\u015fletmelerin s\u0131k\u0131 d\u00fczenlemelere uymas\u0131na yard\u0131mc\u0131 olarak sorumluluk ve \u00f6zen k\u00fclt\u00fcr\u00fcn\u00fc te\u015fvik eder.<\/p>\n<h4><strong>4. Dayan\u0131kl\u0131l\u0131k<\/strong><\/h4>\n<p>En zorlu ko\u015fullara dayanacak \u015fekilde \u00fcretilen HCYY11112015, etkileyici bir kullan\u0131m \u00f6mr\u00fcne sahiptir. Bu dayan\u0131kl\u0131l\u0131k, zaman i\u00e7inde daha az yedek par\u00e7a ve daha az at\u0131k anlam\u0131na gelir ve \u015firketlerin uzun \u00f6m\u00fcrl\u00fc ekipmanlara yat\u0131r\u0131m yapmalar\u0131na olanak tan\u0131r. \u0130\u015fletmeler, yedek par\u00e7a s\u0131kl\u0131\u011f\u0131n\u0131 azaltarak kaynak t\u00fcketimini de azaltabilir ve \u00e7evrenin korunmas\u0131na daha fazla katk\u0131da bulunabilir.<\/p>\n<h4><strong>5. Alan Verimlili\u011fi<\/strong><\/h4>\n<p>HCYY11112015'in teleskopik \u00f6zelli\u011fi, dar alanlara kusursuz entegrasyon sa\u011flayarak verimlilikten \u00f6d\u00fcn vermeden i\u015flevselli\u011fi en \u00fcst d\u00fczeye \u00e7\u0131kar\u0131r. Bu kompakt tasar\u0131m, i\u015fletmelerin i\u015f ak\u0131\u015flar\u0131n\u0131 optimize etmelerine ve alan\u0131 etkili bir \u015fekilde kullanmalar\u0131na olanak tan\u0131r ve s\u00fcrd\u00fcr\u00fclebilirli\u011fin inovasyonla el ele gidebilece\u011fini kan\u0131tlar.<\/p>\n<p>\u00d6zetle, HCYY11112015 Teleskopik Silindir, end\u00fcstriyel bir aletten \u00e7ok daha fazlas\u0131d\u0131r; olumlu de\u011fi\u015fimin kataliz\u00f6r\u00fcd\u00fcr. \u00c7evre dostu malzemeler kullanarak, enerji verimlili\u011fini art\u0131rarak, s\u0131z\u0131nt\u0131 \u00f6nlemeyi garantileyerek ve dayan\u0131kl\u0131l\u0131k sa\u011flayarak, end\u00fcstrilerin s\u00fcrd\u00fcr\u00fclebilir bir \u015fekilde faaliyet g\u00f6stermesini sa\u011flar. Bu silindiri se\u00e7mek, hem performansa hem de \u00e7evre y\u00f6netimine ba\u011fl\u0131l\u0131k anlam\u0131na gelir. Gezegenimizi korurken operasyonlar\u0131n\u0131z\u0131 geli\u015ftirin - HCYY11112015'in d\u00f6n\u00fc\u015ft\u00fcr\u00fcc\u00fc faydalar\u0131n\u0131 bug\u00fcn deneyimleyin!<\/p>\n<h2><strong>Forklift Silindir \u00dcretim Alan\u0131:<\/strong><\/h2>\n<h2><img loading=\"lazy\" decoding=\"async\" class=\"alignnone size-full wp-image-16972\" src=\"https:\/\/www.hydraulic-cylinders.net\/wp-content\/uploads\/2025\/01\/hydraulic-cylinder-factory-1-scaled.webp\" alt=\"\" width=\"2016\" height=\"2560\" srcset=\"https:\/\/www.hydraulic-cylinders.net\/wp-content\/uploads\/2025\/01\/hydraulic-cylinder-factory-1-scaled.webp 2016w, https:\/\/www.hydraulic-cylinders.net\/wp-content\/uploads\/2025\/01\/hydraulic-cylinder-factory-1-1280x1625.webp 1280w, https:\/\/www.hydraulic-cylinders.net\/wp-content\/uploads\/2025\/01\/hydraulic-cylinder-factory-1-980x1244.webp 980w, https:\/\/www.hydraulic-cylinders.net\/wp-content\/uploads\/2025\/01\/hydraulic-cylinder-factory-1-480x610.webp 480w\" sizes=\"(min-width: 0px) and (max-width: 480px) 480px, (min-width: 481px) and (max-width: 980px) 980px, (min-width: 981px) and (max-width: 1280px) 1280px, (min-width: 1281px) 2016px, 100vw\" \/><\/h2>\n<p>Montaja adanm\u0131\u015f, son teknoloji \u00fcr\u00fcn\u00fc ba\u011f\u0131ms\u0131z bir Ar-Ge platformuna sahip olmam\u0131z, \u00fcretim s\u00fcre\u00e7lerimizde en \u00fcst d\u00fczey inovasyon ve kaliteyi garanti alt\u0131na almaktad\u0131r. Forklift silindiri \u00fcretim at\u00f6lyemizde, toplamda y\u0131lda bir milyon adede kadar \u00fcnite \u00fcretecek \u015fekilde tasarlanm\u0131\u015f d\u00f6rt adet yar\u0131 otomatik kald\u0131rma silindiri montaj hatt\u0131 ve tam otomatik bir devirme silindiri montaj hatt\u0131 bulunmaktad\u0131r.<\/p>\n<p>Ayr\u0131ca, \u00f6zel silindir at\u00f6lyemiz, y\u0131ll\u0131k 200.000 adet \u00fcretim kapasitesine sahip, \u00e7e\u015fitli \u00f6zelliklere g\u00f6re uyarlanm\u0131\u015f yar\u0131 otomatik temizleme ve montaj sistemleriyle donat\u0131lm\u0131\u015ft\u0131r. Y\u00fcksek hassasiyetli silindir i\u015fleme i\u00e7in tan\u0131nm\u0131\u015f CNC ekipmanlar\u0131, i\u015fleme merkezleri ve \u00f6zel aletler kullan\u0131yoruz. Tesisimizde ayr\u0131ca geli\u015fmi\u015f robotik kaynak makineleri, otomatik temizleme sistemleri ve tam otomatik silindir montaj ve boyama hatlar\u0131 bulunmaktad\u0131r. 300'den fazla \u00f6nemli ekipman\u0131m\u0131zla, kaynak tahsisini optimize ediyor ve verimli kullan\u0131m sa\u011flayarak, s\u0131k\u0131 hassasiyet ve kalite standartlar\u0131n\u0131 kar\u015f\u0131l\u0131yoruz.<\/p>\n<p>Tala\u015fl\u0131 imalat at\u00f6lyemizde \u00f6zel e\u011fimli k\u0131lavuz rayl\u0131 torna tezgahlar\u0131, i\u015fleme merkezleri, y\u00fcksek h\u0131zl\u0131 honlama makineleri, kaynak robotlar\u0131 ve di\u011fer temel ekipmanlar bulunmaktad\u0131r. Bu kurulum, maksimum i\u00e7 \u00e7ap\u0131 400 mm ve uzunlu\u011fu 6 metreye kadar olan silindir borular\u0131n\u0131n i\u015flenmesini sa\u011flayarak \u00fcretim kapasitemizi daha da art\u0131rmam\u0131z\u0131 sa\u011flar.<\/p>\n<h2><img loading=\"lazy\" decoding=\"async\" class=\"alignnone size-full wp-image-16973\" src=\"https:\/\/www.hydraulic-cylinders.net\/wp-content\/uploads\/2025\/01\/hydraulic-cylinder-factory-2-scaled.webp\" alt=\"\" width=\"2011\" height=\"2560\" srcset=\"https:\/\/www.hydraulic-cylinders.net\/wp-content\/uploads\/2025\/01\/hydraulic-cylinder-factory-2-scaled.webp 2011w, https:\/\/www.hydraulic-cylinders.net\/wp-content\/uploads\/2025\/01\/hydraulic-cylinder-factory-2-1280x1629.webp 1280w, https:\/\/www.hydraulic-cylinders.net\/wp-content\/uploads\/2025\/01\/hydraulic-cylinder-factory-2-980x1248.webp 980w, https:\/\/www.hydraulic-cylinders.net\/wp-content\/uploads\/2025\/01\/hydraulic-cylinder-factory-2-480x611.webp 480w\" sizes=\"(min-width: 0px) and (max-width: 480px) 480px, (min-width: 481px) and (max-width: 980px) 980px, (min-width: 981px) and (max-width: 1280px) 1280px, (min-width: 1281px) 2011px, 100vw\" \/><\/h2>\n<p>K\u00fc\u00e7\u00fck ve orta boy silindirler i\u00e7in \u00f6zel olarak tasarlanm\u0131\u015f, otomatik y\u00fckleme, bo\u015faltma ve p\u00fcsk\u00fcrtme robotlar\u0131na sahip, tam otomatik su bazl\u0131 boya kaplama hatt\u0131m\u0131z bulunmaktad\u0131r. Bu son teknoloji sistem, vardiya ba\u015f\u0131na 4.000 adet \u00fcretim kapasitesine sahiptir. Ayr\u0131ca, b\u00fcy\u00fck \u00f6l\u00e7ekli silindirler i\u00e7in zincir tahrikli, vardiya ba\u015f\u0131na 60 kasa tasar\u0131m kapasitesine sahip yar\u0131 otomatik bir boyama hatt\u0131m\u0131z da bulunmaktad\u0131r.<\/p>\n<p>\u00dcr\u00fcn performans\u0131n\u0131 art\u0131rmak ve hidrolik silindir sekt\u00f6r\u00fcndeki liderli\u011fimizi peki\u015ftirmek i\u00e7in, hidrolik silindirler, valfler ve pompalara \u00f6zel kapsaml\u0131 bir performans laboratuvar\u0131 kurmak \u00fczere ZJIMEE ile ortakl\u0131k kurduk. Bu geli\u015fmi\u015f laboratuvar, elektro-hidrolik teknolojili bilgisayar destekli testler kullanarak, do\u011frulu\u011fu ve sistem \u00e7ok y\u00f6nl\u00fcl\u00fc\u011f\u00fcn\u00fc art\u0131ran \u00f6nceden ayarlanm\u0131\u015f test ko\u015fullar\u0131 sunar. Otomatik veri toplama s\u00fcreci, i\u00e7 s\u0131z\u0131nt\u0131 ve y\u00fck verimlili\u011fi gibi \u00e7\u0131kt\u0131 verilerini toplamak i\u00e7in sens\u00f6rler kullan\u0131r ve bu veriler daha sonra bir bilgisayar taraf\u0131ndan i\u015flenerek standart birimlere (ml\/dak%) d\u00f6n\u00fc\u015ft\u00fcr\u00fcl\u00fcr.<\/p>\n<p>Ayr\u0131ca, hidrolik sistemlerimizin g\u00fcvenli\u011fini sa\u011flamak i\u00e7in ya\u011f s\u0131cakl\u0131\u011f\u0131, s\u0131v\u0131 seviyesi ve filtre cihaz\u0131 durumu gibi temel performans parametreleri i\u00e7in durum izleme sistemi uyguluyoruz. Hidrolik silindir test stand\u0131m\u0131z, hassas \u00f6l\u00e7\u00fcmler arac\u0131l\u0131\u011f\u0131yla \"y\u00fck verimlili\u011fi\" ve \"i\u00e7 s\u0131z\u0131nt\u0131\" de\u011ferlerini de\u011ferlendirebilir. Ayr\u0131ca, hidrolik silindir \u00fcr\u00fcnleri i\u00e7in t\u00fcm test gerekliliklerine uyumu garanti eden ulusal standartlar\u0131 kar\u015f\u0131layan bir \u0131zgara cetveli \u00f6l\u00e7\u00fcm cihaz\u0131 ile donat\u0131lm\u0131\u015ft\u0131r.<\/p>\n<p>&nbsp;<\/p>","protected":false},"excerpt":{"rendered":"<p>HCYY11112015 Telescopic Cylinder For Environmental Protection The HCYY11112015 Telescopic Cylinder is expertly designed for industries that demand both high efficiency and a commitment to environmental sustainability. This cutting-edge cylinder delivers exceptional performance while incorporating eco-friendly features, making it an ideal solution for a wide range of applications, including construction, manufacturing, and waste management. Imagine a [&hellip;]<\/p>","protected":false},"featured_media":17045,"comment_status":"open","ping_status":"closed","template":"","meta":{"_et_pb_use_builder":"","_et_pb_old_content":"","_et_gb_content_width":""},"product_brand":[],"product_cat":[1550,1486,1552,1376,1393],"product_tag":[],"class_list":{"0":"post-17038","1":"product","2":"type-product","3":"status-publish","4":"has-post-thumbnail","6":"product_cat-double-acting-hydraulic-cylinder","7":"product_cat-sanitation-machinery-hydraulic-cylinders","8":"product_cat-stainless-steel-hydraulic-cylinder","9":"product_cat-hydraulic-cylinder","10":"product_cat-telescopic-hydraulic-cylinder","12":"first","13":"instock","14":"shipping-taxable","15":"product-type-simple"},"amp_enabled":true,"_links":{"self":[{"href":"https:\/\/www.hydraulic-cylinders.net\/tr\/wp-json\/wp\/v2\/product\/17038","targetHints":{"allow":["GET"]}}],"collection":[{"href":"https:\/\/www.hydraulic-cylinders.net\/tr\/wp-json\/wp\/v2\/product"}],"about":[{"href":"https:\/\/www.hydraulic-cylinders.net\/tr\/wp-json\/wp\/v2\/types\/product"}],"replies":[{"embeddable":true,"href":"https:\/\/www.hydraulic-cylinders.net\/tr\/wp-json\/wp\/v2\/comments?post=17038"}],"wp:featuredmedia":[{"embeddable":true,"href":"https:\/\/www.hydraulic-cylinders.net\/tr\/wp-json\/wp\/v2\/media\/17045"}],"wp:attachment":[{"href":"https:\/\/www.hydraulic-cylinders.net\/tr\/wp-json\/wp\/v2\/media?parent=17038"}],"wp:term":[{"taxonomy":"product_brand","embeddable":true,"href":"https:\/\/www.hydraulic-cylinders.net\/tr\/wp-json\/wp\/v2\/product_brand?post=17038"},{"taxonomy":"product_cat","embeddable":true,"href":"https:\/\/www.hydraulic-cylinders.net\/tr\/wp-json\/wp\/v2\/product_cat?post=17038"},{"taxonomy":"product_tag","embeddable":true,"href":"https:\/\/www.hydraulic-cylinders.net\/tr\/wp-json\/wp\/v2\/product_tag?post=17038"}],"curies":[{"name":"wp","href":"https:\/\/api.w.org\/{rel}","templated":true}]}}